{"id":89253,"date":"2025-06-22T13:25:22","date_gmt":"2025-06-22T11:25:22","guid":{"rendered":"https:\/\/fit360.ee\/pood\/uncategorized\/vitmin-ashwagandha-120tabs\/"},"modified":"2025-08-13T07:35:12","modified_gmt":"2025-08-13T05:35:12","slug":"vitmin-ashwagandha-120tabs","status":"publish","type":"product","link":"https:\/\/fit360.ee\/en\/pood\/product-groups\/superfoods-health-foods-en\/ashwagandha-en\/vitmin-ashwagandha-120tabs\/","title":{"rendered":"VIT&amp;MIN + Ashwagandha (120tabs)"},"content":{"rendered":"<h2><strong>Vit&amp;Min + Ashwagandha<\/strong><\/h2>\n<p class=\"cm__text --bold\">OstroVit Vit&amp;Min + Ashwagandha on terviklik toidulisand, mis sisaldab kuni 19 v\u00e4\u00e4rtuslikku \u00fchendit &#8211; vitamiine, mineraale ja ashwagandhat. See on kergesti neelatavate tablettide kujul saadaval olev preparaat, mis on m\u00f5eldud inimestele, kes soovivad oma igap\u00e4evast toidusedeli v\u00e4\u00e4rtuslike ainetega t\u00e4iendada.<\/p>\n<ul class=\"cm__list\">\n<li><strong>Vitamiinide ja mineraalide allikas<\/strong>\u00a0\u2013 toidulisand sisaldab A- ja E-vitamiini, C- ja D-vitamiini ning B-vitamiine. Lisaks sisaldab preparaat mineraale nagu raud, tsink, mangaan, vask, jood ja seleen.<\/li>\n<li><strong>Sisaldab ashwagandha KSM-66<\/strong>\u00a0\u2013 preparaat varustab keha ashwagandha KSM-66 ekstraktiga, mis on standardiseeritud 5% vitanooliidideni.<\/li>\n<li><strong>1 portsjon = 2 tabletti.<\/strong><\/li>\n<li><strong>T\u00f5husus<\/strong>\u00a0\u2013 \u00fcks tootepakend sisaldab 60 portsjonit preparaati, mis on piisav kaheks kuuks regulaarseks lisatarbimiseks.<\/li>\n<li><strong>Mugav vorm<\/strong>\u00a0\u2013 preparaat on saadaval kergesti neelatavate tablettide kujul, et toidulisandit oleks probleemideta saadaval.<\/li>\n<\/ul>\n<h4 class=\"cm__heading\"><strong>OstroVit Vit&amp;Min + Ashwagandha &#8211; igak\u00fclgne toidulisand igap\u00e4evasele toidule<\/strong><\/h4>\n<p>Ashwagandha \u2013 ekstrakt maavitsaliste sugukonda kuuluva taime juurest, tuntud ka kui withania somnifera v\u00f5i India \u017een\u0161enn. Ashwagandha juurt iseloomustab v\u00e4\u00e4rtuslike ainete rohkus, mis on muuhulgas vitanoolide allikas. OstroViti preparaat kasutab ashwagandhat KSM-66, mis on turul saadaolevatest ashwagandha ekstraktidest k\u00f5ige paremini testitud. Erinevalt t\u00f6\u00f6stuses tavaliselt kasutatavatest ashwagandha lehtede ekstraktidest on KSM-66 valmistatud ainult taime juurtest, st osadest, mis sisaldavad k\u00f5ige rohkem v\u00e4\u00e4rtuslikke koostisosi, millel on positiivne m\u00f5ju toidulisandi kvaliteedile.<\/p>\n<p><strong>Vitamiinid<\/strong>\u00a0on eksogeensed ained, mida organism peab saama toiduga, kuna organism ei suuda neid ise toota. Need on \u00fchendid, millel ei ole toitumis- ega energiafunktsiooni, kuid mis on sellegipoolest vajalikud organismi n\u00f5uetekohaseks toimimiseks. OstroViti preparaadis v\u00f5ib leida selliseid vitamiine nagu A-vitamiin, C-vitamiin, E-vitamiin, D-vitamiin, aga ka B-vitamiine &#8211; tiamiini, riboflaviini, niatsiini, pantoteenhapet, B6-vitamiini, foolhapet, biotiini ja B12-vitamiini.<\/p>\n<p><strong>Mineraalid<\/strong>\u00a0on r\u00fchm toitaineid, mida inimkeha ise ei s\u00fcnteesi ja mida tuleb organismile tarnida v\u00e4ljastpoolt, igap\u00e4evase toidu ja\/v\u00f5i toidulisanditega. Need on \u00fchendid, mis ei ole energiaallikas, kuid on vajalikud organismi n\u00f5uetekohaseks toimimiseks. OstroViti toidulisand kasutab mineraale nagu raud, tsink, mangaan, vask, jood ja seleen k\u00f5rge biosaadavusega vormis.<\/p>\n<h4 class=\"cm__heading\"><strong>OstroVit Vit&amp;Min + Ashwagandha koostisosade omadused<\/strong><\/h4>\n<p><strong>A-vitamiin<\/strong>\u00a0aitab kaasa normaalse n\u00e4gemise s\u00e4ilitamisele,\u00a0<a href=\"https:\/\/fit360.ee\/en\/product-category\/product-groups\/vitamins-and-minerals-en\/c-vitamin-en\/\"><strong>C-vitamiin<\/strong><\/a>\u00a0aga normaalsele kollageeni tootmisele veresoonte, luude, k\u00f5hrede, hammaste, igemete ja naha optimaalseks talitluseks.\u00a0<a href=\"https:\/\/fit360.ee\/en\/product-category\/product-groups\/vitamins-and-minerals-en\/d-vitamin-en\/\"><strong>D-vitamiin<\/strong><\/a>\u00a0aitab s\u00e4ilitada terveid luid ja hambaid ning lihaste normaalset talitlust,\u00a0<a href=\"https:\/\/fit360.ee\/en\/product-category\/product-groups\/vitamins-and-minerals-en\/e-vitamin-en\/\"><strong>E-vitamiin<\/strong><\/a>\u00a0aga toetab rakkude kaitset oks\u00fcdatiivse stressi eest.\u00a0<a href=\"https:\/\/fit360.ee\/en\/product-category\/product-groups\/vitamins-and-minerals-en\/b-vitamin-en\/\"><strong>B-vitamiinid<\/strong><\/a>\u00a0, n\u00e4iteks tiamiin v\u00f5i riboflaviin, aitavad v\u00e4hendada v\u00e4simust ja kurnatust,\u00a0<strong>vask<\/strong>\u00a0aga aitab s\u00e4ilitada naha ja juuste pigmentatsiooni.\u00a0<strong>Mangaan<\/strong>\u00a0aitab kaasa sidekudede n\u00f5uetekohasele moodustumisele,\u00a0<a href=\"https:\/\/fit360.ee\/en\/product-category\/product-groups\/vitamins-and-minerals-en\/iron-en\/\"><strong>raud<\/strong><\/a>\u00a0aga toetab optimaalsete kognitiivsete funktsioonide s\u00e4ilitamist.\u00a0<strong>Jood<\/strong>\u00a0aitab kaasa normaalsele energiavahetusele,\u00a0<a href=\"https:\/\/fit360.ee\/en\/product-category\/product-groups\/vitamins-and-minerals-en\/selen-en\/\"><strong>seleen<\/strong><\/a>\u00a0aitab kaasa kilpn\u00e4\u00e4rme normaalsele talitlusele ja\u00a0<a href=\"https:\/\/fit360.ee\/en\/product-category\/product-groups\/vitamins-and-minerals-en\/zinc-en\/\"><strong>tsink<\/strong><\/a>\u00a0aitab kaasa optimaalsele DNA s\u00fcnteesile.<\/p>\n<p><strong>Koostisosad<\/strong>: Sidrunhappe magneesiumisoolad, ashwagandha juureekstrakt (Withania somnifera L. Dunal) &#8211; KSM-66 Ashwagandha\u00ae, standardiseeritud 5% vitanooliidide sisaldusega, t\u00e4iteaine: mikrokristalne tselluloos; kaltsiumkarbonaat, maltodekstriin, L-askorbiinhape, t\u00e4rklis, raud(II) bisgl\u00fctsinaat, tsinkpikolinaat, DL-alfa-tokofer\u00fc\u00fclatsetaat, paakumisvastased ained: r\u00e4nidioksiid, rasvhapete magneesiumisoolad; inositoolheksanikotinaat, mangaanbisgl\u00fctsinaat, L-selenometioniin, vaskbisgl\u00fctsinaat, retin\u00fc\u00fclatsetaat, kaltsium-D-pantotenaat, kolekaltsiferool, riboflaviin, p\u00fcridoksiinvesinikkloriid, tiamiinvesinikkloriid, ptero\u00fc\u00fclmonoglutaamhape, kaaliumjodiid, D-biotiin, ts\u00fcanokobalamiin.<\/p>\n<p>Toode v\u00f5ib sisaldada piima (sh laktoosi), sojaubasid, maap\u00e4hkleid, muid p\u00e4hkleid, seesamiseemneid, gluteeni sisaldavaid teravilju, mune, koorikloomi, kala.<\/p>\n<p><strong>Kasutamine<\/strong>: Tarbida 1 portsjon (2 tabletti) p\u00e4evas. Toode on m\u00f5eldud t\u00e4iskasvanutele.<\/p>\n<p><strong>Suurus<\/strong>: 120 tabletti &#8211; 60 serveeringut.<\/p>\n<table>\n<tbody>\n<tr>\n<th>Toimeained<\/th>\n<th>Portsjoni kohta<\/th>\n<th>% SPK*<\/th>\n<\/tr>\n<tr>\n<td>Ashwagandha KSM-66 juureekstrakt:<\/td>\n<td>200 mg<\/td>\n<td>&#8211;<\/td>\n<\/tr>\n<tr class=\"sub\">\n<td>&#8211; millest vitanoliide (5%)<\/td>\n<td>10 mg<\/td>\n<td>&#8211;<\/td>\n<\/tr>\n<tr>\n<td>C-vitamiin<\/td>\n<td>20 mg<\/td>\n<td>25%<\/td>\n<\/tr>\n<tr>\n<td>Niatsiin<\/td>\n<td>4 mg<\/td>\n<td>25%<\/td>\n<\/tr>\n<tr>\n<td>Raud<\/td>\n<td>3,5 mg<\/td>\n<td>25%<\/td>\n<\/tr>\n<tr>\n<td>E-vitamiin<\/td>\n<td>3 mg<\/td>\n<td>25%<\/td>\n<\/tr>\n<tr>\n<td>Tsink<\/td>\n<td>2,5 mg<\/td>\n<td>25%<\/td>\n<\/tr>\n<tr>\n<td>Pantoteenhape<\/td>\n<td>1,5 mg<\/td>\n<td>25%<\/td>\n<\/tr>\n<tr>\n<td>Mangaan<\/td>\n<td>0,5 mg<\/td>\n<td>25%<\/td>\n<\/tr>\n<tr>\n<td>Riboflaviin<\/td>\n<td>0,35 mg<\/td>\n<td>25%<\/td>\n<\/tr>\n<tr>\n<td>Vitamiin B6<\/td>\n<td>0,35 mg<\/td>\n<td>25%<\/td>\n<\/tr>\n<tr>\n<td>Tiamiin<\/td>\n<td>0,275 mg<\/td>\n<td>25%<\/td>\n<\/tr>\n<tr>\n<td>Vask<\/td>\n<td>0,25 mg<\/td>\n<td>25%<\/td>\n<\/tr>\n<tr>\n<td>A-vitamiin<\/td>\n<td>200 \u03bcg<\/td>\n<td>25%<\/td>\n<\/tr>\n<tr>\n<td>Foolhape<\/td>\n<td>50 \u03bcg<\/td>\n<td>25%<\/td>\n<\/tr>\n<tr>\n<td>Jood<\/td>\n<td>37,5 \u03bcg<\/td>\n<td>25%<\/td>\n<\/tr>\n<tr>\n<td>Seleen<\/td>\n<td>13,75 \u03bcg<\/td>\n<td>25%<\/td>\n<\/tr>\n<tr>\n<td>Biotiin<\/td>\n<td>12,5 \u03bcg<\/td>\n<td>25%<\/td>\n<\/tr>\n<tr>\n<td>D-vitamiin<\/td>\n<td>1,25 \u03bcg<\/td>\n<td>25%<\/td>\n<\/tr>\n<tr>\n<td>Vitamiin B12<\/td>\n<td>0,625 \u03bcg<\/td>\n<td>25%<\/td>\n<\/tr>\n<\/tbody>\n<\/table>\n<p>*SPK &#8211; Soovitatud P\u00e4evane Kogus<\/p>\n<p>Vaata ka meie Teisi Multivitamiine <a href=\"https:\/\/fit360.ee\/en\/product-category\/product-groups\/vitamins-and-minerals-en\/multivitamins-en\/\"><strong>SIIT<\/strong><\/a> v\u00f5i Ashwagandha tooteid <a href=\"https:\/\/fit360.ee\/en\/product-category\/product-groups\/superfoods-health-foods-en\/ashwagandha-en\/\"><strong>SIIT<\/strong><\/a>!<\/p>\n<p>Soovid kaupa osta suuremas koguses? Vaata antud toodet meie HULGI lehelt\u00a0<a href=\"https:\/\/toidulisandidhulgi.ee\/tooted\/vitmin-ashwagandha-120tabs\/\"><strong>SIIT<\/strong><\/a>!<\/p>\n","protected":false},"excerpt":{"rendered":"<ul>\n<li data-start=\"131\" data-end=\"164\">T\u00f5stab energiataset ja eluj\u00f5udu<\/li>\n<li data-start=\"131\" data-end=\"164\">Aitab v\u00e4hendada stressi ja pinget<\/li>\n<li data-start=\"131\" data-end=\"164\">Toetab immuunsust ja n\u00e4rvis\u00fcsteemi<\/li>\n<li data-start=\"131\" data-end=\"164\">Sisaldab olulisi vitamiine ja mineraale<\/li>\n<li data-start=\"131\" data-end=\"164\">KSM-66 Ashwagandha \u2013 kliiniliselt uuritud<\/li>\n<li data-start=\"131\" data-end=\"164\">Sobib igap\u00e4evaseks \u00fcldiseks tervise toetuseks<\/li>\n<\/ul>\n","protected":false},"featured_media":89252,"comment_status":"open","ping_status":"closed","template":"","meta":[],"product_brand":[],"product_cat":[2347,2251,2255,1911,1913,2283,2665,1917,1329,2244,1454,536,2275,2295],"product_tag":[2182,1924,5844],"giftcard-category":[],"class_list":{"0":"post-89253","1":"product","2":"type-product","3":"status-publish","4":"has-post-thumbnail","6":"product_cat-ashwagandha-en","7":"product_cat-b-vitamin-en","8":"product_cat-biotin-en","9":"product_cat-c-vitamin-en","10":"product_cat-d-vitamin-en","11":"product_cat-e-vitamin-en","12":"product_cat-iron-en","13":"product_cat-multivitamins-en","14":"product_cat-ostrovit-en","15":"product_cat-selen-en","16":"product_cat-superfoods-health-foods-en","17":"product_cat-vitamins-and-minerals-en","18":"product_cat-zinc-en","19":"product_cat-zma-en","20":"product_tag-ashwagandha-en","21":"product_tag-ostrovit-en","22":"product_tag-vitmin-ashwagandha-en","23":"pa_kogus-120-tablets","24":"pa_toidulisand-branddd-ostrovit","25":"pa_tootegruppp-ashwagandha-en","26":"pa_tootegruppp-b-vitamiin-en","27":"pa_tootegruppp-biotiin-en","28":"pa_tootegruppp-c-vitamiin-en","29":"pa_tootegruppp-d-vitamiin-en","30":"pa_tootegruppp-e-vitamiin-en","31":"pa_tootegruppp-multivitamiinid-en","32":"pa_tootegruppp-raud-en","33":"pa_tootegruppp-seleen-en","34":"pa_tootegruppp-supertoit-tervisetoit-en","35":"pa_tootegruppp-tsink-en","36":"pa_tootegruppp-vitamins-and-minerals","37":"pa_tootegruppp-zma-en","39":"first","40":"outofstock","41":"sale","42":"taxable","43":"shipping-taxable","44":"purchasable","45":"product-type-simple"},"yoast_head":"<!-- This site is optimized with the Yoast SEO plugin v27.3 - https:\/\/yoast.com\/product\/yoast-seo-wordpress\/ -->\n<title>VIT&amp;MIN + Ashwagandha (120tabs) - Parim Hind - Kiire Tarne - Fit360<\/title>\n<meta name=\"description\" content=\"OstroVit Vit&amp;Min + Ashwagandha on terviklik toidulisand, mis sisaldab kuni 19 v\u00e4\u00e4rtuslikku \u00fchendit - vitamiine, mineraale ja ashwagandhat. See on kerge...\" \/>\n<meta name=\"robots\" content=\"index, follow, max-snippet:-1, max-image-preview:large, max-video-preview:-1\" \/>\n<link rel=\"canonical\" href=\"https:\/\/fit360.ee\/en\/pood\/product-groups\/superfoods-health-foods-en\/ashwagandha-en\/vitmin-ashwagandha-120tabs\/\" \/>\n<meta property=\"og:locale\" content=\"en_US\" \/>\n<meta property=\"og:type\" content=\"article\" \/>\n<meta property=\"og:title\" content=\"VIT&amp;MIN + Ashwagandha (120tabs) - Parim Hind - Kiire Tarne - Fit360\" \/>\n<meta property=\"og:description\" content=\"OstroVit Vit&amp;Min + Ashwagandha on terviklik toidulisand, mis sisaldab kuni 19 v\u00e4\u00e4rtuslikku \u00fchendit - vitamiine, mineraale ja ashwagandhat. See on kerge...\" \/>\n<meta property=\"og:url\" content=\"https:\/\/fit360.ee\/en\/pood\/product-groups\/superfoods-health-foods-en\/ashwagandha-en\/vitmin-ashwagandha-120tabs\/\" \/>\n<meta property=\"og:site_name\" content=\"Fit360\" \/>\n<meta property=\"article:modified_time\" content=\"2025-08-13T05:35:12+00:00\" \/>\n<meta property=\"og:image\" content=\"https:\/\/fit360.ee\/wp-content\/uploads\/2025\/06\/vitmin-ashwagandha-fit360.ee-1.png\" \/>\n\t<meta property=\"og:image:width\" content=\"450\" \/>\n\t<meta property=\"og:image:height\" content=\"450\" \/>\n\t<meta property=\"og:image:type\" content=\"image\/png\" \/>\n<meta name=\"twitter:card\" content=\"summary_large_image\" \/>\n<meta name=\"twitter:label1\" content=\"Est. reading time\" \/>\n\t<meta name=\"twitter:data1\" content=\"4 minutes\" \/>\n<script type=\"application\/ld+json\" class=\"yoast-schema-graph\">{\"@context\":\"https:\\\/\\\/schema.org\",\"@graph\":[{\"@type\":\"WebPage\",\"@id\":\"https:\\\/\\\/fit360.ee\\\/en\\\/pood\\\/product-groups\\\/superfoods-health-foods-en\\\/ashwagandha-en\\\/vitmin-ashwagandha-120tabs\\\/\",\"url\":\"https:\\\/\\\/fit360.ee\\\/en\\\/pood\\\/product-groups\\\/superfoods-health-foods-en\\\/ashwagandha-en\\\/vitmin-ashwagandha-120tabs\\\/\",\"name\":\"VIT&amp;MIN + Ashwagandha (120tabs) - Parim Hind - Kiire Tarne - Fit360\",\"isPartOf\":{\"@id\":\"https:\\\/\\\/fit360.ee\\\/en\\\/#website\"},\"primaryImageOfPage\":{\"@id\":\"https:\\\/\\\/fit360.ee\\\/en\\\/pood\\\/product-groups\\\/superfoods-health-foods-en\\\/ashwagandha-en\\\/vitmin-ashwagandha-120tabs\\\/#primaryimage\"},\"image\":{\"@id\":\"https:\\\/\\\/fit360.ee\\\/en\\\/pood\\\/product-groups\\\/superfoods-health-foods-en\\\/ashwagandha-en\\\/vitmin-ashwagandha-120tabs\\\/#primaryimage\"},\"thumbnailUrl\":\"https:\\\/\\\/fit360.ee\\\/wp-content\\\/uploads\\\/2025\\\/06\\\/vitmin-ashwagandha-fit360.ee-1.png\",\"datePublished\":\"2025-06-22T11:25:22+00:00\",\"dateModified\":\"2025-08-13T05:35:12+00:00\",\"description\":\"OstroVit Vit&Min + Ashwagandha on terviklik toidulisand, mis sisaldab kuni 19 v\u00e4\u00e4rtuslikku \u00fchendit - vitamiine, mineraale ja ashwagandhat. See on kerge...\",\"breadcrumb\":{\"@id\":\"https:\\\/\\\/fit360.ee\\\/en\\\/pood\\\/product-groups\\\/superfoods-health-foods-en\\\/ashwagandha-en\\\/vitmin-ashwagandha-120tabs\\\/#breadcrumb\"},\"inLanguage\":\"en-US\",\"potentialAction\":[{\"@type\":\"ReadAction\",\"target\":[\"https:\\\/\\\/fit360.ee\\\/en\\\/pood\\\/product-groups\\\/superfoods-health-foods-en\\\/ashwagandha-en\\\/vitmin-ashwagandha-120tabs\\\/\"]}]},{\"@type\":\"ImageObject\",\"inLanguage\":\"en-US\",\"@id\":\"https:\\\/\\\/fit360.ee\\\/en\\\/pood\\\/product-groups\\\/superfoods-health-foods-en\\\/ashwagandha-en\\\/vitmin-ashwagandha-120tabs\\\/#primaryimage\",\"url\":\"https:\\\/\\\/fit360.ee\\\/wp-content\\\/uploads\\\/2025\\\/06\\\/vitmin-ashwagandha-fit360.ee-1.png\",\"contentUrl\":\"https:\\\/\\\/fit360.ee\\\/wp-content\\\/uploads\\\/2025\\\/06\\\/vitmin-ashwagandha-fit360.ee-1.png\",\"width\":450,\"height\":450,\"caption\":\"vit&min + ashwagandha - fit360.ee\"},{\"@type\":\"BreadcrumbList\",\"@id\":\"https:\\\/\\\/fit360.ee\\\/en\\\/pood\\\/product-groups\\\/superfoods-health-foods-en\\\/ashwagandha-en\\\/vitmin-ashwagandha-120tabs\\\/#breadcrumb\",\"itemListElement\":[{\"@type\":\"ListItem\",\"position\":1,\"name\":\"Home\",\"item\":\"https:\\\/\\\/fit360.ee\\\/en\\\/\"},{\"@type\":\"ListItem\",\"position\":2,\"name\":\"Shop\",\"item\":\"https:\\\/\\\/fit360.ee\\\/en\\\/shop\\\/\"},{\"@type\":\"ListItem\",\"position\":3,\"name\":\"VIT&amp;MIN + Ashwagandha (120tabs)\"}]},{\"@type\":\"WebSite\",\"@id\":\"https:\\\/\\\/fit360.ee\\\/en\\\/#website\",\"url\":\"https:\\\/\\\/fit360.ee\\\/en\\\/\",\"name\":\"Fit360\",\"description\":\"\",\"publisher\":{\"@id\":\"https:\\\/\\\/fit360.ee\\\/en\\\/#organization\"},\"potentialAction\":[{\"@type\":\"SearchAction\",\"target\":{\"@type\":\"EntryPoint\",\"urlTemplate\":\"https:\\\/\\\/fit360.ee\\\/en\\\/?s={search_term_string}\"},\"query-input\":{\"@type\":\"PropertyValueSpecification\",\"valueRequired\":true,\"valueName\":\"search_term_string\"}}],\"inLanguage\":\"en-US\"},{\"@type\":\"Organization\",\"@id\":\"https:\\\/\\\/fit360.ee\\\/en\\\/#organization\",\"name\":\"Fit360\",\"url\":\"https:\\\/\\\/fit360.ee\\\/en\\\/\",\"logo\":{\"@type\":\"ImageObject\",\"inLanguage\":\"en-US\",\"@id\":\"https:\\\/\\\/fit360.ee\\\/en\\\/#\\\/schema\\\/logo\\\/image\\\/\",\"url\":\"https:\\\/\\\/fit360.ee\\\/wp-content\\\/uploads\\\/2017\\\/01\\\/logo-fit360.png\",\"contentUrl\":\"https:\\\/\\\/fit360.ee\\\/wp-content\\\/uploads\\\/2017\\\/01\\\/logo-fit360.png\",\"width\":180,\"height\":66,\"caption\":\"Fit360\"},\"image\":{\"@id\":\"https:\\\/\\\/fit360.ee\\\/en\\\/#\\\/schema\\\/logo\\\/image\\\/\"}}]}<\/script>\n<!-- \/ Yoast SEO plugin. -->","yoast_head_json":{"title":"VIT&amp;MIN + Ashwagandha (120tabs) - Parim Hind - Kiire Tarne - Fit360","description":"OstroVit Vit&Min + Ashwagandha on terviklik toidulisand, mis sisaldab kuni 19 v\u00e4\u00e4rtuslikku \u00fchendit - vitamiine, mineraale ja ashwagandhat. See on kerge...","robots":{"index":"index","follow":"follow","max-snippet":"max-snippet:-1","max-image-preview":"max-image-preview:large","max-video-preview":"max-video-preview:-1"},"canonical":"https:\/\/fit360.ee\/en\/pood\/product-groups\/superfoods-health-foods-en\/ashwagandha-en\/vitmin-ashwagandha-120tabs\/","og_locale":"en_US","og_type":"article","og_title":"VIT&amp;MIN + Ashwagandha (120tabs) - Parim Hind - Kiire Tarne - Fit360","og_description":"OstroVit Vit&Min + Ashwagandha on terviklik toidulisand, mis sisaldab kuni 19 v\u00e4\u00e4rtuslikku \u00fchendit - vitamiine, mineraale ja ashwagandhat. See on kerge...","og_url":"https:\/\/fit360.ee\/en\/pood\/product-groups\/superfoods-health-foods-en\/ashwagandha-en\/vitmin-ashwagandha-120tabs\/","og_site_name":"Fit360","article_modified_time":"2025-08-13T05:35:12+00:00","og_image":[{"width":450,"height":450,"url":"https:\/\/fit360.ee\/wp-content\/uploads\/2025\/06\/vitmin-ashwagandha-fit360.ee-1.png","type":"image\/png"}],"twitter_card":"summary_large_image","twitter_misc":{"Est. reading time":"4 minutes"},"schema":{"@context":"https:\/\/schema.org","@graph":[{"@type":"WebPage","@id":"https:\/\/fit360.ee\/en\/pood\/product-groups\/superfoods-health-foods-en\/ashwagandha-en\/vitmin-ashwagandha-120tabs\/","url":"https:\/\/fit360.ee\/en\/pood\/product-groups\/superfoods-health-foods-en\/ashwagandha-en\/vitmin-ashwagandha-120tabs\/","name":"VIT&amp;MIN + Ashwagandha (120tabs) - Parim Hind - Kiire Tarne - Fit360","isPartOf":{"@id":"https:\/\/fit360.ee\/en\/#website"},"primaryImageOfPage":{"@id":"https:\/\/fit360.ee\/en\/pood\/product-groups\/superfoods-health-foods-en\/ashwagandha-en\/vitmin-ashwagandha-120tabs\/#primaryimage"},"image":{"@id":"https:\/\/fit360.ee\/en\/pood\/product-groups\/superfoods-health-foods-en\/ashwagandha-en\/vitmin-ashwagandha-120tabs\/#primaryimage"},"thumbnailUrl":"https:\/\/fit360.ee\/wp-content\/uploads\/2025\/06\/vitmin-ashwagandha-fit360.ee-1.png","datePublished":"2025-06-22T11:25:22+00:00","dateModified":"2025-08-13T05:35:12+00:00","description":"OstroVit Vit&Min + Ashwagandha on terviklik toidulisand, mis sisaldab kuni 19 v\u00e4\u00e4rtuslikku \u00fchendit - vitamiine, mineraale ja ashwagandhat. See on kerge...","breadcrumb":{"@id":"https:\/\/fit360.ee\/en\/pood\/product-groups\/superfoods-health-foods-en\/ashwagandha-en\/vitmin-ashwagandha-120tabs\/#breadcrumb"},"inLanguage":"en-US","potentialAction":[{"@type":"ReadAction","target":["https:\/\/fit360.ee\/en\/pood\/product-groups\/superfoods-health-foods-en\/ashwagandha-en\/vitmin-ashwagandha-120tabs\/"]}]},{"@type":"ImageObject","inLanguage":"en-US","@id":"https:\/\/fit360.ee\/en\/pood\/product-groups\/superfoods-health-foods-en\/ashwagandha-en\/vitmin-ashwagandha-120tabs\/#primaryimage","url":"https:\/\/fit360.ee\/wp-content\/uploads\/2025\/06\/vitmin-ashwagandha-fit360.ee-1.png","contentUrl":"https:\/\/fit360.ee\/wp-content\/uploads\/2025\/06\/vitmin-ashwagandha-fit360.ee-1.png","width":450,"height":450,"caption":"vit&min + ashwagandha - fit360.ee"},{"@type":"BreadcrumbList","@id":"https:\/\/fit360.ee\/en\/pood\/product-groups\/superfoods-health-foods-en\/ashwagandha-en\/vitmin-ashwagandha-120tabs\/#breadcrumb","itemListElement":[{"@type":"ListItem","position":1,"name":"Home","item":"https:\/\/fit360.ee\/en\/"},{"@type":"ListItem","position":2,"name":"Shop","item":"https:\/\/fit360.ee\/en\/shop\/"},{"@type":"ListItem","position":3,"name":"VIT&amp;MIN + Ashwagandha (120tabs)"}]},{"@type":"WebSite","@id":"https:\/\/fit360.ee\/en\/#website","url":"https:\/\/fit360.ee\/en\/","name":"Fit360","description":"","publisher":{"@id":"https:\/\/fit360.ee\/en\/#organization"},"potentialAction":[{"@type":"SearchAction","target":{"@type":"EntryPoint","urlTemplate":"https:\/\/fit360.ee\/en\/?s={search_term_string}"},"query-input":{"@type":"PropertyValueSpecification","valueRequired":true,"valueName":"search_term_string"}}],"inLanguage":"en-US"},{"@type":"Organization","@id":"https:\/\/fit360.ee\/en\/#organization","name":"Fit360","url":"https:\/\/fit360.ee\/en\/","logo":{"@type":"ImageObject","inLanguage":"en-US","@id":"https:\/\/fit360.ee\/en\/#\/schema\/logo\/image\/","url":"https:\/\/fit360.ee\/wp-content\/uploads\/2017\/01\/logo-fit360.png","contentUrl":"https:\/\/fit360.ee\/wp-content\/uploads\/2017\/01\/logo-fit360.png","width":180,"height":66,"caption":"Fit360"},"image":{"@id":"https:\/\/fit360.ee\/en\/#\/schema\/logo\/image\/"}}]}},"_links":{"self":[{"href":"https:\/\/fit360.ee\/en\/wp-json\/wp\/v2\/product\/89253","targetHints":{"allow":["GET"]}}],"collection":[{"href":"https:\/\/fit360.ee\/en\/wp-json\/wp\/v2\/product"}],"about":[{"href":"https:\/\/fit360.ee\/en\/wp-json\/wp\/v2\/types\/product"}],"replies":[{"embeddable":true,"href":"https:\/\/fit360.ee\/en\/wp-json\/wp\/v2\/comments?post=89253"}],"wp:featuredmedia":[{"embeddable":true,"href":"https:\/\/fit360.ee\/en\/wp-json\/wp\/v2\/media\/89252"}],"wp:attachment":[{"href":"https:\/\/fit360.ee\/en\/wp-json\/wp\/v2\/media?parent=89253"}],"wp:term":[{"taxonomy":"product_brand","embeddable":true,"href":"https:\/\/fit360.ee\/en\/wp-json\/wp\/v2\/product_brand?post=89253"},{"taxonomy":"product_cat","embeddable":true,"href":"https:\/\/fit360.ee\/en\/wp-json\/wp\/v2\/product_cat?post=89253"},{"taxonomy":"product_tag","embeddable":true,"href":"https:\/\/fit360.ee\/en\/wp-json\/wp\/v2\/product_tag?post=89253"},{"taxonomy":"giftcard-category","embeddable":true,"href":"https:\/\/fit360.ee\/en\/wp-json\/wp\/v2\/giftcard-category?post=89253"}],"curies":[{"name":"wp","href":"https:\/\/api.w.org\/{rel}","templated":true}]}}