{"id":89257,"date":"2025-06-22T13:25:23","date_gmt":"2025-06-22T11:25:23","guid":{"rendered":"https:\/\/fit360.ee\/pood\/uncategorized\/turmeric-black-pepper-ginger-vege-90caps\/"},"modified":"2026-01-21T16:49:20","modified_gmt":"2026-01-21T14:49:20","slug":"turmeric-black-pepper-ginger-vege-90caps","status":"publish","type":"product","link":"https:\/\/fit360.ee\/en\/pood\/product-groups\/%d0%b2%d0%b5%d0%b3%d0%b0%d0%bd\/vegan-capsules-en\/turmeric-black-pepper-ginger-vege-90caps\/","title":{"rendered":"Turmeric + Black Pepper + Ginger VEGE (90caps)"},"content":{"rendered":"<section class=\"cm__section\">\n<h2><strong>Kurkumiin + Must Pipar + Ingver<\/strong><\/h2>\n<p class=\"cm__text --bold\">OstroVit Kurkumiin + Must Pipar + Ingver VEGE on toidulisand, mis on kolme taimeekstrakti allikas. See on kergesti neelatavate kapslite kujul olev preparaat, mis on loodud inimestele, kes soovivad oma igap\u00e4evast toidusedeli v\u00e4\u00e4rtuslike \u00fchenditega t\u00e4iendada.<\/p>\n<ul class=\"cm__list\">\n<li><strong>Taimeekstraktide allikas<\/strong>\u00a0\u2013 \u00dcks portsjon toidulisandit annab organismile 300 mg kurkuminoidide sisaldusega kurkumi risoomiekstrakti, 100 mg ingverijuureekstrakti, mis on standardiseeritud 5% gingeroolide sisaldusega, ja 2,1 mg musta pipra viljaekstrakti, mis on standardiseeritud 95% piperiini sisaldusega.<\/li>\n<li><strong>1 portsjon = 1 kapsel<\/strong>\u00a0.<\/li>\n<li><strong>T\u00f5husus<\/strong>\u00a0\u2013 Toote pakend sisaldab 90 portsjonit preparaati, mis on piisav kolmeks kuuks regulaarseks toidulisandina tarbimiseks.<\/li>\n<li><strong>Mugav vorm<\/strong>\u00a0\u2013 Kergesti neelatavate kapslite kujul saadaval olev preparaat tagab toidulisandi probleemideta manustamise.<\/li>\n<\/ul>\n<h4 class=\"cm__heading\">OstroVit Kurkum + Must Pipar + Ingver VEGE &#8211; taimeekstraktide j\u00f5ud<\/h4>\n<p><strong>Kurkumi risoomiekstrakt<\/strong>\u00a0\u2013 mugula risoomist saadud ekstrakt, mida iseloomustab iseloomulik maitse ja aroom ning kollakasoran\u017e v\u00e4rvus. See on v\u00e4\u00e4rtuslik toimeainete allikas, millest olulisemad on kurkuminoidid, mille sisaldust OstroVitis kasutatav taimeekstrakt standardiseerib.<\/p>\n<p><strong>Musta pipra viljaekstrakt<\/strong>\u00a0\u2013 pipraliste sugukonda kuuluva taime viljadest saadud ekstrakt, mis on standardiseeritud 95% piperiini sisalduseni, st orgaanilise keemilise \u00fchendi sisalduseni, mis on alkaloid, mida leidub musta pipra vilja pealmises kihis.<\/p>\n<p><strong>Ingverijuure ekstrakt<\/strong>\u00a0\u2013 ingveriliste sugukonda kuuluva mitmeaastase taime juurest saadud ekstrakt. OstroViti preparaadis on ekstrakt standardiseeritud 5% gingeroolide, st pol\u00fcfenoolidena klassifitseeritud keemiliste \u00fchendite sisalduseni.<\/p>\n<p>OstroVitis kasutatavate taimeekstraktide toimeainete sisaldus on standardiseeritud, millel on positiivne m\u00f5ju toidulisandi kvaliteedile ja mis veelgi olulisem, tagab iga tooteportsjoni k\u00f5rge v\u00e4\u00e4rtuslike \u00fchendite sisalduse.<\/p>\n<h4 data-start=\"150\" data-end=\"218\"><strong data-start=\"150\" data-end=\"218\">Kurkumiin + must pipar + ingver \u2013 looduslik p\u00f5letikuvastane tugi<\/strong><\/h4>\n<p data-start=\"220\" data-end=\"545\">Kurkumiin on kurkuma toimeaine, millel on tuntud antioks\u00fcdantsed ja p\u00f5letikuvastased omadused. See aitab toetada liigeste, seedimise ja immuuns\u00fcsteemi normaalset toimimist. Kurkumiini imendumine kehasse on aga piiratud, mist\u00f5ttu on toodet t\u00e4iendatud musta pipra ekstraktiga (piperiin), mis suurendab imendumist mitmekordselt.<\/p>\n<p data-start=\"547\" data-end=\"896\">Ingver on samuti looduslik p\u00f5letikuvastane \u00fchend, mis toetab seedimist, v\u00e4hendab iiveldust ja aitab tasakaalustada immuunsust. Koos kurkumiini ja musta pipraga moodustab see t\u00f5husa kolmeosise koosluse, mis sobib h\u00e4sti igap\u00e4evaseks kasutamiseks nii aktiivsetele inimestele kui ka neile, kes otsivad looduslikku leevendust kehas esinevatele pingetele.<\/p>\n<p data-start=\"898\" data-end=\"1065\"><strong data-start=\"898\" data-end=\"916\">Kellele sobib?<\/strong><br data-start=\"916\" data-end=\"919\" \/>Toode sobib k\u00f5igile, kes soovivad toetada liigeste, seedimise ja \u00fcldise heaolu tasakaalu. Mugav kapslivorm v\u00f5imaldab lihtsat igap\u00e4evast tarbimist.<\/p>\n<\/section>\n<section class=\"cm__section\">\n<div class=\"cm__heading\"><strong>Laboris kinnitatud kvaliteet<\/strong><\/div>\n<p class=\"cm__text --bold\">Meie klientide tervise huvides testitakse meie valmistatud tooteid regulaarselt s\u00f5ltumatus akrediteeritud laboris, et tagada ja s\u00e4ilitada k\u00f5rgeim kvaliteet.<\/p>\n<p><strong>Koostisosad<\/strong>: Kurkumi risoomiekstrakt (Curcuma longa L.), standardiseeritud 95% kurkuminoidideni, ingverijuureekstrakt (Zingiber officinale Rosc.), standardiseeritud 5% gingeroolideni, t\u00e4iteaine: h\u00fcdroks\u00fcprop\u00fc\u00fclmet\u00fc\u00fcltselluloos; paakumisvastane aine: rasvhapete magneesiumisoolad; musta pipra viljaekstrakt (Piper nigrum L.), standardiseeritud 95% piperiinini.<\/p>\n<p>Toode v\u00f5ib sisaldada piima (sh laktoosi), soja, maap\u00e4hkleid, muid p\u00e4hkleid, seesamiseemneid, gluteeni sisaldavaid teravilju, mune, koorikloomi, kala.<\/p>\n<p><strong>Kasutamine<\/strong>: Tarbida 1 portsjon (1 kapsel) p\u00e4evas. Toode on m\u00f5eldud t\u00e4iskasvanutele.<\/p>\n<p>\u00c4rge \u00fcletage soovitatavat p\u00e4evast annust. Toidulisandit ei tohiks kasutada mitmekesise toitumise asendajana. Soovitatav on tasakaalustatud toitumine ja tervislik eluviis. \u00c4rge tarbige, kui olete allergiline m\u00f5ne toote koostisosa suhtes. Toodet ei tohiks kasutada lapsed, rasedad ja imetavad emad. Hoida v\u00e4ikelastele k\u00e4ttesaamatus kohas.<\/p>\n<p><strong>Suurus<\/strong>: 90 kapslit &#8211; 90 serveeringut.<\/p>\n<section class=\"projector__description--nutritional row\" data-selector=\".--nutritional\">\n<div class=\"col-12 col-md-10 col-lg-8\">\n<div class=\"--nutrit\">\n<div class=\"nutrition_table_wrapper\">\n<div class=\"table_wrapper\">\n<table>\n<tbody>\n<tr>\n<th>Toimeained<\/th>\n<th>Portsjoni kohta<\/th>\n<\/tr>\n<tr>\n<td>Kurkumi risoomiekstrakt<\/td>\n<td>300 mg<\/td>\n<\/tr>\n<tr class=\"sub\">\n<td>&#8211; sh kurkuminoidid (95%)<\/td>\n<td>285 mg<\/td>\n<\/tr>\n<tr>\n<td>Ingverijuure ekstrakt<\/td>\n<td>100 mg<\/td>\n<\/tr>\n<tr class=\"sub\">\n<td>&#8211; sh gingeroolid (5%)<\/td>\n<td>5 mg<\/td>\n<\/tr>\n<tr>\n<td>Musta pipra puuviljaekstrakt<\/td>\n<td>2,1 mg<\/td>\n<\/tr>\n<tr class=\"sub\">\n<td>&#8211; sealhulgas piperiin (95%)<\/td>\n<td>2 mg<\/td>\n<\/tr>\n<\/tbody>\n<\/table>\n<p>Vaata ka meie Teisi Supertoite <a href=\"https:\/\/fit360.ee\/en\/product-category\/product-groups\/superfoods-health-foods-en\/\"><strong>SIIT<\/strong><\/a> v\u00f5i Antioks\u00fcdante <a href=\"https:\/\/fit360.ee\/en\/product-category\/antioxidants-en\/\"><strong>SIIT<\/strong><\/a>!<\/p>\n<p>Soovid kaupa osta suuremas koguses? Vaata antud toodet meie HULGI lehelt\u00a0<a href=\"https:\/\/toidulisandidhulgi.ee\/tooted\/turmeric-black-pepper-ginger-vege-90caps\/\"><strong>SIIT<\/strong><\/a>!<\/p>\n<\/div>\n<\/div>\n<\/div>\n<\/div>\n<\/section>\n<\/section>\n","protected":false},"excerpt":{"rendered":"<ul>\n<li data-start=\"157\" data-end=\"193\">Toetab liigeste ja lihaste tervist<\/li>\n<li data-start=\"157\" data-end=\"193\">Tugev looduslik p\u00f5letikuvastane kooslus<\/li>\n<li data-start=\"157\" data-end=\"193\">Aitab seedimist ja v\u00e4hendab puhitusi<\/li>\n<li data-start=\"157\" data-end=\"193\">Must pipar parandab kurkumiini imendumist<\/li>\n<li data-start=\"157\" data-end=\"193\">Ingver toetab immuuns\u00fcsteemi ja tasakaalu<\/li>\n<li data-start=\"157\" data-end=\"193\">Sobib igap\u00e4evaseks heaolu toetuseks<\/li>\n<\/ul>\n","protected":false},"featured_media":89256,"comment_status":"open","ping_status":"closed","template":"","meta":[],"product_brand":[],"product_cat":[5311,530,5320,1329,2408,1454,2664,1201],"product_tag":[5847,1924,5848],"giftcard-category":[],"class_list":{"0":"post-89257","1":"product","2":"type-product","3":"status-publish","4":"has-post-thumbnail","6":"product_cat-antioxidants-en","7":"product_cat-fat-burners-en","8":"product_cat-for-immunity-en","9":"product_cat-ostrovit-en","10":"product_cat-stimulant-free-fat-burners-en","11":"product_cat-superfoods-health-foods-en","12":"product_cat-vegan-capsules-en","13":"product_cat-1201","14":"product_tag-kurkumiin-must-pipar-ingver-en","15":"product_tag-ostrovit-en","16":"product_tag-turmeric-black-pepper-ginger-en","17":"pa_kogus-90-capsules","18":"pa_toidulisand-branddd-ostrovit","19":"pa_tootegruppp-antioksudandid-en","20":"pa_tootegruppp-immuunsusteem-en","21":"pa_tootegruppp-stimulandivaba-en","22":"pa_tootegruppp-supertoit-tervisetoit-en","23":"pa_tootegruppp-weight-loss","25":"first","26":"outofstock","27":"sale","28":"taxable","29":"shipping-taxable","30":"purchasable","31":"product-type-simple"},"yoast_head":"<!-- This site is optimized with the Yoast SEO plugin v27.3 - https:\/\/yoast.com\/product\/yoast-seo-wordpress\/ -->\n<title>Turmeric + Black Pepper + Ginger VEGE (90caps) - Parim Hind - Fit360<\/title>\n<meta name=\"description\" content=\"OstroVit Kurkumiin + Must Pipar + Ingver VEGE on toidulisand, mis on kolme taimeekstrakti allikas. See on kergesti neelatavate kapslite kujul olev p...\" \/>\n<meta name=\"robots\" content=\"index, follow, max-snippet:-1, max-image-preview:large, max-video-preview:-1\" \/>\n<link rel=\"canonical\" href=\"https:\/\/fit360.ee\/en\/pood\/product-groups\/\u0432\u0435\u0433\u0430\u043d\/vegan-capsules-en\/turmeric-black-pepper-ginger-vege-90caps\/\" \/>\n<meta property=\"og:locale\" content=\"en_US\" \/>\n<meta property=\"og:type\" content=\"article\" \/>\n<meta property=\"og:title\" content=\"Turmeric + Black Pepper + Ginger VEGE (90caps) - Parim Hind - Fit360\" \/>\n<meta property=\"og:description\" content=\"OstroVit Kurkumiin + Must Pipar + Ingver VEGE on toidulisand, mis on kolme taimeekstrakti allikas. See on kergesti neelatavate kapslite kujul olev p...\" \/>\n<meta property=\"og:url\" content=\"https:\/\/fit360.ee\/en\/pood\/product-groups\/\u0432\u0435\u0433\u0430\u043d\/vegan-capsules-en\/turmeric-black-pepper-ginger-vege-90caps\/\" \/>\n<meta property=\"og:site_name\" content=\"Fit360\" \/>\n<meta property=\"article:modified_time\" content=\"2026-01-21T14:49:20+00:00\" \/>\n<meta property=\"og:image\" content=\"https:\/\/fit360.ee\/wp-content\/uploads\/2025\/06\/Kurkumiin-Must-Pipar-Ingver-fit360.ee-1.png\" \/>\n\t<meta property=\"og:image:width\" content=\"450\" \/>\n\t<meta property=\"og:image:height\" content=\"450\" \/>\n\t<meta property=\"og:image:type\" content=\"image\/png\" \/>\n<meta name=\"twitter:card\" content=\"summary_large_image\" \/>\n<meta name=\"twitter:label1\" content=\"Est. reading time\" \/>\n\t<meta name=\"twitter:data1\" content=\"3 minutes\" \/>\n<script type=\"application\/ld+json\" class=\"yoast-schema-graph\">{\"@context\":\"https:\\\/\\\/schema.org\",\"@graph\":[{\"@type\":\"WebPage\",\"@id\":\"https:\\\/\\\/fit360.ee\\\/en\\\/pood\\\/product-groups\\\/%d0%b2%d0%b5%d0%b3%d0%b0%d0%bd\\\/vegan-capsules-en\\\/turmeric-black-pepper-ginger-vege-90caps\\\/\",\"url\":\"https:\\\/\\\/fit360.ee\\\/en\\\/pood\\\/product-groups\\\/%d0%b2%d0%b5%d0%b3%d0%b0%d0%bd\\\/vegan-capsules-en\\\/turmeric-black-pepper-ginger-vege-90caps\\\/\",\"name\":\"Turmeric + Black Pepper + Ginger VEGE (90caps) - Parim Hind - Fit360\",\"isPartOf\":{\"@id\":\"https:\\\/\\\/fit360.ee\\\/en\\\/#website\"},\"primaryImageOfPage\":{\"@id\":\"https:\\\/\\\/fit360.ee\\\/en\\\/pood\\\/product-groups\\\/%d0%b2%d0%b5%d0%b3%d0%b0%d0%bd\\\/vegan-capsules-en\\\/turmeric-black-pepper-ginger-vege-90caps\\\/#primaryimage\"},\"image\":{\"@id\":\"https:\\\/\\\/fit360.ee\\\/en\\\/pood\\\/product-groups\\\/%d0%b2%d0%b5%d0%b3%d0%b0%d0%bd\\\/vegan-capsules-en\\\/turmeric-black-pepper-ginger-vege-90caps\\\/#primaryimage\"},\"thumbnailUrl\":\"https:\\\/\\\/fit360.ee\\\/wp-content\\\/uploads\\\/2025\\\/06\\\/Kurkumiin-Must-Pipar-Ingver-fit360.ee-1.png\",\"datePublished\":\"2025-06-22T11:25:23+00:00\",\"dateModified\":\"2026-01-21T14:49:20+00:00\",\"description\":\"OstroVit Kurkumiin + Must Pipar + Ingver VEGE on toidulisand, mis on kolme taimeekstrakti allikas. See on kergesti neelatavate kapslite kujul olev p...\",\"breadcrumb\":{\"@id\":\"https:\\\/\\\/fit360.ee\\\/en\\\/pood\\\/product-groups\\\/%d0%b2%d0%b5%d0%b3%d0%b0%d0%bd\\\/vegan-capsules-en\\\/turmeric-black-pepper-ginger-vege-90caps\\\/#breadcrumb\"},\"inLanguage\":\"en-US\",\"potentialAction\":[{\"@type\":\"ReadAction\",\"target\":[\"https:\\\/\\\/fit360.ee\\\/en\\\/pood\\\/product-groups\\\/%d0%b2%d0%b5%d0%b3%d0%b0%d0%bd\\\/vegan-capsules-en\\\/turmeric-black-pepper-ginger-vege-90caps\\\/\"]}]},{\"@type\":\"ImageObject\",\"inLanguage\":\"en-US\",\"@id\":\"https:\\\/\\\/fit360.ee\\\/en\\\/pood\\\/product-groups\\\/%d0%b2%d0%b5%d0%b3%d0%b0%d0%bd\\\/vegan-capsules-en\\\/turmeric-black-pepper-ginger-vege-90caps\\\/#primaryimage\",\"url\":\"https:\\\/\\\/fit360.ee\\\/wp-content\\\/uploads\\\/2025\\\/06\\\/Kurkumiin-Must-Pipar-Ingver-fit360.ee-1.png\",\"contentUrl\":\"https:\\\/\\\/fit360.ee\\\/wp-content\\\/uploads\\\/2025\\\/06\\\/Kurkumiin-Must-Pipar-Ingver-fit360.ee-1.png\",\"width\":450,\"height\":450,\"caption\":\"Kurkumiin + Must Pipar + Ingver - fit360.ee\"},{\"@type\":\"BreadcrumbList\",\"@id\":\"https:\\\/\\\/fit360.ee\\\/en\\\/pood\\\/product-groups\\\/%d0%b2%d0%b5%d0%b3%d0%b0%d0%bd\\\/vegan-capsules-en\\\/turmeric-black-pepper-ginger-vege-90caps\\\/#breadcrumb\",\"itemListElement\":[{\"@type\":\"ListItem\",\"position\":1,\"name\":\"Home\",\"item\":\"https:\\\/\\\/fit360.ee\\\/en\\\/\"},{\"@type\":\"ListItem\",\"position\":2,\"name\":\"Shop\",\"item\":\"https:\\\/\\\/fit360.ee\\\/en\\\/shop\\\/\"},{\"@type\":\"ListItem\",\"position\":3,\"name\":\"Turmeric + Black Pepper + Ginger VEGE (90caps)\"}]},{\"@type\":\"WebSite\",\"@id\":\"https:\\\/\\\/fit360.ee\\\/en\\\/#website\",\"url\":\"https:\\\/\\\/fit360.ee\\\/en\\\/\",\"name\":\"Fit360\",\"description\":\"\",\"publisher\":{\"@id\":\"https:\\\/\\\/fit360.ee\\\/en\\\/#organization\"},\"potentialAction\":[{\"@type\":\"SearchAction\",\"target\":{\"@type\":\"EntryPoint\",\"urlTemplate\":\"https:\\\/\\\/fit360.ee\\\/en\\\/?s={search_term_string}\"},\"query-input\":{\"@type\":\"PropertyValueSpecification\",\"valueRequired\":true,\"valueName\":\"search_term_string\"}}],\"inLanguage\":\"en-US\"},{\"@type\":\"Organization\",\"@id\":\"https:\\\/\\\/fit360.ee\\\/en\\\/#organization\",\"name\":\"Fit360\",\"url\":\"https:\\\/\\\/fit360.ee\\\/en\\\/\",\"logo\":{\"@type\":\"ImageObject\",\"inLanguage\":\"en-US\",\"@id\":\"https:\\\/\\\/fit360.ee\\\/en\\\/#\\\/schema\\\/logo\\\/image\\\/\",\"url\":\"https:\\\/\\\/fit360.ee\\\/wp-content\\\/uploads\\\/2017\\\/01\\\/logo-fit360.png\",\"contentUrl\":\"https:\\\/\\\/fit360.ee\\\/wp-content\\\/uploads\\\/2017\\\/01\\\/logo-fit360.png\",\"width\":180,\"height\":66,\"caption\":\"Fit360\"},\"image\":{\"@id\":\"https:\\\/\\\/fit360.ee\\\/en\\\/#\\\/schema\\\/logo\\\/image\\\/\"}}]}<\/script>\n<!-- \/ Yoast SEO plugin. -->","yoast_head_json":{"title":"Turmeric + Black Pepper + Ginger VEGE (90caps) - Parim Hind - Fit360","description":"OstroVit Kurkumiin + Must Pipar + Ingver VEGE on toidulisand, mis on kolme taimeekstrakti allikas. See on kergesti neelatavate kapslite kujul olev p...","robots":{"index":"index","follow":"follow","max-snippet":"max-snippet:-1","max-image-preview":"max-image-preview:large","max-video-preview":"max-video-preview:-1"},"canonical":"https:\/\/fit360.ee\/en\/pood\/product-groups\/\u0432\u0435\u0433\u0430\u043d\/vegan-capsules-en\/turmeric-black-pepper-ginger-vege-90caps\/","og_locale":"en_US","og_type":"article","og_title":"Turmeric + Black Pepper + Ginger VEGE (90caps) - Parim Hind - Fit360","og_description":"OstroVit Kurkumiin + Must Pipar + Ingver VEGE on toidulisand, mis on kolme taimeekstrakti allikas. See on kergesti neelatavate kapslite kujul olev p...","og_url":"https:\/\/fit360.ee\/en\/pood\/product-groups\/\u0432\u0435\u0433\u0430\u043d\/vegan-capsules-en\/turmeric-black-pepper-ginger-vege-90caps\/","og_site_name":"Fit360","article_modified_time":"2026-01-21T14:49:20+00:00","og_image":[{"width":450,"height":450,"url":"https:\/\/fit360.ee\/wp-content\/uploads\/2025\/06\/Kurkumiin-Must-Pipar-Ingver-fit360.ee-1.png","type":"image\/png"}],"twitter_card":"summary_large_image","twitter_misc":{"Est. reading time":"3 minutes"},"schema":{"@context":"https:\/\/schema.org","@graph":[{"@type":"WebPage","@id":"https:\/\/fit360.ee\/en\/pood\/product-groups\/%d0%b2%d0%b5%d0%b3%d0%b0%d0%bd\/vegan-capsules-en\/turmeric-black-pepper-ginger-vege-90caps\/","url":"https:\/\/fit360.ee\/en\/pood\/product-groups\/%d0%b2%d0%b5%d0%b3%d0%b0%d0%bd\/vegan-capsules-en\/turmeric-black-pepper-ginger-vege-90caps\/","name":"Turmeric + Black Pepper + Ginger VEGE (90caps) - Parim Hind - Fit360","isPartOf":{"@id":"https:\/\/fit360.ee\/en\/#website"},"primaryImageOfPage":{"@id":"https:\/\/fit360.ee\/en\/pood\/product-groups\/%d0%b2%d0%b5%d0%b3%d0%b0%d0%bd\/vegan-capsules-en\/turmeric-black-pepper-ginger-vege-90caps\/#primaryimage"},"image":{"@id":"https:\/\/fit360.ee\/en\/pood\/product-groups\/%d0%b2%d0%b5%d0%b3%d0%b0%d0%bd\/vegan-capsules-en\/turmeric-black-pepper-ginger-vege-90caps\/#primaryimage"},"thumbnailUrl":"https:\/\/fit360.ee\/wp-content\/uploads\/2025\/06\/Kurkumiin-Must-Pipar-Ingver-fit360.ee-1.png","datePublished":"2025-06-22T11:25:23+00:00","dateModified":"2026-01-21T14:49:20+00:00","description":"OstroVit Kurkumiin + Must Pipar + Ingver VEGE on toidulisand, mis on kolme taimeekstrakti allikas. See on kergesti neelatavate kapslite kujul olev p...","breadcrumb":{"@id":"https:\/\/fit360.ee\/en\/pood\/product-groups\/%d0%b2%d0%b5%d0%b3%d0%b0%d0%bd\/vegan-capsules-en\/turmeric-black-pepper-ginger-vege-90caps\/#breadcrumb"},"inLanguage":"en-US","potentialAction":[{"@type":"ReadAction","target":["https:\/\/fit360.ee\/en\/pood\/product-groups\/%d0%b2%d0%b5%d0%b3%d0%b0%d0%bd\/vegan-capsules-en\/turmeric-black-pepper-ginger-vege-90caps\/"]}]},{"@type":"ImageObject","inLanguage":"en-US","@id":"https:\/\/fit360.ee\/en\/pood\/product-groups\/%d0%b2%d0%b5%d0%b3%d0%b0%d0%bd\/vegan-capsules-en\/turmeric-black-pepper-ginger-vege-90caps\/#primaryimage","url":"https:\/\/fit360.ee\/wp-content\/uploads\/2025\/06\/Kurkumiin-Must-Pipar-Ingver-fit360.ee-1.png","contentUrl":"https:\/\/fit360.ee\/wp-content\/uploads\/2025\/06\/Kurkumiin-Must-Pipar-Ingver-fit360.ee-1.png","width":450,"height":450,"caption":"Kurkumiin + Must Pipar + Ingver - fit360.ee"},{"@type":"BreadcrumbList","@id":"https:\/\/fit360.ee\/en\/pood\/product-groups\/%d0%b2%d0%b5%d0%b3%d0%b0%d0%bd\/vegan-capsules-en\/turmeric-black-pepper-ginger-vege-90caps\/#breadcrumb","itemListElement":[{"@type":"ListItem","position":1,"name":"Home","item":"https:\/\/fit360.ee\/en\/"},{"@type":"ListItem","position":2,"name":"Shop","item":"https:\/\/fit360.ee\/en\/shop\/"},{"@type":"ListItem","position":3,"name":"Turmeric + Black Pepper + Ginger VEGE (90caps)"}]},{"@type":"WebSite","@id":"https:\/\/fit360.ee\/en\/#website","url":"https:\/\/fit360.ee\/en\/","name":"Fit360","description":"","publisher":{"@id":"https:\/\/fit360.ee\/en\/#organization"},"potentialAction":[{"@type":"SearchAction","target":{"@type":"EntryPoint","urlTemplate":"https:\/\/fit360.ee\/en\/?s={search_term_string}"},"query-input":{"@type":"PropertyValueSpecification","valueRequired":true,"valueName":"search_term_string"}}],"inLanguage":"en-US"},{"@type":"Organization","@id":"https:\/\/fit360.ee\/en\/#organization","name":"Fit360","url":"https:\/\/fit360.ee\/en\/","logo":{"@type":"ImageObject","inLanguage":"en-US","@id":"https:\/\/fit360.ee\/en\/#\/schema\/logo\/image\/","url":"https:\/\/fit360.ee\/wp-content\/uploads\/2017\/01\/logo-fit360.png","contentUrl":"https:\/\/fit360.ee\/wp-content\/uploads\/2017\/01\/logo-fit360.png","width":180,"height":66,"caption":"Fit360"},"image":{"@id":"https:\/\/fit360.ee\/en\/#\/schema\/logo\/image\/"}}]}},"_links":{"self":[{"href":"https:\/\/fit360.ee\/en\/wp-json\/wp\/v2\/product\/89257","targetHints":{"allow":["GET"]}}],"collection":[{"href":"https:\/\/fit360.ee\/en\/wp-json\/wp\/v2\/product"}],"about":[{"href":"https:\/\/fit360.ee\/en\/wp-json\/wp\/v2\/types\/product"}],"replies":[{"embeddable":true,"href":"https:\/\/fit360.ee\/en\/wp-json\/wp\/v2\/comments?post=89257"}],"wp:featuredmedia":[{"embeddable":true,"href":"https:\/\/fit360.ee\/en\/wp-json\/wp\/v2\/media\/89256"}],"wp:attachment":[{"href":"https:\/\/fit360.ee\/en\/wp-json\/wp\/v2\/media?parent=89257"}],"wp:term":[{"taxonomy":"product_brand","embeddable":true,"href":"https:\/\/fit360.ee\/en\/wp-json\/wp\/v2\/product_brand?post=89257"},{"taxonomy":"product_cat","embeddable":true,"href":"https:\/\/fit360.ee\/en\/wp-json\/wp\/v2\/product_cat?post=89257"},{"taxonomy":"product_tag","embeddable":true,"href":"https:\/\/fit360.ee\/en\/wp-json\/wp\/v2\/product_tag?post=89257"},{"taxonomy":"giftcard-category","embeddable":true,"href":"https:\/\/fit360.ee\/en\/wp-json\/wp\/v2\/giftcard-category?post=89257"}],"curies":[{"name":"wp","href":"https:\/\/api.w.org\/{rel}","templated":true}]}}