{"id":89272,"date":"2025-06-23T09:10:17","date_gmt":"2025-06-23T07:10:17","guid":{"rendered":"https:\/\/fit360.ee\/pood\/uncategorized\/anticramp-max-90tabs\/"},"modified":"2025-08-13T07:35:18","modified_gmt":"2025-08-13T05:35:18","slug":"anticramp-max-90tabs","status":"publish","type":"product","link":"https:\/\/fit360.ee\/en\/pood\/product-groups\/vitamins-and-minerals-en\/magnesium-en\/anticramp-max-90tabs\/","title":{"rendered":"Anticramp Max (90tabs)"},"content":{"rendered":"<h2><strong>Anticramp Max<\/strong><\/h2>\n<div id=\"tab-description\" class=\"tab-pane active product-desc product-section\">\n<p>OstroVit Anticramp Max on ainulaadne vitamiinide-mineraalide kompleks, mis koosneb magneesiumi, kaaliumi ja vitamiini B6 \u00fchendite k\u00f5rge biosaadavusega vormidest.\u00a0Puuduj\u00e4\u00e4gi t\u00e4itmine Mineraalid on eriti olulised spordiga tegelejatele, aktiivse eluviisiga inimestele, aga ka heaolu v\u00e4\u00e4rtustavatele ja oma keha hom\u00f6ostaasi eest hoolitsevatele inimestele.<\/p>\n<ul>\n<li>Pakendi suurus: 60 tabletti<\/li>\n<li>Portsjoni suurus: 1 tablett<\/li>\n<li>Portsjonid konteineri kohta: 60<\/li>\n<li>Spetsiaalne valem<\/li>\n<\/ul>\n<p><strong>OstroVit Magnesium Max Cramp<\/strong><\/p>\n<p>Preparaadis sisalduv\u00a0<strong>magneesium aitab kaasa lihaste korralikule talitlusele ja elektrol\u00fc\u00fctide tasakaalu s\u00e4ilitamisele ning aitab s\u00e4ilitada terveid luid ja hambaid.\u00a0<\/strong>Magneesium ja vitamiin B6 aitavad s\u00e4ilitada \u00f5iget energiavahetust ja aitavad kaasa n\u00e4rvis\u00fcsteemi n\u00f5uetekohasele talitlusele.\u00a0Lisaks aitavad need koostisained v\u00e4hendada v\u00e4simust ja kurnatust ning aitavad s\u00e4ilitada normaalseid ps\u00fchholoogilisi funktsioone.<\/p>\n<p><strong>Vitamiin B6<\/strong>\u00a0\u00a0aitab kaasa ts\u00fcsteiini \u00f5igele s\u00fcnteesile ja homots\u00fcsteiini \u00f5ige metabolismi s\u00e4ilitamisele.\u00a0Vitamiin B6 aitab kaasa normaalse valkude ja gl\u00fckogeeni metabolismi s\u00e4ilitamisele ning aitab kaasa hormonaalse aktiivsuse reguleerimisele.<\/p>\n<p><strong>Kaalium<\/strong>\u00a0\u00a0on \u00e4\u00e4rmiselt oluline mikroelement, kuulub elektrol\u00fc\u00fctide r\u00fchma.\u00a0V\u00e4ga oluline on ka positiivne m\u00f5ju keha n\u00e4rvis\u00fcsteemi talitlusele.\u00a0Kaalium kui elektrol\u00fc\u00fct vastutab piisava elektripinge s\u00e4ilitamise eest rakumembraanidel ja vastutab elektriliste impulsside \u00fclekandmise eest rakkude vahel.<\/p>\n<p data-start=\"129\" data-end=\"188\"><strong data-start=\"129\" data-end=\"188\">AntiCramp Max \u2013 tugi lihastele ja krampide leevenduseks<\/strong><\/p>\n<p data-start=\"190\" data-end=\"563\">AntiCramp Max on t\u00f5hus toidulisand, mis sisaldab tasakaalustatud koguses magneesiumi ja kaaliumi \u2013 kahte olulist mineraali, mis toetavad normaalset lihaste talitlust ja aitavad ennetada lihaskrampe. Magneesium aitab v\u00e4hendada v\u00e4simust ja toetab n\u00e4rvis\u00fcsteemi normaalset toimimist, samas kui kaalium aitab s\u00e4ilitada kehas elektrol\u00fc\u00fctide tasakaalu ja s\u00fcdame normaalset r\u00fctmi.<\/p>\n<p data-start=\"565\" data-end=\"806\">Toode sobib eriti h\u00e4sti sportlastele, aktiivsetele inimestele v\u00f5i neile, kellel esineb sagedasi lihaskrampe, n\u00e4iteks \u00f6\u00f6siti v\u00f5i treeningu ajal. AntiCramp Max sobib ka kuumadel suvep\u00e4evadel, mil keha kaotab rohkem mineraale higistamise kaudu.<\/p>\n<p data-start=\"808\" data-end=\"840\"><strong data-start=\"808\" data-end=\"840\">Regulaarne kasutamine aitab:<\/strong><\/p>\n<ul>\n<li data-start=\"843\" data-end=\"875\">V\u00e4hendada lihaskrampide sagedust<\/li>\n<li data-start=\"843\" data-end=\"875\">Parandada taastumist p\u00e4rast treeningut<\/li>\n<li data-start=\"843\" data-end=\"875\">S\u00e4ilitada keha elektrol\u00fc\u00fctide tasakaalu<\/li>\n<\/ul>\n<p><strong>Omadused:<\/strong><\/p>\n<ul>\n<li>Sellel on positiivne m\u00f5ju n\u00e4rvis\u00fcsteemile<\/li>\n<li>Aitab kaasa toidust saadavate makrotoitainete t\u00f5husale kasutamisele<\/li>\n<li>Kaitseb stressi negatiivsete m\u00f5jude eest<\/li>\n<li>M\u00e4ngib olulist rolli energia salvestamisel lihasrakkudes<\/li>\n<li>V\u00f5ib aidata v\u00e4hendada v\u00e4simust ja kognitiivsete funktsioonide n\u00f5uetekohast toimimist<\/li>\n<li>Hoiab \u00e4ra skeletilihaste valulikud kokkut\u00f5mbed<\/li>\n<\/ul>\n<\/div>\n<div id=\"tab-ingredients\" class=\"tab-pane product-section\">\n<p><strong>Kasutamine: <\/strong>Kasutage 1 portsjon (1 tablett) p\u00e4evas 15 minutit p\u00e4rast s\u00f6\u00f6ki.<\/p>\n<p>\u00c4rge \u00fcletage soovitatavat p\u00e4evaannust tarbimiseks.\u00a0Toidulisandit ei saa kasutada mitmek\u00fclgse toitumise asendajana (asendajana).\u00a0Soovitatav on tasakaalustatud toitumine ja tervislik eluviis.\u00a0\u00c4rge s\u00f6\u00f6ge, kui olete m\u00f5ne toote koostisosa suhtes allergiline.\u00a0Toodet ei tohi kasutada lapsed, rasedad ja imetavad emad.\u00a0Hoida v\u00e4ikelastele k\u00e4ttesaamatus kohas.<\/p>\n<p><b>Koostisosad: <\/b>Sidrunhappe magneesiumisoolad (magneesium), kaaliumtsitraat (kaalium), t\u00e4iteained: mikrokristalne tselluloos;\u00a0t\u00e4rklis, paakumisvastased ained: rasvhapete magneesiumisoolad, r\u00e4nidioksiid;\u00a0p\u00fcridoksiinvesinikkloriid (vitamiin B6).<\/p>\n<p>Toode v\u00f5ib sisaldada piima (sh laktoosi), soja, maap\u00e4hkleid, muid p\u00e4hkleid, seesamiseemneid, gluteeni sisaldavaid teravilju, mune, v\u00e4hilaadseid, kala.<\/p>\n<p><strong>Toitumisalane teave:<\/strong><\/p>\n<p>Toote netokaal: 60 g<\/p>\n<p>Portsjonid konteineri kohta: 60<\/p>\n<p>Portsjoni suurus: 1 tablett<\/p>\n<table>\n<tbody>\n<tr>\n<th>Aktiivsed koostisosad<\/th>\n<th>Portsjoni jaoks<\/th>\n<th>% SPK*<\/th>\n<\/tr>\n<tr>\n<td>Magneesium<\/td>\n<td>56 mg<\/td>\n<td>15<\/td>\n<\/tr>\n<tr>\n<td>Kaalium<\/td>\n<td>108 mg<\/td>\n<td>5.4<\/td>\n<\/tr>\n<tr>\n<td>Vitamiin B6<\/td>\n<td>0,21 mg<\/td>\n<td>15<\/td>\n<\/tr>\n<\/tbody>\n<\/table>\n<p>* SPK \u2013 Soovitatud P\u00e4evane Kogus<\/p>\n<p>Vaata ka meie teisi Magneesiume <a href=\"https:\/\/fit360.ee\/en\/product-category\/product-groups\/vitamins-and-minerals-en\/magnesium-en\/\"><strong>SIIT<\/strong><\/a> v\u00f5i Kaaliume <a href=\"https:\/\/fit360.ee\/en\/product-category\/product-groups\/vitamins-and-minerals-en\/potassium-en\/\"><strong>SIIT<\/strong><\/a>!<\/p>\n<p>Soovid kaupa osta suuremas koguses? Vaata antud toodet meie HULGI lehelt\u00a0<a href=\"https:\/\/toidulisandidhulgi.ee\/tooted\/anticramp-max-90tabs\/\"><strong>SIIT<\/strong><\/a>!<\/p>\n<\/div>\n","protected":false},"excerpt":{"rendered":"<ul>\n<li>Sellel on positiivne m\u00f5ju n\u00e4rvis\u00fcsteemile<\/li>\n<li>Aitab kaasa toidust saadavate makrotoitainete t\u00f5husale kasutamisele<\/li>\n<li>Kaitseb stressi negatiivsete m\u00f5jude eest<\/li>\n<li>M\u00e4ngib olulist rolli energia salvestamisel lihasrakkudes<\/li>\n<li>V\u00f5ib aidata v\u00e4hendada v\u00e4simust ja kognitiivsete funktsioonide n\u00f5uetekohast toimimist<\/li>\n<li>Hoiab \u00e4ra skeletilihaste valulikud kokkut\u00f5mbed<\/li>\n<\/ul>\n","protected":false},"featured_media":89271,"comment_status":"open","ping_status":"closed","template":"","meta":[],"product_brand":[],"product_cat":[5320,527,1915,1329,2271,536],"product_tag":[5851,5852,2190,1924],"giftcard-category":[],"class_list":{"0":"post-89272","1":"product","2":"type-product","3":"status-publish","4":"has-post-thumbnail","6":"product_cat-for-immunity-en","7":"product_cat-joint-support-en","8":"product_cat-magnesium-en","9":"product_cat-ostrovit-en","10":"product_cat-potassium-en","11":"product_cat-vitamins-and-minerals-en","12":"product_tag-anticramp-max-en","13":"product_tag-kallium-en","14":"product_tag-magneesium-en","15":"product_tag-ostrovit-en","16":"pa_kogus-90-tablets","17":"pa_toidulisand-branddd-ostrovit","18":"pa_tootegruppp-for-joints","19":"pa_tootegruppp-immuunsusteem-en","20":"pa_tootegruppp-kaalium-en","21":"pa_tootegruppp-magneesium-en","22":"pa_tootegruppp-vitamins-and-minerals","24":"first","25":"instock","26":"sale","27":"taxable","28":"shipping-taxable","29":"purchasable","30":"product-type-simple"},"yoast_head":"<!-- This site is optimized with the Yoast SEO plugin v27.3 - https:\/\/yoast.com\/product\/yoast-seo-wordpress\/ -->\n<title>Anticramp Max (90tabs) - Magneesium + Kaalium - Parim Hind - Fit360<\/title>\n<meta name=\"description\" content=\"OstroVit Anticramp Max on ainulaadne vitamiinide-mineraalide kompleks, mis koosneb magneesiumi, kaaliumi ja vitamiini B6 \u00fchendite k\u00f5rge biosaadavusega vor..\" \/>\n<meta name=\"robots\" content=\"index, follow, max-snippet:-1, max-image-preview:large, max-video-preview:-1\" \/>\n<link rel=\"canonical\" href=\"https:\/\/fit360.ee\/en\/pood\/product-groups\/vitamins-and-minerals-en\/magnesium-en\/anticramp-max-90tabs\/\" \/>\n<meta property=\"og:locale\" content=\"en_US\" \/>\n<meta property=\"og:type\" content=\"article\" \/>\n<meta property=\"og:title\" content=\"Anticramp Max (90tabs) - Magneesium + Kaalium - Parim Hind - Fit360\" \/>\n<meta property=\"og:description\" content=\"OstroVit Anticramp Max on ainulaadne vitamiinide-mineraalide kompleks, mis koosneb magneesiumi, kaaliumi ja vitamiini B6 \u00fchendite k\u00f5rge biosaadavusega vor..\" \/>\n<meta property=\"og:url\" content=\"https:\/\/fit360.ee\/en\/pood\/product-groups\/vitamins-and-minerals-en\/magnesium-en\/anticramp-max-90tabs\/\" \/>\n<meta property=\"og:site_name\" content=\"Fit360\" \/>\n<meta property=\"article:modified_time\" content=\"2025-08-13T05:35:18+00:00\" \/>\n<meta property=\"og:image\" content=\"https:\/\/fit360.ee\/wp-content\/uploads\/2025\/06\/ostrovit-anticramp-max-fit360.ee_.png\" \/>\n\t<meta property=\"og:image:width\" content=\"600\" \/>\n\t<meta property=\"og:image:height\" content=\"600\" \/>\n\t<meta property=\"og:image:type\" content=\"image\/png\" \/>\n<meta name=\"twitter:card\" content=\"summary_large_image\" \/>\n<meta name=\"twitter:label1\" content=\"Est. reading time\" \/>\n\t<meta name=\"twitter:data1\" content=\"3 minutes\" \/>\n<script type=\"application\/ld+json\" class=\"yoast-schema-graph\">{\"@context\":\"https:\\\/\\\/schema.org\",\"@graph\":[{\"@type\":\"WebPage\",\"@id\":\"https:\\\/\\\/fit360.ee\\\/en\\\/pood\\\/product-groups\\\/vitamins-and-minerals-en\\\/magnesium-en\\\/anticramp-max-90tabs\\\/\",\"url\":\"https:\\\/\\\/fit360.ee\\\/en\\\/pood\\\/product-groups\\\/vitamins-and-minerals-en\\\/magnesium-en\\\/anticramp-max-90tabs\\\/\",\"name\":\"Anticramp Max (90tabs) - Magneesium + Kaalium - Parim Hind - Fit360\",\"isPartOf\":{\"@id\":\"https:\\\/\\\/fit360.ee\\\/en\\\/#website\"},\"primaryImageOfPage\":{\"@id\":\"https:\\\/\\\/fit360.ee\\\/en\\\/pood\\\/product-groups\\\/vitamins-and-minerals-en\\\/magnesium-en\\\/anticramp-max-90tabs\\\/#primaryimage\"},\"image\":{\"@id\":\"https:\\\/\\\/fit360.ee\\\/en\\\/pood\\\/product-groups\\\/vitamins-and-minerals-en\\\/magnesium-en\\\/anticramp-max-90tabs\\\/#primaryimage\"},\"thumbnailUrl\":\"https:\\\/\\\/fit360.ee\\\/wp-content\\\/uploads\\\/2025\\\/06\\\/ostrovit-anticramp-max-fit360.ee_.png\",\"datePublished\":\"2025-06-23T07:10:17+00:00\",\"dateModified\":\"2025-08-13T05:35:18+00:00\",\"description\":\"OstroVit Anticramp Max on ainulaadne vitamiinide-mineraalide kompleks, mis koosneb magneesiumi, kaaliumi ja vitamiini B6 \u00fchendite k\u00f5rge biosaadavusega vor..\",\"breadcrumb\":{\"@id\":\"https:\\\/\\\/fit360.ee\\\/en\\\/pood\\\/product-groups\\\/vitamins-and-minerals-en\\\/magnesium-en\\\/anticramp-max-90tabs\\\/#breadcrumb\"},\"inLanguage\":\"en-US\",\"potentialAction\":[{\"@type\":\"ReadAction\",\"target\":[\"https:\\\/\\\/fit360.ee\\\/en\\\/pood\\\/product-groups\\\/vitamins-and-minerals-en\\\/magnesium-en\\\/anticramp-max-90tabs\\\/\"]}]},{\"@type\":\"ImageObject\",\"inLanguage\":\"en-US\",\"@id\":\"https:\\\/\\\/fit360.ee\\\/en\\\/pood\\\/product-groups\\\/vitamins-and-minerals-en\\\/magnesium-en\\\/anticramp-max-90tabs\\\/#primaryimage\",\"url\":\"https:\\\/\\\/fit360.ee\\\/wp-content\\\/uploads\\\/2025\\\/06\\\/ostrovit-anticramp-max-fit360.ee_.png\",\"contentUrl\":\"https:\\\/\\\/fit360.ee\\\/wp-content\\\/uploads\\\/2025\\\/06\\\/ostrovit-anticramp-max-fit360.ee_.png\",\"width\":600,\"height\":600,\"caption\":\"ostrovit anticramp max - fit360.ee\"},{\"@type\":\"BreadcrumbList\",\"@id\":\"https:\\\/\\\/fit360.ee\\\/en\\\/pood\\\/product-groups\\\/vitamins-and-minerals-en\\\/magnesium-en\\\/anticramp-max-90tabs\\\/#breadcrumb\",\"itemListElement\":[{\"@type\":\"ListItem\",\"position\":1,\"name\":\"Home\",\"item\":\"https:\\\/\\\/fit360.ee\\\/en\\\/\"},{\"@type\":\"ListItem\",\"position\":2,\"name\":\"Shop\",\"item\":\"https:\\\/\\\/fit360.ee\\\/en\\\/shop\\\/\"},{\"@type\":\"ListItem\",\"position\":3,\"name\":\"Anticramp Max (90tabs)\"}]},{\"@type\":\"WebSite\",\"@id\":\"https:\\\/\\\/fit360.ee\\\/en\\\/#website\",\"url\":\"https:\\\/\\\/fit360.ee\\\/en\\\/\",\"name\":\"Fit360\",\"description\":\"\",\"publisher\":{\"@id\":\"https:\\\/\\\/fit360.ee\\\/en\\\/#organization\"},\"potentialAction\":[{\"@type\":\"SearchAction\",\"target\":{\"@type\":\"EntryPoint\",\"urlTemplate\":\"https:\\\/\\\/fit360.ee\\\/en\\\/?s={search_term_string}\"},\"query-input\":{\"@type\":\"PropertyValueSpecification\",\"valueRequired\":true,\"valueName\":\"search_term_string\"}}],\"inLanguage\":\"en-US\"},{\"@type\":\"Organization\",\"@id\":\"https:\\\/\\\/fit360.ee\\\/en\\\/#organization\",\"name\":\"Fit360\",\"url\":\"https:\\\/\\\/fit360.ee\\\/en\\\/\",\"logo\":{\"@type\":\"ImageObject\",\"inLanguage\":\"en-US\",\"@id\":\"https:\\\/\\\/fit360.ee\\\/en\\\/#\\\/schema\\\/logo\\\/image\\\/\",\"url\":\"https:\\\/\\\/fit360.ee\\\/wp-content\\\/uploads\\\/2017\\\/01\\\/logo-fit360.png\",\"contentUrl\":\"https:\\\/\\\/fit360.ee\\\/wp-content\\\/uploads\\\/2017\\\/01\\\/logo-fit360.png\",\"width\":180,\"height\":66,\"caption\":\"Fit360\"},\"image\":{\"@id\":\"https:\\\/\\\/fit360.ee\\\/en\\\/#\\\/schema\\\/logo\\\/image\\\/\"}}]}<\/script>\n<!-- \/ Yoast SEO plugin. -->","yoast_head_json":{"title":"Anticramp Max (90tabs) - Magneesium + Kaalium - Parim Hind - Fit360","description":"OstroVit Anticramp Max on ainulaadne vitamiinide-mineraalide kompleks, mis koosneb magneesiumi, kaaliumi ja vitamiini B6 \u00fchendite k\u00f5rge biosaadavusega vor..","robots":{"index":"index","follow":"follow","max-snippet":"max-snippet:-1","max-image-preview":"max-image-preview:large","max-video-preview":"max-video-preview:-1"},"canonical":"https:\/\/fit360.ee\/en\/pood\/product-groups\/vitamins-and-minerals-en\/magnesium-en\/anticramp-max-90tabs\/","og_locale":"en_US","og_type":"article","og_title":"Anticramp Max (90tabs) - Magneesium + Kaalium - Parim Hind - Fit360","og_description":"OstroVit Anticramp Max on ainulaadne vitamiinide-mineraalide kompleks, mis koosneb magneesiumi, kaaliumi ja vitamiini B6 \u00fchendite k\u00f5rge biosaadavusega vor..","og_url":"https:\/\/fit360.ee\/en\/pood\/product-groups\/vitamins-and-minerals-en\/magnesium-en\/anticramp-max-90tabs\/","og_site_name":"Fit360","article_modified_time":"2025-08-13T05:35:18+00:00","og_image":[{"width":600,"height":600,"url":"https:\/\/fit360.ee\/wp-content\/uploads\/2025\/06\/ostrovit-anticramp-max-fit360.ee_.png","type":"image\/png"}],"twitter_card":"summary_large_image","twitter_misc":{"Est. reading time":"3 minutes"},"schema":{"@context":"https:\/\/schema.org","@graph":[{"@type":"WebPage","@id":"https:\/\/fit360.ee\/en\/pood\/product-groups\/vitamins-and-minerals-en\/magnesium-en\/anticramp-max-90tabs\/","url":"https:\/\/fit360.ee\/en\/pood\/product-groups\/vitamins-and-minerals-en\/magnesium-en\/anticramp-max-90tabs\/","name":"Anticramp Max (90tabs) - Magneesium + Kaalium - Parim Hind - Fit360","isPartOf":{"@id":"https:\/\/fit360.ee\/en\/#website"},"primaryImageOfPage":{"@id":"https:\/\/fit360.ee\/en\/pood\/product-groups\/vitamins-and-minerals-en\/magnesium-en\/anticramp-max-90tabs\/#primaryimage"},"image":{"@id":"https:\/\/fit360.ee\/en\/pood\/product-groups\/vitamins-and-minerals-en\/magnesium-en\/anticramp-max-90tabs\/#primaryimage"},"thumbnailUrl":"https:\/\/fit360.ee\/wp-content\/uploads\/2025\/06\/ostrovit-anticramp-max-fit360.ee_.png","datePublished":"2025-06-23T07:10:17+00:00","dateModified":"2025-08-13T05:35:18+00:00","description":"OstroVit Anticramp Max on ainulaadne vitamiinide-mineraalide kompleks, mis koosneb magneesiumi, kaaliumi ja vitamiini B6 \u00fchendite k\u00f5rge biosaadavusega vor..","breadcrumb":{"@id":"https:\/\/fit360.ee\/en\/pood\/product-groups\/vitamins-and-minerals-en\/magnesium-en\/anticramp-max-90tabs\/#breadcrumb"},"inLanguage":"en-US","potentialAction":[{"@type":"ReadAction","target":["https:\/\/fit360.ee\/en\/pood\/product-groups\/vitamins-and-minerals-en\/magnesium-en\/anticramp-max-90tabs\/"]}]},{"@type":"ImageObject","inLanguage":"en-US","@id":"https:\/\/fit360.ee\/en\/pood\/product-groups\/vitamins-and-minerals-en\/magnesium-en\/anticramp-max-90tabs\/#primaryimage","url":"https:\/\/fit360.ee\/wp-content\/uploads\/2025\/06\/ostrovit-anticramp-max-fit360.ee_.png","contentUrl":"https:\/\/fit360.ee\/wp-content\/uploads\/2025\/06\/ostrovit-anticramp-max-fit360.ee_.png","width":600,"height":600,"caption":"ostrovit anticramp max - fit360.ee"},{"@type":"BreadcrumbList","@id":"https:\/\/fit360.ee\/en\/pood\/product-groups\/vitamins-and-minerals-en\/magnesium-en\/anticramp-max-90tabs\/#breadcrumb","itemListElement":[{"@type":"ListItem","position":1,"name":"Home","item":"https:\/\/fit360.ee\/en\/"},{"@type":"ListItem","position":2,"name":"Shop","item":"https:\/\/fit360.ee\/en\/shop\/"},{"@type":"ListItem","position":3,"name":"Anticramp Max (90tabs)"}]},{"@type":"WebSite","@id":"https:\/\/fit360.ee\/en\/#website","url":"https:\/\/fit360.ee\/en\/","name":"Fit360","description":"","publisher":{"@id":"https:\/\/fit360.ee\/en\/#organization"},"potentialAction":[{"@type":"SearchAction","target":{"@type":"EntryPoint","urlTemplate":"https:\/\/fit360.ee\/en\/?s={search_term_string}"},"query-input":{"@type":"PropertyValueSpecification","valueRequired":true,"valueName":"search_term_string"}}],"inLanguage":"en-US"},{"@type":"Organization","@id":"https:\/\/fit360.ee\/en\/#organization","name":"Fit360","url":"https:\/\/fit360.ee\/en\/","logo":{"@type":"ImageObject","inLanguage":"en-US","@id":"https:\/\/fit360.ee\/en\/#\/schema\/logo\/image\/","url":"https:\/\/fit360.ee\/wp-content\/uploads\/2017\/01\/logo-fit360.png","contentUrl":"https:\/\/fit360.ee\/wp-content\/uploads\/2017\/01\/logo-fit360.png","width":180,"height":66,"caption":"Fit360"},"image":{"@id":"https:\/\/fit360.ee\/en\/#\/schema\/logo\/image\/"}}]}},"_links":{"self":[{"href":"https:\/\/fit360.ee\/en\/wp-json\/wp\/v2\/product\/89272","targetHints":{"allow":["GET"]}}],"collection":[{"href":"https:\/\/fit360.ee\/en\/wp-json\/wp\/v2\/product"}],"about":[{"href":"https:\/\/fit360.ee\/en\/wp-json\/wp\/v2\/types\/product"}],"replies":[{"embeddable":true,"href":"https:\/\/fit360.ee\/en\/wp-json\/wp\/v2\/comments?post=89272"}],"wp:featuredmedia":[{"embeddable":true,"href":"https:\/\/fit360.ee\/en\/wp-json\/wp\/v2\/media\/89271"}],"wp:attachment":[{"href":"https:\/\/fit360.ee\/en\/wp-json\/wp\/v2\/media?parent=89272"}],"wp:term":[{"taxonomy":"product_brand","embeddable":true,"href":"https:\/\/fit360.ee\/en\/wp-json\/wp\/v2\/product_brand?post=89272"},{"taxonomy":"product_cat","embeddable":true,"href":"https:\/\/fit360.ee\/en\/wp-json\/wp\/v2\/product_cat?post=89272"},{"taxonomy":"product_tag","embeddable":true,"href":"https:\/\/fit360.ee\/en\/wp-json\/wp\/v2\/product_tag?post=89272"},{"taxonomy":"giftcard-category","embeddable":true,"href":"https:\/\/fit360.ee\/en\/wp-json\/wp\/v2\/giftcard-category?post=89272"}],"curies":[{"name":"wp","href":"https:\/\/api.w.org\/{rel}","templated":true}]}}