{"id":89845,"date":"2025-08-05T09:26:03","date_gmt":"2025-08-05T07:26:03","guid":{"rendered":"https:\/\/fit360.ee\/pood\/uncategorized\/100-vitmin-90tabs\/"},"modified":"2026-04-09T14:42:11","modified_gmt":"2026-04-09T12:42:11","slug":"100-vitmin-90tabs","status":"publish","type":"product","link":"https:\/\/fit360.ee\/en\/pood\/product-groups\/vitamins-and-minerals-en\/c-vitamin-en\/100-vitmin-90tabs\/","title":{"rendered":"100% Vit&amp;Min (90tabs)"},"content":{"rendered":"<h2 class=\"cm__heading\"><strong>OstroVit 100% Vit&amp;Min 90 tabletid<\/strong><\/h2>\n<p class=\"cm__text --bold\">OstroVit 100% Vit&amp;Min on terviklik toidulisand, mis sisaldab kuni 20 v\u00e4\u00e4rtuslikku ainet \u2013 vitamiine ja mineraale, nagu kaltsium, magneesium, D- v\u00f5i E-vitamiin. See on toode, mis on saadaval kergesti neelatavate tablettide kujul ja on m\u00f5eldud inimestele, kes soovivad oma igap\u00e4evast toidukogust v\u00e4\u00e4rtuslike koostisosadega t\u00e4iendada.<\/p>\n<section class=\"cm__section\">\n<ul class=\"cm__list\">\n<li><strong>Vitamiinide ja mineraalide allikas k\u00f5rge biosaadavusega vormides<\/strong>\u00a0\u2013 toidulisand sisaldab vitamiine nagu A-vitamiin, B-vitamiinid, C-vitamiin, samuti D- ja E-vitamiin. Lisaks v\u00f5ib toodetes leida mineraale nagu magneesium, kaltsium, tsink ja raud ning mangaan, vask, seleen ja jood.<\/li>\n<li><strong>1 portsjon = 2 tabletti<\/strong>\u00a0.<\/li>\n<li><strong>T\u00f5husus<\/strong>\u00a0\u2013 tootepakend sisaldab 45 portsjonit preparaati.<\/li>\n<li><strong>Mugav vorm<\/strong>\u00a0\u2013 toode, mis on saadaval kergesti neelatavate tablettide kujul, tagab toidulisandi probleemideta tarnimise.<\/li>\n<\/ul>\n<h4 class=\"cm__heading\"><strong>OstroVit 100% Vit&amp;Min &#8211; igak\u00fclgne toidulisand igap\u00e4evasele toidule<\/strong><\/h4>\n<p class=\"cm__text\"><strong>Vitamiinid<\/strong>\u00a0on eksogeensed ained, mida organism peab saama toiduga, kuna organism ei ole v\u00f5imeline neid ise tootma. Need on \u00fchendid, mis ei t\u00e4ida toitumis- ega energiafunktsioone, kuid on vajalikud organismi n\u00f5uetekohaseks toimimiseks.<\/p>\n<p class=\"cm__text\"><strong>Mineraalid<\/strong>\u00a0on r\u00fchm toitaineid, mida inimkeha ise ei s\u00fcnteesi ja mida tuleb organismile tarnida v\u00e4ljastpoolt, igap\u00e4evase toidu ja\/v\u00f5i toidulisanditega. Need on \u00fchendid, mis ei ole energiaallikas, kuid on vajalikud keha n\u00f5uetekohaseks toimimiseks.<\/p>\n<p>OstroVit 100% Vit&amp;Min tootes leidub vitamiine nagu A-vitamiin, <a href=\"https:\/\/fit360.ee\/en\/product-category\/product-groups\/vitamins-and-minerals-en\/c-vitamin-en\/\"><strong>C-vitamiin<\/strong><\/a>, <a href=\"https:\/\/fit360.ee\/en\/product-category\/product-groups\/vitamins-and-minerals-en\/e-vitamin-en\/\"><strong>E-vitamiin<\/strong><\/a>,\u00a0<strong><a href=\"https:\/\/fit360.ee\/en\/product-category\/product-groups\/vitamins-and-minerals-en\/d-vitamin-en\/\" target=\"_blank\" rel=\"noopener\">D-vitamiin<\/a><\/strong>\u00a0, aga ka <a href=\"https:\/\/fit360.ee\/en\/product-category\/product-groups\/vitamins-and-minerals-en\/b-vitamin-en\/\"><strong>B-r\u00fchma vitamiine<\/strong><\/a> &#8211; tiamiini, riboflaviini, niatsiini, pantoteenhapet, B6-vitamiini, foolhapet, biotiini ja B12-vitamiini. Toidulisandis on kasutatud ka v\u00e4\u00e4rtuslikke mineraale nagu\u00a0<a href=\"https:\/\/fit360.ee\/en\/product-category\/product-groups\/vitamins-and-minerals-en\/magnesium-en\/\" target=\"_blank\" rel=\"noopener\"><strong>magneesium<\/strong><\/a>\u00a0, vask, mangaan, <a href=\"https:\/\/fit360.ee\/en\/product-category\/product-groups\/vitamins-and-minerals-en\/iron-en\/\"><strong>raud<\/strong><\/a>, jood, seleen, kaltsium ja <a href=\"https:\/\/fit360.ee\/en\/product-category\/product-groups\/vitamins-and-minerals-en\/zinc-en\/\"><strong>tsink<\/strong><\/a>, mis on biosaadaval kujul.<\/p>\n<h4 class=\"cm__heading\"><strong>OstroVit 100% Vit&amp;Min koostisosade omadused<\/strong><\/h4>\n<p class=\"cm__text\"><strong>A-vitamiin<\/strong>\u00a0aitab s\u00e4ilitada normaalset n\u00e4gemist,\u00a0<strong>C-vitamiin<\/strong>\u00a0toetab kollageeni tootmist, et tagada veresoonte, luude, k\u00f5hrede, hammaste, igemete ja naha optimaalne toimimine.\u00a0<strong>D-vitamiin<\/strong>\u00a0aitab s\u00e4ilitada terveid luid ja hambaid ning soodustab lihaste korralikku t\u00f6\u00f6d,\u00a0<strong>E-vitamiin<\/strong>\u00a0toetab rakkude kaitset oks\u00fcdatiivse stressi eest.\u00a0<strong>B-grupi vitamiinid<\/strong>\u00a0, nagu tiamiin v\u00f5i riboflaviin, aitavad v\u00e4hendada v\u00e4simust ja kurnatust,\u00a0<strong>magneesium<\/strong>\u00a0toetab n\u00e4rvis\u00fcsteemi korralikku toimimist ja\u00a0<strong>vask<\/strong>\u00a0aitab s\u00e4ilitada naha ja juuste \u00f5iget pigmentatsiooni.\u00a0<strong>Mangaan<\/strong>\u00a0aitab kaasa sidekudede n\u00f5uetekohasele moodustumisele ja\u00a0<strong>raud<\/strong>\u00a0toetab optimaalsete kognitiivsete funktsioonide s\u00e4ilitamist.\u00a0<strong>Jood<\/strong>\u00a0aitab kaasa normaalse energiavahetuse s\u00e4ilitamisele ja\u00a0<strong>seleen<\/strong>\u00a0toetab kilpn\u00e4\u00e4rme korralikku toimimist.\u00a0<strong>Kaltsium<\/strong>\u00a0omakorda aitab kaasa seedeens\u00fc\u00fcmide korrektsele toimimisele ja\u00a0<strong>tsink<\/strong>\u00a0toetab DNA korralikku s\u00fcnteesi.<\/p>\n<\/section>\n<section class=\"cm__section\">\n<h4 class=\"cm__heading\"><strong>Laboris kinnitatud kvaliteet<\/strong><\/h4>\n<p class=\"cm__text --bold\">Meie klientide tervise huvides testitakse meie valmistatud tooteid regulaarselt s\u00f5ltumatus akrediteeritud laboris, et tagada ja s\u00e4ilitada k\u00f5rgeim kvaliteet.<\/p>\n<p><strong>Koostisosad<\/strong>: Sidrunhappe magneesiumisoolad, kaltsiumkarbonaat, t\u00e4iteaine: mikrokristalne tselluloos; maltodekstriin, L-askorbiinhape, t\u00e4rklis, raud(II)digl\u00fctsinaat, tsinkpikolinaat, paakumisvastane aine: rasvhapete magneesiumisoolad; DL-alfa-tokofer\u00fc\u00fclatsetaat, paakumisvastane aine: r\u00e4nidioksiid; inositoolheksanikotinaat, mangaanbisgl\u00fctsinaat, L-selenometioniin, vaskbisgl\u00fctsinaat, retin\u00fc\u00fclatsetaat, kaltsium-D-pantotenaat, kolekaltsiferool, riboflaviin, p\u00fcridoksiinvesinikkloriid, tiamiinvesinikkloriid, ptero\u00fc\u00fclmonoglutaamhape, kaaliumjodiid, D-biotiin, ts\u00fcanokobalamiin.<\/p>\n<p>Toode v\u00f5ib sisaldada piima (sh laktoosi), sojaubasid, maap\u00e4hkleid, muid p\u00e4hkleid, seesamiseemneid, gluteeni sisaldavaid teravilju, mune, koorikloomi, kala.<\/p>\n<p><strong>Kasutamine<\/strong>: Tarbida 1 portsjon (2 tabletti) p\u00e4evas. Toode on m\u00f5eldud t\u00e4iskasvanutele.<\/p>\n<p><strong>Suurus<\/strong>: 90 tabletti &#8211; 45 serveeringut.<\/p>\n<table>\n<tbody>\n<tr>\n<th>Toimeained<\/th>\n<th>2 tabletti<\/th>\n<th>% SPK*<\/th>\n<\/tr>\n<tr>\n<td>Kaltsium<\/td>\n<td>\u00a0264 mg<\/td>\n<td>33%<\/td>\n<\/tr>\n<tr>\n<td>Magneesium<\/td>\n<td>\u00a0185 mg<\/td>\n<td>49%<\/td>\n<\/tr>\n<tr>\n<td>C-vitamiin<\/td>\n<td>\u00a080 mg<\/td>\n<td>100%<\/td>\n<\/tr>\n<tr>\n<td>Niatsiin<\/td>\n<td>\u00a016 mg<\/td>\n<td>100%<\/td>\n<\/tr>\n<tr>\n<td>Raud<\/td>\n<td>\u00a014 mg<\/td>\n<td>100%<\/td>\n<\/tr>\n<tr>\n<td>E-vitamiin<\/td>\n<td>\u00a012 mg<\/td>\n<td>100%<\/td>\n<\/tr>\n<tr>\n<td>Tsink<\/td>\n<td>\u00a010 mg<\/td>\n<td>100%<\/td>\n<\/tr>\n<tr>\n<td>Pantoteenhape<\/td>\n<td>\u00a06 mg<\/td>\n<td>100%<\/td>\n<\/tr>\n<tr>\n<td>Mangaan<\/td>\n<td>\u00a01,8 mg<\/td>\n<td>90%<\/td>\n<\/tr>\n<tr>\n<td>Riboflaviin<\/td>\n<td>\u00a01,4 mg<\/td>\n<td>100%<\/td>\n<\/tr>\n<tr>\n<td>Vitamiin B6<\/td>\n<td>\u00a01,4 mg<\/td>\n<td>100%<\/td>\n<\/tr>\n<tr>\n<td>Tiamiin<\/td>\n<td>\u00a01,1 mg<\/td>\n<td>100%<\/td>\n<\/tr>\n<tr>\n<td>Vask<\/td>\n<td>\u00a01 mg<\/td>\n<td>100%<\/td>\n<\/tr>\n<tr>\n<td>A-vitamiin<\/td>\n<td>\u00a0800 \u00b5g<\/td>\n<td>100%<\/td>\n<\/tr>\n<tr>\n<td>Foolhape<\/td>\n<td>\u00a0200 \u00b5g<\/td>\n<td>100%<\/td>\n<\/tr>\n<tr>\n<td>Jood<\/td>\n<td>\u00a0150 \u00b5g<\/td>\n<td>100%<\/td>\n<\/tr>\n<tr>\n<td>Seleen<\/td>\n<td>\u00a055 \u00b5g<\/td>\n<td>100%<\/td>\n<\/tr>\n<tr>\n<td>Biotiin<\/td>\n<td>\u00a050 \u00b5g<\/td>\n<td>100%<\/td>\n<\/tr>\n<tr>\n<td>D-vitamiin<\/td>\n<td>\u00a05 \u00b5g<\/td>\n<td>100%<\/td>\n<\/tr>\n<tr>\n<td>Vitamiin B12<\/td>\n<td>\u00a02,5 \u00b5g<\/td>\n<td>100%<\/td>\n<\/tr>\n<\/tbody>\n<\/table>\n<p>*SPK \u2013 Soovitatud P\u00e4evane kogus.<\/p>\n<p>Vaata ka meie Teisi Multivitamiine <a href=\"https:\/\/fit360.ee\/en\/product-category\/product-groups\/vitamins-and-minerals-en\/multivitamins-en\/\"><strong>SIIT<\/strong><\/a>!<\/p>\n<p>Soovid kaupa osta suuremas koguses? Vaata antud toodet meie HULGI lehelt\u00a0<a href=\"https:\/\/toidulisandidhulgi.ee\/tooted\/100-vitmin-90tabs\/\"><strong>SIIT<\/strong><\/a>!<\/p>\n<\/section>\n","protected":false},"excerpt":{"rendered":"<ul>\n<li>20 erinevat koostisosa<\/li>\n<li>T\u00f5hus vitamiini- ja mineraalide kompleks<\/li>\n<li>Hea imendumine<\/li>\n<li>Mugav vorm<\/li>\n<\/ul>\n","protected":false},"featured_media":89840,"comment_status":"open","ping_status":"closed","template":"","meta":[],"product_brand":[],"product_cat":[2251,2255,1911,1913,2283,2259,2665,1915,1917,1329,2244,536,2275,2295],"product_tag":[5912,1924,5913,5914],"giftcard-category":[],"class_list":{"0":"post-89845","1":"product","2":"type-product","3":"status-publish","4":"has-post-thumbnail","6":"product_cat-b-vitamin-en","7":"product_cat-biotin-en","8":"product_cat-c-vitamin-en","9":"product_cat-d-vitamin-en","10":"product_cat-e-vitamin-en","11":"product_cat-folic-acid-en","12":"product_cat-iron-en","13":"product_cat-magnesium-en","14":"product_cat-multivitamins-en","15":"product_cat-ostrovit-en","16":"product_cat-selen-en","17":"product_cat-vitamins-and-minerals-en","18":"product_cat-zinc-en","19":"product_cat-zma-en","20":"product_tag-mulivitamiin-en","21":"product_tag-ostrovit-en","22":"product_tag-vitmin-en","23":"product_tag-vitmin-90-tabs-en","24":"pa_kogus-90-tablets","25":"pa_toidulisand-branddd-ostrovit","26":"pa_tootegruppp-b-vitamiin-en","27":"pa_tootegruppp-biotiin-en","28":"pa_tootegruppp-c-vitamiin-en","29":"pa_tootegruppp-d-vitamiin-en","30":"pa_tootegruppp-e-vitamiin-en","31":"pa_tootegruppp-foolhape-en","32":"pa_tootegruppp-magneesium-en","33":"pa_tootegruppp-multivitamiinid-en","34":"pa_tootegruppp-raud-en","35":"pa_tootegruppp-seleen-en","36":"pa_tootegruppp-tsink-en","37":"pa_tootegruppp-vitamins-and-minerals","38":"pa_tootegruppp-zma-en","40":"first","41":"outofstock","42":"sale","43":"taxable","44":"shipping-taxable","45":"purchasable","46":"product-type-simple"},"yoast_head":"<!-- This site is optimized with the Yoast SEO plugin v27.3 - https:\/\/yoast.com\/product\/yoast-seo-wordpress\/ -->\n<title>100% Vit&amp;Min (90tabs) - T\u00f5hus Multivitamiin - Kiire Tarne - Parim Hind - Fit360<\/title>\n<meta name=\"description\" content=\"Vit&amp;Min 90 on terviklik toidulisand, mis sisaldab kuni 20 v\u00e4\u00e4rtuslikku ainet \u2013 vitamiine ja mineraale, nagu kaltsium, magneesium, D- v\u00f5i E-vitamiin. See..\" \/>\n<meta name=\"robots\" content=\"index, follow, max-snippet:-1, max-image-preview:large, max-video-preview:-1\" \/>\n<link rel=\"canonical\" href=\"https:\/\/fit360.ee\/en\/pood\/product-groups\/vitamins-and-minerals-en\/c-vitamin-en\/100-vitmin-90tabs\/\" \/>\n<meta property=\"og:locale\" content=\"en_US\" \/>\n<meta property=\"og:type\" content=\"article\" \/>\n<meta property=\"og:title\" content=\"100% Vit&amp;Min (90tabs) - T\u00f5hus Multivitamiin - Kiire Tarne - Parim Hind - Fit360\" \/>\n<meta property=\"og:description\" content=\"Vit&amp;Min 90 on terviklik toidulisand, mis sisaldab kuni 20 v\u00e4\u00e4rtuslikku ainet \u2013 vitamiine ja mineraale, nagu kaltsium, magneesium, D- v\u00f5i E-vitamiin. See..\" \/>\n<meta property=\"og:url\" content=\"https:\/\/fit360.ee\/en\/pood\/product-groups\/vitamins-and-minerals-en\/c-vitamin-en\/100-vitmin-90tabs\/\" \/>\n<meta property=\"og:site_name\" content=\"Fit360\" \/>\n<meta property=\"article:modified_time\" content=\"2026-04-09T12:42:11+00:00\" \/>\n<meta property=\"og:image\" content=\"https:\/\/fit360.ee\/wp-content\/uploads\/2025\/08\/vitmin-90-1.png\" \/>\n\t<meta property=\"og:image:width\" content=\"450\" \/>\n\t<meta property=\"og:image:height\" content=\"450\" \/>\n\t<meta property=\"og:image:type\" content=\"image\/png\" \/>\n<meta name=\"twitter:card\" content=\"summary_large_image\" \/>\n<meta name=\"twitter:label1\" content=\"Est. reading time\" \/>\n\t<meta name=\"twitter:data1\" content=\"4 minutes\" \/>\n<script type=\"application\/ld+json\" class=\"yoast-schema-graph\">{\"@context\":\"https:\\\/\\\/schema.org\",\"@graph\":[{\"@type\":\"WebPage\",\"@id\":\"https:\\\/\\\/fit360.ee\\\/en\\\/pood\\\/product-groups\\\/vitamins-and-minerals-en\\\/c-vitamin-en\\\/100-vitmin-90tabs\\\/\",\"url\":\"https:\\\/\\\/fit360.ee\\\/en\\\/pood\\\/product-groups\\\/vitamins-and-minerals-en\\\/c-vitamin-en\\\/100-vitmin-90tabs\\\/\",\"name\":\"100% Vit&amp;Min (90tabs) - T\u00f5hus Multivitamiin - Kiire Tarne - Parim Hind - Fit360\",\"isPartOf\":{\"@id\":\"https:\\\/\\\/fit360.ee\\\/en\\\/#website\"},\"primaryImageOfPage\":{\"@id\":\"https:\\\/\\\/fit360.ee\\\/en\\\/pood\\\/product-groups\\\/vitamins-and-minerals-en\\\/c-vitamin-en\\\/100-vitmin-90tabs\\\/#primaryimage\"},\"image\":{\"@id\":\"https:\\\/\\\/fit360.ee\\\/en\\\/pood\\\/product-groups\\\/vitamins-and-minerals-en\\\/c-vitamin-en\\\/100-vitmin-90tabs\\\/#primaryimage\"},\"thumbnailUrl\":\"https:\\\/\\\/fit360.ee\\\/wp-content\\\/uploads\\\/2025\\\/08\\\/vitmin-90-1.png\",\"datePublished\":\"2025-08-05T07:26:03+00:00\",\"dateModified\":\"2026-04-09T12:42:11+00:00\",\"description\":\"Vit&Min 90 on terviklik toidulisand, mis sisaldab kuni 20 v\u00e4\u00e4rtuslikku ainet \u2013 vitamiine ja mineraale, nagu kaltsium, magneesium, D- v\u00f5i E-vitamiin. See..\",\"breadcrumb\":{\"@id\":\"https:\\\/\\\/fit360.ee\\\/en\\\/pood\\\/product-groups\\\/vitamins-and-minerals-en\\\/c-vitamin-en\\\/100-vitmin-90tabs\\\/#breadcrumb\"},\"inLanguage\":\"en-US\",\"potentialAction\":[{\"@type\":\"ReadAction\",\"target\":[\"https:\\\/\\\/fit360.ee\\\/en\\\/pood\\\/product-groups\\\/vitamins-and-minerals-en\\\/c-vitamin-en\\\/100-vitmin-90tabs\\\/\"]}]},{\"@type\":\"ImageObject\",\"inLanguage\":\"en-US\",\"@id\":\"https:\\\/\\\/fit360.ee\\\/en\\\/pood\\\/product-groups\\\/vitamins-and-minerals-en\\\/c-vitamin-en\\\/100-vitmin-90tabs\\\/#primaryimage\",\"url\":\"https:\\\/\\\/fit360.ee\\\/wp-content\\\/uploads\\\/2025\\\/08\\\/vitmin-90-1.png\",\"contentUrl\":\"https:\\\/\\\/fit360.ee\\\/wp-content\\\/uploads\\\/2025\\\/08\\\/vitmin-90-1.png\",\"width\":450,\"height\":450,\"caption\":\"vit&min vitamiinikompleks - fit360.ee\"},{\"@type\":\"BreadcrumbList\",\"@id\":\"https:\\\/\\\/fit360.ee\\\/en\\\/pood\\\/product-groups\\\/vitamins-and-minerals-en\\\/c-vitamin-en\\\/100-vitmin-90tabs\\\/#breadcrumb\",\"itemListElement\":[{\"@type\":\"ListItem\",\"position\":1,\"name\":\"Home\",\"item\":\"https:\\\/\\\/fit360.ee\\\/en\\\/\"},{\"@type\":\"ListItem\",\"position\":2,\"name\":\"Shop\",\"item\":\"https:\\\/\\\/fit360.ee\\\/en\\\/shop\\\/\"},{\"@type\":\"ListItem\",\"position\":3,\"name\":\"100% Vit&amp;Min (90tabs)\"}]},{\"@type\":\"WebSite\",\"@id\":\"https:\\\/\\\/fit360.ee\\\/en\\\/#website\",\"url\":\"https:\\\/\\\/fit360.ee\\\/en\\\/\",\"name\":\"Fit360\",\"description\":\"\",\"publisher\":{\"@id\":\"https:\\\/\\\/fit360.ee\\\/en\\\/#organization\"},\"potentialAction\":[{\"@type\":\"SearchAction\",\"target\":{\"@type\":\"EntryPoint\",\"urlTemplate\":\"https:\\\/\\\/fit360.ee\\\/en\\\/?s={search_term_string}\"},\"query-input\":{\"@type\":\"PropertyValueSpecification\",\"valueRequired\":true,\"valueName\":\"search_term_string\"}}],\"inLanguage\":\"en-US\"},{\"@type\":\"Organization\",\"@id\":\"https:\\\/\\\/fit360.ee\\\/en\\\/#organization\",\"name\":\"Fit360\",\"url\":\"https:\\\/\\\/fit360.ee\\\/en\\\/\",\"logo\":{\"@type\":\"ImageObject\",\"inLanguage\":\"en-US\",\"@id\":\"https:\\\/\\\/fit360.ee\\\/en\\\/#\\\/schema\\\/logo\\\/image\\\/\",\"url\":\"https:\\\/\\\/fit360.ee\\\/wp-content\\\/uploads\\\/2017\\\/01\\\/logo-fit360.png\",\"contentUrl\":\"https:\\\/\\\/fit360.ee\\\/wp-content\\\/uploads\\\/2017\\\/01\\\/logo-fit360.png\",\"width\":180,\"height\":66,\"caption\":\"Fit360\"},\"image\":{\"@id\":\"https:\\\/\\\/fit360.ee\\\/en\\\/#\\\/schema\\\/logo\\\/image\\\/\"}}]}<\/script>\n<!-- \/ Yoast SEO plugin. -->","yoast_head_json":{"title":"100% Vit&amp;Min (90tabs) - T\u00f5hus Multivitamiin - Kiire Tarne - Parim Hind - Fit360","description":"Vit&Min 90 on terviklik toidulisand, mis sisaldab kuni 20 v\u00e4\u00e4rtuslikku ainet \u2013 vitamiine ja mineraale, nagu kaltsium, magneesium, D- v\u00f5i E-vitamiin. See..","robots":{"index":"index","follow":"follow","max-snippet":"max-snippet:-1","max-image-preview":"max-image-preview:large","max-video-preview":"max-video-preview:-1"},"canonical":"https:\/\/fit360.ee\/en\/pood\/product-groups\/vitamins-and-minerals-en\/c-vitamin-en\/100-vitmin-90tabs\/","og_locale":"en_US","og_type":"article","og_title":"100% Vit&amp;Min (90tabs) - T\u00f5hus Multivitamiin - Kiire Tarne - Parim Hind - Fit360","og_description":"Vit&Min 90 on terviklik toidulisand, mis sisaldab kuni 20 v\u00e4\u00e4rtuslikku ainet \u2013 vitamiine ja mineraale, nagu kaltsium, magneesium, D- v\u00f5i E-vitamiin. See..","og_url":"https:\/\/fit360.ee\/en\/pood\/product-groups\/vitamins-and-minerals-en\/c-vitamin-en\/100-vitmin-90tabs\/","og_site_name":"Fit360","article_modified_time":"2026-04-09T12:42:11+00:00","og_image":[{"width":450,"height":450,"url":"https:\/\/fit360.ee\/wp-content\/uploads\/2025\/08\/vitmin-90-1.png","type":"image\/png"}],"twitter_card":"summary_large_image","twitter_misc":{"Est. reading time":"4 minutes"},"schema":{"@context":"https:\/\/schema.org","@graph":[{"@type":"WebPage","@id":"https:\/\/fit360.ee\/en\/pood\/product-groups\/vitamins-and-minerals-en\/c-vitamin-en\/100-vitmin-90tabs\/","url":"https:\/\/fit360.ee\/en\/pood\/product-groups\/vitamins-and-minerals-en\/c-vitamin-en\/100-vitmin-90tabs\/","name":"100% Vit&amp;Min (90tabs) - T\u00f5hus Multivitamiin - Kiire Tarne - Parim Hind - Fit360","isPartOf":{"@id":"https:\/\/fit360.ee\/en\/#website"},"primaryImageOfPage":{"@id":"https:\/\/fit360.ee\/en\/pood\/product-groups\/vitamins-and-minerals-en\/c-vitamin-en\/100-vitmin-90tabs\/#primaryimage"},"image":{"@id":"https:\/\/fit360.ee\/en\/pood\/product-groups\/vitamins-and-minerals-en\/c-vitamin-en\/100-vitmin-90tabs\/#primaryimage"},"thumbnailUrl":"https:\/\/fit360.ee\/wp-content\/uploads\/2025\/08\/vitmin-90-1.png","datePublished":"2025-08-05T07:26:03+00:00","dateModified":"2026-04-09T12:42:11+00:00","description":"Vit&Min 90 on terviklik toidulisand, mis sisaldab kuni 20 v\u00e4\u00e4rtuslikku ainet \u2013 vitamiine ja mineraale, nagu kaltsium, magneesium, D- v\u00f5i E-vitamiin. See..","breadcrumb":{"@id":"https:\/\/fit360.ee\/en\/pood\/product-groups\/vitamins-and-minerals-en\/c-vitamin-en\/100-vitmin-90tabs\/#breadcrumb"},"inLanguage":"en-US","potentialAction":[{"@type":"ReadAction","target":["https:\/\/fit360.ee\/en\/pood\/product-groups\/vitamins-and-minerals-en\/c-vitamin-en\/100-vitmin-90tabs\/"]}]},{"@type":"ImageObject","inLanguage":"en-US","@id":"https:\/\/fit360.ee\/en\/pood\/product-groups\/vitamins-and-minerals-en\/c-vitamin-en\/100-vitmin-90tabs\/#primaryimage","url":"https:\/\/fit360.ee\/wp-content\/uploads\/2025\/08\/vitmin-90-1.png","contentUrl":"https:\/\/fit360.ee\/wp-content\/uploads\/2025\/08\/vitmin-90-1.png","width":450,"height":450,"caption":"vit&min vitamiinikompleks - fit360.ee"},{"@type":"BreadcrumbList","@id":"https:\/\/fit360.ee\/en\/pood\/product-groups\/vitamins-and-minerals-en\/c-vitamin-en\/100-vitmin-90tabs\/#breadcrumb","itemListElement":[{"@type":"ListItem","position":1,"name":"Home","item":"https:\/\/fit360.ee\/en\/"},{"@type":"ListItem","position":2,"name":"Shop","item":"https:\/\/fit360.ee\/en\/shop\/"},{"@type":"ListItem","position":3,"name":"100% Vit&amp;Min (90tabs)"}]},{"@type":"WebSite","@id":"https:\/\/fit360.ee\/en\/#website","url":"https:\/\/fit360.ee\/en\/","name":"Fit360","description":"","publisher":{"@id":"https:\/\/fit360.ee\/en\/#organization"},"potentialAction":[{"@type":"SearchAction","target":{"@type":"EntryPoint","urlTemplate":"https:\/\/fit360.ee\/en\/?s={search_term_string}"},"query-input":{"@type":"PropertyValueSpecification","valueRequired":true,"valueName":"search_term_string"}}],"inLanguage":"en-US"},{"@type":"Organization","@id":"https:\/\/fit360.ee\/en\/#organization","name":"Fit360","url":"https:\/\/fit360.ee\/en\/","logo":{"@type":"ImageObject","inLanguage":"en-US","@id":"https:\/\/fit360.ee\/en\/#\/schema\/logo\/image\/","url":"https:\/\/fit360.ee\/wp-content\/uploads\/2017\/01\/logo-fit360.png","contentUrl":"https:\/\/fit360.ee\/wp-content\/uploads\/2017\/01\/logo-fit360.png","width":180,"height":66,"caption":"Fit360"},"image":{"@id":"https:\/\/fit360.ee\/en\/#\/schema\/logo\/image\/"}}]}},"_links":{"self":[{"href":"https:\/\/fit360.ee\/en\/wp-json\/wp\/v2\/product\/89845","targetHints":{"allow":["GET"]}}],"collection":[{"href":"https:\/\/fit360.ee\/en\/wp-json\/wp\/v2\/product"}],"about":[{"href":"https:\/\/fit360.ee\/en\/wp-json\/wp\/v2\/types\/product"}],"replies":[{"embeddable":true,"href":"https:\/\/fit360.ee\/en\/wp-json\/wp\/v2\/comments?post=89845"}],"wp:featuredmedia":[{"embeddable":true,"href":"https:\/\/fit360.ee\/en\/wp-json\/wp\/v2\/media\/89840"}],"wp:attachment":[{"href":"https:\/\/fit360.ee\/en\/wp-json\/wp\/v2\/media?parent=89845"}],"wp:term":[{"taxonomy":"product_brand","embeddable":true,"href":"https:\/\/fit360.ee\/en\/wp-json\/wp\/v2\/product_brand?post=89845"},{"taxonomy":"product_cat","embeddable":true,"href":"https:\/\/fit360.ee\/en\/wp-json\/wp\/v2\/product_cat?post=89845"},{"taxonomy":"product_tag","embeddable":true,"href":"https:\/\/fit360.ee\/en\/wp-json\/wp\/v2\/product_tag?post=89845"},{"taxonomy":"giftcard-category","embeddable":true,"href":"https:\/\/fit360.ee\/en\/wp-json\/wp\/v2\/giftcard-category?post=89845"}],"curies":[{"name":"wp","href":"https:\/\/api.w.org\/{rel}","templated":true}]}}