{"id":89983,"date":"2025-08-09T12:55:37","date_gmt":"2025-08-09T10:55:37","guid":{"rendered":"https:\/\/fit360.ee\/pood\/uncategorized\/mumio-shilajit-200mg-60tabs-d-vitamiin-4000-iu-120caps\/"},"modified":"2025-08-13T07:36:26","modified_gmt":"2025-08-13T05:36:26","slug":"mumio-shilajit-200mg-60tabs-d-vitamiin-4000-iu-120caps","status":"publish","type":"product","link":"https:\/\/fit360.ee\/en\/pood\/product-groups\/vitamins-and-minerals-en\/d-vitamin-en\/mumio-shilajit-200mg-60tabs-d-vitamiin-4000-iu-120caps\/","title":{"rendered":"Mumio Shilajit 200mg 60tabs + D Vitamiin 4000 IU 120caps"},"content":{"rendered":"<h2><strong>Mumio + D Vitamiin<\/strong><\/h2>\n<p>Mumio + D Vitamiin on kombo toetamaks Sinu tervist kvaliteetsete lisanditega. Kombo sisaldab kahte erinevat toodet erinevatelt tootjatelt.<\/p>\n<p>Mumm ehk mumio korrektne nimetus on \u201cshilajit\u201d. Shilajit on sanskriti keelest p\u00e4rit s\u00f5na, mis t\u00e4hendab \u201ckivide vallutaja\u201d. See nimi viitab selle loodusliku aine p\u00e4ritolule ja omadustele. Mumio, tuntud ka kui shilajit, on looduslik aine, mida leidub peamiselt k\u00f5rgetes m\u00e4gedes, sealhulgas Himaalaja, Altai ja Kaukaasia piirkondades. See on tumeda v\u00e4rvusega, kleepuv ja vaigutaoline aine, mis moodustub orgaaniliste ainete ja mineraalide aeglase lagunemise tulemusena. Shilajiti koostis varieerub s\u00f5ltuvalt geograafilisest piirkonnast ja kogumise meetodist, kuid \u00fcldiselt sisaldab see \u00fcle 85 erineva mineraali ja mikrotoitaine, sealhulgas fulvo- ja humiinhape Sisaldab mineraale nagu kaltsium, magneesium, kaalium ja raud, mis on olulised luude tugevuse, n\u00e4rvis\u00fcsteemi funktsiooni ja \u00fcldise heaolu jaoks.<\/p>\n<h4><strong>Miks on Mumm kasulik?<\/strong><\/h4>\n<ul>\n<li>Immuuns\u00fcsteemi toetamine \u2013 mumio antioks\u00fcdantide ja immunomoduleerivate omaduste abil v\u00f5ib see aidata organismil v\u00f5idelda nakkuste vastu.<\/li>\n<li>Tervisliku vananemise edendamine \u2013 mumio regulaarne tarbimine toetab \u00fcldist heaolu.<\/li>\n<li>Antioks\u00fcdantide allikas \u2013 mumio sisaldab antioks\u00fcdante, mis aitavad kaitsta rakke ja kudesid oks\u00fcdatiivse stressi eest.<\/li>\n<li>Seedimine \u2013 toetab seedimist ja toitainete imendumist, mis aitab parandada seedetrakti funktsiooni.<\/li>\n<li>Toetab kognitiivseid funktsioone \u2013 mumio aitab parandada m\u00e4lu, t\u00e4helepanu ja keskendumisv\u00f5imet.<\/li>\n<\/ul>\n<p><strong>Koostisosad<\/strong>: puhas Mumm<\/p>\n<p><strong>Kasutamine<\/strong>: T\u00e4iskasvanutel v\u00f5tta 2 tabletti p\u00e4evas (1 hommikul ja 1 \u00f5htul) koos toiduga, \u00fche kuu jooksul.<\/p>\n<p><strong>P\u00e4evane annus 2 tabletti sisaldab<\/strong>: mumiot 400mg, milles on 14 mg humiinhappeid. Mitte \u00fcletada soovitatud p\u00e4evast kogust! Ei soovitata naistele raseduse ja rinnaga toitmise perioodil, p\u00f5ie- ja neerukivide ning individuaalse talumatuse korral.<\/p>\n<p><strong>NB! Toodet hoida lastele k\u00e4ttesaamatus kohas.<\/strong><\/p>\n<p>Ei asenda mitmek\u00fclgset ja tasakaalustatud toitumist ja oluline on tervislik elustiil.<\/p>\n<table>\n<thead>\n<tr>\n<th><strong>Portsjoni kohta<\/strong><\/th>\n<th><strong>2 tabletti<\/strong><\/th>\n<\/tr>\n<\/thead>\n<tbody>\n<tr>\n<td>Mumm (shilajiti ekstrakt)<\/td>\n<td>400 mg<\/td>\n<\/tr>\n<tr>\n<td>sealhulgas humiinhapped<\/td>\n<td>14 mg<\/td>\n<\/tr>\n<\/tbody>\n<\/table>\n<p>Vaata ka meie teisi Antioks\u00fcdante\u00a0<a href=\"https:\/\/fit360.ee\/en\/product-category\/antioxidants-en\/\"><strong>SIIT<\/strong><\/a>\u00a0v\u00f5i Immuuns\u00fcsteemi toetavaid Lisandeid\u00a0<a href=\"https:\/\/fit360.ee\/en\/product-category\/for-immunity-en\/\"><strong>SIIT<\/strong><\/a>!<\/p>\n<h1><strong>D Vitamiin<\/strong><\/h1>\n<p>D Vitamiin 4000 IU puhul on tegemist rasvlahustuva vitamiiniga. \u00dcldnimetusena on nad kaltsiferoolid ning keskseteks esindajateks on vitameer D2 ehk ergokaltsiferool ja vitameer D3 ehk kolekaltsiferool. Just need nimetatud vitameerid omavadki bioaktiivsust. Kusjuures tuleb silmas pidada seda, et kolekaltsiferool on tugevam vorm ja just seda kasutatakse toidulisandites.<\/p>\n<p>D Vitamiin 4000 IU aitab meil paremini omastada\u00a0<a href=\"https:\/\/fit360.ee\/en\/product-category\/product-groups\/vitamins-and-minerals-en\/calcium-en\/\"><strong>kaltsiumi<\/strong><\/a>\u00a0ja fosforit, mis omakorda on kriitilise t\u00e4htsusega luude ja hammaste heaoluks. Kaltsiumi imendumine on eriti t\u00e4htis, kuna siis, kui seda kehas piisavalt ei ole, v\u00f5tab organism selle meie luudest. Kaltsiumi kasutab meie keha igap\u00e4evaselt n\u00e4iteks juuste ja naha uuendamiseks. Kaudselt v\u00f5ib p\u00e4ikesevitamiini nendes igap\u00e4evastes t\u00e4htsates toimingutes osaliseks pidada, kuna on kaltsiumiga tihedalt seotud.<\/p>\n<p>Kui D-vitamiini tase on kehas pikemat aega normist madalam, kasvab osteoporoosi ehk luuh\u00f5renemise oht, kuna kaltsium ei j\u00f5ua kehasse. Selle haiguse all kannatab p\u00e4ris suur hulk inimesi, eriti vanemas eas ja tihti enesele teadmata on see tingitud pikaajalisest D-vitamiini puudusest. Vanuse lisandudes t\u00f5useb ka vajadus p\u00e4ikesevitamiini j\u00e4rele.<\/p>\n<p><strong>Teised koostisosad<\/strong>: Oliivi\u00f5li, kapsli kest (\u017eelatiin, niisutaja: gl\u00fctserool; puhastatud vesi), kolekaltsiferool (D -vitamiin).<\/p>\n<p><strong>Kasutamine<\/strong>: V\u00f5ta 1 kapsel p\u00e4evas koos toiduga.<\/p>\n<table>\n<tbody>\n<tr>\n<td width=\"205\"><strong>Toimeaine<\/strong><\/td>\n<td width=\"205\"><strong>1 geelkapsel<\/strong><\/td>\n<td width=\"205\"><strong>% SPK<\/strong><\/td>\n<\/tr>\n<tr>\n<td width=\"205\">Vitamin D3<\/td>\n<td width=\"205\">100\u03bcg (4000IU)<\/td>\n<td width=\"205\">1000%<\/td>\n<\/tr>\n<\/tbody>\n<\/table>\n<p><strong>Hoiusta<\/strong>\u00a0kuivas ja jahedas kohas, eemal otsesest p\u00e4evavalgusest.<\/p>\n<p>Vaata ka meie teisi D Vitamiine\u00a0<a href=\"https:\/\/fit360.ee\/en\/product-category\/product-groups\/vitamins-and-minerals-en\/d-vitamin-en\/\"><strong>SIIT<\/strong><\/a>!<\/p>\n<p>&nbsp;<\/p>\n<p>&nbsp;<\/p>\n","protected":false},"excerpt":{"rendered":"<p><strong>Mumio + D Vitamiin<\/strong> on kombo toetamaks Sinu tervist kvaliteetsete lisanditega. Kombo sisaldab kahte erinevat toodet erinevatelt tootjatelt.<\/p>\n","protected":false},"featured_media":89979,"comment_status":"open","ping_status":"closed","template":"","meta":[],"product_brand":[],"product_cat":[5311,1913,1418,5320,527,1454,536],"product_tag":[5921],"giftcard-category":[],"class_list":{"0":"post-89983","1":"product","2":"type-product","3":"status-publish","4":"has-post-thumbnail","6":"product_cat-antioxidants-en","7":"product_cat-d-vitamin-en","8":"product_cat-fit360-ee-en","9":"product_cat-for-immunity-en","10":"product_cat-joint-support-en","11":"product_cat-superfoods-health-foods-en","12":"product_cat-vitamins-and-minerals-en","13":"product_tag-mumio-d-vitamiin-en","14":"pa_kogus-120-capsules","15":"pa_toidulisand-branddd-fit360-ee","16":"pa_tootegruppp-antioksudandid-en","17":"pa_tootegruppp-d-vitamiin-en","18":"pa_tootegruppp-for-joints","19":"pa_tootegruppp-immuunsusteem-en","20":"pa_tootegruppp-supertoit-tervisetoit-en","21":"pa_tootegruppp-vitamins-and-minerals","23":"first","24":"instock","25":"sale","26":"taxable","27":"shipping-taxable","28":"purchasable","29":"product-type-simple"},"yoast_head":"<!-- This site is optimized with the Yoast SEO plugin v27.3 - https:\/\/yoast.com\/product\/yoast-seo-wordpress\/ -->\n<title>Mumio Shilajit 200mg 60tabs + D Vitamiin 4000 IU 120caps - Fit360<\/title>\n<meta name=\"description\" content=\"Mumio + D Vitamiin on kombo toetamaks Sinu tervist kvaliteetsete lisanditega. Kombo sisaldab kahte erinevat toodet erinevatelt tootjatelt.\u00a0 Kombo on...\" \/>\n<meta name=\"robots\" content=\"index, follow, max-snippet:-1, max-image-preview:large, max-video-preview:-1\" \/>\n<link rel=\"canonical\" href=\"https:\/\/fit360.ee\/en\/pood\/product-groups\/vitamins-and-minerals-en\/d-vitamin-en\/mumio-shilajit-200mg-60tabs-d-vitamiin-4000-iu-120caps\/\" \/>\n<meta property=\"og:locale\" content=\"en_US\" \/>\n<meta property=\"og:type\" content=\"article\" \/>\n<meta property=\"og:title\" content=\"Mumio Shilajit 200mg 60tabs + D Vitamiin 4000 IU 120caps - Fit360\" \/>\n<meta property=\"og:description\" content=\"Mumio + D Vitamiin on kombo toetamaks Sinu tervist kvaliteetsete lisanditega. Kombo sisaldab kahte erinevat toodet erinevatelt tootjatelt.\u00a0 Kombo on...\" \/>\n<meta property=\"og:url\" content=\"https:\/\/fit360.ee\/en\/pood\/product-groups\/vitamins-and-minerals-en\/d-vitamin-en\/mumio-shilajit-200mg-60tabs-d-vitamiin-4000-iu-120caps\/\" \/>\n<meta property=\"og:site_name\" content=\"Fit360\" \/>\n<meta property=\"article:modified_time\" content=\"2025-08-13T05:36:26+00:00\" \/>\n<meta property=\"og:image\" content=\"https:\/\/fit360.ee\/wp-content\/uploads\/2025\/08\/b18829e8-2976-4810-9a00-7b97dc9e5252.jpg\" \/>\n\t<meta property=\"og:image:width\" content=\"1024\" \/>\n\t<meta property=\"og:image:height\" content=\"1024\" \/>\n\t<meta property=\"og:image:type\" content=\"image\/jpeg\" \/>\n<meta name=\"twitter:card\" content=\"summary_large_image\" \/>\n<meta name=\"twitter:label1\" content=\"Est. reading time\" \/>\n\t<meta name=\"twitter:data1\" content=\"3 minutes\" \/>\n<script type=\"application\/ld+json\" class=\"yoast-schema-graph\">{\"@context\":\"https:\\\/\\\/schema.org\",\"@graph\":[{\"@type\":\"WebPage\",\"@id\":\"https:\\\/\\\/fit360.ee\\\/en\\\/pood\\\/product-groups\\\/vitamins-and-minerals-en\\\/d-vitamin-en\\\/mumio-shilajit-200mg-60tabs-d-vitamiin-4000-iu-120caps\\\/\",\"url\":\"https:\\\/\\\/fit360.ee\\\/en\\\/pood\\\/product-groups\\\/vitamins-and-minerals-en\\\/d-vitamin-en\\\/mumio-shilajit-200mg-60tabs-d-vitamiin-4000-iu-120caps\\\/\",\"name\":\"Mumio Shilajit 200mg 60tabs + D Vitamiin 4000 IU 120caps - Fit360\",\"isPartOf\":{\"@id\":\"https:\\\/\\\/fit360.ee\\\/en\\\/#website\"},\"primaryImageOfPage\":{\"@id\":\"https:\\\/\\\/fit360.ee\\\/en\\\/pood\\\/product-groups\\\/vitamins-and-minerals-en\\\/d-vitamin-en\\\/mumio-shilajit-200mg-60tabs-d-vitamiin-4000-iu-120caps\\\/#primaryimage\"},\"image\":{\"@id\":\"https:\\\/\\\/fit360.ee\\\/en\\\/pood\\\/product-groups\\\/vitamins-and-minerals-en\\\/d-vitamin-en\\\/mumio-shilajit-200mg-60tabs-d-vitamiin-4000-iu-120caps\\\/#primaryimage\"},\"thumbnailUrl\":\"https:\\\/\\\/fit360.ee\\\/wp-content\\\/uploads\\\/2025\\\/08\\\/b18829e8-2976-4810-9a00-7b97dc9e5252.jpg\",\"datePublished\":\"2025-08-09T10:55:37+00:00\",\"dateModified\":\"2025-08-13T05:36:26+00:00\",\"description\":\"Mumio + D Vitamiin on kombo toetamaks Sinu tervist kvaliteetsete lisanditega. Kombo sisaldab kahte erinevat toodet erinevatelt tootjatelt.\u00a0 Kombo on...\",\"breadcrumb\":{\"@id\":\"https:\\\/\\\/fit360.ee\\\/en\\\/pood\\\/product-groups\\\/vitamins-and-minerals-en\\\/d-vitamin-en\\\/mumio-shilajit-200mg-60tabs-d-vitamiin-4000-iu-120caps\\\/#breadcrumb\"},\"inLanguage\":\"en-US\",\"potentialAction\":[{\"@type\":\"ReadAction\",\"target\":[\"https:\\\/\\\/fit360.ee\\\/en\\\/pood\\\/product-groups\\\/vitamins-and-minerals-en\\\/d-vitamin-en\\\/mumio-shilajit-200mg-60tabs-d-vitamiin-4000-iu-120caps\\\/\"]}]},{\"@type\":\"ImageObject\",\"inLanguage\":\"en-US\",\"@id\":\"https:\\\/\\\/fit360.ee\\\/en\\\/pood\\\/product-groups\\\/vitamins-and-minerals-en\\\/d-vitamin-en\\\/mumio-shilajit-200mg-60tabs-d-vitamiin-4000-iu-120caps\\\/#primaryimage\",\"url\":\"https:\\\/\\\/fit360.ee\\\/wp-content\\\/uploads\\\/2025\\\/08\\\/b18829e8-2976-4810-9a00-7b97dc9e5252.jpg\",\"contentUrl\":\"https:\\\/\\\/fit360.ee\\\/wp-content\\\/uploads\\\/2025\\\/08\\\/b18829e8-2976-4810-9a00-7b97dc9e5252.jpg\",\"width\":1024,\"height\":1024,\"caption\":\"mumio + D vitamiin - fit360.ee\"},{\"@type\":\"BreadcrumbList\",\"@id\":\"https:\\\/\\\/fit360.ee\\\/en\\\/pood\\\/product-groups\\\/vitamins-and-minerals-en\\\/d-vitamin-en\\\/mumio-shilajit-200mg-60tabs-d-vitamiin-4000-iu-120caps\\\/#breadcrumb\",\"itemListElement\":[{\"@type\":\"ListItem\",\"position\":1,\"name\":\"Home\",\"item\":\"https:\\\/\\\/fit360.ee\\\/en\\\/\"},{\"@type\":\"ListItem\",\"position\":2,\"name\":\"Shop\",\"item\":\"https:\\\/\\\/fit360.ee\\\/en\\\/shop\\\/\"},{\"@type\":\"ListItem\",\"position\":3,\"name\":\"Mumio Shilajit 200mg 60tabs + D Vitamiin 4000 IU 120caps\"}]},{\"@type\":\"WebSite\",\"@id\":\"https:\\\/\\\/fit360.ee\\\/en\\\/#website\",\"url\":\"https:\\\/\\\/fit360.ee\\\/en\\\/\",\"name\":\"Fit360\",\"description\":\"\",\"publisher\":{\"@id\":\"https:\\\/\\\/fit360.ee\\\/en\\\/#organization\"},\"potentialAction\":[{\"@type\":\"SearchAction\",\"target\":{\"@type\":\"EntryPoint\",\"urlTemplate\":\"https:\\\/\\\/fit360.ee\\\/en\\\/?s={search_term_string}\"},\"query-input\":{\"@type\":\"PropertyValueSpecification\",\"valueRequired\":true,\"valueName\":\"search_term_string\"}}],\"inLanguage\":\"en-US\"},{\"@type\":\"Organization\",\"@id\":\"https:\\\/\\\/fit360.ee\\\/en\\\/#organization\",\"name\":\"Fit360\",\"url\":\"https:\\\/\\\/fit360.ee\\\/en\\\/\",\"logo\":{\"@type\":\"ImageObject\",\"inLanguage\":\"en-US\",\"@id\":\"https:\\\/\\\/fit360.ee\\\/en\\\/#\\\/schema\\\/logo\\\/image\\\/\",\"url\":\"https:\\\/\\\/fit360.ee\\\/wp-content\\\/uploads\\\/2017\\\/01\\\/logo-fit360.png\",\"contentUrl\":\"https:\\\/\\\/fit360.ee\\\/wp-content\\\/uploads\\\/2017\\\/01\\\/logo-fit360.png\",\"width\":180,\"height\":66,\"caption\":\"Fit360\"},\"image\":{\"@id\":\"https:\\\/\\\/fit360.ee\\\/en\\\/#\\\/schema\\\/logo\\\/image\\\/\"}}]}<\/script>\n<!-- \/ Yoast SEO plugin. -->","yoast_head_json":{"title":"Mumio Shilajit 200mg 60tabs + D Vitamiin 4000 IU 120caps - Fit360","description":"Mumio + D Vitamiin on kombo toetamaks Sinu tervist kvaliteetsete lisanditega. Kombo sisaldab kahte erinevat toodet erinevatelt tootjatelt.\u00a0 Kombo on...","robots":{"index":"index","follow":"follow","max-snippet":"max-snippet:-1","max-image-preview":"max-image-preview:large","max-video-preview":"max-video-preview:-1"},"canonical":"https:\/\/fit360.ee\/en\/pood\/product-groups\/vitamins-and-minerals-en\/d-vitamin-en\/mumio-shilajit-200mg-60tabs-d-vitamiin-4000-iu-120caps\/","og_locale":"en_US","og_type":"article","og_title":"Mumio Shilajit 200mg 60tabs + D Vitamiin 4000 IU 120caps - Fit360","og_description":"Mumio + D Vitamiin on kombo toetamaks Sinu tervist kvaliteetsete lisanditega. Kombo sisaldab kahte erinevat toodet erinevatelt tootjatelt.\u00a0 Kombo on...","og_url":"https:\/\/fit360.ee\/en\/pood\/product-groups\/vitamins-and-minerals-en\/d-vitamin-en\/mumio-shilajit-200mg-60tabs-d-vitamiin-4000-iu-120caps\/","og_site_name":"Fit360","article_modified_time":"2025-08-13T05:36:26+00:00","og_image":[{"width":1024,"height":1024,"url":"https:\/\/fit360.ee\/wp-content\/uploads\/2025\/08\/b18829e8-2976-4810-9a00-7b97dc9e5252.jpg","type":"image\/jpeg"}],"twitter_card":"summary_large_image","twitter_misc":{"Est. reading time":"3 minutes"},"schema":{"@context":"https:\/\/schema.org","@graph":[{"@type":"WebPage","@id":"https:\/\/fit360.ee\/en\/pood\/product-groups\/vitamins-and-minerals-en\/d-vitamin-en\/mumio-shilajit-200mg-60tabs-d-vitamiin-4000-iu-120caps\/","url":"https:\/\/fit360.ee\/en\/pood\/product-groups\/vitamins-and-minerals-en\/d-vitamin-en\/mumio-shilajit-200mg-60tabs-d-vitamiin-4000-iu-120caps\/","name":"Mumio Shilajit 200mg 60tabs + D Vitamiin 4000 IU 120caps - Fit360","isPartOf":{"@id":"https:\/\/fit360.ee\/en\/#website"},"primaryImageOfPage":{"@id":"https:\/\/fit360.ee\/en\/pood\/product-groups\/vitamins-and-minerals-en\/d-vitamin-en\/mumio-shilajit-200mg-60tabs-d-vitamiin-4000-iu-120caps\/#primaryimage"},"image":{"@id":"https:\/\/fit360.ee\/en\/pood\/product-groups\/vitamins-and-minerals-en\/d-vitamin-en\/mumio-shilajit-200mg-60tabs-d-vitamiin-4000-iu-120caps\/#primaryimage"},"thumbnailUrl":"https:\/\/fit360.ee\/wp-content\/uploads\/2025\/08\/b18829e8-2976-4810-9a00-7b97dc9e5252.jpg","datePublished":"2025-08-09T10:55:37+00:00","dateModified":"2025-08-13T05:36:26+00:00","description":"Mumio + D Vitamiin on kombo toetamaks Sinu tervist kvaliteetsete lisanditega. Kombo sisaldab kahte erinevat toodet erinevatelt tootjatelt.\u00a0 Kombo on...","breadcrumb":{"@id":"https:\/\/fit360.ee\/en\/pood\/product-groups\/vitamins-and-minerals-en\/d-vitamin-en\/mumio-shilajit-200mg-60tabs-d-vitamiin-4000-iu-120caps\/#breadcrumb"},"inLanguage":"en-US","potentialAction":[{"@type":"ReadAction","target":["https:\/\/fit360.ee\/en\/pood\/product-groups\/vitamins-and-minerals-en\/d-vitamin-en\/mumio-shilajit-200mg-60tabs-d-vitamiin-4000-iu-120caps\/"]}]},{"@type":"ImageObject","inLanguage":"en-US","@id":"https:\/\/fit360.ee\/en\/pood\/product-groups\/vitamins-and-minerals-en\/d-vitamin-en\/mumio-shilajit-200mg-60tabs-d-vitamiin-4000-iu-120caps\/#primaryimage","url":"https:\/\/fit360.ee\/wp-content\/uploads\/2025\/08\/b18829e8-2976-4810-9a00-7b97dc9e5252.jpg","contentUrl":"https:\/\/fit360.ee\/wp-content\/uploads\/2025\/08\/b18829e8-2976-4810-9a00-7b97dc9e5252.jpg","width":1024,"height":1024,"caption":"mumio + D vitamiin - fit360.ee"},{"@type":"BreadcrumbList","@id":"https:\/\/fit360.ee\/en\/pood\/product-groups\/vitamins-and-minerals-en\/d-vitamin-en\/mumio-shilajit-200mg-60tabs-d-vitamiin-4000-iu-120caps\/#breadcrumb","itemListElement":[{"@type":"ListItem","position":1,"name":"Home","item":"https:\/\/fit360.ee\/en\/"},{"@type":"ListItem","position":2,"name":"Shop","item":"https:\/\/fit360.ee\/en\/shop\/"},{"@type":"ListItem","position":3,"name":"Mumio Shilajit 200mg 60tabs + D Vitamiin 4000 IU 120caps"}]},{"@type":"WebSite","@id":"https:\/\/fit360.ee\/en\/#website","url":"https:\/\/fit360.ee\/en\/","name":"Fit360","description":"","publisher":{"@id":"https:\/\/fit360.ee\/en\/#organization"},"potentialAction":[{"@type":"SearchAction","target":{"@type":"EntryPoint","urlTemplate":"https:\/\/fit360.ee\/en\/?s={search_term_string}"},"query-input":{"@type":"PropertyValueSpecification","valueRequired":true,"valueName":"search_term_string"}}],"inLanguage":"en-US"},{"@type":"Organization","@id":"https:\/\/fit360.ee\/en\/#organization","name":"Fit360","url":"https:\/\/fit360.ee\/en\/","logo":{"@type":"ImageObject","inLanguage":"en-US","@id":"https:\/\/fit360.ee\/en\/#\/schema\/logo\/image\/","url":"https:\/\/fit360.ee\/wp-content\/uploads\/2017\/01\/logo-fit360.png","contentUrl":"https:\/\/fit360.ee\/wp-content\/uploads\/2017\/01\/logo-fit360.png","width":180,"height":66,"caption":"Fit360"},"image":{"@id":"https:\/\/fit360.ee\/en\/#\/schema\/logo\/image\/"}}]}},"_links":{"self":[{"href":"https:\/\/fit360.ee\/en\/wp-json\/wp\/v2\/product\/89983","targetHints":{"allow":["GET"]}}],"collection":[{"href":"https:\/\/fit360.ee\/en\/wp-json\/wp\/v2\/product"}],"about":[{"href":"https:\/\/fit360.ee\/en\/wp-json\/wp\/v2\/types\/product"}],"replies":[{"embeddable":true,"href":"https:\/\/fit360.ee\/en\/wp-json\/wp\/v2\/comments?post=89983"}],"wp:featuredmedia":[{"embeddable":true,"href":"https:\/\/fit360.ee\/en\/wp-json\/wp\/v2\/media\/89979"}],"wp:attachment":[{"href":"https:\/\/fit360.ee\/en\/wp-json\/wp\/v2\/media?parent=89983"}],"wp:term":[{"taxonomy":"product_brand","embeddable":true,"href":"https:\/\/fit360.ee\/en\/wp-json\/wp\/v2\/product_brand?post=89983"},{"taxonomy":"product_cat","embeddable":true,"href":"https:\/\/fit360.ee\/en\/wp-json\/wp\/v2\/product_cat?post=89983"},{"taxonomy":"product_tag","embeddable":true,"href":"https:\/\/fit360.ee\/en\/wp-json\/wp\/v2\/product_tag?post=89983"},{"taxonomy":"giftcard-category","embeddable":true,"href":"https:\/\/fit360.ee\/en\/wp-json\/wp\/v2\/giftcard-category?post=89983"}],"curies":[{"name":"wp","href":"https:\/\/api.w.org\/{rel}","templated":true}]}}