{"id":90208,"date":"2025-08-15T12:48:00","date_gmt":"2025-08-15T10:48:00","guid":{"rendered":"https:\/\/fit360.ee\/pood\/uncategorized\/iconfit-isotonic-spordijoogipulber-400g\/"},"modified":"2026-04-09T14:27:34","modified_gmt":"2026-04-09T12:27:34","slug":"iconfit-isotonic-spordijoogipulber-400g","status":"publish","type":"product","link":"https:\/\/fit360.ee\/en\/pood\/product-groups\/energy-carbohydrates\/isotonic-en\/iconfit-isotonic-spordijoogipulber-400g\/","title":{"rendered":"ICONFIT Isotonic Spordijoogipulber (400g)"},"content":{"rendered":"<h1><strong>ICONFIT Isotooniline spordijoogipulber<\/strong><\/h1>\n<p><strong>ICONFIT Isotooniline spordijoogipulber<\/strong>\u00a0on ideaalne janukustutaja, mis on kergesti imenduv aidates taastada energia- ja vedelikuvarusid. ICONFIT Isotonic koosneb s\u00fcsivesikutest, elektrol\u00fc\u00fctidest ja mitmetest vitamiinidest. T\u00e4iendavate s\u00fcsivesikute andmine treeningu ajal parandab j\u00f5udlust, v\u00f5istlusaegu ja aeglustab v\u00e4simuse teket.\u00a0 K\u00f5ik need koostisosad on vajalikud v\u00e4ga intensiivse treeningu ajal. Pulber on vees v\u00e4ga h\u00e4sti lahustuv ja seda on lihtne valmistada.<\/p>\n<p>Millal kasutada ICONFIT Isotonic spordijoogipulbrit?<\/p>\n<ul>\n<li>Kasuta toodet kestva pingutuse korral, et s\u00e4ilitada energiavarusid. Treeningu ajal kaotab meie keha mineraalsooli ja vett. Deh\u00fcdaratsioon v\u00f5ib meie sportlikke tulemusi v\u00e4hendada, seet\u00f5ttu on oluline tarbida isotoonilisi jooke, et tagada h\u00fcdratatsiooni s\u00e4ilitamine ja varustada keha elektrol\u00fc\u00fctide ja s\u00fcsivesikuega.<\/li>\n<li>Ideaalne janukustutaja.<\/li>\n<li>Kasuta toodet ka peale f\u00fc\u00fcsilist pingutust, et t\u00e4iendada gl\u00fckogeeni ja mineraalide varusid, v\u00f5imaldades paremat taastumist<\/li>\n<li>Toode sobib eriti h\u00e4sti kasutamiseks raskelt treenivatele sportlastele, pikamaajooksjatele, maratonijooksjatele ja suurenenud igap\u00e4evase f\u00fc\u00fcsilise aktiivsusega inimestele. See on ka ideaalne spordijook kuuma ilmaga treenimiseks ja v\u00f5istlemiseks.<\/li>\n<\/ul>\n<p><strong>Saadaval 3 suurep\u00e4rast maitset \u2013 apelsin, greip, j\u00f5hvikas.<\/strong><\/p>\n<div class=\"table-2\">\n<table width=\"100%\">\n<thead>\n<tr>\n<th align=\"left\"><strong>Toitained:<\/strong><\/th>\n<th align=\"left\"><strong>Apelsin \/ 100g<\/strong><\/th>\n<th align=\"left\"><strong>Apelsin \/40g\u00a0<\/strong><\/th>\n<th align=\"left\"><strong>Greip\/100g<\/strong><\/th>\n<th align=\"left\"><strong>Greip\/40g\u00a0<\/strong><\/th>\n<th align=\"left\"><strong>J\u00f5hvikas\/100g<\/strong><\/th>\n<th align=\"left\"><strong>J\u00f5hvikas\/40g\u00a0<\/strong><\/th>\n<\/tr>\n<\/thead>\n<tbody>\n<tr>\n<td align=\"left\">Energia (kJ\/kcal)<\/td>\n<td align=\"left\">1536.6\/367.3<\/td>\n<td align=\"left\">614.7\/146.9<\/td>\n<td align=\"left\">1538.6\/367.7<\/td>\n<td align=\"left\">615.4\/147.1<\/td>\n<td align=\"left\">1540.6\/368.2<\/td>\n<td align=\"left\">616.3\/147.3<\/td>\n<\/tr>\n<tr>\n<td align=\"left\">Valgud(g)<\/td>\n<td align=\"left\">0<\/td>\n<td align=\"left\">0<\/td>\n<td align=\"left\">0<\/td>\n<td align=\"left\">0<\/td>\n<td align=\"left\">0<\/td>\n<td align=\"left\">0<\/td>\n<\/tr>\n<tr>\n<td align=\"left\">S\u00fcsivesikud(g)<\/td>\n<td align=\"left\">87.4<\/td>\n<td align=\"left\">47.3<\/td>\n<td align=\"left\">87.1<\/td>\n<td align=\"left\">47.4<\/td>\n<td align=\"left\">87.7<\/td>\n<td align=\"left\">47.6<\/td>\n<\/tr>\n<tr>\n<td align=\"left\">..millest suhkrud(g)<\/td>\n<td align=\"left\">35.0<\/td>\n<td align=\"left\">18.9<\/td>\n<td align=\"left\">34.8<\/td>\n<td align=\"left\">18.9<\/td>\n<td align=\"left\">35.1<\/td>\n<td align=\"left\">19-0<\/td>\n<\/tr>\n<tr>\n<td align=\"left\">Rasvad(g)<\/td>\n<td align=\"left\">0<\/td>\n<td align=\"left\">0<\/td>\n<td align=\"left\">0<\/td>\n<td align=\"left\">0<\/td>\n<td align=\"left\">0<\/td>\n<td align=\"left\">0<\/td>\n<\/tr>\n<tr>\n<td align=\"left\">..millest k\u00fcllastunud(g)<\/td>\n<td align=\"left\">0<\/td>\n<td align=\"left\">0<\/td>\n<td align=\"left\">0<\/td>\n<td align=\"left\">0<\/td>\n<td align=\"left\">0<\/td>\n<td align=\"left\">0<\/td>\n<\/tr>\n<tr>\n<td align=\"left\">Sool (g)<\/td>\n<td align=\"left\">0.6<\/td>\n<td align=\"left\">0.25<\/td>\n<td align=\"left\">0.6<\/td>\n<td align=\"left\">0.25<\/td>\n<td align=\"left\">0.6<\/td>\n<td align=\"left\">0.25<\/td>\n<\/tr>\n<\/tbody>\n<\/table>\n<\/div>\n<p>&nbsp;<\/p>\n<div class=\"table-2\">\n<table width=\"100%\">\n<thead>\n<tr>\n<th align=\"left\"><strong>Vitamiinid ja mineraalid:<\/strong><\/th>\n<th align=\"left\"><strong>100g<\/strong><\/th>\n<th align=\"left\"><strong>40g\u00a0<\/strong><\/th>\n<\/tr>\n<\/thead>\n<tbody>\n<tr>\n<td align=\"left\">Kaltsium (mg)<\/td>\n<td align=\"left\">150,0 (18,8%*)<\/td>\n<td align=\"left\">60,0 (7,5%*)<\/td>\n<\/tr>\n<tr>\n<td align=\"left\">Magneesium (mg)<\/td>\n<td align=\"left\">150,0 (18,8%*)<\/td>\n<td align=\"left\">28,1 (7,5%*)<\/td>\n<\/tr>\n<tr>\n<td align=\"left\">Kaalium (mg)<\/td>\n<td align=\"left\">373,8 (18,8%*)<\/td>\n<td align=\"left\">149,5 (7,5%*)<\/td>\n<\/tr>\n<tr>\n<td align=\"left\">Vitamiin C (mg)<\/td>\n<td align=\"left\">200 (250%*)<\/td>\n<td align=\"left\">80 (100%*)<\/td>\n<\/tr>\n<tr>\n<td align=\"left\">Vitamiin B6 (mg)<\/td>\n<td align=\"left\">0,53 (37,5%*)<\/td>\n<td align=\"left\">0,21 (15%*)<\/td>\n<\/tr>\n<tr>\n<td align=\"left\">Vitamiin B2 (mg)<\/td>\n<td align=\"left\">0,53 (37,5%*)<\/td>\n<td align=\"left\">0,21 (15%*)<\/td>\n<\/tr>\n<tr>\n<td align=\"left\">Vitamiin B1 (mg)<\/td>\n<td align=\"left\">0,41 (37,5%*)<\/td>\n<td align=\"left\">0,17 (15%*)<\/td>\n<\/tr>\n<tr>\n<td align=\"left\">Vitamiin B12 (mg)<\/td>\n<td align=\"left\">0,94 (37,5%*)<\/td>\n<td align=\"left\">0,38 (15%*)<\/td>\n<\/tr>\n<\/tbody>\n<\/table>\n<\/div>\n<p>*-protsent p\u00e4evasest v\u00f5rdluskogusest t\u00e4iskasvanutele<\/p>\n<p><strong>KOOSTISOSAD:<\/strong>\u00a0dekstroos, maltodekstriin, Palatinose isomaltuloos, l\u00f5hna- ja maitseained, happesuse regulaator: sidrunhape, vitamiin C (L-askorbiinhape), kaltsiumlaktaat, magneesiumlaktaat, kaaliumtsitraat, naatriumtsitraat, sool, vitamiinid: B6, B2, B1, B12, magusaine sukraloos.<\/p>\n<p><strong>KASUTAMINE:<\/strong>\u00a0sega 40g pulbrit (1 servani m\u00f5\u00f5dulusikas) 500 ml veega ning tarbi treeningu ajal.<\/p>\n<p>Vaata ka meie Teisi Isotoonilisi Spordijooke\u00a0<a href=\"https:\/\/fit360.ee\/en\/product-category\/product-groups\/energy-carbohydrates\/isotonic-en\/\"><strong>SIIT<\/strong><\/a>!<\/p>\n<p>Soovid teha suuremat tellimust? Vaata antud toodet meie HULGI lehelt\u00a0<a href=\"https:\/\/toidulisandidhulgi.ee\/tooted\/iconfit-isotonic-spordijoogipulber-400g\/\"><strong>SIIT<\/strong><\/a>!<\/p>\n","protected":false},"excerpt":{"rendered":"<ul>\n<li>Aitab s\u00e4ilitada sooritusv\u00f5imet kestva pingutuse korral andes energiat.<\/li>\n<li>Aitab kaasa vee imendumisele f\u00fc\u00fcsilise treeningu v\u00e4ltel.<\/li>\n<li><span style=\"font-size: 14.4px;\">Aitab h\u00fcdreeruda, pakkudes s\u00fcsivesikuid ja elektrol\u00fc\u00fcte, mida meie keha sportimise ajal kaotab.<\/span><\/li>\n<li><span style=\"font-size: 14.4px;\">Aitab v\u00e4ltida krampide teket.<\/span><\/li>\n<li><span style=\"font-size: 14.4px;\">Aitab saavutada maksimaalset j\u00f5udlust.<\/span><\/li>\n<li><span style=\"font-size: 14.4px;\">V\u00e4ga hea imenduvusega. Sisaldab ka Palatinose isomaltuloosi, mis on eriti aeglase imendumisega energiaallikas.<\/span><\/li>\n<li><span style=\"font-size: 14.4px;\">Eestis v\u00e4lja arendatud ja toodetud!<\/span><\/li>\n<\/ul>\n","protected":false},"featured_media":90213,"comment_status":"open","ping_status":"closed","template":"","meta":[],"product_brand":[],"product_cat":[522,1318,2460],"product_tag":[1681,5969,3298],"giftcard-category":[],"class_list":{"0":"post-90208","1":"product","2":"type-product","3":"status-publish","4":"has-post-thumbnail","6":"product_cat-energy-carbohydrates","7":"product_cat-iconfit-en","8":"product_cat-isotonic-en","9":"product_tag-iconfit-en","10":"product_tag-iconfit-isotooniline-spordijoogipulber-en","11":"product_tag-isotooniline-en","12":"pa_kogus-400g-en","13":"pa_maitse-cranberry","14":"pa_maitse-grape","15":"pa_maitse-orange","16":"pa_toidulisand-branddd-iconfit","17":"pa_tootegruppp-energycarbs","18":"pa_tootegruppp-isotooniline-en","20":"first","21":"instock","22":"sale","23":"taxable","24":"shipping-taxable","25":"purchasable","26":"product-type-variable"},"yoast_head":"<!-- This site is optimized with the Yoast SEO plugin v27.3 - https:\/\/yoast.com\/product\/yoast-seo-wordpress\/ -->\n<title>ICONFIT Isotonic Spordijoogipulber (400g) - Isotooniline Spordijook -<\/title>\n<meta name=\"description\" content=\"ICONFIT Isotooniline spordijoogipulber\u00a0on ideaalne janukustutaja, mis on kergesti imenduv aidates taastada energia- ja vedelikuvarusid.\" \/>\n<meta name=\"robots\" content=\"index, follow, max-snippet:-1, max-image-preview:large, max-video-preview:-1\" \/>\n<link rel=\"canonical\" href=\"https:\/\/fit360.ee\/en\/pood\/product-groups\/energy-carbohydrates\/isotonic-en\/iconfit-isotonic-spordijoogipulber-400g\/\" \/>\n<meta property=\"og:locale\" content=\"en_US\" \/>\n<meta property=\"og:type\" content=\"article\" \/>\n<meta property=\"og:title\" content=\"ICONFIT Isotonic Spordijoogipulber (400g) - Isotooniline Spordijook -\" \/>\n<meta property=\"og:description\" content=\"ICONFIT Isotooniline spordijoogipulber\u00a0on ideaalne janukustutaja, mis on kergesti imenduv aidates taastada energia- ja vedelikuvarusid.\" \/>\n<meta property=\"og:url\" content=\"https:\/\/fit360.ee\/en\/pood\/product-groups\/energy-carbohydrates\/isotonic-en\/iconfit-isotonic-spordijoogipulber-400g\/\" \/>\n<meta property=\"og:site_name\" content=\"Fit360\" \/>\n<meta property=\"article:modified_time\" content=\"2026-04-09T12:27:34+00:00\" \/>\n<meta property=\"og:image\" content=\"https:\/\/fit360.ee\/wp-content\/uploads\/2025\/08\/iconfit-isotoonile-spordijoogipulber-fit360.ee_.jpg\" \/>\n\t<meta property=\"og:image:width\" content=\"695\" \/>\n\t<meta property=\"og:image:height\" content=\"695\" \/>\n\t<meta property=\"og:image:type\" content=\"image\/jpeg\" \/>\n<meta name=\"twitter:card\" content=\"summary_large_image\" \/>\n<meta name=\"twitter:label1\" content=\"Est. reading time\" \/>\n\t<meta name=\"twitter:data1\" content=\"2 minutes\" \/>\n<script type=\"application\/ld+json\" class=\"yoast-schema-graph\">{\"@context\":\"https:\\\/\\\/schema.org\",\"@graph\":[{\"@type\":\"WebPage\",\"@id\":\"https:\\\/\\\/fit360.ee\\\/en\\\/pood\\\/product-groups\\\/energy-carbohydrates\\\/isotonic-en\\\/iconfit-isotonic-spordijoogipulber-400g\\\/\",\"url\":\"https:\\\/\\\/fit360.ee\\\/en\\\/pood\\\/product-groups\\\/energy-carbohydrates\\\/isotonic-en\\\/iconfit-isotonic-spordijoogipulber-400g\\\/\",\"name\":\"ICONFIT Isotonic Spordijoogipulber (400g) - Isotooniline Spordijook -\",\"isPartOf\":{\"@id\":\"https:\\\/\\\/fit360.ee\\\/en\\\/#website\"},\"primaryImageOfPage\":{\"@id\":\"https:\\\/\\\/fit360.ee\\\/en\\\/pood\\\/product-groups\\\/energy-carbohydrates\\\/isotonic-en\\\/iconfit-isotonic-spordijoogipulber-400g\\\/#primaryimage\"},\"image\":{\"@id\":\"https:\\\/\\\/fit360.ee\\\/en\\\/pood\\\/product-groups\\\/energy-carbohydrates\\\/isotonic-en\\\/iconfit-isotonic-spordijoogipulber-400g\\\/#primaryimage\"},\"thumbnailUrl\":\"https:\\\/\\\/fit360.ee\\\/wp-content\\\/uploads\\\/2025\\\/08\\\/iconfit-isotoonile-spordijoogipulber-fit360.ee_.jpg\",\"datePublished\":\"2025-08-15T10:48:00+00:00\",\"dateModified\":\"2026-04-09T12:27:34+00:00\",\"description\":\"ICONFIT Isotooniline spordijoogipulber\u00a0on ideaalne janukustutaja, mis on kergesti imenduv aidates taastada energia- ja vedelikuvarusid.\",\"breadcrumb\":{\"@id\":\"https:\\\/\\\/fit360.ee\\\/en\\\/pood\\\/product-groups\\\/energy-carbohydrates\\\/isotonic-en\\\/iconfit-isotonic-spordijoogipulber-400g\\\/#breadcrumb\"},\"inLanguage\":\"en-US\",\"potentialAction\":[{\"@type\":\"ReadAction\",\"target\":[\"https:\\\/\\\/fit360.ee\\\/en\\\/pood\\\/product-groups\\\/energy-carbohydrates\\\/isotonic-en\\\/iconfit-isotonic-spordijoogipulber-400g\\\/\"]}]},{\"@type\":\"ImageObject\",\"inLanguage\":\"en-US\",\"@id\":\"https:\\\/\\\/fit360.ee\\\/en\\\/pood\\\/product-groups\\\/energy-carbohydrates\\\/isotonic-en\\\/iconfit-isotonic-spordijoogipulber-400g\\\/#primaryimage\",\"url\":\"https:\\\/\\\/fit360.ee\\\/wp-content\\\/uploads\\\/2025\\\/08\\\/iconfit-isotoonile-spordijoogipulber-fit360.ee_.jpg\",\"contentUrl\":\"https:\\\/\\\/fit360.ee\\\/wp-content\\\/uploads\\\/2025\\\/08\\\/iconfit-isotoonile-spordijoogipulber-fit360.ee_.jpg\",\"width\":695,\"height\":695,\"caption\":\"iconfit isotoonile spordijoogipulber - fit360.ee\"},{\"@type\":\"BreadcrumbList\",\"@id\":\"https:\\\/\\\/fit360.ee\\\/en\\\/pood\\\/product-groups\\\/energy-carbohydrates\\\/isotonic-en\\\/iconfit-isotonic-spordijoogipulber-400g\\\/#breadcrumb\",\"itemListElement\":[{\"@type\":\"ListItem\",\"position\":1,\"name\":\"Home\",\"item\":\"https:\\\/\\\/fit360.ee\\\/en\\\/\"},{\"@type\":\"ListItem\",\"position\":2,\"name\":\"Shop\",\"item\":\"https:\\\/\\\/fit360.ee\\\/en\\\/shop\\\/\"},{\"@type\":\"ListItem\",\"position\":3,\"name\":\"ICONFIT Isotonic Spordijoogipulber (400g)\"}]},{\"@type\":\"WebSite\",\"@id\":\"https:\\\/\\\/fit360.ee\\\/en\\\/#website\",\"url\":\"https:\\\/\\\/fit360.ee\\\/en\\\/\",\"name\":\"Fit360\",\"description\":\"\",\"publisher\":{\"@id\":\"https:\\\/\\\/fit360.ee\\\/en\\\/#organization\"},\"potentialAction\":[{\"@type\":\"SearchAction\",\"target\":{\"@type\":\"EntryPoint\",\"urlTemplate\":\"https:\\\/\\\/fit360.ee\\\/en\\\/?s={search_term_string}\"},\"query-input\":{\"@type\":\"PropertyValueSpecification\",\"valueRequired\":true,\"valueName\":\"search_term_string\"}}],\"inLanguage\":\"en-US\"},{\"@type\":\"Organization\",\"@id\":\"https:\\\/\\\/fit360.ee\\\/en\\\/#organization\",\"name\":\"Fit360\",\"url\":\"https:\\\/\\\/fit360.ee\\\/en\\\/\",\"logo\":{\"@type\":\"ImageObject\",\"inLanguage\":\"en-US\",\"@id\":\"https:\\\/\\\/fit360.ee\\\/en\\\/#\\\/schema\\\/logo\\\/image\\\/\",\"url\":\"https:\\\/\\\/fit360.ee\\\/wp-content\\\/uploads\\\/2017\\\/01\\\/logo-fit360.png\",\"contentUrl\":\"https:\\\/\\\/fit360.ee\\\/wp-content\\\/uploads\\\/2017\\\/01\\\/logo-fit360.png\",\"width\":180,\"height\":66,\"caption\":\"Fit360\"},\"image\":{\"@id\":\"https:\\\/\\\/fit360.ee\\\/en\\\/#\\\/schema\\\/logo\\\/image\\\/\"}}]}<\/script>\n<!-- \/ Yoast SEO plugin. -->","yoast_head_json":{"title":"ICONFIT Isotonic Spordijoogipulber (400g) - Isotooniline Spordijook -","description":"ICONFIT Isotooniline spordijoogipulber\u00a0on ideaalne janukustutaja, mis on kergesti imenduv aidates taastada energia- ja vedelikuvarusid.","robots":{"index":"index","follow":"follow","max-snippet":"max-snippet:-1","max-image-preview":"max-image-preview:large","max-video-preview":"max-video-preview:-1"},"canonical":"https:\/\/fit360.ee\/en\/pood\/product-groups\/energy-carbohydrates\/isotonic-en\/iconfit-isotonic-spordijoogipulber-400g\/","og_locale":"en_US","og_type":"article","og_title":"ICONFIT Isotonic Spordijoogipulber (400g) - Isotooniline Spordijook -","og_description":"ICONFIT Isotooniline spordijoogipulber\u00a0on ideaalne janukustutaja, mis on kergesti imenduv aidates taastada energia- ja vedelikuvarusid.","og_url":"https:\/\/fit360.ee\/en\/pood\/product-groups\/energy-carbohydrates\/isotonic-en\/iconfit-isotonic-spordijoogipulber-400g\/","og_site_name":"Fit360","article_modified_time":"2026-04-09T12:27:34+00:00","og_image":[{"width":695,"height":695,"url":"https:\/\/fit360.ee\/wp-content\/uploads\/2025\/08\/iconfit-isotoonile-spordijoogipulber-fit360.ee_.jpg","type":"image\/jpeg"}],"twitter_card":"summary_large_image","twitter_misc":{"Est. reading time":"2 minutes"},"schema":{"@context":"https:\/\/schema.org","@graph":[{"@type":"WebPage","@id":"https:\/\/fit360.ee\/en\/pood\/product-groups\/energy-carbohydrates\/isotonic-en\/iconfit-isotonic-spordijoogipulber-400g\/","url":"https:\/\/fit360.ee\/en\/pood\/product-groups\/energy-carbohydrates\/isotonic-en\/iconfit-isotonic-spordijoogipulber-400g\/","name":"ICONFIT Isotonic Spordijoogipulber (400g) - Isotooniline Spordijook -","isPartOf":{"@id":"https:\/\/fit360.ee\/en\/#website"},"primaryImageOfPage":{"@id":"https:\/\/fit360.ee\/en\/pood\/product-groups\/energy-carbohydrates\/isotonic-en\/iconfit-isotonic-spordijoogipulber-400g\/#primaryimage"},"image":{"@id":"https:\/\/fit360.ee\/en\/pood\/product-groups\/energy-carbohydrates\/isotonic-en\/iconfit-isotonic-spordijoogipulber-400g\/#primaryimage"},"thumbnailUrl":"https:\/\/fit360.ee\/wp-content\/uploads\/2025\/08\/iconfit-isotoonile-spordijoogipulber-fit360.ee_.jpg","datePublished":"2025-08-15T10:48:00+00:00","dateModified":"2026-04-09T12:27:34+00:00","description":"ICONFIT Isotooniline spordijoogipulber\u00a0on ideaalne janukustutaja, mis on kergesti imenduv aidates taastada energia- ja vedelikuvarusid.","breadcrumb":{"@id":"https:\/\/fit360.ee\/en\/pood\/product-groups\/energy-carbohydrates\/isotonic-en\/iconfit-isotonic-spordijoogipulber-400g\/#breadcrumb"},"inLanguage":"en-US","potentialAction":[{"@type":"ReadAction","target":["https:\/\/fit360.ee\/en\/pood\/product-groups\/energy-carbohydrates\/isotonic-en\/iconfit-isotonic-spordijoogipulber-400g\/"]}]},{"@type":"ImageObject","inLanguage":"en-US","@id":"https:\/\/fit360.ee\/en\/pood\/product-groups\/energy-carbohydrates\/isotonic-en\/iconfit-isotonic-spordijoogipulber-400g\/#primaryimage","url":"https:\/\/fit360.ee\/wp-content\/uploads\/2025\/08\/iconfit-isotoonile-spordijoogipulber-fit360.ee_.jpg","contentUrl":"https:\/\/fit360.ee\/wp-content\/uploads\/2025\/08\/iconfit-isotoonile-spordijoogipulber-fit360.ee_.jpg","width":695,"height":695,"caption":"iconfit isotoonile spordijoogipulber - fit360.ee"},{"@type":"BreadcrumbList","@id":"https:\/\/fit360.ee\/en\/pood\/product-groups\/energy-carbohydrates\/isotonic-en\/iconfit-isotonic-spordijoogipulber-400g\/#breadcrumb","itemListElement":[{"@type":"ListItem","position":1,"name":"Home","item":"https:\/\/fit360.ee\/en\/"},{"@type":"ListItem","position":2,"name":"Shop","item":"https:\/\/fit360.ee\/en\/shop\/"},{"@type":"ListItem","position":3,"name":"ICONFIT Isotonic Spordijoogipulber (400g)"}]},{"@type":"WebSite","@id":"https:\/\/fit360.ee\/en\/#website","url":"https:\/\/fit360.ee\/en\/","name":"Fit360","description":"","publisher":{"@id":"https:\/\/fit360.ee\/en\/#organization"},"potentialAction":[{"@type":"SearchAction","target":{"@type":"EntryPoint","urlTemplate":"https:\/\/fit360.ee\/en\/?s={search_term_string}"},"query-input":{"@type":"PropertyValueSpecification","valueRequired":true,"valueName":"search_term_string"}}],"inLanguage":"en-US"},{"@type":"Organization","@id":"https:\/\/fit360.ee\/en\/#organization","name":"Fit360","url":"https:\/\/fit360.ee\/en\/","logo":{"@type":"ImageObject","inLanguage":"en-US","@id":"https:\/\/fit360.ee\/en\/#\/schema\/logo\/image\/","url":"https:\/\/fit360.ee\/wp-content\/uploads\/2017\/01\/logo-fit360.png","contentUrl":"https:\/\/fit360.ee\/wp-content\/uploads\/2017\/01\/logo-fit360.png","width":180,"height":66,"caption":"Fit360"},"image":{"@id":"https:\/\/fit360.ee\/en\/#\/schema\/logo\/image\/"}}]}},"_links":{"self":[{"href":"https:\/\/fit360.ee\/en\/wp-json\/wp\/v2\/product\/90208","targetHints":{"allow":["GET"]}}],"collection":[{"href":"https:\/\/fit360.ee\/en\/wp-json\/wp\/v2\/product"}],"about":[{"href":"https:\/\/fit360.ee\/en\/wp-json\/wp\/v2\/types\/product"}],"replies":[{"embeddable":true,"href":"https:\/\/fit360.ee\/en\/wp-json\/wp\/v2\/comments?post=90208"}],"wp:featuredmedia":[{"embeddable":true,"href":"https:\/\/fit360.ee\/en\/wp-json\/wp\/v2\/media\/90213"}],"wp:attachment":[{"href":"https:\/\/fit360.ee\/en\/wp-json\/wp\/v2\/media?parent=90208"}],"wp:term":[{"taxonomy":"product_brand","embeddable":true,"href":"https:\/\/fit360.ee\/en\/wp-json\/wp\/v2\/product_brand?post=90208"},{"taxonomy":"product_cat","embeddable":true,"href":"https:\/\/fit360.ee\/en\/wp-json\/wp\/v2\/product_cat?post=90208"},{"taxonomy":"product_tag","embeddable":true,"href":"https:\/\/fit360.ee\/en\/wp-json\/wp\/v2\/product_tag?post=90208"},{"taxonomy":"giftcard-category","embeddable":true,"href":"https:\/\/fit360.ee\/en\/wp-json\/wp\/v2\/giftcard-category?post=90208"}],"curies":[{"name":"wp","href":"https:\/\/api.w.org\/{rel}","templated":true}]}}