{"id":9043,"date":"2016-08-05T18:51:31","date_gmt":"2016-08-05T16:51:31","guid":{"rendered":"https:\/\/fit360.ee\/shop\/maaratlemata\/gasp-thermal-shorts\/"},"modified":"2022-09-17T14:06:28","modified_gmt":"2022-09-17T12:06:28","slug":"gasp-thermal-shorts","status":"publish","type":"product","link":"https:\/\/fit360.ee\/en\/pood\/training-equipment-en\/fitness-clothing-en\/gasp-thermal-shorts\/","title":{"rendered":"Gasp Thermal Shorts"},"content":{"rendered":"<p><a href=\"https:\/\/fit360.ee\/wp-content\/uploads\/2016\/08\/gasp-measurement-guide.jpg\"><img loading=\"lazy\" decoding=\"async\" class=\"alignnone size-full wp-image-8213\" src=\"https:\/\/fit360.ee\/wp-content\/uploads\/2016\/08\/gasp-measurement-guide.jpg\" alt=\"gasp-measurement-guide\" width=\"620\" height=\"620\" srcset=\"https:\/\/fit360.ee\/wp-content\/uploads\/2016\/08\/gasp-measurement-guide.jpg 620w, https:\/\/fit360.ee\/wp-content\/uploads\/2016\/08\/gasp-measurement-guide-247x247.jpg 247w, https:\/\/fit360.ee\/wp-content\/uploads\/2016\/08\/gasp-measurement-guide-100x100.jpg 100w, https:\/\/fit360.ee\/wp-content\/uploads\/2016\/08\/gasp-measurement-guide-510x510.jpg 510w\" sizes=\"auto, (max-width: 620px) 100vw, 620px\" \/><\/a><\/p>\n","protected":false},"excerpt":{"rendered":"<p>GASPi populaarsest soojast riidest l\u00fchikesed p\u00fcksid, mis aitavad trenni ajal jalgu soojas hoida. P\u00fckstel on kaks esitaskut (lukuga). <strong>MATERJAL<\/strong>: 60% Puuvill, 40% Pol\u00fcester <strong>V\u00c4RVUS<\/strong>: Roheline\/Camo; Helehall; Must (Asphalt) <strong>SUURUS<\/strong>: S-XXL <strong>NB!\u00a0<\/strong>Soovid tellida teistsugust suurust v\u00f5i v\u00e4rvi? V\u00f5tame vastu <strong>BETTER BODIES<\/strong> ja<strong> GASP<\/strong> treeningr\u00f5ivaste tellimusi. Tellimine toimub 2 korda kuus. Soovi korral kirjuta:<strong>info@fit360.ee<\/strong><\/p>\n","protected":false},"featured_media":59074,"comment_status":"open","ping_status":"closed","template":"","meta":[],"product_brand":[],"product_cat":[547,538],"product_tag":[],"giftcard-category":[],"class_list":{"0":"post-9043","1":"product","2":"type-product","3":"status-publish","4":"has-post-thumbnail","6":"product_cat-fitness-clothing-en","7":"product_cat-training-equipment-en","8":"pa_suurus-l","9":"pa_suurus-m","10":"pa_suurus-s","11":"pa_suurus-xl","12":"pa_suurus-xxl","13":"pa_varvus-asphalt","14":"pa_varvus-flame-en","15":"pa_varvus-green-camo-en","16":"pa_varvus-light-gray","17":"pa_varvus-punane-camo-en","18":"pa_varvus-red","19":"pa_varvus-tactical-camo-en","21":"first","22":"instock","23":"sale","24":"taxable","25":"shipping-taxable","26":"purchasable","27":"product-type-variable"},"yoast_head":"<!-- This site is optimized with the Yoast SEO plugin v27.3 - https:\/\/yoast.com\/product\/yoast-seo-wordpress\/ -->\n<title>Gasp Thermal Shorts - Fit360<\/title>\n<meta name=\"robots\" content=\"index, follow, max-snippet:-1, max-image-preview:large, max-video-preview:-1\" \/>\n<link rel=\"canonical\" href=\"https:\/\/fit360.ee\/en\/pood\/training-equipment-en\/fitness-clothing-en\/gasp-thermal-shorts\/\" \/>\n<meta property=\"og:locale\" content=\"en_US\" \/>\n<meta property=\"og:type\" content=\"article\" \/>\n<meta property=\"og:title\" content=\"Gasp Thermal Shorts - Fit360\" \/>\n<meta property=\"og:description\" content=\"GASPi populaarsest soojast riidest l\u00fchikesed p\u00fcksid, mis aitavad trenni ajal jalgu soojas hoida. P\u00fckstel on kaks esitaskut (lukuga). MATERJAL: 60% Puuvill, 40% Pol\u00fcester V\u00c4RVUS: Roheline\/Camo; Helehall; Must (Asphalt) SUURUS: S-XXL NB!\u00a0Soovid tellida teistsugust suurust v\u00f5i v\u00e4rvi? V\u00f5tame vastu BETTER BODIES ja GASP treeningr\u00f5ivaste tellimusi. Tellimine toimub 2 korda kuus. Soovi korral kirjuta:info@fit360.ee\" \/>\n<meta property=\"og:url\" content=\"https:\/\/fit360.ee\/en\/pood\/training-equipment-en\/fitness-clothing-en\/gasp-thermal-shorts\/\" \/>\n<meta property=\"og:site_name\" content=\"Fit360\" \/>\n<meta property=\"article:modified_time\" content=\"2022-09-17T12:06:28+00:00\" \/>\n<meta property=\"og:image\" content=\"https:\/\/fit360.ee\/wp-content\/uploads\/2016\/08\/314_8c792d85a8-220708673_2-full.png\" \/>\n\t<meta property=\"og:image:width\" content=\"1000\" \/>\n\t<meta property=\"og:image:height\" content=\"1000\" \/>\n\t<meta property=\"og:image:type\" content=\"image\/png\" \/>\n<meta name=\"twitter:card\" content=\"summary_large_image\" \/>\n<script type=\"application\/ld+json\" class=\"yoast-schema-graph\">{\"@context\":\"https:\\\/\\\/schema.org\",\"@graph\":[{\"@type\":\"WebPage\",\"@id\":\"https:\\\/\\\/fit360.ee\\\/en\\\/pood\\\/training-equipment-en\\\/fitness-clothing-en\\\/gasp-thermal-shorts\\\/\",\"url\":\"https:\\\/\\\/fit360.ee\\\/en\\\/pood\\\/training-equipment-en\\\/fitness-clothing-en\\\/gasp-thermal-shorts\\\/\",\"name\":\"Gasp Thermal Shorts - Fit360\",\"isPartOf\":{\"@id\":\"https:\\\/\\\/fit360.ee\\\/en\\\/#website\"},\"primaryImageOfPage\":{\"@id\":\"https:\\\/\\\/fit360.ee\\\/en\\\/pood\\\/training-equipment-en\\\/fitness-clothing-en\\\/gasp-thermal-shorts\\\/#primaryimage\"},\"image\":{\"@id\":\"https:\\\/\\\/fit360.ee\\\/en\\\/pood\\\/training-equipment-en\\\/fitness-clothing-en\\\/gasp-thermal-shorts\\\/#primaryimage\"},\"thumbnailUrl\":\"https:\\\/\\\/fit360.ee\\\/wp-content\\\/uploads\\\/2016\\\/08\\\/314_8c792d85a8-220708673_2-full.png\",\"datePublished\":\"2016-08-05T16:51:31+00:00\",\"dateModified\":\"2022-09-17T12:06:28+00:00\",\"breadcrumb\":{\"@id\":\"https:\\\/\\\/fit360.ee\\\/en\\\/pood\\\/training-equipment-en\\\/fitness-clothing-en\\\/gasp-thermal-shorts\\\/#breadcrumb\"},\"inLanguage\":\"en-US\",\"potentialAction\":[{\"@type\":\"ReadAction\",\"target\":[\"https:\\\/\\\/fit360.ee\\\/en\\\/pood\\\/training-equipment-en\\\/fitness-clothing-en\\\/gasp-thermal-shorts\\\/\"]}]},{\"@type\":\"ImageObject\",\"inLanguage\":\"en-US\",\"@id\":\"https:\\\/\\\/fit360.ee\\\/en\\\/pood\\\/training-equipment-en\\\/fitness-clothing-en\\\/gasp-thermal-shorts\\\/#primaryimage\",\"url\":\"https:\\\/\\\/fit360.ee\\\/wp-content\\\/uploads\\\/2016\\\/08\\\/314_8c792d85a8-220708673_2-full.png\",\"contentUrl\":\"https:\\\/\\\/fit360.ee\\\/wp-content\\\/uploads\\\/2016\\\/08\\\/314_8c792d85a8-220708673_2-full.png\",\"width\":1000,\"height\":1000},{\"@type\":\"BreadcrumbList\",\"@id\":\"https:\\\/\\\/fit360.ee\\\/en\\\/pood\\\/training-equipment-en\\\/fitness-clothing-en\\\/gasp-thermal-shorts\\\/#breadcrumb\",\"itemListElement\":[{\"@type\":\"ListItem\",\"position\":1,\"name\":\"Home\",\"item\":\"https:\\\/\\\/fit360.ee\\\/en\\\/\"},{\"@type\":\"ListItem\",\"position\":2,\"name\":\"Shop\",\"item\":\"https:\\\/\\\/fit360.ee\\\/en\\\/shop\\\/\"},{\"@type\":\"ListItem\",\"position\":3,\"name\":\"Gasp Thermal Shorts\"}]},{\"@type\":\"WebSite\",\"@id\":\"https:\\\/\\\/fit360.ee\\\/en\\\/#website\",\"url\":\"https:\\\/\\\/fit360.ee\\\/en\\\/\",\"name\":\"Fit360\",\"description\":\"\",\"publisher\":{\"@id\":\"https:\\\/\\\/fit360.ee\\\/en\\\/#organization\"},\"potentialAction\":[{\"@type\":\"SearchAction\",\"target\":{\"@type\":\"EntryPoint\",\"urlTemplate\":\"https:\\\/\\\/fit360.ee\\\/en\\\/?s={search_term_string}\"},\"query-input\":{\"@type\":\"PropertyValueSpecification\",\"valueRequired\":true,\"valueName\":\"search_term_string\"}}],\"inLanguage\":\"en-US\"},{\"@type\":\"Organization\",\"@id\":\"https:\\\/\\\/fit360.ee\\\/en\\\/#organization\",\"name\":\"Fit360\",\"url\":\"https:\\\/\\\/fit360.ee\\\/en\\\/\",\"logo\":{\"@type\":\"ImageObject\",\"inLanguage\":\"en-US\",\"@id\":\"https:\\\/\\\/fit360.ee\\\/en\\\/#\\\/schema\\\/logo\\\/image\\\/\",\"url\":\"https:\\\/\\\/fit360.ee\\\/wp-content\\\/uploads\\\/2017\\\/01\\\/logo-fit360.png\",\"contentUrl\":\"https:\\\/\\\/fit360.ee\\\/wp-content\\\/uploads\\\/2017\\\/01\\\/logo-fit360.png\",\"width\":180,\"height\":66,\"caption\":\"Fit360\"},\"image\":{\"@id\":\"https:\\\/\\\/fit360.ee\\\/en\\\/#\\\/schema\\\/logo\\\/image\\\/\"}}]}<\/script>\n<!-- \/ Yoast SEO plugin. -->","yoast_head_json":{"title":"Gasp Thermal Shorts - Fit360","robots":{"index":"index","follow":"follow","max-snippet":"max-snippet:-1","max-image-preview":"max-image-preview:large","max-video-preview":"max-video-preview:-1"},"canonical":"https:\/\/fit360.ee\/en\/pood\/training-equipment-en\/fitness-clothing-en\/gasp-thermal-shorts\/","og_locale":"en_US","og_type":"article","og_title":"Gasp Thermal Shorts - Fit360","og_description":"GASPi populaarsest soojast riidest l\u00fchikesed p\u00fcksid, mis aitavad trenni ajal jalgu soojas hoida. P\u00fckstel on kaks esitaskut (lukuga). MATERJAL: 60% Puuvill, 40% Pol\u00fcester V\u00c4RVUS: Roheline\/Camo; Helehall; Must (Asphalt) SUURUS: S-XXL NB!\u00a0Soovid tellida teistsugust suurust v\u00f5i v\u00e4rvi? V\u00f5tame vastu BETTER BODIES ja GASP treeningr\u00f5ivaste tellimusi. Tellimine toimub 2 korda kuus. Soovi korral kirjuta:info@fit360.ee","og_url":"https:\/\/fit360.ee\/en\/pood\/training-equipment-en\/fitness-clothing-en\/gasp-thermal-shorts\/","og_site_name":"Fit360","article_modified_time":"2022-09-17T12:06:28+00:00","og_image":[{"width":1000,"height":1000,"url":"https:\/\/fit360.ee\/wp-content\/uploads\/2016\/08\/314_8c792d85a8-220708673_2-full.png","type":"image\/png"}],"twitter_card":"summary_large_image","schema":{"@context":"https:\/\/schema.org","@graph":[{"@type":"WebPage","@id":"https:\/\/fit360.ee\/en\/pood\/training-equipment-en\/fitness-clothing-en\/gasp-thermal-shorts\/","url":"https:\/\/fit360.ee\/en\/pood\/training-equipment-en\/fitness-clothing-en\/gasp-thermal-shorts\/","name":"Gasp Thermal Shorts - Fit360","isPartOf":{"@id":"https:\/\/fit360.ee\/en\/#website"},"primaryImageOfPage":{"@id":"https:\/\/fit360.ee\/en\/pood\/training-equipment-en\/fitness-clothing-en\/gasp-thermal-shorts\/#primaryimage"},"image":{"@id":"https:\/\/fit360.ee\/en\/pood\/training-equipment-en\/fitness-clothing-en\/gasp-thermal-shorts\/#primaryimage"},"thumbnailUrl":"https:\/\/fit360.ee\/wp-content\/uploads\/2016\/08\/314_8c792d85a8-220708673_2-full.png","datePublished":"2016-08-05T16:51:31+00:00","dateModified":"2022-09-17T12:06:28+00:00","breadcrumb":{"@id":"https:\/\/fit360.ee\/en\/pood\/training-equipment-en\/fitness-clothing-en\/gasp-thermal-shorts\/#breadcrumb"},"inLanguage":"en-US","potentialAction":[{"@type":"ReadAction","target":["https:\/\/fit360.ee\/en\/pood\/training-equipment-en\/fitness-clothing-en\/gasp-thermal-shorts\/"]}]},{"@type":"ImageObject","inLanguage":"en-US","@id":"https:\/\/fit360.ee\/en\/pood\/training-equipment-en\/fitness-clothing-en\/gasp-thermal-shorts\/#primaryimage","url":"https:\/\/fit360.ee\/wp-content\/uploads\/2016\/08\/314_8c792d85a8-220708673_2-full.png","contentUrl":"https:\/\/fit360.ee\/wp-content\/uploads\/2016\/08\/314_8c792d85a8-220708673_2-full.png","width":1000,"height":1000},{"@type":"BreadcrumbList","@id":"https:\/\/fit360.ee\/en\/pood\/training-equipment-en\/fitness-clothing-en\/gasp-thermal-shorts\/#breadcrumb","itemListElement":[{"@type":"ListItem","position":1,"name":"Home","item":"https:\/\/fit360.ee\/en\/"},{"@type":"ListItem","position":2,"name":"Shop","item":"https:\/\/fit360.ee\/en\/shop\/"},{"@type":"ListItem","position":3,"name":"Gasp Thermal Shorts"}]},{"@type":"WebSite","@id":"https:\/\/fit360.ee\/en\/#website","url":"https:\/\/fit360.ee\/en\/","name":"Fit360","description":"","publisher":{"@id":"https:\/\/fit360.ee\/en\/#organization"},"potentialAction":[{"@type":"SearchAction","target":{"@type":"EntryPoint","urlTemplate":"https:\/\/fit360.ee\/en\/?s={search_term_string}"},"query-input":{"@type":"PropertyValueSpecification","valueRequired":true,"valueName":"search_term_string"}}],"inLanguage":"en-US"},{"@type":"Organization","@id":"https:\/\/fit360.ee\/en\/#organization","name":"Fit360","url":"https:\/\/fit360.ee\/en\/","logo":{"@type":"ImageObject","inLanguage":"en-US","@id":"https:\/\/fit360.ee\/en\/#\/schema\/logo\/image\/","url":"https:\/\/fit360.ee\/wp-content\/uploads\/2017\/01\/logo-fit360.png","contentUrl":"https:\/\/fit360.ee\/wp-content\/uploads\/2017\/01\/logo-fit360.png","width":180,"height":66,"caption":"Fit360"},"image":{"@id":"https:\/\/fit360.ee\/en\/#\/schema\/logo\/image\/"}}]}},"_links":{"self":[{"href":"https:\/\/fit360.ee\/en\/wp-json\/wp\/v2\/product\/9043","targetHints":{"allow":["GET"]}}],"collection":[{"href":"https:\/\/fit360.ee\/en\/wp-json\/wp\/v2\/product"}],"about":[{"href":"https:\/\/fit360.ee\/en\/wp-json\/wp\/v2\/types\/product"}],"replies":[{"embeddable":true,"href":"https:\/\/fit360.ee\/en\/wp-json\/wp\/v2\/comments?post=9043"}],"wp:featuredmedia":[{"embeddable":true,"href":"https:\/\/fit360.ee\/en\/wp-json\/wp\/v2\/media\/59074"}],"wp:attachment":[{"href":"https:\/\/fit360.ee\/en\/wp-json\/wp\/v2\/media?parent=9043"}],"wp:term":[{"taxonomy":"product_brand","embeddable":true,"href":"https:\/\/fit360.ee\/en\/wp-json\/wp\/v2\/product_brand?post=9043"},{"taxonomy":"product_cat","embeddable":true,"href":"https:\/\/fit360.ee\/en\/wp-json\/wp\/v2\/product_cat?post=9043"},{"taxonomy":"product_tag","embeddable":true,"href":"https:\/\/fit360.ee\/en\/wp-json\/wp\/v2\/product_tag?post=9043"},{"taxonomy":"giftcard-category","embeddable":true,"href":"https:\/\/fit360.ee\/en\/wp-json\/wp\/v2\/giftcard-category?post=9043"}],"curies":[{"name":"wp","href":"https:\/\/api.w.org\/{rel}","templated":true}]}}