{"id":90710,"date":"2025-09-02T17:55:34","date_gmt":"2025-09-02T15:55:34","guid":{"rendered":"https:\/\/fit360.ee\/pood\/uncategorized\/inulin-250g\/"},"modified":"2026-04-10T15:13:02","modified_gmt":"2026-04-10T13:13:02","slug":"inulin-250g","status":"publish","type":"product","link":"https:\/\/fit360.ee\/en\/pood\/product-groups\/superfoods-health-foods-en\/fiber-en\/inulin-250g\/","title":{"rendered":"Inulin (250g)"},"content":{"rendered":"<h2><strong>Inuliin<\/strong><\/h2>\n<p style=\"font-weight: 400;\"><b><strong>Inuliin<\/strong><\/b>, looduslikust sigurijuurtest saadud prebiootiline kiudaine, on saadaval k\u00f5rge kiudainesisaldusega pulbrina. Selle mahe maitse ja kerge magusus (umbes 30% suhkru magususest) muudavad selle mitmek\u00fclgseks lisandiks s\u00f6\u00f6kidele v\u00f5i smuutidele. See kiudaine ei toeta mitte ainult seedimist, vaid parandab ka kaltsiumi omastamist toidust, mis on oluline tugevate ja tervete luude jaoks. 85%\u00a0kiudainesisaldusega aitab inuliin hoida t\u00e4isk\u00f5hutunnet, mis muudab selle kaalulangetusteekonnal ideaalseks komponendiks, aidates v\u00e4hendada \u00fcldist kaloritarbimist.<\/p>\n<p style=\"font-weight: 400;\">Inuliin on loomulik ja t\u00f5hus viis teie tervise toetamiseks. Olenemata sellest, kas teie eesm\u00e4rk on parem seedimine, tugevamad luud v\u00f5i tervislikum kaalulangetus, on inuliin lihtne kuid v\u00f5imas t\u00e4iendus teie igap\u00e4evasele rutiinile.<\/p>\n<p style=\"font-weight: 400;\">Toitumiseksperdid soovitavad tarbida iga p\u00e4ev\u00a0<b><strong>v\u00e4hemalt 25 grammi kiudaineid<\/strong><\/b>, kuid paljudel j\u00e4\u00e4b see eesm\u00e4rk \u00fcksnes toitumisega saavutamata. Siinkohal tulebki appi ICONFIT inuliin &#8211; \u00fcks 12-grammine portsjon annab\u00a0<b><strong>\u00fcle 10 grammi kiudaineid<\/strong><\/b>, mis teeb sellest lihtsa ja t\u00f5husa viisi oma p\u00e4evase kiudainetarbimise suurendamiseks.<\/p>\n<p style=\"font-weight: 400;\"><b><strong><br \/>\nKUIDAS KASUTADA:\u00a0<\/strong><\/b>T\u00e4iskasvanutele, lisa 1 supilusikas (12 g) pulbrit veele, mahladele, teedele, smuutidele v\u00f5i putrudele.<\/p>\n<p><b><strong>HOIATUS: <\/strong><\/b><span style=\"font-weight: 400;\">Mitte kasutada toidulisandit mitmekesise toitumise asendajana. Oluline on toituda mitmek\u00fclgselt ja tasakaalustatult ning harrastada tervislikku elustiili. Mitte \u00fcletada soovitatavat \u00f6\u00f6p\u00e4evast annust. Hoida lastele k\u00e4ttesaamatus kohas.<\/span><br style=\"font-weight: 400;\" \/><b><\/b><\/p>\n<p><b><strong>S\u00c4ILITAMINE: <\/strong><\/b><span style=\"font-weight: 400;\">Hoida toatemperatuuril, kaitstuna niiskuse ja otsese p\u00e4ikesevalguse eest. Netokaal 250 g.<\/span><br style=\"font-weight: 400;\" \/><b><\/b><\/p>\n<p><b><strong>KOOSTISOSAD: <\/strong><\/b><span style=\"font-weight: 400;\">Inuliin ehk hariliku sigurijuure pulber (<\/span><em style=\"font-weight: 400;\">Cichorium intybus L<\/em><span style=\"font-weight: 400;\">).<\/span><\/p>\n<p><strong>Inuliin on prebiootiline kiudaine, mis soodustab tervislikku seedimist. Lisaks on inuliin suurep\u00e4rane valik neile, kes peavad dieeti, kuna see aitab tekitada t\u00e4isk\u00f5hutunnet. Inuliini pulber on saadud sigurijuurtest ja sisaldab 85% kiudaineid.<\/strong><\/p>\n<ul>\n<li>Valmistatud looduslikust sigurijuurtest.<\/li>\n<li>Aitab kaasa seedeelundkonna tervisele.<\/li>\n<li>Toetab kaltsiumi imendumist toidust.<\/li>\n<li>Soodustab k\u00fcllastustunnet.<\/li>\n<li>Maheda maitsega.<\/li>\n<\/ul>\n<p>Vaata ka meie Teisi Kiudaineid <a href=\"https:\/\/fit360.ee\/en\/product-category\/product-groups\/superfoods-health-foods-en\/fiber-en\/\"><strong>SIIT<\/strong> <\/a>v\u00f5i Supertoite <a href=\"https:\/\/fit360.ee\/en\/product-category\/product-groups\/superfoods-health-foods-en\/\"><strong>SIIT<\/strong><\/a>!<\/p>\n<p>Soovid kaupa osta suuremas koguses? Vaata antud toodet ka meie HULGI poest\u00a0<a href=\"https:\/\/toidulisandidhulgi.ee\/tooted\/inulin-250g\/\"><strong>SIIT<\/strong><\/a>!<\/p>\n","protected":false},"excerpt":{"rendered":"<ul>\n<li>Valmistatud looduslikust sigurijuurtest.<\/li>\n<li>Aitab kaasa seedeelundkonna tervisele.<\/li>\n<li>Toetab kaltsiumi imendumist toidust.<\/li>\n<li>Soodustab k\u00fcllastustunnet.<\/li>\n<li>Maheda maitsega.<\/li>\n<\/ul>\n","protected":false},"featured_media":90706,"comment_status":"open","ping_status":"closed","template":"","meta":[],"product_brand":[],"product_cat":[2351,1318,2363,1873,1454,536],"product_tag":[1681,6043,4581,4582],"giftcard-category":[],"class_list":{"0":"post-90710","1":"product","2":"type-product","3":"status-publish","4":"has-post-thumbnail","6":"product_cat-fiber-en","7":"product_cat-iconfit-en","8":"product_cat-probiotics-en","9":"product_cat-superfood-blends-en","10":"product_cat-superfoods-health-foods-en","11":"product_cat-vitamins-and-minerals-en","12":"product_tag-iconfit-en","13":"product_tag-iconfit-inuliin-en","14":"product_tag-inuliin-en","15":"product_tag-inulin-en","16":"pa_kogus-250g-en","17":"pa_toidulisand-branddd-iconfit","18":"pa_tootegruppp-kiudained-en","19":"pa_tootegruppp-probiootikumid-en","20":"pa_tootegruppp-supertoidusegud-smuutidele-en","21":"pa_tootegruppp-supertoit-tervisetoit-en","22":"pa_tootegruppp-vitamins-and-minerals","24":"first","25":"instock","26":"sale","27":"taxable","28":"shipping-taxable","29":"purchasable","30":"product-type-simple"},"yoast_head":"<!-- This site is optimized with the Yoast SEO plugin v27.3 - https:\/\/yoast.com\/product\/yoast-seo-wordpress\/ -->\n<title>Inulin (250g) - Prebiootiline Kiudaine - Parim Hind - Kiire Tarne - Fit360<\/title>\n<meta name=\"description\" content=\"Inuliin, looduslikust sigurijuurtest saadud prebiootiline kiudaine, on saadaval k\u00f5rge kiudainesisaldusega pulbrina. Selle mahe maitse ja k..\" \/>\n<meta name=\"robots\" content=\"index, follow, max-snippet:-1, max-image-preview:large, max-video-preview:-1\" \/>\n<link rel=\"canonical\" href=\"https:\/\/fit360.ee\/en\/pood\/product-groups\/superfoods-health-foods-en\/fiber-en\/inulin-250g\/\" \/>\n<meta property=\"og:locale\" content=\"en_US\" \/>\n<meta property=\"og:type\" content=\"article\" \/>\n<meta property=\"og:title\" content=\"Inulin (250g) - Prebiootiline Kiudaine - Parim Hind - Kiire Tarne - Fit360\" \/>\n<meta property=\"og:description\" content=\"Inuliin, looduslikust sigurijuurtest saadud prebiootiline kiudaine, on saadaval k\u00f5rge kiudainesisaldusega pulbrina. Selle mahe maitse ja k..\" \/>\n<meta property=\"og:url\" content=\"https:\/\/fit360.ee\/en\/pood\/product-groups\/superfoods-health-foods-en\/fiber-en\/inulin-250g\/\" \/>\n<meta property=\"og:site_name\" content=\"Fit360\" \/>\n<meta property=\"article:modified_time\" content=\"2026-04-10T13:13:02+00:00\" \/>\n<meta property=\"og:image\" content=\"https:\/\/fit360.ee\/wp-content\/uploads\/2025\/09\/iconfit-inuliin-inulin-fit360.ee_.jpg\" \/>\n\t<meta property=\"og:image:width\" content=\"695\" \/>\n\t<meta property=\"og:image:height\" content=\"695\" \/>\n\t<meta property=\"og:image:type\" content=\"image\/jpeg\" \/>\n<meta name=\"twitter:card\" content=\"summary_large_image\" \/>\n<meta name=\"twitter:label1\" content=\"Est. reading time\" \/>\n\t<meta name=\"twitter:data1\" content=\"2 minutes\" \/>\n<script type=\"application\/ld+json\" class=\"yoast-schema-graph\">{\"@context\":\"https:\\\/\\\/schema.org\",\"@graph\":[{\"@type\":\"WebPage\",\"@id\":\"https:\\\/\\\/fit360.ee\\\/en\\\/pood\\\/product-groups\\\/superfoods-health-foods-en\\\/fiber-en\\\/inulin-250g\\\/\",\"url\":\"https:\\\/\\\/fit360.ee\\\/en\\\/pood\\\/product-groups\\\/superfoods-health-foods-en\\\/fiber-en\\\/inulin-250g\\\/\",\"name\":\"Inulin (250g) - Prebiootiline Kiudaine - Parim Hind - Kiire Tarne - Fit360\",\"isPartOf\":{\"@id\":\"https:\\\/\\\/fit360.ee\\\/en\\\/#website\"},\"primaryImageOfPage\":{\"@id\":\"https:\\\/\\\/fit360.ee\\\/en\\\/pood\\\/product-groups\\\/superfoods-health-foods-en\\\/fiber-en\\\/inulin-250g\\\/#primaryimage\"},\"image\":{\"@id\":\"https:\\\/\\\/fit360.ee\\\/en\\\/pood\\\/product-groups\\\/superfoods-health-foods-en\\\/fiber-en\\\/inulin-250g\\\/#primaryimage\"},\"thumbnailUrl\":\"https:\\\/\\\/fit360.ee\\\/wp-content\\\/uploads\\\/2025\\\/09\\\/iconfit-inuliin-inulin-fit360.ee_.jpg\",\"datePublished\":\"2025-09-02T15:55:34+00:00\",\"dateModified\":\"2026-04-10T13:13:02+00:00\",\"description\":\"Inuliin, looduslikust sigurijuurtest saadud prebiootiline kiudaine, on saadaval k\u00f5rge kiudainesisaldusega pulbrina. Selle mahe maitse ja k..\",\"breadcrumb\":{\"@id\":\"https:\\\/\\\/fit360.ee\\\/en\\\/pood\\\/product-groups\\\/superfoods-health-foods-en\\\/fiber-en\\\/inulin-250g\\\/#breadcrumb\"},\"inLanguage\":\"en-US\",\"potentialAction\":[{\"@type\":\"ReadAction\",\"target\":[\"https:\\\/\\\/fit360.ee\\\/en\\\/pood\\\/product-groups\\\/superfoods-health-foods-en\\\/fiber-en\\\/inulin-250g\\\/\"]}]},{\"@type\":\"ImageObject\",\"inLanguage\":\"en-US\",\"@id\":\"https:\\\/\\\/fit360.ee\\\/en\\\/pood\\\/product-groups\\\/superfoods-health-foods-en\\\/fiber-en\\\/inulin-250g\\\/#primaryimage\",\"url\":\"https:\\\/\\\/fit360.ee\\\/wp-content\\\/uploads\\\/2025\\\/09\\\/iconfit-inuliin-inulin-fit360.ee_.jpg\",\"contentUrl\":\"https:\\\/\\\/fit360.ee\\\/wp-content\\\/uploads\\\/2025\\\/09\\\/iconfit-inuliin-inulin-fit360.ee_.jpg\",\"width\":695,\"height\":695,\"caption\":\"iconfit inuliin inulin - fit360.ee\"},{\"@type\":\"BreadcrumbList\",\"@id\":\"https:\\\/\\\/fit360.ee\\\/en\\\/pood\\\/product-groups\\\/superfoods-health-foods-en\\\/fiber-en\\\/inulin-250g\\\/#breadcrumb\",\"itemListElement\":[{\"@type\":\"ListItem\",\"position\":1,\"name\":\"Home\",\"item\":\"https:\\\/\\\/fit360.ee\\\/en\\\/\"},{\"@type\":\"ListItem\",\"position\":2,\"name\":\"Shop\",\"item\":\"https:\\\/\\\/fit360.ee\\\/en\\\/shop\\\/\"},{\"@type\":\"ListItem\",\"position\":3,\"name\":\"Inulin (250g)\"}]},{\"@type\":\"WebSite\",\"@id\":\"https:\\\/\\\/fit360.ee\\\/en\\\/#website\",\"url\":\"https:\\\/\\\/fit360.ee\\\/en\\\/\",\"name\":\"Fit360\",\"description\":\"\",\"publisher\":{\"@id\":\"https:\\\/\\\/fit360.ee\\\/en\\\/#organization\"},\"potentialAction\":[{\"@type\":\"SearchAction\",\"target\":{\"@type\":\"EntryPoint\",\"urlTemplate\":\"https:\\\/\\\/fit360.ee\\\/en\\\/?s={search_term_string}\"},\"query-input\":{\"@type\":\"PropertyValueSpecification\",\"valueRequired\":true,\"valueName\":\"search_term_string\"}}],\"inLanguage\":\"en-US\"},{\"@type\":\"Organization\",\"@id\":\"https:\\\/\\\/fit360.ee\\\/en\\\/#organization\",\"name\":\"Fit360\",\"url\":\"https:\\\/\\\/fit360.ee\\\/en\\\/\",\"logo\":{\"@type\":\"ImageObject\",\"inLanguage\":\"en-US\",\"@id\":\"https:\\\/\\\/fit360.ee\\\/en\\\/#\\\/schema\\\/logo\\\/image\\\/\",\"url\":\"https:\\\/\\\/fit360.ee\\\/wp-content\\\/uploads\\\/2017\\\/01\\\/logo-fit360.png\",\"contentUrl\":\"https:\\\/\\\/fit360.ee\\\/wp-content\\\/uploads\\\/2017\\\/01\\\/logo-fit360.png\",\"width\":180,\"height\":66,\"caption\":\"Fit360\"},\"image\":{\"@id\":\"https:\\\/\\\/fit360.ee\\\/en\\\/#\\\/schema\\\/logo\\\/image\\\/\"}}]}<\/script>\n<!-- \/ Yoast SEO plugin. -->","yoast_head_json":{"title":"Inulin (250g) - Prebiootiline Kiudaine - Parim Hind - Kiire Tarne - Fit360","description":"Inuliin, looduslikust sigurijuurtest saadud prebiootiline kiudaine, on saadaval k\u00f5rge kiudainesisaldusega pulbrina. Selle mahe maitse ja k..","robots":{"index":"index","follow":"follow","max-snippet":"max-snippet:-1","max-image-preview":"max-image-preview:large","max-video-preview":"max-video-preview:-1"},"canonical":"https:\/\/fit360.ee\/en\/pood\/product-groups\/superfoods-health-foods-en\/fiber-en\/inulin-250g\/","og_locale":"en_US","og_type":"article","og_title":"Inulin (250g) - Prebiootiline Kiudaine - Parim Hind - Kiire Tarne - Fit360","og_description":"Inuliin, looduslikust sigurijuurtest saadud prebiootiline kiudaine, on saadaval k\u00f5rge kiudainesisaldusega pulbrina. Selle mahe maitse ja k..","og_url":"https:\/\/fit360.ee\/en\/pood\/product-groups\/superfoods-health-foods-en\/fiber-en\/inulin-250g\/","og_site_name":"Fit360","article_modified_time":"2026-04-10T13:13:02+00:00","og_image":[{"width":695,"height":695,"url":"https:\/\/fit360.ee\/wp-content\/uploads\/2025\/09\/iconfit-inuliin-inulin-fit360.ee_.jpg","type":"image\/jpeg"}],"twitter_card":"summary_large_image","twitter_misc":{"Est. reading time":"2 minutes"},"schema":{"@context":"https:\/\/schema.org","@graph":[{"@type":"WebPage","@id":"https:\/\/fit360.ee\/en\/pood\/product-groups\/superfoods-health-foods-en\/fiber-en\/inulin-250g\/","url":"https:\/\/fit360.ee\/en\/pood\/product-groups\/superfoods-health-foods-en\/fiber-en\/inulin-250g\/","name":"Inulin (250g) - Prebiootiline Kiudaine - Parim Hind - Kiire Tarne - Fit360","isPartOf":{"@id":"https:\/\/fit360.ee\/en\/#website"},"primaryImageOfPage":{"@id":"https:\/\/fit360.ee\/en\/pood\/product-groups\/superfoods-health-foods-en\/fiber-en\/inulin-250g\/#primaryimage"},"image":{"@id":"https:\/\/fit360.ee\/en\/pood\/product-groups\/superfoods-health-foods-en\/fiber-en\/inulin-250g\/#primaryimage"},"thumbnailUrl":"https:\/\/fit360.ee\/wp-content\/uploads\/2025\/09\/iconfit-inuliin-inulin-fit360.ee_.jpg","datePublished":"2025-09-02T15:55:34+00:00","dateModified":"2026-04-10T13:13:02+00:00","description":"Inuliin, looduslikust sigurijuurtest saadud prebiootiline kiudaine, on saadaval k\u00f5rge kiudainesisaldusega pulbrina. Selle mahe maitse ja k..","breadcrumb":{"@id":"https:\/\/fit360.ee\/en\/pood\/product-groups\/superfoods-health-foods-en\/fiber-en\/inulin-250g\/#breadcrumb"},"inLanguage":"en-US","potentialAction":[{"@type":"ReadAction","target":["https:\/\/fit360.ee\/en\/pood\/product-groups\/superfoods-health-foods-en\/fiber-en\/inulin-250g\/"]}]},{"@type":"ImageObject","inLanguage":"en-US","@id":"https:\/\/fit360.ee\/en\/pood\/product-groups\/superfoods-health-foods-en\/fiber-en\/inulin-250g\/#primaryimage","url":"https:\/\/fit360.ee\/wp-content\/uploads\/2025\/09\/iconfit-inuliin-inulin-fit360.ee_.jpg","contentUrl":"https:\/\/fit360.ee\/wp-content\/uploads\/2025\/09\/iconfit-inuliin-inulin-fit360.ee_.jpg","width":695,"height":695,"caption":"iconfit inuliin inulin - fit360.ee"},{"@type":"BreadcrumbList","@id":"https:\/\/fit360.ee\/en\/pood\/product-groups\/superfoods-health-foods-en\/fiber-en\/inulin-250g\/#breadcrumb","itemListElement":[{"@type":"ListItem","position":1,"name":"Home","item":"https:\/\/fit360.ee\/en\/"},{"@type":"ListItem","position":2,"name":"Shop","item":"https:\/\/fit360.ee\/en\/shop\/"},{"@type":"ListItem","position":3,"name":"Inulin (250g)"}]},{"@type":"WebSite","@id":"https:\/\/fit360.ee\/en\/#website","url":"https:\/\/fit360.ee\/en\/","name":"Fit360","description":"","publisher":{"@id":"https:\/\/fit360.ee\/en\/#organization"},"potentialAction":[{"@type":"SearchAction","target":{"@type":"EntryPoint","urlTemplate":"https:\/\/fit360.ee\/en\/?s={search_term_string}"},"query-input":{"@type":"PropertyValueSpecification","valueRequired":true,"valueName":"search_term_string"}}],"inLanguage":"en-US"},{"@type":"Organization","@id":"https:\/\/fit360.ee\/en\/#organization","name":"Fit360","url":"https:\/\/fit360.ee\/en\/","logo":{"@type":"ImageObject","inLanguage":"en-US","@id":"https:\/\/fit360.ee\/en\/#\/schema\/logo\/image\/","url":"https:\/\/fit360.ee\/wp-content\/uploads\/2017\/01\/logo-fit360.png","contentUrl":"https:\/\/fit360.ee\/wp-content\/uploads\/2017\/01\/logo-fit360.png","width":180,"height":66,"caption":"Fit360"},"image":{"@id":"https:\/\/fit360.ee\/en\/#\/schema\/logo\/image\/"}}]}},"_links":{"self":[{"href":"https:\/\/fit360.ee\/en\/wp-json\/wp\/v2\/product\/90710","targetHints":{"allow":["GET"]}}],"collection":[{"href":"https:\/\/fit360.ee\/en\/wp-json\/wp\/v2\/product"}],"about":[{"href":"https:\/\/fit360.ee\/en\/wp-json\/wp\/v2\/types\/product"}],"replies":[{"embeddable":true,"href":"https:\/\/fit360.ee\/en\/wp-json\/wp\/v2\/comments?post=90710"}],"wp:featuredmedia":[{"embeddable":true,"href":"https:\/\/fit360.ee\/en\/wp-json\/wp\/v2\/media\/90706"}],"wp:attachment":[{"href":"https:\/\/fit360.ee\/en\/wp-json\/wp\/v2\/media?parent=90710"}],"wp:term":[{"taxonomy":"product_brand","embeddable":true,"href":"https:\/\/fit360.ee\/en\/wp-json\/wp\/v2\/product_brand?post=90710"},{"taxonomy":"product_cat","embeddable":true,"href":"https:\/\/fit360.ee\/en\/wp-json\/wp\/v2\/product_cat?post=90710"},{"taxonomy":"product_tag","embeddable":true,"href":"https:\/\/fit360.ee\/en\/wp-json\/wp\/v2\/product_tag?post=90710"},{"taxonomy":"giftcard-category","embeddable":true,"href":"https:\/\/fit360.ee\/en\/wp-json\/wp\/v2\/giftcard-category?post=90710"}],"curies":[{"name":"wp","href":"https:\/\/api.w.org\/{rel}","templated":true}]}}