{"id":90802,"date":"2025-09-07T13:59:41","date_gmt":"2025-09-07T11:59:41","guid":{"rendered":"https:\/\/fit360.ee\/pood\/uncategorized\/ostrovit-rhodiola-rosea-60caps\/"},"modified":"2025-10-15T22:01:37","modified_gmt":"2025-10-15T20:01:37","slug":"ostrovit-rhodiola-rosea-60caps","status":"publish","type":"product","link":"https:\/\/fit360.ee\/en\/pood\/product-groups\/%d0%b2%d0%b5%d0%b3%d0%b0%d0%bd\/vegan-capsules-en\/ostrovit-rhodiola-rosea-60caps\/","title":{"rendered":"OstroVit Rhodiola Rosea (60caps)"},"content":{"rendered":"<section class=\"cm__section\">\n<h2><strong>Ostrovit Rhodiola<\/strong><\/h2>\n<p class=\"cm__text --bold\"><span dir=\"auto\">OstroVit Rhodiola rosea VEGE on kvaliteetne toidulisand, mis sisaldab Rhodiola rosea juureekstrakti, mis on standardiseeritud 1% salidrosiidideni. See on veganpreparaat, mis on saadaval kergesti neelatavate kapslite kujul ja on loodud teadlikele tarbijatele, kes hoolivad oma toidusedeli v\u00e4\u00e4rtuslikust t\u00e4iendamisest.<\/span><\/p>\n<ul class=\"cm__list\">\n<li><strong><span dir=\"auto\">Rhodiola rosea ekstrakti allikas<\/span><\/strong><span dir=\"auto\">\u00a0\u2013 \u00fcks portsjon toidulisandit annab organismile 144 mg Rhodiola rosea ekstrakti, mis on standardiseeritud 1% salidrosiidideni.<\/span><\/li>\n<li><strong><span dir=\"auto\">Sobib taimetoitlastele ja veganitele<\/span><\/strong><span dir=\"auto\">\u00a0\u2013 toode ei sisalda loomset p\u00e4ritolu koostisosi.<\/span><\/li>\n<li><strong><span dir=\"auto\">1 portsjon = 1 kapsel<\/span><\/strong><span dir=\"auto\">\u00a0.<\/span><\/li>\n<li><strong><span dir=\"auto\">Efektiivsus<\/span><\/strong><span dir=\"auto\">\u00a0\u2013 \u00dcks tootepakend sisaldab 60 portsjonit preparaati, millest piisab kaheks kuuks regulaarseks toidulisandite tarbimiseks. \u00dcks tootepakend sisaldab 60 portsjonit preparaati, millest piisab kaheks kuuks regulaarseks toidulisandite tarbimiseks.<\/span><\/li>\n<li><strong><span dir=\"auto\">Mugav vorm<\/span><\/strong><span dir=\"auto\">\u00a0\u2013 Kergesti neelatavate kapslite kujul saadaval olev preparaat tagab toidulisandi probleemideta manustamise.<\/span><\/li>\n<\/ul>\n<h4 class=\"cm__heading\"><strong><span dir=\"auto\">OstroVit Rhodiola rosea VEGE &#8211; v\u00e4\u00e4rtuslik toidulisand<\/span><\/strong><\/h4>\n<p><strong><span dir=\"auto\">Rhodiola rosea juureekstrakt<\/span><\/strong><span dir=\"auto\">\u00a0&#8211; Rhodiola Rosea L. &#8211; ekstrakt taime juurest, mis kuulub crassulaceae perekonda, tuntud ka kui arktiline juur. See on aine, mida on traditsioonilises meditsiinis kasutatud sadu aastaid ja mida peetakse adaptogeeniks. Rhodiola rosea juur eristub oma v\u00e4\u00e4rtuslike ainete rohkuse poolest ning \u00fcks tootes leiduvatest v\u00f5tme\u00fchenditest on salidrosiidid, mille sisaldust standardiseerib OstroViti valmistamisel kasutatav taimeekstrakt, millel on positiivne m\u00f5ju toidulisandi kvaliteedile.<\/span><\/p>\n<h4 data-start=\"136\" data-end=\"208\"><strong data-start=\"136\" data-end=\"206\">Rhodiola Rosea \u2013 looduslik tugi energiatasemele ja vastupidavusele<\/strong><\/h4>\n<p data-start=\"210\" data-end=\"477\">Rhodiola Rosea, tuntud ka kui kuldjuur, on adaptogeenne taim, mida on sajandeid kasutatud loodusliku vahendina v\u00e4simuse ja kurnatuse vastu. Tegemist on taimega, mis aitab organismil paremini toime tulla stressiga ning toetab nii vaimset kui f\u00fc\u00fcsilist vastupidavust.<\/p>\n<p data-start=\"479\" data-end=\"728\">\u00dcks kapsel sisaldab 144 mg Rhodiola Rosea ekstrakti ning \u00fches pakendis on 60 kapslit, mis teeb sellest mugava igap\u00e4evase toidulisandi. Regulaarne tarvitamine v\u00f5ib aidata kaasa energiataseme s\u00e4ilitamisele, keskendumisv\u00f5imele ja \u00fcldisele t\u00f6\u00f6v\u00f5imele.<\/p>\n<p data-start=\"730\" data-end=\"1004\">Rhodiolat peetakse kasulikuks nii intensiivse vaimse koormuse kui ka f\u00fc\u00fcsilise treeningu korral. See v\u00f5ib toetada normaalset energiavahetust, aidata v\u00e4hendada stressi m\u00f5ju ja parandada taastumist. Samuti seostatakse Rhodiola Rosea positiivse m\u00f5juga meeleolule ja eluj\u00f5ule.<\/p>\n<p data-start=\"1006\" data-end=\"1029\"><strong data-start=\"1006\" data-end=\"1027\">Peamised eelised:<\/strong><\/p>\n<ul>\n<li data-start=\"1032\" data-end=\"1084\">Aitab s\u00e4ilitada energiataset ja v\u00e4hendada v\u00e4simust<\/li>\n<li data-start=\"1032\" data-end=\"1084\">Toetab stressitaluvust ja keskendumisv\u00f5imet<\/li>\n<li data-start=\"1032\" data-end=\"1084\">Sisaldab 144 mg Rhodiola Rosea ekstrakti kapslis<\/li>\n<li data-start=\"1032\" data-end=\"1084\">60 kapslit \u00fches pakendis \u2013 pikemaks kasutamiseks<\/li>\n<li data-start=\"1032\" data-end=\"1084\">Sobib nii \u00f5ppuritele, t\u00f6\u00f6tavatele inimestele kui sportlastele<\/li>\n<\/ul>\n<p data-start=\"1306\" data-end=\"1412\">Rhodiola Rosea on hea valik neile, kes soovivad looduslikult toetada oma vaimset ja f\u00fc\u00fcsilist tasakaalu.<\/p>\n<p data-start=\"1414\" data-end=\"1506\"><strong data-start=\"1414\" data-end=\"1504\">NB! Toidulisandid ei asenda mitmek\u00fclgset toitumist. Hoida lastele k\u00e4ttesaamatus kohas.<\/strong><\/p>\n<\/section>\n<section class=\"cm__section\">\n<h4 class=\"cm__heading\"><strong><span dir=\"auto\">Laboris kinnitatud kvaliteet<\/span><\/strong><\/h4>\n<p class=\"cm__text --bold\"><span dir=\"auto\">Meie klientide tervise huvides testitakse meie valmistatud tooteid regulaarselt s\u00f5ltumatus akrediteeritud laboris, et tagada ja s\u00e4ilitada k\u00f5rgeim kvaliteet.<\/span><\/p>\n<p><strong>Koostisosad<\/strong>: <span dir=\"auto\">Rhodiola rosea juureekstrakt (Rhodiola Rosea L.), standardiseeritud 1% salidrosiidide suhtes, t\u00e4iteaine: h\u00fcdroks\u00fcprop\u00fc\u00fclmet\u00fc\u00fcltselluloos; paakumisvastane aine: rasvhapete magneesiumisoolad.<\/span><\/p>\n<p><span dir=\"auto\">Toode v\u00f5ib sisaldada piima (sh laktoosi), sojaubasid, maap\u00e4hkleid, muid p\u00e4hkleid, seesamiseemneid, gluteeni sisaldavaid teravilju, mune, koorikloomi, kala.<\/span><\/p>\n<p><strong>Kasutamine<\/strong>: <span dir=\"auto\">V\u00f5tke 1 portsjon (1 kapsel) p\u00e4evas.<\/span><\/p>\n<p><span dir=\"auto\">\u00c4rge \u00fcletage soovitatavat p\u00e4evast annust. Toidulisandit ei saa kasutada mitmekesise toitumise asendajana. Soovitatav on tasakaalustatud toitumine ja tervislik eluviis. \u00c4rge tarbige, kui olete allergiline m\u00f5ne toote koostisosa suhtes. Toodet ei tohiks kasutada lapsed, rasedad ja imetavad emad. Hoida v\u00e4ikelastele k\u00e4ttesaamatus kohas.<\/span><\/p>\n<p><strong>Suurus<\/strong>: 60 kapslit<\/p>\n<section class=\"projector__description--nutritional row\" data-selector=\".--nutritional\">\n<div class=\"col-12 col-md-10 col-lg-8\">\n<div class=\"--nutrit\">\n<div class=\"nutrition_table_wrapper\">\n<div class=\"table_wrapper\">\n<table>\n<tbody>\n<tr>\n<th><span dir=\"auto\">Toimeained<\/span><\/th>\n<th><span dir=\"auto\">Portsjoni kohta<\/span><\/th>\n<\/tr>\n<tr>\n<td><span dir=\"auto\">Rhodiola rosea juureekstrakt<\/span><\/td>\n<td><span dir=\"auto\">144 mg<\/span><\/td>\n<\/tr>\n<tr class=\"sub\">\n<td><span dir=\"auto\">&#8211; sealhulgas salidrosiidid (1%)<\/span><\/td>\n<td><span dir=\"auto\">1,44 mg<\/span><\/td>\n<\/tr>\n<\/tbody>\n<\/table>\n<p>&nbsp;<\/p>\n<p><span style=\"color: #333333; font-size: 14.4px;\">Vaata ka meie teisi Rhodiola tooteid <\/span><a style=\"font-size: 14.4px;\" href=\"https:\/\/fit360.ee\/en\/product-category\/product-groups\/vitamins-and-minerals-en\/rhodiola-rosea-en\/\"><strong>SIIT<\/strong><\/a><span style=\"color: #333333; font-size: 14.4px;\"> v\u00f5i Aju Tegevust toetavaid lisandeid <\/span><a style=\"font-size: 14.4px;\" href=\"https:\/\/fit360.ee\/en\/product-category\/product-groups\/brain-support-nootropics-en\/\"><strong>SIIT<\/strong><\/a><span style=\"color: #333333; font-size: 14.4px;\">!<\/span><\/p>\n<p><span style=\"color: #333333; font-size: 14.4px;\">Soovid kaupa osta suuremas koguses? Vaata antud toodet ka meie HULGI poest <\/span><a style=\"font-size: 14.4px;\" href=\"https:\/\/toidulisandidhulgi.ee\/tooted\/ostrovit-rhodiola-rosea-60caps\/\"><strong>SIIT<\/strong><\/a><span style=\"color: #333333; font-size: 14.4px;\">!<\/span><\/p>\n<\/div>\n<\/div>\n<\/div>\n<\/div>\n<\/section>\n<\/section>\n","protected":false},"excerpt":{"rendered":"<ul>\n<li data-start=\"1032\" data-end=\"1084\">Aitab s\u00e4ilitada energiataset ja v\u00e4hendada v\u00e4simust<\/li>\n<li data-start=\"1032\" data-end=\"1084\">Toetab stressitaluvust ja keskendumisv\u00f5imet<\/li>\n<li data-start=\"1032\" data-end=\"1084\">Sisaldab 144 mg Rhodiola Rosea ekstrakti kapslis<\/li>\n<li data-start=\"1032\" data-end=\"1084\">60 kapslit \u00fches pakendis \u2013 pikemaks kasutamiseks<\/li>\n<li data-start=\"1032\" data-end=\"1084\">Sobib nii \u00f5ppuritele, t\u00f6\u00f6tavatele inimestele kui sportlastele<\/li>\n<\/ul>\n","protected":false},"featured_media":90798,"comment_status":"open","ping_status":"closed","template":"","meta":[],"product_brand":[],"product_cat":[5311,2485,5320,1329,2291,1454,2664,536,1201],"product_tag":[1924,6049,5410],"giftcard-category":[],"class_list":{"0":"post-90802","1":"product","2":"type-product","3":"status-publish","4":"has-post-thumbnail","6":"product_cat-antioxidants-en","7":"product_cat-brain-support-nootropics-en","8":"product_cat-for-immunity-en","9":"product_cat-ostrovit-en","10":"product_cat-rhodiola-rosea-en","11":"product_cat-superfoods-health-foods-en","12":"product_cat-vegan-capsules-en","13":"product_cat-vitamins-and-minerals-en","14":"product_cat-1201","15":"product_tag-ostrovit-en","16":"product_tag-ostrovit-rhodiola-en","17":"product_tag-rhodiola-rosea-en","18":"pa_kogus-60-capsules","19":"pa_toidulisand-branddd-ostrovit","20":"pa_tootegruppp-aju-tegevus-nootropics-en","21":"pa_tootegruppp-antioksudandid-en","22":"pa_tootegruppp-immuunsusteem-en","23":"pa_tootegruppp-rhodiola-rosea-en","24":"pa_tootegruppp-supertoit-tervisetoit-en","25":"pa_tootegruppp-vcaps-vegan-kapslid-en","26":"pa_tootegruppp-vegan-en","27":"pa_tootegruppp-vitamins-and-minerals","29":"first","30":"outofstock","31":"sale","32":"taxable","33":"shipping-taxable","34":"purchasable","35":"product-type-simple"},"yoast_head":"<!-- This site is optimized with the Yoast SEO plugin v27.3 - https:\/\/yoast.com\/product\/yoast-seo-wordpress\/ -->\n<title>OstroVit Rhodiola Rosea (60caps) - Parim Hind - Kiire Tarne - Fit360<\/title>\n<meta name=\"description\" content=\"Ostrovit Rhodiola Rosea, tuntud ka kui kuldjuur, on adaptogeenne taim, mida on sajandeid kasutatud loodusliku vahendina v\u00e4simuse ja kurnatuse vastu. Tege..\" \/>\n<meta name=\"robots\" content=\"index, follow, max-snippet:-1, max-image-preview:large, max-video-preview:-1\" \/>\n<link rel=\"canonical\" href=\"https:\/\/fit360.ee\/en\/pood\/product-groups\/\u0432\u0435\u0433\u0430\u043d\/vegan-capsules-en\/ostrovit-rhodiola-rosea-60caps\/\" \/>\n<meta property=\"og:locale\" content=\"en_US\" \/>\n<meta property=\"og:type\" content=\"article\" \/>\n<meta property=\"og:title\" content=\"OstroVit Rhodiola Rosea (60caps) - Parim Hind - Kiire Tarne - Fit360\" \/>\n<meta property=\"og:description\" content=\"Ostrovit Rhodiola Rosea, tuntud ka kui kuldjuur, on adaptogeenne taim, mida on sajandeid kasutatud loodusliku vahendina v\u00e4simuse ja kurnatuse vastu. Tege..\" \/>\n<meta property=\"og:url\" content=\"https:\/\/fit360.ee\/en\/pood\/product-groups\/\u0432\u0435\u0433\u0430\u043d\/vegan-capsules-en\/ostrovit-rhodiola-rosea-60caps\/\" \/>\n<meta property=\"og:site_name\" content=\"Fit360\" \/>\n<meta property=\"article:modified_time\" content=\"2025-10-15T20:01:37+00:00\" \/>\n<meta property=\"og:image\" content=\"https:\/\/fit360.ee\/wp-content\/uploads\/2025\/09\/ostrovit-rhodiola-fit360.ee-1.png\" \/>\n\t<meta property=\"og:image:width\" content=\"450\" \/>\n\t<meta property=\"og:image:height\" content=\"450\" \/>\n\t<meta property=\"og:image:type\" content=\"image\/png\" \/>\n<meta name=\"twitter:card\" content=\"summary_large_image\" \/>\n<meta name=\"twitter:label1\" content=\"Est. reading time\" \/>\n\t<meta name=\"twitter:data1\" content=\"3 minutes\" \/>\n<script type=\"application\/ld+json\" class=\"yoast-schema-graph\">{\"@context\":\"https:\\\/\\\/schema.org\",\"@graph\":[{\"@type\":\"WebPage\",\"@id\":\"https:\\\/\\\/fit360.ee\\\/en\\\/pood\\\/product-groups\\\/%d0%b2%d0%b5%d0%b3%d0%b0%d0%bd\\\/vegan-capsules-en\\\/ostrovit-rhodiola-rosea-60caps\\\/\",\"url\":\"https:\\\/\\\/fit360.ee\\\/en\\\/pood\\\/product-groups\\\/%d0%b2%d0%b5%d0%b3%d0%b0%d0%bd\\\/vegan-capsules-en\\\/ostrovit-rhodiola-rosea-60caps\\\/\",\"name\":\"OstroVit Rhodiola Rosea (60caps) - Parim Hind - Kiire Tarne - Fit360\",\"isPartOf\":{\"@id\":\"https:\\\/\\\/fit360.ee\\\/en\\\/#website\"},\"primaryImageOfPage\":{\"@id\":\"https:\\\/\\\/fit360.ee\\\/en\\\/pood\\\/product-groups\\\/%d0%b2%d0%b5%d0%b3%d0%b0%d0%bd\\\/vegan-capsules-en\\\/ostrovit-rhodiola-rosea-60caps\\\/#primaryimage\"},\"image\":{\"@id\":\"https:\\\/\\\/fit360.ee\\\/en\\\/pood\\\/product-groups\\\/%d0%b2%d0%b5%d0%b3%d0%b0%d0%bd\\\/vegan-capsules-en\\\/ostrovit-rhodiola-rosea-60caps\\\/#primaryimage\"},\"thumbnailUrl\":\"https:\\\/\\\/fit360.ee\\\/wp-content\\\/uploads\\\/2025\\\/09\\\/ostrovit-rhodiola-fit360.ee-1.png\",\"datePublished\":\"2025-09-07T11:59:41+00:00\",\"dateModified\":\"2025-10-15T20:01:37+00:00\",\"description\":\"Ostrovit Rhodiola Rosea, tuntud ka kui kuldjuur, on adaptogeenne taim, mida on sajandeid kasutatud loodusliku vahendina v\u00e4simuse ja kurnatuse vastu. Tege..\",\"breadcrumb\":{\"@id\":\"https:\\\/\\\/fit360.ee\\\/en\\\/pood\\\/product-groups\\\/%d0%b2%d0%b5%d0%b3%d0%b0%d0%bd\\\/vegan-capsules-en\\\/ostrovit-rhodiola-rosea-60caps\\\/#breadcrumb\"},\"inLanguage\":\"en-US\",\"potentialAction\":[{\"@type\":\"ReadAction\",\"target\":[\"https:\\\/\\\/fit360.ee\\\/en\\\/pood\\\/product-groups\\\/%d0%b2%d0%b5%d0%b3%d0%b0%d0%bd\\\/vegan-capsules-en\\\/ostrovit-rhodiola-rosea-60caps\\\/\"]}]},{\"@type\":\"ImageObject\",\"inLanguage\":\"en-US\",\"@id\":\"https:\\\/\\\/fit360.ee\\\/en\\\/pood\\\/product-groups\\\/%d0%b2%d0%b5%d0%b3%d0%b0%d0%bd\\\/vegan-capsules-en\\\/ostrovit-rhodiola-rosea-60caps\\\/#primaryimage\",\"url\":\"https:\\\/\\\/fit360.ee\\\/wp-content\\\/uploads\\\/2025\\\/09\\\/ostrovit-rhodiola-fit360.ee-1.png\",\"contentUrl\":\"https:\\\/\\\/fit360.ee\\\/wp-content\\\/uploads\\\/2025\\\/09\\\/ostrovit-rhodiola-fit360.ee-1.png\",\"width\":450,\"height\":450,\"caption\":\"ostrovit rhodiola - fit360.ee\"},{\"@type\":\"BreadcrumbList\",\"@id\":\"https:\\\/\\\/fit360.ee\\\/en\\\/pood\\\/product-groups\\\/%d0%b2%d0%b5%d0%b3%d0%b0%d0%bd\\\/vegan-capsules-en\\\/ostrovit-rhodiola-rosea-60caps\\\/#breadcrumb\",\"itemListElement\":[{\"@type\":\"ListItem\",\"position\":1,\"name\":\"Home\",\"item\":\"https:\\\/\\\/fit360.ee\\\/en\\\/\"},{\"@type\":\"ListItem\",\"position\":2,\"name\":\"Shop\",\"item\":\"https:\\\/\\\/fit360.ee\\\/en\\\/shop\\\/\"},{\"@type\":\"ListItem\",\"position\":3,\"name\":\"OstroVit Rhodiola Rosea (60caps)\"}]},{\"@type\":\"WebSite\",\"@id\":\"https:\\\/\\\/fit360.ee\\\/en\\\/#website\",\"url\":\"https:\\\/\\\/fit360.ee\\\/en\\\/\",\"name\":\"Fit360\",\"description\":\"\",\"publisher\":{\"@id\":\"https:\\\/\\\/fit360.ee\\\/en\\\/#organization\"},\"potentialAction\":[{\"@type\":\"SearchAction\",\"target\":{\"@type\":\"EntryPoint\",\"urlTemplate\":\"https:\\\/\\\/fit360.ee\\\/en\\\/?s={search_term_string}\"},\"query-input\":{\"@type\":\"PropertyValueSpecification\",\"valueRequired\":true,\"valueName\":\"search_term_string\"}}],\"inLanguage\":\"en-US\"},{\"@type\":\"Organization\",\"@id\":\"https:\\\/\\\/fit360.ee\\\/en\\\/#organization\",\"name\":\"Fit360\",\"url\":\"https:\\\/\\\/fit360.ee\\\/en\\\/\",\"logo\":{\"@type\":\"ImageObject\",\"inLanguage\":\"en-US\",\"@id\":\"https:\\\/\\\/fit360.ee\\\/en\\\/#\\\/schema\\\/logo\\\/image\\\/\",\"url\":\"https:\\\/\\\/fit360.ee\\\/wp-content\\\/uploads\\\/2017\\\/01\\\/logo-fit360.png\",\"contentUrl\":\"https:\\\/\\\/fit360.ee\\\/wp-content\\\/uploads\\\/2017\\\/01\\\/logo-fit360.png\",\"width\":180,\"height\":66,\"caption\":\"Fit360\"},\"image\":{\"@id\":\"https:\\\/\\\/fit360.ee\\\/en\\\/#\\\/schema\\\/logo\\\/image\\\/\"}}]}<\/script>\n<!-- \/ Yoast SEO plugin. -->","yoast_head_json":{"title":"OstroVit Rhodiola Rosea (60caps) - Parim Hind - Kiire Tarne - Fit360","description":"Ostrovit Rhodiola Rosea, tuntud ka kui kuldjuur, on adaptogeenne taim, mida on sajandeid kasutatud loodusliku vahendina v\u00e4simuse ja kurnatuse vastu. Tege..","robots":{"index":"index","follow":"follow","max-snippet":"max-snippet:-1","max-image-preview":"max-image-preview:large","max-video-preview":"max-video-preview:-1"},"canonical":"https:\/\/fit360.ee\/en\/pood\/product-groups\/\u0432\u0435\u0433\u0430\u043d\/vegan-capsules-en\/ostrovit-rhodiola-rosea-60caps\/","og_locale":"en_US","og_type":"article","og_title":"OstroVit Rhodiola Rosea (60caps) - Parim Hind - Kiire Tarne - Fit360","og_description":"Ostrovit Rhodiola Rosea, tuntud ka kui kuldjuur, on adaptogeenne taim, mida on sajandeid kasutatud loodusliku vahendina v\u00e4simuse ja kurnatuse vastu. Tege..","og_url":"https:\/\/fit360.ee\/en\/pood\/product-groups\/\u0432\u0435\u0433\u0430\u043d\/vegan-capsules-en\/ostrovit-rhodiola-rosea-60caps\/","og_site_name":"Fit360","article_modified_time":"2025-10-15T20:01:37+00:00","og_image":[{"width":450,"height":450,"url":"https:\/\/fit360.ee\/wp-content\/uploads\/2025\/09\/ostrovit-rhodiola-fit360.ee-1.png","type":"image\/png"}],"twitter_card":"summary_large_image","twitter_misc":{"Est. reading time":"3 minutes"},"schema":{"@context":"https:\/\/schema.org","@graph":[{"@type":"WebPage","@id":"https:\/\/fit360.ee\/en\/pood\/product-groups\/%d0%b2%d0%b5%d0%b3%d0%b0%d0%bd\/vegan-capsules-en\/ostrovit-rhodiola-rosea-60caps\/","url":"https:\/\/fit360.ee\/en\/pood\/product-groups\/%d0%b2%d0%b5%d0%b3%d0%b0%d0%bd\/vegan-capsules-en\/ostrovit-rhodiola-rosea-60caps\/","name":"OstroVit Rhodiola Rosea (60caps) - Parim Hind - Kiire Tarne - Fit360","isPartOf":{"@id":"https:\/\/fit360.ee\/en\/#website"},"primaryImageOfPage":{"@id":"https:\/\/fit360.ee\/en\/pood\/product-groups\/%d0%b2%d0%b5%d0%b3%d0%b0%d0%bd\/vegan-capsules-en\/ostrovit-rhodiola-rosea-60caps\/#primaryimage"},"image":{"@id":"https:\/\/fit360.ee\/en\/pood\/product-groups\/%d0%b2%d0%b5%d0%b3%d0%b0%d0%bd\/vegan-capsules-en\/ostrovit-rhodiola-rosea-60caps\/#primaryimage"},"thumbnailUrl":"https:\/\/fit360.ee\/wp-content\/uploads\/2025\/09\/ostrovit-rhodiola-fit360.ee-1.png","datePublished":"2025-09-07T11:59:41+00:00","dateModified":"2025-10-15T20:01:37+00:00","description":"Ostrovit Rhodiola Rosea, tuntud ka kui kuldjuur, on adaptogeenne taim, mida on sajandeid kasutatud loodusliku vahendina v\u00e4simuse ja kurnatuse vastu. Tege..","breadcrumb":{"@id":"https:\/\/fit360.ee\/en\/pood\/product-groups\/%d0%b2%d0%b5%d0%b3%d0%b0%d0%bd\/vegan-capsules-en\/ostrovit-rhodiola-rosea-60caps\/#breadcrumb"},"inLanguage":"en-US","potentialAction":[{"@type":"ReadAction","target":["https:\/\/fit360.ee\/en\/pood\/product-groups\/%d0%b2%d0%b5%d0%b3%d0%b0%d0%bd\/vegan-capsules-en\/ostrovit-rhodiola-rosea-60caps\/"]}]},{"@type":"ImageObject","inLanguage":"en-US","@id":"https:\/\/fit360.ee\/en\/pood\/product-groups\/%d0%b2%d0%b5%d0%b3%d0%b0%d0%bd\/vegan-capsules-en\/ostrovit-rhodiola-rosea-60caps\/#primaryimage","url":"https:\/\/fit360.ee\/wp-content\/uploads\/2025\/09\/ostrovit-rhodiola-fit360.ee-1.png","contentUrl":"https:\/\/fit360.ee\/wp-content\/uploads\/2025\/09\/ostrovit-rhodiola-fit360.ee-1.png","width":450,"height":450,"caption":"ostrovit rhodiola - fit360.ee"},{"@type":"BreadcrumbList","@id":"https:\/\/fit360.ee\/en\/pood\/product-groups\/%d0%b2%d0%b5%d0%b3%d0%b0%d0%bd\/vegan-capsules-en\/ostrovit-rhodiola-rosea-60caps\/#breadcrumb","itemListElement":[{"@type":"ListItem","position":1,"name":"Home","item":"https:\/\/fit360.ee\/en\/"},{"@type":"ListItem","position":2,"name":"Shop","item":"https:\/\/fit360.ee\/en\/shop\/"},{"@type":"ListItem","position":3,"name":"OstroVit Rhodiola Rosea (60caps)"}]},{"@type":"WebSite","@id":"https:\/\/fit360.ee\/en\/#website","url":"https:\/\/fit360.ee\/en\/","name":"Fit360","description":"","publisher":{"@id":"https:\/\/fit360.ee\/en\/#organization"},"potentialAction":[{"@type":"SearchAction","target":{"@type":"EntryPoint","urlTemplate":"https:\/\/fit360.ee\/en\/?s={search_term_string}"},"query-input":{"@type":"PropertyValueSpecification","valueRequired":true,"valueName":"search_term_string"}}],"inLanguage":"en-US"},{"@type":"Organization","@id":"https:\/\/fit360.ee\/en\/#organization","name":"Fit360","url":"https:\/\/fit360.ee\/en\/","logo":{"@type":"ImageObject","inLanguage":"en-US","@id":"https:\/\/fit360.ee\/en\/#\/schema\/logo\/image\/","url":"https:\/\/fit360.ee\/wp-content\/uploads\/2017\/01\/logo-fit360.png","contentUrl":"https:\/\/fit360.ee\/wp-content\/uploads\/2017\/01\/logo-fit360.png","width":180,"height":66,"caption":"Fit360"},"image":{"@id":"https:\/\/fit360.ee\/en\/#\/schema\/logo\/image\/"}}]}},"_links":{"self":[{"href":"https:\/\/fit360.ee\/en\/wp-json\/wp\/v2\/product\/90802","targetHints":{"allow":["GET"]}}],"collection":[{"href":"https:\/\/fit360.ee\/en\/wp-json\/wp\/v2\/product"}],"about":[{"href":"https:\/\/fit360.ee\/en\/wp-json\/wp\/v2\/types\/product"}],"replies":[{"embeddable":true,"href":"https:\/\/fit360.ee\/en\/wp-json\/wp\/v2\/comments?post=90802"}],"wp:featuredmedia":[{"embeddable":true,"href":"https:\/\/fit360.ee\/en\/wp-json\/wp\/v2\/media\/90798"}],"wp:attachment":[{"href":"https:\/\/fit360.ee\/en\/wp-json\/wp\/v2\/media?parent=90802"}],"wp:term":[{"taxonomy":"product_brand","embeddable":true,"href":"https:\/\/fit360.ee\/en\/wp-json\/wp\/v2\/product_brand?post=90802"},{"taxonomy":"product_cat","embeddable":true,"href":"https:\/\/fit360.ee\/en\/wp-json\/wp\/v2\/product_cat?post=90802"},{"taxonomy":"product_tag","embeddable":true,"href":"https:\/\/fit360.ee\/en\/wp-json\/wp\/v2\/product_tag?post=90802"},{"taxonomy":"giftcard-category","embeddable":true,"href":"https:\/\/fit360.ee\/en\/wp-json\/wp\/v2\/giftcard-category?post=90802"}],"curies":[{"name":"wp","href":"https:\/\/api.w.org\/{rel}","templated":true}]}}