{"id":9143,"date":"2016-08-03T16:47:12","date_gmt":"2016-08-03T11:47:12","guid":{"rendered":"https:\/\/fit360.ee\/shop\/maaratlemata\/bb-athlete-tights\/"},"modified":"2022-09-15T16:44:13","modified_gmt":"2022-09-15T14:44:13","slug":"bb-athlete-tights","status":"publish","type":"product","link":"https:\/\/fit360.ee\/en\/pood\/uncategorized\/bb-athlete-tights\/","title":{"rendered":"BB Athlete Tights"},"content":{"rendered":"<p><a href=\"https:\/\/fit360.ee\/wp-content\/uploads\/2016\/08\/bb_women_size_guideline.jpg\"><img loading=\"lazy\" decoding=\"async\" class=\"alignnone size-full wp-image-5462\" src=\"https:\/\/fit360.ee\/wp-content\/uploads\/2016\/08\/bb_women_size_guideline.jpg\" alt=\"bb_women_size_guideline\" width=\"620\" height=\"620\" srcset=\"https:\/\/fit360.ee\/wp-content\/uploads\/2016\/08\/bb_women_size_guideline.jpg 620w, https:\/\/fit360.ee\/wp-content\/uploads\/2016\/08\/bb_women_size_guideline-247x247.jpg 247w, https:\/\/fit360.ee\/wp-content\/uploads\/2016\/08\/bb_women_size_guideline-100x100.jpg 100w, https:\/\/fit360.ee\/wp-content\/uploads\/2016\/08\/bb_women_size_guideline-510x510.jpg 510w\" sizes=\"auto, (max-width: 620px) 100vw, 620px\" \/><\/a><\/p>\n","protected":false},"excerpt":{"rendered":"<p>Erilise disainiga pikad liibuvad p\u00fcksid. Kaks kaarjat joont, mis p\u00fckse kaunistavad, aitavad esile tuua\u00a0atleetlikku v\u00e4limust ja vormivad teie keha veel t\u00e4iuslikumaks. Need p\u00fcksid on spetsiaalselt v\u00e4lja t\u00f6\u00f6tatud j\u00f5usaali ja fitnessi tarbeks. V\u00e4ga pehme ja mugav v\u00e4rvel. S\u00e4\u00e4re allosas reguleeritav lukk. <strong>MATERJAL<\/strong>: 89% Pol\u00fcamiid (Meryl), 11% elastaan. <strong>SUURUS<\/strong>: XS-L <strong>V\u00c4RVUS<\/strong>: Must\/Roosa; Must\/Oran\u017e; Must\/Helesinine; Must\/Hall <strong>NB!\u00a0<\/strong>Soovid tellida teistsugust suurust v\u00f5i v\u00e4rvi? V\u00f5tame vastu <strong>BETTER BODIES<\/strong> ja <strong>GASP<\/strong> treeningr\u00f5ivaste tellimusi. Tellimine toimub 2 korda kuus. Soovi korral kirjuta: <strong>info@fit360.ee<\/strong><\/p>\n","protected":false},"featured_media":8036,"comment_status":"open","ping_status":"closed","template":"","meta":[],"product_brand":[],"product_cat":[1403],"product_tag":[],"giftcard-category":[],"class_list":{"0":"post-9143","1":"product","2":"type-product","3":"status-publish","4":"has-post-thumbnail","6":"product_cat-uncategorized","8":"first","9":"instock","10":"sale","11":"taxable","12":"shipping-taxable","13":"purchasable","14":"product-type-variable"},"yoast_head":"<!-- This site is optimized with the Yoast SEO plugin v27.3 - https:\/\/yoast.com\/product\/yoast-seo-wordpress\/ -->\n<title>BB Athlete Tights - Fit360<\/title>\n<meta name=\"robots\" content=\"index, follow, max-snippet:-1, max-image-preview:large, max-video-preview:-1\" \/>\n<link rel=\"canonical\" href=\"https:\/\/fit360.ee\/en\/pood\/uncategorized\/bb-athlete-tights\/\" \/>\n<meta property=\"og:locale\" content=\"en_US\" \/>\n<meta property=\"og:type\" content=\"article\" \/>\n<meta property=\"og:title\" content=\"BB Athlete Tights - Fit360\" \/>\n<meta property=\"og:description\" content=\"Erilise disainiga pikad liibuvad p\u00fcksid. Kaks kaarjat joont, mis p\u00fckse kaunistavad, aitavad esile tuua\u00a0atleetlikku v\u00e4limust ja vormivad teie keha veel t\u00e4iuslikumaks. Need p\u00fcksid on spetsiaalselt v\u00e4lja t\u00f6\u00f6tatud j\u00f5usaali ja fitnessi tarbeks. V\u00e4ga pehme ja mugav v\u00e4rvel. S\u00e4\u00e4re allosas reguleeritav lukk. MATERJAL: 89% Pol\u00fcamiid (Meryl), 11% elastaan. SUURUS: XS-L V\u00c4RVUS: Must\/Roosa; Must\/Oran\u017e; Must\/Helesinine; Must\/Hall NB!\u00a0Soovid tellida teistsugust suurust v\u00f5i v\u00e4rvi? V\u00f5tame vastu BETTER BODIES ja GASP treeningr\u00f5ivaste tellimusi. Tellimine toimub 2 korda kuus. Soovi korral kirjuta: info@fit360.ee\" \/>\n<meta property=\"og:url\" content=\"https:\/\/fit360.ee\/en\/pood\/uncategorized\/bb-athlete-tights\/\" \/>\n<meta property=\"og:site_name\" content=\"Fit360\" \/>\n<meta property=\"article:modified_time\" content=\"2022-09-15T14:44:13+00:00\" \/>\n<meta property=\"og:image\" content=\"https:\/\/fit360.ee\/wp-content\/uploads\/2016\/08\/athlete-tights-3-1.jpg\" \/>\n\t<meta property=\"og:image:width\" content=\"800\" \/>\n\t<meta property=\"og:image:height\" content=\"800\" \/>\n\t<meta property=\"og:image:type\" content=\"image\/jpeg\" \/>\n<meta name=\"twitter:card\" content=\"summary_large_image\" \/>\n<script type=\"application\/ld+json\" class=\"yoast-schema-graph\">{\"@context\":\"https:\\\/\\\/schema.org\",\"@graph\":[{\"@type\":\"WebPage\",\"@id\":\"https:\\\/\\\/fit360.ee\\\/en\\\/pood\\\/uncategorized\\\/bb-athlete-tights\\\/\",\"url\":\"https:\\\/\\\/fit360.ee\\\/en\\\/pood\\\/uncategorized\\\/bb-athlete-tights\\\/\",\"name\":\"BB Athlete Tights - Fit360\",\"isPartOf\":{\"@id\":\"https:\\\/\\\/fit360.ee\\\/en\\\/#website\"},\"primaryImageOfPage\":{\"@id\":\"https:\\\/\\\/fit360.ee\\\/en\\\/pood\\\/uncategorized\\\/bb-athlete-tights\\\/#primaryimage\"},\"image\":{\"@id\":\"https:\\\/\\\/fit360.ee\\\/en\\\/pood\\\/uncategorized\\\/bb-athlete-tights\\\/#primaryimage\"},\"thumbnailUrl\":\"https:\\\/\\\/fit360.ee\\\/wp-content\\\/uploads\\\/2016\\\/08\\\/athlete-tights-3-1.jpg\",\"datePublished\":\"2016-08-03T11:47:12+00:00\",\"dateModified\":\"2022-09-15T14:44:13+00:00\",\"breadcrumb\":{\"@id\":\"https:\\\/\\\/fit360.ee\\\/en\\\/pood\\\/uncategorized\\\/bb-athlete-tights\\\/#breadcrumb\"},\"inLanguage\":\"en-US\",\"potentialAction\":[{\"@type\":\"ReadAction\",\"target\":[\"https:\\\/\\\/fit360.ee\\\/en\\\/pood\\\/uncategorized\\\/bb-athlete-tights\\\/\"]}]},{\"@type\":\"ImageObject\",\"inLanguage\":\"en-US\",\"@id\":\"https:\\\/\\\/fit360.ee\\\/en\\\/pood\\\/uncategorized\\\/bb-athlete-tights\\\/#primaryimage\",\"url\":\"https:\\\/\\\/fit360.ee\\\/wp-content\\\/uploads\\\/2016\\\/08\\\/athlete-tights-3-1.jpg\",\"contentUrl\":\"https:\\\/\\\/fit360.ee\\\/wp-content\\\/uploads\\\/2016\\\/08\\\/athlete-tights-3-1.jpg\",\"width\":800,\"height\":800},{\"@type\":\"BreadcrumbList\",\"@id\":\"https:\\\/\\\/fit360.ee\\\/en\\\/pood\\\/uncategorized\\\/bb-athlete-tights\\\/#breadcrumb\",\"itemListElement\":[{\"@type\":\"ListItem\",\"position\":1,\"name\":\"Home\",\"item\":\"https:\\\/\\\/fit360.ee\\\/en\\\/\"},{\"@type\":\"ListItem\",\"position\":2,\"name\":\"Shop\",\"item\":\"https:\\\/\\\/fit360.ee\\\/en\\\/shop\\\/\"},{\"@type\":\"ListItem\",\"position\":3,\"name\":\"BB Athlete Tights\"}]},{\"@type\":\"WebSite\",\"@id\":\"https:\\\/\\\/fit360.ee\\\/en\\\/#website\",\"url\":\"https:\\\/\\\/fit360.ee\\\/en\\\/\",\"name\":\"Fit360\",\"description\":\"\",\"publisher\":{\"@id\":\"https:\\\/\\\/fit360.ee\\\/en\\\/#organization\"},\"potentialAction\":[{\"@type\":\"SearchAction\",\"target\":{\"@type\":\"EntryPoint\",\"urlTemplate\":\"https:\\\/\\\/fit360.ee\\\/en\\\/?s={search_term_string}\"},\"query-input\":{\"@type\":\"PropertyValueSpecification\",\"valueRequired\":true,\"valueName\":\"search_term_string\"}}],\"inLanguage\":\"en-US\"},{\"@type\":\"Organization\",\"@id\":\"https:\\\/\\\/fit360.ee\\\/en\\\/#organization\",\"name\":\"Fit360\",\"url\":\"https:\\\/\\\/fit360.ee\\\/en\\\/\",\"logo\":{\"@type\":\"ImageObject\",\"inLanguage\":\"en-US\",\"@id\":\"https:\\\/\\\/fit360.ee\\\/en\\\/#\\\/schema\\\/logo\\\/image\\\/\",\"url\":\"https:\\\/\\\/fit360.ee\\\/wp-content\\\/uploads\\\/2017\\\/01\\\/logo-fit360.png\",\"contentUrl\":\"https:\\\/\\\/fit360.ee\\\/wp-content\\\/uploads\\\/2017\\\/01\\\/logo-fit360.png\",\"width\":180,\"height\":66,\"caption\":\"Fit360\"},\"image\":{\"@id\":\"https:\\\/\\\/fit360.ee\\\/en\\\/#\\\/schema\\\/logo\\\/image\\\/\"}}]}<\/script>\n<!-- \/ Yoast SEO plugin. -->","yoast_head_json":{"title":"BB Athlete Tights - Fit360","robots":{"index":"index","follow":"follow","max-snippet":"max-snippet:-1","max-image-preview":"max-image-preview:large","max-video-preview":"max-video-preview:-1"},"canonical":"https:\/\/fit360.ee\/en\/pood\/uncategorized\/bb-athlete-tights\/","og_locale":"en_US","og_type":"article","og_title":"BB Athlete Tights - Fit360","og_description":"Erilise disainiga pikad liibuvad p\u00fcksid. Kaks kaarjat joont, mis p\u00fckse kaunistavad, aitavad esile tuua\u00a0atleetlikku v\u00e4limust ja vormivad teie keha veel t\u00e4iuslikumaks. Need p\u00fcksid on spetsiaalselt v\u00e4lja t\u00f6\u00f6tatud j\u00f5usaali ja fitnessi tarbeks. V\u00e4ga pehme ja mugav v\u00e4rvel. S\u00e4\u00e4re allosas reguleeritav lukk. MATERJAL: 89% Pol\u00fcamiid (Meryl), 11% elastaan. SUURUS: XS-L V\u00c4RVUS: Must\/Roosa; Must\/Oran\u017e; Must\/Helesinine; Must\/Hall NB!\u00a0Soovid tellida teistsugust suurust v\u00f5i v\u00e4rvi? V\u00f5tame vastu BETTER BODIES ja GASP treeningr\u00f5ivaste tellimusi. Tellimine toimub 2 korda kuus. Soovi korral kirjuta: info@fit360.ee","og_url":"https:\/\/fit360.ee\/en\/pood\/uncategorized\/bb-athlete-tights\/","og_site_name":"Fit360","article_modified_time":"2022-09-15T14:44:13+00:00","og_image":[{"width":800,"height":800,"url":"https:\/\/fit360.ee\/wp-content\/uploads\/2016\/08\/athlete-tights-3-1.jpg","type":"image\/jpeg"}],"twitter_card":"summary_large_image","schema":{"@context":"https:\/\/schema.org","@graph":[{"@type":"WebPage","@id":"https:\/\/fit360.ee\/en\/pood\/uncategorized\/bb-athlete-tights\/","url":"https:\/\/fit360.ee\/en\/pood\/uncategorized\/bb-athlete-tights\/","name":"BB Athlete Tights - Fit360","isPartOf":{"@id":"https:\/\/fit360.ee\/en\/#website"},"primaryImageOfPage":{"@id":"https:\/\/fit360.ee\/en\/pood\/uncategorized\/bb-athlete-tights\/#primaryimage"},"image":{"@id":"https:\/\/fit360.ee\/en\/pood\/uncategorized\/bb-athlete-tights\/#primaryimage"},"thumbnailUrl":"https:\/\/fit360.ee\/wp-content\/uploads\/2016\/08\/athlete-tights-3-1.jpg","datePublished":"2016-08-03T11:47:12+00:00","dateModified":"2022-09-15T14:44:13+00:00","breadcrumb":{"@id":"https:\/\/fit360.ee\/en\/pood\/uncategorized\/bb-athlete-tights\/#breadcrumb"},"inLanguage":"en-US","potentialAction":[{"@type":"ReadAction","target":["https:\/\/fit360.ee\/en\/pood\/uncategorized\/bb-athlete-tights\/"]}]},{"@type":"ImageObject","inLanguage":"en-US","@id":"https:\/\/fit360.ee\/en\/pood\/uncategorized\/bb-athlete-tights\/#primaryimage","url":"https:\/\/fit360.ee\/wp-content\/uploads\/2016\/08\/athlete-tights-3-1.jpg","contentUrl":"https:\/\/fit360.ee\/wp-content\/uploads\/2016\/08\/athlete-tights-3-1.jpg","width":800,"height":800},{"@type":"BreadcrumbList","@id":"https:\/\/fit360.ee\/en\/pood\/uncategorized\/bb-athlete-tights\/#breadcrumb","itemListElement":[{"@type":"ListItem","position":1,"name":"Home","item":"https:\/\/fit360.ee\/en\/"},{"@type":"ListItem","position":2,"name":"Shop","item":"https:\/\/fit360.ee\/en\/shop\/"},{"@type":"ListItem","position":3,"name":"BB Athlete Tights"}]},{"@type":"WebSite","@id":"https:\/\/fit360.ee\/en\/#website","url":"https:\/\/fit360.ee\/en\/","name":"Fit360","description":"","publisher":{"@id":"https:\/\/fit360.ee\/en\/#organization"},"potentialAction":[{"@type":"SearchAction","target":{"@type":"EntryPoint","urlTemplate":"https:\/\/fit360.ee\/en\/?s={search_term_string}"},"query-input":{"@type":"PropertyValueSpecification","valueRequired":true,"valueName":"search_term_string"}}],"inLanguage":"en-US"},{"@type":"Organization","@id":"https:\/\/fit360.ee\/en\/#organization","name":"Fit360","url":"https:\/\/fit360.ee\/en\/","logo":{"@type":"ImageObject","inLanguage":"en-US","@id":"https:\/\/fit360.ee\/en\/#\/schema\/logo\/image\/","url":"https:\/\/fit360.ee\/wp-content\/uploads\/2017\/01\/logo-fit360.png","contentUrl":"https:\/\/fit360.ee\/wp-content\/uploads\/2017\/01\/logo-fit360.png","width":180,"height":66,"caption":"Fit360"},"image":{"@id":"https:\/\/fit360.ee\/en\/#\/schema\/logo\/image\/"}}]}},"_links":{"self":[{"href":"https:\/\/fit360.ee\/en\/wp-json\/wp\/v2\/product\/9143","targetHints":{"allow":["GET"]}}],"collection":[{"href":"https:\/\/fit360.ee\/en\/wp-json\/wp\/v2\/product"}],"about":[{"href":"https:\/\/fit360.ee\/en\/wp-json\/wp\/v2\/types\/product"}],"replies":[{"embeddable":true,"href":"https:\/\/fit360.ee\/en\/wp-json\/wp\/v2\/comments?post=9143"}],"wp:featuredmedia":[{"embeddable":true,"href":"https:\/\/fit360.ee\/en\/wp-json\/wp\/v2\/media\/8036"}],"wp:attachment":[{"href":"https:\/\/fit360.ee\/en\/wp-json\/wp\/v2\/media?parent=9143"}],"wp:term":[{"taxonomy":"product_brand","embeddable":true,"href":"https:\/\/fit360.ee\/en\/wp-json\/wp\/v2\/product_brand?post=9143"},{"taxonomy":"product_cat","embeddable":true,"href":"https:\/\/fit360.ee\/en\/wp-json\/wp\/v2\/product_cat?post=9143"},{"taxonomy":"product_tag","embeddable":true,"href":"https:\/\/fit360.ee\/en\/wp-json\/wp\/v2\/product_tag?post=9143"},{"taxonomy":"giftcard-category","embeddable":true,"href":"https:\/\/fit360.ee\/en\/wp-json\/wp\/v2\/giftcard-category?post=9143"}],"curies":[{"name":"wp","href":"https:\/\/api.w.org\/{rel}","templated":true}]}}