{"id":9148,"date":"2016-07-25T17:25:57","date_gmt":"2016-07-25T15:25:57","guid":{"rendered":"https:\/\/fit360.ee\/shop\/maaratlemata\/real-pharm-seiker-700ml\/"},"modified":"2024-12-04T08:01:24","modified_gmt":"2024-12-04T06:01:24","slug":"real-pharm-seiker-700ml","status":"publish","type":"product","link":"https:\/\/fit360.ee\/en\/pood\/training-equipment-en\/shakers-en\/real-pharm-seiker-700ml\/","title":{"rendered":"Real Pharm \u0160eiker (700ml)"},"content":{"rendered":"","protected":false},"excerpt":{"rendered":"<p><strong>Real Pharm \u0160heiker<\/strong>:<\/p>\n<ul>\n<li>Keeratava korgiga \u0161eiker<\/li>\n<li>Varustatud s\u00f5elaga<\/li>\n<li>Sobib taastusjoogi\/erguti\/bcaa segamiseks<\/li>\n<li>\u0160eikeri peal on m\u00f5\u00f5teskaala<\/li>\n<\/ul>\n<p>Lihtne ja\u00a0kvaliteetne! <strong>MAHUTAVUS:<\/strong> 700ml <strong>V\u00c4RVUS:<\/strong>\u00a0violett, must, valge, neoonsinine, neoonkollane, roosa<\/p>\n","protected":false},"featured_media":7911,"comment_status":"open","ping_status":"closed","template":"","meta":[],"product_brand":[],"product_cat":[551,538],"product_tag":[],"giftcard-category":[],"class_list":{"0":"post-9148","1":"product","2":"type-product","3":"status-publish","4":"has-post-thumbnail","6":"product_cat-shakers-en","7":"product_cat-training-equipment-en","8":"pa_varvus-black","9":"pa_varvus-neon-yellow","10":"pa_varvus-orange","11":"pa_varvus-red","12":"pa_varvus-violet","14":"first","15":"outofstock","16":"taxable","17":"shipping-taxable","18":"product-type-simple"},"yoast_head":"<!-- This site is optimized with the Yoast SEO plugin v27.5 - https:\/\/yoast.com\/product\/yoast-seo-wordpress\/ -->\n<title>Real Pharm \u0160eiker (700ml) - Fit360<\/title>\n<meta name=\"robots\" content=\"index, follow, max-snippet:-1, max-image-preview:large, max-video-preview:-1\" \/>\n<link rel=\"canonical\" href=\"https:\/\/fit360.ee\/en\/pood\/training-equipment-en\/shakers-en\/real-pharm-seiker-700ml\/\" \/>\n<meta property=\"og:locale\" content=\"en_US\" \/>\n<meta property=\"og:type\" content=\"article\" \/>\n<meta property=\"og:title\" content=\"Real Pharm \u0160eiker (700ml) - Fit360\" \/>\n<meta property=\"og:description\" content=\"Real Pharm \u0160heiker:   Keeratava korgiga \u0161eiker  Varustatud s\u00f5elaga  Sobib taastusjoogi\/erguti\/bcaa segamiseks  \u0160eikeri peal on m\u00f5\u00f5teskaala  Lihtne ja\u00a0kvaliteetne! MAHUTAVUS: 700ml V\u00c4RVUS:\u00a0violett, must, valge, neoonsinine, neoonkollane, roosa\" \/>\n<meta property=\"og:url\" content=\"https:\/\/fit360.ee\/en\/pood\/training-equipment-en\/shakers-en\/real-pharm-seiker-700ml\/\" \/>\n<meta property=\"og:site_name\" content=\"Fit360\" \/>\n<meta property=\"article:modified_time\" content=\"2024-12-04T06:01:24+00:00\" \/>\n<meta property=\"og:image\" content=\"https:\/\/fit360.ee\/wp-content\/uploads\/2016\/07\/Real-Pharm-Shaker-700ml.png\" \/>\n\t<meta property=\"og:image:width\" content=\"550\" \/>\n\t<meta property=\"og:image:height\" content=\"550\" \/>\n\t<meta property=\"og:image:type\" content=\"image\/png\" \/>\n<meta name=\"twitter:card\" content=\"summary_large_image\" \/>\n<script type=\"application\/ld+json\" class=\"yoast-schema-graph\">{\"@context\":\"https:\\\/\\\/schema.org\",\"@graph\":[{\"@type\":\"WebPage\",\"@id\":\"https:\\\/\\\/fit360.ee\\\/en\\\/pood\\\/training-equipment-en\\\/shakers-en\\\/real-pharm-seiker-700ml\\\/\",\"url\":\"https:\\\/\\\/fit360.ee\\\/en\\\/pood\\\/training-equipment-en\\\/shakers-en\\\/real-pharm-seiker-700ml\\\/\",\"name\":\"Real Pharm \u0160eiker (700ml) - Fit360\",\"isPartOf\":{\"@id\":\"https:\\\/\\\/fit360.ee\\\/en\\\/#website\"},\"primaryImageOfPage\":{\"@id\":\"https:\\\/\\\/fit360.ee\\\/en\\\/pood\\\/training-equipment-en\\\/shakers-en\\\/real-pharm-seiker-700ml\\\/#primaryimage\"},\"image\":{\"@id\":\"https:\\\/\\\/fit360.ee\\\/en\\\/pood\\\/training-equipment-en\\\/shakers-en\\\/real-pharm-seiker-700ml\\\/#primaryimage\"},\"thumbnailUrl\":\"https:\\\/\\\/fit360.ee\\\/wp-content\\\/uploads\\\/2016\\\/07\\\/Real-Pharm-Shaker-700ml.png\",\"datePublished\":\"2016-07-25T15:25:57+00:00\",\"dateModified\":\"2024-12-04T06:01:24+00:00\",\"breadcrumb\":{\"@id\":\"https:\\\/\\\/fit360.ee\\\/en\\\/pood\\\/training-equipment-en\\\/shakers-en\\\/real-pharm-seiker-700ml\\\/#breadcrumb\"},\"inLanguage\":\"en-US\",\"potentialAction\":[{\"@type\":\"ReadAction\",\"target\":[\"https:\\\/\\\/fit360.ee\\\/en\\\/pood\\\/training-equipment-en\\\/shakers-en\\\/real-pharm-seiker-700ml\\\/\"]}]},{\"@type\":\"ImageObject\",\"inLanguage\":\"en-US\",\"@id\":\"https:\\\/\\\/fit360.ee\\\/en\\\/pood\\\/training-equipment-en\\\/shakers-en\\\/real-pharm-seiker-700ml\\\/#primaryimage\",\"url\":\"https:\\\/\\\/fit360.ee\\\/wp-content\\\/uploads\\\/2016\\\/07\\\/Real-Pharm-Shaker-700ml.png\",\"contentUrl\":\"https:\\\/\\\/fit360.ee\\\/wp-content\\\/uploads\\\/2016\\\/07\\\/Real-Pharm-Shaker-700ml.png\",\"width\":550,\"height\":550},{\"@type\":\"BreadcrumbList\",\"@id\":\"https:\\\/\\\/fit360.ee\\\/en\\\/pood\\\/training-equipment-en\\\/shakers-en\\\/real-pharm-seiker-700ml\\\/#breadcrumb\",\"itemListElement\":[{\"@type\":\"ListItem\",\"position\":1,\"name\":\"Home\",\"item\":\"https:\\\/\\\/fit360.ee\\\/en\\\/\"},{\"@type\":\"ListItem\",\"position\":2,\"name\":\"Shop\",\"item\":\"https:\\\/\\\/fit360.ee\\\/en\\\/shop\\\/\"},{\"@type\":\"ListItem\",\"position\":3,\"name\":\"Real Pharm \u0160eiker (700ml)\"}]},{\"@type\":\"WebSite\",\"@id\":\"https:\\\/\\\/fit360.ee\\\/en\\\/#website\",\"url\":\"https:\\\/\\\/fit360.ee\\\/en\\\/\",\"name\":\"Fit360\",\"description\":\"\",\"publisher\":{\"@id\":\"https:\\\/\\\/fit360.ee\\\/en\\\/#organization\"},\"potentialAction\":[{\"@type\":\"SearchAction\",\"target\":{\"@type\":\"EntryPoint\",\"urlTemplate\":\"https:\\\/\\\/fit360.ee\\\/en\\\/?s={search_term_string}\"},\"query-input\":{\"@type\":\"PropertyValueSpecification\",\"valueRequired\":true,\"valueName\":\"search_term_string\"}}],\"inLanguage\":\"en-US\"},{\"@type\":\"Organization\",\"@id\":\"https:\\\/\\\/fit360.ee\\\/en\\\/#organization\",\"name\":\"Fit360\",\"url\":\"https:\\\/\\\/fit360.ee\\\/en\\\/\",\"logo\":{\"@type\":\"ImageObject\",\"inLanguage\":\"en-US\",\"@id\":\"https:\\\/\\\/fit360.ee\\\/en\\\/#\\\/schema\\\/logo\\\/image\\\/\",\"url\":\"https:\\\/\\\/fit360.ee\\\/wp-content\\\/uploads\\\/2017\\\/01\\\/logo-fit360.png\",\"contentUrl\":\"https:\\\/\\\/fit360.ee\\\/wp-content\\\/uploads\\\/2017\\\/01\\\/logo-fit360.png\",\"width\":180,\"height\":66,\"caption\":\"Fit360\"},\"image\":{\"@id\":\"https:\\\/\\\/fit360.ee\\\/en\\\/#\\\/schema\\\/logo\\\/image\\\/\"}}]}<\/script>\n<!-- \/ Yoast SEO plugin. -->","yoast_head_json":{"title":"Real Pharm \u0160eiker (700ml) - Fit360","robots":{"index":"index","follow":"follow","max-snippet":"max-snippet:-1","max-image-preview":"max-image-preview:large","max-video-preview":"max-video-preview:-1"},"canonical":"https:\/\/fit360.ee\/en\/pood\/training-equipment-en\/shakers-en\/real-pharm-seiker-700ml\/","og_locale":"en_US","og_type":"article","og_title":"Real Pharm \u0160eiker (700ml) - Fit360","og_description":"Real Pharm \u0160heiker:   Keeratava korgiga \u0161eiker  Varustatud s\u00f5elaga  Sobib taastusjoogi\/erguti\/bcaa segamiseks  \u0160eikeri peal on m\u00f5\u00f5teskaala  Lihtne ja\u00a0kvaliteetne! MAHUTAVUS: 700ml V\u00c4RVUS:\u00a0violett, must, valge, neoonsinine, neoonkollane, roosa","og_url":"https:\/\/fit360.ee\/en\/pood\/training-equipment-en\/shakers-en\/real-pharm-seiker-700ml\/","og_site_name":"Fit360","article_modified_time":"2024-12-04T06:01:24+00:00","og_image":[{"width":550,"height":550,"url":"https:\/\/fit360.ee\/wp-content\/uploads\/2016\/07\/Real-Pharm-Shaker-700ml.png","type":"image\/png"}],"twitter_card":"summary_large_image","schema":{"@context":"https:\/\/schema.org","@graph":[{"@type":"WebPage","@id":"https:\/\/fit360.ee\/en\/pood\/training-equipment-en\/shakers-en\/real-pharm-seiker-700ml\/","url":"https:\/\/fit360.ee\/en\/pood\/training-equipment-en\/shakers-en\/real-pharm-seiker-700ml\/","name":"Real Pharm \u0160eiker (700ml) - Fit360","isPartOf":{"@id":"https:\/\/fit360.ee\/en\/#website"},"primaryImageOfPage":{"@id":"https:\/\/fit360.ee\/en\/pood\/training-equipment-en\/shakers-en\/real-pharm-seiker-700ml\/#primaryimage"},"image":{"@id":"https:\/\/fit360.ee\/en\/pood\/training-equipment-en\/shakers-en\/real-pharm-seiker-700ml\/#primaryimage"},"thumbnailUrl":"https:\/\/fit360.ee\/wp-content\/uploads\/2016\/07\/Real-Pharm-Shaker-700ml.png","datePublished":"2016-07-25T15:25:57+00:00","dateModified":"2024-12-04T06:01:24+00:00","breadcrumb":{"@id":"https:\/\/fit360.ee\/en\/pood\/training-equipment-en\/shakers-en\/real-pharm-seiker-700ml\/#breadcrumb"},"inLanguage":"en-US","potentialAction":[{"@type":"ReadAction","target":["https:\/\/fit360.ee\/en\/pood\/training-equipment-en\/shakers-en\/real-pharm-seiker-700ml\/"]}]},{"@type":"ImageObject","inLanguage":"en-US","@id":"https:\/\/fit360.ee\/en\/pood\/training-equipment-en\/shakers-en\/real-pharm-seiker-700ml\/#primaryimage","url":"https:\/\/fit360.ee\/wp-content\/uploads\/2016\/07\/Real-Pharm-Shaker-700ml.png","contentUrl":"https:\/\/fit360.ee\/wp-content\/uploads\/2016\/07\/Real-Pharm-Shaker-700ml.png","width":550,"height":550},{"@type":"BreadcrumbList","@id":"https:\/\/fit360.ee\/en\/pood\/training-equipment-en\/shakers-en\/real-pharm-seiker-700ml\/#breadcrumb","itemListElement":[{"@type":"ListItem","position":1,"name":"Home","item":"https:\/\/fit360.ee\/en\/"},{"@type":"ListItem","position":2,"name":"Shop","item":"https:\/\/fit360.ee\/en\/shop\/"},{"@type":"ListItem","position":3,"name":"Real Pharm \u0160eiker (700ml)"}]},{"@type":"WebSite","@id":"https:\/\/fit360.ee\/en\/#website","url":"https:\/\/fit360.ee\/en\/","name":"Fit360","description":"","publisher":{"@id":"https:\/\/fit360.ee\/en\/#organization"},"potentialAction":[{"@type":"SearchAction","target":{"@type":"EntryPoint","urlTemplate":"https:\/\/fit360.ee\/en\/?s={search_term_string}"},"query-input":{"@type":"PropertyValueSpecification","valueRequired":true,"valueName":"search_term_string"}}],"inLanguage":"en-US"},{"@type":"Organization","@id":"https:\/\/fit360.ee\/en\/#organization","name":"Fit360","url":"https:\/\/fit360.ee\/en\/","logo":{"@type":"ImageObject","inLanguage":"en-US","@id":"https:\/\/fit360.ee\/en\/#\/schema\/logo\/image\/","url":"https:\/\/fit360.ee\/wp-content\/uploads\/2017\/01\/logo-fit360.png","contentUrl":"https:\/\/fit360.ee\/wp-content\/uploads\/2017\/01\/logo-fit360.png","width":180,"height":66,"caption":"Fit360"},"image":{"@id":"https:\/\/fit360.ee\/en\/#\/schema\/logo\/image\/"}}]}},"_links":{"self":[{"href":"https:\/\/fit360.ee\/en\/wp-json\/wp\/v2\/product\/9148","targetHints":{"allow":["GET"]}}],"collection":[{"href":"https:\/\/fit360.ee\/en\/wp-json\/wp\/v2\/product"}],"about":[{"href":"https:\/\/fit360.ee\/en\/wp-json\/wp\/v2\/types\/product"}],"replies":[{"embeddable":true,"href":"https:\/\/fit360.ee\/en\/wp-json\/wp\/v2\/comments?post=9148"}],"wp:featuredmedia":[{"embeddable":true,"href":"https:\/\/fit360.ee\/en\/wp-json\/wp\/v2\/media\/7911"}],"wp:attachment":[{"href":"https:\/\/fit360.ee\/en\/wp-json\/wp\/v2\/media?parent=9148"}],"wp:term":[{"taxonomy":"product_brand","embeddable":true,"href":"https:\/\/fit360.ee\/en\/wp-json\/wp\/v2\/product_brand?post=9148"},{"taxonomy":"product_cat","embeddable":true,"href":"https:\/\/fit360.ee\/en\/wp-json\/wp\/v2\/product_cat?post=9148"},{"taxonomy":"product_tag","embeddable":true,"href":"https:\/\/fit360.ee\/en\/wp-json\/wp\/v2\/product_tag?post=9148"},{"taxonomy":"giftcard-category","embeddable":true,"href":"https:\/\/fit360.ee\/en\/wp-json\/wp\/v2\/giftcard-category?post=9148"}],"curies":[{"name":"wp","href":"https:\/\/api.w.org\/{rel}","templated":true}]}}