{"id":91715,"date":"2025-10-18T13:35:21","date_gmt":"2025-10-18T11:35:21","guid":{"rendered":"https:\/\/fit360.ee\/pood\/uncategorized\/ubichinon-q10-100caps\/"},"modified":"2025-10-26T16:15:43","modified_gmt":"2025-10-26T14:15:43","slug":"ubichinon-q10-100caps","status":"publish","type":"product","link":"https:\/\/fit360.ee\/en\/pood\/product-groups\/%d0%b2%d0%b5%d0%b3%d0%b0%d0%bd\/vegan-capsules-en\/ubichinon-q10-100caps\/","title":{"rendered":"Ubichinon Q10 (100caps)"},"content":{"rendered":"<h2 data-start=\"197\" data-end=\"269\"><strong data-start=\"201\" data-end=\"269\">Ubikinoon Q10 \u2013 looduslik energia ja rakkude kaitse igas kapslis<\/strong><\/h2>\n<p data-start=\"271\" data-end=\"700\"><strong data-start=\"271\" data-end=\"288\">Ubikinoon Q10<\/strong> on k\u00f5rgekvaliteediline toidulisand, mis toetab sinu keha energiavarusid ja aitab s\u00e4ilitada rakkude tervist. See on taimne (vegan) kapsel, mis sisaldab koens\u00fc\u00fcmi Q10 \u2013 looduslikku \u00fchendit, mida keha toodab ise, kuid mille tase hakkab vanusega paratamatult langema. Regulaarne Ubichinon Q10 tarbimine aitab taastada selle olulise aine tasakaalu ning toetab eluj\u00f5udu, s\u00fcdame tervist ja naha nooruslikku v\u00e4limust.<\/p>\n<p data-start=\"702\" data-end=\"1070\">Koens\u00fc\u00fcm Q10 ehk <strong data-start=\"719\" data-end=\"732\">ubikinoon<\/strong> m\u00e4ngib v\u00f5tmerolli energia tootmisel rakkude mitokondrites \u2013 just seal, kus toimub kehas energia tootmine. K\u00f5rgeim Q10 kontsentratsioon leidub s\u00fcdame lihasrakkudes, mis vajavad pidevat ja intensiivset energiat\u00f6\u00f6d. Seet\u00f5ttu on Ubikinoon Q10 \u00fcks enim uuritud ja soovitatud toidulisandeid s\u00fcdame-veresoonkonna ja \u00fcldise eluj\u00f5u toetamiseks.<\/p>\n<h4 data-start=\"1072\" data-end=\"1106\"><strong data-start=\"1076\" data-end=\"1106\">Miks valida Ubikinoon Q10?<\/strong><\/h4>\n<ul>\n<li data-start=\"1110\" data-end=\"1167\">Toetab <strong data-start=\"1117\" data-end=\"1144\">rakkude energiatootmist<\/strong> ja v\u00e4hendab v\u00e4simust<\/li>\n<li data-start=\"1110\" data-end=\"1167\">Aitab s\u00e4ilitada <strong data-start=\"1186\" data-end=\"1217\">s\u00fcdame ja vereringe tervist<\/strong><\/li>\n<li data-start=\"1110\" data-end=\"1167\">Tugevdab <strong data-start=\"1231\" data-end=\"1276\">immuuns\u00fcsteemi ja antioks\u00fcdantset kaitset<\/strong><\/li>\n<li data-start=\"1110\" data-end=\"1167\">Aitab kaitsta rakke <strong data-start=\"1301\" data-end=\"1325\">oks\u00fcdatiivse stressi<\/strong> ja vabade radikaalide eest<\/li>\n<li data-start=\"1110\" data-end=\"1167\">Sobib <strong data-start=\"1363\" data-end=\"1397\">veganitele ja taimetoitlastele<\/strong> \u2013 ei sisalda loomseid koostisosi<\/li>\n<li data-start=\"1110\" data-end=\"1167\">Mugav ja <strong data-start=\"1444\" data-end=\"1472\">kergesti neelatav kapsel<\/strong><\/li>\n<li data-start=\"1110\" data-end=\"1167\">Sisaldab <strong data-start=\"1486\" data-end=\"1511\">100 mg Ubikinooni Q10<\/strong> \u00fches kapslis<\/li>\n<li data-start=\"1110\" data-end=\"1167\">Piisab \u00fchest kapslist p\u00e4evas \u2013 \u00fcks purk tagab \u00fcle kolme kuu kasutust<\/li>\n<\/ul>\n<h4 data-start=\"1601\" data-end=\"1639\"><strong data-start=\"1605\" data-end=\"1639\">Toetab energiat, ilu ja heaolu<\/strong><\/h4>\n<p data-start=\"1641\" data-end=\"1950\">Ubikinoon Q10 on tuntud ka kui \u201eenergia-vitamiin\u201c \u2013 see aitab hoida keha aktiivse ja vitaalsena, eriti stressirohkel v\u00f5i f\u00fc\u00fcsiliselt n\u00f5udlikul perioodil. Samuti on Q10 oluline naha noorusliku v\u00e4ljan\u00e4gemise s\u00e4ilitamisel, kuna see toetab rakkude taastumist ja aitab v\u00e4hendada oks\u00fcdatiivse stressi m\u00f5ju nahale.<\/p>\n<p data-start=\"1952\" data-end=\"2225\">Vanusega keha loomulik Q10 tase v\u00e4heneb, mist\u00f5ttu v\u00f5ib tekkida v\u00e4simus, n\u00f5rgenenud vastupanuv\u00f5ime ja madalam energiatasetunne. Ubichinon Q10 lisamine igap\u00e4evasesse toitumisse aitab neid m\u00f5jusid tasakaalustada ning tagab, et organism t\u00f6\u00f6tab efektiivselt ja harmooniliselt.<\/p>\n<p data-start=\"2227\" data-end=\"2434\">Laboratoorselt kontrollitud kvaliteet tagab, et iga kapsel sisaldab t\u00e4pselt m\u00e4\u00e4ratud koguse Q10 ja vastab k\u00f5rgeimatele puhtuse standarditele. See on toode, mille kvaliteedis ja toimimises v\u00f5id kindel olla.<\/p>\n<p data-start=\"2227\" data-end=\"2434\"><strong>Koostisosad<\/strong>: <span dir=\"auto\">Inuliin, ubikinoon (koens\u00fc\u00fcm Q10), kapsli kest (t\u00e4iteaine: h\u00fcdroks\u00fcprop\u00fc\u00fclmet\u00fc\u00fcltselluloos).<\/span><\/p>\n<p><span dir=\"auto\">Toode v\u00f5ib sisaldada piima (sh laktoosi), soja, maap\u00e4hkleid, muid p\u00e4hkleid, seesamiseemneid, gluteeni sisaldavaid teravilju, mune, koorikloomi, kala.<\/span><\/p>\n<p><strong>Kasutamine<\/strong>: Tarbida 1 portsjon (1 kapsel) p\u00e4evas.<\/p>\n<p>\u00c4rge \u00fcletage soovitatavat p\u00e4evakogust. Toidulisandit ei saa kasutada mitmekesise toitumise asendajana. Soovitatav on tasakaalustatud toitumine ja tervislik eluviis. \u00c4rge s\u00f6\u00f6ge, kui olete allergiline m\u00f5ne toote koostisosa suhtes. Toodet ei tohiks kasutada lapsed, rasedad ja imetavad emad. Hoida v\u00e4ikelastele k\u00e4ttesaamatus kohas.<\/p>\n<p><strong>Suurus<\/strong>: 100 kapslit<\/p>\n<section class=\"projector__description--nutritional row\" data-selector=\".--nutritional\">\n<div class=\"col-12 col-md-10 col-lg-8\">\n<div class=\"--nutrit\">\n<div class=\"nutrition_table_wrapper\">\n<div class=\"table_wrapper\">\n<table>\n<tbody>\n<tr>\n<th><span dir=\"auto\">Toimeained<\/span><\/th>\n<th><span dir=\"auto\">Portsjoni kohta<\/span><\/th>\n<\/tr>\n<tr>\n<td><span dir=\"auto\">Koens\u00fc\u00fcm Q10<\/span><\/td>\n<td><span dir=\"auto\">100 mg<\/span><\/td>\n<\/tr>\n<\/tbody>\n<\/table>\n<p>&nbsp;<\/p>\n<\/div>\n<\/div>\n<\/div>\n<\/div>\n<\/section>\n<section class=\"projector__firm producer row jusify-content-center\" data-selector=\".--firm\">\n<div class=\"--label col-12\">Vaata ka meie Teisi Koens\u00fc\u00fcm Q10 tooteid <a href=\"https:\/\/fit360.ee\/en\/product-category\/product-groups\/vitamins-and-minerals-en\/coenzyme-q10-en\/\"><strong>SIIT<\/strong><\/a> v\u00f5i k\u00f5iki Vitamiine\/Mineraale <a href=\"https:\/\/fit360.ee\/en\/product-category\/product-groups\/vitamins-and-minerals-en\/\"><strong>SIIT<\/strong><\/a>!<\/div>\n<div><\/div>\n<div>Soovid teha suuremat tellimust? Vaata antud toodet meie HULGI lehelt\u00a0<a href=\"https:\/\/toidulisandidhulgi.ee\/tooted\/ubichinon-q10-100caps\/\"><strong>SIIT<\/strong><\/a>!<\/div>\n<\/section>\n","protected":false},"excerpt":{"rendered":"<ul>\n<li data-start=\"1110\" data-end=\"1167\">Toetab <strong data-start=\"1117\" data-end=\"1144\">rakkude energiatootmist<\/strong> ja v\u00e4hendab v\u00e4simust<\/li>\n<li data-start=\"1110\" data-end=\"1167\">Aitab s\u00e4ilitada <strong data-start=\"1186\" data-end=\"1217\">s\u00fcdame ja vereringe tervist<\/strong><\/li>\n<li data-start=\"1110\" data-end=\"1167\">Tugevdab <strong data-start=\"1231\" data-end=\"1276\">immuuns\u00fcsteemi ja antioks\u00fcdantset kaitset<\/strong><\/li>\n<li data-start=\"1110\" data-end=\"1167\">Aitab kaitsta rakke <strong data-start=\"1301\" data-end=\"1325\">oks\u00fcdatiivse stressi<\/strong> ja vabade radikaalide eest<\/li>\n<li data-start=\"1110\" data-end=\"1167\">Sobib <strong data-start=\"1363\" data-end=\"1397\">veganitele ja taimetoitlastele<\/strong> \u2013 ei sisalda loomseid koostisosi<\/li>\n<li data-start=\"1110\" data-end=\"1167\">Mugav ja <strong data-start=\"1444\" data-end=\"1472\">kergesti neelatav kapsel<\/strong><\/li>\n<li data-start=\"1110\" data-end=\"1167\">Sisaldab <strong data-start=\"1486\" data-end=\"1511\">100 mg Ubikinooni Q10<\/strong> \u00fches kapslis<\/li>\n<\/ul>\n","protected":false},"featured_media":91716,"comment_status":"open","ping_status":"closed","template":"","meta":[],"product_brand":[],"product_cat":[5311,2279,5320,1329,1454,2664,536,1201],"product_tag":[2158,1924,6284,4323,6285],"giftcard-category":[],"class_list":{"0":"post-91715","1":"product","2":"type-product","3":"status-publish","4":"has-post-thumbnail","6":"product_cat-antioxidants-en","7":"product_cat-coenzyme-q10-en","8":"product_cat-for-immunity-en","9":"product_cat-ostrovit-en","10":"product_cat-superfoods-health-foods-en","11":"product_cat-vegan-capsules-en","12":"product_cat-vitamins-and-minerals-en","13":"product_cat-1201","14":"product_tag-koensuum-q10-en","15":"product_tag-ostrovit-en","16":"product_tag-q10-koensuum","17":"product_tag-ubichinon-q10-en","18":"product_tag-ubikinoon-q10","19":"pa_kogus-100-capsules","20":"pa_toidulisand-branddd-ostrovit","21":"pa_tootegruppp-antioksudandid-en","22":"pa_tootegruppp-immuunsusteem-en","23":"pa_tootegruppp-koensuum-q10-en","24":"pa_tootegruppp-supertoit-tervisetoit-en","25":"pa_tootegruppp-vcaps-vegan-kapslid-en","26":"pa_tootegruppp-vegan-en","27":"pa_tootegruppp-vitamins-and-minerals","29":"first","30":"outofstock","31":"sale","32":"taxable","33":"shipping-taxable","34":"purchasable","35":"product-type-simple"},"yoast_head":"<!-- This site is optimized with the Yoast SEO plugin v27.3 - https:\/\/yoast.com\/product\/yoast-seo-wordpress\/ -->\n<title>Ubichinon Q10 (100caps) - Parim Hind - Kiire Tarne - Ubikinoon Q10 - Fit360<\/title>\n<meta name=\"description\" content=\"Ubikinoon Q10 on k\u00f5rgekvaliteediline toidulisand, mis toetab sinu keha energiavarusid ja aitab s\u00e4ilitada rakkude tervist. See on..\" \/>\n<meta name=\"robots\" content=\"index, follow, max-snippet:-1, max-image-preview:large, max-video-preview:-1\" \/>\n<link rel=\"canonical\" href=\"https:\/\/fit360.ee\/en\/pood\/product-groups\/\u0432\u0435\u0433\u0430\u043d\/vegan-capsules-en\/ubichinon-q10-100caps\/\" \/>\n<meta property=\"og:locale\" content=\"en_US\" \/>\n<meta property=\"og:type\" content=\"article\" \/>\n<meta property=\"og:title\" content=\"Ubichinon Q10 (100caps) - Parim Hind - Kiire Tarne - Ubikinoon Q10 - Fit360\" \/>\n<meta property=\"og:description\" content=\"Ubikinoon Q10 on k\u00f5rgekvaliteediline toidulisand, mis toetab sinu keha energiavarusid ja aitab s\u00e4ilitada rakkude tervist. See on..\" \/>\n<meta property=\"og:url\" content=\"https:\/\/fit360.ee\/en\/pood\/product-groups\/\u0432\u0435\u0433\u0430\u043d\/vegan-capsules-en\/ubichinon-q10-100caps\/\" \/>\n<meta property=\"og:site_name\" content=\"Fit360\" \/>\n<meta property=\"article:modified_time\" content=\"2025-10-26T14:15:43+00:00\" \/>\n<meta property=\"og:image\" content=\"https:\/\/fit360.ee\/wp-content\/uploads\/2025\/10\/Ubikinoon-Q10-ostrovit-fit360.ee-1.png\" \/>\n\t<meta property=\"og:image:width\" content=\"450\" \/>\n\t<meta property=\"og:image:height\" content=\"450\" \/>\n\t<meta property=\"og:image:type\" content=\"image\/png\" \/>\n<meta name=\"twitter:card\" content=\"summary_large_image\" \/>\n<meta name=\"twitter:label1\" content=\"Est. reading time\" \/>\n\t<meta name=\"twitter:data1\" content=\"3 minutes\" \/>\n<script type=\"application\/ld+json\" class=\"yoast-schema-graph\">{\"@context\":\"https:\\\/\\\/schema.org\",\"@graph\":[{\"@type\":\"WebPage\",\"@id\":\"https:\\\/\\\/fit360.ee\\\/en\\\/pood\\\/product-groups\\\/%d0%b2%d0%b5%d0%b3%d0%b0%d0%bd\\\/vegan-capsules-en\\\/ubichinon-q10-100caps\\\/\",\"url\":\"https:\\\/\\\/fit360.ee\\\/en\\\/pood\\\/product-groups\\\/%d0%b2%d0%b5%d0%b3%d0%b0%d0%bd\\\/vegan-capsules-en\\\/ubichinon-q10-100caps\\\/\",\"name\":\"Ubichinon Q10 (100caps) - Parim Hind - Kiire Tarne - Ubikinoon Q10 - Fit360\",\"isPartOf\":{\"@id\":\"https:\\\/\\\/fit360.ee\\\/en\\\/#website\"},\"primaryImageOfPage\":{\"@id\":\"https:\\\/\\\/fit360.ee\\\/en\\\/pood\\\/product-groups\\\/%d0%b2%d0%b5%d0%b3%d0%b0%d0%bd\\\/vegan-capsules-en\\\/ubichinon-q10-100caps\\\/#primaryimage\"},\"image\":{\"@id\":\"https:\\\/\\\/fit360.ee\\\/en\\\/pood\\\/product-groups\\\/%d0%b2%d0%b5%d0%b3%d0%b0%d0%bd\\\/vegan-capsules-en\\\/ubichinon-q10-100caps\\\/#primaryimage\"},\"thumbnailUrl\":\"https:\\\/\\\/fit360.ee\\\/wp-content\\\/uploads\\\/2025\\\/10\\\/Ubikinoon-Q10-ostrovit-fit360.ee-1.png\",\"datePublished\":\"2025-10-18T11:35:21+00:00\",\"dateModified\":\"2025-10-26T14:15:43+00:00\",\"description\":\"Ubikinoon Q10 on k\u00f5rgekvaliteediline toidulisand, mis toetab sinu keha energiavarusid ja aitab s\u00e4ilitada rakkude tervist. See on..\",\"breadcrumb\":{\"@id\":\"https:\\\/\\\/fit360.ee\\\/en\\\/pood\\\/product-groups\\\/%d0%b2%d0%b5%d0%b3%d0%b0%d0%bd\\\/vegan-capsules-en\\\/ubichinon-q10-100caps\\\/#breadcrumb\"},\"inLanguage\":\"en-US\",\"potentialAction\":[{\"@type\":\"ReadAction\",\"target\":[\"https:\\\/\\\/fit360.ee\\\/en\\\/pood\\\/product-groups\\\/%d0%b2%d0%b5%d0%b3%d0%b0%d0%bd\\\/vegan-capsules-en\\\/ubichinon-q10-100caps\\\/\"]}]},{\"@type\":\"ImageObject\",\"inLanguage\":\"en-US\",\"@id\":\"https:\\\/\\\/fit360.ee\\\/en\\\/pood\\\/product-groups\\\/%d0%b2%d0%b5%d0%b3%d0%b0%d0%bd\\\/vegan-capsules-en\\\/ubichinon-q10-100caps\\\/#primaryimage\",\"url\":\"https:\\\/\\\/fit360.ee\\\/wp-content\\\/uploads\\\/2025\\\/10\\\/Ubikinoon-Q10-ostrovit-fit360.ee-1.png\",\"contentUrl\":\"https:\\\/\\\/fit360.ee\\\/wp-content\\\/uploads\\\/2025\\\/10\\\/Ubikinoon-Q10-ostrovit-fit360.ee-1.png\",\"width\":450,\"height\":450,\"caption\":\"Ubikinoon Q10 ostrovit - fit360.ee\"},{\"@type\":\"BreadcrumbList\",\"@id\":\"https:\\\/\\\/fit360.ee\\\/en\\\/pood\\\/product-groups\\\/%d0%b2%d0%b5%d0%b3%d0%b0%d0%bd\\\/vegan-capsules-en\\\/ubichinon-q10-100caps\\\/#breadcrumb\",\"itemListElement\":[{\"@type\":\"ListItem\",\"position\":1,\"name\":\"Home\",\"item\":\"https:\\\/\\\/fit360.ee\\\/en\\\/\"},{\"@type\":\"ListItem\",\"position\":2,\"name\":\"Shop\",\"item\":\"https:\\\/\\\/fit360.ee\\\/en\\\/shop\\\/\"},{\"@type\":\"ListItem\",\"position\":3,\"name\":\"Ubichinon Q10 (100caps)\"}]},{\"@type\":\"WebSite\",\"@id\":\"https:\\\/\\\/fit360.ee\\\/en\\\/#website\",\"url\":\"https:\\\/\\\/fit360.ee\\\/en\\\/\",\"name\":\"Fit360\",\"description\":\"\",\"publisher\":{\"@id\":\"https:\\\/\\\/fit360.ee\\\/en\\\/#organization\"},\"potentialAction\":[{\"@type\":\"SearchAction\",\"target\":{\"@type\":\"EntryPoint\",\"urlTemplate\":\"https:\\\/\\\/fit360.ee\\\/en\\\/?s={search_term_string}\"},\"query-input\":{\"@type\":\"PropertyValueSpecification\",\"valueRequired\":true,\"valueName\":\"search_term_string\"}}],\"inLanguage\":\"en-US\"},{\"@type\":\"Organization\",\"@id\":\"https:\\\/\\\/fit360.ee\\\/en\\\/#organization\",\"name\":\"Fit360\",\"url\":\"https:\\\/\\\/fit360.ee\\\/en\\\/\",\"logo\":{\"@type\":\"ImageObject\",\"inLanguage\":\"en-US\",\"@id\":\"https:\\\/\\\/fit360.ee\\\/en\\\/#\\\/schema\\\/logo\\\/image\\\/\",\"url\":\"https:\\\/\\\/fit360.ee\\\/wp-content\\\/uploads\\\/2017\\\/01\\\/logo-fit360.png\",\"contentUrl\":\"https:\\\/\\\/fit360.ee\\\/wp-content\\\/uploads\\\/2017\\\/01\\\/logo-fit360.png\",\"width\":180,\"height\":66,\"caption\":\"Fit360\"},\"image\":{\"@id\":\"https:\\\/\\\/fit360.ee\\\/en\\\/#\\\/schema\\\/logo\\\/image\\\/\"}}]}<\/script>\n<!-- \/ Yoast SEO plugin. -->","yoast_head_json":{"title":"Ubichinon Q10 (100caps) - Parim Hind - Kiire Tarne - Ubikinoon Q10 - Fit360","description":"Ubikinoon Q10 on k\u00f5rgekvaliteediline toidulisand, mis toetab sinu keha energiavarusid ja aitab s\u00e4ilitada rakkude tervist. See on..","robots":{"index":"index","follow":"follow","max-snippet":"max-snippet:-1","max-image-preview":"max-image-preview:large","max-video-preview":"max-video-preview:-1"},"canonical":"https:\/\/fit360.ee\/en\/pood\/product-groups\/\u0432\u0435\u0433\u0430\u043d\/vegan-capsules-en\/ubichinon-q10-100caps\/","og_locale":"en_US","og_type":"article","og_title":"Ubichinon Q10 (100caps) - Parim Hind - Kiire Tarne - Ubikinoon Q10 - Fit360","og_description":"Ubikinoon Q10 on k\u00f5rgekvaliteediline toidulisand, mis toetab sinu keha energiavarusid ja aitab s\u00e4ilitada rakkude tervist. See on..","og_url":"https:\/\/fit360.ee\/en\/pood\/product-groups\/\u0432\u0435\u0433\u0430\u043d\/vegan-capsules-en\/ubichinon-q10-100caps\/","og_site_name":"Fit360","article_modified_time":"2025-10-26T14:15:43+00:00","og_image":[{"width":450,"height":450,"url":"https:\/\/fit360.ee\/wp-content\/uploads\/2025\/10\/Ubikinoon-Q10-ostrovit-fit360.ee-1.png","type":"image\/png"}],"twitter_card":"summary_large_image","twitter_misc":{"Est. reading time":"3 minutes"},"schema":{"@context":"https:\/\/schema.org","@graph":[{"@type":"WebPage","@id":"https:\/\/fit360.ee\/en\/pood\/product-groups\/%d0%b2%d0%b5%d0%b3%d0%b0%d0%bd\/vegan-capsules-en\/ubichinon-q10-100caps\/","url":"https:\/\/fit360.ee\/en\/pood\/product-groups\/%d0%b2%d0%b5%d0%b3%d0%b0%d0%bd\/vegan-capsules-en\/ubichinon-q10-100caps\/","name":"Ubichinon Q10 (100caps) - Parim Hind - Kiire Tarne - Ubikinoon Q10 - Fit360","isPartOf":{"@id":"https:\/\/fit360.ee\/en\/#website"},"primaryImageOfPage":{"@id":"https:\/\/fit360.ee\/en\/pood\/product-groups\/%d0%b2%d0%b5%d0%b3%d0%b0%d0%bd\/vegan-capsules-en\/ubichinon-q10-100caps\/#primaryimage"},"image":{"@id":"https:\/\/fit360.ee\/en\/pood\/product-groups\/%d0%b2%d0%b5%d0%b3%d0%b0%d0%bd\/vegan-capsules-en\/ubichinon-q10-100caps\/#primaryimage"},"thumbnailUrl":"https:\/\/fit360.ee\/wp-content\/uploads\/2025\/10\/Ubikinoon-Q10-ostrovit-fit360.ee-1.png","datePublished":"2025-10-18T11:35:21+00:00","dateModified":"2025-10-26T14:15:43+00:00","description":"Ubikinoon Q10 on k\u00f5rgekvaliteediline toidulisand, mis toetab sinu keha energiavarusid ja aitab s\u00e4ilitada rakkude tervist. See on..","breadcrumb":{"@id":"https:\/\/fit360.ee\/en\/pood\/product-groups\/%d0%b2%d0%b5%d0%b3%d0%b0%d0%bd\/vegan-capsules-en\/ubichinon-q10-100caps\/#breadcrumb"},"inLanguage":"en-US","potentialAction":[{"@type":"ReadAction","target":["https:\/\/fit360.ee\/en\/pood\/product-groups\/%d0%b2%d0%b5%d0%b3%d0%b0%d0%bd\/vegan-capsules-en\/ubichinon-q10-100caps\/"]}]},{"@type":"ImageObject","inLanguage":"en-US","@id":"https:\/\/fit360.ee\/en\/pood\/product-groups\/%d0%b2%d0%b5%d0%b3%d0%b0%d0%bd\/vegan-capsules-en\/ubichinon-q10-100caps\/#primaryimage","url":"https:\/\/fit360.ee\/wp-content\/uploads\/2025\/10\/Ubikinoon-Q10-ostrovit-fit360.ee-1.png","contentUrl":"https:\/\/fit360.ee\/wp-content\/uploads\/2025\/10\/Ubikinoon-Q10-ostrovit-fit360.ee-1.png","width":450,"height":450,"caption":"Ubikinoon Q10 ostrovit - fit360.ee"},{"@type":"BreadcrumbList","@id":"https:\/\/fit360.ee\/en\/pood\/product-groups\/%d0%b2%d0%b5%d0%b3%d0%b0%d0%bd\/vegan-capsules-en\/ubichinon-q10-100caps\/#breadcrumb","itemListElement":[{"@type":"ListItem","position":1,"name":"Home","item":"https:\/\/fit360.ee\/en\/"},{"@type":"ListItem","position":2,"name":"Shop","item":"https:\/\/fit360.ee\/en\/shop\/"},{"@type":"ListItem","position":3,"name":"Ubichinon Q10 (100caps)"}]},{"@type":"WebSite","@id":"https:\/\/fit360.ee\/en\/#website","url":"https:\/\/fit360.ee\/en\/","name":"Fit360","description":"","publisher":{"@id":"https:\/\/fit360.ee\/en\/#organization"},"potentialAction":[{"@type":"SearchAction","target":{"@type":"EntryPoint","urlTemplate":"https:\/\/fit360.ee\/en\/?s={search_term_string}"},"query-input":{"@type":"PropertyValueSpecification","valueRequired":true,"valueName":"search_term_string"}}],"inLanguage":"en-US"},{"@type":"Organization","@id":"https:\/\/fit360.ee\/en\/#organization","name":"Fit360","url":"https:\/\/fit360.ee\/en\/","logo":{"@type":"ImageObject","inLanguage":"en-US","@id":"https:\/\/fit360.ee\/en\/#\/schema\/logo\/image\/","url":"https:\/\/fit360.ee\/wp-content\/uploads\/2017\/01\/logo-fit360.png","contentUrl":"https:\/\/fit360.ee\/wp-content\/uploads\/2017\/01\/logo-fit360.png","width":180,"height":66,"caption":"Fit360"},"image":{"@id":"https:\/\/fit360.ee\/en\/#\/schema\/logo\/image\/"}}]}},"_links":{"self":[{"href":"https:\/\/fit360.ee\/en\/wp-json\/wp\/v2\/product\/91715","targetHints":{"allow":["GET"]}}],"collection":[{"href":"https:\/\/fit360.ee\/en\/wp-json\/wp\/v2\/product"}],"about":[{"href":"https:\/\/fit360.ee\/en\/wp-json\/wp\/v2\/types\/product"}],"replies":[{"embeddable":true,"href":"https:\/\/fit360.ee\/en\/wp-json\/wp\/v2\/comments?post=91715"}],"wp:featuredmedia":[{"embeddable":true,"href":"https:\/\/fit360.ee\/en\/wp-json\/wp\/v2\/media\/91716"}],"wp:attachment":[{"href":"https:\/\/fit360.ee\/en\/wp-json\/wp\/v2\/media?parent=91715"}],"wp:term":[{"taxonomy":"product_brand","embeddable":true,"href":"https:\/\/fit360.ee\/en\/wp-json\/wp\/v2\/product_brand?post=91715"},{"taxonomy":"product_cat","embeddable":true,"href":"https:\/\/fit360.ee\/en\/wp-json\/wp\/v2\/product_cat?post=91715"},{"taxonomy":"product_tag","embeddable":true,"href":"https:\/\/fit360.ee\/en\/wp-json\/wp\/v2\/product_tag?post=91715"},{"taxonomy":"giftcard-category","embeddable":true,"href":"https:\/\/fit360.ee\/en\/wp-json\/wp\/v2\/giftcard-category?post=91715"}],"curies":[{"name":"wp","href":"https:\/\/api.w.org\/{rel}","templated":true}]}}