{"id":92196,"date":"2025-08-09T12:55:37","date_gmt":"2025-08-09T10:55:37","guid":{"rendered":"https:\/\/fit360.ee\/pood\/uncategorized\/no-risk-no-story-fitness-tees-army-green\/"},"modified":"2025-08-09T12:55:37","modified_gmt":"2025-08-09T10:55:37","slug":"no-risk-no-story-fitness-tees-army-green","status":"publish","type":"product","link":"https:\/\/fit360.ee\/en\/pood\/training-equipment-en\/fitness-clothing-en\/no-risk-no-story-fitness-tees-army-green\/","title":{"rendered":"No Risk, No Story Fitness Tees &#8211; Army Green"},"content":{"rendered":"<h2><strong>No Risk, No Story Fitness Tee<\/strong><\/h2>\n<p>\u201eNo Risk, No Story\u201c spordi-T-s\u00e4rk on loodud neile, kes nihutavad piire. Valmistatud Peak-Vent kangast, see on kerge, hingav ja perforeeritud ventilatsiooniga maksimaalse \u00f5huvoolu tagamiseks. Tikitud mantraga \u201eNo Risk, No Story\u201c tuletab see meelde, et iga saavutus algab h\u00fcppest. Vastupidav, sooritusvalmis ja m\u00f5tteviisile orienteeritud \u2013 see on enamat kui lihtsalt T-s\u00e4rk, see on avaldus.<\/p>\n<p><strong>Kellele m\u00f5eldud<\/strong>: Suure intensiivsusega treeningud v\u00f5i \u00f5ues treenimine, mis inspireerivad sind piire nihutama ja v\u00e4ljakutseid vastu v\u00f5tma.<\/p>\n<p><strong>Kangas<\/strong>:<\/p>\n<ul>\n<li><span dir=\"auto\">Meie Peak-Vent kangas (90% nailon \/ 10% elastaan)<\/span><\/li>\n<li><span dir=\"auto\">Kerge<\/span><\/li>\n<li><span dir=\"auto\">Pehme<\/span><\/li>\n<li><span dir=\"auto\">Hingav<\/span><\/li>\n<li><span dir=\"auto\">Neljasuunaline venivus<\/span><\/li>\n<li><span dir=\"auto\">\u00dclimalt vastupidav<\/span><\/li>\n<\/ul>\n<h4><strong>No risk no Story Fitness T-s\u00e4rk P\u00f5hiomadused<\/strong>:<\/h4>\n<ul>\n<li><span dir=\"auto\">Kitsam l\u00f5ige<\/span><\/li>\n<li><span dir=\"auto\">Pikem pikkus<\/span><\/li>\n<li><span dir=\"auto\">Perforeeritud augud<\/span><\/li>\n<li><span dir=\"auto\">L\u00f5hnavastane tehnoloogia<\/span><\/li>\n<li><span dir=\"auto\">ADSE logo rinnal<\/span><\/li>\n<li><span dir=\"auto\">K\u00fcljele tikitud loosung \u201eNo Risk, No Story\u201d<\/span><\/li>\n<li><span dir=\"auto\">Meie ADSE l\u00f5vipea logo on tikitud \u00fclaseljale<\/span><\/li>\n<\/ul>\n<p><strong>Toote hooldus<\/strong>:<\/p>\n<h3><strong><span dir=\"auto\">Pesemine<\/span><\/strong><\/h3>\n<ul>\n<li><span dir=\"auto\">Ainult k\u00fclm vesi<\/span><\/li>\n<li><span dir=\"auto\">\u00c4rge kasutage valgendit<\/span><\/li>\n<li><span dir=\"auto\">Pese ainult sama v\u00e4rvi riietega<\/span><\/li>\n<li><span dir=\"auto\">Kasutage r\u00f5ivaste pesukotti<\/span><\/li>\n<\/ul>\n<h3><span dir=\"auto\">Kuivatamine<\/span><\/h3>\n<ul>\n<li><span dir=\"auto\">\u00c4rge kasutage kuivatit<\/span><\/li>\n<li><span dir=\"auto\">Ainult \u00f5hu k\u00e4es kuivatada<\/span><\/li>\n<\/ul>\n<h3><span dir=\"auto\">Hooldus<\/span><\/h3>\n<ul>\n<li><span dir=\"auto\">\u00c4rge triikige<\/span><\/li>\n<li><span dir=\"auto\">Liigse ebeme ja karvade eemaldamiseks kasutage ebemerulli<\/span><\/li>\n<li><span dir=\"auto\">Kortsude v\u00e4ltimiseks kasutage riidepuid<\/span><\/li>\n<\/ul>\n<p>Vaata ka meie Teisi Treenings\u00e4rke <a href=\"https:\/\/fit360.ee\/tootekategooria\/treeningvarustus\/riided\/\"><strong>SIIT<\/strong><\/a>!<\/p>\n","protected":false},"excerpt":{"rendered":"<ul>\n<li><span dir=\"auto\">Kitsam l\u00f5ige<\/span><\/li>\n<li><span dir=\"auto\">Pikem pikkus<\/span><\/li>\n<li><span dir=\"auto\">Perforeeritud augud<\/span><\/li>\n<li><span dir=\"auto\">L\u00f5hnavastane tehnoloogia<\/span><\/li>\n<li><span dir=\"auto\">ADSE logo rinnal<\/span><\/li>\n<li><span dir=\"auto\">K\u00fcljele tikitud loosung \u201eNo Risk, No Story\u201d<\/span><\/li>\n<li><span dir=\"auto\">Meie ADSE l\u00f5vipea logo on tikitud \u00fclaseljale<\/span><\/li>\n<\/ul>\n<p><em><strong>NB! Meesmodell on 193 cm pikk ja kannab suurust XL.<\/strong><\/em><\/p>\n","protected":false},"featured_media":92197,"comment_status":"open","ping_status":"closed","template":"","meta":[],"product_brand":[],"product_cat":[547,538],"product_tag":[6316,6320],"giftcard-category":[],"class_list":{"0":"post-92196","1":"product","2":"type-product","3":"status-publish","4":"has-post-thumbnail","6":"product_cat-fitness-clothing-en","7":"product_cat-training-equipment-en","8":"product_tag-adse-apparel","9":"product_tag-no-rist-no-story","10":"pa_brand-adse-apparel","11":"pa_riidetuup-t-shirt","12":"pa_sugu-for-men","13":"pa_suurus-l","14":"pa_suurus-m","15":"pa_varustus-clothes","16":"pa_varvus-army-green-melange-en","18":"first","19":"instock","20":"sale","21":"taxable","22":"shipping-taxable","23":"purchasable","24":"product-type-variable"},"yoast_head":"<!-- This site is optimized with the Yoast SEO plugin v27.3 - https:\/\/yoast.com\/product\/yoast-seo-wordpress\/ -->\n<title>No Risk, No Story Fitness Tees - Army Green - Fit360<\/title>\n<meta name=\"robots\" content=\"index, follow, max-snippet:-1, max-image-preview:large, max-video-preview:-1\" \/>\n<link rel=\"canonical\" href=\"https:\/\/fit360.ee\/en\/pood\/training-equipment-en\/fitness-clothing-en\/no-risk-no-story-fitness-tees-army-green\/\" \/>\n<meta property=\"og:locale\" content=\"en_US\" \/>\n<meta property=\"og:type\" content=\"article\" \/>\n<meta property=\"og:title\" content=\"No Risk, No Story Fitness Tees - Army Green - Fit360\" \/>\n<meta property=\"og:description\" content=\"Kitsam l\u00f5ige  Pikem pikkus  Perforeeritud augud  L\u00f5hnavastane tehnoloogia  ADSE logo rinnal  K\u00fcljele tikitud loosung \u201eNo Risk, No Story\u201d  Meie ADSE l\u00f5vipea logo on tikitud \u00fclaseljale  NB! Meesmodell on 193 cm pikk ja kannab suurust XL.\" \/>\n<meta property=\"og:url\" content=\"https:\/\/fit360.ee\/en\/pood\/training-equipment-en\/fitness-clothing-en\/no-risk-no-story-fitness-tees-army-green\/\" \/>\n<meta property=\"og:site_name\" content=\"Fit360\" \/>\n<meta name=\"twitter:card\" content=\"summary_large_image\" \/>\n<meta name=\"twitter:label1\" content=\"Est. reading time\" \/>\n\t<meta name=\"twitter:data1\" content=\"1 minute\" \/>\n<script type=\"application\/ld+json\" class=\"yoast-schema-graph\">{\"@context\":\"https:\\\/\\\/schema.org\",\"@graph\":[{\"@type\":\"WebPage\",\"@id\":\"https:\\\/\\\/fit360.ee\\\/en\\\/pood\\\/training-equipment-en\\\/fitness-clothing-en\\\/no-risk-no-story-fitness-tees-army-green\\\/\",\"url\":\"https:\\\/\\\/fit360.ee\\\/en\\\/pood\\\/training-equipment-en\\\/fitness-clothing-en\\\/no-risk-no-story-fitness-tees-army-green\\\/\",\"name\":\"No Risk, No Story Fitness Tees - Army Green - Fit360\",\"isPartOf\":{\"@id\":\"https:\\\/\\\/fit360.ee\\\/en\\\/#website\"},\"primaryImageOfPage\":{\"@id\":\"https:\\\/\\\/fit360.ee\\\/en\\\/pood\\\/training-equipment-en\\\/fitness-clothing-en\\\/no-risk-no-story-fitness-tees-army-green\\\/#primaryimage\"},\"image\":{\"@id\":\"https:\\\/\\\/fit360.ee\\\/en\\\/pood\\\/training-equipment-en\\\/fitness-clothing-en\\\/no-risk-no-story-fitness-tees-army-green\\\/#primaryimage\"},\"thumbnailUrl\":\"https:\\\/\\\/fit360.ee\\\/wp-content\\\/uploads\\\/2025\\\/08\\\/no-risk-no-stroy-fitness-t-sark-fit360.ee_.jpg\",\"datePublished\":\"2025-08-09T10:55:37+00:00\",\"breadcrumb\":{\"@id\":\"https:\\\/\\\/fit360.ee\\\/en\\\/pood\\\/training-equipment-en\\\/fitness-clothing-en\\\/no-risk-no-story-fitness-tees-army-green\\\/#breadcrumb\"},\"inLanguage\":\"en-US\",\"potentialAction\":[{\"@type\":\"ReadAction\",\"target\":[\"https:\\\/\\\/fit360.ee\\\/en\\\/pood\\\/training-equipment-en\\\/fitness-clothing-en\\\/no-risk-no-story-fitness-tees-army-green\\\/\"]}]},{\"@type\":\"ImageObject\",\"inLanguage\":\"en-US\",\"@id\":\"https:\\\/\\\/fit360.ee\\\/en\\\/pood\\\/training-equipment-en\\\/fitness-clothing-en\\\/no-risk-no-story-fitness-tees-army-green\\\/#primaryimage\",\"url\":\"https:\\\/\\\/fit360.ee\\\/wp-content\\\/uploads\\\/2025\\\/08\\\/no-risk-no-stroy-fitness-t-sark-fit360.ee_.jpg\",\"contentUrl\":\"https:\\\/\\\/fit360.ee\\\/wp-content\\\/uploads\\\/2025\\\/08\\\/no-risk-no-stroy-fitness-t-sark-fit360.ee_.jpg\",\"width\":1200,\"height\":1600,\"caption\":\"no risk no stroy fitness t-s\u00e4rk - fit360.ee\"},{\"@type\":\"BreadcrumbList\",\"@id\":\"https:\\\/\\\/fit360.ee\\\/en\\\/pood\\\/training-equipment-en\\\/fitness-clothing-en\\\/no-risk-no-story-fitness-tees-army-green\\\/#breadcrumb\",\"itemListElement\":[{\"@type\":\"ListItem\",\"position\":1,\"name\":\"Home\",\"item\":\"https:\\\/\\\/fit360.ee\\\/en\\\/\"},{\"@type\":\"ListItem\",\"position\":2,\"name\":\"Shop\",\"item\":\"https:\\\/\\\/fit360.ee\\\/en\\\/shop\\\/\"},{\"@type\":\"ListItem\",\"position\":3,\"name\":\"No Risk, No Story Fitness Tees &#8211; Army Green\"}]},{\"@type\":\"WebSite\",\"@id\":\"https:\\\/\\\/fit360.ee\\\/en\\\/#website\",\"url\":\"https:\\\/\\\/fit360.ee\\\/en\\\/\",\"name\":\"Fit360\",\"description\":\"\",\"publisher\":{\"@id\":\"https:\\\/\\\/fit360.ee\\\/en\\\/#organization\"},\"potentialAction\":[{\"@type\":\"SearchAction\",\"target\":{\"@type\":\"EntryPoint\",\"urlTemplate\":\"https:\\\/\\\/fit360.ee\\\/en\\\/?s={search_term_string}\"},\"query-input\":{\"@type\":\"PropertyValueSpecification\",\"valueRequired\":true,\"valueName\":\"search_term_string\"}}],\"inLanguage\":\"en-US\"},{\"@type\":\"Organization\",\"@id\":\"https:\\\/\\\/fit360.ee\\\/en\\\/#organization\",\"name\":\"Fit360\",\"url\":\"https:\\\/\\\/fit360.ee\\\/en\\\/\",\"logo\":{\"@type\":\"ImageObject\",\"inLanguage\":\"en-US\",\"@id\":\"https:\\\/\\\/fit360.ee\\\/en\\\/#\\\/schema\\\/logo\\\/image\\\/\",\"url\":\"https:\\\/\\\/fit360.ee\\\/wp-content\\\/uploads\\\/2017\\\/01\\\/logo-fit360.png\",\"contentUrl\":\"https:\\\/\\\/fit360.ee\\\/wp-content\\\/uploads\\\/2017\\\/01\\\/logo-fit360.png\",\"width\":180,\"height\":66,\"caption\":\"Fit360\"},\"image\":{\"@id\":\"https:\\\/\\\/fit360.ee\\\/en\\\/#\\\/schema\\\/logo\\\/image\\\/\"}}]}<\/script>\n<!-- \/ Yoast SEO plugin. -->","yoast_head_json":{"title":"No Risk, No Story Fitness Tees - Army Green - Fit360","robots":{"index":"index","follow":"follow","max-snippet":"max-snippet:-1","max-image-preview":"max-image-preview:large","max-video-preview":"max-video-preview:-1"},"canonical":"https:\/\/fit360.ee\/en\/pood\/training-equipment-en\/fitness-clothing-en\/no-risk-no-story-fitness-tees-army-green\/","og_locale":"en_US","og_type":"article","og_title":"No Risk, No Story Fitness Tees - Army Green - Fit360","og_description":"Kitsam l\u00f5ige  Pikem pikkus  Perforeeritud augud  L\u00f5hnavastane tehnoloogia  ADSE logo rinnal  K\u00fcljele tikitud loosung \u201eNo Risk, No Story\u201d  Meie ADSE l\u00f5vipea logo on tikitud \u00fclaseljale  NB! Meesmodell on 193 cm pikk ja kannab suurust XL.","og_url":"https:\/\/fit360.ee\/en\/pood\/training-equipment-en\/fitness-clothing-en\/no-risk-no-story-fitness-tees-army-green\/","og_site_name":"Fit360","twitter_card":"summary_large_image","twitter_misc":{"Est. reading time":"1 minute"},"schema":{"@context":"https:\/\/schema.org","@graph":[{"@type":"WebPage","@id":"https:\/\/fit360.ee\/en\/pood\/training-equipment-en\/fitness-clothing-en\/no-risk-no-story-fitness-tees-army-green\/","url":"https:\/\/fit360.ee\/en\/pood\/training-equipment-en\/fitness-clothing-en\/no-risk-no-story-fitness-tees-army-green\/","name":"No Risk, No Story Fitness Tees - Army Green - Fit360","isPartOf":{"@id":"https:\/\/fit360.ee\/en\/#website"},"primaryImageOfPage":{"@id":"https:\/\/fit360.ee\/en\/pood\/training-equipment-en\/fitness-clothing-en\/no-risk-no-story-fitness-tees-army-green\/#primaryimage"},"image":{"@id":"https:\/\/fit360.ee\/en\/pood\/training-equipment-en\/fitness-clothing-en\/no-risk-no-story-fitness-tees-army-green\/#primaryimage"},"thumbnailUrl":"https:\/\/fit360.ee\/wp-content\/uploads\/2025\/08\/no-risk-no-stroy-fitness-t-sark-fit360.ee_.jpg","datePublished":"2025-08-09T10:55:37+00:00","breadcrumb":{"@id":"https:\/\/fit360.ee\/en\/pood\/training-equipment-en\/fitness-clothing-en\/no-risk-no-story-fitness-tees-army-green\/#breadcrumb"},"inLanguage":"en-US","potentialAction":[{"@type":"ReadAction","target":["https:\/\/fit360.ee\/en\/pood\/training-equipment-en\/fitness-clothing-en\/no-risk-no-story-fitness-tees-army-green\/"]}]},{"@type":"ImageObject","inLanguage":"en-US","@id":"https:\/\/fit360.ee\/en\/pood\/training-equipment-en\/fitness-clothing-en\/no-risk-no-story-fitness-tees-army-green\/#primaryimage","url":"https:\/\/fit360.ee\/wp-content\/uploads\/2025\/08\/no-risk-no-stroy-fitness-t-sark-fit360.ee_.jpg","contentUrl":"https:\/\/fit360.ee\/wp-content\/uploads\/2025\/08\/no-risk-no-stroy-fitness-t-sark-fit360.ee_.jpg","width":1200,"height":1600,"caption":"no risk no stroy fitness t-s\u00e4rk - fit360.ee"},{"@type":"BreadcrumbList","@id":"https:\/\/fit360.ee\/en\/pood\/training-equipment-en\/fitness-clothing-en\/no-risk-no-story-fitness-tees-army-green\/#breadcrumb","itemListElement":[{"@type":"ListItem","position":1,"name":"Home","item":"https:\/\/fit360.ee\/en\/"},{"@type":"ListItem","position":2,"name":"Shop","item":"https:\/\/fit360.ee\/en\/shop\/"},{"@type":"ListItem","position":3,"name":"No Risk, No Story Fitness Tees &#8211; Army Green"}]},{"@type":"WebSite","@id":"https:\/\/fit360.ee\/en\/#website","url":"https:\/\/fit360.ee\/en\/","name":"Fit360","description":"","publisher":{"@id":"https:\/\/fit360.ee\/en\/#organization"},"potentialAction":[{"@type":"SearchAction","target":{"@type":"EntryPoint","urlTemplate":"https:\/\/fit360.ee\/en\/?s={search_term_string}"},"query-input":{"@type":"PropertyValueSpecification","valueRequired":true,"valueName":"search_term_string"}}],"inLanguage":"en-US"},{"@type":"Organization","@id":"https:\/\/fit360.ee\/en\/#organization","name":"Fit360","url":"https:\/\/fit360.ee\/en\/","logo":{"@type":"ImageObject","inLanguage":"en-US","@id":"https:\/\/fit360.ee\/en\/#\/schema\/logo\/image\/","url":"https:\/\/fit360.ee\/wp-content\/uploads\/2017\/01\/logo-fit360.png","contentUrl":"https:\/\/fit360.ee\/wp-content\/uploads\/2017\/01\/logo-fit360.png","width":180,"height":66,"caption":"Fit360"},"image":{"@id":"https:\/\/fit360.ee\/en\/#\/schema\/logo\/image\/"}}]}},"_links":{"self":[{"href":"https:\/\/fit360.ee\/en\/wp-json\/wp\/v2\/product\/92196","targetHints":{"allow":["GET"]}}],"collection":[{"href":"https:\/\/fit360.ee\/en\/wp-json\/wp\/v2\/product"}],"about":[{"href":"https:\/\/fit360.ee\/en\/wp-json\/wp\/v2\/types\/product"}],"replies":[{"embeddable":true,"href":"https:\/\/fit360.ee\/en\/wp-json\/wp\/v2\/comments?post=92196"}],"wp:featuredmedia":[{"embeddable":true,"href":"https:\/\/fit360.ee\/en\/wp-json\/wp\/v2\/media\/92197"}],"wp:attachment":[{"href":"https:\/\/fit360.ee\/en\/wp-json\/wp\/v2\/media?parent=92196"}],"wp:term":[{"taxonomy":"product_brand","embeddable":true,"href":"https:\/\/fit360.ee\/en\/wp-json\/wp\/v2\/product_brand?post=92196"},{"taxonomy":"product_cat","embeddable":true,"href":"https:\/\/fit360.ee\/en\/wp-json\/wp\/v2\/product_cat?post=92196"},{"taxonomy":"product_tag","embeddable":true,"href":"https:\/\/fit360.ee\/en\/wp-json\/wp\/v2\/product_tag?post=92196"},{"taxonomy":"giftcard-category","embeddable":true,"href":"https:\/\/fit360.ee\/en\/wp-json\/wp\/v2\/giftcard-category?post=92196"}],"curies":[{"name":"wp","href":"https:\/\/api.w.org\/{rel}","templated":true}]}}