{"id":92218,"date":"2025-11-10T16:55:49","date_gmt":"2025-11-10T14:55:49","guid":{"rendered":"https:\/\/fit360.ee\/pood\/uncategorized\/fgs-elite-mens-shorts-black\/"},"modified":"2026-04-11T10:57:06","modified_gmt":"2026-04-11T08:57:06","slug":"fgs-elite-mens-shorts-black","status":"publish","type":"product","link":"https:\/\/fit360.ee\/en\/pood\/training-equipment-en\/fitness-clothing-en\/fgs-elite-mens-shorts-black\/","title":{"rendered":"FGS Elite Men&#8217;s Shorts &#8211; Black"},"content":{"rendered":"<h2><strong>FGS Elite Men&#8217;s Shorts<\/strong><\/h2>\n<p><span dir=\"auto\">Meeste treeningp\u00fcksid ehk FGS Elite Men&#8217;s Shorts on loodud kiiruse, j\u00f5u ja liikumise jaoks. Need on valmistatud kergest QuickFlexx kangast, hingavad, kiiresti kuivavad ja k\u00fcljel\u00f5hikutega piiramatu liikuvuse tagamiseks. Kahekordsed lukuga taskud hoiavad teie olulisi asju turvaliselt, samas kui spetsiaalne ADSE pingutusn\u00f6\u00f6r lisab rafineeritud viimistluse. Loodud jooksjatele ja sportlastele, kes n\u00f5uavad j\u00f5udlust ilma kompromissideta.<\/span><\/p>\n<p><em><span dir=\"auto\">Modell on 180 cm pikk ja kannab suurust L.<\/span><\/em><\/p>\n<p><strong>M\u00f5eldud<\/strong>: Jooksmine, sprinditreening v\u00f5i kardiotreeningud \u2013 lisaliikuvuse ja oluliste asjade turvalise hoiustamisega.<\/p>\n<p><strong><span dir=\"auto\">KANGAS<\/span><\/strong><\/p>\n<ul>\n<li><span dir=\"auto\">Meie QuickFlexx kangas (94% pol\u00fcester \/ 6% elastaan)<\/span><\/li>\n<li><span dir=\"auto\">Veniv<\/span><\/li>\n<li><span dir=\"auto\">Kiire kuivamine<\/span><\/li>\n<li><span dir=\"auto\">Kerge<\/span><\/li>\n<\/ul>\n<h4><strong><span dir=\"auto\">FGS Elite Men&#8217;s Shorts p\u00f5hiomadused<\/span><\/strong><\/h4>\n<ul>\n<li><span dir=\"auto\">S\u00fcgavad telefonitaskud<\/span><\/li>\n<li><span dir=\"auto\">Taskutel lukud<\/span><\/li>\n<li><span dir=\"auto\">Elastne v\u00f6\u00f6koht<\/span><\/li>\n<li><span dir=\"auto\">\u00dcmarad k\u00fclgmised pilud, et v\u00e4ltida jala k\u00fclge kinnij\u00e4\u00e4mist<\/span><\/li>\n<li><span dir=\"auto\">Vasakul ees kuumtihendatud ADSE logo<\/span><\/li>\n<li><span dir=\"auto\">Kohandatud pingutusn\u00f6\u00f6r<\/span><\/li>\n<li><span dir=\"auto\">Lahtised sildid puuduvad<\/span><\/li>\n<\/ul>\n<h3><strong><span dir=\"auto\">Pesemine<\/span><\/strong><\/h3>\n<ul>\n<li><span dir=\"auto\">Ainult k\u00fclm vesi<\/span><\/li>\n<li><span dir=\"auto\">\u00c4rge kasutage valgendit<\/span><\/li>\n<li><span dir=\"auto\">Pese ainult sama v\u00e4rvi riietega<\/span><\/li>\n<li><span dir=\"auto\">Kasutage r\u00f5ivaste pesukotti<\/span><\/li>\n<\/ul>\n<h3><span dir=\"auto\">Kuivatamine<\/span><\/h3>\n<ul>\n<li><span dir=\"auto\">\u00c4rge kasutage kuivatit<\/span><\/li>\n<li><span dir=\"auto\">Ainult \u00f5hu k\u00e4es kuivatada<\/span><\/li>\n<\/ul>\n<h3><span dir=\"auto\">Hooldus<\/span><\/h3>\n<ul>\n<li><span dir=\"auto\">\u00c4rge triikige<\/span><\/li>\n<li><span dir=\"auto\">Liigse ebeme ja karvade eemaldamiseks kasutage ebemerulli<\/span><\/li>\n<li><span dir=\"auto\">Kortsude v\u00e4ltimiseks kasutage riidepuid<\/span><\/li>\n<\/ul>\n<p>Vaata ka meie Teisi Treeningp\u00fckse <a href=\"https:\/\/fit360.ee\/en\/product-category\/training-equipment-en\/fitness-clothing-en\/\"><strong>SIIT<\/strong><\/a>!<\/p>\n","protected":false},"excerpt":{"rendered":"<ul>\n<li><span dir=\"auto\">S\u00fcgavad telefonitaskud<\/span><\/li>\n<li><span dir=\"auto\">Taskutel lukud<\/span><\/li>\n<li><span dir=\"auto\">Elastne v\u00f6\u00f6koht<\/span><\/li>\n<li><span dir=\"auto\">\u00dcmarad k\u00fclgmised pilud, et v\u00e4ltida jala k\u00fclge kinnij\u00e4\u00e4mist<\/span><\/li>\n<li><span dir=\"auto\">Vasakul ees kuumtihendatud ADSE logo<\/span><\/li>\n<li><span dir=\"auto\">Kohandatud pingutusn\u00f6\u00f6r<\/span><\/li>\n<li><span dir=\"auto\">Lahtised sildid puuduvad<\/span><\/li>\n<\/ul>\n<p><strong>NB! <em><span dir=\"auto\">Modell on 180 cm pikk ja kannab suurust L.<\/span><\/em><\/strong><\/p>\n","protected":false},"featured_media":92219,"comment_status":"open","ping_status":"closed","template":"","meta":[],"product_brand":[],"product_cat":[547,538],"product_tag":[6316,6322],"giftcard-category":[],"class_list":{"0":"post-92218","1":"product","2":"type-product","3":"status-publish","4":"has-post-thumbnail","6":"product_cat-fitness-clothing-en","7":"product_cat-training-equipment-en","8":"product_tag-adse-apparel","9":"product_tag-fgs-elite-mens-shorts","10":"pa_brand-adse-apparel","11":"pa_riidetuup-shorts","12":"pa_sugu-for-men","13":"pa_suurus-l","14":"pa_suurus-m","15":"pa_suurus-xl","16":"pa_varustus-clothes","17":"pa_varvus-black","19":"first","20":"instock","21":"sale","22":"taxable","23":"shipping-taxable","24":"purchasable","25":"product-type-variable"},"yoast_head":"<!-- This site is optimized with the Yoast SEO plugin v27.3 - https:\/\/yoast.com\/product\/yoast-seo-wordpress\/ -->\n<title>FGS Elite Men&#039;s Shorts - Black - Fit360<\/title>\n<meta name=\"description\" content=\"Meeste treeningp\u00fcksid ehk FGS Elite Men&#039;s Shorts on loodud kiiruse, j\u00f5u ja liikumise jaoks. Need on valmistatud kergest QuickFlexx kangast, hingavad, ki...\" \/>\n<meta name=\"robots\" content=\"index, follow, max-snippet:-1, max-image-preview:large, max-video-preview:-1\" \/>\n<link rel=\"canonical\" href=\"https:\/\/fit360.ee\/en\/pood\/training-equipment-en\/fitness-clothing-en\/fgs-elite-mens-shorts-black\/\" \/>\n<meta property=\"og:locale\" content=\"en_US\" \/>\n<meta property=\"og:type\" content=\"article\" \/>\n<meta property=\"og:title\" content=\"FGS Elite Men&#039;s Shorts - Black - Fit360\" \/>\n<meta property=\"og:description\" content=\"Meeste treeningp\u00fcksid ehk FGS Elite Men&#039;s Shorts on loodud kiiruse, j\u00f5u ja liikumise jaoks. Need on valmistatud kergest QuickFlexx kangast, hingavad, ki...\" \/>\n<meta property=\"og:url\" content=\"https:\/\/fit360.ee\/en\/pood\/training-equipment-en\/fitness-clothing-en\/fgs-elite-mens-shorts-black\/\" \/>\n<meta property=\"og:site_name\" content=\"Fit360\" \/>\n<meta property=\"article:modified_time\" content=\"2026-04-11T08:57:06+00:00\" \/>\n<meta property=\"og:image\" content=\"https:\/\/fit360.ee\/wp-content\/uploads\/2025\/11\/FGS-Elite-Mens-shorts-fit360.ee_.webp\" \/>\n\t<meta property=\"og:image:width\" content=\"1200\" \/>\n\t<meta property=\"og:image:height\" content=\"1600\" \/>\n\t<meta property=\"og:image:type\" content=\"image\/webp\" \/>\n<meta name=\"twitter:card\" content=\"summary_large_image\" \/>\n<meta name=\"twitter:label1\" content=\"Est. reading time\" \/>\n\t<meta name=\"twitter:data1\" content=\"2 minutes\" \/>\n<script type=\"application\/ld+json\" class=\"yoast-schema-graph\">{\"@context\":\"https:\\\/\\\/schema.org\",\"@graph\":[{\"@type\":\"WebPage\",\"@id\":\"https:\\\/\\\/fit360.ee\\\/en\\\/pood\\\/training-equipment-en\\\/fitness-clothing-en\\\/fgs-elite-mens-shorts-black\\\/\",\"url\":\"https:\\\/\\\/fit360.ee\\\/en\\\/pood\\\/training-equipment-en\\\/fitness-clothing-en\\\/fgs-elite-mens-shorts-black\\\/\",\"name\":\"FGS Elite Men's Shorts - Black - Fit360\",\"isPartOf\":{\"@id\":\"https:\\\/\\\/fit360.ee\\\/en\\\/#website\"},\"primaryImageOfPage\":{\"@id\":\"https:\\\/\\\/fit360.ee\\\/en\\\/pood\\\/training-equipment-en\\\/fitness-clothing-en\\\/fgs-elite-mens-shorts-black\\\/#primaryimage\"},\"image\":{\"@id\":\"https:\\\/\\\/fit360.ee\\\/en\\\/pood\\\/training-equipment-en\\\/fitness-clothing-en\\\/fgs-elite-mens-shorts-black\\\/#primaryimage\"},\"thumbnailUrl\":\"https:\\\/\\\/fit360.ee\\\/wp-content\\\/uploads\\\/2025\\\/11\\\/FGS-Elite-Mens-shorts-fit360.ee_.webp\",\"datePublished\":\"2025-11-10T14:55:49+00:00\",\"dateModified\":\"2026-04-11T08:57:06+00:00\",\"description\":\"Meeste treeningp\u00fcksid ehk FGS Elite Men's Shorts on loodud kiiruse, j\u00f5u ja liikumise jaoks. Need on valmistatud kergest QuickFlexx kangast, hingavad, ki...\",\"breadcrumb\":{\"@id\":\"https:\\\/\\\/fit360.ee\\\/en\\\/pood\\\/training-equipment-en\\\/fitness-clothing-en\\\/fgs-elite-mens-shorts-black\\\/#breadcrumb\"},\"inLanguage\":\"en-US\",\"potentialAction\":[{\"@type\":\"ReadAction\",\"target\":[\"https:\\\/\\\/fit360.ee\\\/en\\\/pood\\\/training-equipment-en\\\/fitness-clothing-en\\\/fgs-elite-mens-shorts-black\\\/\"]}]},{\"@type\":\"ImageObject\",\"inLanguage\":\"en-US\",\"@id\":\"https:\\\/\\\/fit360.ee\\\/en\\\/pood\\\/training-equipment-en\\\/fitness-clothing-en\\\/fgs-elite-mens-shorts-black\\\/#primaryimage\",\"url\":\"https:\\\/\\\/fit360.ee\\\/wp-content\\\/uploads\\\/2025\\\/11\\\/FGS-Elite-Mens-shorts-fit360.ee_.webp\",\"contentUrl\":\"https:\\\/\\\/fit360.ee\\\/wp-content\\\/uploads\\\/2025\\\/11\\\/FGS-Elite-Mens-shorts-fit360.ee_.webp\",\"width\":1200,\"height\":1600,\"caption\":\"FGS Elite Men's shorts - fit360.ee\"},{\"@type\":\"BreadcrumbList\",\"@id\":\"https:\\\/\\\/fit360.ee\\\/en\\\/pood\\\/training-equipment-en\\\/fitness-clothing-en\\\/fgs-elite-mens-shorts-black\\\/#breadcrumb\",\"itemListElement\":[{\"@type\":\"ListItem\",\"position\":1,\"name\":\"Home\",\"item\":\"https:\\\/\\\/fit360.ee\\\/en\\\/\"},{\"@type\":\"ListItem\",\"position\":2,\"name\":\"Shop\",\"item\":\"https:\\\/\\\/fit360.ee\\\/en\\\/shop\\\/\"},{\"@type\":\"ListItem\",\"position\":3,\"name\":\"FGS Elite Men&#8217;s Shorts &#8211; Black\"}]},{\"@type\":\"WebSite\",\"@id\":\"https:\\\/\\\/fit360.ee\\\/en\\\/#website\",\"url\":\"https:\\\/\\\/fit360.ee\\\/en\\\/\",\"name\":\"Fit360\",\"description\":\"\",\"publisher\":{\"@id\":\"https:\\\/\\\/fit360.ee\\\/en\\\/#organization\"},\"potentialAction\":[{\"@type\":\"SearchAction\",\"target\":{\"@type\":\"EntryPoint\",\"urlTemplate\":\"https:\\\/\\\/fit360.ee\\\/en\\\/?s={search_term_string}\"},\"query-input\":{\"@type\":\"PropertyValueSpecification\",\"valueRequired\":true,\"valueName\":\"search_term_string\"}}],\"inLanguage\":\"en-US\"},{\"@type\":\"Organization\",\"@id\":\"https:\\\/\\\/fit360.ee\\\/en\\\/#organization\",\"name\":\"Fit360\",\"url\":\"https:\\\/\\\/fit360.ee\\\/en\\\/\",\"logo\":{\"@type\":\"ImageObject\",\"inLanguage\":\"en-US\",\"@id\":\"https:\\\/\\\/fit360.ee\\\/en\\\/#\\\/schema\\\/logo\\\/image\\\/\",\"url\":\"https:\\\/\\\/fit360.ee\\\/wp-content\\\/uploads\\\/2017\\\/01\\\/logo-fit360.png\",\"contentUrl\":\"https:\\\/\\\/fit360.ee\\\/wp-content\\\/uploads\\\/2017\\\/01\\\/logo-fit360.png\",\"width\":180,\"height\":66,\"caption\":\"Fit360\"},\"image\":{\"@id\":\"https:\\\/\\\/fit360.ee\\\/en\\\/#\\\/schema\\\/logo\\\/image\\\/\"}}]}<\/script>\n<!-- \/ Yoast SEO plugin. -->","yoast_head_json":{"title":"FGS Elite Men's Shorts - Black - Fit360","description":"Meeste treeningp\u00fcksid ehk FGS Elite Men's Shorts on loodud kiiruse, j\u00f5u ja liikumise jaoks. Need on valmistatud kergest QuickFlexx kangast, hingavad, ki...","robots":{"index":"index","follow":"follow","max-snippet":"max-snippet:-1","max-image-preview":"max-image-preview:large","max-video-preview":"max-video-preview:-1"},"canonical":"https:\/\/fit360.ee\/en\/pood\/training-equipment-en\/fitness-clothing-en\/fgs-elite-mens-shorts-black\/","og_locale":"en_US","og_type":"article","og_title":"FGS Elite Men's Shorts - Black - Fit360","og_description":"Meeste treeningp\u00fcksid ehk FGS Elite Men's Shorts on loodud kiiruse, j\u00f5u ja liikumise jaoks. Need on valmistatud kergest QuickFlexx kangast, hingavad, ki...","og_url":"https:\/\/fit360.ee\/en\/pood\/training-equipment-en\/fitness-clothing-en\/fgs-elite-mens-shorts-black\/","og_site_name":"Fit360","article_modified_time":"2026-04-11T08:57:06+00:00","og_image":[{"width":1200,"height":1600,"url":"https:\/\/fit360.ee\/wp-content\/uploads\/2025\/11\/FGS-Elite-Mens-shorts-fit360.ee_.webp","type":"image\/webp"}],"twitter_card":"summary_large_image","twitter_misc":{"Est. reading time":"2 minutes"},"schema":{"@context":"https:\/\/schema.org","@graph":[{"@type":"WebPage","@id":"https:\/\/fit360.ee\/en\/pood\/training-equipment-en\/fitness-clothing-en\/fgs-elite-mens-shorts-black\/","url":"https:\/\/fit360.ee\/en\/pood\/training-equipment-en\/fitness-clothing-en\/fgs-elite-mens-shorts-black\/","name":"FGS Elite Men's Shorts - Black - Fit360","isPartOf":{"@id":"https:\/\/fit360.ee\/en\/#website"},"primaryImageOfPage":{"@id":"https:\/\/fit360.ee\/en\/pood\/training-equipment-en\/fitness-clothing-en\/fgs-elite-mens-shorts-black\/#primaryimage"},"image":{"@id":"https:\/\/fit360.ee\/en\/pood\/training-equipment-en\/fitness-clothing-en\/fgs-elite-mens-shorts-black\/#primaryimage"},"thumbnailUrl":"https:\/\/fit360.ee\/wp-content\/uploads\/2025\/11\/FGS-Elite-Mens-shorts-fit360.ee_.webp","datePublished":"2025-11-10T14:55:49+00:00","dateModified":"2026-04-11T08:57:06+00:00","description":"Meeste treeningp\u00fcksid ehk FGS Elite Men's Shorts on loodud kiiruse, j\u00f5u ja liikumise jaoks. Need on valmistatud kergest QuickFlexx kangast, hingavad, ki...","breadcrumb":{"@id":"https:\/\/fit360.ee\/en\/pood\/training-equipment-en\/fitness-clothing-en\/fgs-elite-mens-shorts-black\/#breadcrumb"},"inLanguage":"en-US","potentialAction":[{"@type":"ReadAction","target":["https:\/\/fit360.ee\/en\/pood\/training-equipment-en\/fitness-clothing-en\/fgs-elite-mens-shorts-black\/"]}]},{"@type":"ImageObject","inLanguage":"en-US","@id":"https:\/\/fit360.ee\/en\/pood\/training-equipment-en\/fitness-clothing-en\/fgs-elite-mens-shorts-black\/#primaryimage","url":"https:\/\/fit360.ee\/wp-content\/uploads\/2025\/11\/FGS-Elite-Mens-shorts-fit360.ee_.webp","contentUrl":"https:\/\/fit360.ee\/wp-content\/uploads\/2025\/11\/FGS-Elite-Mens-shorts-fit360.ee_.webp","width":1200,"height":1600,"caption":"FGS Elite Men's shorts - fit360.ee"},{"@type":"BreadcrumbList","@id":"https:\/\/fit360.ee\/en\/pood\/training-equipment-en\/fitness-clothing-en\/fgs-elite-mens-shorts-black\/#breadcrumb","itemListElement":[{"@type":"ListItem","position":1,"name":"Home","item":"https:\/\/fit360.ee\/en\/"},{"@type":"ListItem","position":2,"name":"Shop","item":"https:\/\/fit360.ee\/en\/shop\/"},{"@type":"ListItem","position":3,"name":"FGS Elite Men&#8217;s Shorts &#8211; Black"}]},{"@type":"WebSite","@id":"https:\/\/fit360.ee\/en\/#website","url":"https:\/\/fit360.ee\/en\/","name":"Fit360","description":"","publisher":{"@id":"https:\/\/fit360.ee\/en\/#organization"},"potentialAction":[{"@type":"SearchAction","target":{"@type":"EntryPoint","urlTemplate":"https:\/\/fit360.ee\/en\/?s={search_term_string}"},"query-input":{"@type":"PropertyValueSpecification","valueRequired":true,"valueName":"search_term_string"}}],"inLanguage":"en-US"},{"@type":"Organization","@id":"https:\/\/fit360.ee\/en\/#organization","name":"Fit360","url":"https:\/\/fit360.ee\/en\/","logo":{"@type":"ImageObject","inLanguage":"en-US","@id":"https:\/\/fit360.ee\/en\/#\/schema\/logo\/image\/","url":"https:\/\/fit360.ee\/wp-content\/uploads\/2017\/01\/logo-fit360.png","contentUrl":"https:\/\/fit360.ee\/wp-content\/uploads\/2017\/01\/logo-fit360.png","width":180,"height":66,"caption":"Fit360"},"image":{"@id":"https:\/\/fit360.ee\/en\/#\/schema\/logo\/image\/"}}]}},"_links":{"self":[{"href":"https:\/\/fit360.ee\/en\/wp-json\/wp\/v2\/product\/92218","targetHints":{"allow":["GET"]}}],"collection":[{"href":"https:\/\/fit360.ee\/en\/wp-json\/wp\/v2\/product"}],"about":[{"href":"https:\/\/fit360.ee\/en\/wp-json\/wp\/v2\/types\/product"}],"replies":[{"embeddable":true,"href":"https:\/\/fit360.ee\/en\/wp-json\/wp\/v2\/comments?post=92218"}],"wp:featuredmedia":[{"embeddable":true,"href":"https:\/\/fit360.ee\/en\/wp-json\/wp\/v2\/media\/92219"}],"wp:attachment":[{"href":"https:\/\/fit360.ee\/en\/wp-json\/wp\/v2\/media?parent=92218"}],"wp:term":[{"taxonomy":"product_brand","embeddable":true,"href":"https:\/\/fit360.ee\/en\/wp-json\/wp\/v2\/product_brand?post=92218"},{"taxonomy":"product_cat","embeddable":true,"href":"https:\/\/fit360.ee\/en\/wp-json\/wp\/v2\/product_cat?post=92218"},{"taxonomy":"product_tag","embeddable":true,"href":"https:\/\/fit360.ee\/en\/wp-json\/wp\/v2\/product_tag?post=92218"},{"taxonomy":"giftcard-category","embeddable":true,"href":"https:\/\/fit360.ee\/en\/wp-json\/wp\/v2\/giftcard-category?post=92218"}],"curies":[{"name":"wp","href":"https:\/\/api.w.org\/{rel}","templated":true}]}}