{"id":92293,"date":"2025-11-12T12:25:51","date_gmt":"2025-11-12T10:25:51","guid":{"rendered":"https:\/\/fit360.ee\/pood\/uncategorized\/audrey-seamless-leggings-olive-green\/"},"modified":"2026-04-09T17:26:24","modified_gmt":"2026-04-09T15:26:24","slug":"audrey-seamless-leggings-olive-green","status":"publish","type":"product","link":"https:\/\/fit360.ee\/en\/pood\/training-equipment-en\/fitness-clothing-en\/audrey-seamless-leggings-olive-green\/","title":{"rendered":"Audrey Seamless Leggings &#8211; Olive Green"},"content":{"rendered":"<h2><strong>Audrey Seamless Leggings<\/strong><\/h2>\n<p>Audrey seamless Leggings ehk\u00a0 Audrey \u00f5mblusteta retuusid liiguvad koos Sinuga, mitte sinu vastu. Meie MotionCore kangast valmistatud retuusid pakuvad siledat, teise naha tunnet, ilma esi\u00f5mblusteta ja ilma \u00e4rrituseta. K\u00f5rge v\u00f6\u00f6kohaga, mis tagab kindla ja meelitava istuvuse, ning higi imava venivuskihiga, mis voolab l\u00e4bi iga korduse, vormivad, toetavad ja p\u00fcsivad paigal \u2013 alates j\u00f5usaalist kuni jooga ja igap\u00e4evase kandmiseni.<\/p>\n<p><strong>M\u00f5eldud<\/strong>: Lai valik tegevusi, alates intensiivsest treeningust ja joogast kuni jooksvate asjaajamisteni, pakkudes v\u00f5rratut mugavust, paindlikkust ja tuge igale liigutusele.<\/p>\n<h4><strong><span dir=\"auto\">KANGAS<\/span><\/strong><\/h4>\n<ul>\n<li><span dir=\"auto\">Meie MotionCore kangas (75% nailon \/ 25% elastaan)<\/span><\/li>\n<li><span dir=\"auto\">V\u00f5ine ja sile<\/span><\/li>\n<li><span dir=\"auto\">Higi imav<\/span><\/li>\n<li><span dir=\"auto\">Neljasuunaline venivus<\/span><\/li>\n<\/ul>\n<h4><strong><span dir=\"auto\">Audrey Seamless Leggings P\u00d5HIOMADUSED<\/span><\/strong><\/h4>\n<ul>\n<li><span dir=\"auto\">Sujuv stiil<\/span><\/li>\n<li><span dir=\"auto\">Tagumikku vormiv disain<\/span><\/li>\n<li><span dir=\"auto\">Esi\u00f5mblused puuduvad<\/span><\/li>\n<li><span dir=\"auto\">K\u00fckikindel<\/span><\/li>\n<li><span dir=\"auto\">K\u00f5rge v\u00f6\u00f6koht sisseehitatud elastse paelaga<\/span><\/li>\n<li><span dir=\"auto\">Kuumtihendatud logod<\/span><\/li>\n<li><span dir=\"auto\">Lahtised sildid puuduvad<\/span><\/li>\n<\/ul>\n<h3><strong><span dir=\"auto\">Pesemine<\/span><\/strong><\/h3>\n<ul>\n<li><span dir=\"auto\">Ainult k\u00fclm vesi<\/span><\/li>\n<li><span dir=\"auto\">\u00c4rge kasutage valgendit<\/span><\/li>\n<li><span dir=\"auto\">Pese ainult sama v\u00e4rvi riietega<\/span><\/li>\n<li><span dir=\"auto\">Kasutage r\u00f5ivaste pesukotti<\/span><\/li>\n<\/ul>\n<h3><span dir=\"auto\">Kuivatamine<\/span><\/h3>\n<ul>\n<li><span dir=\"auto\">\u00c4rge kasutage kuivatit<\/span><\/li>\n<li><span dir=\"auto\">Ainult \u00f5hu k\u00e4es kuivatada<\/span><\/li>\n<\/ul>\n<h3><span dir=\"auto\">Hooldus<\/span><\/h3>\n<ul>\n<li><span dir=\"auto\">\u00c4rge triikige<\/span><\/li>\n<li><span dir=\"auto\">Liigse ebeme ja karvade eemaldamiseks kasutage ebemerulli<\/span><\/li>\n<li><span dir=\"auto\">Kortsude v\u00e4ltimiseks kasutage riidepuid<\/span><\/li>\n<\/ul>\n<p>&nbsp;<\/p>\n<p>Vaata ka meie Teisi Treeningriideid <a href=\"https:\/\/fit360.ee\/en\/product-category\/training-equipment-en\/fitness-clothing-en\/\"><strong>SIIT<\/strong><\/a>!<\/p>\n","protected":false},"excerpt":{"rendered":"<ul>\n<li><span dir=\"auto\">Sujuv stiil<\/span><\/li>\n<li><span dir=\"auto\">Tagumikku vormiv disain<\/span><\/li>\n<li><span dir=\"auto\">Esi\u00f5mblused puuduvad<\/span><\/li>\n<li><span dir=\"auto\">K\u00fckikindel<\/span><\/li>\n<li><span dir=\"auto\">K\u00f5rge v\u00f6\u00f6koht sisseehitatud elastse paelaga<\/span><\/li>\n<li><span dir=\"auto\">Kuumtihendatud logod<\/span><\/li>\n<li><span dir=\"auto\">Lahtised sildid puuduvad<\/span><\/li>\n<\/ul>\n<p><strong><em><span dir=\"auto\">NB! Modell on 165 cm pikk ja kannab suurust M.<\/span><\/em><\/strong><\/p>\n","protected":false},"featured_media":92294,"comment_status":"open","ping_status":"closed","template":"","meta":[],"product_brand":[],"product_cat":[547,538],"product_tag":[6316,6324],"giftcard-category":[],"class_list":{"0":"post-92293","1":"product","2":"type-product","3":"status-publish","4":"has-post-thumbnail","6":"product_cat-fitness-clothing-en","7":"product_cat-training-equipment-en","8":"product_tag-adse-apparel","9":"product_tag-audrey-seamless-leggings","10":"pa_brand-adse-apparel","11":"pa_riidetuup-pants","12":"pa_sugu-for-women","13":"pa_suurus-l","14":"pa_suurus-m","15":"pa_suurus-s","16":"pa_varvus-green","18":"first","19":"instock","20":"sale","21":"taxable","22":"shipping-taxable","23":"purchasable","24":"product-type-variable"},"yoast_head":"<!-- This site is optimized with the Yoast SEO plugin v27.3 - https:\/\/yoast.com\/product\/yoast-seo-wordpress\/ -->\n<title>Audrey Seamless Leggings - Olive Green - Kiire Tarne - Parim Hind - Fit360<\/title>\n<meta name=\"description\" content=\"Audrey seamless Leggings ehk\u00a0 Audrey \u00f5mblusteta retuusid liiguvad koos Sinuga, mitte sinu vastu. Meie MotionCore kangast valmistatud retuusid pak...\" \/>\n<meta name=\"robots\" content=\"index, follow, max-snippet:-1, max-image-preview:large, max-video-preview:-1\" \/>\n<link rel=\"canonical\" href=\"https:\/\/fit360.ee\/en\/pood\/training-equipment-en\/fitness-clothing-en\/audrey-seamless-leggings-olive-green\/\" \/>\n<meta property=\"og:locale\" content=\"en_US\" \/>\n<meta property=\"og:type\" content=\"article\" \/>\n<meta property=\"og:title\" content=\"Audrey Seamless Leggings - Olive Green - Kiire Tarne - Parim Hind - Fit360\" \/>\n<meta property=\"og:description\" content=\"Audrey seamless Leggings ehk\u00a0 Audrey \u00f5mblusteta retuusid liiguvad koos Sinuga, mitte sinu vastu. Meie MotionCore kangast valmistatud retuusid pak...\" \/>\n<meta property=\"og:url\" content=\"https:\/\/fit360.ee\/en\/pood\/training-equipment-en\/fitness-clothing-en\/audrey-seamless-leggings-olive-green\/\" \/>\n<meta property=\"og:site_name\" content=\"Fit360\" \/>\n<meta property=\"article:modified_time\" content=\"2026-04-09T15:26:24+00:00\" \/>\n<meta property=\"og:image\" content=\"https:\/\/fit360.ee\/wp-content\/uploads\/2025\/11\/audrey-seamless-leggings-olive-fit360.ee_.webp\" \/>\n\t<meta property=\"og:image:width\" content=\"1200\" \/>\n\t<meta property=\"og:image:height\" content=\"1600\" \/>\n\t<meta property=\"og:image:type\" content=\"image\/webp\" \/>\n<meta name=\"twitter:card\" content=\"summary_large_image\" \/>\n<meta name=\"twitter:label1\" content=\"Est. reading time\" \/>\n\t<meta name=\"twitter:data1\" content=\"2 minutes\" \/>\n<script type=\"application\/ld+json\" class=\"yoast-schema-graph\">{\"@context\":\"https:\\\/\\\/schema.org\",\"@graph\":[{\"@type\":\"WebPage\",\"@id\":\"https:\\\/\\\/fit360.ee\\\/en\\\/pood\\\/training-equipment-en\\\/fitness-clothing-en\\\/audrey-seamless-leggings-olive-green\\\/\",\"url\":\"https:\\\/\\\/fit360.ee\\\/en\\\/pood\\\/training-equipment-en\\\/fitness-clothing-en\\\/audrey-seamless-leggings-olive-green\\\/\",\"name\":\"Audrey Seamless Leggings - Olive Green - Kiire Tarne - Parim Hind - Fit360\",\"isPartOf\":{\"@id\":\"https:\\\/\\\/fit360.ee\\\/en\\\/#website\"},\"primaryImageOfPage\":{\"@id\":\"https:\\\/\\\/fit360.ee\\\/en\\\/pood\\\/training-equipment-en\\\/fitness-clothing-en\\\/audrey-seamless-leggings-olive-green\\\/#primaryimage\"},\"image\":{\"@id\":\"https:\\\/\\\/fit360.ee\\\/en\\\/pood\\\/training-equipment-en\\\/fitness-clothing-en\\\/audrey-seamless-leggings-olive-green\\\/#primaryimage\"},\"thumbnailUrl\":\"https:\\\/\\\/fit360.ee\\\/wp-content\\\/uploads\\\/2025\\\/11\\\/audrey-seamless-leggings-olive-fit360.ee_.webp\",\"datePublished\":\"2025-11-12T10:25:51+00:00\",\"dateModified\":\"2026-04-09T15:26:24+00:00\",\"description\":\"Audrey seamless Leggings ehk\u00a0 Audrey \u00f5mblusteta retuusid liiguvad koos Sinuga, mitte sinu vastu. Meie MotionCore kangast valmistatud retuusid pak...\",\"breadcrumb\":{\"@id\":\"https:\\\/\\\/fit360.ee\\\/en\\\/pood\\\/training-equipment-en\\\/fitness-clothing-en\\\/audrey-seamless-leggings-olive-green\\\/#breadcrumb\"},\"inLanguage\":\"en-US\",\"potentialAction\":[{\"@type\":\"ReadAction\",\"target\":[\"https:\\\/\\\/fit360.ee\\\/en\\\/pood\\\/training-equipment-en\\\/fitness-clothing-en\\\/audrey-seamless-leggings-olive-green\\\/\"]}]},{\"@type\":\"ImageObject\",\"inLanguage\":\"en-US\",\"@id\":\"https:\\\/\\\/fit360.ee\\\/en\\\/pood\\\/training-equipment-en\\\/fitness-clothing-en\\\/audrey-seamless-leggings-olive-green\\\/#primaryimage\",\"url\":\"https:\\\/\\\/fit360.ee\\\/wp-content\\\/uploads\\\/2025\\\/11\\\/audrey-seamless-leggings-olive-fit360.ee_.webp\",\"contentUrl\":\"https:\\\/\\\/fit360.ee\\\/wp-content\\\/uploads\\\/2025\\\/11\\\/audrey-seamless-leggings-olive-fit360.ee_.webp\",\"width\":1200,\"height\":1600,\"caption\":\"audrey seamless leggings olive - fit360.ee\"},{\"@type\":\"BreadcrumbList\",\"@id\":\"https:\\\/\\\/fit360.ee\\\/en\\\/pood\\\/training-equipment-en\\\/fitness-clothing-en\\\/audrey-seamless-leggings-olive-green\\\/#breadcrumb\",\"itemListElement\":[{\"@type\":\"ListItem\",\"position\":1,\"name\":\"Home\",\"item\":\"https:\\\/\\\/fit360.ee\\\/en\\\/\"},{\"@type\":\"ListItem\",\"position\":2,\"name\":\"Shop\",\"item\":\"https:\\\/\\\/fit360.ee\\\/en\\\/shop\\\/\"},{\"@type\":\"ListItem\",\"position\":3,\"name\":\"Audrey Seamless Leggings &#8211; Olive Green\"}]},{\"@type\":\"WebSite\",\"@id\":\"https:\\\/\\\/fit360.ee\\\/en\\\/#website\",\"url\":\"https:\\\/\\\/fit360.ee\\\/en\\\/\",\"name\":\"Fit360\",\"description\":\"\",\"publisher\":{\"@id\":\"https:\\\/\\\/fit360.ee\\\/en\\\/#organization\"},\"potentialAction\":[{\"@type\":\"SearchAction\",\"target\":{\"@type\":\"EntryPoint\",\"urlTemplate\":\"https:\\\/\\\/fit360.ee\\\/en\\\/?s={search_term_string}\"},\"query-input\":{\"@type\":\"PropertyValueSpecification\",\"valueRequired\":true,\"valueName\":\"search_term_string\"}}],\"inLanguage\":\"en-US\"},{\"@type\":\"Organization\",\"@id\":\"https:\\\/\\\/fit360.ee\\\/en\\\/#organization\",\"name\":\"Fit360\",\"url\":\"https:\\\/\\\/fit360.ee\\\/en\\\/\",\"logo\":{\"@type\":\"ImageObject\",\"inLanguage\":\"en-US\",\"@id\":\"https:\\\/\\\/fit360.ee\\\/en\\\/#\\\/schema\\\/logo\\\/image\\\/\",\"url\":\"https:\\\/\\\/fit360.ee\\\/wp-content\\\/uploads\\\/2017\\\/01\\\/logo-fit360.png\",\"contentUrl\":\"https:\\\/\\\/fit360.ee\\\/wp-content\\\/uploads\\\/2017\\\/01\\\/logo-fit360.png\",\"width\":180,\"height\":66,\"caption\":\"Fit360\"},\"image\":{\"@id\":\"https:\\\/\\\/fit360.ee\\\/en\\\/#\\\/schema\\\/logo\\\/image\\\/\"}}]}<\/script>\n<!-- \/ Yoast SEO plugin. -->","yoast_head_json":{"title":"Audrey Seamless Leggings - Olive Green - Kiire Tarne - Parim Hind - Fit360","description":"Audrey seamless Leggings ehk\u00a0 Audrey \u00f5mblusteta retuusid liiguvad koos Sinuga, mitte sinu vastu. Meie MotionCore kangast valmistatud retuusid pak...","robots":{"index":"index","follow":"follow","max-snippet":"max-snippet:-1","max-image-preview":"max-image-preview:large","max-video-preview":"max-video-preview:-1"},"canonical":"https:\/\/fit360.ee\/en\/pood\/training-equipment-en\/fitness-clothing-en\/audrey-seamless-leggings-olive-green\/","og_locale":"en_US","og_type":"article","og_title":"Audrey Seamless Leggings - Olive Green - Kiire Tarne - Parim Hind - Fit360","og_description":"Audrey seamless Leggings ehk\u00a0 Audrey \u00f5mblusteta retuusid liiguvad koos Sinuga, mitte sinu vastu. Meie MotionCore kangast valmistatud retuusid pak...","og_url":"https:\/\/fit360.ee\/en\/pood\/training-equipment-en\/fitness-clothing-en\/audrey-seamless-leggings-olive-green\/","og_site_name":"Fit360","article_modified_time":"2026-04-09T15:26:24+00:00","og_image":[{"width":1200,"height":1600,"url":"https:\/\/fit360.ee\/wp-content\/uploads\/2025\/11\/audrey-seamless-leggings-olive-fit360.ee_.webp","type":"image\/webp"}],"twitter_card":"summary_large_image","twitter_misc":{"Est. reading time":"2 minutes"},"schema":{"@context":"https:\/\/schema.org","@graph":[{"@type":"WebPage","@id":"https:\/\/fit360.ee\/en\/pood\/training-equipment-en\/fitness-clothing-en\/audrey-seamless-leggings-olive-green\/","url":"https:\/\/fit360.ee\/en\/pood\/training-equipment-en\/fitness-clothing-en\/audrey-seamless-leggings-olive-green\/","name":"Audrey Seamless Leggings - Olive Green - Kiire Tarne - Parim Hind - Fit360","isPartOf":{"@id":"https:\/\/fit360.ee\/en\/#website"},"primaryImageOfPage":{"@id":"https:\/\/fit360.ee\/en\/pood\/training-equipment-en\/fitness-clothing-en\/audrey-seamless-leggings-olive-green\/#primaryimage"},"image":{"@id":"https:\/\/fit360.ee\/en\/pood\/training-equipment-en\/fitness-clothing-en\/audrey-seamless-leggings-olive-green\/#primaryimage"},"thumbnailUrl":"https:\/\/fit360.ee\/wp-content\/uploads\/2025\/11\/audrey-seamless-leggings-olive-fit360.ee_.webp","datePublished":"2025-11-12T10:25:51+00:00","dateModified":"2026-04-09T15:26:24+00:00","description":"Audrey seamless Leggings ehk\u00a0 Audrey \u00f5mblusteta retuusid liiguvad koos Sinuga, mitte sinu vastu. Meie MotionCore kangast valmistatud retuusid pak...","breadcrumb":{"@id":"https:\/\/fit360.ee\/en\/pood\/training-equipment-en\/fitness-clothing-en\/audrey-seamless-leggings-olive-green\/#breadcrumb"},"inLanguage":"en-US","potentialAction":[{"@type":"ReadAction","target":["https:\/\/fit360.ee\/en\/pood\/training-equipment-en\/fitness-clothing-en\/audrey-seamless-leggings-olive-green\/"]}]},{"@type":"ImageObject","inLanguage":"en-US","@id":"https:\/\/fit360.ee\/en\/pood\/training-equipment-en\/fitness-clothing-en\/audrey-seamless-leggings-olive-green\/#primaryimage","url":"https:\/\/fit360.ee\/wp-content\/uploads\/2025\/11\/audrey-seamless-leggings-olive-fit360.ee_.webp","contentUrl":"https:\/\/fit360.ee\/wp-content\/uploads\/2025\/11\/audrey-seamless-leggings-olive-fit360.ee_.webp","width":1200,"height":1600,"caption":"audrey seamless leggings olive - fit360.ee"},{"@type":"BreadcrumbList","@id":"https:\/\/fit360.ee\/en\/pood\/training-equipment-en\/fitness-clothing-en\/audrey-seamless-leggings-olive-green\/#breadcrumb","itemListElement":[{"@type":"ListItem","position":1,"name":"Home","item":"https:\/\/fit360.ee\/en\/"},{"@type":"ListItem","position":2,"name":"Shop","item":"https:\/\/fit360.ee\/en\/shop\/"},{"@type":"ListItem","position":3,"name":"Audrey Seamless Leggings &#8211; Olive Green"}]},{"@type":"WebSite","@id":"https:\/\/fit360.ee\/en\/#website","url":"https:\/\/fit360.ee\/en\/","name":"Fit360","description":"","publisher":{"@id":"https:\/\/fit360.ee\/en\/#organization"},"potentialAction":[{"@type":"SearchAction","target":{"@type":"EntryPoint","urlTemplate":"https:\/\/fit360.ee\/en\/?s={search_term_string}"},"query-input":{"@type":"PropertyValueSpecification","valueRequired":true,"valueName":"search_term_string"}}],"inLanguage":"en-US"},{"@type":"Organization","@id":"https:\/\/fit360.ee\/en\/#organization","name":"Fit360","url":"https:\/\/fit360.ee\/en\/","logo":{"@type":"ImageObject","inLanguage":"en-US","@id":"https:\/\/fit360.ee\/en\/#\/schema\/logo\/image\/","url":"https:\/\/fit360.ee\/wp-content\/uploads\/2017\/01\/logo-fit360.png","contentUrl":"https:\/\/fit360.ee\/wp-content\/uploads\/2017\/01\/logo-fit360.png","width":180,"height":66,"caption":"Fit360"},"image":{"@id":"https:\/\/fit360.ee\/en\/#\/schema\/logo\/image\/"}}]}},"_links":{"self":[{"href":"https:\/\/fit360.ee\/en\/wp-json\/wp\/v2\/product\/92293","targetHints":{"allow":["GET"]}}],"collection":[{"href":"https:\/\/fit360.ee\/en\/wp-json\/wp\/v2\/product"}],"about":[{"href":"https:\/\/fit360.ee\/en\/wp-json\/wp\/v2\/types\/product"}],"replies":[{"embeddable":true,"href":"https:\/\/fit360.ee\/en\/wp-json\/wp\/v2\/comments?post=92293"}],"wp:featuredmedia":[{"embeddable":true,"href":"https:\/\/fit360.ee\/en\/wp-json\/wp\/v2\/media\/92294"}],"wp:attachment":[{"href":"https:\/\/fit360.ee\/en\/wp-json\/wp\/v2\/media?parent=92293"}],"wp:term":[{"taxonomy":"product_brand","embeddable":true,"href":"https:\/\/fit360.ee\/en\/wp-json\/wp\/v2\/product_brand?post=92293"},{"taxonomy":"product_cat","embeddable":true,"href":"https:\/\/fit360.ee\/en\/wp-json\/wp\/v2\/product_cat?post=92293"},{"taxonomy":"product_tag","embeddable":true,"href":"https:\/\/fit360.ee\/en\/wp-json\/wp\/v2\/product_tag?post=92293"},{"taxonomy":"giftcard-category","embeddable":true,"href":"https:\/\/fit360.ee\/en\/wp-json\/wp\/v2\/giftcard-category?post=92293"}],"curies":[{"name":"wp","href":"https:\/\/api.w.org\/{rel}","templated":true}]}}