{"id":92359,"date":"2025-11-16T13:42:23","date_gmt":"2025-11-16T11:42:23","guid":{"rendered":"https:\/\/fit360.ee\/pood\/uncategorized\/excellent-protein-bar-double-85g\/"},"modified":"2025-11-16T13:42:23","modified_gmt":"2025-11-16T11:42:23","slug":"excellent-protein-bar-double-85g","status":"publish","type":"product","link":"https:\/\/fit360.ee\/en\/pood\/product-groups\/protein-bars-and-snacks\/excellent-protein-bar-double-85g\/","title":{"rendered":"Excellent Protein Bar Double (85g)"},"content":{"rendered":"<h2><strong>Excellent Protein Bar<\/strong><\/h2>\n<p><span dir=\"auto\">Nutrend Excellent Protein Bar ehk <\/span><a href=\"https:\/\/fit360.ee\/tootekategooria\/tootegrupid\/vahepalasnakid\/\"><strong><span dir=\"auto\">valgubatoon<\/span><\/strong><\/a><span dir=\"auto\"> sisaldab <\/span><strong><span dir=\"auto\">25% valku<\/span><\/strong><span dir=\"auto\"> ja <\/span><strong><span dir=\"auto\">43% s\u00fcsivesikuid<\/span><\/strong><span dir=\"auto\"> . See on suurep\u00e4rane toode vahepalaks <\/span><strong><span dir=\"auto\">v\u00f5i<\/span><\/strong><span dir=\"auto\"> treeninguj\u00e4rgseks <\/span><strong><span dir=\"auto\">taastumiseks<\/span><\/strong><span dir=\"auto\">. See sisaldab ka <\/span><strong><span dir=\"auto\"><a href=\"https:\/\/fit360.ee\/tootekategooria\/tootegrupid\/aminohapped-ja-bcaa-joogipulbrid\/bcaa\/\">BCAA<\/a>-sid, <a href=\"https:\/\/fit360.ee\/tootekategooria\/tootegrupid\/aminohapped-ja-bcaa-joogipulbrid\/l-glutamiin\/\">L-glutamiini<\/a> ja vitamiine<\/span><\/strong><span dir=\"auto\"> . Batoon on kaetud maitsva \u0161okolaadi- v\u00f5i jogurtiglasuuriga.<\/span><\/p>\n<p data-start=\"457\" data-end=\"858\">K\u00f5rge valgusisaldus toetab lihasmassi s\u00e4ilimist ja arengut, samal ajal kui kvaliteetsed s\u00fcsivesikud aitavad taastada energiavarusid. Lisaks on batoon rikastatud <strong data-start=\"618\" data-end=\"631\">BCAA-dega<\/strong>, mis aitavad v\u00e4hendada treeninguj\u00e4rgset v\u00e4simust, ning <strong data-start=\"687\" data-end=\"705\">L-glutamiiniga<\/strong>, mis on oluline lihaste taastumiseks ja immuuns\u00fcsteemi toetamiseks. Vitamiinide lisamine aitab kaasa normaalsele energiavahetusele ja \u00fcldisele heaolule.<\/p>\n<p data-start=\"860\" data-end=\"1152\">Maitseelamus on samuti garantiiga \u2013 batoon on kaetud kas <strong data-start=\"917\" data-end=\"939\">maitsva \u0161okolaadi-<\/strong> v\u00f5i <strong data-start=\"944\" data-end=\"972\">v\u00e4rske jogurtiglasuuriga<\/strong>, mis teeb sellest m\u00f5nusa ampsu nii t\u00f6\u00f6p\u00e4eval, trennikotis kui ka matkale kaasa v\u00f5tmiseks. <strong data-start=\"1063\" data-end=\"1075\">Excellent Protein Bar<\/strong>\u00a0on mugav valik neile, kes hindavad kvaliteeti, praktilisust ja head maitset.<\/p>\n<p data-start=\"1154\" data-end=\"1338\">Olgu eesm\u00e4rk taastuda kiiremini p\u00e4rast treeningut v\u00f5i hoida veresuhkur stabiilsena tiheda p\u00e4eva keskel \u2013 Nutrend EXCELENT aitab sul p\u00fcsida energiline ja toetab sinu aktiivset eluviisi.<\/p>\n<h4 data-start=\"363\" data-end=\"384\"><strong>Excellent valgubatooni peamised eelised<\/strong>:<\/h4>\n<ul>\n<li data-start=\"387\" data-end=\"438\"><strong data-start=\"387\" data-end=\"400\">25% valku<\/strong> \u2013 toetab lihaskasvu ja -taastumist.<\/li>\n<li data-start=\"387\" data-end=\"438\"><strong data-start=\"441\" data-end=\"461\">43% s\u00fcsivesikuid<\/strong> \u2013 taastab energiavarusid p\u00e4rast pingutust.<\/li>\n<li data-start=\"387\" data-end=\"438\">Sisaldab <strong data-start=\"518\" data-end=\"530\">BCAA-sid<\/strong> \u2013 aitab v\u00e4hendada lihaste v\u00e4simust ja toetab taastumist.<\/li>\n<li data-start=\"387\" data-end=\"438\">Lisatud <strong data-start=\"600\" data-end=\"615\">L-glutamiin<\/strong> \u2013 oluline lihaste ja immuuns\u00fcsteemi toetaja.<\/li>\n<li data-start=\"387\" data-end=\"438\">Rikastatud <strong data-start=\"676\" data-end=\"693\">vitamiinidega<\/strong> \u2013 aitab kaasa normaalsele energiavahetusele.<\/li>\n<li data-start=\"387\" data-end=\"438\">Kaetud <strong data-start=\"750\" data-end=\"794\">maitsva \u0161okolaadi- v\u00f5i jogurtiglasuuriga<\/strong> \u2013 nauditav tekstuur ja rikkalik maitse.<\/li>\n<li data-start=\"387\" data-end=\"438\">Sobib ideaalselt <strong data-start=\"856\" data-end=\"870\">vahepalaks<\/strong>, <strong data-start=\"872\" data-end=\"906\">treeninguj\u00e4rgseks taastumiseks<\/strong>, t\u00f6\u00f6le v\u00f5i reisile.<\/li>\n<\/ul>\n<p data-start=\"1154\" data-end=\"1338\"><strong>Koostisosad<\/strong>: Valgusegu (sojaisolaat, vadakuvalgu kontsentraat, sojahelbed), gl\u00fckoosi-fruktoosisiirup, piima\u0161okolaad 14% (suhkur, kakaov\u00f5i, kakaomass, t\u00e4ispiimapulber, emulgaatorid: sojaletsitiin ja E 476, vaniljeekstrakt), vedel invertsuhkur, taimne rasv (palmituum, palm, sheav\u00f5i), vaniljemaitseline koor (suhkur, palmi- ja sheav\u00f5irasv, vadakupulber, l\u00f5ssipulber, emulgaator p\u00e4evalilleletsitiin, l\u00f5hna- ja maitseained, v\u00e4rvaine E 160c), maap\u00e4hklid 3,5%, kookos (kookos, antioks\u00fcdant v\u00e4\u00e4veldioksiid), riisiekstrudaat (riis, emulgaator E 471), emulgaator rapsi letsitiin, L-glutamiin, l\u00f5hna- ja maitseained, paksendaja guarkummi, antioks\u00fcdant looduslike tokoferoolide segu, v\u00e4rvaine karamell, nikotiinamiid, riboflaviin.<\/p>\n<p data-start=\"1154\" data-end=\"1338\"><strong>Kasutamine<\/strong>: S\u00f6\u00f6misvalmis. Sobib vahepalaks toidukordade vahel v\u00f5i kiireks eineks, aga ka kergesti seeditava valgu lisaallikaks.<\/p>\n<p data-start=\"1154\" data-end=\"1338\"><strong>Suurus<\/strong>: 85g<\/p>\n<table>\n<thead>\n<tr>\n<th>Toitev\u00e4\u00e4rtuste Anal\u00fc\u00fcs<\/th>\n<th><span dir=\"auto\">100 g<\/span><\/th>\n<th><span dir=\"auto\">85 g<\/span><\/th>\n<\/tr>\n<\/thead>\n<tbody>\n<tr>\n<td><strong><span dir=\"auto\">Energia<\/span><\/strong><\/td>\n<td><span dir=\"auto\">1836 kJ\/438 kcal<\/span><\/td>\n<td><span dir=\"auto\">1561 kJ\/372 kcal<\/span><\/td>\n<\/tr>\n<tr>\n<td><strong><span dir=\"auto\">Rasvad<\/span><\/strong><\/td>\n<td><span dir=\"auto\">19,4 g<\/span><\/td>\n<td><span dir=\"auto\">16,4 g<\/span><\/td>\n<\/tr>\n<tr>\n<td><span dir=\"auto\">* millest k\u00fcllastunud rasvhappeid*<\/span><\/td>\n<td><span dir=\"auto\">10,9 g<\/span><\/td>\n<td><span dir=\"auto\">9,3 g<\/span><\/td>\n<\/tr>\n<tr>\n<td><strong><span dir=\"auto\">S\u00fcsivesikud<\/span><\/strong><\/td>\n<td><span dir=\"auto\">40,7 g<\/span><\/td>\n<td><span dir=\"auto\">34,6 g<\/span><\/td>\n<\/tr>\n<tr>\n<td><span dir=\"auto\">* millest suhkrud*<\/span><\/td>\n<td><span dir=\"auto\">27,6 g<\/span><\/td>\n<td><span dir=\"auto\">23,5 g<\/span><\/td>\n<\/tr>\n<tr>\n<td><strong><span dir=\"auto\">Kiudained<\/span><\/strong><\/td>\n<td><span dir=\"auto\">2,6 g<\/span><\/td>\n<td><span dir=\"auto\">2,2 g<\/span><\/td>\n<\/tr>\n<tr>\n<td><strong><span dir=\"auto\">Valgud<\/span><\/strong><\/td>\n<td><span dir=\"auto\">24 g<\/span><\/td>\n<td><span dir=\"auto\">20,4 g<\/span><\/td>\n<\/tr>\n<tr>\n<td><strong><span dir=\"auto\">Sool<\/span><\/strong><\/td>\n<td><span dir=\"auto\">0,1 g<\/span><\/td>\n<td><span dir=\"auto\">0,09 g<\/span><\/td>\n<\/tr>\n<tr>\n<td><strong><span dir=\"auto\">L-glutamiin<\/span><\/strong><\/td>\n<td><span dir=\"auto\">306 mg<\/span><\/td>\n<td><span dir=\"auto\">260 mg<\/span><\/td>\n<\/tr>\n<\/tbody>\n<\/table>\n<p>Vaata ka meie Teisi Valgubatoone <a href=\"https:\/\/fit360.ee\/tootekategooria\/tootegrupid\/vahepalasnakid\/\"><strong>SIIT<\/strong><\/a>\u00a0v\u00f5i k\u00f5iki Valgu tooteid <a href=\"https:\/\/fit360.ee\/tootekategooria\/tootegrupid\/proteiinipulbrid-valgupulbrid\/\"><strong>SIIT<\/strong><\/a>!<\/p>\n","protected":false},"excerpt":{"rendered":"<ul>\n<li data-start=\"387\" data-end=\"438\"><strong data-start=\"387\" data-end=\"400\">25% valku<\/strong> \u2013 toetab lihaskasvu ja -taastumist.<\/li>\n<li data-start=\"387\" data-end=\"438\"><strong data-start=\"441\" data-end=\"461\">43% s\u00fcsivesikuid<\/strong> \u2013 taastab energiavarusid p\u00e4rast pingutust.<\/li>\n<li data-start=\"387\" data-end=\"438\">Sisaldab <strong data-start=\"518\" data-end=\"530\">BCAA-sid<\/strong> \u2013 aitab v\u00e4hendada lihaste v\u00e4simust ja toetab taastumist.<\/li>\n<li data-start=\"387\" data-end=\"438\">Lisatud <strong data-start=\"600\" data-end=\"615\">L-glutamiin<\/strong> \u2013 oluline lihaste ja immuuns\u00fcsteemi toetaja.<\/li>\n<li data-start=\"387\" data-end=\"438\">Rikastatud <strong data-start=\"676\" data-end=\"693\">vitamiinidega<\/strong> \u2013 aitab kaasa normaalsele energiavahetusele.<\/li>\n<li data-start=\"387\" data-end=\"438\">Kaetud <strong data-start=\"750\" data-end=\"794\">maitsva \u0161okolaadi- v\u00f5i jogurtiglasuuriga<\/strong> \u2013 nauditav tekstuur ja rikkalik maitse.<\/li>\n<li data-start=\"387\" data-end=\"438\">Sobib ideaalselt <strong data-start=\"856\" data-end=\"870\">vahepalaks<\/strong>, <strong data-start=\"872\" data-end=\"906\">treeninguj\u00e4rgseks taastumiseks<\/strong>, t\u00f6\u00f6le v\u00f5i reisile.<\/li>\n<\/ul>\n","protected":false},"featured_media":92360,"comment_status":"open","ping_status":"closed","template":"","meta":[],"product_brand":[],"product_cat":[3753,534,535],"product_tag":[6332,3754,5101,4070],"giftcard-category":[],"class_list":{"0":"post-92359","1":"product","2":"type-product","3":"status-publish","4":"has-post-thumbnail","6":"product_cat-nutrend-en","7":"product_cat-protein-bars-and-snacks","8":"product_cat-protein-poweders-en","9":"product_tag-excellent-protein-bar","10":"product_tag-nutrend-en","11":"product_tag-protein-bar-en","12":"product_tag-valgubatoon-en","13":"pa_kogus-85g-en","14":"pa_maitse-sidrun-vaarikas-johvikas","15":"pa_maitse-sokolaad-pahkli-johvikas","16":"pa_toidulisand-branddd-nutrend","17":"pa_tootegruppp-protein","18":"pa_tootegruppp-snacks","20":"first","21":"instock","22":"sale","23":"taxable","24":"shipping-taxable","25":"purchasable","26":"product-type-variable"},"yoast_head":"<!-- This site is optimized with the Yoast SEO plugin v27.3 - https:\/\/yoast.com\/product\/yoast-seo-wordpress\/ -->\n<title>Excellent Protein Bar Double (85g) - Fit360<\/title>\n<meta name=\"robots\" content=\"index, follow, max-snippet:-1, max-image-preview:large, max-video-preview:-1\" \/>\n<link rel=\"canonical\" href=\"https:\/\/fit360.ee\/en\/pood\/product-groups\/protein-bars-and-snacks\/excellent-protein-bar-double-85g\/\" \/>\n<meta property=\"og:locale\" content=\"en_US\" \/>\n<meta property=\"og:type\" content=\"article\" \/>\n<meta property=\"og:title\" content=\"Excellent Protein Bar Double (85g) - Fit360\" \/>\n<meta property=\"og:description\" content=\"25% valku \u2013 toetab lihaskasvu ja -taastumist.  43% s\u00fcsivesikuid \u2013 taastab energiavarusid p\u00e4rast pingutust.  Sisaldab BCAA-sid \u2013 aitab v\u00e4hendada lihaste v\u00e4simust ja toetab taastumist.  Lisatud L-glutamiin \u2013 oluline lihaste ja immuuns\u00fcsteemi toetaja.  Rikastatud vitamiinidega \u2013 aitab kaasa normaalsele energiavahetusele.  Kaetud maitsva \u0161okolaadi- v\u00f5i jogurtiglasuuriga \u2013 nauditav tekstuur ja rikkalik maitse.  Sobib ideaalselt vahepalaks, treeninguj\u00e4rgseks taastumiseks, t\u00f6\u00f6le v\u00f5i reisile.\" \/>\n<meta property=\"og:url\" content=\"https:\/\/fit360.ee\/en\/pood\/product-groups\/protein-bars-and-snacks\/excellent-protein-bar-double-85g\/\" \/>\n<meta property=\"og:site_name\" content=\"Fit360\" \/>\n<meta name=\"twitter:card\" content=\"summary_large_image\" \/>\n<meta name=\"twitter:label1\" content=\"Est. reading time\" \/>\n\t<meta name=\"twitter:data1\" content=\"2 minutes\" \/>\n<script type=\"application\/ld+json\" class=\"yoast-schema-graph\">{\"@context\":\"https:\\\/\\\/schema.org\",\"@graph\":[{\"@type\":\"WebPage\",\"@id\":\"https:\\\/\\\/fit360.ee\\\/en\\\/pood\\\/product-groups\\\/protein-bars-and-snacks\\\/excellent-protein-bar-double-85g\\\/\",\"url\":\"https:\\\/\\\/fit360.ee\\\/en\\\/pood\\\/product-groups\\\/protein-bars-and-snacks\\\/excellent-protein-bar-double-85g\\\/\",\"name\":\"Excellent Protein Bar Double (85g) - Fit360\",\"isPartOf\":{\"@id\":\"https:\\\/\\\/fit360.ee\\\/en\\\/#website\"},\"primaryImageOfPage\":{\"@id\":\"https:\\\/\\\/fit360.ee\\\/en\\\/pood\\\/product-groups\\\/protein-bars-and-snacks\\\/excellent-protein-bar-double-85g\\\/#primaryimage\"},\"image\":{\"@id\":\"https:\\\/\\\/fit360.ee\\\/en\\\/pood\\\/product-groups\\\/protein-bars-and-snacks\\\/excellent-protein-bar-double-85g\\\/#primaryimage\"},\"thumbnailUrl\":\"https:\\\/\\\/fit360.ee\\\/wp-content\\\/uploads\\\/2025\\\/11\\\/excellent-protein-bar-fit360.ee_.webp\",\"datePublished\":\"2025-11-16T11:42:23+00:00\",\"breadcrumb\":{\"@id\":\"https:\\\/\\\/fit360.ee\\\/en\\\/pood\\\/product-groups\\\/protein-bars-and-snacks\\\/excellent-protein-bar-double-85g\\\/#breadcrumb\"},\"inLanguage\":\"en-US\",\"potentialAction\":[{\"@type\":\"ReadAction\",\"target\":[\"https:\\\/\\\/fit360.ee\\\/en\\\/pood\\\/product-groups\\\/protein-bars-and-snacks\\\/excellent-protein-bar-double-85g\\\/\"]}]},{\"@type\":\"ImageObject\",\"inLanguage\":\"en-US\",\"@id\":\"https:\\\/\\\/fit360.ee\\\/en\\\/pood\\\/product-groups\\\/protein-bars-and-snacks\\\/excellent-protein-bar-double-85g\\\/#primaryimage\",\"url\":\"https:\\\/\\\/fit360.ee\\\/wp-content\\\/uploads\\\/2025\\\/11\\\/excellent-protein-bar-fit360.ee_.webp\",\"contentUrl\":\"https:\\\/\\\/fit360.ee\\\/wp-content\\\/uploads\\\/2025\\\/11\\\/excellent-protein-bar-fit360.ee_.webp\",\"width\":640,\"height\":640,\"caption\":\"excellent protein bar - fit360.ee\"},{\"@type\":\"BreadcrumbList\",\"@id\":\"https:\\\/\\\/fit360.ee\\\/en\\\/pood\\\/product-groups\\\/protein-bars-and-snacks\\\/excellent-protein-bar-double-85g\\\/#breadcrumb\",\"itemListElement\":[{\"@type\":\"ListItem\",\"position\":1,\"name\":\"Home\",\"item\":\"https:\\\/\\\/fit360.ee\\\/en\\\/\"},{\"@type\":\"ListItem\",\"position\":2,\"name\":\"Shop\",\"item\":\"https:\\\/\\\/fit360.ee\\\/en\\\/shop\\\/\"},{\"@type\":\"ListItem\",\"position\":3,\"name\":\"Excellent Protein Bar Double (85g)\"}]},{\"@type\":\"WebSite\",\"@id\":\"https:\\\/\\\/fit360.ee\\\/en\\\/#website\",\"url\":\"https:\\\/\\\/fit360.ee\\\/en\\\/\",\"name\":\"Fit360\",\"description\":\"\",\"publisher\":{\"@id\":\"https:\\\/\\\/fit360.ee\\\/en\\\/#organization\"},\"potentialAction\":[{\"@type\":\"SearchAction\",\"target\":{\"@type\":\"EntryPoint\",\"urlTemplate\":\"https:\\\/\\\/fit360.ee\\\/en\\\/?s={search_term_string}\"},\"query-input\":{\"@type\":\"PropertyValueSpecification\",\"valueRequired\":true,\"valueName\":\"search_term_string\"}}],\"inLanguage\":\"en-US\"},{\"@type\":\"Organization\",\"@id\":\"https:\\\/\\\/fit360.ee\\\/en\\\/#organization\",\"name\":\"Fit360\",\"url\":\"https:\\\/\\\/fit360.ee\\\/en\\\/\",\"logo\":{\"@type\":\"ImageObject\",\"inLanguage\":\"en-US\",\"@id\":\"https:\\\/\\\/fit360.ee\\\/en\\\/#\\\/schema\\\/logo\\\/image\\\/\",\"url\":\"https:\\\/\\\/fit360.ee\\\/wp-content\\\/uploads\\\/2017\\\/01\\\/logo-fit360.png\",\"contentUrl\":\"https:\\\/\\\/fit360.ee\\\/wp-content\\\/uploads\\\/2017\\\/01\\\/logo-fit360.png\",\"width\":180,\"height\":66,\"caption\":\"Fit360\"},\"image\":{\"@id\":\"https:\\\/\\\/fit360.ee\\\/en\\\/#\\\/schema\\\/logo\\\/image\\\/\"}}]}<\/script>\n<!-- \/ Yoast SEO plugin. -->","yoast_head_json":{"title":"Excellent Protein Bar Double (85g) - Fit360","robots":{"index":"index","follow":"follow","max-snippet":"max-snippet:-1","max-image-preview":"max-image-preview:large","max-video-preview":"max-video-preview:-1"},"canonical":"https:\/\/fit360.ee\/en\/pood\/product-groups\/protein-bars-and-snacks\/excellent-protein-bar-double-85g\/","og_locale":"en_US","og_type":"article","og_title":"Excellent Protein Bar Double (85g) - Fit360","og_description":"25% valku \u2013 toetab lihaskasvu ja -taastumist.  43% s\u00fcsivesikuid \u2013 taastab energiavarusid p\u00e4rast pingutust.  Sisaldab BCAA-sid \u2013 aitab v\u00e4hendada lihaste v\u00e4simust ja toetab taastumist.  Lisatud L-glutamiin \u2013 oluline lihaste ja immuuns\u00fcsteemi toetaja.  Rikastatud vitamiinidega \u2013 aitab kaasa normaalsele energiavahetusele.  Kaetud maitsva \u0161okolaadi- v\u00f5i jogurtiglasuuriga \u2013 nauditav tekstuur ja rikkalik maitse.  Sobib ideaalselt vahepalaks, treeninguj\u00e4rgseks taastumiseks, t\u00f6\u00f6le v\u00f5i reisile.","og_url":"https:\/\/fit360.ee\/en\/pood\/product-groups\/protein-bars-and-snacks\/excellent-protein-bar-double-85g\/","og_site_name":"Fit360","twitter_card":"summary_large_image","twitter_misc":{"Est. reading time":"2 minutes"},"schema":{"@context":"https:\/\/schema.org","@graph":[{"@type":"WebPage","@id":"https:\/\/fit360.ee\/en\/pood\/product-groups\/protein-bars-and-snacks\/excellent-protein-bar-double-85g\/","url":"https:\/\/fit360.ee\/en\/pood\/product-groups\/protein-bars-and-snacks\/excellent-protein-bar-double-85g\/","name":"Excellent Protein Bar Double (85g) - Fit360","isPartOf":{"@id":"https:\/\/fit360.ee\/en\/#website"},"primaryImageOfPage":{"@id":"https:\/\/fit360.ee\/en\/pood\/product-groups\/protein-bars-and-snacks\/excellent-protein-bar-double-85g\/#primaryimage"},"image":{"@id":"https:\/\/fit360.ee\/en\/pood\/product-groups\/protein-bars-and-snacks\/excellent-protein-bar-double-85g\/#primaryimage"},"thumbnailUrl":"https:\/\/fit360.ee\/wp-content\/uploads\/2025\/11\/excellent-protein-bar-fit360.ee_.webp","datePublished":"2025-11-16T11:42:23+00:00","breadcrumb":{"@id":"https:\/\/fit360.ee\/en\/pood\/product-groups\/protein-bars-and-snacks\/excellent-protein-bar-double-85g\/#breadcrumb"},"inLanguage":"en-US","potentialAction":[{"@type":"ReadAction","target":["https:\/\/fit360.ee\/en\/pood\/product-groups\/protein-bars-and-snacks\/excellent-protein-bar-double-85g\/"]}]},{"@type":"ImageObject","inLanguage":"en-US","@id":"https:\/\/fit360.ee\/en\/pood\/product-groups\/protein-bars-and-snacks\/excellent-protein-bar-double-85g\/#primaryimage","url":"https:\/\/fit360.ee\/wp-content\/uploads\/2025\/11\/excellent-protein-bar-fit360.ee_.webp","contentUrl":"https:\/\/fit360.ee\/wp-content\/uploads\/2025\/11\/excellent-protein-bar-fit360.ee_.webp","width":640,"height":640,"caption":"excellent protein bar - fit360.ee"},{"@type":"BreadcrumbList","@id":"https:\/\/fit360.ee\/en\/pood\/product-groups\/protein-bars-and-snacks\/excellent-protein-bar-double-85g\/#breadcrumb","itemListElement":[{"@type":"ListItem","position":1,"name":"Home","item":"https:\/\/fit360.ee\/en\/"},{"@type":"ListItem","position":2,"name":"Shop","item":"https:\/\/fit360.ee\/en\/shop\/"},{"@type":"ListItem","position":3,"name":"Excellent Protein Bar Double (85g)"}]},{"@type":"WebSite","@id":"https:\/\/fit360.ee\/en\/#website","url":"https:\/\/fit360.ee\/en\/","name":"Fit360","description":"","publisher":{"@id":"https:\/\/fit360.ee\/en\/#organization"},"potentialAction":[{"@type":"SearchAction","target":{"@type":"EntryPoint","urlTemplate":"https:\/\/fit360.ee\/en\/?s={search_term_string}"},"query-input":{"@type":"PropertyValueSpecification","valueRequired":true,"valueName":"search_term_string"}}],"inLanguage":"en-US"},{"@type":"Organization","@id":"https:\/\/fit360.ee\/en\/#organization","name":"Fit360","url":"https:\/\/fit360.ee\/en\/","logo":{"@type":"ImageObject","inLanguage":"en-US","@id":"https:\/\/fit360.ee\/en\/#\/schema\/logo\/image\/","url":"https:\/\/fit360.ee\/wp-content\/uploads\/2017\/01\/logo-fit360.png","contentUrl":"https:\/\/fit360.ee\/wp-content\/uploads\/2017\/01\/logo-fit360.png","width":180,"height":66,"caption":"Fit360"},"image":{"@id":"https:\/\/fit360.ee\/en\/#\/schema\/logo\/image\/"}}]}},"_links":{"self":[{"href":"https:\/\/fit360.ee\/en\/wp-json\/wp\/v2\/product\/92359","targetHints":{"allow":["GET"]}}],"collection":[{"href":"https:\/\/fit360.ee\/en\/wp-json\/wp\/v2\/product"}],"about":[{"href":"https:\/\/fit360.ee\/en\/wp-json\/wp\/v2\/types\/product"}],"replies":[{"embeddable":true,"href":"https:\/\/fit360.ee\/en\/wp-json\/wp\/v2\/comments?post=92359"}],"wp:featuredmedia":[{"embeddable":true,"href":"https:\/\/fit360.ee\/en\/wp-json\/wp\/v2\/media\/92360"}],"wp:attachment":[{"href":"https:\/\/fit360.ee\/en\/wp-json\/wp\/v2\/media?parent=92359"}],"wp:term":[{"taxonomy":"product_brand","embeddable":true,"href":"https:\/\/fit360.ee\/en\/wp-json\/wp\/v2\/product_brand?post=92359"},{"taxonomy":"product_cat","embeddable":true,"href":"https:\/\/fit360.ee\/en\/wp-json\/wp\/v2\/product_cat?post=92359"},{"taxonomy":"product_tag","embeddable":true,"href":"https:\/\/fit360.ee\/en\/wp-json\/wp\/v2\/product_tag?post=92359"},{"taxonomy":"giftcard-category","embeddable":true,"href":"https:\/\/fit360.ee\/en\/wp-json\/wp\/v2\/giftcard-category?post=92359"}],"curies":[{"name":"wp","href":"https:\/\/api.w.org\/{rel}","templated":true}]}}