{"id":92479,"date":"2025-11-21T11:17:52","date_gmt":"2025-11-21T09:17:52","guid":{"rendered":"https:\/\/fit360.ee\/pood\/uncategorized\/hardcore-wrist-wraps-must-punane\/"},"modified":"2026-04-10T14:42:30","modified_gmt":"2026-04-10T12:42:30","slug":"hardcore-wrist-wraps-must-punane","status":"publish","type":"product","link":"https:\/\/fit360.ee\/en\/pood\/training-equipment-en\/wrist-wraps-en\/hardcore-wrist-wraps-must-punane\/","title":{"rendered":"Hardcore Wrist Wraps, Must\/Punane"},"content":{"rendered":"<h2><strong>Hardcore Wrist Wraps<\/strong><\/h2>\n<p><span dir=\"auto\">Hardcore Wrist wraps ehk Hardcore randmesidemed on vajalik varustus k\u00f5igile t\u00f5stjatele \u2013 need pakuvad tuge ja stabiilsust k\u00f5igi t\u00f5stete ajal. K\u00f5ige kasulikum surumisharjutuste jaoks. <\/span><span dir=\"auto\">Kvaliteetne neljarealine elastne riba optimaalse toe tagamiseks, piiramata randme liikuvust \u2013 sobib ol\u00fcmpiat\u00f5stmiseks ja surumiseks.<\/span><br \/>\n<span dir=\"auto\">Tugev takjakinnitus lihtsaks reguleerimiseks ja kindla sobivuse tagamiseks.<\/span><br \/>\n<span dir=\"auto\">P\u00f6idlaaas kiireks kinnitamiseks.<\/span><\/p>\n<p><span dir=\"auto\">Nipp: Takjakinnitus.<\/span><br \/>\n<span dir=\"auto\">Enamik sportlasi kasutab randmesideme kinnitamiseks m\u00e4hkimise ajal p\u00f6idlaaasa ja eemaldab seej\u00e4rel kasutamise ajal p\u00f6idlaaasa.<\/span><\/p>\n<p><strong>Kuidas hoolitseda randmesidemete eest<\/strong><\/p>\n<ul>\n<li><span dir=\"auto\">GASP-i logo.<\/span><\/li>\n<li><span dir=\"auto\">M\u00fc\u00fcakse paarides.<\/span><\/li>\n<li><span dir=\"auto\">K\u00e4sipesu.<\/span><\/li>\n<li><span dir=\"auto\">Loputa kohe peale kasutust<\/span><\/li>\n<li><span dir=\"auto\">\u00d5hukuivatus.<\/span><\/li>\n<\/ul>\n<p><strong><span dir=\"auto\">Materjal:<\/span><\/strong><span dir=\"auto\">\u00a080% puuvill, 20% elastaan.<\/span><br \/>\n<strong><span dir=\"auto\">Pikkus:<\/span><\/strong><span dir=\"auto\">\u00a013&#8243; \/ 33 cm.<\/span><br \/>\n<strong><span dir=\"auto\">Suurus:<\/span><\/strong><span dir=\"auto\">\u00a0Reguleeritav, \u00fcks suurus sobib k\u00f5igile.<br \/>\n<strong>V\u00e4rvus<\/strong>: Must\/Punane<\/span><\/p>\n<p>Vaata ka meie teisi Randmesidemeid <a href=\"https:\/\/fit360.ee\/en\/product-category\/training-equipment-en\/wrist-wraps-en\/\"><strong>SIIT<\/strong><\/a>!<\/p>\n<p>Soovid teha suuremat tellimust? Vaata antud toodet meie HULGI lehelt\u00a0<a href=\"https:\/\/toidulisandidhulgi.ee\/tooted\/hardcore-wrist-wraps-must-punane\/\"><strong>SIIT<\/strong><\/a>!<\/p>\n","protected":false},"excerpt":{"rendered":"<ul>\n<li>Kvaliteetne materjal<\/li>\n<li>Kindel randmekaitse<\/li>\n<li>Sobib kasutamiseks igaks t\u00f5ste harjutuseks<\/li>\n<li>Tipp tasemel sportlased soovitavad<\/li>\n<\/ul>\n","protected":false},"featured_media":92480,"comment_status":"open","ping_status":"closed","template":"","meta":[],"product_brand":[],"product_cat":[538,546],"product_tag":[2515,6349],"giftcard-category":[],"class_list":{"0":"post-92479","1":"product","2":"type-product","3":"status-publish","4":"has-post-thumbnail","6":"product_cat-training-equipment-en","7":"product_cat-wrist-wraps-en","8":"product_tag-gasp-en","9":"product_tag-hardcore-wrist-wraps","10":"pa_brand-gasp-en","11":"pa_varustus-wrist-wraps","12":"pa_varvus-black-red","14":"first","15":"instock","16":"sale","17":"taxable","18":"shipping-taxable","19":"purchasable","20":"product-type-simple"},"yoast_head":"<!-- This site is optimized with the Yoast SEO plugin v27.3 - https:\/\/yoast.com\/product\/yoast-seo-wordpress\/ -->\n<title>Hardcore Wrist Wraps, Must\/Punane - Tugevad randmesidemed - Fit360<\/title>\n<meta name=\"description\" content=\"Hardcore Wrist wraps ehk Hardcore randmesidemed on vajalik varustus k\u00f5igile t\u00f5stjatele \u2013 need pakuvad tuge ja stabiilsust k\u00f5igi t\u00f5stete ajal. Kiire Tarne!\" \/>\n<meta name=\"robots\" content=\"index, follow, max-snippet:-1, max-image-preview:large, max-video-preview:-1\" \/>\n<link rel=\"canonical\" href=\"https:\/\/fit360.ee\/en\/pood\/training-equipment-en\/wrist-wraps-en\/hardcore-wrist-wraps-must-punane\/\" \/>\n<meta property=\"og:locale\" content=\"en_US\" \/>\n<meta property=\"og:type\" content=\"article\" \/>\n<meta property=\"og:title\" content=\"Hardcore Wrist Wraps, Must\/Punane - Tugevad randmesidemed - Fit360\" \/>\n<meta property=\"og:description\" content=\"Hardcore Wrist wraps ehk Hardcore randmesidemed on vajalik varustus k\u00f5igile t\u00f5stjatele \u2013 need pakuvad tuge ja stabiilsust k\u00f5igi t\u00f5stete ajal. Kiire Tarne!\" \/>\n<meta property=\"og:url\" content=\"https:\/\/fit360.ee\/en\/pood\/training-equipment-en\/wrist-wraps-en\/hardcore-wrist-wraps-must-punane\/\" \/>\n<meta property=\"og:site_name\" content=\"Fit360\" \/>\n<meta property=\"article:modified_time\" content=\"2026-04-10T12:42:30+00:00\" \/>\n<meta property=\"og:image\" content=\"https:\/\/fit360.ee\/wp-content\/uploads\/2025\/11\/hardcore-wrist-wraps-must-punane-fit360.ee_.jpg\" \/>\n\t<meta property=\"og:image:width\" content=\"1000\" \/>\n\t<meta property=\"og:image:height\" content=\"1000\" \/>\n\t<meta property=\"og:image:type\" content=\"image\/jpeg\" \/>\n<meta name=\"twitter:card\" content=\"summary_large_image\" \/>\n<meta name=\"twitter:label1\" content=\"Est. reading time\" \/>\n\t<meta name=\"twitter:data1\" content=\"1 minute\" \/>\n<script type=\"application\/ld+json\" class=\"yoast-schema-graph\">{\"@context\":\"https:\\\/\\\/schema.org\",\"@graph\":[{\"@type\":\"WebPage\",\"@id\":\"https:\\\/\\\/fit360.ee\\\/en\\\/pood\\\/training-equipment-en\\\/wrist-wraps-en\\\/hardcore-wrist-wraps-must-punane\\\/\",\"url\":\"https:\\\/\\\/fit360.ee\\\/en\\\/pood\\\/training-equipment-en\\\/wrist-wraps-en\\\/hardcore-wrist-wraps-must-punane\\\/\",\"name\":\"Hardcore Wrist Wraps, Must\\\/Punane - Tugevad randmesidemed - Fit360\",\"isPartOf\":{\"@id\":\"https:\\\/\\\/fit360.ee\\\/en\\\/#website\"},\"primaryImageOfPage\":{\"@id\":\"https:\\\/\\\/fit360.ee\\\/en\\\/pood\\\/training-equipment-en\\\/wrist-wraps-en\\\/hardcore-wrist-wraps-must-punane\\\/#primaryimage\"},\"image\":{\"@id\":\"https:\\\/\\\/fit360.ee\\\/en\\\/pood\\\/training-equipment-en\\\/wrist-wraps-en\\\/hardcore-wrist-wraps-must-punane\\\/#primaryimage\"},\"thumbnailUrl\":\"https:\\\/\\\/fit360.ee\\\/wp-content\\\/uploads\\\/2025\\\/11\\\/hardcore-wrist-wraps-must-punane-fit360.ee_.jpg\",\"datePublished\":\"2025-11-21T09:17:52+00:00\",\"dateModified\":\"2026-04-10T12:42:30+00:00\",\"description\":\"Hardcore Wrist wraps ehk Hardcore randmesidemed on vajalik varustus k\u00f5igile t\u00f5stjatele \u2013 need pakuvad tuge ja stabiilsust k\u00f5igi t\u00f5stete ajal. Kiire Tarne!\",\"breadcrumb\":{\"@id\":\"https:\\\/\\\/fit360.ee\\\/en\\\/pood\\\/training-equipment-en\\\/wrist-wraps-en\\\/hardcore-wrist-wraps-must-punane\\\/#breadcrumb\"},\"inLanguage\":\"en-US\",\"potentialAction\":[{\"@type\":\"ReadAction\",\"target\":[\"https:\\\/\\\/fit360.ee\\\/en\\\/pood\\\/training-equipment-en\\\/wrist-wraps-en\\\/hardcore-wrist-wraps-must-punane\\\/\"]}]},{\"@type\":\"ImageObject\",\"inLanguage\":\"en-US\",\"@id\":\"https:\\\/\\\/fit360.ee\\\/en\\\/pood\\\/training-equipment-en\\\/wrist-wraps-en\\\/hardcore-wrist-wraps-must-punane\\\/#primaryimage\",\"url\":\"https:\\\/\\\/fit360.ee\\\/wp-content\\\/uploads\\\/2025\\\/11\\\/hardcore-wrist-wraps-must-punane-fit360.ee_.jpg\",\"contentUrl\":\"https:\\\/\\\/fit360.ee\\\/wp-content\\\/uploads\\\/2025\\\/11\\\/hardcore-wrist-wraps-must-punane-fit360.ee_.jpg\",\"width\":1000,\"height\":1000,\"caption\":\"hardcore wrist wraps must-punane - fit360.ee\"},{\"@type\":\"BreadcrumbList\",\"@id\":\"https:\\\/\\\/fit360.ee\\\/en\\\/pood\\\/training-equipment-en\\\/wrist-wraps-en\\\/hardcore-wrist-wraps-must-punane\\\/#breadcrumb\",\"itemListElement\":[{\"@type\":\"ListItem\",\"position\":1,\"name\":\"Home\",\"item\":\"https:\\\/\\\/fit360.ee\\\/en\\\/\"},{\"@type\":\"ListItem\",\"position\":2,\"name\":\"Shop\",\"item\":\"https:\\\/\\\/fit360.ee\\\/en\\\/shop\\\/\"},{\"@type\":\"ListItem\",\"position\":3,\"name\":\"Hardcore Wrist Wraps, Must\\\/Punane\"}]},{\"@type\":\"WebSite\",\"@id\":\"https:\\\/\\\/fit360.ee\\\/en\\\/#website\",\"url\":\"https:\\\/\\\/fit360.ee\\\/en\\\/\",\"name\":\"Fit360\",\"description\":\"\",\"publisher\":{\"@id\":\"https:\\\/\\\/fit360.ee\\\/en\\\/#organization\"},\"potentialAction\":[{\"@type\":\"SearchAction\",\"target\":{\"@type\":\"EntryPoint\",\"urlTemplate\":\"https:\\\/\\\/fit360.ee\\\/en\\\/?s={search_term_string}\"},\"query-input\":{\"@type\":\"PropertyValueSpecification\",\"valueRequired\":true,\"valueName\":\"search_term_string\"}}],\"inLanguage\":\"en-US\"},{\"@type\":\"Organization\",\"@id\":\"https:\\\/\\\/fit360.ee\\\/en\\\/#organization\",\"name\":\"Fit360\",\"url\":\"https:\\\/\\\/fit360.ee\\\/en\\\/\",\"logo\":{\"@type\":\"ImageObject\",\"inLanguage\":\"en-US\",\"@id\":\"https:\\\/\\\/fit360.ee\\\/en\\\/#\\\/schema\\\/logo\\\/image\\\/\",\"url\":\"https:\\\/\\\/fit360.ee\\\/wp-content\\\/uploads\\\/2017\\\/01\\\/logo-fit360.png\",\"contentUrl\":\"https:\\\/\\\/fit360.ee\\\/wp-content\\\/uploads\\\/2017\\\/01\\\/logo-fit360.png\",\"width\":180,\"height\":66,\"caption\":\"Fit360\"},\"image\":{\"@id\":\"https:\\\/\\\/fit360.ee\\\/en\\\/#\\\/schema\\\/logo\\\/image\\\/\"}}]}<\/script>\n<!-- \/ Yoast SEO plugin. -->","yoast_head_json":{"title":"Hardcore Wrist Wraps, Must\/Punane - Tugevad randmesidemed - Fit360","description":"Hardcore Wrist wraps ehk Hardcore randmesidemed on vajalik varustus k\u00f5igile t\u00f5stjatele \u2013 need pakuvad tuge ja stabiilsust k\u00f5igi t\u00f5stete ajal. Kiire Tarne!","robots":{"index":"index","follow":"follow","max-snippet":"max-snippet:-1","max-image-preview":"max-image-preview:large","max-video-preview":"max-video-preview:-1"},"canonical":"https:\/\/fit360.ee\/en\/pood\/training-equipment-en\/wrist-wraps-en\/hardcore-wrist-wraps-must-punane\/","og_locale":"en_US","og_type":"article","og_title":"Hardcore Wrist Wraps, Must\/Punane - Tugevad randmesidemed - Fit360","og_description":"Hardcore Wrist wraps ehk Hardcore randmesidemed on vajalik varustus k\u00f5igile t\u00f5stjatele \u2013 need pakuvad tuge ja stabiilsust k\u00f5igi t\u00f5stete ajal. Kiire Tarne!","og_url":"https:\/\/fit360.ee\/en\/pood\/training-equipment-en\/wrist-wraps-en\/hardcore-wrist-wraps-must-punane\/","og_site_name":"Fit360","article_modified_time":"2026-04-10T12:42:30+00:00","og_image":[{"width":1000,"height":1000,"url":"https:\/\/fit360.ee\/wp-content\/uploads\/2025\/11\/hardcore-wrist-wraps-must-punane-fit360.ee_.jpg","type":"image\/jpeg"}],"twitter_card":"summary_large_image","twitter_misc":{"Est. reading time":"1 minute"},"schema":{"@context":"https:\/\/schema.org","@graph":[{"@type":"WebPage","@id":"https:\/\/fit360.ee\/en\/pood\/training-equipment-en\/wrist-wraps-en\/hardcore-wrist-wraps-must-punane\/","url":"https:\/\/fit360.ee\/en\/pood\/training-equipment-en\/wrist-wraps-en\/hardcore-wrist-wraps-must-punane\/","name":"Hardcore Wrist Wraps, Must\/Punane - Tugevad randmesidemed - Fit360","isPartOf":{"@id":"https:\/\/fit360.ee\/en\/#website"},"primaryImageOfPage":{"@id":"https:\/\/fit360.ee\/en\/pood\/training-equipment-en\/wrist-wraps-en\/hardcore-wrist-wraps-must-punane\/#primaryimage"},"image":{"@id":"https:\/\/fit360.ee\/en\/pood\/training-equipment-en\/wrist-wraps-en\/hardcore-wrist-wraps-must-punane\/#primaryimage"},"thumbnailUrl":"https:\/\/fit360.ee\/wp-content\/uploads\/2025\/11\/hardcore-wrist-wraps-must-punane-fit360.ee_.jpg","datePublished":"2025-11-21T09:17:52+00:00","dateModified":"2026-04-10T12:42:30+00:00","description":"Hardcore Wrist wraps ehk Hardcore randmesidemed on vajalik varustus k\u00f5igile t\u00f5stjatele \u2013 need pakuvad tuge ja stabiilsust k\u00f5igi t\u00f5stete ajal. Kiire Tarne!","breadcrumb":{"@id":"https:\/\/fit360.ee\/en\/pood\/training-equipment-en\/wrist-wraps-en\/hardcore-wrist-wraps-must-punane\/#breadcrumb"},"inLanguage":"en-US","potentialAction":[{"@type":"ReadAction","target":["https:\/\/fit360.ee\/en\/pood\/training-equipment-en\/wrist-wraps-en\/hardcore-wrist-wraps-must-punane\/"]}]},{"@type":"ImageObject","inLanguage":"en-US","@id":"https:\/\/fit360.ee\/en\/pood\/training-equipment-en\/wrist-wraps-en\/hardcore-wrist-wraps-must-punane\/#primaryimage","url":"https:\/\/fit360.ee\/wp-content\/uploads\/2025\/11\/hardcore-wrist-wraps-must-punane-fit360.ee_.jpg","contentUrl":"https:\/\/fit360.ee\/wp-content\/uploads\/2025\/11\/hardcore-wrist-wraps-must-punane-fit360.ee_.jpg","width":1000,"height":1000,"caption":"hardcore wrist wraps must-punane - fit360.ee"},{"@type":"BreadcrumbList","@id":"https:\/\/fit360.ee\/en\/pood\/training-equipment-en\/wrist-wraps-en\/hardcore-wrist-wraps-must-punane\/#breadcrumb","itemListElement":[{"@type":"ListItem","position":1,"name":"Home","item":"https:\/\/fit360.ee\/en\/"},{"@type":"ListItem","position":2,"name":"Shop","item":"https:\/\/fit360.ee\/en\/shop\/"},{"@type":"ListItem","position":3,"name":"Hardcore Wrist Wraps, Must\/Punane"}]},{"@type":"WebSite","@id":"https:\/\/fit360.ee\/en\/#website","url":"https:\/\/fit360.ee\/en\/","name":"Fit360","description":"","publisher":{"@id":"https:\/\/fit360.ee\/en\/#organization"},"potentialAction":[{"@type":"SearchAction","target":{"@type":"EntryPoint","urlTemplate":"https:\/\/fit360.ee\/en\/?s={search_term_string}"},"query-input":{"@type":"PropertyValueSpecification","valueRequired":true,"valueName":"search_term_string"}}],"inLanguage":"en-US"},{"@type":"Organization","@id":"https:\/\/fit360.ee\/en\/#organization","name":"Fit360","url":"https:\/\/fit360.ee\/en\/","logo":{"@type":"ImageObject","inLanguage":"en-US","@id":"https:\/\/fit360.ee\/en\/#\/schema\/logo\/image\/","url":"https:\/\/fit360.ee\/wp-content\/uploads\/2017\/01\/logo-fit360.png","contentUrl":"https:\/\/fit360.ee\/wp-content\/uploads\/2017\/01\/logo-fit360.png","width":180,"height":66,"caption":"Fit360"},"image":{"@id":"https:\/\/fit360.ee\/en\/#\/schema\/logo\/image\/"}}]}},"_links":{"self":[{"href":"https:\/\/fit360.ee\/en\/wp-json\/wp\/v2\/product\/92479","targetHints":{"allow":["GET"]}}],"collection":[{"href":"https:\/\/fit360.ee\/en\/wp-json\/wp\/v2\/product"}],"about":[{"href":"https:\/\/fit360.ee\/en\/wp-json\/wp\/v2\/types\/product"}],"replies":[{"embeddable":true,"href":"https:\/\/fit360.ee\/en\/wp-json\/wp\/v2\/comments?post=92479"}],"wp:featuredmedia":[{"embeddable":true,"href":"https:\/\/fit360.ee\/en\/wp-json\/wp\/v2\/media\/92480"}],"wp:attachment":[{"href":"https:\/\/fit360.ee\/en\/wp-json\/wp\/v2\/media?parent=92479"}],"wp:term":[{"taxonomy":"product_brand","embeddable":true,"href":"https:\/\/fit360.ee\/en\/wp-json\/wp\/v2\/product_brand?post=92479"},{"taxonomy":"product_cat","embeddable":true,"href":"https:\/\/fit360.ee\/en\/wp-json\/wp\/v2\/product_cat?post=92479"},{"taxonomy":"product_tag","embeddable":true,"href":"https:\/\/fit360.ee\/en\/wp-json\/wp\/v2\/product_tag?post=92479"},{"taxonomy":"giftcard-category","embeddable":true,"href":"https:\/\/fit360.ee\/en\/wp-json\/wp\/v2\/giftcard-category?post=92479"}],"curies":[{"name":"wp","href":"https:\/\/api.w.org\/{rel}","templated":true}]}}