{"id":92498,"date":"2025-11-21T11:17:55","date_gmt":"2025-11-21T09:17:55","guid":{"rendered":"https:\/\/fit360.ee\/pood\/uncategorized\/usa-flag-wrist-wraps\/"},"modified":"2025-11-22T15:38:22","modified_gmt":"2025-11-22T13:38:22","slug":"usa-flag-wrist-wraps","status":"publish","type":"product","link":"https:\/\/fit360.ee\/en\/pood\/training-equipment-en\/wrist-wraps-en\/usa-flag-wrist-wraps\/","title":{"rendered":"USA Flag Wrist Wraps"},"content":{"rendered":"<h2><strong>USA Flag Wrist Wraps<\/strong><\/h2>\n<p><span dir=\"auto\">Randmesidemed on oluline varustus k\u00f5igile j\u00f5usaalis\u00f5pradele. Meie Better Bodies USA Flag Wrist Wraps ehk USA lipuga randmesidemed on valmistatud kvaliteetsest elastsest materjalist, mis pakub tugevat tuge, piiramata seejuures teie randme loomulikku liikuvust. Need on varustatud h\u00f5lpsasti kasutatavate p\u00f6idlaaasade ja tugeva takjakinnitusega, et tagada kindel istuvus.<\/span><\/p>\n<p><span dir=\"auto\"><strong>Materjal<\/strong>: 80% Eotton 20% elastaan<\/span><br \/>\n<span dir=\"auto\"><strong>\u200b\u200bPikkus<\/strong>: 13 tolli<\/span><br \/>\n<span dir=\"auto\"><strong>Omadused<\/strong>: Takjakinnitus, Better Bodies ja Skull tikitud logod, USA liputr\u00fckk, p\u00f6idlaaas<br \/>\n<\/span><strong>V\u00e4rvus<\/strong>: Sinine\/Punane\/Valge<\/p>\n<p><span dir=\"auto\">Nipp: Takjakinnitus.<\/span><br \/>\n<span dir=\"auto\">Enamik sportlasi kasutab randmesideme kinnitamiseks m\u00e4hkimise ajal p\u00f6idlaaasa ja eemaldab seej\u00e4rel kasutamise ajal p\u00f6idlaaasa.<\/span><\/p>\n<p><strong>Kuidas hoolitseda randmesidemete eest<\/strong><\/p>\n<ul>\n<li><span dir=\"auto\">Better Bodies logo.<\/span><\/li>\n<li><span dir=\"auto\">M\u00fc\u00fcakse paarides.<\/span><\/li>\n<li><span dir=\"auto\">K\u00e4sipesu.<\/span><\/li>\n<li><span dir=\"auto\">Loputa kohe peale kasutust<\/span><\/li>\n<li><span dir=\"auto\">\u00d5hukuivatus.<\/span><\/li>\n<\/ul>\n<p>Vaata ka meie teisi Randmesidemeid <a href=\"https:\/\/fit360.ee\/en\/product-category\/training-equipment-en\/wrist-wraps-en\/\"><strong>SIIT<\/strong><\/a>!<\/p>\n<p>Soovid teha suuremat tellimust? Vaata antud toodet meie HULGI lehelt\u00a0<a href=\"https:\/\/toidulisandidhulgi.ee\/tooted\/usa-flag-wrist-wraps\/\"><strong>SIIT<\/strong><\/a>!<\/p>\n","protected":false},"excerpt":{"rendered":"<ul>\n<li>Kvaliteetne materjal<\/li>\n<li>Kindel randmekaitse<\/li>\n<li>Sobib kasutamiseks igaks t\u00f5ste harjutuseks<\/li>\n<li>Tipp tasemel sportlased soovitavad<\/li>\n<\/ul>\n","protected":false},"featured_media":92499,"comment_status":"open","ping_status":"closed","template":"","meta":[],"product_brand":[],"product_cat":[538,546],"product_tag":[2522,4909,6351],"giftcard-category":[],"class_list":{"0":"post-92498","1":"product","2":"type-product","3":"status-publish","4":"has-post-thumbnail","6":"product_cat-training-equipment-en","7":"product_cat-wrist-wraps-en","8":"product_tag-better-bodies-en","9":"product_tag-randmesidemed-en","10":"product_tag-usa-flag-wrist-wraps","11":"pa_brand-better-bodies-en","12":"pa_varustus-wrist-wraps","13":"pa_varvus-blue","15":"first","16":"instock","17":"sale","18":"taxable","19":"shipping-taxable","20":"purchasable","21":"product-type-simple"},"yoast_head":"<!-- This site is optimized with the Yoast SEO plugin v27.3 - https:\/\/yoast.com\/product\/yoast-seo-wordpress\/ -->\n<title>USA Flag Wrist Wraps - Tugevad randmesidemed - Fit360<\/title>\n<meta name=\"description\" content=\"USA Flag Wrist wraps ehk USA lipuv\u00e4rvides randmesidemed on vajalik varustus t\u00f5stjatele \u2013 need pakuvad tuge ja stabiilsust k\u00f5igi t\u00f5stete ajal. Kiire Tarne!\" \/>\n<meta name=\"robots\" content=\"index, follow, max-snippet:-1, max-image-preview:large, max-video-preview:-1\" \/>\n<link rel=\"canonical\" href=\"https:\/\/fit360.ee\/en\/pood\/training-equipment-en\/wrist-wraps-en\/usa-flag-wrist-wraps\/\" \/>\n<meta property=\"og:locale\" content=\"en_US\" \/>\n<meta property=\"og:type\" content=\"article\" \/>\n<meta property=\"og:title\" content=\"USA Flag Wrist Wraps - Tugevad randmesidemed - Fit360\" \/>\n<meta property=\"og:description\" content=\"USA Flag Wrist wraps ehk USA lipuv\u00e4rvides randmesidemed on vajalik varustus t\u00f5stjatele \u2013 need pakuvad tuge ja stabiilsust k\u00f5igi t\u00f5stete ajal. Kiire Tarne!\" \/>\n<meta property=\"og:url\" content=\"https:\/\/fit360.ee\/en\/pood\/training-equipment-en\/wrist-wraps-en\/usa-flag-wrist-wraps\/\" \/>\n<meta property=\"og:site_name\" content=\"Fit360\" \/>\n<meta property=\"article:modified_time\" content=\"2025-11-22T13:38:22+00:00\" \/>\n<meta property=\"og:image\" content=\"https:\/\/fit360.ee\/wp-content\/uploads\/2025\/11\/usa-flag-wrist-wraps-fit360.ee_.jpg\" \/>\n\t<meta property=\"og:image:width\" content=\"1000\" \/>\n\t<meta property=\"og:image:height\" content=\"1000\" \/>\n\t<meta property=\"og:image:type\" content=\"image\/jpeg\" \/>\n<meta name=\"twitter:card\" content=\"summary_large_image\" \/>\n<meta name=\"twitter:label1\" content=\"Est. reading time\" \/>\n\t<meta name=\"twitter:data1\" content=\"1 minute\" \/>\n<script type=\"application\/ld+json\" class=\"yoast-schema-graph\">{\"@context\":\"https:\\\/\\\/schema.org\",\"@graph\":[{\"@type\":\"WebPage\",\"@id\":\"https:\\\/\\\/fit360.ee\\\/en\\\/pood\\\/training-equipment-en\\\/wrist-wraps-en\\\/usa-flag-wrist-wraps\\\/\",\"url\":\"https:\\\/\\\/fit360.ee\\\/en\\\/pood\\\/training-equipment-en\\\/wrist-wraps-en\\\/usa-flag-wrist-wraps\\\/\",\"name\":\"USA Flag Wrist Wraps - Tugevad randmesidemed - Fit360\",\"isPartOf\":{\"@id\":\"https:\\\/\\\/fit360.ee\\\/en\\\/#website\"},\"primaryImageOfPage\":{\"@id\":\"https:\\\/\\\/fit360.ee\\\/en\\\/pood\\\/training-equipment-en\\\/wrist-wraps-en\\\/usa-flag-wrist-wraps\\\/#primaryimage\"},\"image\":{\"@id\":\"https:\\\/\\\/fit360.ee\\\/en\\\/pood\\\/training-equipment-en\\\/wrist-wraps-en\\\/usa-flag-wrist-wraps\\\/#primaryimage\"},\"thumbnailUrl\":\"https:\\\/\\\/fit360.ee\\\/wp-content\\\/uploads\\\/2025\\\/11\\\/usa-flag-wrist-wraps-fit360.ee_.jpg\",\"datePublished\":\"2025-11-21T09:17:55+00:00\",\"dateModified\":\"2025-11-22T13:38:22+00:00\",\"description\":\"USA Flag Wrist wraps ehk USA lipuv\u00e4rvides randmesidemed on vajalik varustus t\u00f5stjatele \u2013 need pakuvad tuge ja stabiilsust k\u00f5igi t\u00f5stete ajal. Kiire Tarne!\",\"breadcrumb\":{\"@id\":\"https:\\\/\\\/fit360.ee\\\/en\\\/pood\\\/training-equipment-en\\\/wrist-wraps-en\\\/usa-flag-wrist-wraps\\\/#breadcrumb\"},\"inLanguage\":\"en-US\",\"potentialAction\":[{\"@type\":\"ReadAction\",\"target\":[\"https:\\\/\\\/fit360.ee\\\/en\\\/pood\\\/training-equipment-en\\\/wrist-wraps-en\\\/usa-flag-wrist-wraps\\\/\"]}]},{\"@type\":\"ImageObject\",\"inLanguage\":\"en-US\",\"@id\":\"https:\\\/\\\/fit360.ee\\\/en\\\/pood\\\/training-equipment-en\\\/wrist-wraps-en\\\/usa-flag-wrist-wraps\\\/#primaryimage\",\"url\":\"https:\\\/\\\/fit360.ee\\\/wp-content\\\/uploads\\\/2025\\\/11\\\/usa-flag-wrist-wraps-fit360.ee_.jpg\",\"contentUrl\":\"https:\\\/\\\/fit360.ee\\\/wp-content\\\/uploads\\\/2025\\\/11\\\/usa-flag-wrist-wraps-fit360.ee_.jpg\",\"width\":1000,\"height\":1000,\"caption\":\"usa flag wrist wraps - fit360.ee\"},{\"@type\":\"BreadcrumbList\",\"@id\":\"https:\\\/\\\/fit360.ee\\\/en\\\/pood\\\/training-equipment-en\\\/wrist-wraps-en\\\/usa-flag-wrist-wraps\\\/#breadcrumb\",\"itemListElement\":[{\"@type\":\"ListItem\",\"position\":1,\"name\":\"Home\",\"item\":\"https:\\\/\\\/fit360.ee\\\/en\\\/\"},{\"@type\":\"ListItem\",\"position\":2,\"name\":\"Shop\",\"item\":\"https:\\\/\\\/fit360.ee\\\/en\\\/shop\\\/\"},{\"@type\":\"ListItem\",\"position\":3,\"name\":\"USA Flag Wrist Wraps\"}]},{\"@type\":\"WebSite\",\"@id\":\"https:\\\/\\\/fit360.ee\\\/en\\\/#website\",\"url\":\"https:\\\/\\\/fit360.ee\\\/en\\\/\",\"name\":\"Fit360\",\"description\":\"\",\"publisher\":{\"@id\":\"https:\\\/\\\/fit360.ee\\\/en\\\/#organization\"},\"potentialAction\":[{\"@type\":\"SearchAction\",\"target\":{\"@type\":\"EntryPoint\",\"urlTemplate\":\"https:\\\/\\\/fit360.ee\\\/en\\\/?s={search_term_string}\"},\"query-input\":{\"@type\":\"PropertyValueSpecification\",\"valueRequired\":true,\"valueName\":\"search_term_string\"}}],\"inLanguage\":\"en-US\"},{\"@type\":\"Organization\",\"@id\":\"https:\\\/\\\/fit360.ee\\\/en\\\/#organization\",\"name\":\"Fit360\",\"url\":\"https:\\\/\\\/fit360.ee\\\/en\\\/\",\"logo\":{\"@type\":\"ImageObject\",\"inLanguage\":\"en-US\",\"@id\":\"https:\\\/\\\/fit360.ee\\\/en\\\/#\\\/schema\\\/logo\\\/image\\\/\",\"url\":\"https:\\\/\\\/fit360.ee\\\/wp-content\\\/uploads\\\/2017\\\/01\\\/logo-fit360.png\",\"contentUrl\":\"https:\\\/\\\/fit360.ee\\\/wp-content\\\/uploads\\\/2017\\\/01\\\/logo-fit360.png\",\"width\":180,\"height\":66,\"caption\":\"Fit360\"},\"image\":{\"@id\":\"https:\\\/\\\/fit360.ee\\\/en\\\/#\\\/schema\\\/logo\\\/image\\\/\"}}]}<\/script>\n<!-- \/ Yoast SEO plugin. -->","yoast_head_json":{"title":"USA Flag Wrist Wraps - Tugevad randmesidemed - Fit360","description":"USA Flag Wrist wraps ehk USA lipuv\u00e4rvides randmesidemed on vajalik varustus t\u00f5stjatele \u2013 need pakuvad tuge ja stabiilsust k\u00f5igi t\u00f5stete ajal. Kiire Tarne!","robots":{"index":"index","follow":"follow","max-snippet":"max-snippet:-1","max-image-preview":"max-image-preview:large","max-video-preview":"max-video-preview:-1"},"canonical":"https:\/\/fit360.ee\/en\/pood\/training-equipment-en\/wrist-wraps-en\/usa-flag-wrist-wraps\/","og_locale":"en_US","og_type":"article","og_title":"USA Flag Wrist Wraps - Tugevad randmesidemed - Fit360","og_description":"USA Flag Wrist wraps ehk USA lipuv\u00e4rvides randmesidemed on vajalik varustus t\u00f5stjatele \u2013 need pakuvad tuge ja stabiilsust k\u00f5igi t\u00f5stete ajal. Kiire Tarne!","og_url":"https:\/\/fit360.ee\/en\/pood\/training-equipment-en\/wrist-wraps-en\/usa-flag-wrist-wraps\/","og_site_name":"Fit360","article_modified_time":"2025-11-22T13:38:22+00:00","og_image":[{"width":1000,"height":1000,"url":"https:\/\/fit360.ee\/wp-content\/uploads\/2025\/11\/usa-flag-wrist-wraps-fit360.ee_.jpg","type":"image\/jpeg"}],"twitter_card":"summary_large_image","twitter_misc":{"Est. reading time":"1 minute"},"schema":{"@context":"https:\/\/schema.org","@graph":[{"@type":"WebPage","@id":"https:\/\/fit360.ee\/en\/pood\/training-equipment-en\/wrist-wraps-en\/usa-flag-wrist-wraps\/","url":"https:\/\/fit360.ee\/en\/pood\/training-equipment-en\/wrist-wraps-en\/usa-flag-wrist-wraps\/","name":"USA Flag Wrist Wraps - Tugevad randmesidemed - Fit360","isPartOf":{"@id":"https:\/\/fit360.ee\/en\/#website"},"primaryImageOfPage":{"@id":"https:\/\/fit360.ee\/en\/pood\/training-equipment-en\/wrist-wraps-en\/usa-flag-wrist-wraps\/#primaryimage"},"image":{"@id":"https:\/\/fit360.ee\/en\/pood\/training-equipment-en\/wrist-wraps-en\/usa-flag-wrist-wraps\/#primaryimage"},"thumbnailUrl":"https:\/\/fit360.ee\/wp-content\/uploads\/2025\/11\/usa-flag-wrist-wraps-fit360.ee_.jpg","datePublished":"2025-11-21T09:17:55+00:00","dateModified":"2025-11-22T13:38:22+00:00","description":"USA Flag Wrist wraps ehk USA lipuv\u00e4rvides randmesidemed on vajalik varustus t\u00f5stjatele \u2013 need pakuvad tuge ja stabiilsust k\u00f5igi t\u00f5stete ajal. Kiire Tarne!","breadcrumb":{"@id":"https:\/\/fit360.ee\/en\/pood\/training-equipment-en\/wrist-wraps-en\/usa-flag-wrist-wraps\/#breadcrumb"},"inLanguage":"en-US","potentialAction":[{"@type":"ReadAction","target":["https:\/\/fit360.ee\/en\/pood\/training-equipment-en\/wrist-wraps-en\/usa-flag-wrist-wraps\/"]}]},{"@type":"ImageObject","inLanguage":"en-US","@id":"https:\/\/fit360.ee\/en\/pood\/training-equipment-en\/wrist-wraps-en\/usa-flag-wrist-wraps\/#primaryimage","url":"https:\/\/fit360.ee\/wp-content\/uploads\/2025\/11\/usa-flag-wrist-wraps-fit360.ee_.jpg","contentUrl":"https:\/\/fit360.ee\/wp-content\/uploads\/2025\/11\/usa-flag-wrist-wraps-fit360.ee_.jpg","width":1000,"height":1000,"caption":"usa flag wrist wraps - fit360.ee"},{"@type":"BreadcrumbList","@id":"https:\/\/fit360.ee\/en\/pood\/training-equipment-en\/wrist-wraps-en\/usa-flag-wrist-wraps\/#breadcrumb","itemListElement":[{"@type":"ListItem","position":1,"name":"Home","item":"https:\/\/fit360.ee\/en\/"},{"@type":"ListItem","position":2,"name":"Shop","item":"https:\/\/fit360.ee\/en\/shop\/"},{"@type":"ListItem","position":3,"name":"USA Flag Wrist Wraps"}]},{"@type":"WebSite","@id":"https:\/\/fit360.ee\/en\/#website","url":"https:\/\/fit360.ee\/en\/","name":"Fit360","description":"","publisher":{"@id":"https:\/\/fit360.ee\/en\/#organization"},"potentialAction":[{"@type":"SearchAction","target":{"@type":"EntryPoint","urlTemplate":"https:\/\/fit360.ee\/en\/?s={search_term_string}"},"query-input":{"@type":"PropertyValueSpecification","valueRequired":true,"valueName":"search_term_string"}}],"inLanguage":"en-US"},{"@type":"Organization","@id":"https:\/\/fit360.ee\/en\/#organization","name":"Fit360","url":"https:\/\/fit360.ee\/en\/","logo":{"@type":"ImageObject","inLanguage":"en-US","@id":"https:\/\/fit360.ee\/en\/#\/schema\/logo\/image\/","url":"https:\/\/fit360.ee\/wp-content\/uploads\/2017\/01\/logo-fit360.png","contentUrl":"https:\/\/fit360.ee\/wp-content\/uploads\/2017\/01\/logo-fit360.png","width":180,"height":66,"caption":"Fit360"},"image":{"@id":"https:\/\/fit360.ee\/en\/#\/schema\/logo\/image\/"}}]}},"_links":{"self":[{"href":"https:\/\/fit360.ee\/en\/wp-json\/wp\/v2\/product\/92498","targetHints":{"allow":["GET"]}}],"collection":[{"href":"https:\/\/fit360.ee\/en\/wp-json\/wp\/v2\/product"}],"about":[{"href":"https:\/\/fit360.ee\/en\/wp-json\/wp\/v2\/types\/product"}],"replies":[{"embeddable":true,"href":"https:\/\/fit360.ee\/en\/wp-json\/wp\/v2\/comments?post=92498"}],"wp:featuredmedia":[{"embeddable":true,"href":"https:\/\/fit360.ee\/en\/wp-json\/wp\/v2\/media\/92499"}],"wp:attachment":[{"href":"https:\/\/fit360.ee\/en\/wp-json\/wp\/v2\/media?parent=92498"}],"wp:term":[{"taxonomy":"product_brand","embeddable":true,"href":"https:\/\/fit360.ee\/en\/wp-json\/wp\/v2\/product_brand?post=92498"},{"taxonomy":"product_cat","embeddable":true,"href":"https:\/\/fit360.ee\/en\/wp-json\/wp\/v2\/product_cat?post=92498"},{"taxonomy":"product_tag","embeddable":true,"href":"https:\/\/fit360.ee\/en\/wp-json\/wp\/v2\/product_tag?post=92498"},{"taxonomy":"giftcard-category","embeddable":true,"href":"https:\/\/fit360.ee\/en\/wp-json\/wp\/v2\/giftcard-category?post=92498"}],"curies":[{"name":"wp","href":"https:\/\/api.w.org\/{rel}","templated":true}]}}