{"id":92504,"date":"2025-11-21T13:32:51","date_gmt":"2025-11-21T11:32:51","guid":{"rendered":"https:\/\/fit360.ee\/pood\/uncategorized\/almond-flour-150g\/"},"modified":"2026-04-09T16:57:11","modified_gmt":"2026-04-09T14:57:11","slug":"almond-flour-150g","status":"publish","type":"product","link":"https:\/\/fit360.ee\/en\/pood\/product-groups\/vitamins-and-minerals-en\/almond-flour-150g\/","title":{"rendered":"Almond Flour (150g)"},"content":{"rendered":"<h2><strong>ICONFIT Almond Flour &#8211; Mandlijahu<\/strong><\/h2>\n<p style=\"font-weight: 400;\"><b><strong>ICONFIT Almond Flour ehk mandlijahu <\/strong><\/b>on peenelt jahvatatud, kvaliteetne jahu, mis on valmistatud 100% looduslikest mandlitest. Selle mahe, p\u00e4hkline maitse ja pehme tekstuur teevad sellest suurep\u00e4rase alternatiivi traditsioonilisele nisujahule, sobides eriti neile, kes otsivad oma toiduvalmistamisel v\u00f5i k\u00fcpsetamisel vaheldust. Mandlijahu sobib ideaalselt gluteenivabade ja v\u00e4hese s\u00fcsivesikute sisaldusega retseptide jaoks ning on mitmek\u00fclgne valik nii magusate kui ka soolaste roogade valmistamiseks.<\/p>\n<p style=\"font-weight: 400;\">See jahu sobib ideaalselt \u00f5huliste kookide, k\u00fcpsiste ja leiva valmistamiseks, samuti kastmete paksendamiseks v\u00f5i liha ja k\u00f6\u00f6giviljade katmiseks praadimisel. Selle loomulik magusus lisab magustoitudele s\u00fcgavust ning peen maitse t\u00e4iustab paljusid soolaseid retsepte.<\/p>\n<p style=\"font-weight: 400;\"><b><strong>KUIDAS KASUTADA:<\/strong><\/b>\u00a0Lisa k\u00fcpsetistele, smuutidele, pannkookidele v\u00f5i magustoitudele.<\/p>\n<p style=\"font-weight: 400;\"><b><strong>S\u00c4ILITAMINE:\u00a0<\/strong><\/b>Hoida toatemperatuuril, kaitstuna niiskuse ja otsese p\u00e4ikesevalguse eest. Netokaal 150 g.<\/p>\n<p style=\"font-weight: 400;\"><b><strong>KOOSTISOSAD:\u00a0<\/strong><\/b>Hariliku mandlipuu vilja jahu (<em>Prunus dulcis<\/em>).<\/p>\n<p style=\"font-weight: 400;\"><b><strong>ICONFIT Mandlijahu on tervislik ja maitsev nisujahu asendaja. Kasutage seda k\u00fcpsetistes, jookides, smuutides ja muudes roogades.\u00a0See on hea valguallikas ja k\u00f5rge kiudainesisaldusega ning suurep\u00e4rane valik gluteenivabaks ja v\u00e4hese s\u00fcsivesikute sisaldusega k\u00fcpsetamiseks.<\/strong><\/b><\/p>\n<ul style=\"font-weight: 400;\">\n<li>Kvaliteetne mandlijahu parima hinnaga.<\/li>\n<li>Looduslik supertoit, mis sisaldab palju kaltsiumi ja magneesiumi.<\/li>\n<li>Sobib kasutamiseks veganitele ja taimetoitlastele m\u00f5eldud roogades.<\/li>\n<\/ul>\n<p>Vaata ka meie Teisi Supertoite <a href=\"https:\/\/fit360.ee\/en\/product-category\/product-groups\/superfoods-health-foods-en\/\"><strong>SIIT<\/strong><\/a> v\u00f5i Supertoidusegusid Smuutidele <a href=\"https:\/\/fit360.ee\/en\/product-category\/product-groups\/superfood-blends-en\/\"><strong>SIIT<\/strong><\/a>!<\/p>\n<p>Soovid kaupa osta suuremas koguses? Vaata antud toodet ka meie HULGI poest\u00a0<a href=\"https:\/\/toidulisandidhulgi.ee\/tooted\/almond-flour-150g\/\"><strong>SIIT<\/strong><\/a>!<\/p>\n","protected":false},"excerpt":{"rendered":"<ul style=\"font-weight: 400;\">\n<li>Kvaliteetne mandlijahu parima hinnaga.<\/li>\n<li>Looduslik supertoit, mis sisaldab palju kaltsiumi ja magneesiumi.<\/li>\n<li>Sobib kasutamiseks veganitele ja taimetoitlastele m\u00f5eldud roogades.<\/li>\n<\/ul>\n","protected":false},"featured_media":92505,"comment_status":"open","ping_status":"closed","template":"","meta":[],"product_brand":[],"product_cat":[1318,1873,1454,536,1201],"product_tag":[6354,1681,6355],"giftcard-category":[],"class_list":{"0":"post-92504","1":"product","2":"type-product","3":"status-publish","4":"has-post-thumbnail","6":"product_cat-iconfit-en","7":"product_cat-superfood-blends-en","8":"product_cat-superfoods-health-foods-en","9":"product_cat-vitamins-and-minerals-en","10":"product_cat-1201","11":"product_tag-almond-flour","12":"product_tag-iconfit-en","13":"product_tag-mandlijahu","14":"pa_kogus-150g-en","15":"pa_toidulisand-branddd-iconfit","16":"pa_tootegruppp-supertoidusegud-smuutidele-en","17":"pa_tootegruppp-supertoit-tervisetoit-en","18":"pa_tootegruppp-vegan-en","19":"pa_tootegruppp-vitamins-and-minerals","21":"first","22":"instock","23":"sale","24":"taxable","25":"shipping-taxable","26":"purchasable","27":"product-type-simple"},"yoast_head":"<!-- This site is optimized with the Yoast SEO plugin v27.3 - https:\/\/yoast.com\/product\/yoast-seo-wordpress\/ -->\n<title>Almond Flour (150g) - 100% puhas mandlijahu - Kiire Tarne - Fit360<\/title>\n<meta name=\"description\" content=\"ICONFIT Almond Flour ehk mandlijahu on peenelt jahvatatud, kvaliteetne jahu, mis on valmistatud 100% looduslikest mandlitest. Selle mahe, p\u00e4hkline mait...\" \/>\n<meta name=\"robots\" content=\"index, follow, max-snippet:-1, max-image-preview:large, max-video-preview:-1\" \/>\n<link rel=\"canonical\" href=\"https:\/\/fit360.ee\/en\/pood\/product-groups\/vitamins-and-minerals-en\/almond-flour-150g\/\" \/>\n<meta property=\"og:locale\" content=\"en_US\" \/>\n<meta property=\"og:type\" content=\"article\" \/>\n<meta property=\"og:title\" content=\"Almond Flour (150g) - 100% puhas mandlijahu - Kiire Tarne - Fit360\" \/>\n<meta property=\"og:description\" content=\"ICONFIT Almond Flour ehk mandlijahu on peenelt jahvatatud, kvaliteetne jahu, mis on valmistatud 100% looduslikest mandlitest. Selle mahe, p\u00e4hkline mait...\" \/>\n<meta property=\"og:url\" content=\"https:\/\/fit360.ee\/en\/pood\/product-groups\/vitamins-and-minerals-en\/almond-flour-150g\/\" \/>\n<meta property=\"og:site_name\" content=\"Fit360\" \/>\n<meta property=\"article:modified_time\" content=\"2026-04-09T14:57:11+00:00\" \/>\n<meta property=\"og:image\" content=\"https:\/\/fit360.ee\/wp-content\/uploads\/2025\/11\/almond-flour-mandlijahu-fit360.ee_.webp\" \/>\n\t<meta property=\"og:image:width\" content=\"695\" \/>\n\t<meta property=\"og:image:height\" content=\"695\" \/>\n\t<meta property=\"og:image:type\" content=\"image\/webp\" \/>\n<meta name=\"twitter:card\" content=\"summary_large_image\" \/>\n<meta name=\"twitter:label1\" content=\"Est. reading time\" \/>\n\t<meta name=\"twitter:data1\" content=\"2 minutes\" \/>\n<script type=\"application\/ld+json\" class=\"yoast-schema-graph\">{\"@context\":\"https:\\\/\\\/schema.org\",\"@graph\":[{\"@type\":\"WebPage\",\"@id\":\"https:\\\/\\\/fit360.ee\\\/en\\\/pood\\\/product-groups\\\/vitamins-and-minerals-en\\\/almond-flour-150g\\\/\",\"url\":\"https:\\\/\\\/fit360.ee\\\/en\\\/pood\\\/product-groups\\\/vitamins-and-minerals-en\\\/almond-flour-150g\\\/\",\"name\":\"Almond Flour (150g) - 100% puhas mandlijahu - Kiire Tarne - Fit360\",\"isPartOf\":{\"@id\":\"https:\\\/\\\/fit360.ee\\\/en\\\/#website\"},\"primaryImageOfPage\":{\"@id\":\"https:\\\/\\\/fit360.ee\\\/en\\\/pood\\\/product-groups\\\/vitamins-and-minerals-en\\\/almond-flour-150g\\\/#primaryimage\"},\"image\":{\"@id\":\"https:\\\/\\\/fit360.ee\\\/en\\\/pood\\\/product-groups\\\/vitamins-and-minerals-en\\\/almond-flour-150g\\\/#primaryimage\"},\"thumbnailUrl\":\"https:\\\/\\\/fit360.ee\\\/wp-content\\\/uploads\\\/2025\\\/11\\\/almond-flour-mandlijahu-fit360.ee_.webp\",\"datePublished\":\"2025-11-21T11:32:51+00:00\",\"dateModified\":\"2026-04-09T14:57:11+00:00\",\"description\":\"ICONFIT Almond Flour ehk mandlijahu on peenelt jahvatatud, kvaliteetne jahu, mis on valmistatud 100% looduslikest mandlitest. Selle mahe, p\u00e4hkline mait...\",\"breadcrumb\":{\"@id\":\"https:\\\/\\\/fit360.ee\\\/en\\\/pood\\\/product-groups\\\/vitamins-and-minerals-en\\\/almond-flour-150g\\\/#breadcrumb\"},\"inLanguage\":\"en-US\",\"potentialAction\":[{\"@type\":\"ReadAction\",\"target\":[\"https:\\\/\\\/fit360.ee\\\/en\\\/pood\\\/product-groups\\\/vitamins-and-minerals-en\\\/almond-flour-150g\\\/\"]}]},{\"@type\":\"ImageObject\",\"inLanguage\":\"en-US\",\"@id\":\"https:\\\/\\\/fit360.ee\\\/en\\\/pood\\\/product-groups\\\/vitamins-and-minerals-en\\\/almond-flour-150g\\\/#primaryimage\",\"url\":\"https:\\\/\\\/fit360.ee\\\/wp-content\\\/uploads\\\/2025\\\/11\\\/almond-flour-mandlijahu-fit360.ee_.webp\",\"contentUrl\":\"https:\\\/\\\/fit360.ee\\\/wp-content\\\/uploads\\\/2025\\\/11\\\/almond-flour-mandlijahu-fit360.ee_.webp\",\"width\":695,\"height\":695,\"caption\":\"almond flour mandlijahu - fit360.ee\"},{\"@type\":\"BreadcrumbList\",\"@id\":\"https:\\\/\\\/fit360.ee\\\/en\\\/pood\\\/product-groups\\\/vitamins-and-minerals-en\\\/almond-flour-150g\\\/#breadcrumb\",\"itemListElement\":[{\"@type\":\"ListItem\",\"position\":1,\"name\":\"Home\",\"item\":\"https:\\\/\\\/fit360.ee\\\/en\\\/\"},{\"@type\":\"ListItem\",\"position\":2,\"name\":\"Shop\",\"item\":\"https:\\\/\\\/fit360.ee\\\/en\\\/shop\\\/\"},{\"@type\":\"ListItem\",\"position\":3,\"name\":\"Almond Flour (150g)\"}]},{\"@type\":\"WebSite\",\"@id\":\"https:\\\/\\\/fit360.ee\\\/en\\\/#website\",\"url\":\"https:\\\/\\\/fit360.ee\\\/en\\\/\",\"name\":\"Fit360\",\"description\":\"\",\"publisher\":{\"@id\":\"https:\\\/\\\/fit360.ee\\\/en\\\/#organization\"},\"potentialAction\":[{\"@type\":\"SearchAction\",\"target\":{\"@type\":\"EntryPoint\",\"urlTemplate\":\"https:\\\/\\\/fit360.ee\\\/en\\\/?s={search_term_string}\"},\"query-input\":{\"@type\":\"PropertyValueSpecification\",\"valueRequired\":true,\"valueName\":\"search_term_string\"}}],\"inLanguage\":\"en-US\"},{\"@type\":\"Organization\",\"@id\":\"https:\\\/\\\/fit360.ee\\\/en\\\/#organization\",\"name\":\"Fit360\",\"url\":\"https:\\\/\\\/fit360.ee\\\/en\\\/\",\"logo\":{\"@type\":\"ImageObject\",\"inLanguage\":\"en-US\",\"@id\":\"https:\\\/\\\/fit360.ee\\\/en\\\/#\\\/schema\\\/logo\\\/image\\\/\",\"url\":\"https:\\\/\\\/fit360.ee\\\/wp-content\\\/uploads\\\/2017\\\/01\\\/logo-fit360.png\",\"contentUrl\":\"https:\\\/\\\/fit360.ee\\\/wp-content\\\/uploads\\\/2017\\\/01\\\/logo-fit360.png\",\"width\":180,\"height\":66,\"caption\":\"Fit360\"},\"image\":{\"@id\":\"https:\\\/\\\/fit360.ee\\\/en\\\/#\\\/schema\\\/logo\\\/image\\\/\"}}]}<\/script>\n<!-- \/ Yoast SEO plugin. -->","yoast_head_json":{"title":"Almond Flour (150g) - 100% puhas mandlijahu - Kiire Tarne - Fit360","description":"ICONFIT Almond Flour ehk mandlijahu on peenelt jahvatatud, kvaliteetne jahu, mis on valmistatud 100% looduslikest mandlitest. Selle mahe, p\u00e4hkline mait...","robots":{"index":"index","follow":"follow","max-snippet":"max-snippet:-1","max-image-preview":"max-image-preview:large","max-video-preview":"max-video-preview:-1"},"canonical":"https:\/\/fit360.ee\/en\/pood\/product-groups\/vitamins-and-minerals-en\/almond-flour-150g\/","og_locale":"en_US","og_type":"article","og_title":"Almond Flour (150g) - 100% puhas mandlijahu - Kiire Tarne - Fit360","og_description":"ICONFIT Almond Flour ehk mandlijahu on peenelt jahvatatud, kvaliteetne jahu, mis on valmistatud 100% looduslikest mandlitest. Selle mahe, p\u00e4hkline mait...","og_url":"https:\/\/fit360.ee\/en\/pood\/product-groups\/vitamins-and-minerals-en\/almond-flour-150g\/","og_site_name":"Fit360","article_modified_time":"2026-04-09T14:57:11+00:00","og_image":[{"width":695,"height":695,"url":"https:\/\/fit360.ee\/wp-content\/uploads\/2025\/11\/almond-flour-mandlijahu-fit360.ee_.webp","type":"image\/webp"}],"twitter_card":"summary_large_image","twitter_misc":{"Est. reading time":"2 minutes"},"schema":{"@context":"https:\/\/schema.org","@graph":[{"@type":"WebPage","@id":"https:\/\/fit360.ee\/en\/pood\/product-groups\/vitamins-and-minerals-en\/almond-flour-150g\/","url":"https:\/\/fit360.ee\/en\/pood\/product-groups\/vitamins-and-minerals-en\/almond-flour-150g\/","name":"Almond Flour (150g) - 100% puhas mandlijahu - Kiire Tarne - Fit360","isPartOf":{"@id":"https:\/\/fit360.ee\/en\/#website"},"primaryImageOfPage":{"@id":"https:\/\/fit360.ee\/en\/pood\/product-groups\/vitamins-and-minerals-en\/almond-flour-150g\/#primaryimage"},"image":{"@id":"https:\/\/fit360.ee\/en\/pood\/product-groups\/vitamins-and-minerals-en\/almond-flour-150g\/#primaryimage"},"thumbnailUrl":"https:\/\/fit360.ee\/wp-content\/uploads\/2025\/11\/almond-flour-mandlijahu-fit360.ee_.webp","datePublished":"2025-11-21T11:32:51+00:00","dateModified":"2026-04-09T14:57:11+00:00","description":"ICONFIT Almond Flour ehk mandlijahu on peenelt jahvatatud, kvaliteetne jahu, mis on valmistatud 100% looduslikest mandlitest. Selle mahe, p\u00e4hkline mait...","breadcrumb":{"@id":"https:\/\/fit360.ee\/en\/pood\/product-groups\/vitamins-and-minerals-en\/almond-flour-150g\/#breadcrumb"},"inLanguage":"en-US","potentialAction":[{"@type":"ReadAction","target":["https:\/\/fit360.ee\/en\/pood\/product-groups\/vitamins-and-minerals-en\/almond-flour-150g\/"]}]},{"@type":"ImageObject","inLanguage":"en-US","@id":"https:\/\/fit360.ee\/en\/pood\/product-groups\/vitamins-and-minerals-en\/almond-flour-150g\/#primaryimage","url":"https:\/\/fit360.ee\/wp-content\/uploads\/2025\/11\/almond-flour-mandlijahu-fit360.ee_.webp","contentUrl":"https:\/\/fit360.ee\/wp-content\/uploads\/2025\/11\/almond-flour-mandlijahu-fit360.ee_.webp","width":695,"height":695,"caption":"almond flour mandlijahu - fit360.ee"},{"@type":"BreadcrumbList","@id":"https:\/\/fit360.ee\/en\/pood\/product-groups\/vitamins-and-minerals-en\/almond-flour-150g\/#breadcrumb","itemListElement":[{"@type":"ListItem","position":1,"name":"Home","item":"https:\/\/fit360.ee\/en\/"},{"@type":"ListItem","position":2,"name":"Shop","item":"https:\/\/fit360.ee\/en\/shop\/"},{"@type":"ListItem","position":3,"name":"Almond Flour (150g)"}]},{"@type":"WebSite","@id":"https:\/\/fit360.ee\/en\/#website","url":"https:\/\/fit360.ee\/en\/","name":"Fit360","description":"","publisher":{"@id":"https:\/\/fit360.ee\/en\/#organization"},"potentialAction":[{"@type":"SearchAction","target":{"@type":"EntryPoint","urlTemplate":"https:\/\/fit360.ee\/en\/?s={search_term_string}"},"query-input":{"@type":"PropertyValueSpecification","valueRequired":true,"valueName":"search_term_string"}}],"inLanguage":"en-US"},{"@type":"Organization","@id":"https:\/\/fit360.ee\/en\/#organization","name":"Fit360","url":"https:\/\/fit360.ee\/en\/","logo":{"@type":"ImageObject","inLanguage":"en-US","@id":"https:\/\/fit360.ee\/en\/#\/schema\/logo\/image\/","url":"https:\/\/fit360.ee\/wp-content\/uploads\/2017\/01\/logo-fit360.png","contentUrl":"https:\/\/fit360.ee\/wp-content\/uploads\/2017\/01\/logo-fit360.png","width":180,"height":66,"caption":"Fit360"},"image":{"@id":"https:\/\/fit360.ee\/en\/#\/schema\/logo\/image\/"}}]}},"_links":{"self":[{"href":"https:\/\/fit360.ee\/en\/wp-json\/wp\/v2\/product\/92504","targetHints":{"allow":["GET"]}}],"collection":[{"href":"https:\/\/fit360.ee\/en\/wp-json\/wp\/v2\/product"}],"about":[{"href":"https:\/\/fit360.ee\/en\/wp-json\/wp\/v2\/types\/product"}],"replies":[{"embeddable":true,"href":"https:\/\/fit360.ee\/en\/wp-json\/wp\/v2\/comments?post=92504"}],"wp:featuredmedia":[{"embeddable":true,"href":"https:\/\/fit360.ee\/en\/wp-json\/wp\/v2\/media\/92505"}],"wp:attachment":[{"href":"https:\/\/fit360.ee\/en\/wp-json\/wp\/v2\/media?parent=92504"}],"wp:term":[{"taxonomy":"product_brand","embeddable":true,"href":"https:\/\/fit360.ee\/en\/wp-json\/wp\/v2\/product_brand?post=92504"},{"taxonomy":"product_cat","embeddable":true,"href":"https:\/\/fit360.ee\/en\/wp-json\/wp\/v2\/product_cat?post=92504"},{"taxonomy":"product_tag","embeddable":true,"href":"https:\/\/fit360.ee\/en\/wp-json\/wp\/v2\/product_tag?post=92504"},{"taxonomy":"giftcard-category","embeddable":true,"href":"https:\/\/fit360.ee\/en\/wp-json\/wp\/v2\/giftcard-category?post=92504"}],"curies":[{"name":"wp","href":"https:\/\/api.w.org\/{rel}","templated":true}]}}