{"id":9251,"date":"2016-07-11T17:11:55","date_gmt":"2016-07-11T12:11:55","guid":{"rendered":"https:\/\/fit360.ee\/shop\/maaratlemata\/real-casein-1800g-2\/"},"modified":"2021-05-27T16:05:29","modified_gmt":"2021-05-27T14:05:29","slug":"real-casein-1800g-2","status":"publish","type":"product","link":"https:\/\/fit360.ee\/en\/pood\/product-groups\/protein-poweders-en\/casein-protein-en\/real-casein-1800g-2\/","title":{"rendered":"Real Casein (1800g)"},"content":{"rendered":"<p><strong>Ingredients:<\/strong> Micellar Casein, cocoa (chocolate flavour), aroma, strawberry flavoured citric acid, carboxymethyl cellulose (thickening agent), sucralose (sweetener), colourings: Beet juice concentrate, beta-Carotene, Caramel E150c, Riboflavin E101 \u2013 depending on the flavour. Contains sweeteners.<\/p>\n<p>&nbsp;<\/p>\n<p><strong>Directions for use:<\/strong> dissolve 1 serving of the product in 200-300 ml water or skimmed milk. Take up to 3 times a day. Do not exceed the maximum of 3 servings daily. Not suitable for people suffering from kidney diseases. Scoop provided in the packaging. The product is intended for adults and healthy people.<\/p>\n<p><strong>Package contents<\/strong>: 700\/1800g, 23\/60 servings.<\/p>\n<p><strong>Storage<\/strong>: Store in a cool dry place, keep away from direct light.<\/p>\n<table style=\"height: 307px;\" width=\"437\">\n<tbody>\n<tr>\n<td style=\"width: 172.465px;\"><strong>Nutrition Value<\/strong><\/td>\n<td style=\"width: 144.688px;\"><strong>100g<\/strong><\/td>\n<td style=\"width: 100.243px;\"><strong>30g<\/strong><\/td>\n<\/tr>\n<tr>\n<td style=\"width: 172.465px;\">Energy<\/td>\n<td style=\"width: 144.688px;\">353 kcal\/1478KJ<\/td>\n<td style=\"width: 100.243px;\">106 kcal\/443 KJ<\/td>\n<\/tr>\n<tr>\n<td style=\"width: 172.465px;\">Fat<\/td>\n<td style=\"width: 144.688px;\">1g<\/td>\n<td style=\"width: 100.243px;\">0,3g<\/td>\n<\/tr>\n<tr>\n<td style=\"width: 172.465px;\">of which saturates<\/td>\n<td style=\"width: 144.688px;\">0,4g<\/td>\n<td style=\"width: 100.243px;\">0,12g<\/td>\n<\/tr>\n<tr>\n<td style=\"width: 172.465px;\">Carbohydrates<\/td>\n<td style=\"width: 144.688px;\">4g<\/td>\n<td style=\"width: 100.243px;\">1,2g<\/td>\n<\/tr>\n<tr>\n<td style=\"width: 172.465px;\">of which sugars<\/td>\n<td style=\"width: 144.688px;\">3g<\/td>\n<td style=\"width: 100.243px;\">0,90g<\/td>\n<\/tr>\n<tr>\n<td style=\"width: 172.465px;\">Fibre<\/td>\n<td style=\"width: 144.688px;\">0,8g<\/td>\n<td style=\"width: 100.243px;\">0,24g<\/td>\n<\/tr>\n<tr>\n<td style=\"width: 172.465px;\">Protein<\/td>\n<td style=\"width: 144.688px;\">82g<\/td>\n<td style=\"width: 100.243px;\">24,60g<\/td>\n<\/tr>\n<tr>\n<td style=\"width: 172.465px;\">Salt<\/td>\n<td style=\"width: 144.688px;\">0,5g<\/td>\n<td style=\"width: 100.243px;\">0,15g<\/td>\n<\/tr>\n<\/tbody>\n<\/table>\n<p>&nbsp;<\/p>\n<p><strong>Chocolate flavor:<\/strong><\/p>\n<table style=\"height: 287px;\" width=\"464\">\n<tbody>\n<tr>\n<td style=\"width: 196.91px;\"><strong>Nutrition Value<\/strong><\/td>\n<td style=\"width: 129.132px;\"><strong>100g<\/strong><\/td>\n<td style=\"width: 118.021px;\"><strong>30g<\/strong><\/td>\n<\/tr>\n<tr>\n<td style=\"width: 196.91px;\">Energy<\/td>\n<td style=\"width: 129.132px;\">346 kcal\/1449 KJ<\/td>\n<td style=\"width: 118.021px;\">104 kcal\/435 KJ<\/td>\n<\/tr>\n<tr>\n<td style=\"width: 196.91px;\">Fat<\/td>\n<td style=\"width: 129.132px;\">2g<\/td>\n<td style=\"width: 118.021px;\">0,6g<\/td>\n<\/tr>\n<tr>\n<td style=\"width: 196.91px;\">of which saturates<\/td>\n<td style=\"width: 129.132px;\">0,6g<\/td>\n<td style=\"width: 118.021px;\">0,18g<\/td>\n<\/tr>\n<tr>\n<td style=\"width: 196.91px;\">Carbohydrates<\/td>\n<td style=\"width: 129.132px;\">8g<\/td>\n<td style=\"width: 118.021px;\">2,4g<\/td>\n<\/tr>\n<tr>\n<td style=\"width: 196.91px;\">of which sugars<\/td>\n<td style=\"width: 129.132px;\">5g<\/td>\n<td style=\"width: 118.021px;\">1,5g<\/td>\n<\/tr>\n<tr>\n<td style=\"width: 196.91px;\">Fibre<\/td>\n<td style=\"width: 129.132px;\">1,6g<\/td>\n<td style=\"width: 118.021px;\">0,48g<\/td>\n<\/tr>\n<tr>\n<td style=\"width: 196.91px;\">Protein<\/td>\n<td style=\"width: 129.132px;\">76g<\/td>\n<td style=\"width: 118.021px;\">22,8g<\/td>\n<\/tr>\n<tr>\n<td style=\"width: 196.91px;\">Salt<\/td>\n<td style=\"width: 129.132px;\">0,5g<\/td>\n<td style=\"width: 118.021px;\">0,15g<\/td>\n<\/tr>\n<\/tbody>\n<\/table>\n","protected":false},"excerpt":{"rendered":"<p><strong>Real Casein<\/strong> is a high quality supplement that contains micellar casein, which provides a prolonged release of amino acids into the blood stream.<\/p>\n<p>The product is an ideal choice if we want a steady release of nutrients distributed over a prolonged period of time. It is recommended as an alternative to the last daily serving of protein. Works best if consumed less than an hour before bedtime.<\/p>\n<p>Casein slows down transit of food through the digestive system, thus simultaneously minimizing the breakdown of proteins, which protect the muscle cells.<\/p>\n<p><strong>Real Casein<\/strong> \u00a0protects against night-time catabolism and is a bullseye for those who would like to build or keep that healthy and fit body. Just like other types of proteins, it is a great alternative for anyone who wants to build up muscle mass or lose excess weight.<\/p>\n","protected":false},"featured_media":63919,"comment_status":"open","ping_status":"closed","template":"","meta":[],"product_brand":[],"product_cat":[2432,535,515],"product_tag":[3167,3168],"giftcard-category":[],"class_list":{"0":"post-9251","1":"product","2":"type-product","3":"status-publish","4":"has-post-thumbnail","6":"product_cat-casein-protein-en","7":"product_cat-protein-poweders-en","8":"product_cat-real-pharm","9":"product_tag-kaseiin-en","10":"product_tag-kaseiini-valk-en","11":"pa_maitse-caramel","12":"pa_maitse-chocolate","13":"pa_maitse-cookie","14":"pa_maitse-strawberry","15":"pa_maitse-vanilli","17":"first","18":"outofstock","19":"taxable","20":"shipping-taxable","21":"product-type-simple"},"yoast_head":"<!-- This site is optimized with the Yoast SEO plugin v27.3 - https:\/\/yoast.com\/product\/yoast-seo-wordpress\/ -->\n<title>Kaseiin - Real Casein (1800g) proteiinipulber - Kiire kauba tarne: 1-3 p\u00e4eva<\/title>\n<meta name=\"description\" content=\"Kaseiin on aeglaselt imenduv valguallikas. Kaseiin tagab suurep\u00e4rase taastumise treeningutest. Kaseiini valgus on olematus koguses rasva ja s\u00fcsivesikuid.\" \/>\n<meta name=\"robots\" content=\"index, follow, max-snippet:-1, max-image-preview:large, max-video-preview:-1\" \/>\n<link rel=\"canonical\" href=\"https:\/\/fit360.ee\/en\/pood\/product-groups\/protein-poweders-en\/casein-protein-en\/real-casein-1800g-2\/\" \/>\n<meta property=\"og:locale\" content=\"en_US\" \/>\n<meta property=\"og:type\" content=\"article\" \/>\n<meta property=\"og:title\" content=\"Kaseiin - Real Casein (1800g) proteiinipulber - Kiire kauba tarne: 1-3 p\u00e4eva\" \/>\n<meta property=\"og:description\" content=\"Kaseiin on aeglaselt imenduv valguallikas. Kaseiin tagab suurep\u00e4rase taastumise treeningutest. Kaseiini valgus on olematus koguses rasva ja s\u00fcsivesikuid.\" \/>\n<meta property=\"og:url\" content=\"https:\/\/fit360.ee\/en\/pood\/product-groups\/protein-poweders-en\/casein-protein-en\/real-casein-1800g-2\/\" \/>\n<meta property=\"og:site_name\" content=\"Fit360\" \/>\n<meta property=\"article:modified_time\" content=\"2021-05-27T14:05:29+00:00\" \/>\n<meta property=\"og:image\" content=\"https:\/\/fit360.ee\/wp-content\/uploads\/2016\/07\/kaseiin-valgupulber-fit360.ee_.png\" \/>\n\t<meta property=\"og:image:width\" content=\"600\" \/>\n\t<meta property=\"og:image:height\" content=\"600\" \/>\n\t<meta property=\"og:image:type\" content=\"image\/png\" \/>\n<meta name=\"twitter:card\" content=\"summary_large_image\" \/>\n<meta name=\"twitter:label1\" content=\"Est. reading time\" \/>\n\t<meta name=\"twitter:data1\" content=\"1 minute\" \/>\n<script type=\"application\/ld+json\" class=\"yoast-schema-graph\">{\"@context\":\"https:\\\/\\\/schema.org\",\"@graph\":[{\"@type\":\"WebPage\",\"@id\":\"https:\\\/\\\/fit360.ee\\\/en\\\/pood\\\/product-groups\\\/protein-poweders-en\\\/casein-protein-en\\\/real-casein-1800g-2\\\/\",\"url\":\"https:\\\/\\\/fit360.ee\\\/en\\\/pood\\\/product-groups\\\/protein-poweders-en\\\/casein-protein-en\\\/real-casein-1800g-2\\\/\",\"name\":\"Kaseiin - Real Casein (1800g) proteiinipulber - Kiire kauba tarne: 1-3 p\u00e4eva\",\"isPartOf\":{\"@id\":\"https:\\\/\\\/fit360.ee\\\/en\\\/#website\"},\"primaryImageOfPage\":{\"@id\":\"https:\\\/\\\/fit360.ee\\\/en\\\/pood\\\/product-groups\\\/protein-poweders-en\\\/casein-protein-en\\\/real-casein-1800g-2\\\/#primaryimage\"},\"image\":{\"@id\":\"https:\\\/\\\/fit360.ee\\\/en\\\/pood\\\/product-groups\\\/protein-poweders-en\\\/casein-protein-en\\\/real-casein-1800g-2\\\/#primaryimage\"},\"thumbnailUrl\":\"https:\\\/\\\/fit360.ee\\\/wp-content\\\/uploads\\\/2016\\\/07\\\/kaseiin-valgupulber-fit360.ee_.png\",\"datePublished\":\"2016-07-11T12:11:55+00:00\",\"dateModified\":\"2021-05-27T14:05:29+00:00\",\"description\":\"Kaseiin on aeglaselt imenduv valguallikas. Kaseiin tagab suurep\u00e4rase taastumise treeningutest. Kaseiini valgus on olematus koguses rasva ja s\u00fcsivesikuid.\",\"breadcrumb\":{\"@id\":\"https:\\\/\\\/fit360.ee\\\/en\\\/pood\\\/product-groups\\\/protein-poweders-en\\\/casein-protein-en\\\/real-casein-1800g-2\\\/#breadcrumb\"},\"inLanguage\":\"en-US\",\"potentialAction\":[{\"@type\":\"ReadAction\",\"target\":[\"https:\\\/\\\/fit360.ee\\\/en\\\/pood\\\/product-groups\\\/protein-poweders-en\\\/casein-protein-en\\\/real-casein-1800g-2\\\/\"]}]},{\"@type\":\"ImageObject\",\"inLanguage\":\"en-US\",\"@id\":\"https:\\\/\\\/fit360.ee\\\/en\\\/pood\\\/product-groups\\\/protein-poweders-en\\\/casein-protein-en\\\/real-casein-1800g-2\\\/#primaryimage\",\"url\":\"https:\\\/\\\/fit360.ee\\\/wp-content\\\/uploads\\\/2016\\\/07\\\/kaseiin-valgupulber-fit360.ee_.png\",\"contentUrl\":\"https:\\\/\\\/fit360.ee\\\/wp-content\\\/uploads\\\/2016\\\/07\\\/kaseiin-valgupulber-fit360.ee_.png\",\"width\":600,\"height\":600,\"caption\":\"kaseiin valgupulber - fit360.ee\"},{\"@type\":\"BreadcrumbList\",\"@id\":\"https:\\\/\\\/fit360.ee\\\/en\\\/pood\\\/product-groups\\\/protein-poweders-en\\\/casein-protein-en\\\/real-casein-1800g-2\\\/#breadcrumb\",\"itemListElement\":[{\"@type\":\"ListItem\",\"position\":1,\"name\":\"Home\",\"item\":\"https:\\\/\\\/fit360.ee\\\/en\\\/\"},{\"@type\":\"ListItem\",\"position\":2,\"name\":\"Shop\",\"item\":\"https:\\\/\\\/fit360.ee\\\/en\\\/shop\\\/\"},{\"@type\":\"ListItem\",\"position\":3,\"name\":\"Real Casein (1800g)\"}]},{\"@type\":\"WebSite\",\"@id\":\"https:\\\/\\\/fit360.ee\\\/en\\\/#website\",\"url\":\"https:\\\/\\\/fit360.ee\\\/en\\\/\",\"name\":\"Fit360\",\"description\":\"\",\"publisher\":{\"@id\":\"https:\\\/\\\/fit360.ee\\\/en\\\/#organization\"},\"potentialAction\":[{\"@type\":\"SearchAction\",\"target\":{\"@type\":\"EntryPoint\",\"urlTemplate\":\"https:\\\/\\\/fit360.ee\\\/en\\\/?s={search_term_string}\"},\"query-input\":{\"@type\":\"PropertyValueSpecification\",\"valueRequired\":true,\"valueName\":\"search_term_string\"}}],\"inLanguage\":\"en-US\"},{\"@type\":\"Organization\",\"@id\":\"https:\\\/\\\/fit360.ee\\\/en\\\/#organization\",\"name\":\"Fit360\",\"url\":\"https:\\\/\\\/fit360.ee\\\/en\\\/\",\"logo\":{\"@type\":\"ImageObject\",\"inLanguage\":\"en-US\",\"@id\":\"https:\\\/\\\/fit360.ee\\\/en\\\/#\\\/schema\\\/logo\\\/image\\\/\",\"url\":\"https:\\\/\\\/fit360.ee\\\/wp-content\\\/uploads\\\/2017\\\/01\\\/logo-fit360.png\",\"contentUrl\":\"https:\\\/\\\/fit360.ee\\\/wp-content\\\/uploads\\\/2017\\\/01\\\/logo-fit360.png\",\"width\":180,\"height\":66,\"caption\":\"Fit360\"},\"image\":{\"@id\":\"https:\\\/\\\/fit360.ee\\\/en\\\/#\\\/schema\\\/logo\\\/image\\\/\"}}]}<\/script>\n<!-- \/ Yoast SEO plugin. -->","yoast_head_json":{"title":"Kaseiin - Real Casein (1800g) proteiinipulber - Kiire kauba tarne: 1-3 p\u00e4eva","description":"Kaseiin on aeglaselt imenduv valguallikas. Kaseiin tagab suurep\u00e4rase taastumise treeningutest. Kaseiini valgus on olematus koguses rasva ja s\u00fcsivesikuid.","robots":{"index":"index","follow":"follow","max-snippet":"max-snippet:-1","max-image-preview":"max-image-preview:large","max-video-preview":"max-video-preview:-1"},"canonical":"https:\/\/fit360.ee\/en\/pood\/product-groups\/protein-poweders-en\/casein-protein-en\/real-casein-1800g-2\/","og_locale":"en_US","og_type":"article","og_title":"Kaseiin - Real Casein (1800g) proteiinipulber - Kiire kauba tarne: 1-3 p\u00e4eva","og_description":"Kaseiin on aeglaselt imenduv valguallikas. Kaseiin tagab suurep\u00e4rase taastumise treeningutest. Kaseiini valgus on olematus koguses rasva ja s\u00fcsivesikuid.","og_url":"https:\/\/fit360.ee\/en\/pood\/product-groups\/protein-poweders-en\/casein-protein-en\/real-casein-1800g-2\/","og_site_name":"Fit360","article_modified_time":"2021-05-27T14:05:29+00:00","og_image":[{"width":600,"height":600,"url":"https:\/\/fit360.ee\/wp-content\/uploads\/2016\/07\/kaseiin-valgupulber-fit360.ee_.png","type":"image\/png"}],"twitter_card":"summary_large_image","twitter_misc":{"Est. reading time":"1 minute"},"schema":{"@context":"https:\/\/schema.org","@graph":[{"@type":"WebPage","@id":"https:\/\/fit360.ee\/en\/pood\/product-groups\/protein-poweders-en\/casein-protein-en\/real-casein-1800g-2\/","url":"https:\/\/fit360.ee\/en\/pood\/product-groups\/protein-poweders-en\/casein-protein-en\/real-casein-1800g-2\/","name":"Kaseiin - Real Casein (1800g) proteiinipulber - Kiire kauba tarne: 1-3 p\u00e4eva","isPartOf":{"@id":"https:\/\/fit360.ee\/en\/#website"},"primaryImageOfPage":{"@id":"https:\/\/fit360.ee\/en\/pood\/product-groups\/protein-poweders-en\/casein-protein-en\/real-casein-1800g-2\/#primaryimage"},"image":{"@id":"https:\/\/fit360.ee\/en\/pood\/product-groups\/protein-poweders-en\/casein-protein-en\/real-casein-1800g-2\/#primaryimage"},"thumbnailUrl":"https:\/\/fit360.ee\/wp-content\/uploads\/2016\/07\/kaseiin-valgupulber-fit360.ee_.png","datePublished":"2016-07-11T12:11:55+00:00","dateModified":"2021-05-27T14:05:29+00:00","description":"Kaseiin on aeglaselt imenduv valguallikas. Kaseiin tagab suurep\u00e4rase taastumise treeningutest. Kaseiini valgus on olematus koguses rasva ja s\u00fcsivesikuid.","breadcrumb":{"@id":"https:\/\/fit360.ee\/en\/pood\/product-groups\/protein-poweders-en\/casein-protein-en\/real-casein-1800g-2\/#breadcrumb"},"inLanguage":"en-US","potentialAction":[{"@type":"ReadAction","target":["https:\/\/fit360.ee\/en\/pood\/product-groups\/protein-poweders-en\/casein-protein-en\/real-casein-1800g-2\/"]}]},{"@type":"ImageObject","inLanguage":"en-US","@id":"https:\/\/fit360.ee\/en\/pood\/product-groups\/protein-poweders-en\/casein-protein-en\/real-casein-1800g-2\/#primaryimage","url":"https:\/\/fit360.ee\/wp-content\/uploads\/2016\/07\/kaseiin-valgupulber-fit360.ee_.png","contentUrl":"https:\/\/fit360.ee\/wp-content\/uploads\/2016\/07\/kaseiin-valgupulber-fit360.ee_.png","width":600,"height":600,"caption":"kaseiin valgupulber - fit360.ee"},{"@type":"BreadcrumbList","@id":"https:\/\/fit360.ee\/en\/pood\/product-groups\/protein-poweders-en\/casein-protein-en\/real-casein-1800g-2\/#breadcrumb","itemListElement":[{"@type":"ListItem","position":1,"name":"Home","item":"https:\/\/fit360.ee\/en\/"},{"@type":"ListItem","position":2,"name":"Shop","item":"https:\/\/fit360.ee\/en\/shop\/"},{"@type":"ListItem","position":3,"name":"Real Casein (1800g)"}]},{"@type":"WebSite","@id":"https:\/\/fit360.ee\/en\/#website","url":"https:\/\/fit360.ee\/en\/","name":"Fit360","description":"","publisher":{"@id":"https:\/\/fit360.ee\/en\/#organization"},"potentialAction":[{"@type":"SearchAction","target":{"@type":"EntryPoint","urlTemplate":"https:\/\/fit360.ee\/en\/?s={search_term_string}"},"query-input":{"@type":"PropertyValueSpecification","valueRequired":true,"valueName":"search_term_string"}}],"inLanguage":"en-US"},{"@type":"Organization","@id":"https:\/\/fit360.ee\/en\/#organization","name":"Fit360","url":"https:\/\/fit360.ee\/en\/","logo":{"@type":"ImageObject","inLanguage":"en-US","@id":"https:\/\/fit360.ee\/en\/#\/schema\/logo\/image\/","url":"https:\/\/fit360.ee\/wp-content\/uploads\/2017\/01\/logo-fit360.png","contentUrl":"https:\/\/fit360.ee\/wp-content\/uploads\/2017\/01\/logo-fit360.png","width":180,"height":66,"caption":"Fit360"},"image":{"@id":"https:\/\/fit360.ee\/en\/#\/schema\/logo\/image\/"}}]}},"_links":{"self":[{"href":"https:\/\/fit360.ee\/en\/wp-json\/wp\/v2\/product\/9251","targetHints":{"allow":["GET"]}}],"collection":[{"href":"https:\/\/fit360.ee\/en\/wp-json\/wp\/v2\/product"}],"about":[{"href":"https:\/\/fit360.ee\/en\/wp-json\/wp\/v2\/types\/product"}],"replies":[{"embeddable":true,"href":"https:\/\/fit360.ee\/en\/wp-json\/wp\/v2\/comments?post=9251"}],"wp:featuredmedia":[{"embeddable":true,"href":"https:\/\/fit360.ee\/en\/wp-json\/wp\/v2\/media\/63919"}],"wp:attachment":[{"href":"https:\/\/fit360.ee\/en\/wp-json\/wp\/v2\/media?parent=9251"}],"wp:term":[{"taxonomy":"product_brand","embeddable":true,"href":"https:\/\/fit360.ee\/en\/wp-json\/wp\/v2\/product_brand?post=9251"},{"taxonomy":"product_cat","embeddable":true,"href":"https:\/\/fit360.ee\/en\/wp-json\/wp\/v2\/product_cat?post=9251"},{"taxonomy":"product_tag","embeddable":true,"href":"https:\/\/fit360.ee\/en\/wp-json\/wp\/v2\/product_tag?post=9251"},{"taxonomy":"giftcard-category","embeddable":true,"href":"https:\/\/fit360.ee\/en\/wp-json\/wp\/v2\/giftcard-category?post=9251"}],"curies":[{"name":"wp","href":"https:\/\/api.w.org\/{rel}","templated":true}]}}