{"id":92564,"date":"2025-11-22T16:02:55","date_gmt":"2025-11-22T14:02:55","guid":{"rendered":"https:\/\/fit360.ee\/pood\/uncategorized\/gasp-iron-tee\/"},"modified":"2026-04-11T12:12:04","modified_gmt":"2026-04-11T10:12:04","slug":"gasp-iron-tee","status":"publish","type":"product","link":"https:\/\/fit360.ee\/en\/pood\/training-equipment-en\/fitness-clothing-en\/gasp-iron-tee\/","title":{"rendered":"Gasp Iron Tee"},"content":{"rendered":"<h2><strong>Gasp Iron Tee<\/strong><\/h2>\n<p data-start=\"109\" data-end=\"497\"><strong data-start=\"109\" data-end=\"126\">GASP Iron Tee<\/strong> on treenijate seas hinnatud valik, kui eesm\u00e4rk on kanda vastupidavat ja mugavat T-s\u00e4rki, mis sobib nii j\u00f5usaali kui igap\u00e4evaseks kasutamiseks. Br\u00e4ndi stiil on julgelt maskuliinne ja keskendub kvaliteedile, mis peab vastu ka k\u00f5ige intensiivsematele treeningutele. Materjal on tavaliselt paks, kuid samas hingav, tagades maksimaalse mugavuse ka pikkade treeningute ajal.<\/p>\n<p data-start=\"499\" data-end=\"751\">Seda t\u00fc\u00fcpi s\u00e4rk on loodud neile, kes hindavad funktsionaalsust, t\u00f6\u00f6kindlust ja klassikalist j\u00f5usaaliesteetikat. <strong data-start=\"611\" data-end=\"628\">GASP Iron Tee<\/strong> mudelid paistavad silma laia l\u00f5ikega, mis tagab hea liikumisvabaduse ning sobivuse ka suurema lihasmassiga sportlastele.<\/p>\n<p data-start=\"753\" data-end=\"978\">Kui otsid s\u00e4rki, mis peab vastu pesemisele, venib \u00f5iges suunas ja n\u00e4eb aastaid hea v\u00e4lja, siis <strong data-start=\"848\" data-end=\"865\">gasp iron tee<\/strong> on kindel valik. Lisaks sobib see h\u00e4sti ka br\u00e4ndi austajatele, kes eelistavad robustset ja autentset v\u00e4limust.<\/p>\n<h4 data-start=\"980\" data-end=\"1001\"><strong data-start=\"980\" data-end=\"1001\">Peamised eelised:<\/strong><\/h4>\n<ul>\n<li data-start=\"1004\" data-end=\"1040\">Vastupidav ja kvaliteetne materjal<\/li>\n<li data-start=\"1004\" data-end=\"1040\">Mugav ja hingav l\u00f5ige<\/li>\n<li data-start=\"1004\" data-end=\"1040\">Sobib intensiivseteks treeninguteks<\/li>\n<li data-start=\"1004\" data-end=\"1040\">Ajatu j\u00f5usaalistiiliga disain<\/li>\n<li data-start=\"1004\" data-end=\"1040\">Suur liikuvusruum ja hea istuvus<\/li>\n<\/ul>\n<p data-start=\"1179\" data-end=\"1323\" data-is-last-node=\"\" data-is-only-node=\"\">Kokkuv\u00f5ttes on<strong data-start=\"1194\" data-end=\"1211\">\u00a0Iron Tee<\/strong> ideaalne neile, kes hindavad tugevust, mugavust ja pikaajalist kasutuskindlust nii treeningutel kui vabal ajal.<\/p>\n<p><span dir=\"auto\">GASP s\u00fcmboliseerib julgust ja silmapaistvust, t\u00f6\u00f6tades samal ajal k\u00f5vasti varjus. See \u00fclisuur T-s\u00e4rk on selle 100% n\u00e4ide. Tugev puuvill ja kulunud muster annavad T-s\u00e4rgile autentse GASP-tunde. Kanna seda j\u00f5usaalis v\u00f5i vabaaja GASP-i ilme saavutamiseks teksadega.<\/span><\/p>\n<p><strong><span dir=\"auto\">Istutus:\u202f<\/span><\/strong><span dir=\"auto\">\u00a0\u00dclisuur<\/span><br \/>\n<strong><span dir=\"auto\">Pikkus:<\/span><\/strong><span dir=\"auto\">\u00a0Tavaline<\/span><br \/>\n<strong><span dir=\"auto\">Materjal:\u202f<\/span><\/strong><span dir=\"auto\">\u00a0\u00dchev\u00e4rvilised kirjud BCI puuvillaga, melan\u017e tavalise puuvillaga, \u00dchev\u00e4rviline: 100% puuvill, melan\u017e: 88% puuvill, 12% pol\u00fcester<\/span><br \/>\n<strong><span dir=\"auto\">Omadused:<\/span><\/strong><span dir=\"auto\">\u00a0\u202f\u202fKerge pesu pehmema tunde saavutamiseks, Keskkonnas\u00f5bralik ja j\u00e4tkusuutlik puuvill<\/span><\/p>\n<p>Vaata ka meie teisi Treeningriideid <a href=\"https:\/\/fit360.ee\/en\/product-category\/training-equipment-en\/fitness-clothing-en\/\"><strong>SIIT<\/strong><\/a>!<\/p>\n","protected":false},"excerpt":{"rendered":"<ul>\n<li data-start=\"1004\" data-end=\"1040\">Vastupidav ja kvaliteetne materjal<\/li>\n<li data-start=\"1004\" data-end=\"1040\">Mugav ja hingav l\u00f5ige<\/li>\n<li data-start=\"1004\" data-end=\"1040\">Sobib intensiivseteks treeninguteks<\/li>\n<li data-start=\"1004\" data-end=\"1040\">Ajatu j\u00f5usaalistiiliga disain<\/li>\n<li data-start=\"1004\" data-end=\"1040\">Suur liikuvusruum ja hea istuvus<\/li>\n<\/ul>\n","protected":false},"featured_media":92565,"comment_status":"open","ping_status":"closed","template":"","meta":[],"product_brand":[],"product_cat":[547,538],"product_tag":[2515,6358,6359],"giftcard-category":[],"class_list":{"0":"post-92564","1":"product","2":"type-product","3":"status-publish","4":"has-post-thumbnail","6":"product_cat-fitness-clothing-en","7":"product_cat-training-equipment-en","8":"product_tag-gasp-en","9":"product_tag-gasp-iron-tee","10":"product_tag-iron-tee","11":"pa_brand-gasp-en","12":"pa_riidetuup-t-shirt","13":"pa_sugu-for-men","14":"pa_suurus-3xl","15":"pa_suurus-l","16":"pa_suurus-m","17":"pa_suurus-xl","18":"pa_suurus-xxl","19":"pa_varustus-clothes","20":"pa_varvus-black","21":"pa_varvus-gray","22":"pa_varvus-iron-en","23":"pa_varvus-red","25":"first","26":"instock","27":"sale","28":"taxable","29":"shipping-taxable","30":"purchasable","31":"product-type-variable"},"yoast_head":"<!-- This site is optimized with the Yoast SEO plugin v27.3 - https:\/\/yoast.com\/product\/yoast-seo-wordpress\/ -->\n<title>Gasp Iron Tee - Oversized T-s\u00e4rk - Kiire Tarne - Parim Hind - Fit360<\/title>\n<meta name=\"description\" content=\"GASP Iron Tee on treenijate seas hinnatud valik, kui eesm\u00e4rk on kanda vastupidavat ja mugavat T-s\u00e4rki, mis sobib nii j\u00f5usaali kui igap\u00e4evaseks kasuta...\" \/>\n<meta name=\"robots\" content=\"index, follow, max-snippet:-1, max-image-preview:large, max-video-preview:-1\" \/>\n<link rel=\"canonical\" href=\"https:\/\/fit360.ee\/en\/pood\/training-equipment-en\/fitness-clothing-en\/gasp-iron-tee\/\" \/>\n<meta property=\"og:locale\" content=\"en_US\" \/>\n<meta property=\"og:type\" content=\"article\" \/>\n<meta property=\"og:title\" content=\"Gasp Iron Tee - Oversized T-s\u00e4rk - Kiire Tarne - Parim Hind - Fit360\" \/>\n<meta property=\"og:description\" content=\"GASP Iron Tee on treenijate seas hinnatud valik, kui eesm\u00e4rk on kanda vastupidavat ja mugavat T-s\u00e4rki, mis sobib nii j\u00f5usaali kui igap\u00e4evaseks kasuta...\" \/>\n<meta property=\"og:url\" content=\"https:\/\/fit360.ee\/en\/pood\/training-equipment-en\/fitness-clothing-en\/gasp-iron-tee\/\" \/>\n<meta property=\"og:site_name\" content=\"Fit360\" \/>\n<meta property=\"article:modified_time\" content=\"2026-04-11T10:12:04+00:00\" \/>\n<meta property=\"og:image\" content=\"https:\/\/fit360.ee\/wp-content\/uploads\/2025\/11\/gasp-iron-tee-must-fit360.ee-1.png\" \/>\n\t<meta property=\"og:image:width\" content=\"1000\" \/>\n\t<meta property=\"og:image:height\" content=\"1000\" \/>\n\t<meta property=\"og:image:type\" content=\"image\/png\" \/>\n<meta name=\"twitter:card\" content=\"summary_large_image\" \/>\n<meta name=\"twitter:label1\" content=\"Est. reading time\" \/>\n\t<meta name=\"twitter:data1\" content=\"2 minutes\" \/>\n<script type=\"application\/ld+json\" class=\"yoast-schema-graph\">{\"@context\":\"https:\\\/\\\/schema.org\",\"@graph\":[{\"@type\":\"WebPage\",\"@id\":\"https:\\\/\\\/fit360.ee\\\/en\\\/pood\\\/training-equipment-en\\\/fitness-clothing-en\\\/gasp-iron-tee\\\/\",\"url\":\"https:\\\/\\\/fit360.ee\\\/en\\\/pood\\\/training-equipment-en\\\/fitness-clothing-en\\\/gasp-iron-tee\\\/\",\"name\":\"Gasp Iron Tee - Oversized T-s\u00e4rk - Kiire Tarne - Parim Hind - Fit360\",\"isPartOf\":{\"@id\":\"https:\\\/\\\/fit360.ee\\\/en\\\/#website\"},\"primaryImageOfPage\":{\"@id\":\"https:\\\/\\\/fit360.ee\\\/en\\\/pood\\\/training-equipment-en\\\/fitness-clothing-en\\\/gasp-iron-tee\\\/#primaryimage\"},\"image\":{\"@id\":\"https:\\\/\\\/fit360.ee\\\/en\\\/pood\\\/training-equipment-en\\\/fitness-clothing-en\\\/gasp-iron-tee\\\/#primaryimage\"},\"thumbnailUrl\":\"https:\\\/\\\/fit360.ee\\\/wp-content\\\/uploads\\\/2025\\\/11\\\/gasp-iron-tee-must-fit360.ee-1.png\",\"datePublished\":\"2025-11-22T14:02:55+00:00\",\"dateModified\":\"2026-04-11T10:12:04+00:00\",\"description\":\"GASP Iron Tee on treenijate seas hinnatud valik, kui eesm\u00e4rk on kanda vastupidavat ja mugavat T-s\u00e4rki, mis sobib nii j\u00f5usaali kui igap\u00e4evaseks kasuta...\",\"breadcrumb\":{\"@id\":\"https:\\\/\\\/fit360.ee\\\/en\\\/pood\\\/training-equipment-en\\\/fitness-clothing-en\\\/gasp-iron-tee\\\/#breadcrumb\"},\"inLanguage\":\"en-US\",\"potentialAction\":[{\"@type\":\"ReadAction\",\"target\":[\"https:\\\/\\\/fit360.ee\\\/en\\\/pood\\\/training-equipment-en\\\/fitness-clothing-en\\\/gasp-iron-tee\\\/\"]}]},{\"@type\":\"ImageObject\",\"inLanguage\":\"en-US\",\"@id\":\"https:\\\/\\\/fit360.ee\\\/en\\\/pood\\\/training-equipment-en\\\/fitness-clothing-en\\\/gasp-iron-tee\\\/#primaryimage\",\"url\":\"https:\\\/\\\/fit360.ee\\\/wp-content\\\/uploads\\\/2025\\\/11\\\/gasp-iron-tee-must-fit360.ee-1.png\",\"contentUrl\":\"https:\\\/\\\/fit360.ee\\\/wp-content\\\/uploads\\\/2025\\\/11\\\/gasp-iron-tee-must-fit360.ee-1.png\",\"width\":1000,\"height\":1000,\"caption\":\"gasp iron tee must - fit360.ee\"},{\"@type\":\"BreadcrumbList\",\"@id\":\"https:\\\/\\\/fit360.ee\\\/en\\\/pood\\\/training-equipment-en\\\/fitness-clothing-en\\\/gasp-iron-tee\\\/#breadcrumb\",\"itemListElement\":[{\"@type\":\"ListItem\",\"position\":1,\"name\":\"Home\",\"item\":\"https:\\\/\\\/fit360.ee\\\/en\\\/\"},{\"@type\":\"ListItem\",\"position\":2,\"name\":\"Shop\",\"item\":\"https:\\\/\\\/fit360.ee\\\/en\\\/shop\\\/\"},{\"@type\":\"ListItem\",\"position\":3,\"name\":\"Gasp Iron Tee\"}]},{\"@type\":\"WebSite\",\"@id\":\"https:\\\/\\\/fit360.ee\\\/en\\\/#website\",\"url\":\"https:\\\/\\\/fit360.ee\\\/en\\\/\",\"name\":\"Fit360\",\"description\":\"\",\"publisher\":{\"@id\":\"https:\\\/\\\/fit360.ee\\\/en\\\/#organization\"},\"potentialAction\":[{\"@type\":\"SearchAction\",\"target\":{\"@type\":\"EntryPoint\",\"urlTemplate\":\"https:\\\/\\\/fit360.ee\\\/en\\\/?s={search_term_string}\"},\"query-input\":{\"@type\":\"PropertyValueSpecification\",\"valueRequired\":true,\"valueName\":\"search_term_string\"}}],\"inLanguage\":\"en-US\"},{\"@type\":\"Organization\",\"@id\":\"https:\\\/\\\/fit360.ee\\\/en\\\/#organization\",\"name\":\"Fit360\",\"url\":\"https:\\\/\\\/fit360.ee\\\/en\\\/\",\"logo\":{\"@type\":\"ImageObject\",\"inLanguage\":\"en-US\",\"@id\":\"https:\\\/\\\/fit360.ee\\\/en\\\/#\\\/schema\\\/logo\\\/image\\\/\",\"url\":\"https:\\\/\\\/fit360.ee\\\/wp-content\\\/uploads\\\/2017\\\/01\\\/logo-fit360.png\",\"contentUrl\":\"https:\\\/\\\/fit360.ee\\\/wp-content\\\/uploads\\\/2017\\\/01\\\/logo-fit360.png\",\"width\":180,\"height\":66,\"caption\":\"Fit360\"},\"image\":{\"@id\":\"https:\\\/\\\/fit360.ee\\\/en\\\/#\\\/schema\\\/logo\\\/image\\\/\"}}]}<\/script>\n<!-- \/ Yoast SEO plugin. -->","yoast_head_json":{"title":"Gasp Iron Tee - Oversized T-s\u00e4rk - Kiire Tarne - Parim Hind - Fit360","description":"GASP Iron Tee on treenijate seas hinnatud valik, kui eesm\u00e4rk on kanda vastupidavat ja mugavat T-s\u00e4rki, mis sobib nii j\u00f5usaali kui igap\u00e4evaseks kasuta...","robots":{"index":"index","follow":"follow","max-snippet":"max-snippet:-1","max-image-preview":"max-image-preview:large","max-video-preview":"max-video-preview:-1"},"canonical":"https:\/\/fit360.ee\/en\/pood\/training-equipment-en\/fitness-clothing-en\/gasp-iron-tee\/","og_locale":"en_US","og_type":"article","og_title":"Gasp Iron Tee - Oversized T-s\u00e4rk - Kiire Tarne - Parim Hind - Fit360","og_description":"GASP Iron Tee on treenijate seas hinnatud valik, kui eesm\u00e4rk on kanda vastupidavat ja mugavat T-s\u00e4rki, mis sobib nii j\u00f5usaali kui igap\u00e4evaseks kasuta...","og_url":"https:\/\/fit360.ee\/en\/pood\/training-equipment-en\/fitness-clothing-en\/gasp-iron-tee\/","og_site_name":"Fit360","article_modified_time":"2026-04-11T10:12:04+00:00","og_image":[{"width":1000,"height":1000,"url":"https:\/\/fit360.ee\/wp-content\/uploads\/2025\/11\/gasp-iron-tee-must-fit360.ee-1.png","type":"image\/png"}],"twitter_card":"summary_large_image","twitter_misc":{"Est. reading time":"2 minutes"},"schema":{"@context":"https:\/\/schema.org","@graph":[{"@type":"WebPage","@id":"https:\/\/fit360.ee\/en\/pood\/training-equipment-en\/fitness-clothing-en\/gasp-iron-tee\/","url":"https:\/\/fit360.ee\/en\/pood\/training-equipment-en\/fitness-clothing-en\/gasp-iron-tee\/","name":"Gasp Iron Tee - Oversized T-s\u00e4rk - Kiire Tarne - Parim Hind - Fit360","isPartOf":{"@id":"https:\/\/fit360.ee\/en\/#website"},"primaryImageOfPage":{"@id":"https:\/\/fit360.ee\/en\/pood\/training-equipment-en\/fitness-clothing-en\/gasp-iron-tee\/#primaryimage"},"image":{"@id":"https:\/\/fit360.ee\/en\/pood\/training-equipment-en\/fitness-clothing-en\/gasp-iron-tee\/#primaryimage"},"thumbnailUrl":"https:\/\/fit360.ee\/wp-content\/uploads\/2025\/11\/gasp-iron-tee-must-fit360.ee-1.png","datePublished":"2025-11-22T14:02:55+00:00","dateModified":"2026-04-11T10:12:04+00:00","description":"GASP Iron Tee on treenijate seas hinnatud valik, kui eesm\u00e4rk on kanda vastupidavat ja mugavat T-s\u00e4rki, mis sobib nii j\u00f5usaali kui igap\u00e4evaseks kasuta...","breadcrumb":{"@id":"https:\/\/fit360.ee\/en\/pood\/training-equipment-en\/fitness-clothing-en\/gasp-iron-tee\/#breadcrumb"},"inLanguage":"en-US","potentialAction":[{"@type":"ReadAction","target":["https:\/\/fit360.ee\/en\/pood\/training-equipment-en\/fitness-clothing-en\/gasp-iron-tee\/"]}]},{"@type":"ImageObject","inLanguage":"en-US","@id":"https:\/\/fit360.ee\/en\/pood\/training-equipment-en\/fitness-clothing-en\/gasp-iron-tee\/#primaryimage","url":"https:\/\/fit360.ee\/wp-content\/uploads\/2025\/11\/gasp-iron-tee-must-fit360.ee-1.png","contentUrl":"https:\/\/fit360.ee\/wp-content\/uploads\/2025\/11\/gasp-iron-tee-must-fit360.ee-1.png","width":1000,"height":1000,"caption":"gasp iron tee must - fit360.ee"},{"@type":"BreadcrumbList","@id":"https:\/\/fit360.ee\/en\/pood\/training-equipment-en\/fitness-clothing-en\/gasp-iron-tee\/#breadcrumb","itemListElement":[{"@type":"ListItem","position":1,"name":"Home","item":"https:\/\/fit360.ee\/en\/"},{"@type":"ListItem","position":2,"name":"Shop","item":"https:\/\/fit360.ee\/en\/shop\/"},{"@type":"ListItem","position":3,"name":"Gasp Iron Tee"}]},{"@type":"WebSite","@id":"https:\/\/fit360.ee\/en\/#website","url":"https:\/\/fit360.ee\/en\/","name":"Fit360","description":"","publisher":{"@id":"https:\/\/fit360.ee\/en\/#organization"},"potentialAction":[{"@type":"SearchAction","target":{"@type":"EntryPoint","urlTemplate":"https:\/\/fit360.ee\/en\/?s={search_term_string}"},"query-input":{"@type":"PropertyValueSpecification","valueRequired":true,"valueName":"search_term_string"}}],"inLanguage":"en-US"},{"@type":"Organization","@id":"https:\/\/fit360.ee\/en\/#organization","name":"Fit360","url":"https:\/\/fit360.ee\/en\/","logo":{"@type":"ImageObject","inLanguage":"en-US","@id":"https:\/\/fit360.ee\/en\/#\/schema\/logo\/image\/","url":"https:\/\/fit360.ee\/wp-content\/uploads\/2017\/01\/logo-fit360.png","contentUrl":"https:\/\/fit360.ee\/wp-content\/uploads\/2017\/01\/logo-fit360.png","width":180,"height":66,"caption":"Fit360"},"image":{"@id":"https:\/\/fit360.ee\/en\/#\/schema\/logo\/image\/"}}]}},"_links":{"self":[{"href":"https:\/\/fit360.ee\/en\/wp-json\/wp\/v2\/product\/92564","targetHints":{"allow":["GET"]}}],"collection":[{"href":"https:\/\/fit360.ee\/en\/wp-json\/wp\/v2\/product"}],"about":[{"href":"https:\/\/fit360.ee\/en\/wp-json\/wp\/v2\/types\/product"}],"replies":[{"embeddable":true,"href":"https:\/\/fit360.ee\/en\/wp-json\/wp\/v2\/comments?post=92564"}],"wp:featuredmedia":[{"embeddable":true,"href":"https:\/\/fit360.ee\/en\/wp-json\/wp\/v2\/media\/92565"}],"wp:attachment":[{"href":"https:\/\/fit360.ee\/en\/wp-json\/wp\/v2\/media?parent=92564"}],"wp:term":[{"taxonomy":"product_brand","embeddable":true,"href":"https:\/\/fit360.ee\/en\/wp-json\/wp\/v2\/product_brand?post=92564"},{"taxonomy":"product_cat","embeddable":true,"href":"https:\/\/fit360.ee\/en\/wp-json\/wp\/v2\/product_cat?post=92564"},{"taxonomy":"product_tag","embeddable":true,"href":"https:\/\/fit360.ee\/en\/wp-json\/wp\/v2\/product_tag?post=92564"},{"taxonomy":"giftcard-category","embeddable":true,"href":"https:\/\/fit360.ee\/en\/wp-json\/wp\/v2\/giftcard-category?post=92564"}],"curies":[{"name":"wp","href":"https:\/\/api.w.org\/{rel}","templated":true}]}}