{"id":9260,"date":"2016-07-11T17:00:32","date_gmt":"2016-07-11T15:00:32","guid":{"rendered":"https:\/\/fit360.ee\/shop\/maaratlemata\/real-whey-2250g-2\/"},"modified":"2025-08-02T11:55:05","modified_gmt":"2025-08-02T09:55:05","slug":"real-whey-2250g-2","status":"publish","type":"product","link":"https:\/\/fit360.ee\/en\/pood\/product-groups\/protein-poweders-en\/whey-protein-en\/real-whey-2250g-2\/","title":{"rendered":"Real Whey (2250g)"},"content":{"rendered":"<p><strong>Ingredients<\/strong>: whey protein concentrate, cocoa (chocolate flavor), aroma, citric acid (strawberry flavoured), carboxymethyl cellulose (thickening agent), sucralose (sweetner), colourings: Beet juice concentrate, beta-Carotene, Caramel E 150c, riboflavin E101 &#8211; depending on the flavour. Contains sweetner.<\/p>\n<p><strong>Directions for use<\/strong>: dissolve 1 serving of the product in 200-300ml water or skimmed milk. Take up to 3 times a day.<\/p>\n<p><strong>Package contents<\/strong>: 700g\/2000g\/2250g &#8211; 23\/66\/75 servings<\/p>\n<table style=\"width: 551.983px;\">\n<tbody>\n<tr style=\"height: 19.0903px;\">\n<td style=\"width: 205px; height: 19.0903px;\"><strong>Nutrition Value<\/strong><\/td>\n<td style=\"width: 197px; height: 19.0903px;\"><strong>100g<\/strong><\/td>\n<td style=\"width: 151.983px; height: 19.0903px;\"><strong>30g<\/strong><\/td>\n<\/tr>\n<tr style=\"height: 44px;\">\n<td style=\"width: 205px; height: 44px;\">Energy<\/td>\n<td style=\"width: 197px; height: 44px;\">382,50 kcal\/1601 KJ<\/td>\n<td style=\"width: 151.983px; height: 44px;\">115 kcal\/480 KJ<\/td>\n<\/tr>\n<tr style=\"height: 21px;\">\n<td style=\"width: 205px; height: 21px;\">Fat<\/td>\n<td style=\"width: 197px; height: 21px;\">5,7g<\/td>\n<td style=\"width: 151.983px; height: 21px;\">1,71g<\/td>\n<\/tr>\n<tr style=\"height: 21px;\">\n<td style=\"width: 205px; height: 21px;\">of which saturates<\/td>\n<td style=\"width: 197px; height: 21px;\">2,1g<\/td>\n<td style=\"width: 151.983px; height: 21px;\">0,63g<\/td>\n<\/tr>\n<tr style=\"height: 21px;\">\n<td style=\"width: 205px; height: 21px;\">Carbohydrates<\/td>\n<td style=\"width: 197px; height: 21px;\">4,8g<\/td>\n<td style=\"width: 151.983px; height: 21px;\">1,44g<\/td>\n<\/tr>\n<tr style=\"height: 21px;\">\n<td style=\"width: 205px; height: 21px;\">of which sugars<\/td>\n<td style=\"width: 197px; height: 21px;\">4,8g<\/td>\n<td style=\"width: 151.983px; height: 21px;\">1,44g<\/td>\n<\/tr>\n<tr style=\"height: 21px;\">\n<td style=\"width: 205px; height: 21px;\">Fibre<\/td>\n<td style=\"width: 197px; height: 21px;\">0,8g<\/td>\n<td style=\"width: 151.983px; height: 21px;\">0,24g<\/td>\n<\/tr>\n<tr style=\"height: 21px;\">\n<td style=\"width: 205px; height: 21px;\">Protein<\/td>\n<td style=\"width: 197px; height: 21px;\">78g<\/td>\n<td style=\"width: 151.983px; height: 21px;\">23,4g<\/td>\n<\/tr>\n<tr style=\"height: 21px;\">\n<td style=\"width: 205px; height: 21px;\">Salt<\/td>\n<td style=\"width: 197px; height: 21px;\">0,5g<\/td>\n<td style=\"width: 151.983px; height: 21px;\">0,15g<\/td>\n<\/tr>\n<\/tbody>\n<\/table>\n<p><strong>Chocolate<\/strong><\/p>\n<table style=\"height: 328px; width: 541px;\">\n<tbody>\n<tr>\n<td style=\"width: 237px;\"><strong>Nutrition Value<\/strong><\/td>\n<td style=\"width: 154.285px;\"><strong>100g<\/strong><\/td>\n<td style=\"width: 133.715px;\"><strong>30g<\/strong><\/td>\n<\/tr>\n<tr>\n<td style=\"width: 237px;\">Energy<\/td>\n<td style=\"width: 154.285px;\">374,5 kcal\/1568 KJ<\/td>\n<td style=\"width: 133.715px;\">112 kcal\/470 KJ<\/td>\n<\/tr>\n<tr>\n<td style=\"width: 237px;\">Fat<\/td>\n<td style=\"width: 154.285px;\">6,5g<\/td>\n<td style=\"width: 133.715px;\">1,95g<\/td>\n<\/tr>\n<tr>\n<td style=\"width: 237px;\">of which saturates<\/td>\n<td style=\"width: 154.285px;\">2,2g<\/td>\n<td style=\"width: 133.715px;\">0,66g<\/td>\n<\/tr>\n<tr>\n<td style=\"width: 237px;\">Carbohydrates<\/td>\n<td style=\"width: 154.285px;\">7g<\/td>\n<td style=\"width: 133.715px;\">2,1g<\/td>\n<\/tr>\n<tr>\n<td style=\"width: 237px;\">of which sugars<\/td>\n<td style=\"width: 154.285px;\">4g<\/td>\n<td style=\"width: 133.715px;\">1,2g<\/td>\n<\/tr>\n<tr>\n<td style=\"width: 237px;\">Fibre<\/td>\n<td style=\"width: 154.285px;\">1,6g<\/td>\n<td style=\"width: 133.715px;\">0,48g<\/td>\n<\/tr>\n<tr>\n<td style=\"width: 237px;\">Protein<\/td>\n<td style=\"width: 154.285px;\">72g<\/td>\n<td style=\"width: 133.715px;\">21,6g<\/td>\n<\/tr>\n<tr>\n<td style=\"width: 237px;\">Salt<\/td>\n<td style=\"width: 154.285px;\">0,5g<\/td>\n<td style=\"width: 133.715px;\">0,15g<\/td>\n<\/tr>\n<\/tbody>\n<\/table>\n","protected":false},"excerpt":{"rendered":"<p><strong>Real Whey:<\/strong><\/p>\n<ul>\n<li>Very high quality whey protein<\/li>\n<li>Rich in Amino Acids\/BCAA<\/li>\n<li>Containing only trace amounts of carbohydrates and fat<\/li>\n<li>Consume up to 3 times a day<\/li>\n<\/ul>\n<p><strong>Real Whey<\/strong>\u00a0 is a premium grade protein supplement, based on highest quality instant form whey protein, which is rarely seen on the market.<\/p>\n<p>The product is intended mainly for those interested in building up pure muscle mass and improving their strength results.<\/p>\n<p>Containing only trace amounts of carbohydrates and fat, it is perfect also for those who wish to lose excess weight. It supports anti-catabolic reactions, thus protecting muscle tissue.<\/p>\n<p><strong>Real Whey<\/strong> has a very rich aminogram, including increased BCAA concentration and glutamine. Its rich amino acid profile is precisely described on the package, so that we can fully understand the functionality of this supplement. The supplement is available in multiple flavors \u2013 everyone will find something for themselves.<\/p>\n","protected":false},"featured_media":63917,"comment_status":"open","ping_status":"closed","template":"","meta":[],"product_brand":[],"product_cat":[535,515,531,2420],"product_tag":[1668,1670,3718],"giftcard-category":[],"class_list":{"0":"post-9260","1":"product","2":"type-product","3":"status-publish","4":"has-post-thumbnail","6":"product_cat-protein-poweders-en","7":"product_cat-real-pharm","8":"product_cat-recovery-post-workout-en","9":"product_cat-whey-protein-en","10":"product_tag-proteiinipulber-en","11":"product_tag-valgupulber-en","12":"product_tag-whey-protein-en","13":"pa_maitse-banana","14":"pa_maitse-caramel","15":"pa_maitse-chocolate","16":"pa_maitse-chocolate-peanut","17":"pa_maitse-cookie","18":"pa_maitse-maasikajaatis-en","19":"pa_maitse-peanut-butter-en-2","20":"pa_maitse-soolakaramell-en","21":"pa_maitse-strawberry","22":"pa_maitse-vanilli","23":"pa_maitse-vanilli-almond","24":"pa_maitse-white-chocolate-coconut","26":"first","27":"instock","28":"sale","29":"taxable","30":"shipping-taxable","31":"purchasable","32":"product-type-variable"},"yoast_head":"<!-- This site is optimized with the Yoast SEO plugin v27.3 - https:\/\/yoast.com\/product\/yoast-seo-wordpress\/ -->\n<title>Real Whey Protein (2250g) - Valgupulber - Proteiinipulber - Fit360<\/title>\n<meta name=\"description\" content=\"Real Whey Protein on suurep\u00e4rase lahustuvuse ja maitsega proteiinipulber. V\u00e4ga k\u00f5rge aminohappe profilliga. \u00dclikiire kauba tarne: 1-3 p\u00e4eva.\" \/>\n<meta name=\"robots\" content=\"index, follow, max-snippet:-1, max-image-preview:large, max-video-preview:-1\" \/>\n<link rel=\"canonical\" href=\"https:\/\/fit360.ee\/en\/pood\/product-groups\/protein-poweders-en\/whey-protein-en\/real-whey-2250g-2\/\" \/>\n<meta property=\"og:locale\" content=\"en_US\" \/>\n<meta property=\"og:type\" content=\"article\" \/>\n<meta property=\"og:title\" content=\"Real Whey Protein (2250g) - Valgupulber - Proteiinipulber - Fit360\" \/>\n<meta property=\"og:description\" content=\"Real Whey Protein on suurep\u00e4rase lahustuvuse ja maitsega proteiinipulber. V\u00e4ga k\u00f5rge aminohappe profilliga. \u00dclikiire kauba tarne: 1-3 p\u00e4eva.\" \/>\n<meta property=\"og:url\" content=\"https:\/\/fit360.ee\/en\/pood\/product-groups\/protein-poweders-en\/whey-protein-en\/real-whey-2250g-2\/\" \/>\n<meta property=\"og:site_name\" content=\"Fit360\" \/>\n<meta property=\"article:modified_time\" content=\"2025-08-02T09:55:05+00:00\" \/>\n<meta property=\"og:image\" content=\"https:\/\/fit360.ee\/wp-content\/uploads\/2016\/07\/whey-protein-valgupulber-fit360.ee_.png\" \/>\n\t<meta property=\"og:image:width\" content=\"600\" \/>\n\t<meta property=\"og:image:height\" content=\"600\" \/>\n\t<meta property=\"og:image:type\" content=\"image\/png\" \/>\n<meta name=\"twitter:card\" content=\"summary_large_image\" \/>\n<meta name=\"twitter:label1\" content=\"Est. reading time\" \/>\n\t<meta name=\"twitter:data1\" content=\"1 minute\" \/>\n<script type=\"application\/ld+json\" class=\"yoast-schema-graph\">{\"@context\":\"https:\\\/\\\/schema.org\",\"@graph\":[{\"@type\":\"WebPage\",\"@id\":\"https:\\\/\\\/fit360.ee\\\/en\\\/pood\\\/product-groups\\\/protein-poweders-en\\\/whey-protein-en\\\/real-whey-2250g-2\\\/\",\"url\":\"https:\\\/\\\/fit360.ee\\\/en\\\/pood\\\/product-groups\\\/protein-poweders-en\\\/whey-protein-en\\\/real-whey-2250g-2\\\/\",\"name\":\"Real Whey Protein (2250g) - Valgupulber - Proteiinipulber - Fit360\",\"isPartOf\":{\"@id\":\"https:\\\/\\\/fit360.ee\\\/en\\\/#website\"},\"primaryImageOfPage\":{\"@id\":\"https:\\\/\\\/fit360.ee\\\/en\\\/pood\\\/product-groups\\\/protein-poweders-en\\\/whey-protein-en\\\/real-whey-2250g-2\\\/#primaryimage\"},\"image\":{\"@id\":\"https:\\\/\\\/fit360.ee\\\/en\\\/pood\\\/product-groups\\\/protein-poweders-en\\\/whey-protein-en\\\/real-whey-2250g-2\\\/#primaryimage\"},\"thumbnailUrl\":\"https:\\\/\\\/fit360.ee\\\/wp-content\\\/uploads\\\/2016\\\/07\\\/whey-protein-valgupulber-fit360.ee_.png\",\"datePublished\":\"2016-07-11T15:00:32+00:00\",\"dateModified\":\"2025-08-02T09:55:05+00:00\",\"description\":\"Real Whey Protein on suurep\u00e4rase lahustuvuse ja maitsega proteiinipulber. V\u00e4ga k\u00f5rge aminohappe profilliga. \u00dclikiire kauba tarne: 1-3 p\u00e4eva.\",\"breadcrumb\":{\"@id\":\"https:\\\/\\\/fit360.ee\\\/en\\\/pood\\\/product-groups\\\/protein-poweders-en\\\/whey-protein-en\\\/real-whey-2250g-2\\\/#breadcrumb\"},\"inLanguage\":\"en-US\",\"potentialAction\":[{\"@type\":\"ReadAction\",\"target\":[\"https:\\\/\\\/fit360.ee\\\/en\\\/pood\\\/product-groups\\\/protein-poweders-en\\\/whey-protein-en\\\/real-whey-2250g-2\\\/\"]}]},{\"@type\":\"ImageObject\",\"inLanguage\":\"en-US\",\"@id\":\"https:\\\/\\\/fit360.ee\\\/en\\\/pood\\\/product-groups\\\/protein-poweders-en\\\/whey-protein-en\\\/real-whey-2250g-2\\\/#primaryimage\",\"url\":\"https:\\\/\\\/fit360.ee\\\/wp-content\\\/uploads\\\/2016\\\/07\\\/whey-protein-valgupulber-fit360.ee_.png\",\"contentUrl\":\"https:\\\/\\\/fit360.ee\\\/wp-content\\\/uploads\\\/2016\\\/07\\\/whey-protein-valgupulber-fit360.ee_.png\",\"width\":600,\"height\":600,\"caption\":\"whey protein valgupulber - fit360.ee\"},{\"@type\":\"BreadcrumbList\",\"@id\":\"https:\\\/\\\/fit360.ee\\\/en\\\/pood\\\/product-groups\\\/protein-poweders-en\\\/whey-protein-en\\\/real-whey-2250g-2\\\/#breadcrumb\",\"itemListElement\":[{\"@type\":\"ListItem\",\"position\":1,\"name\":\"Home\",\"item\":\"https:\\\/\\\/fit360.ee\\\/en\\\/\"},{\"@type\":\"ListItem\",\"position\":2,\"name\":\"Shop\",\"item\":\"https:\\\/\\\/fit360.ee\\\/en\\\/shop\\\/\"},{\"@type\":\"ListItem\",\"position\":3,\"name\":\"Real Whey (2250g)\"}]},{\"@type\":\"WebSite\",\"@id\":\"https:\\\/\\\/fit360.ee\\\/en\\\/#website\",\"url\":\"https:\\\/\\\/fit360.ee\\\/en\\\/\",\"name\":\"Fit360\",\"description\":\"\",\"publisher\":{\"@id\":\"https:\\\/\\\/fit360.ee\\\/en\\\/#organization\"},\"potentialAction\":[{\"@type\":\"SearchAction\",\"target\":{\"@type\":\"EntryPoint\",\"urlTemplate\":\"https:\\\/\\\/fit360.ee\\\/en\\\/?s={search_term_string}\"},\"query-input\":{\"@type\":\"PropertyValueSpecification\",\"valueRequired\":true,\"valueName\":\"search_term_string\"}}],\"inLanguage\":\"en-US\"},{\"@type\":\"Organization\",\"@id\":\"https:\\\/\\\/fit360.ee\\\/en\\\/#organization\",\"name\":\"Fit360\",\"url\":\"https:\\\/\\\/fit360.ee\\\/en\\\/\",\"logo\":{\"@type\":\"ImageObject\",\"inLanguage\":\"en-US\",\"@id\":\"https:\\\/\\\/fit360.ee\\\/en\\\/#\\\/schema\\\/logo\\\/image\\\/\",\"url\":\"https:\\\/\\\/fit360.ee\\\/wp-content\\\/uploads\\\/2017\\\/01\\\/logo-fit360.png\",\"contentUrl\":\"https:\\\/\\\/fit360.ee\\\/wp-content\\\/uploads\\\/2017\\\/01\\\/logo-fit360.png\",\"width\":180,\"height\":66,\"caption\":\"Fit360\"},\"image\":{\"@id\":\"https:\\\/\\\/fit360.ee\\\/en\\\/#\\\/schema\\\/logo\\\/image\\\/\"}}]}<\/script>\n<!-- \/ Yoast SEO plugin. -->","yoast_head_json":{"title":"Real Whey Protein (2250g) - Valgupulber - Proteiinipulber - Fit360","description":"Real Whey Protein on suurep\u00e4rase lahustuvuse ja maitsega proteiinipulber. V\u00e4ga k\u00f5rge aminohappe profilliga. \u00dclikiire kauba tarne: 1-3 p\u00e4eva.","robots":{"index":"index","follow":"follow","max-snippet":"max-snippet:-1","max-image-preview":"max-image-preview:large","max-video-preview":"max-video-preview:-1"},"canonical":"https:\/\/fit360.ee\/en\/pood\/product-groups\/protein-poweders-en\/whey-protein-en\/real-whey-2250g-2\/","og_locale":"en_US","og_type":"article","og_title":"Real Whey Protein (2250g) - Valgupulber - Proteiinipulber - Fit360","og_description":"Real Whey Protein on suurep\u00e4rase lahustuvuse ja maitsega proteiinipulber. V\u00e4ga k\u00f5rge aminohappe profilliga. \u00dclikiire kauba tarne: 1-3 p\u00e4eva.","og_url":"https:\/\/fit360.ee\/en\/pood\/product-groups\/protein-poweders-en\/whey-protein-en\/real-whey-2250g-2\/","og_site_name":"Fit360","article_modified_time":"2025-08-02T09:55:05+00:00","og_image":[{"width":600,"height":600,"url":"https:\/\/fit360.ee\/wp-content\/uploads\/2016\/07\/whey-protein-valgupulber-fit360.ee_.png","type":"image\/png"}],"twitter_card":"summary_large_image","twitter_misc":{"Est. reading time":"1 minute"},"schema":{"@context":"https:\/\/schema.org","@graph":[{"@type":"WebPage","@id":"https:\/\/fit360.ee\/en\/pood\/product-groups\/protein-poweders-en\/whey-protein-en\/real-whey-2250g-2\/","url":"https:\/\/fit360.ee\/en\/pood\/product-groups\/protein-poweders-en\/whey-protein-en\/real-whey-2250g-2\/","name":"Real Whey Protein (2250g) - Valgupulber - Proteiinipulber - Fit360","isPartOf":{"@id":"https:\/\/fit360.ee\/en\/#website"},"primaryImageOfPage":{"@id":"https:\/\/fit360.ee\/en\/pood\/product-groups\/protein-poweders-en\/whey-protein-en\/real-whey-2250g-2\/#primaryimage"},"image":{"@id":"https:\/\/fit360.ee\/en\/pood\/product-groups\/protein-poweders-en\/whey-protein-en\/real-whey-2250g-2\/#primaryimage"},"thumbnailUrl":"https:\/\/fit360.ee\/wp-content\/uploads\/2016\/07\/whey-protein-valgupulber-fit360.ee_.png","datePublished":"2016-07-11T15:00:32+00:00","dateModified":"2025-08-02T09:55:05+00:00","description":"Real Whey Protein on suurep\u00e4rase lahustuvuse ja maitsega proteiinipulber. V\u00e4ga k\u00f5rge aminohappe profilliga. \u00dclikiire kauba tarne: 1-3 p\u00e4eva.","breadcrumb":{"@id":"https:\/\/fit360.ee\/en\/pood\/product-groups\/protein-poweders-en\/whey-protein-en\/real-whey-2250g-2\/#breadcrumb"},"inLanguage":"en-US","potentialAction":[{"@type":"ReadAction","target":["https:\/\/fit360.ee\/en\/pood\/product-groups\/protein-poweders-en\/whey-protein-en\/real-whey-2250g-2\/"]}]},{"@type":"ImageObject","inLanguage":"en-US","@id":"https:\/\/fit360.ee\/en\/pood\/product-groups\/protein-poweders-en\/whey-protein-en\/real-whey-2250g-2\/#primaryimage","url":"https:\/\/fit360.ee\/wp-content\/uploads\/2016\/07\/whey-protein-valgupulber-fit360.ee_.png","contentUrl":"https:\/\/fit360.ee\/wp-content\/uploads\/2016\/07\/whey-protein-valgupulber-fit360.ee_.png","width":600,"height":600,"caption":"whey protein valgupulber - fit360.ee"},{"@type":"BreadcrumbList","@id":"https:\/\/fit360.ee\/en\/pood\/product-groups\/protein-poweders-en\/whey-protein-en\/real-whey-2250g-2\/#breadcrumb","itemListElement":[{"@type":"ListItem","position":1,"name":"Home","item":"https:\/\/fit360.ee\/en\/"},{"@type":"ListItem","position":2,"name":"Shop","item":"https:\/\/fit360.ee\/en\/shop\/"},{"@type":"ListItem","position":3,"name":"Real Whey (2250g)"}]},{"@type":"WebSite","@id":"https:\/\/fit360.ee\/en\/#website","url":"https:\/\/fit360.ee\/en\/","name":"Fit360","description":"","publisher":{"@id":"https:\/\/fit360.ee\/en\/#organization"},"potentialAction":[{"@type":"SearchAction","target":{"@type":"EntryPoint","urlTemplate":"https:\/\/fit360.ee\/en\/?s={search_term_string}"},"query-input":{"@type":"PropertyValueSpecification","valueRequired":true,"valueName":"search_term_string"}}],"inLanguage":"en-US"},{"@type":"Organization","@id":"https:\/\/fit360.ee\/en\/#organization","name":"Fit360","url":"https:\/\/fit360.ee\/en\/","logo":{"@type":"ImageObject","inLanguage":"en-US","@id":"https:\/\/fit360.ee\/en\/#\/schema\/logo\/image\/","url":"https:\/\/fit360.ee\/wp-content\/uploads\/2017\/01\/logo-fit360.png","contentUrl":"https:\/\/fit360.ee\/wp-content\/uploads\/2017\/01\/logo-fit360.png","width":180,"height":66,"caption":"Fit360"},"image":{"@id":"https:\/\/fit360.ee\/en\/#\/schema\/logo\/image\/"}}]}},"_links":{"self":[{"href":"https:\/\/fit360.ee\/en\/wp-json\/wp\/v2\/product\/9260","targetHints":{"allow":["GET"]}}],"collection":[{"href":"https:\/\/fit360.ee\/en\/wp-json\/wp\/v2\/product"}],"about":[{"href":"https:\/\/fit360.ee\/en\/wp-json\/wp\/v2\/types\/product"}],"replies":[{"embeddable":true,"href":"https:\/\/fit360.ee\/en\/wp-json\/wp\/v2\/comments?post=9260"}],"wp:featuredmedia":[{"embeddable":true,"href":"https:\/\/fit360.ee\/en\/wp-json\/wp\/v2\/media\/63917"}],"wp:attachment":[{"href":"https:\/\/fit360.ee\/en\/wp-json\/wp\/v2\/media?parent=9260"}],"wp:term":[{"taxonomy":"product_brand","embeddable":true,"href":"https:\/\/fit360.ee\/en\/wp-json\/wp\/v2\/product_brand?post=9260"},{"taxonomy":"product_cat","embeddable":true,"href":"https:\/\/fit360.ee\/en\/wp-json\/wp\/v2\/product_cat?post=9260"},{"taxonomy":"product_tag","embeddable":true,"href":"https:\/\/fit360.ee\/en\/wp-json\/wp\/v2\/product_tag?post=9260"},{"taxonomy":"giftcard-category","embeddable":true,"href":"https:\/\/fit360.ee\/en\/wp-json\/wp\/v2\/giftcard-category?post=9260"}],"curies":[{"name":"wp","href":"https:\/\/api.w.org\/{rel}","templated":true}]}}