{"id":93426,"date":"2025-12-31T11:49:59","date_gmt":"2025-12-31T09:49:59","guid":{"rendered":"https:\/\/fit360.ee\/pood\/uncategorized\/kookoshelbed-100g\/"},"modified":"2026-04-10T15:42:14","modified_gmt":"2026-04-10T13:42:14","slug":"kookoshelbed-100g","status":"publish","type":"product","link":"https:\/\/fit360.ee\/en\/pood\/product-groups\/superfoods-health-foods-en\/fiber-en\/kookoshelbed-100g\/","title":{"rendered":"Kookoshelbed (100g)"},"content":{"rendered":"<h2><strong>Kookoshelbed<\/strong><\/h2>\n<p style=\"font-weight: 400;\"><b><strong>ICONFIT kookoshelbed<\/strong><\/b>\u00a0on maitsev ja mitmek\u00fclgne lisand igasse k\u00f6\u00f6ki. Kookoshelbed pole ainult hea maitsega lisand toitudele, vaid ka oluliste toitainete allikas, mis v\u00f5ib toetada mitmek\u00fclgset toitumist.<\/p>\n<p style=\"font-weight: 400;\">Rikkalikult tervislikke rasvu ja kiudaineid sisaldavad kookoshelbed v\u00f5ivad aidata teil tunda t\u00e4isk\u00f5hutunnet, andes samal ajal ka energiat. Kookoshelbed on mitmete \u00fcldises heaolus olulist rolli m\u00e4ngivate mineraalainete, n\u00e4iteks raua ja magneesiumi, allikas. Kookoshelbeid v\u00f5ib lisada m\u00fcsli peale, k\u00fcpsetistele v\u00f5i segada smuutidesse, andes erinevatesse roogadesse juurde nii maitset kui ka toitev\u00e4\u00e4rtust. Need sobivad veganite, taimetoitlaste ja gluteenivabade toitude jaoks ning toovad p\u00f5nevat troopilist maitset teie igap\u00e4evastesse retseptidesse.<\/p>\n<p><strong>ICONFIT Kookoshelbed on k\u00f5rge kiudainesisaldusega ja suurep\u00e4rane lisand magusatele ja soolastele retseptidele.<\/strong><\/p>\n<ul>\n<li>Tervisliku kookosrasva allikas ja maitsev osa tervislikust ja mitmek\u00fclgsest toidust.<\/li>\n<li>K\u00f5rge 16,3% kasulike kiudainete sisaldus!<\/li>\n<li>Maitsev lisa smuutidele, k\u00fcpsetistele, puuviljadele v\u00f5i muudele toitudele.<\/li>\n<\/ul>\n<p style=\"font-weight: 400;\"><b><strong>KUIDAS KASUTADA:\u00a0<\/strong><\/b>Lisage m\u00fcslile, k\u00fcpsetistele, smuutidele, putrudele v\u00f5i karri toitudele.<\/p>\n<p style=\"font-weight: 400;\"><b><strong>S\u00c4ILITAMINE:\u00a0<\/strong><\/b>Hoida toatemperatuuril, kaitstuna niiskuse ja otsese p\u00e4ikesevalguse eest. Netokaal 100 g.<\/p>\n<p style=\"font-weight: 400;\"><b><strong>KOOSTISOSAD:\u00a0<\/strong><\/b>100% kookosp\u00e4hkli helbed (<em>Cocos nucifera<\/em>).<\/p>\n<p>Vaata ka meie teisi Supertoite Smuutidele <a href=\"https:\/\/fit360.ee\/en\/product-category\/product-groups\/superfood-blends-en\/\"><strong>SIIT<\/strong><\/a> v\u00f5i Kiudaineid <a href=\"https:\/\/fit360.ee\/en\/product-category\/product-groups\/superfoods-health-foods-en\/fiber-en\/\"><strong>SIIT<\/strong><\/a>!<\/p>\n<p>Soovid kaupa osta suuremas koguses? Vaata antud toodet ka meie HULGI poest\u00a0<a href=\"https:\/\/toidulisandidhulgi.ee\/tooted\/kookoshelbed-100g\/\"><strong>SIIT<\/strong><\/a>!<\/p>\n","protected":false},"excerpt":{"rendered":"<ul>\n<li>Tervisliku kookosrasva allikas ja maitsev osa tervislikust ja mitmek\u00fclgsest toidust.<\/li>\n<li>K\u00f5rge 16,3% kasulike kiudainete sisaldus!<\/li>\n<li>Maitsev lisa smuutidele, k\u00fcpsetistele, puuviljadele v\u00f5i muudele toitudele.<\/li>\n<\/ul>\n","protected":false},"featured_media":93427,"comment_status":"open","ping_status":"closed","template":"","meta":[],"product_brand":[],"product_cat":[2351,1318,1873,1454,1201],"product_tag":[1681,7440,1999],"giftcard-category":[],"class_list":{"0":"post-93426","1":"product","2":"type-product","3":"status-publish","4":"has-post-thumbnail","6":"product_cat-fiber-en","7":"product_cat-iconfit-en","8":"product_cat-superfood-blends-en","9":"product_cat-superfoods-health-foods-en","10":"product_cat-1201","11":"product_tag-iconfit-en","12":"product_tag-iconfit-kookoshelbed","13":"product_tag-kookoshelbed-en","14":"pa_kogus-100g-en","15":"pa_toidulisand-branddd-iconfit","16":"pa_tootegruppp-kiudained-en","17":"pa_tootegruppp-supertoidusegud-smuutidele-en","18":"pa_tootegruppp-supertoit-tervisetoit-en","19":"pa_tootegruppp-vegan-en","21":"first","22":"instock","23":"sale","24":"taxable","25":"shipping-taxable","26":"purchasable","27":"product-type-simple"},"yoast_head":"<!-- This site is optimized with the Yoast SEO plugin v27.3 - https:\/\/yoast.com\/product\/yoast-seo-wordpress\/ -->\n<title>Kookoshelbed (100g) - 100% Naturaalne - Parim Hind - Kiire Tarne - Fit360<\/title>\n<meta name=\"description\" content=\"ICONFIT kookoshelbed\u00a0on maitsev ja mitmek\u00fclgne lisand igasse k\u00f6\u00f6ki. Kookoshelbed pole ainult hea maitsega lisand toitudele, vaid ka oluliste toitai...\" \/>\n<meta name=\"robots\" content=\"index, follow, max-snippet:-1, max-image-preview:large, max-video-preview:-1\" \/>\n<link rel=\"canonical\" href=\"https:\/\/fit360.ee\/en\/pood\/product-groups\/superfoods-health-foods-en\/fiber-en\/kookoshelbed-100g\/\" \/>\n<meta property=\"og:locale\" content=\"en_US\" \/>\n<meta property=\"og:type\" content=\"article\" \/>\n<meta property=\"og:title\" content=\"Kookoshelbed (100g) - 100% Naturaalne - Parim Hind - Kiire Tarne - Fit360\" \/>\n<meta property=\"og:description\" content=\"ICONFIT kookoshelbed\u00a0on maitsev ja mitmek\u00fclgne lisand igasse k\u00f6\u00f6ki. Kookoshelbed pole ainult hea maitsega lisand toitudele, vaid ka oluliste toitai...\" \/>\n<meta property=\"og:url\" content=\"https:\/\/fit360.ee\/en\/pood\/product-groups\/superfoods-health-foods-en\/fiber-en\/kookoshelbed-100g\/\" \/>\n<meta property=\"og:site_name\" content=\"Fit360\" \/>\n<meta property=\"article:modified_time\" content=\"2026-04-10T13:42:14+00:00\" \/>\n<meta property=\"og:image\" content=\"https:\/\/fit360.ee\/wp-content\/uploads\/2025\/12\/iconfit-kookoshelbed-fit360.ee_.webp\" \/>\n\t<meta property=\"og:image:width\" content=\"695\" \/>\n\t<meta property=\"og:image:height\" content=\"695\" \/>\n\t<meta property=\"og:image:type\" content=\"image\/webp\" \/>\n<meta name=\"twitter:card\" content=\"summary_large_image\" \/>\n<meta name=\"twitter:label1\" content=\"Est. reading time\" \/>\n\t<meta name=\"twitter:data1\" content=\"2 minutes\" \/>\n<script type=\"application\/ld+json\" class=\"yoast-schema-graph\">{\"@context\":\"https:\\\/\\\/schema.org\",\"@graph\":[{\"@type\":\"WebPage\",\"@id\":\"https:\\\/\\\/fit360.ee\\\/en\\\/pood\\\/product-groups\\\/superfoods-health-foods-en\\\/fiber-en\\\/kookoshelbed-100g\\\/\",\"url\":\"https:\\\/\\\/fit360.ee\\\/en\\\/pood\\\/product-groups\\\/superfoods-health-foods-en\\\/fiber-en\\\/kookoshelbed-100g\\\/\",\"name\":\"Kookoshelbed (100g) - 100% Naturaalne - Parim Hind - Kiire Tarne - Fit360\",\"isPartOf\":{\"@id\":\"https:\\\/\\\/fit360.ee\\\/en\\\/#website\"},\"primaryImageOfPage\":{\"@id\":\"https:\\\/\\\/fit360.ee\\\/en\\\/pood\\\/product-groups\\\/superfoods-health-foods-en\\\/fiber-en\\\/kookoshelbed-100g\\\/#primaryimage\"},\"image\":{\"@id\":\"https:\\\/\\\/fit360.ee\\\/en\\\/pood\\\/product-groups\\\/superfoods-health-foods-en\\\/fiber-en\\\/kookoshelbed-100g\\\/#primaryimage\"},\"thumbnailUrl\":\"https:\\\/\\\/fit360.ee\\\/wp-content\\\/uploads\\\/2025\\\/12\\\/iconfit-kookoshelbed-fit360.ee_.webp\",\"datePublished\":\"2025-12-31T09:49:59+00:00\",\"dateModified\":\"2026-04-10T13:42:14+00:00\",\"description\":\"ICONFIT kookoshelbed\u00a0on maitsev ja mitmek\u00fclgne lisand igasse k\u00f6\u00f6ki. Kookoshelbed pole ainult hea maitsega lisand toitudele, vaid ka oluliste toitai...\",\"breadcrumb\":{\"@id\":\"https:\\\/\\\/fit360.ee\\\/en\\\/pood\\\/product-groups\\\/superfoods-health-foods-en\\\/fiber-en\\\/kookoshelbed-100g\\\/#breadcrumb\"},\"inLanguage\":\"en-US\",\"potentialAction\":[{\"@type\":\"ReadAction\",\"target\":[\"https:\\\/\\\/fit360.ee\\\/en\\\/pood\\\/product-groups\\\/superfoods-health-foods-en\\\/fiber-en\\\/kookoshelbed-100g\\\/\"]}]},{\"@type\":\"ImageObject\",\"inLanguage\":\"en-US\",\"@id\":\"https:\\\/\\\/fit360.ee\\\/en\\\/pood\\\/product-groups\\\/superfoods-health-foods-en\\\/fiber-en\\\/kookoshelbed-100g\\\/#primaryimage\",\"url\":\"https:\\\/\\\/fit360.ee\\\/wp-content\\\/uploads\\\/2025\\\/12\\\/iconfit-kookoshelbed-fit360.ee_.webp\",\"contentUrl\":\"https:\\\/\\\/fit360.ee\\\/wp-content\\\/uploads\\\/2025\\\/12\\\/iconfit-kookoshelbed-fit360.ee_.webp\",\"width\":695,\"height\":695,\"caption\":\"iconfit kookoshelbed - fit360.ee\"},{\"@type\":\"BreadcrumbList\",\"@id\":\"https:\\\/\\\/fit360.ee\\\/en\\\/pood\\\/product-groups\\\/superfoods-health-foods-en\\\/fiber-en\\\/kookoshelbed-100g\\\/#breadcrumb\",\"itemListElement\":[{\"@type\":\"ListItem\",\"position\":1,\"name\":\"Home\",\"item\":\"https:\\\/\\\/fit360.ee\\\/en\\\/\"},{\"@type\":\"ListItem\",\"position\":2,\"name\":\"Shop\",\"item\":\"https:\\\/\\\/fit360.ee\\\/en\\\/shop\\\/\"},{\"@type\":\"ListItem\",\"position\":3,\"name\":\"Kookoshelbed (100g)\"}]},{\"@type\":\"WebSite\",\"@id\":\"https:\\\/\\\/fit360.ee\\\/en\\\/#website\",\"url\":\"https:\\\/\\\/fit360.ee\\\/en\\\/\",\"name\":\"Fit360\",\"description\":\"\",\"publisher\":{\"@id\":\"https:\\\/\\\/fit360.ee\\\/en\\\/#organization\"},\"potentialAction\":[{\"@type\":\"SearchAction\",\"target\":{\"@type\":\"EntryPoint\",\"urlTemplate\":\"https:\\\/\\\/fit360.ee\\\/en\\\/?s={search_term_string}\"},\"query-input\":{\"@type\":\"PropertyValueSpecification\",\"valueRequired\":true,\"valueName\":\"search_term_string\"}}],\"inLanguage\":\"en-US\"},{\"@type\":\"Organization\",\"@id\":\"https:\\\/\\\/fit360.ee\\\/en\\\/#organization\",\"name\":\"Fit360\",\"url\":\"https:\\\/\\\/fit360.ee\\\/en\\\/\",\"logo\":{\"@type\":\"ImageObject\",\"inLanguage\":\"en-US\",\"@id\":\"https:\\\/\\\/fit360.ee\\\/en\\\/#\\\/schema\\\/logo\\\/image\\\/\",\"url\":\"https:\\\/\\\/fit360.ee\\\/wp-content\\\/uploads\\\/2017\\\/01\\\/logo-fit360.png\",\"contentUrl\":\"https:\\\/\\\/fit360.ee\\\/wp-content\\\/uploads\\\/2017\\\/01\\\/logo-fit360.png\",\"width\":180,\"height\":66,\"caption\":\"Fit360\"},\"image\":{\"@id\":\"https:\\\/\\\/fit360.ee\\\/en\\\/#\\\/schema\\\/logo\\\/image\\\/\"}}]}<\/script>\n<!-- \/ Yoast SEO plugin. -->","yoast_head_json":{"title":"Kookoshelbed (100g) - 100% Naturaalne - Parim Hind - Kiire Tarne - Fit360","description":"ICONFIT kookoshelbed\u00a0on maitsev ja mitmek\u00fclgne lisand igasse k\u00f6\u00f6ki. Kookoshelbed pole ainult hea maitsega lisand toitudele, vaid ka oluliste toitai...","robots":{"index":"index","follow":"follow","max-snippet":"max-snippet:-1","max-image-preview":"max-image-preview:large","max-video-preview":"max-video-preview:-1"},"canonical":"https:\/\/fit360.ee\/en\/pood\/product-groups\/superfoods-health-foods-en\/fiber-en\/kookoshelbed-100g\/","og_locale":"en_US","og_type":"article","og_title":"Kookoshelbed (100g) - 100% Naturaalne - Parim Hind - Kiire Tarne - Fit360","og_description":"ICONFIT kookoshelbed\u00a0on maitsev ja mitmek\u00fclgne lisand igasse k\u00f6\u00f6ki. Kookoshelbed pole ainult hea maitsega lisand toitudele, vaid ka oluliste toitai...","og_url":"https:\/\/fit360.ee\/en\/pood\/product-groups\/superfoods-health-foods-en\/fiber-en\/kookoshelbed-100g\/","og_site_name":"Fit360","article_modified_time":"2026-04-10T13:42:14+00:00","og_image":[{"width":695,"height":695,"url":"https:\/\/fit360.ee\/wp-content\/uploads\/2025\/12\/iconfit-kookoshelbed-fit360.ee_.webp","type":"image\/webp"}],"twitter_card":"summary_large_image","twitter_misc":{"Est. reading time":"2 minutes"},"schema":{"@context":"https:\/\/schema.org","@graph":[{"@type":"WebPage","@id":"https:\/\/fit360.ee\/en\/pood\/product-groups\/superfoods-health-foods-en\/fiber-en\/kookoshelbed-100g\/","url":"https:\/\/fit360.ee\/en\/pood\/product-groups\/superfoods-health-foods-en\/fiber-en\/kookoshelbed-100g\/","name":"Kookoshelbed (100g) - 100% Naturaalne - Parim Hind - Kiire Tarne - Fit360","isPartOf":{"@id":"https:\/\/fit360.ee\/en\/#website"},"primaryImageOfPage":{"@id":"https:\/\/fit360.ee\/en\/pood\/product-groups\/superfoods-health-foods-en\/fiber-en\/kookoshelbed-100g\/#primaryimage"},"image":{"@id":"https:\/\/fit360.ee\/en\/pood\/product-groups\/superfoods-health-foods-en\/fiber-en\/kookoshelbed-100g\/#primaryimage"},"thumbnailUrl":"https:\/\/fit360.ee\/wp-content\/uploads\/2025\/12\/iconfit-kookoshelbed-fit360.ee_.webp","datePublished":"2025-12-31T09:49:59+00:00","dateModified":"2026-04-10T13:42:14+00:00","description":"ICONFIT kookoshelbed\u00a0on maitsev ja mitmek\u00fclgne lisand igasse k\u00f6\u00f6ki. Kookoshelbed pole ainult hea maitsega lisand toitudele, vaid ka oluliste toitai...","breadcrumb":{"@id":"https:\/\/fit360.ee\/en\/pood\/product-groups\/superfoods-health-foods-en\/fiber-en\/kookoshelbed-100g\/#breadcrumb"},"inLanguage":"en-US","potentialAction":[{"@type":"ReadAction","target":["https:\/\/fit360.ee\/en\/pood\/product-groups\/superfoods-health-foods-en\/fiber-en\/kookoshelbed-100g\/"]}]},{"@type":"ImageObject","inLanguage":"en-US","@id":"https:\/\/fit360.ee\/en\/pood\/product-groups\/superfoods-health-foods-en\/fiber-en\/kookoshelbed-100g\/#primaryimage","url":"https:\/\/fit360.ee\/wp-content\/uploads\/2025\/12\/iconfit-kookoshelbed-fit360.ee_.webp","contentUrl":"https:\/\/fit360.ee\/wp-content\/uploads\/2025\/12\/iconfit-kookoshelbed-fit360.ee_.webp","width":695,"height":695,"caption":"iconfit kookoshelbed - fit360.ee"},{"@type":"BreadcrumbList","@id":"https:\/\/fit360.ee\/en\/pood\/product-groups\/superfoods-health-foods-en\/fiber-en\/kookoshelbed-100g\/#breadcrumb","itemListElement":[{"@type":"ListItem","position":1,"name":"Home","item":"https:\/\/fit360.ee\/en\/"},{"@type":"ListItem","position":2,"name":"Shop","item":"https:\/\/fit360.ee\/en\/shop\/"},{"@type":"ListItem","position":3,"name":"Kookoshelbed (100g)"}]},{"@type":"WebSite","@id":"https:\/\/fit360.ee\/en\/#website","url":"https:\/\/fit360.ee\/en\/","name":"Fit360","description":"","publisher":{"@id":"https:\/\/fit360.ee\/en\/#organization"},"potentialAction":[{"@type":"SearchAction","target":{"@type":"EntryPoint","urlTemplate":"https:\/\/fit360.ee\/en\/?s={search_term_string}"},"query-input":{"@type":"PropertyValueSpecification","valueRequired":true,"valueName":"search_term_string"}}],"inLanguage":"en-US"},{"@type":"Organization","@id":"https:\/\/fit360.ee\/en\/#organization","name":"Fit360","url":"https:\/\/fit360.ee\/en\/","logo":{"@type":"ImageObject","inLanguage":"en-US","@id":"https:\/\/fit360.ee\/en\/#\/schema\/logo\/image\/","url":"https:\/\/fit360.ee\/wp-content\/uploads\/2017\/01\/logo-fit360.png","contentUrl":"https:\/\/fit360.ee\/wp-content\/uploads\/2017\/01\/logo-fit360.png","width":180,"height":66,"caption":"Fit360"},"image":{"@id":"https:\/\/fit360.ee\/en\/#\/schema\/logo\/image\/"}}]}},"_links":{"self":[{"href":"https:\/\/fit360.ee\/en\/wp-json\/wp\/v2\/product\/93426","targetHints":{"allow":["GET"]}}],"collection":[{"href":"https:\/\/fit360.ee\/en\/wp-json\/wp\/v2\/product"}],"about":[{"href":"https:\/\/fit360.ee\/en\/wp-json\/wp\/v2\/types\/product"}],"replies":[{"embeddable":true,"href":"https:\/\/fit360.ee\/en\/wp-json\/wp\/v2\/comments?post=93426"}],"wp:featuredmedia":[{"embeddable":true,"href":"https:\/\/fit360.ee\/en\/wp-json\/wp\/v2\/media\/93427"}],"wp:attachment":[{"href":"https:\/\/fit360.ee\/en\/wp-json\/wp\/v2\/media?parent=93426"}],"wp:term":[{"taxonomy":"product_brand","embeddable":true,"href":"https:\/\/fit360.ee\/en\/wp-json\/wp\/v2\/product_brand?post=93426"},{"taxonomy":"product_cat","embeddable":true,"href":"https:\/\/fit360.ee\/en\/wp-json\/wp\/v2\/product_cat?post=93426"},{"taxonomy":"product_tag","embeddable":true,"href":"https:\/\/fit360.ee\/en\/wp-json\/wp\/v2\/product_tag?post=93426"},{"taxonomy":"giftcard-category","embeddable":true,"href":"https:\/\/fit360.ee\/en\/wp-json\/wp\/v2\/giftcard-category?post=93426"}],"curies":[{"name":"wp","href":"https:\/\/api.w.org\/{rel}","templated":true}]}}