{"id":93431,"date":"2025-12-31T11:49:59","date_gmt":"2025-12-31T09:49:59","guid":{"rendered":"https:\/\/fit360.ee\/pood\/uncategorized\/valged-kinoaseemned-350g\/"},"modified":"2026-04-13T13:56:54","modified_gmt":"2026-04-13T11:56:54","slug":"valged-kinoaseemned-350g","status":"publish","type":"product","link":"https:\/\/fit360.ee\/en\/pood\/product-groups\/amino-acids-bcaa\/valged-kinoaseemned-350g\/","title":{"rendered":"Valged kinoaseemned (350g)"},"content":{"rendered":"<h2><strong>Valged Kinoaseemned<\/strong><\/h2>\n<p style=\"font-weight: 400;\"><b><strong>Kinoa\u00a0<\/strong><\/b>on tervislik toit, mida on kasutatud juba \u00fcle 5000 aasta. See on teraviljakultuur, millel on s\u00f6\u00f6davad seemned. Kinoal on p\u00e4hklit meenutav aroom ja seda valmistatakse sarnaselt riisiga, sobides ideaalselt nii taime- kui ka liharoogadega. See on looduslikult gluteenivaba valguallikas ning sisaldab olulisi aminohappeid, kiudaineid ja mineraalaineid nagu magneesium, raud ja kaalium, mist\u00f5ttu on see suurep\u00e4rane valik neile, kes soovivad tasakaalustatumalt toituda. See sobib ideaalselt salatite, lisandite v\u00f5i kausside valmistamiseks.<\/p>\n<p style=\"font-weight: 400;\">Kinoa on tuntud oma suurep\u00e4rase v\u00f5ime t\u00f5ttu pakkuda meeldivat t\u00e4isk\u00f5hutunnet, mist\u00f5ttu on see suurep\u00e4rane lisand neile, kes soovivad toetada tervislikke toitumisharjumusi. See sobib h\u00e4sti ka veganitele ja taimetoitlastele, gluteenivabasse men\u00fc\u00fcsse ja aktiivse eluviisiga inimestele.<\/p>\n<p><strong>ICONFIT Kinoa on toitaineterikas teraviljakultuur, mida kasvatatakse selle s\u00f6\u00f6davate seemnete saamiseks. See on t\u00e4is kiudaineid, fosforit, magneesiumi ja rauda. Samuti on see kergesti seeditav. Kasutage seda toitudes kartuli, riisi v\u00f5i makaronide asemel. Sobib ideaalselt nii taime- kui ka liharoogadesse.<\/strong><\/p>\n<ul>\n<li>Kvaliteetne valge kinoa parima hinnaga.<\/li>\n<li>K\u00f5rge vitamiini- ja mineraalainete sisaldusega.<\/li>\n<li>5000-aastase ajalooga looduslik supertoit.<\/li>\n<li>Kinoa on hea valguallikas.<\/li>\n<\/ul>\n<p style=\"font-weight: 400;\"><b><strong>KUIDAS KASUTADA:\u00a0<\/strong><\/b>Loputa kinoa k\u00fclma vee all. Lisa 1 osa kinoad ja 2 osa vett, lase keema t\u00f5usta, kata kaanega ja hauta madalal kuumusel 10-15 minutit, kuni vesi on imendunud\/aurustunud.<\/p>\n<p style=\"font-weight: 400;\"><b><strong>S\u00c4ILITAMINE:\u00a0<\/strong><\/b>Hoida toatemperatuuril, kaitstuna niiskuse ja otsese p\u00e4ikesevalguse eest. Netokaal 350 g.<\/p>\n<p style=\"font-weight: 400;\"><b><strong>KOOSTISOSAD<\/strong><\/b>: Kinoa ehk t\u0161iili hanemaltsa seemned (<em>Chenopodium quinoa W.<\/em>).<\/p>\n<p>Vaata ka meie Teisi Vitamiine ja Mineraale <a href=\"https:\/\/fit360.ee\/en\/product-category\/product-groups\/vitamins-and-minerals-en\/\"><strong>SIIT<\/strong><\/a> v\u00f5i Kiudaineid <a href=\"https:\/\/fit360.ee\/en\/product-category\/product-groups\/superfoods-health-foods-en\/fiber-en\/\"><strong>SIIT<\/strong><\/a>!<\/p>\n<p>Soovid kaupa osta suuremas koguses? Vaata antud toodet ka meie HULGI poest\u00a0<a href=\"https:\/\/toidulisandidhulgi.ee\/tooted\/valged-kinoaseemned-350g\/\"><strong>SIIT<\/strong><\/a>!<\/p>\n","protected":false},"excerpt":{"rendered":"<ul>\n<li>Kvaliteetne valge kinoa parima hinnaga.<\/li>\n<li>K\u00f5rge vitamiini- ja mineraalainete sisaldusega.<\/li>\n<li>5000-aastase ajalooga looduslik supertoit.<\/li>\n<li>Kinoa on hea valguallikas.<\/li>\n<\/ul>\n","protected":false},"featured_media":93432,"comment_status":"open","ping_status":"closed","template":"","meta":[],"product_brand":[],"product_cat":[520,1318,1454,536],"product_tag":[1681,7444,7445,7446],"giftcard-category":[],"class_list":{"0":"post-93431","1":"product","2":"type-product","3":"status-publish","4":"has-post-thumbnail","6":"product_cat-amino-acids-bcaa","7":"product_cat-iconfit-en","8":"product_cat-superfoods-health-foods-en","9":"product_cat-vitamins-and-minerals-en","10":"product_tag-iconfit-en","11":"product_tag-kinoa","12":"product_tag-kinoaseemned","13":"product_tag-valged-kinoaseemned","14":"pa_kogus-350g-en","15":"pa_toidulisand-branddd-iconfit","16":"pa_tootegruppp-amino-acidsbcaa","17":"pa_tootegruppp-supertoit-tervisetoit-en","18":"pa_tootegruppp-vitamins-and-minerals","20":"first","21":"instock","22":"sale","23":"taxable","24":"shipping-taxable","25":"purchasable","26":"product-type-simple"},"yoast_head":"<!-- This site is optimized with the Yoast SEO plugin v27.3 - https:\/\/yoast.com\/product\/yoast-seo-wordpress\/ -->\n<title>Valged kinoaseemned (350g) - Parim Hind - Kiire Tarne - Fit360<\/title>\n<meta name=\"description\" content=\"Kinoa\u00a0on tervislik toit, mida on kasutatud juba \u00fcle 5000 aasta. See on teraviljakultuur, millel on s\u00f6\u00f6davad seemned. Kinoal on p\u00e4hklit meenutav aro...\" \/>\n<meta name=\"robots\" content=\"index, follow, max-snippet:-1, max-image-preview:large, max-video-preview:-1\" \/>\n<link rel=\"canonical\" href=\"https:\/\/fit360.ee\/en\/pood\/product-groups\/amino-acids-bcaa\/valged-kinoaseemned-350g\/\" \/>\n<meta property=\"og:locale\" content=\"en_US\" \/>\n<meta property=\"og:type\" content=\"article\" \/>\n<meta property=\"og:title\" content=\"Valged kinoaseemned (350g) - Parim Hind - Kiire Tarne - Fit360\" \/>\n<meta property=\"og:description\" content=\"Kinoa\u00a0on tervislik toit, mida on kasutatud juba \u00fcle 5000 aasta. See on teraviljakultuur, millel on s\u00f6\u00f6davad seemned. Kinoal on p\u00e4hklit meenutav aro...\" \/>\n<meta property=\"og:url\" content=\"https:\/\/fit360.ee\/en\/pood\/product-groups\/amino-acids-bcaa\/valged-kinoaseemned-350g\/\" \/>\n<meta property=\"og:site_name\" content=\"Fit360\" \/>\n<meta property=\"article:modified_time\" content=\"2026-04-13T11:56:54+00:00\" \/>\n<meta property=\"og:image\" content=\"https:\/\/fit360.ee\/wp-content\/uploads\/2025\/12\/valged-kinoaseemned-fit360.ee_.webp\" \/>\n\t<meta property=\"og:image:width\" content=\"695\" \/>\n\t<meta property=\"og:image:height\" content=\"695\" \/>\n\t<meta property=\"og:image:type\" content=\"image\/webp\" \/>\n<meta name=\"twitter:card\" content=\"summary_large_image\" \/>\n<meta name=\"twitter:label1\" content=\"Est. reading time\" \/>\n\t<meta name=\"twitter:data1\" content=\"2 minutes\" \/>\n<script type=\"application\/ld+json\" class=\"yoast-schema-graph\">{\"@context\":\"https:\\\/\\\/schema.org\",\"@graph\":[{\"@type\":\"WebPage\",\"@id\":\"https:\\\/\\\/fit360.ee\\\/en\\\/pood\\\/product-groups\\\/amino-acids-bcaa\\\/valged-kinoaseemned-350g\\\/\",\"url\":\"https:\\\/\\\/fit360.ee\\\/en\\\/pood\\\/product-groups\\\/amino-acids-bcaa\\\/valged-kinoaseemned-350g\\\/\",\"name\":\"Valged kinoaseemned (350g) - Parim Hind - Kiire Tarne - Fit360\",\"isPartOf\":{\"@id\":\"https:\\\/\\\/fit360.ee\\\/en\\\/#website\"},\"primaryImageOfPage\":{\"@id\":\"https:\\\/\\\/fit360.ee\\\/en\\\/pood\\\/product-groups\\\/amino-acids-bcaa\\\/valged-kinoaseemned-350g\\\/#primaryimage\"},\"image\":{\"@id\":\"https:\\\/\\\/fit360.ee\\\/en\\\/pood\\\/product-groups\\\/amino-acids-bcaa\\\/valged-kinoaseemned-350g\\\/#primaryimage\"},\"thumbnailUrl\":\"https:\\\/\\\/fit360.ee\\\/wp-content\\\/uploads\\\/2025\\\/12\\\/valged-kinoaseemned-fit360.ee_.webp\",\"datePublished\":\"2025-12-31T09:49:59+00:00\",\"dateModified\":\"2026-04-13T11:56:54+00:00\",\"description\":\"Kinoa\u00a0on tervislik toit, mida on kasutatud juba \u00fcle 5000 aasta. See on teraviljakultuur, millel on s\u00f6\u00f6davad seemned. Kinoal on p\u00e4hklit meenutav aro...\",\"breadcrumb\":{\"@id\":\"https:\\\/\\\/fit360.ee\\\/en\\\/pood\\\/product-groups\\\/amino-acids-bcaa\\\/valged-kinoaseemned-350g\\\/#breadcrumb\"},\"inLanguage\":\"en-US\",\"potentialAction\":[{\"@type\":\"ReadAction\",\"target\":[\"https:\\\/\\\/fit360.ee\\\/en\\\/pood\\\/product-groups\\\/amino-acids-bcaa\\\/valged-kinoaseemned-350g\\\/\"]}]},{\"@type\":\"ImageObject\",\"inLanguage\":\"en-US\",\"@id\":\"https:\\\/\\\/fit360.ee\\\/en\\\/pood\\\/product-groups\\\/amino-acids-bcaa\\\/valged-kinoaseemned-350g\\\/#primaryimage\",\"url\":\"https:\\\/\\\/fit360.ee\\\/wp-content\\\/uploads\\\/2025\\\/12\\\/valged-kinoaseemned-fit360.ee_.webp\",\"contentUrl\":\"https:\\\/\\\/fit360.ee\\\/wp-content\\\/uploads\\\/2025\\\/12\\\/valged-kinoaseemned-fit360.ee_.webp\",\"width\":695,\"height\":695,\"caption\":\"valged kinoaseemned - fit360.ee\"},{\"@type\":\"BreadcrumbList\",\"@id\":\"https:\\\/\\\/fit360.ee\\\/en\\\/pood\\\/product-groups\\\/amino-acids-bcaa\\\/valged-kinoaseemned-350g\\\/#breadcrumb\",\"itemListElement\":[{\"@type\":\"ListItem\",\"position\":1,\"name\":\"Home\",\"item\":\"https:\\\/\\\/fit360.ee\\\/en\\\/\"},{\"@type\":\"ListItem\",\"position\":2,\"name\":\"Shop\",\"item\":\"https:\\\/\\\/fit360.ee\\\/en\\\/shop\\\/\"},{\"@type\":\"ListItem\",\"position\":3,\"name\":\"Valged kinoaseemned (350g)\"}]},{\"@type\":\"WebSite\",\"@id\":\"https:\\\/\\\/fit360.ee\\\/en\\\/#website\",\"url\":\"https:\\\/\\\/fit360.ee\\\/en\\\/\",\"name\":\"Fit360\",\"description\":\"\",\"publisher\":{\"@id\":\"https:\\\/\\\/fit360.ee\\\/en\\\/#organization\"},\"potentialAction\":[{\"@type\":\"SearchAction\",\"target\":{\"@type\":\"EntryPoint\",\"urlTemplate\":\"https:\\\/\\\/fit360.ee\\\/en\\\/?s={search_term_string}\"},\"query-input\":{\"@type\":\"PropertyValueSpecification\",\"valueRequired\":true,\"valueName\":\"search_term_string\"}}],\"inLanguage\":\"en-US\"},{\"@type\":\"Organization\",\"@id\":\"https:\\\/\\\/fit360.ee\\\/en\\\/#organization\",\"name\":\"Fit360\",\"url\":\"https:\\\/\\\/fit360.ee\\\/en\\\/\",\"logo\":{\"@type\":\"ImageObject\",\"inLanguage\":\"en-US\",\"@id\":\"https:\\\/\\\/fit360.ee\\\/en\\\/#\\\/schema\\\/logo\\\/image\\\/\",\"url\":\"https:\\\/\\\/fit360.ee\\\/wp-content\\\/uploads\\\/2017\\\/01\\\/logo-fit360.png\",\"contentUrl\":\"https:\\\/\\\/fit360.ee\\\/wp-content\\\/uploads\\\/2017\\\/01\\\/logo-fit360.png\",\"width\":180,\"height\":66,\"caption\":\"Fit360\"},\"image\":{\"@id\":\"https:\\\/\\\/fit360.ee\\\/en\\\/#\\\/schema\\\/logo\\\/image\\\/\"}}]}<\/script>\n<!-- \/ Yoast SEO plugin. -->","yoast_head_json":{"title":"Valged kinoaseemned (350g) - Parim Hind - Kiire Tarne - Fit360","description":"Kinoa\u00a0on tervislik toit, mida on kasutatud juba \u00fcle 5000 aasta. See on teraviljakultuur, millel on s\u00f6\u00f6davad seemned. Kinoal on p\u00e4hklit meenutav aro...","robots":{"index":"index","follow":"follow","max-snippet":"max-snippet:-1","max-image-preview":"max-image-preview:large","max-video-preview":"max-video-preview:-1"},"canonical":"https:\/\/fit360.ee\/en\/pood\/product-groups\/amino-acids-bcaa\/valged-kinoaseemned-350g\/","og_locale":"en_US","og_type":"article","og_title":"Valged kinoaseemned (350g) - Parim Hind - Kiire Tarne - Fit360","og_description":"Kinoa\u00a0on tervislik toit, mida on kasutatud juba \u00fcle 5000 aasta. See on teraviljakultuur, millel on s\u00f6\u00f6davad seemned. Kinoal on p\u00e4hklit meenutav aro...","og_url":"https:\/\/fit360.ee\/en\/pood\/product-groups\/amino-acids-bcaa\/valged-kinoaseemned-350g\/","og_site_name":"Fit360","article_modified_time":"2026-04-13T11:56:54+00:00","og_image":[{"width":695,"height":695,"url":"https:\/\/fit360.ee\/wp-content\/uploads\/2025\/12\/valged-kinoaseemned-fit360.ee_.webp","type":"image\/webp"}],"twitter_card":"summary_large_image","twitter_misc":{"Est. reading time":"2 minutes"},"schema":{"@context":"https:\/\/schema.org","@graph":[{"@type":"WebPage","@id":"https:\/\/fit360.ee\/en\/pood\/product-groups\/amino-acids-bcaa\/valged-kinoaseemned-350g\/","url":"https:\/\/fit360.ee\/en\/pood\/product-groups\/amino-acids-bcaa\/valged-kinoaseemned-350g\/","name":"Valged kinoaseemned (350g) - Parim Hind - Kiire Tarne - Fit360","isPartOf":{"@id":"https:\/\/fit360.ee\/en\/#website"},"primaryImageOfPage":{"@id":"https:\/\/fit360.ee\/en\/pood\/product-groups\/amino-acids-bcaa\/valged-kinoaseemned-350g\/#primaryimage"},"image":{"@id":"https:\/\/fit360.ee\/en\/pood\/product-groups\/amino-acids-bcaa\/valged-kinoaseemned-350g\/#primaryimage"},"thumbnailUrl":"https:\/\/fit360.ee\/wp-content\/uploads\/2025\/12\/valged-kinoaseemned-fit360.ee_.webp","datePublished":"2025-12-31T09:49:59+00:00","dateModified":"2026-04-13T11:56:54+00:00","description":"Kinoa\u00a0on tervislik toit, mida on kasutatud juba \u00fcle 5000 aasta. See on teraviljakultuur, millel on s\u00f6\u00f6davad seemned. Kinoal on p\u00e4hklit meenutav aro...","breadcrumb":{"@id":"https:\/\/fit360.ee\/en\/pood\/product-groups\/amino-acids-bcaa\/valged-kinoaseemned-350g\/#breadcrumb"},"inLanguage":"en-US","potentialAction":[{"@type":"ReadAction","target":["https:\/\/fit360.ee\/en\/pood\/product-groups\/amino-acids-bcaa\/valged-kinoaseemned-350g\/"]}]},{"@type":"ImageObject","inLanguage":"en-US","@id":"https:\/\/fit360.ee\/en\/pood\/product-groups\/amino-acids-bcaa\/valged-kinoaseemned-350g\/#primaryimage","url":"https:\/\/fit360.ee\/wp-content\/uploads\/2025\/12\/valged-kinoaseemned-fit360.ee_.webp","contentUrl":"https:\/\/fit360.ee\/wp-content\/uploads\/2025\/12\/valged-kinoaseemned-fit360.ee_.webp","width":695,"height":695,"caption":"valged kinoaseemned - fit360.ee"},{"@type":"BreadcrumbList","@id":"https:\/\/fit360.ee\/en\/pood\/product-groups\/amino-acids-bcaa\/valged-kinoaseemned-350g\/#breadcrumb","itemListElement":[{"@type":"ListItem","position":1,"name":"Home","item":"https:\/\/fit360.ee\/en\/"},{"@type":"ListItem","position":2,"name":"Shop","item":"https:\/\/fit360.ee\/en\/shop\/"},{"@type":"ListItem","position":3,"name":"Valged kinoaseemned (350g)"}]},{"@type":"WebSite","@id":"https:\/\/fit360.ee\/en\/#website","url":"https:\/\/fit360.ee\/en\/","name":"Fit360","description":"","publisher":{"@id":"https:\/\/fit360.ee\/en\/#organization"},"potentialAction":[{"@type":"SearchAction","target":{"@type":"EntryPoint","urlTemplate":"https:\/\/fit360.ee\/en\/?s={search_term_string}"},"query-input":{"@type":"PropertyValueSpecification","valueRequired":true,"valueName":"search_term_string"}}],"inLanguage":"en-US"},{"@type":"Organization","@id":"https:\/\/fit360.ee\/en\/#organization","name":"Fit360","url":"https:\/\/fit360.ee\/en\/","logo":{"@type":"ImageObject","inLanguage":"en-US","@id":"https:\/\/fit360.ee\/en\/#\/schema\/logo\/image\/","url":"https:\/\/fit360.ee\/wp-content\/uploads\/2017\/01\/logo-fit360.png","contentUrl":"https:\/\/fit360.ee\/wp-content\/uploads\/2017\/01\/logo-fit360.png","width":180,"height":66,"caption":"Fit360"},"image":{"@id":"https:\/\/fit360.ee\/en\/#\/schema\/logo\/image\/"}}]}},"_links":{"self":[{"href":"https:\/\/fit360.ee\/en\/wp-json\/wp\/v2\/product\/93431","targetHints":{"allow":["GET"]}}],"collection":[{"href":"https:\/\/fit360.ee\/en\/wp-json\/wp\/v2\/product"}],"about":[{"href":"https:\/\/fit360.ee\/en\/wp-json\/wp\/v2\/types\/product"}],"replies":[{"embeddable":true,"href":"https:\/\/fit360.ee\/en\/wp-json\/wp\/v2\/comments?post=93431"}],"wp:featuredmedia":[{"embeddable":true,"href":"https:\/\/fit360.ee\/en\/wp-json\/wp\/v2\/media\/93432"}],"wp:attachment":[{"href":"https:\/\/fit360.ee\/en\/wp-json\/wp\/v2\/media?parent=93431"}],"wp:term":[{"taxonomy":"product_brand","embeddable":true,"href":"https:\/\/fit360.ee\/en\/wp-json\/wp\/v2\/product_brand?post=93431"},{"taxonomy":"product_cat","embeddable":true,"href":"https:\/\/fit360.ee\/en\/wp-json\/wp\/v2\/product_cat?post=93431"},{"taxonomy":"product_tag","embeddable":true,"href":"https:\/\/fit360.ee\/en\/wp-json\/wp\/v2\/product_tag?post=93431"},{"taxonomy":"giftcard-category","embeddable":true,"href":"https:\/\/fit360.ee\/en\/wp-json\/wp\/v2\/giftcard-category?post=93431"}],"curies":[{"name":"wp","href":"https:\/\/api.w.org\/{rel}","templated":true}]}}