{"id":93906,"date":"2026-01-22T15:35:02","date_gmt":"2026-01-22T13:35:02","guid":{"rendered":"https:\/\/fit360.ee\/pood\/uncategorized\/smartshake-shaker-lite-series-glossy-black-1000ml\/"},"modified":"2026-01-27T14:01:41","modified_gmt":"2026-01-27T12:01:41","slug":"smartshake-shaker-lite-series-glossy-black-1000ml","status":"publish","type":"product","link":"https:\/\/fit360.ee\/en\/pood\/training-equipment-en\/drinking-bottles-en\/smartshake-shaker-lite-series-glossy-black-1000ml\/","title":{"rendered":"SmartShake Shaker Lite Series, Glossy Black (1000ml)"},"content":{"rendered":"<h2><strong>Smartshake Shaker Lite<\/strong><\/h2>\n<article class=\"text-token-text-primary w-full focus:outline-none [--shadow-height:45px] has-data-writing-block:pointer-events-none has-data-writing-block:-mt-(--shadow-height) has-data-writing-block:pt-(--shadow-height) [&amp;:has([data-writing-block])&gt;*]:pointer-events-auto scroll-mt-[calc(var(--header-height)+min(200px,max(70px,20svh)))]\" dir=\"auto\" tabindex=\"-1\" data-turn-id=\"f4f719d2-1bb8-4f04-9637-77a9241d1ddb\" data-testid=\"conversation-turn-2\" data-scroll-anchor=\"false\" data-turn=\"assistant\">\n<div class=\"text-base my-auto mx-auto [--thread-content-margin:--spacing(4)] @w-sm\/main:[--thread-content-margin:--spacing(6)] @w-lg\/main:[--thread-content-margin:--spacing(16)] px-(--thread-content-margin)\">\n<div class=\"[--thread-content-max-width:40rem] @w-lg\/main:[--thread-content-max-width:48rem] mx-auto max-w-(--thread-content-max-width) flex-1 group\/turn-messages focus-visible:outline-hidden relative flex w-full min-w-0 flex-col agent-turn\" tabindex=\"-1\">\n<div class=\"flex max-w-full flex-col grow\">\n<div class=\"min-h-8 text-message relative flex w-full flex-col items-end gap-2 text-start break-words whitespace-normal [.text-message+&amp;]:mt-1\" dir=\"auto\" data-message-author-role=\"assistant\" data-message-id=\"b782aa29-4756-4a56-920f-c7de2bce2d5e\" data-message-model-slug=\"gpt-5-2\">\n<div class=\"flex w-full flex-col gap-1 empty:hidden first:pt-[1px]\">\n<div class=\"markdown prose dark:prose-invert w-full wrap-break-word light markdown-new-styling\">\n<p data-start=\"0\" data-end=\"357\"><strong data-start=\"0\" data-end=\"40\">Smartshake Shaker Lite Black 1000 ml<\/strong> on praktiline ja vastupidav joogipudel, mis on loodud aktiivsele inimesele, kes hindab mugavust, lihtsust ja funktsionaalsust. See klassikaline must shaker sobib ideaalselt nii spordisaali, t\u00f6\u00f6le kui ka igap\u00e4evaseks kasutamiseks, olles usaldusv\u00e4\u00e4rne kaaslane valgukokteilide, spordijookide ja smuutide valmistamisel.<\/p>\n<p data-start=\"359\" data-end=\"695\">Mahuka <strong data-start=\"366\" data-end=\"377\">1000 ml<\/strong> mahutavusega shaker v\u00f5imaldab korraga segada suuremaid portsjoneid, mis on eriti mugav intensiivse treeningu, pikema t\u00f6\u00f6p\u00e4eva v\u00f5i v\u00e4ljas\u00f5itude ajal. T\u00e4nu <strong data-start=\"532\" data-end=\"578\">Smartshake\u2019i iseloomulikule segamisv\u00f5rgule<\/strong> saad alati \u00fchtlase ja t\u00fckivaba joogi \u2013 ilma metallpallita ja liigse m\u00fcrata. Lihtne, kuid t\u00f5hus lahendus, mis t\u00f6\u00f6tab.<\/p>\n<p data-start=\"697\" data-end=\"1048\"><strong data-start=\"697\" data-end=\"723\">Smartshake Shaker Lite<\/strong> on valmistatud kvaliteetsest ja kergest plastist, mis on <strong data-start=\"781\" data-end=\"802\">BPA- ja DEHP-vaba<\/strong>, tagades ohutu kasutamise igap\u00e4evaselt. Lekkevaba kork ja tugev keeratav kaas annavad kindluse, et pudel ei hakka kotis lekkima \u2013 olgu see siis spordikott v\u00f5i seljakott. Minimalistlik must disain sobib igasse stiili ning j\u00e4\u00e4b ajatu ja maitsekas.<\/p>\n<p data-start=\"1050\" data-end=\"1297\">Lisaks on shaker <strong data-start=\"1067\" data-end=\"1091\">lihtsasti puhastatav<\/strong> ja sobib n\u00f5udepesumasinasse, mis teeb selle hooldamise eriti mugavaks. T\u00e4nu oma vastupidavusele ja heale hinnakvaliteedi suhtele on see suurep\u00e4rane valik nii algajale treenijale kui ka kogenud sportlasele.<\/p>\n<p data-start=\"1299\" data-end=\"1547\" data-is-last-node=\"\" data-is-only-node=\"\">Kui otsid <strong data-start=\"1309\" data-end=\"1354\">suurt, usaldusv\u00e4\u00e4rset ja soodsat shakerit<\/strong>, mis teeb oma t\u00f6\u00f6 \u00e4ra ilma liigsete lisadeta, siis Smartshake Shaker Lite Black 1000 ml on kindel valik. Ideaalne neile, kes soovivad rohkem mahtu, v\u00e4hem muret ja maksimaalset kasutusmugavust.<\/p>\n<h4 data-start=\"1299\" data-end=\"1547\"><strong>Smartshaker peamised eelised<\/strong>:<\/h4>\n<ul>\n<li data-start=\"153\" data-end=\"242\"><strong data-start=\"153\" data-end=\"181\">Suur mahutavus \u2013 1000 ml<\/strong>, ideaalne valgukokteilide, smuutide ja spordijookide jaoks<\/li>\n<li data-start=\"153\" data-end=\"242\"><strong data-start=\"245\" data-end=\"271\">Smartshake segamisv\u00f5rk<\/strong>, tagab \u00fchtlase ja t\u00fckivaba joogi ilma metallpallita<\/li>\n<li data-start=\"153\" data-end=\"242\"><strong data-start=\"328\" data-end=\"355\">Lekkevaba keeratav kork<\/strong>, turvaline kaasas kanda spordikotis v\u00f5i seljakotis<\/li>\n<li data-start=\"153\" data-end=\"242\"><strong data-start=\"411\" data-end=\"449\">Kerge ja vastupidav konstruktsioon<\/strong>, sobib igap\u00e4evaseks kasutamiseks<\/li>\n<li data-start=\"153\" data-end=\"242\"><strong data-start=\"487\" data-end=\"514\">BPA- ja DEHP-vaba plast<\/strong>, ohutu tervisele<\/li>\n<li data-start=\"153\" data-end=\"242\"><strong data-start=\"536\" data-end=\"565\">Minimalistlik must disain<\/strong>, ajatu ja stiilne v\u00e4limus<\/li>\n<li data-start=\"153\" data-end=\"242\"><strong data-start=\"596\" data-end=\"616\">Lihtne puhastada<\/strong>, sobib n\u00f5udepesumasinasse<\/li>\n<li data-start=\"153\" data-end=\"242\"><strong data-start=\"647\" data-end=\"695\">Sobib nii algajale kui ka kogenud treenijale<\/strong><\/li>\n<li data-start=\"153\" data-end=\"242\"><strong data-start=\"700\" data-end=\"732\">Hea hinna ja kvaliteedi suhe<\/strong>, praktiline valik ilma liigsete lisadeta<\/li>\n<\/ul>\n<p><strong>Suurus:<\/strong> 1000ml<\/p>\n<p><strong>V\u00e4rvus<\/strong>: Must<\/p>\n<p>Vaata ka meie teisi Shakereid <a href=\"https:\/\/fit360.ee\/tootekategooria\/treeningvarustus\/seikerid\/\"><strong>SIIT<\/strong><\/a>!<\/p>\n<p>Soovid kaupa osta suuremas koguses? Vaata antud toodet ka meie HULGI poest\u00a0<a href=\"https:\/\/toidulisandidhulgi.ee\/tooted\/smartshake-shaker-lite-series-glossy-black-1000ml\/\"><strong>SIIT<\/strong><\/a>!<\/p>\n<\/div>\n<\/div>\n<\/div>\n<\/div>\n<\/div>\n<\/div>\n<\/article>\n","protected":false},"excerpt":{"rendered":"<ul>\n<li data-start=\"153\" data-end=\"242\"><strong data-start=\"153\" data-end=\"181\">Suur mahutavus \u2013 1000 ml<\/strong>, ideaalne valgukokteilide, smuutide ja spordijookide jaoks<\/li>\n<li data-start=\"153\" data-end=\"242\"><strong data-start=\"245\" data-end=\"271\">Smartshake segamisv\u00f5rk<\/strong>, tagab \u00fchtlase ja t\u00fckivaba joogi ilma metallpallita<\/li>\n<li data-start=\"153\" data-end=\"242\"><strong data-start=\"328\" data-end=\"355\">Lekkevaba keeratav kork<\/strong>, turvaline kaasas kanda spordikotis v\u00f5i seljakotis<\/li>\n<li data-start=\"153\" data-end=\"242\"><strong data-start=\"411\" data-end=\"449\">Kerge ja vastupidav konstruktsioon<\/strong>, sobib igap\u00e4evaseks kasutamiseks<\/li>\n<li data-start=\"153\" data-end=\"242\"><strong data-start=\"487\" data-end=\"514\">BPA- ja DEHP-vaba plast<\/strong>, ohutu tervisele<\/li>\n<\/ul>\n","protected":false},"featured_media":93907,"comment_status":"open","ping_status":"closed","template":"","meta":[],"product_brand":[],"product_cat":[540,551,538],"product_tag":[3396,9104],"giftcard-category":[],"class_list":{"0":"post-93906","1":"product","2":"type-product","3":"status-publish","4":"has-post-thumbnail","6":"product_cat-drinking-bottles-en","7":"product_cat-shakers-en","8":"product_cat-training-equipment-en","9":"product_tag-smartshake-en","10":"product_tag-smartshake-shaker","11":"pa_brand-smartshake-en","12":"pa_varustus-drinking-bottles","13":"pa_varustus-shakers","14":"pa_varvus-black","16":"first","17":"instock","18":"sale","19":"taxable","20":"shipping-taxable","21":"purchasable","22":"product-type-simple"},"yoast_head":"<!-- This site is optimized with the Yoast SEO plugin v27.3 - https:\/\/yoast.com\/product\/yoast-seo-wordpress\/ -->\n<title>SmartShake Shaker Lite Series, Glossy Black (1000ml) - Kiire Tarne - Fit360<\/title>\n<meta name=\"description\" content=\"Smartshake Shaker Lite Black 1000 ml on praktiline ja vastupidav joogipudel, mis on loodud aktiivsele inimesele, kes hindab mugavust, lihtsust ja funk...\" \/>\n<meta name=\"robots\" content=\"index, follow, max-snippet:-1, max-image-preview:large, max-video-preview:-1\" \/>\n<link rel=\"canonical\" href=\"https:\/\/fit360.ee\/en\/pood\/training-equipment-en\/drinking-bottles-en\/smartshake-shaker-lite-series-glossy-black-1000ml\/\" \/>\n<meta property=\"og:locale\" content=\"en_US\" \/>\n<meta property=\"og:type\" content=\"article\" \/>\n<meta property=\"og:title\" content=\"SmartShake Shaker Lite Series, Glossy Black (1000ml) - Kiire Tarne - Fit360\" \/>\n<meta property=\"og:description\" content=\"Smartshake Shaker Lite Black 1000 ml on praktiline ja vastupidav joogipudel, mis on loodud aktiivsele inimesele, kes hindab mugavust, lihtsust ja funk...\" \/>\n<meta property=\"og:url\" content=\"https:\/\/fit360.ee\/en\/pood\/training-equipment-en\/drinking-bottles-en\/smartshake-shaker-lite-series-glossy-black-1000ml\/\" \/>\n<meta property=\"og:site_name\" content=\"Fit360\" \/>\n<meta property=\"article:modified_time\" content=\"2026-01-27T12:01:41+00:00\" \/>\n<meta property=\"og:image\" content=\"https:\/\/fit360.ee\/wp-content\/uploads\/2026\/01\/smartshake-shaker-lite-must-1000ml-fit360.ee_.jpg\" \/>\n\t<meta property=\"og:image:width\" content=\"2560\" \/>\n\t<meta property=\"og:image:height\" content=\"2560\" \/>\n\t<meta property=\"og:image:type\" content=\"image\/jpeg\" \/>\n<meta name=\"twitter:card\" content=\"summary_large_image\" \/>\n<meta name=\"twitter:label1\" content=\"Est. reading time\" \/>\n\t<meta name=\"twitter:data1\" content=\"2 minutes\" \/>\n<script type=\"application\/ld+json\" class=\"yoast-schema-graph\">{\"@context\":\"https:\\\/\\\/schema.org\",\"@graph\":[{\"@type\":\"WebPage\",\"@id\":\"https:\\\/\\\/fit360.ee\\\/en\\\/pood\\\/training-equipment-en\\\/drinking-bottles-en\\\/smartshake-shaker-lite-series-glossy-black-1000ml\\\/\",\"url\":\"https:\\\/\\\/fit360.ee\\\/en\\\/pood\\\/training-equipment-en\\\/drinking-bottles-en\\\/smartshake-shaker-lite-series-glossy-black-1000ml\\\/\",\"name\":\"SmartShake Shaker Lite Series, Glossy Black (1000ml) - Kiire Tarne - Fit360\",\"isPartOf\":{\"@id\":\"https:\\\/\\\/fit360.ee\\\/en\\\/#website\"},\"primaryImageOfPage\":{\"@id\":\"https:\\\/\\\/fit360.ee\\\/en\\\/pood\\\/training-equipment-en\\\/drinking-bottles-en\\\/smartshake-shaker-lite-series-glossy-black-1000ml\\\/#primaryimage\"},\"image\":{\"@id\":\"https:\\\/\\\/fit360.ee\\\/en\\\/pood\\\/training-equipment-en\\\/drinking-bottles-en\\\/smartshake-shaker-lite-series-glossy-black-1000ml\\\/#primaryimage\"},\"thumbnailUrl\":\"https:\\\/\\\/fit360.ee\\\/wp-content\\\/uploads\\\/2026\\\/01\\\/smartshake-shaker-lite-must-1000ml-fit360.ee_.jpg\",\"datePublished\":\"2026-01-22T13:35:02+00:00\",\"dateModified\":\"2026-01-27T12:01:41+00:00\",\"description\":\"Smartshake Shaker Lite Black 1000 ml on praktiline ja vastupidav joogipudel, mis on loodud aktiivsele inimesele, kes hindab mugavust, lihtsust ja funk...\",\"breadcrumb\":{\"@id\":\"https:\\\/\\\/fit360.ee\\\/en\\\/pood\\\/training-equipment-en\\\/drinking-bottles-en\\\/smartshake-shaker-lite-series-glossy-black-1000ml\\\/#breadcrumb\"},\"inLanguage\":\"en-US\",\"potentialAction\":[{\"@type\":\"ReadAction\",\"target\":[\"https:\\\/\\\/fit360.ee\\\/en\\\/pood\\\/training-equipment-en\\\/drinking-bottles-en\\\/smartshake-shaker-lite-series-glossy-black-1000ml\\\/\"]}]},{\"@type\":\"ImageObject\",\"inLanguage\":\"en-US\",\"@id\":\"https:\\\/\\\/fit360.ee\\\/en\\\/pood\\\/training-equipment-en\\\/drinking-bottles-en\\\/smartshake-shaker-lite-series-glossy-black-1000ml\\\/#primaryimage\",\"url\":\"https:\\\/\\\/fit360.ee\\\/wp-content\\\/uploads\\\/2026\\\/01\\\/smartshake-shaker-lite-must-1000ml-fit360.ee_.jpg\",\"contentUrl\":\"https:\\\/\\\/fit360.ee\\\/wp-content\\\/uploads\\\/2026\\\/01\\\/smartshake-shaker-lite-must-1000ml-fit360.ee_.jpg\",\"width\":2560,\"height\":2560,\"caption\":\"smartshake shaker lite must 1000ml - fit360.ee\"},{\"@type\":\"BreadcrumbList\",\"@id\":\"https:\\\/\\\/fit360.ee\\\/en\\\/pood\\\/training-equipment-en\\\/drinking-bottles-en\\\/smartshake-shaker-lite-series-glossy-black-1000ml\\\/#breadcrumb\",\"itemListElement\":[{\"@type\":\"ListItem\",\"position\":1,\"name\":\"Home\",\"item\":\"https:\\\/\\\/fit360.ee\\\/en\\\/\"},{\"@type\":\"ListItem\",\"position\":2,\"name\":\"Shop\",\"item\":\"https:\\\/\\\/fit360.ee\\\/en\\\/shop\\\/\"},{\"@type\":\"ListItem\",\"position\":3,\"name\":\"SmartShake Shaker Lite Series, Glossy Black (1000ml)\"}]},{\"@type\":\"WebSite\",\"@id\":\"https:\\\/\\\/fit360.ee\\\/en\\\/#website\",\"url\":\"https:\\\/\\\/fit360.ee\\\/en\\\/\",\"name\":\"Fit360\",\"description\":\"\",\"publisher\":{\"@id\":\"https:\\\/\\\/fit360.ee\\\/en\\\/#organization\"},\"potentialAction\":[{\"@type\":\"SearchAction\",\"target\":{\"@type\":\"EntryPoint\",\"urlTemplate\":\"https:\\\/\\\/fit360.ee\\\/en\\\/?s={search_term_string}\"},\"query-input\":{\"@type\":\"PropertyValueSpecification\",\"valueRequired\":true,\"valueName\":\"search_term_string\"}}],\"inLanguage\":\"en-US\"},{\"@type\":\"Organization\",\"@id\":\"https:\\\/\\\/fit360.ee\\\/en\\\/#organization\",\"name\":\"Fit360\",\"url\":\"https:\\\/\\\/fit360.ee\\\/en\\\/\",\"logo\":{\"@type\":\"ImageObject\",\"inLanguage\":\"en-US\",\"@id\":\"https:\\\/\\\/fit360.ee\\\/en\\\/#\\\/schema\\\/logo\\\/image\\\/\",\"url\":\"https:\\\/\\\/fit360.ee\\\/wp-content\\\/uploads\\\/2017\\\/01\\\/logo-fit360.png\",\"contentUrl\":\"https:\\\/\\\/fit360.ee\\\/wp-content\\\/uploads\\\/2017\\\/01\\\/logo-fit360.png\",\"width\":180,\"height\":66,\"caption\":\"Fit360\"},\"image\":{\"@id\":\"https:\\\/\\\/fit360.ee\\\/en\\\/#\\\/schema\\\/logo\\\/image\\\/\"}}]}<\/script>\n<!-- \/ Yoast SEO plugin. -->","yoast_head_json":{"title":"SmartShake Shaker Lite Series, Glossy Black (1000ml) - Kiire Tarne - Fit360","description":"Smartshake Shaker Lite Black 1000 ml on praktiline ja vastupidav joogipudel, mis on loodud aktiivsele inimesele, kes hindab mugavust, lihtsust ja funk...","robots":{"index":"index","follow":"follow","max-snippet":"max-snippet:-1","max-image-preview":"max-image-preview:large","max-video-preview":"max-video-preview:-1"},"canonical":"https:\/\/fit360.ee\/en\/pood\/training-equipment-en\/drinking-bottles-en\/smartshake-shaker-lite-series-glossy-black-1000ml\/","og_locale":"en_US","og_type":"article","og_title":"SmartShake Shaker Lite Series, Glossy Black (1000ml) - Kiire Tarne - Fit360","og_description":"Smartshake Shaker Lite Black 1000 ml on praktiline ja vastupidav joogipudel, mis on loodud aktiivsele inimesele, kes hindab mugavust, lihtsust ja funk...","og_url":"https:\/\/fit360.ee\/en\/pood\/training-equipment-en\/drinking-bottles-en\/smartshake-shaker-lite-series-glossy-black-1000ml\/","og_site_name":"Fit360","article_modified_time":"2026-01-27T12:01:41+00:00","og_image":[{"width":2560,"height":2560,"url":"https:\/\/fit360.ee\/wp-content\/uploads\/2026\/01\/smartshake-shaker-lite-must-1000ml-fit360.ee_.jpg","type":"image\/jpeg"}],"twitter_card":"summary_large_image","twitter_misc":{"Est. reading time":"2 minutes"},"schema":{"@context":"https:\/\/schema.org","@graph":[{"@type":"WebPage","@id":"https:\/\/fit360.ee\/en\/pood\/training-equipment-en\/drinking-bottles-en\/smartshake-shaker-lite-series-glossy-black-1000ml\/","url":"https:\/\/fit360.ee\/en\/pood\/training-equipment-en\/drinking-bottles-en\/smartshake-shaker-lite-series-glossy-black-1000ml\/","name":"SmartShake Shaker Lite Series, Glossy Black (1000ml) - Kiire Tarne - Fit360","isPartOf":{"@id":"https:\/\/fit360.ee\/en\/#website"},"primaryImageOfPage":{"@id":"https:\/\/fit360.ee\/en\/pood\/training-equipment-en\/drinking-bottles-en\/smartshake-shaker-lite-series-glossy-black-1000ml\/#primaryimage"},"image":{"@id":"https:\/\/fit360.ee\/en\/pood\/training-equipment-en\/drinking-bottles-en\/smartshake-shaker-lite-series-glossy-black-1000ml\/#primaryimage"},"thumbnailUrl":"https:\/\/fit360.ee\/wp-content\/uploads\/2026\/01\/smartshake-shaker-lite-must-1000ml-fit360.ee_.jpg","datePublished":"2026-01-22T13:35:02+00:00","dateModified":"2026-01-27T12:01:41+00:00","description":"Smartshake Shaker Lite Black 1000 ml on praktiline ja vastupidav joogipudel, mis on loodud aktiivsele inimesele, kes hindab mugavust, lihtsust ja funk...","breadcrumb":{"@id":"https:\/\/fit360.ee\/en\/pood\/training-equipment-en\/drinking-bottles-en\/smartshake-shaker-lite-series-glossy-black-1000ml\/#breadcrumb"},"inLanguage":"en-US","potentialAction":[{"@type":"ReadAction","target":["https:\/\/fit360.ee\/en\/pood\/training-equipment-en\/drinking-bottles-en\/smartshake-shaker-lite-series-glossy-black-1000ml\/"]}]},{"@type":"ImageObject","inLanguage":"en-US","@id":"https:\/\/fit360.ee\/en\/pood\/training-equipment-en\/drinking-bottles-en\/smartshake-shaker-lite-series-glossy-black-1000ml\/#primaryimage","url":"https:\/\/fit360.ee\/wp-content\/uploads\/2026\/01\/smartshake-shaker-lite-must-1000ml-fit360.ee_.jpg","contentUrl":"https:\/\/fit360.ee\/wp-content\/uploads\/2026\/01\/smartshake-shaker-lite-must-1000ml-fit360.ee_.jpg","width":2560,"height":2560,"caption":"smartshake shaker lite must 1000ml - fit360.ee"},{"@type":"BreadcrumbList","@id":"https:\/\/fit360.ee\/en\/pood\/training-equipment-en\/drinking-bottles-en\/smartshake-shaker-lite-series-glossy-black-1000ml\/#breadcrumb","itemListElement":[{"@type":"ListItem","position":1,"name":"Home","item":"https:\/\/fit360.ee\/en\/"},{"@type":"ListItem","position":2,"name":"Shop","item":"https:\/\/fit360.ee\/en\/shop\/"},{"@type":"ListItem","position":3,"name":"SmartShake Shaker Lite Series, Glossy Black (1000ml)"}]},{"@type":"WebSite","@id":"https:\/\/fit360.ee\/en\/#website","url":"https:\/\/fit360.ee\/en\/","name":"Fit360","description":"","publisher":{"@id":"https:\/\/fit360.ee\/en\/#organization"},"potentialAction":[{"@type":"SearchAction","target":{"@type":"EntryPoint","urlTemplate":"https:\/\/fit360.ee\/en\/?s={search_term_string}"},"query-input":{"@type":"PropertyValueSpecification","valueRequired":true,"valueName":"search_term_string"}}],"inLanguage":"en-US"},{"@type":"Organization","@id":"https:\/\/fit360.ee\/en\/#organization","name":"Fit360","url":"https:\/\/fit360.ee\/en\/","logo":{"@type":"ImageObject","inLanguage":"en-US","@id":"https:\/\/fit360.ee\/en\/#\/schema\/logo\/image\/","url":"https:\/\/fit360.ee\/wp-content\/uploads\/2017\/01\/logo-fit360.png","contentUrl":"https:\/\/fit360.ee\/wp-content\/uploads\/2017\/01\/logo-fit360.png","width":180,"height":66,"caption":"Fit360"},"image":{"@id":"https:\/\/fit360.ee\/en\/#\/schema\/logo\/image\/"}}]}},"_links":{"self":[{"href":"https:\/\/fit360.ee\/en\/wp-json\/wp\/v2\/product\/93906","targetHints":{"allow":["GET"]}}],"collection":[{"href":"https:\/\/fit360.ee\/en\/wp-json\/wp\/v2\/product"}],"about":[{"href":"https:\/\/fit360.ee\/en\/wp-json\/wp\/v2\/types\/product"}],"replies":[{"embeddable":true,"href":"https:\/\/fit360.ee\/en\/wp-json\/wp\/v2\/comments?post=93906"}],"wp:featuredmedia":[{"embeddable":true,"href":"https:\/\/fit360.ee\/en\/wp-json\/wp\/v2\/media\/93907"}],"wp:attachment":[{"href":"https:\/\/fit360.ee\/en\/wp-json\/wp\/v2\/media?parent=93906"}],"wp:term":[{"taxonomy":"product_brand","embeddable":true,"href":"https:\/\/fit360.ee\/en\/wp-json\/wp\/v2\/product_brand?post=93906"},{"taxonomy":"product_cat","embeddable":true,"href":"https:\/\/fit360.ee\/en\/wp-json\/wp\/v2\/product_cat?post=93906"},{"taxonomy":"product_tag","embeddable":true,"href":"https:\/\/fit360.ee\/en\/wp-json\/wp\/v2\/product_tag?post=93906"},{"taxonomy":"giftcard-category","embeddable":true,"href":"https:\/\/fit360.ee\/en\/wp-json\/wp\/v2\/giftcard-category?post=93906"}],"curies":[{"name":"wp","href":"https:\/\/api.w.org\/{rel}","templated":true}]}}