{"id":93946,"date":"2026-01-23T13:20:01","date_gmt":"2026-01-23T11:20:01","guid":{"rendered":"https:\/\/fit360.ee\/pood\/uncategorized\/mahe-ashwagandha-pulber-150g\/"},"modified":"2026-03-29T13:55:54","modified_gmt":"2026-03-29T11:55:54","slug":"mahe-ashwagandha-pulber-150g","status":"publish","type":"product","link":"https:\/\/fit360.ee\/en\/pood\/product-groups\/superfoods-health-foods-en\/ashwagandha-en\/mahe-ashwagandha-pulber-150g\/","title":{"rendered":"Mahe Ashwagandha pulber (150g)"},"content":{"rendered":"<h2><strong>Ashwagandha pulber<\/strong><\/h2>\n<p style=\"font-weight: 400;\"><b><strong>Ashwagandha pulber<\/strong><\/b>, tuntud ka kui talvekirss v\u00f5i India \u017een\u0161enn\u00a0<i><em>(Withania somnifera<\/em><\/i>), on v\u00e4ike kollaste \u00f5itega p\u00f5\u00f5sas. Seda taime leidub looduslikult Indias ja Kagu-Aasias. See on \u00fcks k\u00f5ige sagedamini kasutatavatest ravimtaimedest ajurveeda meditsiinis. Ashwagandhat v\u00f5rreldakse sageli \u017een\u0161enniga selle sarnaste omaduste t\u00f5ttu, mis on toonud sellele ka h\u00fc\u00fcdnime &#8220;India \u017een\u0161enn&#8221;. Oma iseloomuliku aroomi t\u00f5ttu nimetatakse seda m\u00f5nikord inglise keeles &#8220;hobuse l\u00f5hnaks&#8221;, kuna arvatakse, et see suurendab j\u00f5udu ja annab energiat. See nimi v\u00f5ib tuleneda ka juurte erip\u00e4rasest l\u00f5hnast.<\/p>\n<p><strong>ICONFIT mahe Ashwagandha sisaldab palju kiudaineid, aitab kaasa organismi stressitaluvusele ja emotsionaalse stabiilsuse s\u00e4ilimisele.<\/strong><\/p>\n<ul>\n<li><strong>Aitab leevendada stressi ja \u00e4revust:<\/strong>\u00a0Ashwagandha kui adaptogeen aitab organismil stressiga toime tulla ja leevendab \u00e4revuse s\u00fcmptomeid. See aitab s\u00e4ilitada f\u00fc\u00fcsilist ja vaimset v\u00f5imekust n\u00f5rkuse, kurnatuse, v\u00e4simuse ning keskendumisv\u00f5ime kaotuse korral.<\/li>\n<li><strong>Suurendab energiat ja vastupidavust:<\/strong>\u00a0t\u00f5stab energiataset, andes j\u00f5udu ja vastupidavust.<\/li>\n<li><strong>Hormonaalne tasakaal:<\/strong>\u00a0v\u00f5ib aidata reguleerida kortisoolitaset ning t\u00f5sta kilpn\u00e4\u00e4rme ja neerupealiste tervist.<\/li>\n<li><strong>Ergutab kognitiivseid v\u00f5imeid:<\/strong>\u00a0toetab m\u00e4lu, keskendumisv\u00f5ime ja \u00fcldise aju toimimise paranemist.<\/li>\n<li><strong>Tugevdab immuuns\u00fcsteemi:<\/strong>\u00a0aitab kaasa paremale immuunsusele ja tugevdab organismi loomulikku kaitsev\u00f5imet.<\/li>\n<li><strong>Parandab meeleolu:<\/strong>\u00a0toetab emotsionaalset tasakaalu ja aitab kaasa organismi vastupidavusele stressile.<\/li>\n<\/ul>\n<p style=\"font-weight: 400;\"><b><strong>Miks on Ashwagandha kasulik? <\/strong><\/b>Ashwagandha sisaldab palju kiudaineid, aitab kaasa organismi stressitaluvusele ja emotsionaalse stabiilsuse s\u00e4ilitamisele. Ashwagandha toetab \u00fcldist eluj\u00f5udu ja heaolu. See aitab reguleerida ainevahetust, parandada kognitiivseid ja vaimseid funktsioone, soodustada rahulikku magamist, toetada s\u00fcdame-veresoonkonna tervislikku toimimist ja h\u00f5lbustada l\u00f5\u00f5gastumist.<\/p>\n<p style=\"font-weight: 400;\"><b><strong>Mahe ja k\u00f5rgema kvaliteediga:<\/strong><\/b>\u00a0saadud mahep\u00f5llumajanduslikult kasvatatud ashwagandha juurtest, mis tagab puhta, loodusliku toote ilma pestitsiidide ja s\u00fcnteetiliste lisanditeta.<\/p>\n<p style=\"font-weight: 400;\"><b><strong>Mitmeotstarbeline:<\/strong><\/b>\u00a0sobib ideaalselt smuutidesse, teedesse,\u00a0<em>latte<\/em>&#8216;desse segamiseks v\u00f5i pagaritoodetesse lisamiseks.<\/p>\n<p style=\"font-weight: 400;\"><b><strong>Puhas ja looduslik:<\/strong><\/b>\u00a0ei sisalda lisatud suhkruid, s\u00e4ilitusaineid ega kunstlikke komponente \u2013 ainult 100% puhast ashwagandha pulbrit.<\/p>\n<p style=\"font-weight: 400;\"><b><strong>KUIDAS KASUTADA: <\/strong><\/b>T\u00e4iskasvanutele, lisa 1 tl (2,5 g) pulbrit kuumadele jookidele, smuutidele v\u00f5i jogurtitele.<\/p>\n<p style=\"font-weight: 400;\">HOIATUS: Mitte kasutada toidulisandit mitmekesise toitumise asendajana. Oluline on toituda mitmek\u00fclgselt ja tasakaalustatult ning harrastada tervislikku elustiili. Mitte \u00fcletada soovitatavat \u00f6\u00f6p\u00e4evast annust. Hoida lastele k\u00e4ttesaamatus kohas. Mitte kasutada lastel, rasedatel ja imetavatel naistel. Ravimitega koos kasutamisel pidage n\u00f5u arstiga.<\/p>\n<p>S\u00c4ILITAMINE: <span style=\"font-weight: 400;\">Hoida toatemperatuuril, kaitstuna niiskuse ja otsese p\u00e4ikesevalguse eest. Netokaal 150 g.<\/span><br style=\"font-weight: 400;\" \/><br style=\"font-weight: 400;\" \/><b><strong>KOOSTISOSAD:<\/strong><\/b><span style=\"font-weight: 400;\">\u00a0100% mahe Ashwagandha (<\/span><em style=\"font-weight: 400;\">Withania somnifera<\/em><span style=\"font-weight: 400;\">) ehk uimastava juustumarja juure pulber.<\/span><\/p>\n<p>Vaata ka meie Teisi Ashwagandha tooteid <a href=\"https:\/\/fit360.ee\/tootekategooria\/tootegrupid\/supertoit-tervisetoit\/ashwagandha\/\"><strong>SIIT<\/strong><\/a> v\u00f5i Aju Tegevust toetavaid lisandeid <a href=\"https:\/\/fit360.ee\/tootekategooria\/tootegrupid\/aju-tegevus-nootropics\/\"><strong>SIIT<\/strong><\/a>!<\/p>\n<p>Soovid kaupa osta suuremas koguses? Vaata antud toodet ka meie HULGI poest\u00a0<a href=\"https:\/\/toidulisandidhulgi.ee\/tooted\/mahe-ashwagandha-pulber-150g\/\"><strong>SIIT<\/strong><\/a>!<\/p>\n","protected":false},"excerpt":{"rendered":"<ul>\n<li><strong>Aitab leevendada stressi ja \u00e4revust:<\/strong>\u00a0Ashwagandha kui adaptogeen aitab organismil stressiga toime tulla ja leevendab \u00e4revuse s\u00fcmptomeid. See aitab s\u00e4ilitada f\u00fc\u00fcsilist ja vaimset v\u00f5imekust n\u00f5rkuse, kurnatuse, v\u00e4simuse ning keskendumisv\u00f5ime kaotuse korral.<\/li>\n<li><strong>Suurendab energiat ja vastupidavust:<\/strong>\u00a0t\u00f5stab energiataset, andes j\u00f5udu ja vastupidavust.<\/li>\n<li><strong>Hormonaalne tasakaal:<\/strong>\u00a0v\u00f5ib aidata reguleerida kortisoolitaset ning t\u00f5sta kilpn\u00e4\u00e4rme ja neerupealiste tervist.<\/li>\n<li><strong>Ergutab kognitiivseid v\u00f5imeid:<\/strong>\u00a0toetab m\u00e4lu, keskendumisv\u00f5ime ja \u00fcldise aju toimimise paranemist.<\/li>\n<li><strong>Tugevdab immuuns\u00fcsteemi:<\/strong>\u00a0aitab kaasa paremale immuunsusele ja tugevdab organismi loomulikku kaitsev\u00f5imet.<\/li>\n<li><strong>Parandab meeleolu:<\/strong>\u00a0toetab emotsionaalset tasakaalu ja aitab kaasa organismi vastupidavusele stressile.<\/li>\n<\/ul>\n","protected":false},"featured_media":93947,"comment_status":"open","ping_status":"closed","template":"","meta":[],"product_brand":[],"product_cat":[2347,2485,1318,2476,1873,1454,532],"product_tag":[2182,3165,1681],"giftcard-category":[],"class_list":{"0":"post-93946","1":"product","2":"type-product","3":"status-publish","4":"has-post-thumbnail","6":"product_cat-ashwagandha-en","7":"product_cat-brain-support-nootropics-en","8":"product_cat-iconfit-en","9":"product_cat-sleep-enhancers-en","10":"product_cat-superfood-blends-en","11":"product_cat-superfoods-health-foods-en","12":"product_cat-testosterone-boosters-en","13":"product_tag-ashwagandha-en","14":"product_tag-ashwagandha-pulber-en","15":"product_tag-iconfit-en","16":"pa_kogus-100g-en","17":"pa_toidulisand-branddd-iconfit","18":"pa_tootegruppp-aju-tegevus-nootropics-en","19":"pa_tootegruppp-ashwagandha-en","20":"pa_tootegruppp-supertoidusegud-smuutidele-en","21":"pa_tootegruppp-supertoit-tervisetoit-en","22":"pa_tootegruppp-testosterone-enhancers","23":"pa_tootegruppp-uni-en","25":"first","26":"instock","27":"sale","28":"taxable","29":"shipping-taxable","30":"purchasable","31":"product-type-simple"},"yoast_head":"<!-- This site is optimized with the Yoast SEO plugin v27.3 - https:\/\/yoast.com\/product\/yoast-seo-wordpress\/ -->\n<title>Mahe Ashwagandha pulber (150g) - Parim Hind - Kiire Tarne - Fit360<\/title>\n<meta name=\"description\" content=\"Ashwagandha pulber, tuntud ka kui talvekirss v\u00f5i India \u017een\u0161enn\u00a0(Withania somnifera), on v\u00e4ike kollaste \u00f5itega p\u00f5\u00f5sas. Seda taime leidub looduslikult In...\" \/>\n<meta name=\"robots\" content=\"index, follow, max-snippet:-1, max-image-preview:large, max-video-preview:-1\" \/>\n<link rel=\"canonical\" href=\"https:\/\/fit360.ee\/en\/pood\/product-groups\/superfoods-health-foods-en\/ashwagandha-en\/mahe-ashwagandha-pulber-150g\/\" \/>\n<meta property=\"og:locale\" content=\"en_US\" \/>\n<meta property=\"og:type\" content=\"article\" \/>\n<meta property=\"og:title\" content=\"Mahe Ashwagandha pulber (150g) - Parim Hind - Kiire Tarne - Fit360\" \/>\n<meta property=\"og:description\" content=\"Ashwagandha pulber, tuntud ka kui talvekirss v\u00f5i India \u017een\u0161enn\u00a0(Withania somnifera), on v\u00e4ike kollaste \u00f5itega p\u00f5\u00f5sas. Seda taime leidub looduslikult In...\" \/>\n<meta property=\"og:url\" content=\"https:\/\/fit360.ee\/en\/pood\/product-groups\/superfoods-health-foods-en\/ashwagandha-en\/mahe-ashwagandha-pulber-150g\/\" \/>\n<meta property=\"og:site_name\" content=\"Fit360\" \/>\n<meta property=\"article:modified_time\" content=\"2026-03-29T11:55:54+00:00\" \/>\n<meta property=\"og:image\" content=\"https:\/\/fit360.ee\/wp-content\/uploads\/2026\/01\/mahe-ashwagandha-pulber-fit360.ee_.webp\" \/>\n\t<meta property=\"og:image:width\" content=\"695\" \/>\n\t<meta property=\"og:image:height\" content=\"695\" \/>\n\t<meta property=\"og:image:type\" content=\"image\/webp\" \/>\n<meta name=\"twitter:card\" content=\"summary_large_image\" \/>\n<meta name=\"twitter:label1\" content=\"Est. reading time\" \/>\n\t<meta name=\"twitter:data1\" content=\"3 minutes\" \/>\n<script type=\"application\/ld+json\" class=\"yoast-schema-graph\">{\"@context\":\"https:\\\/\\\/schema.org\",\"@graph\":[{\"@type\":\"WebPage\",\"@id\":\"https:\\\/\\\/fit360.ee\\\/en\\\/pood\\\/product-groups\\\/superfoods-health-foods-en\\\/ashwagandha-en\\\/mahe-ashwagandha-pulber-150g\\\/\",\"url\":\"https:\\\/\\\/fit360.ee\\\/en\\\/pood\\\/product-groups\\\/superfoods-health-foods-en\\\/ashwagandha-en\\\/mahe-ashwagandha-pulber-150g\\\/\",\"name\":\"Mahe Ashwagandha pulber (150g) - Parim Hind - Kiire Tarne - Fit360\",\"isPartOf\":{\"@id\":\"https:\\\/\\\/fit360.ee\\\/en\\\/#website\"},\"primaryImageOfPage\":{\"@id\":\"https:\\\/\\\/fit360.ee\\\/en\\\/pood\\\/product-groups\\\/superfoods-health-foods-en\\\/ashwagandha-en\\\/mahe-ashwagandha-pulber-150g\\\/#primaryimage\"},\"image\":{\"@id\":\"https:\\\/\\\/fit360.ee\\\/en\\\/pood\\\/product-groups\\\/superfoods-health-foods-en\\\/ashwagandha-en\\\/mahe-ashwagandha-pulber-150g\\\/#primaryimage\"},\"thumbnailUrl\":\"https:\\\/\\\/fit360.ee\\\/wp-content\\\/uploads\\\/2026\\\/01\\\/mahe-ashwagandha-pulber-fit360.ee_.webp\",\"datePublished\":\"2026-01-23T11:20:01+00:00\",\"dateModified\":\"2026-03-29T11:55:54+00:00\",\"description\":\"Ashwagandha pulber, tuntud ka kui talvekirss v\u00f5i India \u017een\u0161enn\u00a0(Withania somnifera), on v\u00e4ike kollaste \u00f5itega p\u00f5\u00f5sas. Seda taime leidub looduslikult In...\",\"breadcrumb\":{\"@id\":\"https:\\\/\\\/fit360.ee\\\/en\\\/pood\\\/product-groups\\\/superfoods-health-foods-en\\\/ashwagandha-en\\\/mahe-ashwagandha-pulber-150g\\\/#breadcrumb\"},\"inLanguage\":\"en-US\",\"potentialAction\":[{\"@type\":\"ReadAction\",\"target\":[\"https:\\\/\\\/fit360.ee\\\/en\\\/pood\\\/product-groups\\\/superfoods-health-foods-en\\\/ashwagandha-en\\\/mahe-ashwagandha-pulber-150g\\\/\"]}]},{\"@type\":\"ImageObject\",\"inLanguage\":\"en-US\",\"@id\":\"https:\\\/\\\/fit360.ee\\\/en\\\/pood\\\/product-groups\\\/superfoods-health-foods-en\\\/ashwagandha-en\\\/mahe-ashwagandha-pulber-150g\\\/#primaryimage\",\"url\":\"https:\\\/\\\/fit360.ee\\\/wp-content\\\/uploads\\\/2026\\\/01\\\/mahe-ashwagandha-pulber-fit360.ee_.webp\",\"contentUrl\":\"https:\\\/\\\/fit360.ee\\\/wp-content\\\/uploads\\\/2026\\\/01\\\/mahe-ashwagandha-pulber-fit360.ee_.webp\",\"width\":695,\"height\":695,\"caption\":\"mahe ashwagandha pulber - fit360.ee\"},{\"@type\":\"BreadcrumbList\",\"@id\":\"https:\\\/\\\/fit360.ee\\\/en\\\/pood\\\/product-groups\\\/superfoods-health-foods-en\\\/ashwagandha-en\\\/mahe-ashwagandha-pulber-150g\\\/#breadcrumb\",\"itemListElement\":[{\"@type\":\"ListItem\",\"position\":1,\"name\":\"Home\",\"item\":\"https:\\\/\\\/fit360.ee\\\/en\\\/\"},{\"@type\":\"ListItem\",\"position\":2,\"name\":\"Shop\",\"item\":\"https:\\\/\\\/fit360.ee\\\/en\\\/shop\\\/\"},{\"@type\":\"ListItem\",\"position\":3,\"name\":\"Mahe Ashwagandha pulber (150g)\"}]},{\"@type\":\"WebSite\",\"@id\":\"https:\\\/\\\/fit360.ee\\\/en\\\/#website\",\"url\":\"https:\\\/\\\/fit360.ee\\\/en\\\/\",\"name\":\"Fit360\",\"description\":\"\",\"publisher\":{\"@id\":\"https:\\\/\\\/fit360.ee\\\/en\\\/#organization\"},\"potentialAction\":[{\"@type\":\"SearchAction\",\"target\":{\"@type\":\"EntryPoint\",\"urlTemplate\":\"https:\\\/\\\/fit360.ee\\\/en\\\/?s={search_term_string}\"},\"query-input\":{\"@type\":\"PropertyValueSpecification\",\"valueRequired\":true,\"valueName\":\"search_term_string\"}}],\"inLanguage\":\"en-US\"},{\"@type\":\"Organization\",\"@id\":\"https:\\\/\\\/fit360.ee\\\/en\\\/#organization\",\"name\":\"Fit360\",\"url\":\"https:\\\/\\\/fit360.ee\\\/en\\\/\",\"logo\":{\"@type\":\"ImageObject\",\"inLanguage\":\"en-US\",\"@id\":\"https:\\\/\\\/fit360.ee\\\/en\\\/#\\\/schema\\\/logo\\\/image\\\/\",\"url\":\"https:\\\/\\\/fit360.ee\\\/wp-content\\\/uploads\\\/2017\\\/01\\\/logo-fit360.png\",\"contentUrl\":\"https:\\\/\\\/fit360.ee\\\/wp-content\\\/uploads\\\/2017\\\/01\\\/logo-fit360.png\",\"width\":180,\"height\":66,\"caption\":\"Fit360\"},\"image\":{\"@id\":\"https:\\\/\\\/fit360.ee\\\/en\\\/#\\\/schema\\\/logo\\\/image\\\/\"}}]}<\/script>\n<!-- \/ Yoast SEO plugin. -->","yoast_head_json":{"title":"Mahe Ashwagandha pulber (150g) - Parim Hind - Kiire Tarne - Fit360","description":"Ashwagandha pulber, tuntud ka kui talvekirss v\u00f5i India \u017een\u0161enn\u00a0(Withania somnifera), on v\u00e4ike kollaste \u00f5itega p\u00f5\u00f5sas. Seda taime leidub looduslikult In...","robots":{"index":"index","follow":"follow","max-snippet":"max-snippet:-1","max-image-preview":"max-image-preview:large","max-video-preview":"max-video-preview:-1"},"canonical":"https:\/\/fit360.ee\/en\/pood\/product-groups\/superfoods-health-foods-en\/ashwagandha-en\/mahe-ashwagandha-pulber-150g\/","og_locale":"en_US","og_type":"article","og_title":"Mahe Ashwagandha pulber (150g) - Parim Hind - Kiire Tarne - Fit360","og_description":"Ashwagandha pulber, tuntud ka kui talvekirss v\u00f5i India \u017een\u0161enn\u00a0(Withania somnifera), on v\u00e4ike kollaste \u00f5itega p\u00f5\u00f5sas. Seda taime leidub looduslikult In...","og_url":"https:\/\/fit360.ee\/en\/pood\/product-groups\/superfoods-health-foods-en\/ashwagandha-en\/mahe-ashwagandha-pulber-150g\/","og_site_name":"Fit360","article_modified_time":"2026-03-29T11:55:54+00:00","og_image":[{"width":695,"height":695,"url":"https:\/\/fit360.ee\/wp-content\/uploads\/2026\/01\/mahe-ashwagandha-pulber-fit360.ee_.webp","type":"image\/webp"}],"twitter_card":"summary_large_image","twitter_misc":{"Est. reading time":"3 minutes"},"schema":{"@context":"https:\/\/schema.org","@graph":[{"@type":"WebPage","@id":"https:\/\/fit360.ee\/en\/pood\/product-groups\/superfoods-health-foods-en\/ashwagandha-en\/mahe-ashwagandha-pulber-150g\/","url":"https:\/\/fit360.ee\/en\/pood\/product-groups\/superfoods-health-foods-en\/ashwagandha-en\/mahe-ashwagandha-pulber-150g\/","name":"Mahe Ashwagandha pulber (150g) - Parim Hind - Kiire Tarne - Fit360","isPartOf":{"@id":"https:\/\/fit360.ee\/en\/#website"},"primaryImageOfPage":{"@id":"https:\/\/fit360.ee\/en\/pood\/product-groups\/superfoods-health-foods-en\/ashwagandha-en\/mahe-ashwagandha-pulber-150g\/#primaryimage"},"image":{"@id":"https:\/\/fit360.ee\/en\/pood\/product-groups\/superfoods-health-foods-en\/ashwagandha-en\/mahe-ashwagandha-pulber-150g\/#primaryimage"},"thumbnailUrl":"https:\/\/fit360.ee\/wp-content\/uploads\/2026\/01\/mahe-ashwagandha-pulber-fit360.ee_.webp","datePublished":"2026-01-23T11:20:01+00:00","dateModified":"2026-03-29T11:55:54+00:00","description":"Ashwagandha pulber, tuntud ka kui talvekirss v\u00f5i India \u017een\u0161enn\u00a0(Withania somnifera), on v\u00e4ike kollaste \u00f5itega p\u00f5\u00f5sas. Seda taime leidub looduslikult In...","breadcrumb":{"@id":"https:\/\/fit360.ee\/en\/pood\/product-groups\/superfoods-health-foods-en\/ashwagandha-en\/mahe-ashwagandha-pulber-150g\/#breadcrumb"},"inLanguage":"en-US","potentialAction":[{"@type":"ReadAction","target":["https:\/\/fit360.ee\/en\/pood\/product-groups\/superfoods-health-foods-en\/ashwagandha-en\/mahe-ashwagandha-pulber-150g\/"]}]},{"@type":"ImageObject","inLanguage":"en-US","@id":"https:\/\/fit360.ee\/en\/pood\/product-groups\/superfoods-health-foods-en\/ashwagandha-en\/mahe-ashwagandha-pulber-150g\/#primaryimage","url":"https:\/\/fit360.ee\/wp-content\/uploads\/2026\/01\/mahe-ashwagandha-pulber-fit360.ee_.webp","contentUrl":"https:\/\/fit360.ee\/wp-content\/uploads\/2026\/01\/mahe-ashwagandha-pulber-fit360.ee_.webp","width":695,"height":695,"caption":"mahe ashwagandha pulber - fit360.ee"},{"@type":"BreadcrumbList","@id":"https:\/\/fit360.ee\/en\/pood\/product-groups\/superfoods-health-foods-en\/ashwagandha-en\/mahe-ashwagandha-pulber-150g\/#breadcrumb","itemListElement":[{"@type":"ListItem","position":1,"name":"Home","item":"https:\/\/fit360.ee\/en\/"},{"@type":"ListItem","position":2,"name":"Shop","item":"https:\/\/fit360.ee\/en\/shop\/"},{"@type":"ListItem","position":3,"name":"Mahe Ashwagandha pulber (150g)"}]},{"@type":"WebSite","@id":"https:\/\/fit360.ee\/en\/#website","url":"https:\/\/fit360.ee\/en\/","name":"Fit360","description":"","publisher":{"@id":"https:\/\/fit360.ee\/en\/#organization"},"potentialAction":[{"@type":"SearchAction","target":{"@type":"EntryPoint","urlTemplate":"https:\/\/fit360.ee\/en\/?s={search_term_string}"},"query-input":{"@type":"PropertyValueSpecification","valueRequired":true,"valueName":"search_term_string"}}],"inLanguage":"en-US"},{"@type":"Organization","@id":"https:\/\/fit360.ee\/en\/#organization","name":"Fit360","url":"https:\/\/fit360.ee\/en\/","logo":{"@type":"ImageObject","inLanguage":"en-US","@id":"https:\/\/fit360.ee\/en\/#\/schema\/logo\/image\/","url":"https:\/\/fit360.ee\/wp-content\/uploads\/2017\/01\/logo-fit360.png","contentUrl":"https:\/\/fit360.ee\/wp-content\/uploads\/2017\/01\/logo-fit360.png","width":180,"height":66,"caption":"Fit360"},"image":{"@id":"https:\/\/fit360.ee\/en\/#\/schema\/logo\/image\/"}}]}},"_links":{"self":[{"href":"https:\/\/fit360.ee\/en\/wp-json\/wp\/v2\/product\/93946","targetHints":{"allow":["GET"]}}],"collection":[{"href":"https:\/\/fit360.ee\/en\/wp-json\/wp\/v2\/product"}],"about":[{"href":"https:\/\/fit360.ee\/en\/wp-json\/wp\/v2\/types\/product"}],"replies":[{"embeddable":true,"href":"https:\/\/fit360.ee\/en\/wp-json\/wp\/v2\/comments?post=93946"}],"wp:featuredmedia":[{"embeddable":true,"href":"https:\/\/fit360.ee\/en\/wp-json\/wp\/v2\/media\/93947"}],"wp:attachment":[{"href":"https:\/\/fit360.ee\/en\/wp-json\/wp\/v2\/media?parent=93946"}],"wp:term":[{"taxonomy":"product_brand","embeddable":true,"href":"https:\/\/fit360.ee\/en\/wp-json\/wp\/v2\/product_brand?post=93946"},{"taxonomy":"product_cat","embeddable":true,"href":"https:\/\/fit360.ee\/en\/wp-json\/wp\/v2\/product_cat?post=93946"},{"taxonomy":"product_tag","embeddable":true,"href":"https:\/\/fit360.ee\/en\/wp-json\/wp\/v2\/product_tag?post=93946"},{"taxonomy":"giftcard-category","embeddable":true,"href":"https:\/\/fit360.ee\/en\/wp-json\/wp\/v2\/giftcard-category?post=93946"}],"curies":[{"name":"wp","href":"https:\/\/api.w.org\/{rel}","templated":true}]}}