{"id":94462,"date":"2026-02-17T12:11:25","date_gmt":"2026-02-17T10:11:25","guid":{"rendered":"https:\/\/fit360.ee\/pood\/uncategorized\/betaine-hcl-pepsin-100caps\/"},"modified":"2026-02-18T13:05:58","modified_gmt":"2026-02-18T11:05:58","slug":"betaine-hcl-pepsin-100caps","status":"publish","type":"product","link":"https:\/\/fit360.ee\/en\/pood\/product-groups\/vitamins-and-minerals-en\/betaine-hcl-pepsin-100caps\/","title":{"rendered":"Betaine HCl + Pepsin (100caps)"},"content":{"rendered":"<h2><strong>Betaine HCl + Pepsin\u00a0<\/strong><\/h2>\n<section class=\"cm__section\">\n<p class=\"cm__text --bold\"><span dir=\"auto\">OstroVit Betaine HCl + Pepsin on toidulisand, mis on pepsiini ja betaiinvesinikkloriidi allikas. See preparaat on saadaval kergesti neelatavate kapslite kujul, mis on loodud inimestele, kes soovivad oma dieeti v\u00e4\u00e4rtuslike koostisosadega t\u00e4iendada.<\/span><\/p>\n<ul class=\"cm__list\">\n<li><strong><span dir=\"auto\">Betaiinvesinikkloriidi ja pepsiini allikas<\/span><\/strong><span dir=\"auto\">\u00a0\u2013 \u00dcks portsjon toidulisandit annab organismile 650 mg betaiinvesinikkloriidi ja 150 mg pepsiini.<\/span><\/li>\n<li><strong><span dir=\"auto\">1 portsjon = 1 kapsel.<\/span><\/strong><\/li>\n<li><strong><span dir=\"auto\">T\u00f5husus<\/span><\/strong><span dir=\"auto\">\u00a0\u2013 Pakend sisaldab 100 portsjonit preparaati, mis on piisav enam kui kolmeks kuuks regulaarseks toidulisandi tarbimiseks.<\/span><\/li>\n<li><strong><span dir=\"auto\">Mugav vorm<\/span><\/strong><span dir=\"auto\">\u00a0\u2013 Kergesti neelatavate kapslite kujul saadaval olev preparaat tagab toidulisandi probleemideta manustamise.<\/span><\/li>\n<\/ul>\n<h4><strong><span dir=\"auto\">OstroVit Betaine HCl + Pepsin &#8211; v\u00e4\u00e4rtuslik toidulisand<\/span><\/strong><\/h4>\n<p><strong><span dir=\"auto\">Betaiin HCl<\/span><\/strong><span dir=\"auto\">\u00a0&#8211; betaiin on aminohape, tuntud ka kui trimet\u00fc\u00fclgl\u00fctsiin. See on orgaaniline keemiline \u00fchend, mida inimkeha s\u00fcnteesib osaliselt, kuid ebapiisavas koguses, mist\u00f5ttu tasub seda ainet organismile ka v\u00e4ljastpoolt tarnida &#8211; peet, aga ka spinat, teraviljad ja mereannid on betaiini allikad. Koos vesinikkloriidhappega moodustab see v\u00e4\u00e4rtusliku \u00fchendi nimega betaiin HCl, mida iseloomustab hea lahustuvus.<\/span><\/p>\n<p><strong><span dir=\"auto\">Pepsiin<\/span><\/strong><span dir=\"auto\">\u00a0&#8211; endopeptidaaside r\u00fchma kuuluv ens\u00fc\u00fcm, pepsinogeeni aktiivne vorm, mis on mao n\u00e4\u00e4rmerakkude poolt eritatav ens\u00fc\u00fcm. See on maomahla komponent ja vastutab valkude esmase lagundamise ja seedimise eest.<\/span><\/p>\n<p><span dir=\"auto\">OstroViti preparaat kasutab nii betaiinvesinikkloriidi kui ka pepsiini, mis m\u00f5jutab positiivselt toidulisandi kvaliteeti ja efektiivsust.<\/span><\/p>\n<p data-start=\"321\" data-end=\"829\">Toidulisand <strong data-start=\"333\" data-end=\"366\">Betaine HCl + Pepsin 100 caps<\/strong> on loodud sihip\u00e4raseks seedimise toetamiseks ning normaalse maohappesuse ja valkude lagundamise parandamiseks. See toode \u00fchendab kahte t\u00f5husat koostisosa \u2013 betaiinvesinikkloriidi ja pepsiini \u2013, mis t\u00f6\u00f6tavad koos toetades seedes\u00fcsteemi toimimist ja toitainete imendumist toidust. Betaine HCl + Pepsin on eriti kasulik neile, kelle organism toodab v\u00e4hem maohapet vanusest, stressist v\u00f5i ebatervislikest harjumustest tingituna.<\/p>\n<p data-start=\"831\" data-end=\"1288\">Maohape on seedimise \u00fcks olulisemaid komponente: see aktiveerib valgulahustavaid ens\u00fc\u00fcme, nagu pepsiin, aitab toitu lagundada ja toetab mikroorganismide ohutut elimineerimist toidust. Betaine HCl + Pepsin annab organismile lisatoetust t\u00e4iendava vesinikkloriidhappe ja ens\u00fc\u00fcmi n\u00e4ol, mis aitavad valkude seedimist optimeerida ning v\u00f5ivad parandada ka vitamiinide ja mineraalide omastamist, n\u00e4iteks B12-vitamiini ja rauda.<\/p>\n<p data-start=\"1290\" data-end=\"1675\">Lisaks v\u00f5ib <strong data-start=\"1302\" data-end=\"1326\">Betaine HCl + Pepsin<\/strong> tarbimine aidata v\u00e4hendada seedeh\u00e4iretest tingitud ebamugavustunnet, nagu puhitustunne, gaasid v\u00f5i raskustunne p\u00e4rast s\u00f6\u00f6ki. See teeb sellest hea toidulisandi valiku neile, kes s\u00f6\u00f6vad valgurikkaid toite \u2013 nt liharoogasid, kaunvilju v\u00f5i piimatooteid \u2013 ning soovivad suurendada valkude l\u00f5hustamist ja imendumist.<\/p>\n<p data-start=\"1677\" data-end=\"2000\">Toode sobib h\u00e4sti inimestele, kellel esineb aeglane seedimine, madal maohappesus v\u00f5i vanusega seotud muutused seedeens\u00fc\u00fcmide aktiivsuses. Samuti v\u00f5ib see olla kasulik sportlastele ja aktiivse eluviisiga inimestele, kelle kehal on suurenenud vajadus valkude efektiivse seedimise j\u00e4rele.<\/p>\n<h4 data-start=\"1677\" data-end=\"2000\"><strong>Betaiin HCL + Pepsiin kasulikud omadused<\/strong>:<\/h4>\n<ul>\n<li data-start=\"1677\" data-end=\"2000\"><strong data-start=\"2406\" data-end=\"2425\">Seedimise tugi:<\/strong> betaiin HCl aitab tasakaalustada maohappesust ja soodustab toidu lagundamist.<\/li>\n<li data-start=\"1677\" data-end=\"2000\"><strong data-start=\"2547\" data-end=\"2571\">Valkude l\u00f5hustamine:<\/strong> pepsiin on ens\u00fc\u00fcm, mis v\u00f5tab osa valkude esmase lagundamise protsessist.<\/li>\n<li data-start=\"1677\" data-end=\"2000\"><strong data-start=\"2688\" data-end=\"2726\">Toitainete imendumise parandamine:<\/strong> v\u00f5ib toetada B-vitamiinide ja mineraalide omastamist.<\/li>\n<li data-start=\"1677\" data-end=\"2000\"><strong data-start=\"2824\" data-end=\"2859\">V\u00e4hendab seedimise ebamugavust:<\/strong> aitab leevendada puhitust ja raskustunnet.<\/li>\n<li data-start=\"1677\" data-end=\"2000\"><strong data-start=\"2946\" data-end=\"2980\">Sobib aktiivsetele inimestele:<\/strong> toetab valgurikka toitumise seedimist ja imendumist<\/li>\n<\/ul>\n<h4 class=\"cm__heading\"><strong><span dir=\"auto\">Laboris kinnitatud kvaliteet<\/span><\/strong><\/h4>\n<p class=\"cm__text --bold\"><span dir=\"auto\">Meie klientide tervise huvides testitakse meie valmistatud tooteid regulaarselt s\u00f5ltumatus akrediteeritud laboris, et tagada ja s\u00e4ilitada k\u00f5rgeim kvaliteet.<\/span><\/p>\n<p data-start=\"1677\" data-end=\"2000\"><strong>Koostisosad<\/strong>: <span dir=\"auto\">Betaiinvesinikkloriid, pepsiin 1:3000 NF, t\u00e4iteaine: h\u00fcdroks\u00fcprop\u00fc\u00fclmet\u00fc\u00fcltselluloos.<\/span><\/p>\n<p><span dir=\"auto\">Valmistatud tehases, kus kasutatakse piimast (sh laktoos), sojaubadest, maap\u00e4hklitest, muudest p\u00e4hklitest, seesamiseemnetest, gluteeni sisaldavatest teraviljadest, munadest, koorikloomadest ja kalast saadud koostisosi.<\/span><\/p>\n<p data-start=\"2002\" data-end=\"2337\"><strong data-start=\"2002\" data-end=\"2022\">Kasutamine<\/strong> tavaliselt v\u00f5etakse \u00fcks kapsel koos toiduga, et toetada seedimisprotsessi igap\u00e4evaselt. Toidulisandit ei ole m\u00f5eldud mitmek\u00fclgse toitumise asendamiseks, ning enne kasutamist tasub konsulteerida tervishoiut\u00f6\u00f6tajaga, eriti kui esineb seedetrakti haigusi v\u00f5i ravimeid tarbitakse.<\/p>\n<p data-start=\"2002\" data-end=\"2337\"><strong>Suurus<\/strong>: 100 kapslit<\/p>\n<\/section>\n<section class=\"cm__section\">\n<table>\n<tbody>\n<tr>\n<th><span dir=\"auto\">Toimeained<\/span><\/th>\n<th><span dir=\"auto\">Portsjoni kohta<\/span><\/th>\n<\/tr>\n<tr>\n<td><span dir=\"auto\">Betaiinvesinikkloriid<\/span><\/td>\n<td><span dir=\"auto\">650 mg<\/span><\/td>\n<\/tr>\n<tr>\n<td><span dir=\"auto\">Pepsiin 1:3000 NF<\/span><\/td>\n<td><span dir=\"auto\">150 mg<\/span><\/td>\n<\/tr>\n<\/tbody>\n<\/table>\n<p>Vaata ka meie Teisi Vitamiine\/Mineraale <a href=\"https:\/\/fit360.ee\/tootekategooria\/tootegrupid\/vitamiinid-mineraalid-ja-muu\/\"><strong>SIIT<\/strong><\/a> v\u00f5i Antioks\u00fcdante <a href=\"https:\/\/fit360.ee\/tootekategooria\/antioksudandid\/\"><strong>SIIT<\/strong><\/a>!<\/p>\n<p>Soovid teha suuremat tellimust? Vaata antud toodet meie HULGI lehelt\u00a0<a href=\"https:\/\/toidulisandidhulgi.ee\/tooted\/betaine-hcl-pepsin-100caps\/\"><strong>SIIT<\/strong><\/a>!<\/p>\n<\/section>\n","protected":false},"excerpt":{"rendered":"<ul>\n<li data-start=\"1677\" data-end=\"2000\"><strong data-start=\"2406\" data-end=\"2425\">Seedimise tugi:<\/strong> betaiin HCl aitab tasakaalustada maohappesust ja soodustab toidu lagundamist.<\/li>\n<li data-start=\"1677\" data-end=\"2000\"><strong data-start=\"2547\" data-end=\"2571\">Valkude l\u00f5hustamine:<\/strong> pepsiin on ens\u00fc\u00fcm, mis v\u00f5tab osa valkude esmase lagundamise protsessist.<\/li>\n<li data-start=\"1677\" data-end=\"2000\"><strong data-start=\"2688\" data-end=\"2726\">Toitainete imendumise parandamine:<\/strong> v\u00f5ib toetada B-vitamiinide ja mineraalide omastamist.<\/li>\n<li data-start=\"1677\" data-end=\"2000\"><strong data-start=\"2824\" data-end=\"2859\">V\u00e4hendab seedimise ebamugavust:<\/strong> aitab leevendada puhitust ja raskustunnet.<\/li>\n<li data-start=\"1677\" data-end=\"2000\"><strong data-start=\"2946\" data-end=\"2980\">Sobib aktiivsetele inimestele:<\/strong> toetab valgurikka toitumise seedimist ja imendumist<\/li>\n<\/ul>\n","protected":false},"featured_media":94463,"comment_status":"open","ping_status":"closed","template":"","meta":[],"product_brand":[],"product_cat":[5311,1329,1454,536],"product_tag":[5483,11716,11717,1924,11718],"giftcard-category":[],"class_list":{"0":"post-94462","1":"product","2":"type-product","3":"status-publish","4":"has-post-thumbnail","6":"product_cat-antioxidants-en","7":"product_cat-ostrovit-en","8":"product_cat-superfoods-health-foods-en","9":"product_cat-vitamins-and-minerals-en","10":"product_tag-betaiin-en","11":"product_tag-betaiin-hcl-pepsiin","12":"product_tag-betaine-hcl-pepsin","13":"product_tag-ostrovit-en","14":"product_tag-pepsiin","15":"pa_kogus-100-capsules","16":"pa_toidulisand-branddd-ostrovit","17":"pa_tootegruppp-antioksudandid-en","18":"pa_tootegruppp-supertoit-tervisetoit-en","19":"pa_tootegruppp-vitamins-and-minerals","21":"first","22":"instock","23":"sale","24":"taxable","25":"shipping-taxable","26":"purchasable","27":"product-type-simple"},"yoast_head":"<!-- This site is optimized with the Yoast SEO plugin v27.3 - https:\/\/yoast.com\/product\/yoast-seo-wordpress\/ -->\n<title>Betaine HCl + Pepsin (100caps) - Betaiin HCL + Pepsiin - Parim hind - Fit360<\/title>\n<meta name=\"description\" content=\"Betaine HCl + Pepsin 100 caps on loodud sihip\u00e4raseks seedimise toetamiseks ning normaalse maohappesuse ja valkude lagundamise parandamiseks. See toode...\" \/>\n<meta name=\"robots\" content=\"index, follow, max-snippet:-1, max-image-preview:large, max-video-preview:-1\" \/>\n<link rel=\"canonical\" href=\"https:\/\/fit360.ee\/en\/pood\/product-groups\/vitamins-and-minerals-en\/betaine-hcl-pepsin-100caps\/\" \/>\n<meta property=\"og:locale\" content=\"en_US\" \/>\n<meta property=\"og:type\" content=\"article\" \/>\n<meta property=\"og:title\" content=\"Betaine HCl + Pepsin (100caps) - Betaiin HCL + Pepsiin - Parim hind - Fit360\" \/>\n<meta property=\"og:description\" content=\"Betaine HCl + Pepsin 100 caps on loodud sihip\u00e4raseks seedimise toetamiseks ning normaalse maohappesuse ja valkude lagundamise parandamiseks. See toode...\" \/>\n<meta property=\"og:url\" content=\"https:\/\/fit360.ee\/en\/pood\/product-groups\/vitamins-and-minerals-en\/betaine-hcl-pepsin-100caps\/\" \/>\n<meta property=\"og:site_name\" content=\"Fit360\" \/>\n<meta property=\"article:modified_time\" content=\"2026-02-18T11:05:58+00:00\" \/>\n<meta property=\"og:image\" content=\"https:\/\/fit360.ee\/wp-content\/uploads\/2026\/02\/betaineHCl-pepsin-fit360.ee-1.png\" \/>\n\t<meta property=\"og:image:width\" content=\"1000\" \/>\n\t<meta property=\"og:image:height\" content=\"1000\" \/>\n\t<meta property=\"og:image:type\" content=\"image\/png\" \/>\n<meta name=\"twitter:card\" content=\"summary_large_image\" \/>\n<meta name=\"twitter:label1\" content=\"Est. reading time\" \/>\n\t<meta name=\"twitter:data1\" content=\"4 minutes\" \/>\n<script type=\"application\/ld+json\" class=\"yoast-schema-graph\">{\"@context\":\"https:\\\/\\\/schema.org\",\"@graph\":[{\"@type\":\"WebPage\",\"@id\":\"https:\\\/\\\/fit360.ee\\\/en\\\/pood\\\/product-groups\\\/vitamins-and-minerals-en\\\/betaine-hcl-pepsin-100caps\\\/\",\"url\":\"https:\\\/\\\/fit360.ee\\\/en\\\/pood\\\/product-groups\\\/vitamins-and-minerals-en\\\/betaine-hcl-pepsin-100caps\\\/\",\"name\":\"Betaine HCl + Pepsin (100caps) - Betaiin HCL + Pepsiin - Parim hind - Fit360\",\"isPartOf\":{\"@id\":\"https:\\\/\\\/fit360.ee\\\/en\\\/#website\"},\"primaryImageOfPage\":{\"@id\":\"https:\\\/\\\/fit360.ee\\\/en\\\/pood\\\/product-groups\\\/vitamins-and-minerals-en\\\/betaine-hcl-pepsin-100caps\\\/#primaryimage\"},\"image\":{\"@id\":\"https:\\\/\\\/fit360.ee\\\/en\\\/pood\\\/product-groups\\\/vitamins-and-minerals-en\\\/betaine-hcl-pepsin-100caps\\\/#primaryimage\"},\"thumbnailUrl\":\"https:\\\/\\\/fit360.ee\\\/wp-content\\\/uploads\\\/2026\\\/02\\\/betaineHCl-pepsin-fit360.ee-1.png\",\"datePublished\":\"2026-02-17T10:11:25+00:00\",\"dateModified\":\"2026-02-18T11:05:58+00:00\",\"description\":\"Betaine HCl + Pepsin 100 caps on loodud sihip\u00e4raseks seedimise toetamiseks ning normaalse maohappesuse ja valkude lagundamise parandamiseks. See toode...\",\"breadcrumb\":{\"@id\":\"https:\\\/\\\/fit360.ee\\\/en\\\/pood\\\/product-groups\\\/vitamins-and-minerals-en\\\/betaine-hcl-pepsin-100caps\\\/#breadcrumb\"},\"inLanguage\":\"en-US\",\"potentialAction\":[{\"@type\":\"ReadAction\",\"target\":[\"https:\\\/\\\/fit360.ee\\\/en\\\/pood\\\/product-groups\\\/vitamins-and-minerals-en\\\/betaine-hcl-pepsin-100caps\\\/\"]}]},{\"@type\":\"ImageObject\",\"inLanguage\":\"en-US\",\"@id\":\"https:\\\/\\\/fit360.ee\\\/en\\\/pood\\\/product-groups\\\/vitamins-and-minerals-en\\\/betaine-hcl-pepsin-100caps\\\/#primaryimage\",\"url\":\"https:\\\/\\\/fit360.ee\\\/wp-content\\\/uploads\\\/2026\\\/02\\\/betaineHCl-pepsin-fit360.ee-1.png\",\"contentUrl\":\"https:\\\/\\\/fit360.ee\\\/wp-content\\\/uploads\\\/2026\\\/02\\\/betaineHCl-pepsin-fit360.ee-1.png\",\"width\":1000,\"height\":1000,\"caption\":\"betaine HCl + pepsin - fit360.ee\"},{\"@type\":\"BreadcrumbList\",\"@id\":\"https:\\\/\\\/fit360.ee\\\/en\\\/pood\\\/product-groups\\\/vitamins-and-minerals-en\\\/betaine-hcl-pepsin-100caps\\\/#breadcrumb\",\"itemListElement\":[{\"@type\":\"ListItem\",\"position\":1,\"name\":\"Home\",\"item\":\"https:\\\/\\\/fit360.ee\\\/en\\\/\"},{\"@type\":\"ListItem\",\"position\":2,\"name\":\"Shop\",\"item\":\"https:\\\/\\\/fit360.ee\\\/en\\\/shop\\\/\"},{\"@type\":\"ListItem\",\"position\":3,\"name\":\"Betaine HCl + Pepsin (100caps)\"}]},{\"@type\":\"WebSite\",\"@id\":\"https:\\\/\\\/fit360.ee\\\/en\\\/#website\",\"url\":\"https:\\\/\\\/fit360.ee\\\/en\\\/\",\"name\":\"Fit360\",\"description\":\"\",\"publisher\":{\"@id\":\"https:\\\/\\\/fit360.ee\\\/en\\\/#organization\"},\"potentialAction\":[{\"@type\":\"SearchAction\",\"target\":{\"@type\":\"EntryPoint\",\"urlTemplate\":\"https:\\\/\\\/fit360.ee\\\/en\\\/?s={search_term_string}\"},\"query-input\":{\"@type\":\"PropertyValueSpecification\",\"valueRequired\":true,\"valueName\":\"search_term_string\"}}],\"inLanguage\":\"en-US\"},{\"@type\":\"Organization\",\"@id\":\"https:\\\/\\\/fit360.ee\\\/en\\\/#organization\",\"name\":\"Fit360\",\"url\":\"https:\\\/\\\/fit360.ee\\\/en\\\/\",\"logo\":{\"@type\":\"ImageObject\",\"inLanguage\":\"en-US\",\"@id\":\"https:\\\/\\\/fit360.ee\\\/en\\\/#\\\/schema\\\/logo\\\/image\\\/\",\"url\":\"https:\\\/\\\/fit360.ee\\\/wp-content\\\/uploads\\\/2017\\\/01\\\/logo-fit360.png\",\"contentUrl\":\"https:\\\/\\\/fit360.ee\\\/wp-content\\\/uploads\\\/2017\\\/01\\\/logo-fit360.png\",\"width\":180,\"height\":66,\"caption\":\"Fit360\"},\"image\":{\"@id\":\"https:\\\/\\\/fit360.ee\\\/en\\\/#\\\/schema\\\/logo\\\/image\\\/\"}}]}<\/script>\n<!-- \/ Yoast SEO plugin. -->","yoast_head_json":{"title":"Betaine HCl + Pepsin (100caps) - Betaiin HCL + Pepsiin - Parim hind - Fit360","description":"Betaine HCl + Pepsin 100 caps on loodud sihip\u00e4raseks seedimise toetamiseks ning normaalse maohappesuse ja valkude lagundamise parandamiseks. See toode...","robots":{"index":"index","follow":"follow","max-snippet":"max-snippet:-1","max-image-preview":"max-image-preview:large","max-video-preview":"max-video-preview:-1"},"canonical":"https:\/\/fit360.ee\/en\/pood\/product-groups\/vitamins-and-minerals-en\/betaine-hcl-pepsin-100caps\/","og_locale":"en_US","og_type":"article","og_title":"Betaine HCl + Pepsin (100caps) - Betaiin HCL + Pepsiin - Parim hind - Fit360","og_description":"Betaine HCl + Pepsin 100 caps on loodud sihip\u00e4raseks seedimise toetamiseks ning normaalse maohappesuse ja valkude lagundamise parandamiseks. See toode...","og_url":"https:\/\/fit360.ee\/en\/pood\/product-groups\/vitamins-and-minerals-en\/betaine-hcl-pepsin-100caps\/","og_site_name":"Fit360","article_modified_time":"2026-02-18T11:05:58+00:00","og_image":[{"width":1000,"height":1000,"url":"https:\/\/fit360.ee\/wp-content\/uploads\/2026\/02\/betaineHCl-pepsin-fit360.ee-1.png","type":"image\/png"}],"twitter_card":"summary_large_image","twitter_misc":{"Est. reading time":"4 minutes"},"schema":{"@context":"https:\/\/schema.org","@graph":[{"@type":"WebPage","@id":"https:\/\/fit360.ee\/en\/pood\/product-groups\/vitamins-and-minerals-en\/betaine-hcl-pepsin-100caps\/","url":"https:\/\/fit360.ee\/en\/pood\/product-groups\/vitamins-and-minerals-en\/betaine-hcl-pepsin-100caps\/","name":"Betaine HCl + Pepsin (100caps) - Betaiin HCL + Pepsiin - Parim hind - Fit360","isPartOf":{"@id":"https:\/\/fit360.ee\/en\/#website"},"primaryImageOfPage":{"@id":"https:\/\/fit360.ee\/en\/pood\/product-groups\/vitamins-and-minerals-en\/betaine-hcl-pepsin-100caps\/#primaryimage"},"image":{"@id":"https:\/\/fit360.ee\/en\/pood\/product-groups\/vitamins-and-minerals-en\/betaine-hcl-pepsin-100caps\/#primaryimage"},"thumbnailUrl":"https:\/\/fit360.ee\/wp-content\/uploads\/2026\/02\/betaineHCl-pepsin-fit360.ee-1.png","datePublished":"2026-02-17T10:11:25+00:00","dateModified":"2026-02-18T11:05:58+00:00","description":"Betaine HCl + Pepsin 100 caps on loodud sihip\u00e4raseks seedimise toetamiseks ning normaalse maohappesuse ja valkude lagundamise parandamiseks. See toode...","breadcrumb":{"@id":"https:\/\/fit360.ee\/en\/pood\/product-groups\/vitamins-and-minerals-en\/betaine-hcl-pepsin-100caps\/#breadcrumb"},"inLanguage":"en-US","potentialAction":[{"@type":"ReadAction","target":["https:\/\/fit360.ee\/en\/pood\/product-groups\/vitamins-and-minerals-en\/betaine-hcl-pepsin-100caps\/"]}]},{"@type":"ImageObject","inLanguage":"en-US","@id":"https:\/\/fit360.ee\/en\/pood\/product-groups\/vitamins-and-minerals-en\/betaine-hcl-pepsin-100caps\/#primaryimage","url":"https:\/\/fit360.ee\/wp-content\/uploads\/2026\/02\/betaineHCl-pepsin-fit360.ee-1.png","contentUrl":"https:\/\/fit360.ee\/wp-content\/uploads\/2026\/02\/betaineHCl-pepsin-fit360.ee-1.png","width":1000,"height":1000,"caption":"betaine HCl + pepsin - fit360.ee"},{"@type":"BreadcrumbList","@id":"https:\/\/fit360.ee\/en\/pood\/product-groups\/vitamins-and-minerals-en\/betaine-hcl-pepsin-100caps\/#breadcrumb","itemListElement":[{"@type":"ListItem","position":1,"name":"Home","item":"https:\/\/fit360.ee\/en\/"},{"@type":"ListItem","position":2,"name":"Shop","item":"https:\/\/fit360.ee\/en\/shop\/"},{"@type":"ListItem","position":3,"name":"Betaine HCl + Pepsin (100caps)"}]},{"@type":"WebSite","@id":"https:\/\/fit360.ee\/en\/#website","url":"https:\/\/fit360.ee\/en\/","name":"Fit360","description":"","publisher":{"@id":"https:\/\/fit360.ee\/en\/#organization"},"potentialAction":[{"@type":"SearchAction","target":{"@type":"EntryPoint","urlTemplate":"https:\/\/fit360.ee\/en\/?s={search_term_string}"},"query-input":{"@type":"PropertyValueSpecification","valueRequired":true,"valueName":"search_term_string"}}],"inLanguage":"en-US"},{"@type":"Organization","@id":"https:\/\/fit360.ee\/en\/#organization","name":"Fit360","url":"https:\/\/fit360.ee\/en\/","logo":{"@type":"ImageObject","inLanguage":"en-US","@id":"https:\/\/fit360.ee\/en\/#\/schema\/logo\/image\/","url":"https:\/\/fit360.ee\/wp-content\/uploads\/2017\/01\/logo-fit360.png","contentUrl":"https:\/\/fit360.ee\/wp-content\/uploads\/2017\/01\/logo-fit360.png","width":180,"height":66,"caption":"Fit360"},"image":{"@id":"https:\/\/fit360.ee\/en\/#\/schema\/logo\/image\/"}}]}},"_links":{"self":[{"href":"https:\/\/fit360.ee\/en\/wp-json\/wp\/v2\/product\/94462","targetHints":{"allow":["GET"]}}],"collection":[{"href":"https:\/\/fit360.ee\/en\/wp-json\/wp\/v2\/product"}],"about":[{"href":"https:\/\/fit360.ee\/en\/wp-json\/wp\/v2\/types\/product"}],"replies":[{"embeddable":true,"href":"https:\/\/fit360.ee\/en\/wp-json\/wp\/v2\/comments?post=94462"}],"wp:featuredmedia":[{"embeddable":true,"href":"https:\/\/fit360.ee\/en\/wp-json\/wp\/v2\/media\/94463"}],"wp:attachment":[{"href":"https:\/\/fit360.ee\/en\/wp-json\/wp\/v2\/media?parent=94462"}],"wp:term":[{"taxonomy":"product_brand","embeddable":true,"href":"https:\/\/fit360.ee\/en\/wp-json\/wp\/v2\/product_brand?post=94462"},{"taxonomy":"product_cat","embeddable":true,"href":"https:\/\/fit360.ee\/en\/wp-json\/wp\/v2\/product_cat?post=94462"},{"taxonomy":"product_tag","embeddable":true,"href":"https:\/\/fit360.ee\/en\/wp-json\/wp\/v2\/product_tag?post=94462"},{"taxonomy":"giftcard-category","embeddable":true,"href":"https:\/\/fit360.ee\/en\/wp-json\/wp\/v2\/giftcard-category?post=94462"}],"curies":[{"name":"wp","href":"https:\/\/api.w.org\/{rel}","templated":true}]}}