{"id":94471,"date":"2026-02-17T13:41:18","date_gmt":"2026-02-17T11:41:18","guid":{"rendered":"https:\/\/fit360.ee\/pood\/uncategorized\/bike-water-bottle-750ml\/"},"modified":"2026-02-18T12:38:30","modified_gmt":"2026-02-18T10:38:30","slug":"bike-water-bottle-750ml","status":"publish","type":"product","link":"https:\/\/fit360.ee\/en\/pood\/training-equipment-en\/drinking-bottles-en\/bike-water-bottle-750ml\/","title":{"rendered":"Bike Water Bottle (750ml)"},"content":{"rendered":"<h2><strong>Bike Water Bottle<\/strong><\/h2>\n<p><strong>ICONFIT Bike Water Bottle<\/strong>\u00a0on praktiline lahendus vedeliku tarbimiseks nii rattas\u00f5idul kui ka muude spordialade harrastamisel. Pudel on loodud mugavaks joomiseks liikumise ajal ning sobib nii treeninguteks kui ka vaba aja s\u00f5itudeks.<\/p>\n<p>Lai avaus v\u00f5imaldab lihtsat t\u00e4itmist ja p\u00f5hjalikku puhastamist. Pudeli kergus muudab selle mugavaks kaaslaseks igasuguste tegevuste juures.<\/p>\n<p><strong>Maht:<\/strong>\u00a0750 ml<\/p>\n<h4><strong>Kvaliteetne klassikaline jalgratta veepudel, millel on lihtsasti kasutatav kork.<\/strong><\/h4>\n<p>Sobib ideaalselt vedeliku tarbimiseks rattas\u00f5idu, treeningute v\u00f5i igap\u00e4evaste tegevuste ajal. ICONFITi Bike Water Bottle on valmistatud kvaliteetsest plastikust ning ei sisalda BPA ega DEHP aineid.<\/p>\n<p>Kerge ja praktiline pudel mahub standardsetesse jalgratta pudelihoidjatesse ning on lihtsasti kasutatav ka s\u00f5idu ajal. Ergonoomiline kuju tagab mugava ja kindla haarde.<\/p>\n<p>750 ml mahutavus on piisav vee v\u00f5i spordijoogi kaasav\u00f5tmiseks treeningutele. Ajatu disain n\u00e4eb hea v\u00e4lja nii rattal kui ka liikvel olles. Saadaval mustas ja valges v\u00e4rvitoonis.<\/p>\n<p><strong>V\u00e4rvused<\/strong>: Valge; Must<\/p>\n<p>Vaata ka meie Teisi Joogipudeleid <a href=\"https:\/\/fit360.ee\/tootekategooria\/treeningvarustus\/joogipudelid\/\"><strong>SIIT<\/strong><\/a> v\u00f5i \u0160eikereid <a href=\"https:\/\/fit360.ee\/tootekategooria\/treeningvarustus\/seikerid\/\"><strong>SIIT<\/strong><\/a>!<\/p>\n<p>Soovid teha suuremat tellimust? Vaata antud toodet meie HULGI lehelt\u00a0<a href=\"https:\/\/toidulisandidhulgi.ee\/tooted\/bike-water-bottle-750ml\/\"><strong>SIIT<\/strong><\/a>!<\/p>\n","protected":false},"excerpt":{"rendered":"<p>Sobib ideaalselt vedeliku tarbimiseks rattas\u00f5idu, treeningute v\u00f5i igap\u00e4evaste tegevuste ajal. ICONFITi Bike Water Bottle on valmistatud kvaliteetsest plastikust ning ei sisalda BPA ega DEHP aineid.<\/p>\n<p>Kerge ja praktiline pudel mahub standardsetesse jalgratta pudelihoidjatesse ning on lihtsasti kasutatav ka s\u00f5idu ajal. Ergonoomiline kuju tagab mugava ja kindla haarde.<\/p>\n<p>750 ml mahutavus on piisav vee v\u00f5i spordijoogi kaasav\u00f5tmiseks treeningutele. Ajatu disain n\u00e4eb hea v\u00e4lja nii rattal kui ka liikvel olles. Saadaval mustas ja valges v\u00e4rvitoonis.<\/p>\n","protected":false},"featured_media":94472,"comment_status":"open","ping_status":"closed","template":"","meta":[],"product_brand":[],"product_cat":[540,551,538],"product_tag":[11723,1681,4720,11724],"giftcard-category":[],"class_list":{"0":"post-94471","1":"product","2":"type-product","3":"status-publish","4":"has-post-thumbnail","6":"product_cat-drinking-bottles-en","7":"product_cat-shakers-en","8":"product_cat-training-equipment-en","9":"product_tag-bike-water-bottle","10":"product_tag-iconfit-en","11":"product_tag-veepudel-en","12":"product_tag-water-bottle","13":"pa_brand-iconfit-en","14":"pa_varustus-drinking-bottles","15":"pa_varustus-shakers","16":"pa_varvus-black","17":"pa_varvus-white","19":"first","20":"instock","21":"sale","22":"taxable","23":"shipping-taxable","24":"purchasable","25":"product-type-variable"},"yoast_head":"<!-- This site is optimized with the Yoast SEO plugin v27.3 - https:\/\/yoast.com\/product\/yoast-seo-wordpress\/ -->\n<title>Bike Water Bottle (750ml) - Joogipudel - Parim Hind - Kiire Tarne - Fit360<\/title>\n<meta name=\"description\" content=\"ICONFIT Bike Water Bottle\u00a0on praktiline lahendus vedeliku tarbimiseks nii rattas\u00f5idul kui ka muude spordialade harrastamisel. Pudel on loodud mugavaks joo..\" \/>\n<meta name=\"robots\" content=\"index, follow, max-snippet:-1, max-image-preview:large, max-video-preview:-1\" \/>\n<link rel=\"canonical\" href=\"https:\/\/fit360.ee\/en\/pood\/training-equipment-en\/drinking-bottles-en\/bike-water-bottle-750ml\/\" \/>\n<meta property=\"og:locale\" content=\"en_US\" \/>\n<meta property=\"og:type\" content=\"article\" \/>\n<meta property=\"og:title\" content=\"Bike Water Bottle (750ml) - Joogipudel - Parim Hind - Kiire Tarne - Fit360\" \/>\n<meta property=\"og:description\" content=\"ICONFIT Bike Water Bottle\u00a0on praktiline lahendus vedeliku tarbimiseks nii rattas\u00f5idul kui ka muude spordialade harrastamisel. Pudel on loodud mugavaks joo..\" \/>\n<meta property=\"og:url\" content=\"https:\/\/fit360.ee\/en\/pood\/training-equipment-en\/drinking-bottles-en\/bike-water-bottle-750ml\/\" \/>\n<meta property=\"og:site_name\" content=\"Fit360\" \/>\n<meta property=\"article:modified_time\" content=\"2026-02-18T10:38:30+00:00\" \/>\n<meta property=\"og:image\" content=\"https:\/\/fit360.ee\/wp-content\/uploads\/2026\/02\/bike-water-bottle-fit360.ee_.webp\" \/>\n\t<meta property=\"og:image:width\" content=\"695\" \/>\n\t<meta property=\"og:image:height\" content=\"695\" \/>\n\t<meta property=\"og:image:type\" content=\"image\/webp\" \/>\n<meta name=\"twitter:card\" content=\"summary_large_image\" \/>\n<meta name=\"twitter:label1\" content=\"Est. reading time\" \/>\n\t<meta name=\"twitter:data1\" content=\"2 minutes\" \/>\n<script type=\"application\/ld+json\" class=\"yoast-schema-graph\">{\"@context\":\"https:\\\/\\\/schema.org\",\"@graph\":[{\"@type\":\"WebPage\",\"@id\":\"https:\\\/\\\/fit360.ee\\\/en\\\/pood\\\/training-equipment-en\\\/drinking-bottles-en\\\/bike-water-bottle-750ml\\\/\",\"url\":\"https:\\\/\\\/fit360.ee\\\/en\\\/pood\\\/training-equipment-en\\\/drinking-bottles-en\\\/bike-water-bottle-750ml\\\/\",\"name\":\"Bike Water Bottle (750ml) - Joogipudel - Parim Hind - Kiire Tarne - Fit360\",\"isPartOf\":{\"@id\":\"https:\\\/\\\/fit360.ee\\\/en\\\/#website\"},\"primaryImageOfPage\":{\"@id\":\"https:\\\/\\\/fit360.ee\\\/en\\\/pood\\\/training-equipment-en\\\/drinking-bottles-en\\\/bike-water-bottle-750ml\\\/#primaryimage\"},\"image\":{\"@id\":\"https:\\\/\\\/fit360.ee\\\/en\\\/pood\\\/training-equipment-en\\\/drinking-bottles-en\\\/bike-water-bottle-750ml\\\/#primaryimage\"},\"thumbnailUrl\":\"https:\\\/\\\/fit360.ee\\\/wp-content\\\/uploads\\\/2026\\\/02\\\/bike-water-bottle-fit360.ee_.webp\",\"datePublished\":\"2026-02-17T11:41:18+00:00\",\"dateModified\":\"2026-02-18T10:38:30+00:00\",\"description\":\"ICONFIT Bike Water Bottle\u00a0on praktiline lahendus vedeliku tarbimiseks nii rattas\u00f5idul kui ka muude spordialade harrastamisel. Pudel on loodud mugavaks joo..\",\"breadcrumb\":{\"@id\":\"https:\\\/\\\/fit360.ee\\\/en\\\/pood\\\/training-equipment-en\\\/drinking-bottles-en\\\/bike-water-bottle-750ml\\\/#breadcrumb\"},\"inLanguage\":\"en-US\",\"potentialAction\":[{\"@type\":\"ReadAction\",\"target\":[\"https:\\\/\\\/fit360.ee\\\/en\\\/pood\\\/training-equipment-en\\\/drinking-bottles-en\\\/bike-water-bottle-750ml\\\/\"]}]},{\"@type\":\"ImageObject\",\"inLanguage\":\"en-US\",\"@id\":\"https:\\\/\\\/fit360.ee\\\/en\\\/pood\\\/training-equipment-en\\\/drinking-bottles-en\\\/bike-water-bottle-750ml\\\/#primaryimage\",\"url\":\"https:\\\/\\\/fit360.ee\\\/wp-content\\\/uploads\\\/2026\\\/02\\\/bike-water-bottle-fit360.ee_.webp\",\"contentUrl\":\"https:\\\/\\\/fit360.ee\\\/wp-content\\\/uploads\\\/2026\\\/02\\\/bike-water-bottle-fit360.ee_.webp\",\"width\":695,\"height\":695,\"caption\":\"bike water bottle - fit360.ee\"},{\"@type\":\"BreadcrumbList\",\"@id\":\"https:\\\/\\\/fit360.ee\\\/en\\\/pood\\\/training-equipment-en\\\/drinking-bottles-en\\\/bike-water-bottle-750ml\\\/#breadcrumb\",\"itemListElement\":[{\"@type\":\"ListItem\",\"position\":1,\"name\":\"Home\",\"item\":\"https:\\\/\\\/fit360.ee\\\/en\\\/\"},{\"@type\":\"ListItem\",\"position\":2,\"name\":\"Shop\",\"item\":\"https:\\\/\\\/fit360.ee\\\/en\\\/shop\\\/\"},{\"@type\":\"ListItem\",\"position\":3,\"name\":\"Bike Water Bottle (750ml)\"}]},{\"@type\":\"WebSite\",\"@id\":\"https:\\\/\\\/fit360.ee\\\/en\\\/#website\",\"url\":\"https:\\\/\\\/fit360.ee\\\/en\\\/\",\"name\":\"Fit360\",\"description\":\"\",\"publisher\":{\"@id\":\"https:\\\/\\\/fit360.ee\\\/en\\\/#organization\"},\"potentialAction\":[{\"@type\":\"SearchAction\",\"target\":{\"@type\":\"EntryPoint\",\"urlTemplate\":\"https:\\\/\\\/fit360.ee\\\/en\\\/?s={search_term_string}\"},\"query-input\":{\"@type\":\"PropertyValueSpecification\",\"valueRequired\":true,\"valueName\":\"search_term_string\"}}],\"inLanguage\":\"en-US\"},{\"@type\":\"Organization\",\"@id\":\"https:\\\/\\\/fit360.ee\\\/en\\\/#organization\",\"name\":\"Fit360\",\"url\":\"https:\\\/\\\/fit360.ee\\\/en\\\/\",\"logo\":{\"@type\":\"ImageObject\",\"inLanguage\":\"en-US\",\"@id\":\"https:\\\/\\\/fit360.ee\\\/en\\\/#\\\/schema\\\/logo\\\/image\\\/\",\"url\":\"https:\\\/\\\/fit360.ee\\\/wp-content\\\/uploads\\\/2017\\\/01\\\/logo-fit360.png\",\"contentUrl\":\"https:\\\/\\\/fit360.ee\\\/wp-content\\\/uploads\\\/2017\\\/01\\\/logo-fit360.png\",\"width\":180,\"height\":66,\"caption\":\"Fit360\"},\"image\":{\"@id\":\"https:\\\/\\\/fit360.ee\\\/en\\\/#\\\/schema\\\/logo\\\/image\\\/\"}}]}<\/script>\n<!-- \/ Yoast SEO plugin. -->","yoast_head_json":{"title":"Bike Water Bottle (750ml) - Joogipudel - Parim Hind - Kiire Tarne - Fit360","description":"ICONFIT Bike Water Bottle\u00a0on praktiline lahendus vedeliku tarbimiseks nii rattas\u00f5idul kui ka muude spordialade harrastamisel. Pudel on loodud mugavaks joo..","robots":{"index":"index","follow":"follow","max-snippet":"max-snippet:-1","max-image-preview":"max-image-preview:large","max-video-preview":"max-video-preview:-1"},"canonical":"https:\/\/fit360.ee\/en\/pood\/training-equipment-en\/drinking-bottles-en\/bike-water-bottle-750ml\/","og_locale":"en_US","og_type":"article","og_title":"Bike Water Bottle (750ml) - Joogipudel - Parim Hind - Kiire Tarne - Fit360","og_description":"ICONFIT Bike Water Bottle\u00a0on praktiline lahendus vedeliku tarbimiseks nii rattas\u00f5idul kui ka muude spordialade harrastamisel. Pudel on loodud mugavaks joo..","og_url":"https:\/\/fit360.ee\/en\/pood\/training-equipment-en\/drinking-bottles-en\/bike-water-bottle-750ml\/","og_site_name":"Fit360","article_modified_time":"2026-02-18T10:38:30+00:00","og_image":[{"width":695,"height":695,"url":"https:\/\/fit360.ee\/wp-content\/uploads\/2026\/02\/bike-water-bottle-fit360.ee_.webp","type":"image\/webp"}],"twitter_card":"summary_large_image","twitter_misc":{"Est. reading time":"2 minutes"},"schema":{"@context":"https:\/\/schema.org","@graph":[{"@type":"WebPage","@id":"https:\/\/fit360.ee\/en\/pood\/training-equipment-en\/drinking-bottles-en\/bike-water-bottle-750ml\/","url":"https:\/\/fit360.ee\/en\/pood\/training-equipment-en\/drinking-bottles-en\/bike-water-bottle-750ml\/","name":"Bike Water Bottle (750ml) - Joogipudel - Parim Hind - Kiire Tarne - Fit360","isPartOf":{"@id":"https:\/\/fit360.ee\/en\/#website"},"primaryImageOfPage":{"@id":"https:\/\/fit360.ee\/en\/pood\/training-equipment-en\/drinking-bottles-en\/bike-water-bottle-750ml\/#primaryimage"},"image":{"@id":"https:\/\/fit360.ee\/en\/pood\/training-equipment-en\/drinking-bottles-en\/bike-water-bottle-750ml\/#primaryimage"},"thumbnailUrl":"https:\/\/fit360.ee\/wp-content\/uploads\/2026\/02\/bike-water-bottle-fit360.ee_.webp","datePublished":"2026-02-17T11:41:18+00:00","dateModified":"2026-02-18T10:38:30+00:00","description":"ICONFIT Bike Water Bottle\u00a0on praktiline lahendus vedeliku tarbimiseks nii rattas\u00f5idul kui ka muude spordialade harrastamisel. Pudel on loodud mugavaks joo..","breadcrumb":{"@id":"https:\/\/fit360.ee\/en\/pood\/training-equipment-en\/drinking-bottles-en\/bike-water-bottle-750ml\/#breadcrumb"},"inLanguage":"en-US","potentialAction":[{"@type":"ReadAction","target":["https:\/\/fit360.ee\/en\/pood\/training-equipment-en\/drinking-bottles-en\/bike-water-bottle-750ml\/"]}]},{"@type":"ImageObject","inLanguage":"en-US","@id":"https:\/\/fit360.ee\/en\/pood\/training-equipment-en\/drinking-bottles-en\/bike-water-bottle-750ml\/#primaryimage","url":"https:\/\/fit360.ee\/wp-content\/uploads\/2026\/02\/bike-water-bottle-fit360.ee_.webp","contentUrl":"https:\/\/fit360.ee\/wp-content\/uploads\/2026\/02\/bike-water-bottle-fit360.ee_.webp","width":695,"height":695,"caption":"bike water bottle - fit360.ee"},{"@type":"BreadcrumbList","@id":"https:\/\/fit360.ee\/en\/pood\/training-equipment-en\/drinking-bottles-en\/bike-water-bottle-750ml\/#breadcrumb","itemListElement":[{"@type":"ListItem","position":1,"name":"Home","item":"https:\/\/fit360.ee\/en\/"},{"@type":"ListItem","position":2,"name":"Shop","item":"https:\/\/fit360.ee\/en\/shop\/"},{"@type":"ListItem","position":3,"name":"Bike Water Bottle (750ml)"}]},{"@type":"WebSite","@id":"https:\/\/fit360.ee\/en\/#website","url":"https:\/\/fit360.ee\/en\/","name":"Fit360","description":"","publisher":{"@id":"https:\/\/fit360.ee\/en\/#organization"},"potentialAction":[{"@type":"SearchAction","target":{"@type":"EntryPoint","urlTemplate":"https:\/\/fit360.ee\/en\/?s={search_term_string}"},"query-input":{"@type":"PropertyValueSpecification","valueRequired":true,"valueName":"search_term_string"}}],"inLanguage":"en-US"},{"@type":"Organization","@id":"https:\/\/fit360.ee\/en\/#organization","name":"Fit360","url":"https:\/\/fit360.ee\/en\/","logo":{"@type":"ImageObject","inLanguage":"en-US","@id":"https:\/\/fit360.ee\/en\/#\/schema\/logo\/image\/","url":"https:\/\/fit360.ee\/wp-content\/uploads\/2017\/01\/logo-fit360.png","contentUrl":"https:\/\/fit360.ee\/wp-content\/uploads\/2017\/01\/logo-fit360.png","width":180,"height":66,"caption":"Fit360"},"image":{"@id":"https:\/\/fit360.ee\/en\/#\/schema\/logo\/image\/"}}]}},"_links":{"self":[{"href":"https:\/\/fit360.ee\/en\/wp-json\/wp\/v2\/product\/94471","targetHints":{"allow":["GET"]}}],"collection":[{"href":"https:\/\/fit360.ee\/en\/wp-json\/wp\/v2\/product"}],"about":[{"href":"https:\/\/fit360.ee\/en\/wp-json\/wp\/v2\/types\/product"}],"replies":[{"embeddable":true,"href":"https:\/\/fit360.ee\/en\/wp-json\/wp\/v2\/comments?post=94471"}],"wp:featuredmedia":[{"embeddable":true,"href":"https:\/\/fit360.ee\/en\/wp-json\/wp\/v2\/media\/94472"}],"wp:attachment":[{"href":"https:\/\/fit360.ee\/en\/wp-json\/wp\/v2\/media?parent=94471"}],"wp:term":[{"taxonomy":"product_brand","embeddable":true,"href":"https:\/\/fit360.ee\/en\/wp-json\/wp\/v2\/product_brand?post=94471"},{"taxonomy":"product_cat","embeddable":true,"href":"https:\/\/fit360.ee\/en\/wp-json\/wp\/v2\/product_cat?post=94471"},{"taxonomy":"product_tag","embeddable":true,"href":"https:\/\/fit360.ee\/en\/wp-json\/wp\/v2\/product_tag?post=94471"},{"taxonomy":"giftcard-category","embeddable":true,"href":"https:\/\/fit360.ee\/en\/wp-json\/wp\/v2\/giftcard-category?post=94471"}],"curies":[{"name":"wp","href":"https:\/\/api.w.org\/{rel}","templated":true}]}}