{"id":94952,"date":"2026-03-20T14:24:18","date_gmt":"2026-03-20T12:24:18","guid":{"rendered":"https:\/\/fit360.ee\/pood\/uncategorized\/iconfit-soft-posh-bar-40g\/"},"modified":"2026-03-20T14:24:18","modified_gmt":"2026-03-20T12:24:18","slug":"iconfit-soft-posh-bar-40g","status":"publish","type":"product","link":"https:\/\/fit360.ee\/en\/pood\/product-groups\/protein-poweders-en\/whey-protein-en\/iconfit-soft-posh-bar-40g\/","title":{"rendered":"ICONFIT Soft Posh Bar (40g)"},"content":{"rendered":"<h2><strong>ICONFIT Soft Posh Bar<\/strong><\/h2>\n<p style=\"font-weight: 400;\"><b><strong data-start=\"206\" data-end=\"237\">POSH SOFT Bar proteiinibatoonid<\/strong><\/b>\u00a0\u00fchendavad suurep\u00e4rase maitse ja parimad koostisosad \u00fches tervislikus ampsus.<\/p>\n<p style=\"font-weight: 400;\"><b><strong data-start=\"0\" data-end=\"27\" data-is-only-node=\"\">POSH SOFT Bar valgubatoonid<\/strong><\/b>\u00a0on mitmekesine ja maitsek\u00fcllane sn\u00e4kivalik, pakkudes s\u00f6\u00f6jale t\u00f5elist naudingut kahes maitses \u2013 Toffee kui Brownie. Kasutame ainult kvaliteetseid koostisosi, et iga batoon oleks maitsev, toitaineterikas ja toetaks sinu tervislikku elustiili.<\/p>\n<p style=\"font-weight: 400;\"><b><strong>Toitumisalane tipptase<\/strong><\/b><\/p>\n<ul style=\"font-weight: 400;\">\n<li aria-level=\"1\"><b><strong>Valgurikas<\/strong><\/b>\u00a0&#8211; toetab lihaste taastumist ja s\u00e4ilitamist.<\/li>\n<li aria-level=\"1\"><b><strong>Kiudainete allikas<\/strong><\/b>\u00a0&#8211; aitab s\u00e4ilitada t\u00e4isk\u00f5hutunnet ja toetab tasakaalustatud toitumist.<\/li>\n<li aria-level=\"1\"><b><strong>Madal suhkrusisaldus<\/strong><\/b>\u00a0&#8211; tervislik maius, ilma s\u00fc\u00fctundeta.<\/li>\n<\/ul>\n<p><strong data-start=\"108\" data-end=\"133\">POSH SOFT Bar proteiinibatoonid<\/strong>\u00a0pakuvad t\u00e4iuslikku kooslust\u00a0<strong data-start=\"162\" data-end=\"237\">imelisest maitsest, pehmest tekstuurist ja suurep\u00e4rasest toitev\u00e4\u00e4rtusest<\/strong>. Need on loodud aktiivsetele inimestele, kes hindavad head maitset ja soovivad samal ajal teha ka teadlikult tervislikke valikuid. Ideaalne valgurikas vahepala t\u00f6\u00f6le, trenni v\u00f5i kui vajad kiiret sn\u00e4kki liikvel olles.<\/p>\n<ul>\n<li>K\u00f5rge valgu- (igas batoonis on \u00fcle 30% valku) ja kiudainesisaldus (iga batoon sisaldab \u00fcle 4% kiudaineid).<\/li>\n<li>Madal suhkrusisaldus (v\u00e4hem kui 1 g suhkrut \u00fche batooni kohta).<\/li>\n<li>Pehme ja kreemjas t\u00e4idis koos rikkaliku piima\u0161okolaadikattega tagab parima maitseelamuse.<\/li>\n<li>\u00dches batoonis on vaid 147 kalorit!<\/li>\n<li>Parim valik aktiivse elustiili jaoks \u2013\u00a0<strong data-start=\"39\" data-end=\"70\">POSH SOFT proteiinibatoonid<\/strong>\u00a0on ideaalseks kaaslaseks neile, kes elavad kiiret ja tegusat elu. Olgu eesm\u00e4rgiks valgurikas vahepala v\u00f5i tervislikum maius.<\/li>\n<li>Valida saab kahe maitsva maitse vahel &#8211;\u00a0<b>T<strong>offee<\/strong><\/b>\u00a0ja\u00a0<b>B<\/b><strong>rownie<\/strong>. Proovi m\u00f5lemat juba t\u00e4na!<\/li>\n<\/ul>\n<p style=\"font-weight: 400;\"><b><strong>Kaks vastupandamatut maitset<\/strong><\/b><\/p>\n<p style=\"font-weight: 400;\"><b><strong>SOFT Toffee<\/strong><\/b>\u00a0&#8211;\u00a0<b><strong>Karamellimaitseline<\/strong><\/b>\u00a0pehme t\u00e4idisega proteiinibatoon rikkalikus piima\u0161okolaadikattes. Kr\u00f5bedad sojakr\u00f5psud kakaoga lisavad t\u00e4iusliku tekstuuri ja annavad igale ampsule m\u00f5nusa kr\u00f5mpsu.<br \/>\n<b><strong>SOFT Brownie<\/strong><\/b>\u00a0&#8211; Rikkalik\u00a0\u0161<b><strong>okolaadibrowniemaitseline\u00a0<\/strong><\/b>pehme sisuga proteiinibatoon piima\u0161okolaadikattes. Lisatekstuuri annavad maitsvad kakaonibsid.<\/p>\n<p style=\"font-weight: 400;\"><b><strong>T\u00e4iuslik tekstuuri ja maitsete kombinatsioon<\/strong><\/b><\/p>\n<p style=\"font-weight: 400;\">Igas batoonis on\u00a0<b><strong>pehme<\/strong><\/b><b><strong>, kreemjas keskosa\u00a0<\/strong><\/b>ja<b><strong>\u00a0maitsev \u0161okolaadikate<\/strong><\/b>, mis on rikastatud\u00a0<b><strong>kr\u00f5bedate sojakr\u00f5psude<\/strong><\/b>\u00a0v\u00f5i<b><strong>\u00a0kakaonibsidega<\/strong><\/b><b><strong>.<\/strong><\/b><\/p>\n<p style=\"font-weight: 400;\"><b><strong>Sinu aktiivse elustiili toetus<\/strong><\/b><\/p>\n<p style=\"font-weight: 400;\">T\u00e4nap\u00e4eva kiire elutempo juures on\u00a0<b><strong data-start=\"35\" data-end=\"69\">ICONFIT POSH SOFT proteiinibatoonid<\/strong><\/b>\u00a0ideaalne valik neile, kes otsivad liikvel olles toitvat ja maitsvat vahepala.<\/p>\n<p style=\"font-weight: 400;\"><b><strong>Mitmek\u00fclgne ja valmis nautimiseks<\/strong><\/b><\/p>\n<ul style=\"font-weight: 400;\">\n<li aria-level=\"1\"><b><strong>Treeninguj\u00e4rgne taastumine<\/strong><\/b>: Toetab lihaste taastumist p\u00e4rast treeningut. Igas batoonis on 13 g valku.<\/li>\n<li aria-level=\"1\"><b><strong>Igap\u00e4evane vahepala<\/strong><\/b>: Haara kaasa t\u00f6\u00f6le, kooli v\u00f5i hoopiski reisile!<\/li>\n<li aria-level=\"1\"><b><strong>Tervislik nauding:<\/strong><\/b>\u00a0Naudi magusat ampsu, j\u00e4\u00e4des samal ajal oma toitumiseesm\u00e4rkide juurde.<\/li>\n<\/ul>\n<p><strong>KOOSTISOSAD:<\/strong><br \/>\n<b>Toffee:<\/b>\u00a0<b>piima<\/b>\u0161okolaad magusainega (magusaine maltitool, kakaov\u00f5i, t\u00e4is<b>piima<\/b>pulber, kakaomass, emulgaator letsitiinid, looduslik vanilli l\u00f5hna- ja maitseaine),\u00a0<b>piima<\/b>valk, niiskuses\u00e4ilitaja gl\u00fctserool, h\u00fcdrol\u00fc\u00fcsitud kollageen,\u00a0<b>soja<\/b>kr\u00f5psud kakaoga (<b>soja<\/b>valk, kakaopulber, tapiokit\u00e4rklis), valge \u0161okolaad magusainega (magusaine maltitool, kakaov\u00f5i, t\u00e4is<b>piima<\/b>pulber, emulgaator letsitiinid, looduslik vanilli l\u00f5hna- ja maitseaine), vesi, mahuaine pol\u00fcdekstroos,\u00a0<b>soja<\/b>valk, p\u00e4evalille\u00f5li, sool, v\u00e4hendatud rasvasisaldusega kakaopulber, l\u00f5hna- ja maitseaine, looduslik l\u00f5hna- ja maitseaine, magusaine sukraloos.<\/p>\n<p dir=\"ltr\"><strong>Brownie<\/strong><strong>:<b>\u00a0<\/b><\/strong><b>piima<\/b>\u0161okolaad magusainega (magusaine maltitool, kakaov\u00f5i, t\u00e4is<b>piima<\/b>pulber, kakaomass, emulgaator letsitiinid, looduslik vanilli l\u00f5hna- ja maitseaine),\u00a0<b>piima<\/b>valk, niiskuses\u00e4ilitaja gl\u00fctserool, h\u00fcdrol\u00fc\u00fcsitud kollageen, \u0161okolaad magusainega (magusaine maltitool, kakaov\u00f5i, t\u00e4is<b>piima<\/b>pulber, emulgaator letsitiinid, looduslik vanilli l\u00f5hna- ja maitseaine), vesi, kakaot\u00fckid, kakaopulber (v\u00e4hendatud rasvasisaldusega kakaopulber, happesuse regulaatorid (ammooniumkarbonaadid, kaaliumkarbonaadid, kaaliumh\u00fcdroksiid)), mahuaine pol\u00fcdekstroos,\u00a0<b>soja<\/b>valk, p\u00e4evalille\u00f5li, l\u00f5hna- ja maitseaine, looduslik l\u00f5hna- ja maitseaine, magusaine sukraloos.<\/p>\n<table width=\"100%\">\n<thead>\n<tr>\n<th align=\"left\"><strong>Toitumisalane teave:<\/strong><\/th>\n<th align=\"left\"><strong>Toffee \/ 40 g<\/strong><\/th>\n<th align=\"left\"><strong>Brownie \/ 40 g<\/strong><\/th>\n<th align=\"left\"><strong>Toffee \/ 100 g<\/strong><\/th>\n<th align=\"left\"><strong>Brownie \/ 100 g<\/strong><\/th>\n<\/tr>\n<\/thead>\n<tbody>\n<tr>\n<td align=\"left\">Energiasisaldus (kJ\/kcal)<\/td>\n<td align=\"left\">612 \/ 147<\/td>\n<td align=\"left\">615\/147<\/td>\n<td align=\"left\">1529\/366<\/td>\n<td align=\"left\">1536\/369<\/td>\n<\/tr>\n<tr>\n<td align=\"left\">Valgud (g)<\/td>\n<td align=\"left\">13<\/td>\n<td align=\"left\">13<\/td>\n<td align=\"left\">34<\/td>\n<td align=\"left\">32<\/td>\n<\/tr>\n<tr>\n<td align=\"left\">S\u00fcsivesikud (g)<\/td>\n<td align=\"left\">12<\/td>\n<td align=\"left\">11<\/td>\n<td align=\"left\">31<\/td>\n<td align=\"left\">28<\/td>\n<\/tr>\n<tr>\n<td align=\"left\">millest suhkrud (g)<\/td>\n<td align=\"left\">1,2<\/td>\n<td align=\"left\">&lt; 0,5<\/td>\n<td align=\"left\">2,9<\/td>\n<td align=\"left\">0,8<\/td>\n<\/tr>\n<tr>\n<td align=\"left\">Rasvad (g)<\/td>\n<td align=\"left\">6<\/td>\n<td align=\"left\">6,6<\/td>\n<td align=\"left\">15<\/td>\n<td align=\"left\">17<\/td>\n<\/tr>\n<tr>\n<td align=\"left\">millest k\u00fcllastunud rasvhapped (g)<\/td>\n<td align=\"left\">3,1<\/td>\n<td align=\"left\">3,4<\/td>\n<td align=\"left\">7,8<\/td>\n<td align=\"left\">8,5<\/td>\n<\/tr>\n<tr>\n<td align=\"left\">Kiudained (g)<\/td>\n<td align=\"left\">2,7<\/td>\n<td align=\"left\">3,5<\/td>\n<td align=\"left\">6,8<\/td>\n<td align=\"left\">8,8<\/td>\n<\/tr>\n<tr>\n<td>Sool (g)<\/td>\n<td>0,31<\/td>\n<td>0,08<\/td>\n<td>0,77<\/td>\n<td>0,2<\/td>\n<\/tr>\n<\/tbody>\n<\/table>\n<p>Vaata ka meie Teisi Proteiinibatoone <a href=\"https:\/\/fit360.ee\/tootekategooria\/tootegrupid\/vahepalasnakid\/\"><strong>SIIT<\/strong><\/a>!<\/p>\n<p>&nbsp;<\/p>\n","protected":false},"excerpt":{"rendered":"<ul style=\"font-weight: 400;\">\n<li aria-level=\"1\"><b><strong>Valgurikas<\/strong><\/b>\u00a0&#8211; toetab lihaste taastumist ja s\u00e4ilitamist.<\/li>\n<li aria-level=\"1\"><b><strong>Kiudainete allikas<\/strong><\/b>\u00a0&#8211; aitab s\u00e4ilitada t\u00e4isk\u00f5hutunnet ja toetab tasakaalustatud toitumist.<\/li>\n<li aria-level=\"1\"><b><strong>Madal suhkrusisaldus<\/strong><\/b>\u00a0&#8211; tervislik maius, ilma s\u00fc\u00fctundeta.<\/li>\n<\/ul>\n","protected":false},"featured_media":94953,"comment_status":"open","ping_status":"closed","template":"","meta":[],"product_brand":[],"product_cat":[1318,534,535,2420],"product_tag":[1681,11742,11743],"giftcard-category":[],"class_list":{"0":"post-94952","1":"product","2":"type-product","3":"status-publish","4":"has-post-thumbnail","6":"product_cat-iconfit-en","7":"product_cat-protein-bars-and-snacks","8":"product_cat-protein-poweders-en","9":"product_cat-whey-protein-en","10":"product_tag-iconfit-en","11":"product_tag-iconfit-soft-posh-bar","12":"product_tag-posh-soft-bar","13":"pa_kogus-40g-en","14":"pa_maitse-caramel-toffee-en","15":"pa_maitse-chocolate-brownie","16":"pa_toidulisand-branddd-iconfit","17":"pa_tootegruppp-snacks","19":"first","20":"instock","21":"sale","22":"taxable","23":"shipping-taxable","24":"purchasable","25":"product-type-variable"},"yoast_head":"<!-- This site is optimized with the Yoast SEO plugin v27.3 - https:\/\/yoast.com\/product\/yoast-seo-wordpress\/ -->\n<title>ICONFIT Soft Posh Bar (40g) - Fit360<\/title>\n<meta name=\"robots\" content=\"index, follow, max-snippet:-1, max-image-preview:large, max-video-preview:-1\" \/>\n<link rel=\"canonical\" href=\"https:\/\/fit360.ee\/en\/pood\/product-groups\/protein-poweders-en\/whey-protein-en\/iconfit-soft-posh-bar-40g\/\" \/>\n<meta property=\"og:locale\" content=\"en_US\" \/>\n<meta property=\"og:type\" content=\"article\" \/>\n<meta property=\"og:title\" content=\"ICONFIT Soft Posh Bar (40g) - Fit360\" \/>\n<meta property=\"og:description\" content=\"Valgurikas\u00a0- toetab lihaste taastumist ja s\u00e4ilitamist.  Kiudainete allikas\u00a0- aitab s\u00e4ilitada t\u00e4isk\u00f5hutunnet ja toetab tasakaalustatud toitumist.  Madal suhkrusisaldus\u00a0- tervislik maius, ilma s\u00fc\u00fctundeta.\" \/>\n<meta property=\"og:url\" content=\"https:\/\/fit360.ee\/en\/pood\/product-groups\/protein-poweders-en\/whey-protein-en\/iconfit-soft-posh-bar-40g\/\" \/>\n<meta property=\"og:site_name\" content=\"Fit360\" \/>\n<meta name=\"twitter:card\" content=\"summary_large_image\" \/>\n<meta name=\"twitter:label1\" content=\"Est. reading time\" \/>\n\t<meta name=\"twitter:data1\" content=\"3 minutes\" \/>\n<script type=\"application\/ld+json\" class=\"yoast-schema-graph\">{\"@context\":\"https:\\\/\\\/schema.org\",\"@graph\":[{\"@type\":\"WebPage\",\"@id\":\"https:\\\/\\\/fit360.ee\\\/en\\\/pood\\\/product-groups\\\/protein-poweders-en\\\/whey-protein-en\\\/iconfit-soft-posh-bar-40g\\\/\",\"url\":\"https:\\\/\\\/fit360.ee\\\/en\\\/pood\\\/product-groups\\\/protein-poweders-en\\\/whey-protein-en\\\/iconfit-soft-posh-bar-40g\\\/\",\"name\":\"ICONFIT Soft Posh Bar (40g) - Fit360\",\"isPartOf\":{\"@id\":\"https:\\\/\\\/fit360.ee\\\/en\\\/#website\"},\"primaryImageOfPage\":{\"@id\":\"https:\\\/\\\/fit360.ee\\\/en\\\/pood\\\/product-groups\\\/protein-poweders-en\\\/whey-protein-en\\\/iconfit-soft-posh-bar-40g\\\/#primaryimage\"},\"image\":{\"@id\":\"https:\\\/\\\/fit360.ee\\\/en\\\/pood\\\/product-groups\\\/protein-poweders-en\\\/whey-protein-en\\\/iconfit-soft-posh-bar-40g\\\/#primaryimage\"},\"thumbnailUrl\":\"https:\\\/\\\/fit360.ee\\\/wp-content\\\/uploads\\\/2026\\\/03\\\/ICONFIT-posh-soft-proteiinibatoon-fit360.ee_.webp\",\"datePublished\":\"2026-03-20T12:24:18+00:00\",\"breadcrumb\":{\"@id\":\"https:\\\/\\\/fit360.ee\\\/en\\\/pood\\\/product-groups\\\/protein-poweders-en\\\/whey-protein-en\\\/iconfit-soft-posh-bar-40g\\\/#breadcrumb\"},\"inLanguage\":\"en-US\",\"potentialAction\":[{\"@type\":\"ReadAction\",\"target\":[\"https:\\\/\\\/fit360.ee\\\/en\\\/pood\\\/product-groups\\\/protein-poweders-en\\\/whey-protein-en\\\/iconfit-soft-posh-bar-40g\\\/\"]}]},{\"@type\":\"ImageObject\",\"inLanguage\":\"en-US\",\"@id\":\"https:\\\/\\\/fit360.ee\\\/en\\\/pood\\\/product-groups\\\/protein-poweders-en\\\/whey-protein-en\\\/iconfit-soft-posh-bar-40g\\\/#primaryimage\",\"url\":\"https:\\\/\\\/fit360.ee\\\/wp-content\\\/uploads\\\/2026\\\/03\\\/ICONFIT-posh-soft-proteiinibatoon-fit360.ee_.webp\",\"contentUrl\":\"https:\\\/\\\/fit360.ee\\\/wp-content\\\/uploads\\\/2026\\\/03\\\/ICONFIT-posh-soft-proteiinibatoon-fit360.ee_.webp\",\"width\":695,\"height\":695,\"caption\":\"ICONFIT posh soft proteiinibatoon - fit360.ee\"},{\"@type\":\"BreadcrumbList\",\"@id\":\"https:\\\/\\\/fit360.ee\\\/en\\\/pood\\\/product-groups\\\/protein-poweders-en\\\/whey-protein-en\\\/iconfit-soft-posh-bar-40g\\\/#breadcrumb\",\"itemListElement\":[{\"@type\":\"ListItem\",\"position\":1,\"name\":\"Home\",\"item\":\"https:\\\/\\\/fit360.ee\\\/en\\\/\"},{\"@type\":\"ListItem\",\"position\":2,\"name\":\"Shop\",\"item\":\"https:\\\/\\\/fit360.ee\\\/en\\\/shop\\\/\"},{\"@type\":\"ListItem\",\"position\":3,\"name\":\"ICONFIT Soft Posh Bar (40g)\"}]},{\"@type\":\"WebSite\",\"@id\":\"https:\\\/\\\/fit360.ee\\\/en\\\/#website\",\"url\":\"https:\\\/\\\/fit360.ee\\\/en\\\/\",\"name\":\"Fit360\",\"description\":\"\",\"publisher\":{\"@id\":\"https:\\\/\\\/fit360.ee\\\/en\\\/#organization\"},\"potentialAction\":[{\"@type\":\"SearchAction\",\"target\":{\"@type\":\"EntryPoint\",\"urlTemplate\":\"https:\\\/\\\/fit360.ee\\\/en\\\/?s={search_term_string}\"},\"query-input\":{\"@type\":\"PropertyValueSpecification\",\"valueRequired\":true,\"valueName\":\"search_term_string\"}}],\"inLanguage\":\"en-US\"},{\"@type\":\"Organization\",\"@id\":\"https:\\\/\\\/fit360.ee\\\/en\\\/#organization\",\"name\":\"Fit360\",\"url\":\"https:\\\/\\\/fit360.ee\\\/en\\\/\",\"logo\":{\"@type\":\"ImageObject\",\"inLanguage\":\"en-US\",\"@id\":\"https:\\\/\\\/fit360.ee\\\/en\\\/#\\\/schema\\\/logo\\\/image\\\/\",\"url\":\"https:\\\/\\\/fit360.ee\\\/wp-content\\\/uploads\\\/2017\\\/01\\\/logo-fit360.png\",\"contentUrl\":\"https:\\\/\\\/fit360.ee\\\/wp-content\\\/uploads\\\/2017\\\/01\\\/logo-fit360.png\",\"width\":180,\"height\":66,\"caption\":\"Fit360\"},\"image\":{\"@id\":\"https:\\\/\\\/fit360.ee\\\/en\\\/#\\\/schema\\\/logo\\\/image\\\/\"}}]}<\/script>\n<!-- \/ Yoast SEO plugin. -->","yoast_head_json":{"title":"ICONFIT Soft Posh Bar (40g) - Fit360","robots":{"index":"index","follow":"follow","max-snippet":"max-snippet:-1","max-image-preview":"max-image-preview:large","max-video-preview":"max-video-preview:-1"},"canonical":"https:\/\/fit360.ee\/en\/pood\/product-groups\/protein-poweders-en\/whey-protein-en\/iconfit-soft-posh-bar-40g\/","og_locale":"en_US","og_type":"article","og_title":"ICONFIT Soft Posh Bar (40g) - Fit360","og_description":"Valgurikas\u00a0- toetab lihaste taastumist ja s\u00e4ilitamist.  Kiudainete allikas\u00a0- aitab s\u00e4ilitada t\u00e4isk\u00f5hutunnet ja toetab tasakaalustatud toitumist.  Madal suhkrusisaldus\u00a0- tervislik maius, ilma s\u00fc\u00fctundeta.","og_url":"https:\/\/fit360.ee\/en\/pood\/product-groups\/protein-poweders-en\/whey-protein-en\/iconfit-soft-posh-bar-40g\/","og_site_name":"Fit360","twitter_card":"summary_large_image","twitter_misc":{"Est. reading time":"3 minutes"},"schema":{"@context":"https:\/\/schema.org","@graph":[{"@type":"WebPage","@id":"https:\/\/fit360.ee\/en\/pood\/product-groups\/protein-poweders-en\/whey-protein-en\/iconfit-soft-posh-bar-40g\/","url":"https:\/\/fit360.ee\/en\/pood\/product-groups\/protein-poweders-en\/whey-protein-en\/iconfit-soft-posh-bar-40g\/","name":"ICONFIT Soft Posh Bar (40g) - Fit360","isPartOf":{"@id":"https:\/\/fit360.ee\/en\/#website"},"primaryImageOfPage":{"@id":"https:\/\/fit360.ee\/en\/pood\/product-groups\/protein-poweders-en\/whey-protein-en\/iconfit-soft-posh-bar-40g\/#primaryimage"},"image":{"@id":"https:\/\/fit360.ee\/en\/pood\/product-groups\/protein-poweders-en\/whey-protein-en\/iconfit-soft-posh-bar-40g\/#primaryimage"},"thumbnailUrl":"https:\/\/fit360.ee\/wp-content\/uploads\/2026\/03\/ICONFIT-posh-soft-proteiinibatoon-fit360.ee_.webp","datePublished":"2026-03-20T12:24:18+00:00","breadcrumb":{"@id":"https:\/\/fit360.ee\/en\/pood\/product-groups\/protein-poweders-en\/whey-protein-en\/iconfit-soft-posh-bar-40g\/#breadcrumb"},"inLanguage":"en-US","potentialAction":[{"@type":"ReadAction","target":["https:\/\/fit360.ee\/en\/pood\/product-groups\/protein-poweders-en\/whey-protein-en\/iconfit-soft-posh-bar-40g\/"]}]},{"@type":"ImageObject","inLanguage":"en-US","@id":"https:\/\/fit360.ee\/en\/pood\/product-groups\/protein-poweders-en\/whey-protein-en\/iconfit-soft-posh-bar-40g\/#primaryimage","url":"https:\/\/fit360.ee\/wp-content\/uploads\/2026\/03\/ICONFIT-posh-soft-proteiinibatoon-fit360.ee_.webp","contentUrl":"https:\/\/fit360.ee\/wp-content\/uploads\/2026\/03\/ICONFIT-posh-soft-proteiinibatoon-fit360.ee_.webp","width":695,"height":695,"caption":"ICONFIT posh soft proteiinibatoon - fit360.ee"},{"@type":"BreadcrumbList","@id":"https:\/\/fit360.ee\/en\/pood\/product-groups\/protein-poweders-en\/whey-protein-en\/iconfit-soft-posh-bar-40g\/#breadcrumb","itemListElement":[{"@type":"ListItem","position":1,"name":"Home","item":"https:\/\/fit360.ee\/en\/"},{"@type":"ListItem","position":2,"name":"Shop","item":"https:\/\/fit360.ee\/en\/shop\/"},{"@type":"ListItem","position":3,"name":"ICONFIT Soft Posh Bar (40g)"}]},{"@type":"WebSite","@id":"https:\/\/fit360.ee\/en\/#website","url":"https:\/\/fit360.ee\/en\/","name":"Fit360","description":"","publisher":{"@id":"https:\/\/fit360.ee\/en\/#organization"},"potentialAction":[{"@type":"SearchAction","target":{"@type":"EntryPoint","urlTemplate":"https:\/\/fit360.ee\/en\/?s={search_term_string}"},"query-input":{"@type":"PropertyValueSpecification","valueRequired":true,"valueName":"search_term_string"}}],"inLanguage":"en-US"},{"@type":"Organization","@id":"https:\/\/fit360.ee\/en\/#organization","name":"Fit360","url":"https:\/\/fit360.ee\/en\/","logo":{"@type":"ImageObject","inLanguage":"en-US","@id":"https:\/\/fit360.ee\/en\/#\/schema\/logo\/image\/","url":"https:\/\/fit360.ee\/wp-content\/uploads\/2017\/01\/logo-fit360.png","contentUrl":"https:\/\/fit360.ee\/wp-content\/uploads\/2017\/01\/logo-fit360.png","width":180,"height":66,"caption":"Fit360"},"image":{"@id":"https:\/\/fit360.ee\/en\/#\/schema\/logo\/image\/"}}]}},"_links":{"self":[{"href":"https:\/\/fit360.ee\/en\/wp-json\/wp\/v2\/product\/94952","targetHints":{"allow":["GET"]}}],"collection":[{"href":"https:\/\/fit360.ee\/en\/wp-json\/wp\/v2\/product"}],"about":[{"href":"https:\/\/fit360.ee\/en\/wp-json\/wp\/v2\/types\/product"}],"replies":[{"embeddable":true,"href":"https:\/\/fit360.ee\/en\/wp-json\/wp\/v2\/comments?post=94952"}],"wp:featuredmedia":[{"embeddable":true,"href":"https:\/\/fit360.ee\/en\/wp-json\/wp\/v2\/media\/94953"}],"wp:attachment":[{"href":"https:\/\/fit360.ee\/en\/wp-json\/wp\/v2\/media?parent=94952"}],"wp:term":[{"taxonomy":"product_brand","embeddable":true,"href":"https:\/\/fit360.ee\/en\/wp-json\/wp\/v2\/product_brand?post=94952"},{"taxonomy":"product_cat","embeddable":true,"href":"https:\/\/fit360.ee\/en\/wp-json\/wp\/v2\/product_cat?post=94952"},{"taxonomy":"product_tag","embeddable":true,"href":"https:\/\/fit360.ee\/en\/wp-json\/wp\/v2\/product_tag?post=94952"},{"taxonomy":"giftcard-category","embeddable":true,"href":"https:\/\/fit360.ee\/en\/wp-json\/wp\/v2\/giftcard-category?post=94952"}],"curies":[{"name":"wp","href":"https:\/\/api.w.org\/{rel}","templated":true}]}}