{"id":95126,"date":"2026-03-27T19:12:03","date_gmt":"2026-03-27T17:12:03","guid":{"rendered":"https:\/\/fit360.ee\/pood\/uncategorized\/celsius-energiajook-12x355ml\/"},"modified":"2026-03-28T09:56:04","modified_gmt":"2026-03-28T07:56:04","slug":"celsius-energiajook-12x355ml","status":"publish","type":"product","link":"https:\/\/fit360.ee\/en\/pood\/product-groups\/drinks-shots\/celsius-energiajook-12x355ml\/","title":{"rendered":"Celsius energiajook (12x355ml)"},"content":{"rendered":"<h1>Celsius Energiajook kastiga<\/h1>\n<p><strong>Celsius energiajook kastiga on karboniseeritud karastusjook, mis sisaldab 7 erinevat vitamiini, kroomi, rohelist teed koos EGCG-ga, ingveriekstrakti, guaraanat ja kofeiini. (Sisaldab magusaineid)<\/strong><\/p>\n<p>Celsius-e v\u00e4rskeid maitseid saab nautida igal ajal, olenemata kehalisest aktiivsusest. T\u00e4nap\u00e4eva inimene teeb \u00fcha teadlikumaid valikuid tervislikuma eluviisi poole. Karastusjookide populaarsus langeb, kuna enamikus neis on lisatud suurel hulgal suhkrut. Celsius on kolm \u00fches: karastusjook, energiajook ja vitamiinijook.<b><\/b><\/p>\n<p>Kui tavap\u00e4raselt on k\u00f5igis neis kolmes rohkelt suhkurt, siis Celsius suhkurt ei sisalda ning on nende tervislikum versioon. Lisaks aitab see parandada sportlikku sooritusv\u00f5imet ning kiirendada rasvade metabolismi. Seega sobib Celsius nii janu- kui ka magusaisu kustutajaks, sportlastele, kaalualandajatele, energiajoogis\u00f5pradele ning enda tervisest hoolivatele inimestele.<b><\/b><\/p>\n<p>Celsius on t\u00e4na saanud \u00fcheks populaarseimaks funktsionaalseks joogiks \u00fcle terve maailma, eelk\u00f5ige USA-s. Seda unikaalset jooki t\u00f6\u00f6tati USA-s v\u00e4lja aastaid, et tulemuseks oleks kombinatsioon ainevahetust kiirendavatest koostisosadest: Vitamiinid, roheline tee, ingver, guaraana, kofeiin<b><\/b><\/p>\n<p><b>Vitamiinid Celsiuses:\u00a0<\/b>C-vitamiin ning 6 erinevat B-grupi vitamiini.<b><\/b><\/p>\n<p>C-vitamiin ehk askorbiinhape stimuleerib n\u00e4rvis\u00fcsteemi ja immuuns\u00fcsteemi normaalset tegevust. See suurendab raua imendumist ning aitab v\u00e4hendada v\u00e4simust ja kurnatust.<b><\/b><\/p>\n<p>B3 vitamiin ehk niatsiin, B5 vitamiin ehk pantoteenhape, B2 ehk riboflaviin, vitamiin B6 ja B12 aitavad samuti v\u00e4hendada v\u00e4simust ja kurnatust, toetavad keha energiatootmise metabolismi ning parandavad ajutegevust.<b><\/b><\/p>\n<p>Kofeiin ja guaraana annavad energiat. Kofeiini esineb loomulikul kujul, nagu kohvis, tees, kakaos ja guaraanas. See aitab toniseerida keskn\u00e4rvis\u00fcsteemi ja stimuleerib s\u00fcdame t\u00f6\u00f6d, parandab ainevahetust ning suurendab f\u00fc\u00fcsilist ja vaimset t\u00f6\u00f6v\u00f5imet. \u00dches Celsiuse purgis on kofeiini samav\u00e4\u00e4rselt kahe tassi keskmise kohviga. Celsiust ei soovitata juua kofeiinitundlikel inimestel.<b><\/b><b><br \/>\n<\/b><\/p>\n<p>Sisaldab rohkelt antioks\u00fcdante: vitamiin C, riboflaviin, guaraana, rohelise tee ekstrakt, ingveriekstrakt. Antioks\u00fcdandid aitavad pidurdada vabade radikaalide teket organismis. Antioks\u00fcdantide positiivne m\u00f5ju on eelk\u00f5ige just immuuns\u00fcsteemile, n\u00e4rvis\u00fcsteemile, n\u00e4gemisele, ainevahetusele, veresuhkrule, kolesteroolile jpm.<b><\/b><\/p>\n<p>Celsius on suhkru- ning kalorivaba, sisaldades 0g s\u00fcsivesikuid. \u00dcks Celsiuse suurimaks eeliseks on, et jook ei sisalda \u00fcleliigseid lisakaloreid ega suhkurt.<b><\/b><\/p>\n<p><b>Lisaks:<\/b><b><\/b><\/p>\n<ul>\n<li>Ei sisalda s\u00fcnteetilisi s\u00e4ilitusaineid-, v\u00e4rvi- ja l\u00f5hnaanined on looduslikud<\/li>\n<li>Celsiuse positiivne m\u00f5ju on avaldatud kuues teaduslikus ajakirjas<\/li>\n<li>Jook on saanud USA-s 13 autasuga p\u00e4rjatud, sealhulgas &#8220;Parim funktsionaalne jook&#8221;.<\/li>\n<\/ul>\n<p><b>\u00a0<\/b><b><\/b><b>Kellele:\u00a0<\/b>Sobib kasutamiseks k\u00f5igile, kes soovivad tervislikku alternatiivi muudele suhkrurikastele karastusjookidele ja energiajookidele.\u00a0<b><\/b><\/p>\n<p><strong>Kasutamine<\/strong>: Tarbige maksimaalselt 3 purki p\u00e4evas. Serveerida jahutatult.\u00a0<b><\/b><\/p>\n<p>K\u00f5rge kofeiinisisaldusega. 56 mg \/ 100 ml. Ei ole soovitatav lastele, rasedatele ja imetavatele emadele ning kofeiinitundlikele inimestele. Ei ole soovitatav tarbida koos alkohoolsete jookidega.<\/p>\n<p><strong>Koostisosad*:<\/strong>\u00a0Karboniseeritud filtreeritud vesi, guaraana, rohelise tee ekstrakt, kofeiin, gl\u00fckuronolaktoon, ingveriekstrakt, tauriin, mineraalained (kaltsiumkarbonaat, kroomkloriid), vitamiinid (askorbiinhape, nikotinamiid, riboflaviin, kaltsiumpantotenaat, p\u00fcridoksiin, biotiin, ts\u00fcanokobalamiin), happelisuse regulaator (sidrunhape\/fosforhape), puuviljamahl, naturaalsed maitsed, magusaine (sukraloos).<\/p>\n<p>*Koostisosad v\u00f5ivad maitseti erineda &#8211; t\u00e4psustuseks k\u00fcsi info@fit360.ee<b><\/b><\/p>\n<p><b>Maitsed: <\/b>Kiwi Guava, Maasika-arbuusi, vaarika-virsiku, mango-limonaadi<b><\/b><\/p>\n<p><b>Suurus: 12&#215;355 ml<\/b><\/p>\n<div class=\"TyagGW_tableContainer\">\n<div class=\"group TyagGW_tableWrapper flex flex-col-reverse w-fit\" tabindex=\"-1\">\n<table class=\"w-fit min-w-(--thread-content-width)\" data-start=\"111\" data-end=\"647\">\n<thead data-start=\"111\" data-end=\"174\">\n<tr data-start=\"111\" data-end=\"174\">\n<th class=\"\" data-start=\"111\" data-end=\"122\" data-col-size=\"sm\">Toitaine<\/th>\n<th class=\"\" data-start=\"122\" data-end=\"137\" data-col-size=\"sm\">100 ml kohta<\/th>\n<th class=\"\" data-start=\"137\" data-end=\"155\" data-col-size=\"sm\">355 ml (1 purk)<\/th>\n<th class=\"\" data-start=\"155\" data-end=\"174\" data-col-size=\"sm\">% SPK* (355 ml)<\/th>\n<\/tr>\n<\/thead>\n<tbody data-start=\"236\" data-end=\"647\">\n<tr data-start=\"236\" data-end=\"286\">\n<td data-start=\"236\" data-end=\"246\" data-col-size=\"sm\">Energia<\/td>\n<td data-start=\"246\" data-end=\"263\" data-col-size=\"sm\">12 kJ \/ 3 kcal<\/td>\n<td data-start=\"263\" data-end=\"281\" data-col-size=\"sm\">43 kJ \/ 10 kcal<\/td>\n<td data-start=\"281\" data-end=\"286\" data-col-size=\"sm\">&#8211;<\/td>\n<\/tr>\n<tr data-start=\"287\" data-end=\"318\">\n<td data-start=\"287\" data-end=\"301\" data-col-size=\"sm\">S\u00fcsivesikud<\/td>\n<td data-start=\"301\" data-end=\"307\" data-col-size=\"sm\">0 g<\/td>\n<td data-start=\"307\" data-end=\"313\" data-col-size=\"sm\">0 g<\/td>\n<td data-start=\"313\" data-end=\"318\" data-col-size=\"sm\">&#8211;<\/td>\n<\/tr>\n<tr data-start=\"319\" data-end=\"356\">\n<td data-start=\"319\" data-end=\"339\" data-col-size=\"sm\">\u2013 millest suhkrud<\/td>\n<td data-start=\"339\" data-end=\"345\" data-col-size=\"sm\">0 g<\/td>\n<td data-start=\"345\" data-end=\"351\" data-col-size=\"sm\">0 g<\/td>\n<td data-start=\"351\" data-end=\"356\" data-col-size=\"sm\">&#8211;<\/td>\n<\/tr>\n<tr data-start=\"357\" data-end=\"393\">\n<td data-start=\"357\" data-end=\"370\" data-col-size=\"sm\">C-vitamiin<\/td>\n<td data-start=\"370\" data-end=\"378\" data-col-size=\"sm\">17 mg<\/td>\n<td data-start=\"378\" data-end=\"386\" data-col-size=\"sm\">60 mg<\/td>\n<td data-start=\"386\" data-end=\"393\" data-col-size=\"sm\">75%<\/td>\n<\/tr>\n<tr data-start=\"394\" data-end=\"439\">\n<td data-start=\"394\" data-end=\"413\" data-col-size=\"sm\">Riboflaviin (B2)<\/td>\n<td data-start=\"413\" data-end=\"422\" data-col-size=\"sm\">0.5 mg<\/td>\n<td data-start=\"422\" data-end=\"431\" data-col-size=\"sm\">1.8 mg<\/td>\n<td data-start=\"431\" data-end=\"439\" data-col-size=\"sm\">127%<\/td>\n<\/tr>\n<tr data-start=\"440\" data-end=\"481\">\n<td data-start=\"440\" data-end=\"456\" data-col-size=\"sm\">Niatsiin (B3)<\/td>\n<td data-start=\"456\" data-end=\"465\" data-col-size=\"sm\">5.6 mg<\/td>\n<td data-start=\"465\" data-end=\"473\" data-col-size=\"sm\">20 mg<\/td>\n<td data-start=\"473\" data-end=\"481\" data-col-size=\"sm\">125%<\/td>\n<\/tr>\n<tr data-start=\"482\" data-end=\"528\">\n<td data-start=\"482\" data-end=\"503\" data-col-size=\"sm\">Pantoteenhape (B5)<\/td>\n<td data-start=\"503\" data-end=\"512\" data-col-size=\"sm\">2.8 mg<\/td>\n<td data-start=\"512\" data-end=\"520\" data-col-size=\"sm\">10 mg<\/td>\n<td data-start=\"520\" data-end=\"528\" data-col-size=\"sm\">167%<\/td>\n<\/tr>\n<tr data-start=\"529\" data-end=\"569\">\n<td data-start=\"529\" data-end=\"543\" data-col-size=\"sm\">Vitamiin B6<\/td>\n<td data-start=\"543\" data-end=\"552\" data-col-size=\"sm\">0.6 mg<\/td>\n<td data-start=\"552\" data-end=\"561\" data-col-size=\"sm\">2.1 mg<\/td>\n<td data-start=\"561\" data-end=\"569\" data-col-size=\"sm\">150%<\/td>\n<\/tr>\n<tr data-start=\"570\" data-end=\"611\">\n<td data-start=\"570\" data-end=\"585\" data-col-size=\"sm\">Vitamiin B12<\/td>\n<td data-start=\"585\" data-end=\"594\" data-col-size=\"sm\">1.7 \u00b5g<\/td>\n<td data-start=\"594\" data-end=\"603\" data-col-size=\"sm\">6.0 \u00b5g<\/td>\n<td data-start=\"603\" data-end=\"611\" data-col-size=\"sm\">240%<\/td>\n<\/tr>\n<tr data-start=\"612\" data-end=\"647\">\n<td data-start=\"612\" data-end=\"622\" data-col-size=\"sm\">Biotiin<\/td>\n<td data-start=\"622\" data-end=\"630\" data-col-size=\"sm\">42 \u00b5g<\/td>\n<td data-start=\"630\" data-end=\"639\" data-col-size=\"sm\">150 \u00b5g<\/td>\n<td data-start=\"639\" data-end=\"647\" data-col-size=\"sm\">300%<\/td>\n<\/tr>\n<\/tbody>\n<\/table>\n<\/div>\n<\/div>\n<p data-start=\"654\" data-end=\"701\"><strong data-start=\"654\" data-end=\"701\">* SPK\u2013 p\u00e4evane v\u00f5rdluskogus t\u00e4iskasvanule<\/strong><\/p>\n<p>Vaata ka meie teisi Suhkruvabasid Energiajooke kastiga <a href=\"https:\/\/fit360.ee\/tootekategooria\/tootegrupid\/proteiinibatoonid\/\"><strong>SIIT<\/strong><\/a> v\u00f5i Pre-Workoute <a href=\"https:\/\/fit360.ee\/tootekategooria\/tootegrupid\/treeningeelne-ja-erguti\/\"><strong>SIIT<\/strong><\/a>!<\/p>\n<p>Soovid kaupa osta suuremas koguses? Vaata antud toodet ka meie HULGI poest\u00a0<a href=\"https:\/\/toidulisandidhulgi.ee\/tooted\/celsius-energiajook-12x355ml\/\"><strong>SIIT<\/strong><\/a>!<\/p>\n","protected":false},"excerpt":{"rendered":"<ul>\n<li>Ei sisalda s\u00fcnteetilisi s\u00e4ilitusaineid-, v\u00e4rvi- ja l\u00f5hnaanined on looduslikud<\/li>\n<li>Celsiuse positiivne m\u00f5ju on avaldatud kuues teaduslikus ajakirjas<\/li>\n<li>Jook on saanud USA-s 13 autasuga p\u00e4rjatud, sealhulgas &#8220;Parim funktsionaalne jook&#8221;.<\/li>\n<li>Suhkruvaba<\/li>\n<li>Kalorivaba<\/li>\n<\/ul>\n<p><strong>NB! Osta kastiga ja S\u00c4\u00c4STA<\/strong><\/p>\n","protected":false},"featured_media":95127,"comment_status":"open","ping_status":"closed","template":"","meta":[],"product_brand":[],"product_cat":[1948,1072,523,533],"product_tag":[],"giftcard-category":[],"class_list":{"0":"post-95126","1":"product","2":"type-product","3":"status-publish","4":"has-post-thumbnail","6":"product_cat-celsius-en","7":"product_cat-drinks-and-protein-bars-in-bulk","8":"product_cat-drinks-shots","9":"product_cat-pre-workout-en","10":"pa_kogus-12x355ml","11":"pa_maitse-kiwi-guava-en","12":"pa_maitse-mango-limonaadi","13":"pa_maitse-strawberry-watermelon","14":"pa_maitse-vaarika-virsiku","15":"pa_toidulisand-branddd-celsius","16":"pa_tootegruppp-drinksshots","17":"pa_tootegruppp-joogidbatoonid-karbi-ja-kastiga-en","18":"pa_tootegruppp-pre-workout","19":"pa_tootegruppp-suhkruvabad-energiajoogid-en","21":"first","22":"instock","23":"sale","24":"taxable","25":"shipping-taxable","26":"purchasable","27":"product-type-variable"},"yoast_head":"<!-- This site is optimized with the Yoast SEO plugin v27.3 - https:\/\/yoast.com\/product\/yoast-seo-wordpress\/ -->\n<title>Celsius Energiajook kofeiiniga (355ml) - 4 maitset - Parim Hind<\/title>\n<meta name=\"description\" content=\"Celsius energiajook on suhkru- ning kalorivaba, sisaldades 0g s\u00fcsivesikuid. Celsius ei sisalda lisakaloreid ega s\u00fcnteetilisi aineid.\" \/>\n<meta name=\"robots\" content=\"index, follow, max-snippet:-1, max-image-preview:large, max-video-preview:-1\" \/>\n<link rel=\"canonical\" href=\"https:\/\/fit360.ee\/en\/pood\/product-groups\/drinks-shots\/celsius-energiajook-12x355ml\/\" \/>\n<meta property=\"og:locale\" content=\"en_US\" \/>\n<meta property=\"og:type\" content=\"article\" \/>\n<meta property=\"og:title\" content=\"Celsius Energiajook kofeiiniga (355ml) - 4 maitset - Parim Hind\" \/>\n<meta property=\"og:description\" content=\"Celsius energiajook on suhkru- ning kalorivaba, sisaldades 0g s\u00fcsivesikuid. Celsius ei sisalda lisakaloreid ega s\u00fcnteetilisi aineid.\" \/>\n<meta property=\"og:url\" content=\"https:\/\/fit360.ee\/en\/pood\/product-groups\/drinks-shots\/celsius-energiajook-12x355ml\/\" \/>\n<meta property=\"og:site_name\" content=\"Fit360\" \/>\n<meta property=\"article:modified_time\" content=\"2026-03-28T07:56:04+00:00\" \/>\n<meta property=\"og:image\" content=\"https:\/\/fit360.ee\/wp-content\/uploads\/2026\/03\/celsius-maasika-arbuus-kastiga-fit360.ee_.jpg\" \/>\n\t<meta property=\"og:image:width\" content=\"2365\" \/>\n\t<meta property=\"og:image:height\" content=\"2365\" \/>\n\t<meta property=\"og:image:type\" content=\"image\/jpeg\" \/>\n<meta name=\"twitter:card\" content=\"summary_large_image\" \/>\n<meta name=\"twitter:label1\" content=\"Est. reading time\" \/>\n\t<meta name=\"twitter:data1\" content=\"4 minutes\" \/>\n<script type=\"application\/ld+json\" class=\"yoast-schema-graph\">{\"@context\":\"https:\\\/\\\/schema.org\",\"@graph\":[{\"@type\":\"WebPage\",\"@id\":\"https:\\\/\\\/fit360.ee\\\/en\\\/pood\\\/product-groups\\\/drinks-shots\\\/celsius-energiajook-12x355ml\\\/\",\"url\":\"https:\\\/\\\/fit360.ee\\\/en\\\/pood\\\/product-groups\\\/drinks-shots\\\/celsius-energiajook-12x355ml\\\/\",\"name\":\"Celsius Energiajook kofeiiniga (355ml) - 4 maitset - Parim Hind\",\"isPartOf\":{\"@id\":\"https:\\\/\\\/fit360.ee\\\/en\\\/#website\"},\"primaryImageOfPage\":{\"@id\":\"https:\\\/\\\/fit360.ee\\\/en\\\/pood\\\/product-groups\\\/drinks-shots\\\/celsius-energiajook-12x355ml\\\/#primaryimage\"},\"image\":{\"@id\":\"https:\\\/\\\/fit360.ee\\\/en\\\/pood\\\/product-groups\\\/drinks-shots\\\/celsius-energiajook-12x355ml\\\/#primaryimage\"},\"thumbnailUrl\":\"https:\\\/\\\/fit360.ee\\\/wp-content\\\/uploads\\\/2026\\\/03\\\/celsius-maasika-arbuus-kastiga-fit360.ee_.jpg\",\"datePublished\":\"2026-03-27T17:12:03+00:00\",\"dateModified\":\"2026-03-28T07:56:04+00:00\",\"description\":\"Celsius energiajook on suhkru- ning kalorivaba, sisaldades 0g s\u00fcsivesikuid. Celsius ei sisalda lisakaloreid ega s\u00fcnteetilisi aineid.\",\"breadcrumb\":{\"@id\":\"https:\\\/\\\/fit360.ee\\\/en\\\/pood\\\/product-groups\\\/drinks-shots\\\/celsius-energiajook-12x355ml\\\/#breadcrumb\"},\"inLanguage\":\"en-US\",\"potentialAction\":[{\"@type\":\"ReadAction\",\"target\":[\"https:\\\/\\\/fit360.ee\\\/en\\\/pood\\\/product-groups\\\/drinks-shots\\\/celsius-energiajook-12x355ml\\\/\"]}]},{\"@type\":\"ImageObject\",\"inLanguage\":\"en-US\",\"@id\":\"https:\\\/\\\/fit360.ee\\\/en\\\/pood\\\/product-groups\\\/drinks-shots\\\/celsius-energiajook-12x355ml\\\/#primaryimage\",\"url\":\"https:\\\/\\\/fit360.ee\\\/wp-content\\\/uploads\\\/2026\\\/03\\\/celsius-maasika-arbuus-kastiga-fit360.ee_.jpg\",\"contentUrl\":\"https:\\\/\\\/fit360.ee\\\/wp-content\\\/uploads\\\/2026\\\/03\\\/celsius-maasika-arbuus-kastiga-fit360.ee_.jpg\",\"width\":2365,\"height\":2365,\"caption\":\"celsius maasika-arbuus kastiga - fit360.ee\"},{\"@type\":\"BreadcrumbList\",\"@id\":\"https:\\\/\\\/fit360.ee\\\/en\\\/pood\\\/product-groups\\\/drinks-shots\\\/celsius-energiajook-12x355ml\\\/#breadcrumb\",\"itemListElement\":[{\"@type\":\"ListItem\",\"position\":1,\"name\":\"Home\",\"item\":\"https:\\\/\\\/fit360.ee\\\/en\\\/\"},{\"@type\":\"ListItem\",\"position\":2,\"name\":\"Shop\",\"item\":\"https:\\\/\\\/fit360.ee\\\/en\\\/shop\\\/\"},{\"@type\":\"ListItem\",\"position\":3,\"name\":\"Celsius energiajook (12x355ml)\"}]},{\"@type\":\"WebSite\",\"@id\":\"https:\\\/\\\/fit360.ee\\\/en\\\/#website\",\"url\":\"https:\\\/\\\/fit360.ee\\\/en\\\/\",\"name\":\"Fit360\",\"description\":\"\",\"publisher\":{\"@id\":\"https:\\\/\\\/fit360.ee\\\/en\\\/#organization\"},\"potentialAction\":[{\"@type\":\"SearchAction\",\"target\":{\"@type\":\"EntryPoint\",\"urlTemplate\":\"https:\\\/\\\/fit360.ee\\\/en\\\/?s={search_term_string}\"},\"query-input\":{\"@type\":\"PropertyValueSpecification\",\"valueRequired\":true,\"valueName\":\"search_term_string\"}}],\"inLanguage\":\"en-US\"},{\"@type\":\"Organization\",\"@id\":\"https:\\\/\\\/fit360.ee\\\/en\\\/#organization\",\"name\":\"Fit360\",\"url\":\"https:\\\/\\\/fit360.ee\\\/en\\\/\",\"logo\":{\"@type\":\"ImageObject\",\"inLanguage\":\"en-US\",\"@id\":\"https:\\\/\\\/fit360.ee\\\/en\\\/#\\\/schema\\\/logo\\\/image\\\/\",\"url\":\"https:\\\/\\\/fit360.ee\\\/wp-content\\\/uploads\\\/2017\\\/01\\\/logo-fit360.png\",\"contentUrl\":\"https:\\\/\\\/fit360.ee\\\/wp-content\\\/uploads\\\/2017\\\/01\\\/logo-fit360.png\",\"width\":180,\"height\":66,\"caption\":\"Fit360\"},\"image\":{\"@id\":\"https:\\\/\\\/fit360.ee\\\/en\\\/#\\\/schema\\\/logo\\\/image\\\/\"}}]}<\/script>\n<!-- \/ Yoast SEO plugin. -->","yoast_head_json":{"title":"Celsius Energiajook kofeiiniga (355ml) - 4 maitset - Parim Hind","description":"Celsius energiajook on suhkru- ning kalorivaba, sisaldades 0g s\u00fcsivesikuid. Celsius ei sisalda lisakaloreid ega s\u00fcnteetilisi aineid.","robots":{"index":"index","follow":"follow","max-snippet":"max-snippet:-1","max-image-preview":"max-image-preview:large","max-video-preview":"max-video-preview:-1"},"canonical":"https:\/\/fit360.ee\/en\/pood\/product-groups\/drinks-shots\/celsius-energiajook-12x355ml\/","og_locale":"en_US","og_type":"article","og_title":"Celsius Energiajook kofeiiniga (355ml) - 4 maitset - Parim Hind","og_description":"Celsius energiajook on suhkru- ning kalorivaba, sisaldades 0g s\u00fcsivesikuid. Celsius ei sisalda lisakaloreid ega s\u00fcnteetilisi aineid.","og_url":"https:\/\/fit360.ee\/en\/pood\/product-groups\/drinks-shots\/celsius-energiajook-12x355ml\/","og_site_name":"Fit360","article_modified_time":"2026-03-28T07:56:04+00:00","og_image":[{"width":2365,"height":2365,"url":"https:\/\/fit360.ee\/wp-content\/uploads\/2026\/03\/celsius-maasika-arbuus-kastiga-fit360.ee_.jpg","type":"image\/jpeg"}],"twitter_card":"summary_large_image","twitter_misc":{"Est. reading time":"4 minutes"},"schema":{"@context":"https:\/\/schema.org","@graph":[{"@type":"WebPage","@id":"https:\/\/fit360.ee\/en\/pood\/product-groups\/drinks-shots\/celsius-energiajook-12x355ml\/","url":"https:\/\/fit360.ee\/en\/pood\/product-groups\/drinks-shots\/celsius-energiajook-12x355ml\/","name":"Celsius Energiajook kofeiiniga (355ml) - 4 maitset - Parim Hind","isPartOf":{"@id":"https:\/\/fit360.ee\/en\/#website"},"primaryImageOfPage":{"@id":"https:\/\/fit360.ee\/en\/pood\/product-groups\/drinks-shots\/celsius-energiajook-12x355ml\/#primaryimage"},"image":{"@id":"https:\/\/fit360.ee\/en\/pood\/product-groups\/drinks-shots\/celsius-energiajook-12x355ml\/#primaryimage"},"thumbnailUrl":"https:\/\/fit360.ee\/wp-content\/uploads\/2026\/03\/celsius-maasika-arbuus-kastiga-fit360.ee_.jpg","datePublished":"2026-03-27T17:12:03+00:00","dateModified":"2026-03-28T07:56:04+00:00","description":"Celsius energiajook on suhkru- ning kalorivaba, sisaldades 0g s\u00fcsivesikuid. Celsius ei sisalda lisakaloreid ega s\u00fcnteetilisi aineid.","breadcrumb":{"@id":"https:\/\/fit360.ee\/en\/pood\/product-groups\/drinks-shots\/celsius-energiajook-12x355ml\/#breadcrumb"},"inLanguage":"en-US","potentialAction":[{"@type":"ReadAction","target":["https:\/\/fit360.ee\/en\/pood\/product-groups\/drinks-shots\/celsius-energiajook-12x355ml\/"]}]},{"@type":"ImageObject","inLanguage":"en-US","@id":"https:\/\/fit360.ee\/en\/pood\/product-groups\/drinks-shots\/celsius-energiajook-12x355ml\/#primaryimage","url":"https:\/\/fit360.ee\/wp-content\/uploads\/2026\/03\/celsius-maasika-arbuus-kastiga-fit360.ee_.jpg","contentUrl":"https:\/\/fit360.ee\/wp-content\/uploads\/2026\/03\/celsius-maasika-arbuus-kastiga-fit360.ee_.jpg","width":2365,"height":2365,"caption":"celsius maasika-arbuus kastiga - fit360.ee"},{"@type":"BreadcrumbList","@id":"https:\/\/fit360.ee\/en\/pood\/product-groups\/drinks-shots\/celsius-energiajook-12x355ml\/#breadcrumb","itemListElement":[{"@type":"ListItem","position":1,"name":"Home","item":"https:\/\/fit360.ee\/en\/"},{"@type":"ListItem","position":2,"name":"Shop","item":"https:\/\/fit360.ee\/en\/shop\/"},{"@type":"ListItem","position":3,"name":"Celsius energiajook (12x355ml)"}]},{"@type":"WebSite","@id":"https:\/\/fit360.ee\/en\/#website","url":"https:\/\/fit360.ee\/en\/","name":"Fit360","description":"","publisher":{"@id":"https:\/\/fit360.ee\/en\/#organization"},"potentialAction":[{"@type":"SearchAction","target":{"@type":"EntryPoint","urlTemplate":"https:\/\/fit360.ee\/en\/?s={search_term_string}"},"query-input":{"@type":"PropertyValueSpecification","valueRequired":true,"valueName":"search_term_string"}}],"inLanguage":"en-US"},{"@type":"Organization","@id":"https:\/\/fit360.ee\/en\/#organization","name":"Fit360","url":"https:\/\/fit360.ee\/en\/","logo":{"@type":"ImageObject","inLanguage":"en-US","@id":"https:\/\/fit360.ee\/en\/#\/schema\/logo\/image\/","url":"https:\/\/fit360.ee\/wp-content\/uploads\/2017\/01\/logo-fit360.png","contentUrl":"https:\/\/fit360.ee\/wp-content\/uploads\/2017\/01\/logo-fit360.png","width":180,"height":66,"caption":"Fit360"},"image":{"@id":"https:\/\/fit360.ee\/en\/#\/schema\/logo\/image\/"}}]}},"_links":{"self":[{"href":"https:\/\/fit360.ee\/en\/wp-json\/wp\/v2\/product\/95126","targetHints":{"allow":["GET"]}}],"collection":[{"href":"https:\/\/fit360.ee\/en\/wp-json\/wp\/v2\/product"}],"about":[{"href":"https:\/\/fit360.ee\/en\/wp-json\/wp\/v2\/types\/product"}],"replies":[{"embeddable":true,"href":"https:\/\/fit360.ee\/en\/wp-json\/wp\/v2\/comments?post=95126"}],"wp:featuredmedia":[{"embeddable":true,"href":"https:\/\/fit360.ee\/en\/wp-json\/wp\/v2\/media\/95127"}],"wp:attachment":[{"href":"https:\/\/fit360.ee\/en\/wp-json\/wp\/v2\/media?parent=95126"}],"wp:term":[{"taxonomy":"product_brand","embeddable":true,"href":"https:\/\/fit360.ee\/en\/wp-json\/wp\/v2\/product_brand?post=95126"},{"taxonomy":"product_cat","embeddable":true,"href":"https:\/\/fit360.ee\/en\/wp-json\/wp\/v2\/product_cat?post=95126"},{"taxonomy":"product_tag","embeddable":true,"href":"https:\/\/fit360.ee\/en\/wp-json\/wp\/v2\/product_tag?post=95126"},{"taxonomy":"giftcard-category","embeddable":true,"href":"https:\/\/fit360.ee\/en\/wp-json\/wp\/v2\/giftcard-category?post=95126"}],"curies":[{"name":"wp","href":"https:\/\/api.w.org\/{rel}","templated":true}]}}