{"id":95211,"date":"2026-03-29T12:56:59","date_gmt":"2026-03-29T10:56:59","guid":{"rendered":"https:\/\/fit360.ee\/pood\/uncategorized\/brown-rice-protein-200g\/"},"modified":"2026-03-31T13:13:55","modified_gmt":"2026-03-31T11:13:55","slug":"brown-rice-protein-200g","status":"publish","type":"product","link":"https:\/\/fit360.ee\/en\/pood\/product-groups\/protein-poweders-en\/vegan-protein-en\/brown-rice-protein-200g\/","title":{"rendered":"Brown Rice Protein (200g)"},"content":{"rendered":"<h2><strong>Pruuni Riisi Valk<\/strong><\/h2>\n<p style=\"font-weight: 400;\"><b><strong>ICONFIT Pruuni riisi valk<\/strong><\/b>\u00a0on taimne proteiinipulber, mis on valmistatud kvaliteetsest pruunist riisist. Selle neutraalse maitse ja peene tekstuuri t\u00f5ttu on see suurep\u00e4rane valik valgu lisamiseks paljudele erinevatele retseptidele. Olenemata sellest, kas valmistate smuutisid, sheike v\u00f5i k\u00fcpsetisi, seguneb looduslik valgupulber v\u00e4ga h\u00e4sti, pakkudes vajalikke toitaineid ilma roogade maitset muutmata.<\/p>\n<p style=\"font-weight: 400;\">See mitmek\u00fclgne valk ei ole m\u00f5eldud vaid magusate retseptide jaoks, sobides ideaalselt ka soolaste roogade, n\u00e4iteks suppide, kastmete v\u00f5i k\u00fcpsetiste valmistamiseks. T\u00e4nu kergesti segunevale konsistentsile on riisivalk ideaalne k\u00f5igile, kes soovivad lisada oma toidule taimset valku lihtsal ja loomulikul viisil. See sobib veganitele, taimetoitlastele ja neile, kes j\u00e4rgivad gluteenivaba v\u00f5i piimavaba men\u00fc\u00fcd, ning on suurep\u00e4rane t\u00e4iendus tervislikule ja tasakaalustatud eluviisile.<\/p>\n<p style=\"font-weight: 400;\">Nautige pruuni riisivalgu eeliseid oma igap\u00e4evastes toitudes ja viige oma toiduvalmistamine selle kvaliteetse taimse valguallikaga j\u00e4rgmisele tasemele.<\/p>\n<p><strong>ICONFIT Pruuni riisi valk on k\u00f5rgele, 80%\u00a0valgusisaldusele lisaks ka kiudainete allikas ning suurep\u00e4rane lisa smuutidele, k\u00fcpsetistele v\u00f5i kasutamiseks taimse spordijoogina.<\/strong><\/p>\n<ul>\n<li>100% looduslik taimne valgupulber, mis on valmistatud kvaliteetsest pruunist riisist.<\/li>\n<li>Maheda maitse ja peene tekstuuriga \u2013\u00a0sobib ideaalselt nii magusatesse kui ka soolastesse retseptidesse.<\/li>\n<li>Sobib veganitele, taimetoitlastele ning gluteenivabasse ja piimavabasse men\u00fc\u00fcsse.<\/li>\n<li>Lihtne viis lisada valku oma toitumisse tasakaalustatud ja tervisliku elustiili jaoks.<\/li>\n<\/ul>\n<p style=\"font-weight: 400;\"><b><strong>Kasutamine: <\/strong><\/b>Lisa 1 kuhjaga supilusikat\u00e4is (15 g) veele, smuutidele v\u00f5i k\u00fcpsetistele.<\/p>\n<p style=\"font-weight: 400;\"><b><strong>S\u00c4ILITAMINE:<\/strong><\/b>\u00a0Hoida toatemperatuuril, kaitstuna niiskuse ja otsese p\u00e4ikesevalguse eest. Netokaal 250 g.<\/p>\n<p style=\"font-weight: 400;\"><b><strong>KOOSTISOSAD:\u00a0<\/strong><\/b>Pruuni riisi pulber.<\/p>\n<p>Vaata ka meie Teisi Supertoite <a href=\"https:\/\/fit360.ee\/en\/product-category\/product-groups\/superfoods-health-foods-en\/\"><strong>SIIT<\/strong><\/a> v\u00f5i Taimseid Valke <a href=\"https:\/\/fit360.ee\/en\/product-category\/product-groups\/protein-poweders-en\/vegan-protein-en\/\"><strong>SIIT<\/strong><\/a>!<\/p>\n<p>Soovid kaupa osta suuremas koguses? Vaata antud toodet ka meie HULGI poest\u00a0<a href=\"https:\/\/toidulisandidhulgi.ee\/tooted\/brown-rice-protein-200g\/\"><strong>SIIT<\/strong><\/a>!<\/p>\n","protected":false},"excerpt":{"rendered":"<ul>\n<li>100% looduslik taimne valgupulber, mis on valmistatud kvaliteetsest pruunist riisist.<\/li>\n<li>Maheda maitse ja peene tekstuuriga \u2013\u00a0sobib ideaalselt nii magusatesse kui ka soolastesse retseptidesse.<\/li>\n<li>Sobib veganitele, taimetoitlastele ning gluteenivabasse ja piimavabasse men\u00fc\u00fcsse.<\/li>\n<li>Lihtne viis lisada valku oma toitumisse tasakaalustatud ja tervisliku elustiili jaoks.<\/li>\n<\/ul>\n","protected":false},"featured_media":95212,"comment_status":"open","ping_status":"closed","template":"","meta":[],"product_brand":[],"product_cat":[1318,535,1873,1454,2428,1201],"product_tag":[11768,1681,11769],"giftcard-category":[],"class_list":{"0":"post-95211","1":"product","2":"type-product","3":"status-publish","4":"has-post-thumbnail","6":"product_cat-iconfit-en","7":"product_cat-protein-poweders-en","8":"product_cat-superfood-blends-en","9":"product_cat-superfoods-health-foods-en","10":"product_cat-vegan-protein-en","11":"product_cat-1201","12":"product_tag-brown-rice-protein","13":"product_tag-iconfit-en","14":"product_tag-pruuni-riisi-valk","15":"pa_kogus-200g-en","16":"pa_toidulisand-branddd-iconfit","17":"pa_tootegruppp-protein","18":"pa_tootegruppp-supertoidusegud-smuutidele-en","19":"pa_tootegruppp-supertoit-tervisetoit-en","20":"pa_tootegruppp-taimne-valk-en","21":"pa_tootegruppp-vegan-en","23":"first","24":"instock","25":"sale","26":"taxable","27":"shipping-taxable","28":"purchasable","29":"product-type-simple"},"yoast_head":"<!-- This site is optimized with the Yoast SEO plugin v27.3 - https:\/\/yoast.com\/product\/yoast-seo-wordpress\/ -->\n<title>Brown Rice Protein (200g) - Pruuni Riisi Valk - Parim Hind - Kiire Tarne - Fit360<\/title>\n<meta name=\"description\" content=\"ICONFIT Pruuni riisi valk\u00a0on taimne proteiinipulber, mis on valmistatud kvaliteetsest pruunist riisist. Selle neutraalse maitse ja peene tekstuuri t\u00f5t...\" \/>\n<meta name=\"robots\" content=\"index, follow, max-snippet:-1, max-image-preview:large, max-video-preview:-1\" \/>\n<link rel=\"canonical\" href=\"https:\/\/fit360.ee\/en\/pood\/product-groups\/protein-poweders-en\/vegan-protein-en\/brown-rice-protein-200g\/\" \/>\n<meta property=\"og:locale\" content=\"en_US\" \/>\n<meta property=\"og:type\" content=\"article\" \/>\n<meta property=\"og:title\" content=\"Brown Rice Protein (200g) - Pruuni Riisi Valk - Parim Hind - Kiire Tarne - Fit360\" \/>\n<meta property=\"og:description\" content=\"ICONFIT Pruuni riisi valk\u00a0on taimne proteiinipulber, mis on valmistatud kvaliteetsest pruunist riisist. Selle neutraalse maitse ja peene tekstuuri t\u00f5t...\" \/>\n<meta property=\"og:url\" content=\"https:\/\/fit360.ee\/en\/pood\/product-groups\/protein-poweders-en\/vegan-protein-en\/brown-rice-protein-200g\/\" \/>\n<meta property=\"og:site_name\" content=\"Fit360\" \/>\n<meta property=\"article:modified_time\" content=\"2026-03-31T11:13:55+00:00\" \/>\n<meta property=\"og:image\" content=\"https:\/\/fit360.ee\/wp-content\/uploads\/2026\/03\/iconfit-pruuni-riisi-valk-brown-rice-protein-fit360.ee_.png\" \/>\n\t<meta property=\"og:image:width\" content=\"695\" \/>\n\t<meta property=\"og:image:height\" content=\"695\" \/>\n\t<meta property=\"og:image:type\" content=\"image\/png\" \/>\n<meta name=\"twitter:card\" content=\"summary_large_image\" \/>\n<meta name=\"twitter:label1\" content=\"Est. reading time\" \/>\n\t<meta name=\"twitter:data1\" content=\"2 minutes\" \/>\n<script type=\"application\/ld+json\" class=\"yoast-schema-graph\">{\"@context\":\"https:\\\/\\\/schema.org\",\"@graph\":[{\"@type\":\"WebPage\",\"@id\":\"https:\\\/\\\/fit360.ee\\\/en\\\/pood\\\/product-groups\\\/protein-poweders-en\\\/vegan-protein-en\\\/brown-rice-protein-200g\\\/\",\"url\":\"https:\\\/\\\/fit360.ee\\\/en\\\/pood\\\/product-groups\\\/protein-poweders-en\\\/vegan-protein-en\\\/brown-rice-protein-200g\\\/\",\"name\":\"Brown Rice Protein (200g) - Pruuni Riisi Valk - Parim Hind - Kiire Tarne - Fit360\",\"isPartOf\":{\"@id\":\"https:\\\/\\\/fit360.ee\\\/en\\\/#website\"},\"primaryImageOfPage\":{\"@id\":\"https:\\\/\\\/fit360.ee\\\/en\\\/pood\\\/product-groups\\\/protein-poweders-en\\\/vegan-protein-en\\\/brown-rice-protein-200g\\\/#primaryimage\"},\"image\":{\"@id\":\"https:\\\/\\\/fit360.ee\\\/en\\\/pood\\\/product-groups\\\/protein-poweders-en\\\/vegan-protein-en\\\/brown-rice-protein-200g\\\/#primaryimage\"},\"thumbnailUrl\":\"https:\\\/\\\/fit360.ee\\\/wp-content\\\/uploads\\\/2026\\\/03\\\/iconfit-pruuni-riisi-valk-brown-rice-protein-fit360.ee_.png\",\"datePublished\":\"2026-03-29T10:56:59+00:00\",\"dateModified\":\"2026-03-31T11:13:55+00:00\",\"description\":\"ICONFIT Pruuni riisi valk\u00a0on taimne proteiinipulber, mis on valmistatud kvaliteetsest pruunist riisist. Selle neutraalse maitse ja peene tekstuuri t\u00f5t...\",\"breadcrumb\":{\"@id\":\"https:\\\/\\\/fit360.ee\\\/en\\\/pood\\\/product-groups\\\/protein-poweders-en\\\/vegan-protein-en\\\/brown-rice-protein-200g\\\/#breadcrumb\"},\"inLanguage\":\"en-US\",\"potentialAction\":[{\"@type\":\"ReadAction\",\"target\":[\"https:\\\/\\\/fit360.ee\\\/en\\\/pood\\\/product-groups\\\/protein-poweders-en\\\/vegan-protein-en\\\/brown-rice-protein-200g\\\/\"]}]},{\"@type\":\"ImageObject\",\"inLanguage\":\"en-US\",\"@id\":\"https:\\\/\\\/fit360.ee\\\/en\\\/pood\\\/product-groups\\\/protein-poweders-en\\\/vegan-protein-en\\\/brown-rice-protein-200g\\\/#primaryimage\",\"url\":\"https:\\\/\\\/fit360.ee\\\/wp-content\\\/uploads\\\/2026\\\/03\\\/iconfit-pruuni-riisi-valk-brown-rice-protein-fit360.ee_.png\",\"contentUrl\":\"https:\\\/\\\/fit360.ee\\\/wp-content\\\/uploads\\\/2026\\\/03\\\/iconfit-pruuni-riisi-valk-brown-rice-protein-fit360.ee_.png\",\"width\":695,\"height\":695,\"caption\":\"iconfit pruuni riisi valk brown rice protein - fit360.ee\"},{\"@type\":\"BreadcrumbList\",\"@id\":\"https:\\\/\\\/fit360.ee\\\/en\\\/pood\\\/product-groups\\\/protein-poweders-en\\\/vegan-protein-en\\\/brown-rice-protein-200g\\\/#breadcrumb\",\"itemListElement\":[{\"@type\":\"ListItem\",\"position\":1,\"name\":\"Home\",\"item\":\"https:\\\/\\\/fit360.ee\\\/en\\\/\"},{\"@type\":\"ListItem\",\"position\":2,\"name\":\"Shop\",\"item\":\"https:\\\/\\\/fit360.ee\\\/en\\\/shop\\\/\"},{\"@type\":\"ListItem\",\"position\":3,\"name\":\"Brown Rice Protein (200g)\"}]},{\"@type\":\"WebSite\",\"@id\":\"https:\\\/\\\/fit360.ee\\\/en\\\/#website\",\"url\":\"https:\\\/\\\/fit360.ee\\\/en\\\/\",\"name\":\"Fit360\",\"description\":\"\",\"publisher\":{\"@id\":\"https:\\\/\\\/fit360.ee\\\/en\\\/#organization\"},\"potentialAction\":[{\"@type\":\"SearchAction\",\"target\":{\"@type\":\"EntryPoint\",\"urlTemplate\":\"https:\\\/\\\/fit360.ee\\\/en\\\/?s={search_term_string}\"},\"query-input\":{\"@type\":\"PropertyValueSpecification\",\"valueRequired\":true,\"valueName\":\"search_term_string\"}}],\"inLanguage\":\"en-US\"},{\"@type\":\"Organization\",\"@id\":\"https:\\\/\\\/fit360.ee\\\/en\\\/#organization\",\"name\":\"Fit360\",\"url\":\"https:\\\/\\\/fit360.ee\\\/en\\\/\",\"logo\":{\"@type\":\"ImageObject\",\"inLanguage\":\"en-US\",\"@id\":\"https:\\\/\\\/fit360.ee\\\/en\\\/#\\\/schema\\\/logo\\\/image\\\/\",\"url\":\"https:\\\/\\\/fit360.ee\\\/wp-content\\\/uploads\\\/2017\\\/01\\\/logo-fit360.png\",\"contentUrl\":\"https:\\\/\\\/fit360.ee\\\/wp-content\\\/uploads\\\/2017\\\/01\\\/logo-fit360.png\",\"width\":180,\"height\":66,\"caption\":\"Fit360\"},\"image\":{\"@id\":\"https:\\\/\\\/fit360.ee\\\/en\\\/#\\\/schema\\\/logo\\\/image\\\/\"}}]}<\/script>\n<!-- \/ Yoast SEO plugin. -->","yoast_head_json":{"title":"Brown Rice Protein (200g) - Pruuni Riisi Valk - Parim Hind - Kiire Tarne - Fit360","description":"ICONFIT Pruuni riisi valk\u00a0on taimne proteiinipulber, mis on valmistatud kvaliteetsest pruunist riisist. Selle neutraalse maitse ja peene tekstuuri t\u00f5t...","robots":{"index":"index","follow":"follow","max-snippet":"max-snippet:-1","max-image-preview":"max-image-preview:large","max-video-preview":"max-video-preview:-1"},"canonical":"https:\/\/fit360.ee\/en\/pood\/product-groups\/protein-poweders-en\/vegan-protein-en\/brown-rice-protein-200g\/","og_locale":"en_US","og_type":"article","og_title":"Brown Rice Protein (200g) - Pruuni Riisi Valk - Parim Hind - Kiire Tarne - Fit360","og_description":"ICONFIT Pruuni riisi valk\u00a0on taimne proteiinipulber, mis on valmistatud kvaliteetsest pruunist riisist. Selle neutraalse maitse ja peene tekstuuri t\u00f5t...","og_url":"https:\/\/fit360.ee\/en\/pood\/product-groups\/protein-poweders-en\/vegan-protein-en\/brown-rice-protein-200g\/","og_site_name":"Fit360","article_modified_time":"2026-03-31T11:13:55+00:00","og_image":[{"width":695,"height":695,"url":"https:\/\/fit360.ee\/wp-content\/uploads\/2026\/03\/iconfit-pruuni-riisi-valk-brown-rice-protein-fit360.ee_.png","type":"image\/png"}],"twitter_card":"summary_large_image","twitter_misc":{"Est. reading time":"2 minutes"},"schema":{"@context":"https:\/\/schema.org","@graph":[{"@type":"WebPage","@id":"https:\/\/fit360.ee\/en\/pood\/product-groups\/protein-poweders-en\/vegan-protein-en\/brown-rice-protein-200g\/","url":"https:\/\/fit360.ee\/en\/pood\/product-groups\/protein-poweders-en\/vegan-protein-en\/brown-rice-protein-200g\/","name":"Brown Rice Protein (200g) - Pruuni Riisi Valk - Parim Hind - Kiire Tarne - Fit360","isPartOf":{"@id":"https:\/\/fit360.ee\/en\/#website"},"primaryImageOfPage":{"@id":"https:\/\/fit360.ee\/en\/pood\/product-groups\/protein-poweders-en\/vegan-protein-en\/brown-rice-protein-200g\/#primaryimage"},"image":{"@id":"https:\/\/fit360.ee\/en\/pood\/product-groups\/protein-poweders-en\/vegan-protein-en\/brown-rice-protein-200g\/#primaryimage"},"thumbnailUrl":"https:\/\/fit360.ee\/wp-content\/uploads\/2026\/03\/iconfit-pruuni-riisi-valk-brown-rice-protein-fit360.ee_.png","datePublished":"2026-03-29T10:56:59+00:00","dateModified":"2026-03-31T11:13:55+00:00","description":"ICONFIT Pruuni riisi valk\u00a0on taimne proteiinipulber, mis on valmistatud kvaliteetsest pruunist riisist. Selle neutraalse maitse ja peene tekstuuri t\u00f5t...","breadcrumb":{"@id":"https:\/\/fit360.ee\/en\/pood\/product-groups\/protein-poweders-en\/vegan-protein-en\/brown-rice-protein-200g\/#breadcrumb"},"inLanguage":"en-US","potentialAction":[{"@type":"ReadAction","target":["https:\/\/fit360.ee\/en\/pood\/product-groups\/protein-poweders-en\/vegan-protein-en\/brown-rice-protein-200g\/"]}]},{"@type":"ImageObject","inLanguage":"en-US","@id":"https:\/\/fit360.ee\/en\/pood\/product-groups\/protein-poweders-en\/vegan-protein-en\/brown-rice-protein-200g\/#primaryimage","url":"https:\/\/fit360.ee\/wp-content\/uploads\/2026\/03\/iconfit-pruuni-riisi-valk-brown-rice-protein-fit360.ee_.png","contentUrl":"https:\/\/fit360.ee\/wp-content\/uploads\/2026\/03\/iconfit-pruuni-riisi-valk-brown-rice-protein-fit360.ee_.png","width":695,"height":695,"caption":"iconfit pruuni riisi valk brown rice protein - fit360.ee"},{"@type":"BreadcrumbList","@id":"https:\/\/fit360.ee\/en\/pood\/product-groups\/protein-poweders-en\/vegan-protein-en\/brown-rice-protein-200g\/#breadcrumb","itemListElement":[{"@type":"ListItem","position":1,"name":"Home","item":"https:\/\/fit360.ee\/en\/"},{"@type":"ListItem","position":2,"name":"Shop","item":"https:\/\/fit360.ee\/en\/shop\/"},{"@type":"ListItem","position":3,"name":"Brown Rice Protein (200g)"}]},{"@type":"WebSite","@id":"https:\/\/fit360.ee\/en\/#website","url":"https:\/\/fit360.ee\/en\/","name":"Fit360","description":"","publisher":{"@id":"https:\/\/fit360.ee\/en\/#organization"},"potentialAction":[{"@type":"SearchAction","target":{"@type":"EntryPoint","urlTemplate":"https:\/\/fit360.ee\/en\/?s={search_term_string}"},"query-input":{"@type":"PropertyValueSpecification","valueRequired":true,"valueName":"search_term_string"}}],"inLanguage":"en-US"},{"@type":"Organization","@id":"https:\/\/fit360.ee\/en\/#organization","name":"Fit360","url":"https:\/\/fit360.ee\/en\/","logo":{"@type":"ImageObject","inLanguage":"en-US","@id":"https:\/\/fit360.ee\/en\/#\/schema\/logo\/image\/","url":"https:\/\/fit360.ee\/wp-content\/uploads\/2017\/01\/logo-fit360.png","contentUrl":"https:\/\/fit360.ee\/wp-content\/uploads\/2017\/01\/logo-fit360.png","width":180,"height":66,"caption":"Fit360"},"image":{"@id":"https:\/\/fit360.ee\/en\/#\/schema\/logo\/image\/"}}]}},"_links":{"self":[{"href":"https:\/\/fit360.ee\/en\/wp-json\/wp\/v2\/product\/95211","targetHints":{"allow":["GET"]}}],"collection":[{"href":"https:\/\/fit360.ee\/en\/wp-json\/wp\/v2\/product"}],"about":[{"href":"https:\/\/fit360.ee\/en\/wp-json\/wp\/v2\/types\/product"}],"replies":[{"embeddable":true,"href":"https:\/\/fit360.ee\/en\/wp-json\/wp\/v2\/comments?post=95211"}],"wp:featuredmedia":[{"embeddable":true,"href":"https:\/\/fit360.ee\/en\/wp-json\/wp\/v2\/media\/95212"}],"wp:attachment":[{"href":"https:\/\/fit360.ee\/en\/wp-json\/wp\/v2\/media?parent=95211"}],"wp:term":[{"taxonomy":"product_brand","embeddable":true,"href":"https:\/\/fit360.ee\/en\/wp-json\/wp\/v2\/product_brand?post=95211"},{"taxonomy":"product_cat","embeddable":true,"href":"https:\/\/fit360.ee\/en\/wp-json\/wp\/v2\/product_cat?post=95211"},{"taxonomy":"product_tag","embeddable":true,"href":"https:\/\/fit360.ee\/en\/wp-json\/wp\/v2\/product_tag?post=95211"},{"taxonomy":"giftcard-category","embeddable":true,"href":"https:\/\/fit360.ee\/en\/wp-json\/wp\/v2\/giftcard-category?post=95211"}],"curies":[{"name":"wp","href":"https:\/\/api.w.org\/{rel}","templated":true}]}}