{"id":95227,"date":"2026-03-29T13:56:56","date_gmt":"2026-03-29T11:56:56","guid":{"rendered":"https:\/\/fit360.ee\/pood\/uncategorized\/iconfit-kookoskreemi-pulber-150g\/"},"modified":"2026-03-31T13:25:11","modified_gmt":"2026-03-31T11:25:11","slug":"iconfit-kookoskreemi-pulber-150g","status":"publish","type":"product","link":"https:\/\/fit360.ee\/en\/pood\/product-groups\/vitamins-and-minerals-en\/iconfit-kookoskreemi-pulber-150g\/","title":{"rendered":"ICONFIT Kookoskreemi pulber (150g)"},"content":{"rendered":"<h2 class=\"product-title\"><strong>ICONFIT Kookoskreemi pulber<\/strong><\/h2>\n<p style=\"font-weight: 400;\"><b><strong>ICONFIT Kookoskreemi pulber<\/strong><\/b>\u00a0on mitmek\u00fclgne toiduaine, mis on valmistatud 100% looduslikust kookosp\u00e4hklist. Tuntud oma rikkaliku, kreemja tekstuuri ja troopilise maitse poolest, on see suurep\u00e4rane lisand erinevatele retseptidele, pakkudes nii mugavust kui ka toitev\u00e4\u00e4rtust. Lihtsalt segage pulber veega, et luua pehme kookoskreem v\u00f5i -piim, v\u00f5i kasutage seda kuiva koostisosana oma lemmikroogades.<\/p>\n<p style=\"font-weight: 400;\">See pulber on suurep\u00e4rane tervislike rasvade allikas ja sisaldab looduslikult esinevaid toitaineid nagu kaalium ja magneesium, mist\u00f5ttu on see tervislik valik toitude rikastamiseks. Selle pehme ja kreemjas konsistents sobib ideaalselt karri, suppide ja kastmete valmistamiseks, samas kui selle loomulik magusus muudab selle ideaalseks ka magustoitude, smuutide ja k\u00fcpsetiste valmistamiseks.<\/p>\n<p style=\"font-weight: 400;\">Kookoskoorepulber on kergesti s\u00e4ilitatav, pakkudes v\u00f5imalust seda kasutada alati, kui seda vajate, ilma k\u00fclmkapis hoiustamata. Sobib veganite, taimetoitlaste ja gluteenivabasse men\u00fc\u00fcsse ning on h\u00e4davajalik troopilise maitsega rikkalike ja maitsekate roogade loomiseks.<\/p>\n<p dir=\"ltr\"><strong>ICONFIT Kookoskreemi pulber on suurep\u00e4rane lisand smuutidele, k\u00fcpsetistele v\u00f5i muudele toitudele. See on lihtne viis lisada oma toidule head kookose maitset ja kasulikke rasvhappeid.<\/strong><\/p>\n<ul>\n<li>Armastatud kookoskreem pulbrina. S\u00e4ilib h\u00e4sti kuivas kohas ja hoiab \u00e4ra olukorra, kus poolikud kookoskreemi purgid v\u00f5tavad k\u00fclmkapis ruumi.<\/li>\n<li>\u00dchest pakist kookoskreemi pulbrist saab segada umbes 0,5-0,75 liitrit kookoskreemi.<\/li>\n<li>Kasutage erinevates toitudes, smuutides ja k\u00fcpsetistes.<\/li>\n<\/ul>\n<p style=\"font-weight: 400;\"><b><strong>KUIDAS KASUTADA:\u00a0<\/strong><\/b>Lisa 1 supilusikat\u00e4is (10 g) pulbrit smuutidele v\u00f5i k\u00fcpsetistele. Kookosjoogi valmistamiseks sega 1 osa kookoskreemi pulbrit 1-3 osa veega.<\/p>\n<p style=\"font-weight: 400;\"><b><strong>S\u00c4ILITAMINE:\u00a0<\/strong><\/b>Hoida toatemperatuuril, kaitstuna niiskuse ja otsese p\u00e4ikesevalguse eest. Netokaal 150 g.<\/p>\n<p style=\"font-weight: 400;\"><b><strong>KOOSTISOSAD:\u00a0<\/strong><\/b>Kookoskreemi pulber (kookosjook, maltodekstriin, naatriumkaseinaat).<\/p>\n<p>Vaata ka meie Teisi Supertoite <a href=\"https:\/\/fit360.ee\/en\/product-category\/product-groups\/superfoods-health-foods-en\/\"><strong>SIIT<\/strong><\/a> v\u00f5i Vitamiine ja Mineraale <a href=\"https:\/\/fit360.ee\/en\/product-category\/product-groups\/vitamins-and-minerals-en\/\"><strong>SIIT<\/strong><\/a>!<\/p>\n<p>Soovid kaupa osta suuremas koguses? Vaata antud toodet ka meie HULGI poest\u00a0<a href=\"https:\/\/toidulisandidhulgi.ee\/tooted\/iconfit-kookoskreemi-pulber-150g\/\"><strong>SIIT<\/strong><\/a>!<\/p>\n","protected":false},"excerpt":{"rendered":"<ul>\n<li>Armastatud kookoskreem pulbrina. S\u00e4ilib h\u00e4sti kuivas kohas ja hoiab \u00e4ra olukorra, kus poolikud kookoskreemi purgid v\u00f5tavad k\u00fclmkapis ruumi.<\/li>\n<li>\u00dchest pakist kookoskreemi pulbrist saab segada umbes 0,5-0,75 liitrit kookoskreemi.<\/li>\n<li>Kasutage erinevates toitudes, smuutides ja k\u00fcpsetistes.<\/li>\n<\/ul>\n","protected":false},"featured_media":95228,"comment_status":"open","ping_status":"closed","template":"","meta":[],"product_brand":[],"product_cat":[1873,1454,536],"product_tag":[1681,11781,11782,11783],"giftcard-category":[],"class_list":{"0":"post-95227","1":"product","2":"type-product","3":"status-publish","4":"has-post-thumbnail","6":"product_cat-superfood-blends-en","7":"product_cat-superfoods-health-foods-en","8":"product_cat-vitamins-and-minerals-en","9":"product_tag-iconfit-en","10":"product_tag-iconfit-kookoskreemi-pulber","11":"product_tag-kookoskreem","12":"product_tag-kookoskreemi-pulber","13":"pa_kogus-150g-en","14":"pa_toidulisand-branddd-iconfit","15":"pa_tootegruppp-supertoidusegud-smuutidele-en","16":"pa_tootegruppp-supertoit-tervisetoit-en","17":"pa_tootegruppp-vitamins-and-minerals","19":"first","20":"instock","21":"sale","22":"taxable","23":"shipping-taxable","24":"purchasable","25":"product-type-simple"},"yoast_head":"<!-- This site is optimized with the Yoast SEO plugin v27.3 - https:\/\/yoast.com\/product\/yoast-seo-wordpress\/ -->\n<title>ICONFIT Kookoskreemi pulber (150g) - Parim Hind - Kiire Tarne - Fit360<\/title>\n<meta name=\"description\" content=\"ICONFIT Kookoskreemi pulber\u00a0on mitmek\u00fclgne toiduaine, mis on valmistatud 100% looduslikust kookosp\u00e4hklist. Tuntud oma rikkaliku, kreemja tekstuuri ja tro...\" \/>\n<meta name=\"robots\" content=\"index, follow, max-snippet:-1, max-image-preview:large, max-video-preview:-1\" \/>\n<link rel=\"canonical\" href=\"https:\/\/fit360.ee\/en\/pood\/product-groups\/vitamins-and-minerals-en\/iconfit-kookoskreemi-pulber-150g\/\" \/>\n<meta property=\"og:locale\" content=\"en_US\" \/>\n<meta property=\"og:type\" content=\"article\" \/>\n<meta property=\"og:title\" content=\"ICONFIT Kookoskreemi pulber (150g) - Parim Hind - Kiire Tarne - Fit360\" \/>\n<meta property=\"og:description\" content=\"ICONFIT Kookoskreemi pulber\u00a0on mitmek\u00fclgne toiduaine, mis on valmistatud 100% looduslikust kookosp\u00e4hklist. Tuntud oma rikkaliku, kreemja tekstuuri ja tro...\" \/>\n<meta property=\"og:url\" content=\"https:\/\/fit360.ee\/en\/pood\/product-groups\/vitamins-and-minerals-en\/iconfit-kookoskreemi-pulber-150g\/\" \/>\n<meta property=\"og:site_name\" content=\"Fit360\" \/>\n<meta property=\"article:modified_time\" content=\"2026-03-31T11:25:11+00:00\" \/>\n<meta property=\"og:image\" content=\"https:\/\/fit360.ee\/wp-content\/uploads\/2026\/03\/iconfit-kookoskreemi-pulber-coconut-cream-fit360.ee_.png\" \/>\n\t<meta property=\"og:image:width\" content=\"695\" \/>\n\t<meta property=\"og:image:height\" content=\"695\" \/>\n\t<meta property=\"og:image:type\" content=\"image\/png\" \/>\n<meta name=\"twitter:card\" content=\"summary_large_image\" \/>\n<meta name=\"twitter:label1\" content=\"Est. reading time\" \/>\n\t<meta name=\"twitter:data1\" content=\"2 minutes\" \/>\n<script type=\"application\/ld+json\" class=\"yoast-schema-graph\">{\"@context\":\"https:\\\/\\\/schema.org\",\"@graph\":[{\"@type\":\"WebPage\",\"@id\":\"https:\\\/\\\/fit360.ee\\\/en\\\/pood\\\/product-groups\\\/vitamins-and-minerals-en\\\/iconfit-kookoskreemi-pulber-150g\\\/\",\"url\":\"https:\\\/\\\/fit360.ee\\\/en\\\/pood\\\/product-groups\\\/vitamins-and-minerals-en\\\/iconfit-kookoskreemi-pulber-150g\\\/\",\"name\":\"ICONFIT Kookoskreemi pulber (150g) - Parim Hind - Kiire Tarne - Fit360\",\"isPartOf\":{\"@id\":\"https:\\\/\\\/fit360.ee\\\/en\\\/#website\"},\"primaryImageOfPage\":{\"@id\":\"https:\\\/\\\/fit360.ee\\\/en\\\/pood\\\/product-groups\\\/vitamins-and-minerals-en\\\/iconfit-kookoskreemi-pulber-150g\\\/#primaryimage\"},\"image\":{\"@id\":\"https:\\\/\\\/fit360.ee\\\/en\\\/pood\\\/product-groups\\\/vitamins-and-minerals-en\\\/iconfit-kookoskreemi-pulber-150g\\\/#primaryimage\"},\"thumbnailUrl\":\"https:\\\/\\\/fit360.ee\\\/wp-content\\\/uploads\\\/2026\\\/03\\\/iconfit-kookoskreemi-pulber-coconut-cream-fit360.ee_.png\",\"datePublished\":\"2026-03-29T11:56:56+00:00\",\"dateModified\":\"2026-03-31T11:25:11+00:00\",\"description\":\"ICONFIT Kookoskreemi pulber\u00a0on mitmek\u00fclgne toiduaine, mis on valmistatud 100% looduslikust kookosp\u00e4hklist. Tuntud oma rikkaliku, kreemja tekstuuri ja tro...\",\"breadcrumb\":{\"@id\":\"https:\\\/\\\/fit360.ee\\\/en\\\/pood\\\/product-groups\\\/vitamins-and-minerals-en\\\/iconfit-kookoskreemi-pulber-150g\\\/#breadcrumb\"},\"inLanguage\":\"en-US\",\"potentialAction\":[{\"@type\":\"ReadAction\",\"target\":[\"https:\\\/\\\/fit360.ee\\\/en\\\/pood\\\/product-groups\\\/vitamins-and-minerals-en\\\/iconfit-kookoskreemi-pulber-150g\\\/\"]}]},{\"@type\":\"ImageObject\",\"inLanguage\":\"en-US\",\"@id\":\"https:\\\/\\\/fit360.ee\\\/en\\\/pood\\\/product-groups\\\/vitamins-and-minerals-en\\\/iconfit-kookoskreemi-pulber-150g\\\/#primaryimage\",\"url\":\"https:\\\/\\\/fit360.ee\\\/wp-content\\\/uploads\\\/2026\\\/03\\\/iconfit-kookoskreemi-pulber-coconut-cream-fit360.ee_.png\",\"contentUrl\":\"https:\\\/\\\/fit360.ee\\\/wp-content\\\/uploads\\\/2026\\\/03\\\/iconfit-kookoskreemi-pulber-coconut-cream-fit360.ee_.png\",\"width\":695,\"height\":695,\"caption\":\"iconfit kookoskreemi pulber coconut cream - fit360.ee\"},{\"@type\":\"BreadcrumbList\",\"@id\":\"https:\\\/\\\/fit360.ee\\\/en\\\/pood\\\/product-groups\\\/vitamins-and-minerals-en\\\/iconfit-kookoskreemi-pulber-150g\\\/#breadcrumb\",\"itemListElement\":[{\"@type\":\"ListItem\",\"position\":1,\"name\":\"Home\",\"item\":\"https:\\\/\\\/fit360.ee\\\/en\\\/\"},{\"@type\":\"ListItem\",\"position\":2,\"name\":\"Shop\",\"item\":\"https:\\\/\\\/fit360.ee\\\/en\\\/shop\\\/\"},{\"@type\":\"ListItem\",\"position\":3,\"name\":\"ICONFIT Kookoskreemi pulber (150g)\"}]},{\"@type\":\"WebSite\",\"@id\":\"https:\\\/\\\/fit360.ee\\\/en\\\/#website\",\"url\":\"https:\\\/\\\/fit360.ee\\\/en\\\/\",\"name\":\"Fit360\",\"description\":\"\",\"publisher\":{\"@id\":\"https:\\\/\\\/fit360.ee\\\/en\\\/#organization\"},\"potentialAction\":[{\"@type\":\"SearchAction\",\"target\":{\"@type\":\"EntryPoint\",\"urlTemplate\":\"https:\\\/\\\/fit360.ee\\\/en\\\/?s={search_term_string}\"},\"query-input\":{\"@type\":\"PropertyValueSpecification\",\"valueRequired\":true,\"valueName\":\"search_term_string\"}}],\"inLanguage\":\"en-US\"},{\"@type\":\"Organization\",\"@id\":\"https:\\\/\\\/fit360.ee\\\/en\\\/#organization\",\"name\":\"Fit360\",\"url\":\"https:\\\/\\\/fit360.ee\\\/en\\\/\",\"logo\":{\"@type\":\"ImageObject\",\"inLanguage\":\"en-US\",\"@id\":\"https:\\\/\\\/fit360.ee\\\/en\\\/#\\\/schema\\\/logo\\\/image\\\/\",\"url\":\"https:\\\/\\\/fit360.ee\\\/wp-content\\\/uploads\\\/2017\\\/01\\\/logo-fit360.png\",\"contentUrl\":\"https:\\\/\\\/fit360.ee\\\/wp-content\\\/uploads\\\/2017\\\/01\\\/logo-fit360.png\",\"width\":180,\"height\":66,\"caption\":\"Fit360\"},\"image\":{\"@id\":\"https:\\\/\\\/fit360.ee\\\/en\\\/#\\\/schema\\\/logo\\\/image\\\/\"}}]}<\/script>\n<!-- \/ Yoast SEO plugin. -->","yoast_head_json":{"title":"ICONFIT Kookoskreemi pulber (150g) - Parim Hind - Kiire Tarne - Fit360","description":"ICONFIT Kookoskreemi pulber\u00a0on mitmek\u00fclgne toiduaine, mis on valmistatud 100% looduslikust kookosp\u00e4hklist. Tuntud oma rikkaliku, kreemja tekstuuri ja tro...","robots":{"index":"index","follow":"follow","max-snippet":"max-snippet:-1","max-image-preview":"max-image-preview:large","max-video-preview":"max-video-preview:-1"},"canonical":"https:\/\/fit360.ee\/en\/pood\/product-groups\/vitamins-and-minerals-en\/iconfit-kookoskreemi-pulber-150g\/","og_locale":"en_US","og_type":"article","og_title":"ICONFIT Kookoskreemi pulber (150g) - Parim Hind - Kiire Tarne - Fit360","og_description":"ICONFIT Kookoskreemi pulber\u00a0on mitmek\u00fclgne toiduaine, mis on valmistatud 100% looduslikust kookosp\u00e4hklist. Tuntud oma rikkaliku, kreemja tekstuuri ja tro...","og_url":"https:\/\/fit360.ee\/en\/pood\/product-groups\/vitamins-and-minerals-en\/iconfit-kookoskreemi-pulber-150g\/","og_site_name":"Fit360","article_modified_time":"2026-03-31T11:25:11+00:00","og_image":[{"width":695,"height":695,"url":"https:\/\/fit360.ee\/wp-content\/uploads\/2026\/03\/iconfit-kookoskreemi-pulber-coconut-cream-fit360.ee_.png","type":"image\/png"}],"twitter_card":"summary_large_image","twitter_misc":{"Est. reading time":"2 minutes"},"schema":{"@context":"https:\/\/schema.org","@graph":[{"@type":"WebPage","@id":"https:\/\/fit360.ee\/en\/pood\/product-groups\/vitamins-and-minerals-en\/iconfit-kookoskreemi-pulber-150g\/","url":"https:\/\/fit360.ee\/en\/pood\/product-groups\/vitamins-and-minerals-en\/iconfit-kookoskreemi-pulber-150g\/","name":"ICONFIT Kookoskreemi pulber (150g) - Parim Hind - Kiire Tarne - Fit360","isPartOf":{"@id":"https:\/\/fit360.ee\/en\/#website"},"primaryImageOfPage":{"@id":"https:\/\/fit360.ee\/en\/pood\/product-groups\/vitamins-and-minerals-en\/iconfit-kookoskreemi-pulber-150g\/#primaryimage"},"image":{"@id":"https:\/\/fit360.ee\/en\/pood\/product-groups\/vitamins-and-minerals-en\/iconfit-kookoskreemi-pulber-150g\/#primaryimage"},"thumbnailUrl":"https:\/\/fit360.ee\/wp-content\/uploads\/2026\/03\/iconfit-kookoskreemi-pulber-coconut-cream-fit360.ee_.png","datePublished":"2026-03-29T11:56:56+00:00","dateModified":"2026-03-31T11:25:11+00:00","description":"ICONFIT Kookoskreemi pulber\u00a0on mitmek\u00fclgne toiduaine, mis on valmistatud 100% looduslikust kookosp\u00e4hklist. Tuntud oma rikkaliku, kreemja tekstuuri ja tro...","breadcrumb":{"@id":"https:\/\/fit360.ee\/en\/pood\/product-groups\/vitamins-and-minerals-en\/iconfit-kookoskreemi-pulber-150g\/#breadcrumb"},"inLanguage":"en-US","potentialAction":[{"@type":"ReadAction","target":["https:\/\/fit360.ee\/en\/pood\/product-groups\/vitamins-and-minerals-en\/iconfit-kookoskreemi-pulber-150g\/"]}]},{"@type":"ImageObject","inLanguage":"en-US","@id":"https:\/\/fit360.ee\/en\/pood\/product-groups\/vitamins-and-minerals-en\/iconfit-kookoskreemi-pulber-150g\/#primaryimage","url":"https:\/\/fit360.ee\/wp-content\/uploads\/2026\/03\/iconfit-kookoskreemi-pulber-coconut-cream-fit360.ee_.png","contentUrl":"https:\/\/fit360.ee\/wp-content\/uploads\/2026\/03\/iconfit-kookoskreemi-pulber-coconut-cream-fit360.ee_.png","width":695,"height":695,"caption":"iconfit kookoskreemi pulber coconut cream - fit360.ee"},{"@type":"BreadcrumbList","@id":"https:\/\/fit360.ee\/en\/pood\/product-groups\/vitamins-and-minerals-en\/iconfit-kookoskreemi-pulber-150g\/#breadcrumb","itemListElement":[{"@type":"ListItem","position":1,"name":"Home","item":"https:\/\/fit360.ee\/en\/"},{"@type":"ListItem","position":2,"name":"Shop","item":"https:\/\/fit360.ee\/en\/shop\/"},{"@type":"ListItem","position":3,"name":"ICONFIT Kookoskreemi pulber (150g)"}]},{"@type":"WebSite","@id":"https:\/\/fit360.ee\/en\/#website","url":"https:\/\/fit360.ee\/en\/","name":"Fit360","description":"","publisher":{"@id":"https:\/\/fit360.ee\/en\/#organization"},"potentialAction":[{"@type":"SearchAction","target":{"@type":"EntryPoint","urlTemplate":"https:\/\/fit360.ee\/en\/?s={search_term_string}"},"query-input":{"@type":"PropertyValueSpecification","valueRequired":true,"valueName":"search_term_string"}}],"inLanguage":"en-US"},{"@type":"Organization","@id":"https:\/\/fit360.ee\/en\/#organization","name":"Fit360","url":"https:\/\/fit360.ee\/en\/","logo":{"@type":"ImageObject","inLanguage":"en-US","@id":"https:\/\/fit360.ee\/en\/#\/schema\/logo\/image\/","url":"https:\/\/fit360.ee\/wp-content\/uploads\/2017\/01\/logo-fit360.png","contentUrl":"https:\/\/fit360.ee\/wp-content\/uploads\/2017\/01\/logo-fit360.png","width":180,"height":66,"caption":"Fit360"},"image":{"@id":"https:\/\/fit360.ee\/en\/#\/schema\/logo\/image\/"}}]}},"_links":{"self":[{"href":"https:\/\/fit360.ee\/en\/wp-json\/wp\/v2\/product\/95227","targetHints":{"allow":["GET"]}}],"collection":[{"href":"https:\/\/fit360.ee\/en\/wp-json\/wp\/v2\/product"}],"about":[{"href":"https:\/\/fit360.ee\/en\/wp-json\/wp\/v2\/types\/product"}],"replies":[{"embeddable":true,"href":"https:\/\/fit360.ee\/en\/wp-json\/wp\/v2\/comments?post=95227"}],"wp:featuredmedia":[{"embeddable":true,"href":"https:\/\/fit360.ee\/en\/wp-json\/wp\/v2\/media\/95228"}],"wp:attachment":[{"href":"https:\/\/fit360.ee\/en\/wp-json\/wp\/v2\/media?parent=95227"}],"wp:term":[{"taxonomy":"product_brand","embeddable":true,"href":"https:\/\/fit360.ee\/en\/wp-json\/wp\/v2\/product_brand?post=95227"},{"taxonomy":"product_cat","embeddable":true,"href":"https:\/\/fit360.ee\/en\/wp-json\/wp\/v2\/product_cat?post=95227"},{"taxonomy":"product_tag","embeddable":true,"href":"https:\/\/fit360.ee\/en\/wp-json\/wp\/v2\/product_tag?post=95227"},{"taxonomy":"giftcard-category","embeddable":true,"href":"https:\/\/fit360.ee\/en\/wp-json\/wp\/v2\/giftcard-category?post=95227"}],"curies":[{"name":"wp","href":"https:\/\/api.w.org\/{rel}","templated":true}]}}