{"id":95238,"date":"2026-03-29T14:57:01","date_gmt":"2026-03-29T12:57:01","guid":{"rendered":"https:\/\/fit360.ee\/pood\/uncategorized\/better-bodies-water-jug\/"},"modified":"2026-03-31T12:57:07","modified_gmt":"2026-03-31T10:57:07","slug":"better-bodies-water-jug","status":"publish","type":"product","link":"https:\/\/fit360.ee\/en\/pood\/training-equipment-en\/drinking-bottles-en\/better-bodies-water-jug\/","title":{"rendered":"Better Bodies Water Jug"},"content":{"rendered":"<h2><strong>Better Bodies Water Jug<\/strong><\/h2>\n<div class=\"flex flex-col text-sm\">\n<section class=\"text-token-text-primary w-full focus:outline-none [--shadow-height:45px] has-data-writing-block:pointer-events-none has-data-writing-block:-mt-(--shadow-height) has-data-writing-block:pt-(--shadow-height) [&amp;:has([data-writing-block])&gt;*]:pointer-events-auto scroll-mt-[calc(var(--header-height)+min(200px,max(70px,20svh)))]\" dir=\"auto\" data-turn-id=\"request-WEB:f02a8dd3-0469-487d-99e5-90b8d220a2f9-7\" data-testid=\"conversation-turn-10\" data-scroll-anchor=\"true\" data-turn=\"assistant\">\n<div class=\"text-base my-auto mx-auto pb-10 [--thread-content-margin:var(--thread-content-margin-xs,calc(var(--spacing)*4))] @w-sm\/main:[--thread-content-margin:var(--thread-content-margin-sm,calc(var(--spacing)*6))] @w-lg\/main:[--thread-content-margin:var(--thread-content-margin-lg,calc(var(--spacing)*16))] px-(--thread-content-margin)\">\n<div class=\"[--thread-content-max-width:40rem] @w-lg\/main:[--thread-content-max-width:48rem] mx-auto max-w-(--thread-content-max-width) flex-1 group\/turn-messages focus-visible:outline-hidden relative flex w-full min-w-0 flex-col agent-turn\">\n<div class=\"flex max-w-full flex-col gap-4 grow\">\n<div class=\"min-h-8 text-message relative flex w-full flex-col items-end gap-2 text-start break-words whitespace-normal outline-none keyboard-focused:focus-ring [.text-message+&amp;]:mt-1\" dir=\"auto\" tabindex=\"0\" data-message-author-role=\"assistant\" data-message-id=\"8ae5acf2-db3b-4db1-b663-4df4478d88bb\" data-turn-start-message=\"true\" data-message-model-slug=\"gpt-5-3\">\n<div class=\"flex w-full flex-col gap-1 empty:hidden\">\n<div class=\"markdown prose dark:prose-invert w-full wrap-break-word light markdown-new-styling\">\n<p data-start=\"0\" data-end=\"352\"><strong data-start=\"0\" data-end=\"27\">Better Bodies Water Jug<\/strong> on praktiline ja vastupidav suur veepudel, mis on loodud aktiivse eluviisiga inimestele. T\u00e4nu oma suurele mahutavusele ja nutikale disainile aitab see tagada piisava vedelikutarbimise nii treeningul, t\u00f6\u00f6l kui ka igap\u00e4evaelus. Kui eesm\u00e4rgiks on parem h\u00fcdratsioon ilma pideva pudeli t\u00e4itmiseta, on see toode ideaalne lahendus.<\/p>\n<p data-start=\"354\" data-end=\"700\">Tegemist on Smartshake\u2122 tehnoloogial p\u00f5hineva joogipudeliga, mis t\u00e4hendab, et r\u00f5hk on pandud kasutusmugavusele, lekkekindlusele ja vastupidavusele. 2,1-liitrine (72 oz) maht v\u00f5imaldab katta suure osa p\u00e4evasest vedelikuvajadusest \u00fche t\u00e4itmisega, mis on eriti oluline sportlastele ja aktiivsetele inimestele.<\/p>\n<p data-start=\"702\" data-end=\"1069\">Lisaks suurele mahule on Better Bodies veepudel disainitud ergonoomiliselt \u2013 mugav k\u00e4epide v\u00f5imaldab pudelit h\u00f5lpsalt kaasas kanda ning kasutada ka liikumise ajal. Lai suuava teeb nii t\u00e4itmise kui ka puhastamise oluliselt lihtsamaks, samas kui kumer p\u00f5hi aitab v\u00e4ltida j\u00e4\u00e4kide kogunemist raskesti ligip\u00e4\u00e4setavatesse kohtadesse.<\/p>\n<h4 data-section-id=\"134r8v8\" data-start=\"1071\" data-end=\"1092\"><strong>Better Bodies veepudeli peamised omadused:<\/strong><\/h4>\n<ul data-start=\"1093\" data-end=\"1481\">\n<li data-section-id=\"1dio0by\" data-start=\"1093\" data-end=\"1156\">Mahutavus 2100 ml \/ 72 oz \u2013 v\u00e4hem t\u00e4itmist, rohkem mugavust<\/li>\n<li data-section-id=\"18w9zq3\" data-start=\"1157\" data-end=\"1211\">Mugav ja ergonoomiline k\u00e4epide lihtsaks kandmiseks<\/li>\n<li data-section-id=\"7ipitb\" data-start=\"1212\" data-end=\"1256\">Lai ava ja kumer p\u00f5hi \u2013 lihtne puhastada<\/li>\n<li data-section-id=\"80rfug\" data-start=\"1257\" data-end=\"1312\">K\u00fcljele graveeritud m\u00f5\u00f5t\u00fchikud vedeliku j\u00e4lgimiseks<\/li>\n<li data-section-id=\"d0jo5s\" data-start=\"1313\" data-end=\"1356\">100% lekkekindel (Smartshake\u2122 garantii)<\/li>\n<li data-section-id=\"1ldrl0b\" data-start=\"1357\" data-end=\"1384\">N\u00f5udepesumasinas pestav<\/li>\n<li data-section-id=\"1faw6yb\" data-start=\"1385\" data-end=\"1481\">Vastupidav ja kerge materjal igap\u00e4evaseks kasutamiseks<\/li>\n<\/ul>\n<p data-start=\"1483\" data-end=\"1787\">Sellised suure mahuga joogipudelid on eriti populaarsed spordimaailmas, kuna need aitavad s\u00e4ilitada pidevat vedelikutaset ilma treeningut katkestamata. Samuti sobib see ideaalselt kontorisse, reisile v\u00f5i matkale, kus vee k\u00e4ttesaadavus ei pruugi olla alati tagatud.<\/p>\n<p data-start=\"1789\" data-end=\"2156\">Better Bodies Water Jug paistab silma ka oma praktiliste detailidega. K\u00fcljele m\u00e4rgitud m\u00f5\u00f5teskaala aitab j\u00e4lgida, kui palju vett p\u00e4eva jooksul jood \u2013 see on oluline nii sportlike eesm\u00e4rkide kui ka \u00fcldise tervise seisukohalt. Lisaks tagab lekkekindel kork, et pudelit saab turvaliselt kotti panna ilma ebameeldivate \u00fcllatusteta.<\/p>\n<p data-start=\"2158\" data-end=\"2341\">Kvaliteetne materjal ja l\u00e4bim\u00f5eldud disain muudavad selle veepudeli pikaajaliseks investeeringuks. See on loodud taluma igap\u00e4evast kasutust, olles samal ajal kerge ja mugav k\u00e4sitseda.<\/p>\n<p data-start=\"2343\" data-end=\"2616\">Kokkuv\u00f5ttes on <strong data-start=\"2358\" data-end=\"2384\">Better Bodies veepudel<\/strong> suurep\u00e4rane valik neile, kes soovivad lihtsat, t\u00f6\u00f6kindlat ja mahukat lahendust oma vedelikutarbimise parandamiseks. See \u00fchendab funktsionaalsuse, vastupidavuse ja kasutusmugavuse \u2013 k\u00f5ik, mida \u00fchelt kaasaegselt joogipudelilt oodata.<\/p>\n<\/div>\n<\/div>\n<\/div>\n<\/div>\n<\/div>\n<\/div>\n<\/section>\n<\/div>\n<p data-start=\"2343\" data-end=\"2616\"><span style=\"color: #333333; font-size: 14.4px;\">Vaata ka meie teisi Joogipudeleid ja Shakereid <a href=\"https:\/\/toidulisandidhulgi.ee\/tootekategooria\/treeningvarustus\/shakerid-joogipudelid\/\"><strong>SIIT<\/strong><\/a>!<\/span><\/p>\n<p data-start=\"2343\" data-end=\"2616\">Soovid kaupa osta suuremas koguses? Vaata antud toodet ka meie HULGI poest\u00a0<a href=\"https:\/\/toidulisandidhulgi.ee\/tooted\/better-bodies-water-jug\/\"><strong>SIIT<\/strong><\/a>!<\/p>\n","protected":false},"excerpt":{"rendered":"<ul data-start=\"1093\" data-end=\"1481\">\n<li data-section-id=\"1dio0by\" data-start=\"1093\" data-end=\"1156\">Mahutavus 2100 ml \/ 72 oz \u2013 v\u00e4hem t\u00e4itmist, rohkem mugavust<\/li>\n<li data-section-id=\"18w9zq3\" data-start=\"1157\" data-end=\"1211\">Mugav ja ergonoomiline k\u00e4epide lihtsaks kandmiseks<\/li>\n<li data-section-id=\"7ipitb\" data-start=\"1212\" data-end=\"1256\">Lai ava ja kumer p\u00f5hi \u2013 lihtne puhastada<\/li>\n<li data-section-id=\"80rfug\" data-start=\"1257\" data-end=\"1312\">K\u00fcljele graveeritud m\u00f5\u00f5t\u00fchikud vedeliku j\u00e4lgimiseks<\/li>\n<li data-section-id=\"d0jo5s\" data-start=\"1313\" data-end=\"1356\">100% lekkekindel (Smartshake\u2122 garantii)<\/li>\n<li data-section-id=\"1ldrl0b\" data-start=\"1357\" data-end=\"1384\">N\u00f5udepesumasinas pestav<\/li>\n<li data-section-id=\"1faw6yb\" data-start=\"1385\" data-end=\"1481\">Vastupidav ja kerge materjal igap\u00e4evaseks kasutamiseks<\/li>\n<\/ul>\n","protected":false},"featured_media":95242,"comment_status":"open","ping_status":"closed","template":"","meta":[],"product_brand":[],"product_cat":[540,551,538],"product_tag":[2522,11786,11787],"giftcard-category":[],"class_list":{"0":"post-95238","1":"product","2":"type-product","3":"status-publish","4":"has-post-thumbnail","6":"product_cat-drinking-bottles-en","7":"product_cat-shakers-en","8":"product_cat-training-equipment-en","9":"product_tag-better-bodies-en","10":"product_tag-better-bodies-veepudel","11":"product_tag-better-bodies-water-jug","12":"pa_brand-better-bodies-en","13":"pa_varustus-drinking-bottles","14":"pa_varustus-shakers","15":"pa_varvus-labipaistev-must-en","17":"first","18":"instock","19":"sale","20":"taxable","21":"shipping-taxable","22":"purchasable","23":"product-type-simple"},"yoast_head":"<!-- This site is optimized with the Yoast SEO plugin v27.3 - https:\/\/yoast.com\/product\/yoast-seo-wordpress\/ -->\n<title>Better Bodies Water Jug - Parim Hind - 2100ml mahutavus - Kiire Tarne - Fit360<\/title>\n<meta name=\"description\" content=\"Better Bodies Water Jug on praktiline ja vastupidav suur veepudel, mis on loodud aktiivse eluviisiga inimestele. T\u00e4nu oma suurele mahutavusele ja nuti...\" \/>\n<meta name=\"robots\" content=\"index, follow, max-snippet:-1, max-image-preview:large, max-video-preview:-1\" \/>\n<link rel=\"canonical\" href=\"https:\/\/fit360.ee\/en\/pood\/training-equipment-en\/drinking-bottles-en\/better-bodies-water-jug\/\" \/>\n<meta property=\"og:locale\" content=\"en_US\" \/>\n<meta property=\"og:type\" content=\"article\" \/>\n<meta property=\"og:title\" content=\"Better Bodies Water Jug - Parim Hind - 2100ml mahutavus - Kiire Tarne - Fit360\" \/>\n<meta property=\"og:description\" content=\"Better Bodies Water Jug on praktiline ja vastupidav suur veepudel, mis on loodud aktiivse eluviisiga inimestele. T\u00e4nu oma suurele mahutavusele ja nuti...\" \/>\n<meta property=\"og:url\" content=\"https:\/\/fit360.ee\/en\/pood\/training-equipment-en\/drinking-bottles-en\/better-bodies-water-jug\/\" \/>\n<meta property=\"og:site_name\" content=\"Fit360\" \/>\n<meta property=\"article:modified_time\" content=\"2026-03-31T10:57:07+00:00\" \/>\n<meta property=\"og:image\" content=\"https:\/\/fit360.ee\/wp-content\/uploads\/2026\/03\/better-bodies-water-jug-fit360.ee_.png\" \/>\n\t<meta property=\"og:image:width\" content=\"1000\" \/>\n\t<meta property=\"og:image:height\" content=\"1000\" \/>\n\t<meta property=\"og:image:type\" content=\"image\/png\" \/>\n<meta name=\"twitter:card\" content=\"summary_large_image\" \/>\n<meta name=\"twitter:label1\" content=\"Est. reading time\" \/>\n\t<meta name=\"twitter:data1\" content=\"2 minutes\" \/>\n<script type=\"application\/ld+json\" class=\"yoast-schema-graph\">{\"@context\":\"https:\\\/\\\/schema.org\",\"@graph\":[{\"@type\":\"WebPage\",\"@id\":\"https:\\\/\\\/fit360.ee\\\/en\\\/pood\\\/training-equipment-en\\\/drinking-bottles-en\\\/better-bodies-water-jug\\\/\",\"url\":\"https:\\\/\\\/fit360.ee\\\/en\\\/pood\\\/training-equipment-en\\\/drinking-bottles-en\\\/better-bodies-water-jug\\\/\",\"name\":\"Better Bodies Water Jug - Parim Hind - 2100ml mahutavus - Kiire Tarne - Fit360\",\"isPartOf\":{\"@id\":\"https:\\\/\\\/fit360.ee\\\/en\\\/#website\"},\"primaryImageOfPage\":{\"@id\":\"https:\\\/\\\/fit360.ee\\\/en\\\/pood\\\/training-equipment-en\\\/drinking-bottles-en\\\/better-bodies-water-jug\\\/#primaryimage\"},\"image\":{\"@id\":\"https:\\\/\\\/fit360.ee\\\/en\\\/pood\\\/training-equipment-en\\\/drinking-bottles-en\\\/better-bodies-water-jug\\\/#primaryimage\"},\"thumbnailUrl\":\"https:\\\/\\\/fit360.ee\\\/wp-content\\\/uploads\\\/2026\\\/03\\\/better-bodies-water-jug-fit360.ee_.png\",\"datePublished\":\"2026-03-29T12:57:01+00:00\",\"dateModified\":\"2026-03-31T10:57:07+00:00\",\"description\":\"Better Bodies Water Jug on praktiline ja vastupidav suur veepudel, mis on loodud aktiivse eluviisiga inimestele. T\u00e4nu oma suurele mahutavusele ja nuti...\",\"breadcrumb\":{\"@id\":\"https:\\\/\\\/fit360.ee\\\/en\\\/pood\\\/training-equipment-en\\\/drinking-bottles-en\\\/better-bodies-water-jug\\\/#breadcrumb\"},\"inLanguage\":\"en-US\",\"potentialAction\":[{\"@type\":\"ReadAction\",\"target\":[\"https:\\\/\\\/fit360.ee\\\/en\\\/pood\\\/training-equipment-en\\\/drinking-bottles-en\\\/better-bodies-water-jug\\\/\"]}]},{\"@type\":\"ImageObject\",\"inLanguage\":\"en-US\",\"@id\":\"https:\\\/\\\/fit360.ee\\\/en\\\/pood\\\/training-equipment-en\\\/drinking-bottles-en\\\/better-bodies-water-jug\\\/#primaryimage\",\"url\":\"https:\\\/\\\/fit360.ee\\\/wp-content\\\/uploads\\\/2026\\\/03\\\/better-bodies-water-jug-fit360.ee_.png\",\"contentUrl\":\"https:\\\/\\\/fit360.ee\\\/wp-content\\\/uploads\\\/2026\\\/03\\\/better-bodies-water-jug-fit360.ee_.png\",\"width\":1000,\"height\":1000,\"caption\":\"better bodies water jug - fit360.ee\"},{\"@type\":\"BreadcrumbList\",\"@id\":\"https:\\\/\\\/fit360.ee\\\/en\\\/pood\\\/training-equipment-en\\\/drinking-bottles-en\\\/better-bodies-water-jug\\\/#breadcrumb\",\"itemListElement\":[{\"@type\":\"ListItem\",\"position\":1,\"name\":\"Home\",\"item\":\"https:\\\/\\\/fit360.ee\\\/en\\\/\"},{\"@type\":\"ListItem\",\"position\":2,\"name\":\"Shop\",\"item\":\"https:\\\/\\\/fit360.ee\\\/en\\\/shop\\\/\"},{\"@type\":\"ListItem\",\"position\":3,\"name\":\"Better Bodies Water Jug\"}]},{\"@type\":\"WebSite\",\"@id\":\"https:\\\/\\\/fit360.ee\\\/en\\\/#website\",\"url\":\"https:\\\/\\\/fit360.ee\\\/en\\\/\",\"name\":\"Fit360\",\"description\":\"\",\"publisher\":{\"@id\":\"https:\\\/\\\/fit360.ee\\\/en\\\/#organization\"},\"potentialAction\":[{\"@type\":\"SearchAction\",\"target\":{\"@type\":\"EntryPoint\",\"urlTemplate\":\"https:\\\/\\\/fit360.ee\\\/en\\\/?s={search_term_string}\"},\"query-input\":{\"@type\":\"PropertyValueSpecification\",\"valueRequired\":true,\"valueName\":\"search_term_string\"}}],\"inLanguage\":\"en-US\"},{\"@type\":\"Organization\",\"@id\":\"https:\\\/\\\/fit360.ee\\\/en\\\/#organization\",\"name\":\"Fit360\",\"url\":\"https:\\\/\\\/fit360.ee\\\/en\\\/\",\"logo\":{\"@type\":\"ImageObject\",\"inLanguage\":\"en-US\",\"@id\":\"https:\\\/\\\/fit360.ee\\\/en\\\/#\\\/schema\\\/logo\\\/image\\\/\",\"url\":\"https:\\\/\\\/fit360.ee\\\/wp-content\\\/uploads\\\/2017\\\/01\\\/logo-fit360.png\",\"contentUrl\":\"https:\\\/\\\/fit360.ee\\\/wp-content\\\/uploads\\\/2017\\\/01\\\/logo-fit360.png\",\"width\":180,\"height\":66,\"caption\":\"Fit360\"},\"image\":{\"@id\":\"https:\\\/\\\/fit360.ee\\\/en\\\/#\\\/schema\\\/logo\\\/image\\\/\"}}]}<\/script>\n<!-- \/ Yoast SEO plugin. -->","yoast_head_json":{"title":"Better Bodies Water Jug - Parim Hind - 2100ml mahutavus - Kiire Tarne - Fit360","description":"Better Bodies Water Jug on praktiline ja vastupidav suur veepudel, mis on loodud aktiivse eluviisiga inimestele. T\u00e4nu oma suurele mahutavusele ja nuti...","robots":{"index":"index","follow":"follow","max-snippet":"max-snippet:-1","max-image-preview":"max-image-preview:large","max-video-preview":"max-video-preview:-1"},"canonical":"https:\/\/fit360.ee\/en\/pood\/training-equipment-en\/drinking-bottles-en\/better-bodies-water-jug\/","og_locale":"en_US","og_type":"article","og_title":"Better Bodies Water Jug - Parim Hind - 2100ml mahutavus - Kiire Tarne - Fit360","og_description":"Better Bodies Water Jug on praktiline ja vastupidav suur veepudel, mis on loodud aktiivse eluviisiga inimestele. T\u00e4nu oma suurele mahutavusele ja nuti...","og_url":"https:\/\/fit360.ee\/en\/pood\/training-equipment-en\/drinking-bottles-en\/better-bodies-water-jug\/","og_site_name":"Fit360","article_modified_time":"2026-03-31T10:57:07+00:00","og_image":[{"width":1000,"height":1000,"url":"https:\/\/fit360.ee\/wp-content\/uploads\/2026\/03\/better-bodies-water-jug-fit360.ee_.png","type":"image\/png"}],"twitter_card":"summary_large_image","twitter_misc":{"Est. reading time":"2 minutes"},"schema":{"@context":"https:\/\/schema.org","@graph":[{"@type":"WebPage","@id":"https:\/\/fit360.ee\/en\/pood\/training-equipment-en\/drinking-bottles-en\/better-bodies-water-jug\/","url":"https:\/\/fit360.ee\/en\/pood\/training-equipment-en\/drinking-bottles-en\/better-bodies-water-jug\/","name":"Better Bodies Water Jug - Parim Hind - 2100ml mahutavus - Kiire Tarne - Fit360","isPartOf":{"@id":"https:\/\/fit360.ee\/en\/#website"},"primaryImageOfPage":{"@id":"https:\/\/fit360.ee\/en\/pood\/training-equipment-en\/drinking-bottles-en\/better-bodies-water-jug\/#primaryimage"},"image":{"@id":"https:\/\/fit360.ee\/en\/pood\/training-equipment-en\/drinking-bottles-en\/better-bodies-water-jug\/#primaryimage"},"thumbnailUrl":"https:\/\/fit360.ee\/wp-content\/uploads\/2026\/03\/better-bodies-water-jug-fit360.ee_.png","datePublished":"2026-03-29T12:57:01+00:00","dateModified":"2026-03-31T10:57:07+00:00","description":"Better Bodies Water Jug on praktiline ja vastupidav suur veepudel, mis on loodud aktiivse eluviisiga inimestele. T\u00e4nu oma suurele mahutavusele ja nuti...","breadcrumb":{"@id":"https:\/\/fit360.ee\/en\/pood\/training-equipment-en\/drinking-bottles-en\/better-bodies-water-jug\/#breadcrumb"},"inLanguage":"en-US","potentialAction":[{"@type":"ReadAction","target":["https:\/\/fit360.ee\/en\/pood\/training-equipment-en\/drinking-bottles-en\/better-bodies-water-jug\/"]}]},{"@type":"ImageObject","inLanguage":"en-US","@id":"https:\/\/fit360.ee\/en\/pood\/training-equipment-en\/drinking-bottles-en\/better-bodies-water-jug\/#primaryimage","url":"https:\/\/fit360.ee\/wp-content\/uploads\/2026\/03\/better-bodies-water-jug-fit360.ee_.png","contentUrl":"https:\/\/fit360.ee\/wp-content\/uploads\/2026\/03\/better-bodies-water-jug-fit360.ee_.png","width":1000,"height":1000,"caption":"better bodies water jug - fit360.ee"},{"@type":"BreadcrumbList","@id":"https:\/\/fit360.ee\/en\/pood\/training-equipment-en\/drinking-bottles-en\/better-bodies-water-jug\/#breadcrumb","itemListElement":[{"@type":"ListItem","position":1,"name":"Home","item":"https:\/\/fit360.ee\/en\/"},{"@type":"ListItem","position":2,"name":"Shop","item":"https:\/\/fit360.ee\/en\/shop\/"},{"@type":"ListItem","position":3,"name":"Better Bodies Water Jug"}]},{"@type":"WebSite","@id":"https:\/\/fit360.ee\/en\/#website","url":"https:\/\/fit360.ee\/en\/","name":"Fit360","description":"","publisher":{"@id":"https:\/\/fit360.ee\/en\/#organization"},"potentialAction":[{"@type":"SearchAction","target":{"@type":"EntryPoint","urlTemplate":"https:\/\/fit360.ee\/en\/?s={search_term_string}"},"query-input":{"@type":"PropertyValueSpecification","valueRequired":true,"valueName":"search_term_string"}}],"inLanguage":"en-US"},{"@type":"Organization","@id":"https:\/\/fit360.ee\/en\/#organization","name":"Fit360","url":"https:\/\/fit360.ee\/en\/","logo":{"@type":"ImageObject","inLanguage":"en-US","@id":"https:\/\/fit360.ee\/en\/#\/schema\/logo\/image\/","url":"https:\/\/fit360.ee\/wp-content\/uploads\/2017\/01\/logo-fit360.png","contentUrl":"https:\/\/fit360.ee\/wp-content\/uploads\/2017\/01\/logo-fit360.png","width":180,"height":66,"caption":"Fit360"},"image":{"@id":"https:\/\/fit360.ee\/en\/#\/schema\/logo\/image\/"}}]}},"_links":{"self":[{"href":"https:\/\/fit360.ee\/en\/wp-json\/wp\/v2\/product\/95238","targetHints":{"allow":["GET"]}}],"collection":[{"href":"https:\/\/fit360.ee\/en\/wp-json\/wp\/v2\/product"}],"about":[{"href":"https:\/\/fit360.ee\/en\/wp-json\/wp\/v2\/types\/product"}],"replies":[{"embeddable":true,"href":"https:\/\/fit360.ee\/en\/wp-json\/wp\/v2\/comments?post=95238"}],"wp:featuredmedia":[{"embeddable":true,"href":"https:\/\/fit360.ee\/en\/wp-json\/wp\/v2\/media\/95242"}],"wp:attachment":[{"href":"https:\/\/fit360.ee\/en\/wp-json\/wp\/v2\/media?parent=95238"}],"wp:term":[{"taxonomy":"product_brand","embeddable":true,"href":"https:\/\/fit360.ee\/en\/wp-json\/wp\/v2\/product_brand?post=95238"},{"taxonomy":"product_cat","embeddable":true,"href":"https:\/\/fit360.ee\/en\/wp-json\/wp\/v2\/product_cat?post=95238"},{"taxonomy":"product_tag","embeddable":true,"href":"https:\/\/fit360.ee\/en\/wp-json\/wp\/v2\/product_tag?post=95238"},{"taxonomy":"giftcard-category","embeddable":true,"href":"https:\/\/fit360.ee\/en\/wp-json\/wp\/v2\/giftcard-category?post=95238"}],"curies":[{"name":"wp","href":"https:\/\/api.w.org\/{rel}","templated":true}]}}