{"id":95459,"date":"2026-04-09T13:27:14","date_gmt":"2026-04-09T11:27:14","guid":{"rendered":"https:\/\/fit360.ee\/pood\/uncategorized\/creatine-gummies-20servings\/"},"modified":"2026-04-09T14:33:25","modified_gmt":"2026-04-09T12:33:25","slug":"creatine-gummies-20servings","status":"publish","type":"product","link":"https:\/\/fit360.ee\/en\/pood\/product-groups\/creatine-en\/creatine-monohydrate-en\/creatine-gummies-20servings\/","title":{"rendered":"Creatine Gummies (20servings)"},"content":{"rendered":"<h2><strong>Kreatiini kummikommid<\/strong><\/h2>\n<p data-start=\"0\" data-end=\"389\">Applied Nutrition Creatine Gummies on kaasaegne ja mugav viis toetada treeningutulemusi ning lihasj\u00f5udlust. Kui otsid lihtsat alternatiivi pulbritele, siis kreatiini kummikommid pakuvad t\u00e4pselt doseeritud ja maitsvat lahendust, mis sobib nii algajatele kui ka kogenud sportlastele. T\u00e4nu oma praktilisele vormile ei ole vaja segamist ega sheikereid \u2013 v\u00f5ta lihtsalt kaasa ja tarbi igal ajal.<\/p>\n<p data-start=\"391\" data-end=\"738\">Kreatiin on \u00fcks enim uuritud ja t\u00f5estatud toidulisandeid, mis aitab suurendada lihasj\u00f5udu, plahvatuslikkust ja vastupidavust l\u00fchiajaliste intensiivsete pingutuste ajal. Applied Nutrition Creatine Gummies sisaldavad 3000 mg kreatiinmonoh\u00fcdraati portsjoni kohta, mis vastab teaduslikult soovitatud p\u00e4evasele kogusele optimaalse efekti saavutamiseks.<\/p>\n<p data-start=\"740\" data-end=\"986\">Erinevalt traditsioonilistest kreatiinipulbritest on Creatine gummies seedimisele sageli kergemad ning v\u00e4hendavad v\u00f5imalikku ebamugavustunnet k\u00f5hus. Lisaks sobivad need ideaalselt aktiivse elustiiliga inimestele, kes hindavad mugavust ja kiirust.<\/p>\n<h4 data-section-id=\"csy526\" data-start=\"988\" data-end=\"1010\"><strong>Creatine Gummies peamised omadused<\/strong>:<\/h4>\n<ul data-start=\"1011\" data-end=\"1380\">\n<li data-section-id=\"qwmoej\" data-start=\"1011\" data-end=\"1059\">3000 mg kreatiinmonoh\u00fcdraati portsjoni kohta<\/li>\n<li data-section-id=\"178scep\" data-start=\"1060\" data-end=\"1103\">Mugav ja maitsev alternatiiv pulbritele<\/li>\n<li data-section-id=\"13j6ziq\" data-start=\"1104\" data-end=\"1141\">Ei vaja segamist ega valmistamist<\/li>\n<li data-section-id=\"n69vfs\" data-start=\"1142\" data-end=\"1184\">Toetab lihasj\u00f5udu ja treeningsooritust<\/li>\n<li data-section-id=\"mbobhy\" data-start=\"1185\" data-end=\"1234\">V\u00f5ib aidata v\u00e4hendada seedetrakti ebamugavust<\/li>\n<li data-section-id=\"1x8kxd4\" data-start=\"1235\" data-end=\"1275\">Sobib veganitele ja taimetoitlastele<\/li>\n<li data-section-id=\"1509dm1\" data-start=\"1276\" data-end=\"1316\">Gluteenivaba ja halal-sertifikaadiga<\/li>\n<li data-section-id=\"zg1r9b\" data-start=\"1317\" data-end=\"1380\">Testitud sportlastele \u2013 kontrollitud keelatud ainete suhtes<\/li>\n<\/ul>\n<p data-start=\"1382\" data-end=\"1646\">Kreatiini kummikommid toimivad kiiresti, kuna kreatiin imendub organismis efektiivselt ja toetab lihaste energiavarusid (ATP tootmist). See t\u00e4hendab, et saad rohkem j\u00f5udu ja vastupidavust just siis, kui seda k\u00f5ige rohkem vajad \u2013 n\u00e4iteks j\u00f5utreeningul v\u00f5i sprindis.<\/p>\n<p data-start=\"0\" data-end=\"408\">Kreatiinmonoh\u00fcdraat on \u00fcks k\u00f5ige p\u00f5hjalikumalt uuritud ja t\u00f5estatud toidulisandeid sporditoitumises. Tegemist on looduslikult esineva \u00fchendiga, mida leidub v\u00e4ikestes kogustes ka toidus, n\u00e4iteks lihas ja kalas, kuid suuremate tulemuste saavutamiseks kasutatakse seda sageli lisandina. Selle peamine roll organismis on aidata toota energiat lihastele, eriti l\u00fchiajalise ja k\u00f5rge intensiivsusega pingutuse ajal.<\/p>\n<p data-start=\"410\" data-end=\"765\">Kui tarbid kreatiini, suureneb lihastes kreatiinfosfaadi varu, mis omakorda toetab ATP (adenosiintrifosfaadi) tootmist \u2013 see on keha peamine energiavaluuta. T\u00e4nu sellele suudad teha rohkem kordusi, t\u00f5sta raskemaid raskusi ja taastuda kiiremini seeriate vahel. Regulaarne kasutamine v\u00f5ib viia ka lihasmassi kasvuni, kuna treeningud muutuvad efektiivsemaks.<\/p>\n<p data-start=\"767\" data-end=\"1059\">Kreatiinmonoh\u00fcdraat on tuntud oma k\u00f5rge biosaadavuse ja ohutuse poolest. See sobib nii j\u00f5usaaliharrastajatele, vastupidavusalade sportlastele kui ka lihtsalt aktiivsetele inimestele. Lisaks on see \u00fcks v\u00e4heseid toidulisandeid, mille m\u00f5ju on kinnitatud ka Euroopa Toiduohutusameti (EFSA) poolt.<\/p>\n<p data-start=\"1061\" data-end=\"1236\" data-is-last-node=\"\" data-is-only-node=\"\">T\u00e4nap\u00e4eval on kreatiin saadaval erinevates vormides, kuid monoh\u00fcdraat on endiselt k\u00f5ige populaarsem t\u00e4nu oma efektiivsusele, taskukohasusele ja laialdasele teaduslikule toele.<\/p>\n<p data-start=\"1648\" data-end=\"1834\">Toode sobib h\u00e4sti ka neile, kellele ei meeldi klassikaline kreatiinipulbri maitse v\u00f5i tekstuur. Creatine gummies muudavad igap\u00e4evase toidulisandi tarbimise lihtsaks ja isegi nauditavaks.<\/p>\n<p data-start=\"1836\" data-end=\"2024\">Soovitatav kasutamine on 3 kummikommi p\u00e4evas, eelistatult treeningu ajal v\u00f5i p\u00e4rast seda. Oluline on meeles pidada, et toidulisand ei asenda mitmekesist toitumist ega tervislikku eluviisi.<\/p>\n<p data-start=\"2026\" data-end=\"2296\" data-is-last-node=\"\" data-is-only-node=\"\">Kokkuv\u00f5ttes on Applied Nutrition Creatine Gummies praktiline, efektiivne ja kasutajas\u00f5bralik valik k\u00f5igile, kes soovivad oma treeningut j\u00e4rgmisele tasemele viia. Kui hindad mugavust, kvaliteeti ja toimivust, siis on need kreatiini kummikommid kindlasti v\u00e4\u00e4rt proovimist.<\/p>\n<p data-start=\"2026\" data-end=\"2296\" data-is-last-node=\"\" data-is-only-node=\"\"><strong>Koostisosad<\/strong>: Gl\u00fckoosisiirup, suhkur, kreatiinmonoh\u00fcdraat, stabilisaator: agar-agar, looduslik l\u00f5hna- ja maitseaine, happesuse regulaator: sidrunhape, v\u00e4rvained. Sisaldab ainult taimseid koostisosi.<\/p>\n<p data-start=\"2026\" data-end=\"2296\" data-is-last-node=\"\" data-is-only-node=\"\"><strong>Kasutamine<\/strong>: Tarbi 3 kummikommi p\u00e4evas treeningu ajal v\u00f5i p\u00e4rast treeningut. \u00c4ra \u00fcleta soovitatavat p\u00e4evast annust. See toode ei asenda mitmekesist toitumist ja tervislikku eluviisi.<\/p>\n<p data-start=\"2026\" data-end=\"2296\" data-is-last-node=\"\" data-is-only-node=\"\"><strong>Suurus<\/strong>: 80 kummikommi<\/p>\n<table>\n<thead>\n<tr>\n<th><span dir=\"auto\">Portsjoni kohta<\/span><\/th>\n<th><span dir=\"auto\">1 kummikomm<\/span><\/th>\n<th><span dir=\"auto\">4 kummikommi<\/span><\/th>\n<\/tr>\n<\/thead>\n<tbody>\n<tr>\n<td><span dir=\"auto\">Kreatiinmonoh\u00fcdraat<\/span><\/td>\n<td><span dir=\"auto\">750 mg<\/span><\/td>\n<td><span dir=\"auto\">3000 mg<\/span><\/td>\n<\/tr>\n<\/tbody>\n<\/table>\n<p>&nbsp;<\/p>\n<p>Vaata ka meie Teisi Kreatiine <a href=\"https:\/\/fit360.ee\/en\/product-category\/product-groups\/creatine-en\/\"><strong>SIIT<\/strong><\/a> v\u00f5i Kreatiin Monoh\u00fcdraate <a href=\"https:\/\/fit360.ee\/en\/product-category\/product-groups\/creatine-en\/creatine-monohydrate-en\/\"><strong>SIIT<\/strong><\/a>!<\/p>\n<p>Soovid kaupa osta suuremas koguses? Vaata antud toodet ka meie HULGI poest\u00a0<a href=\"https:\/\/toidulisandidhulgi.ee\/tooted\/creatine-gummies-20servings\/\"><strong>SIIT<\/strong><\/a>!<\/p>\n","protected":false},"excerpt":{"rendered":"<ul data-start=\"1011\" data-end=\"1380\">\n<li data-section-id=\"qwmoej\" data-start=\"1011\" data-end=\"1059\">3000 mg kreatiinmonoh\u00fcdraati portsjoni kohta<\/li>\n<li data-section-id=\"178scep\" data-start=\"1060\" data-end=\"1103\">Mugav ja maitsev alternatiiv pulbritele<\/li>\n<li data-section-id=\"13j6ziq\" data-start=\"1104\" data-end=\"1141\">Ei vaja segamist ega valmistamist<\/li>\n<li data-section-id=\"n69vfs\" data-start=\"1142\" data-end=\"1184\">Toetab lihasj\u00f5udu ja treeningsooritust<\/li>\n<li data-section-id=\"mbobhy\" data-start=\"1185\" data-end=\"1234\">V\u00f5ib aidata v\u00e4hendada seedetrakti ebamugavust<\/li>\n<li data-section-id=\"1x8kxd4\" data-start=\"1235\" data-end=\"1275\">Sobib veganitele ja taimetoitlastele<\/li>\n<li data-section-id=\"1509dm1\" data-start=\"1276\" data-end=\"1316\">Gluteenivaba ja halal-sertifikaadiga<\/li>\n<li data-section-id=\"zg1r9b\" data-start=\"1317\" data-end=\"1380\">Testitud sportlastele \u2013 kontrollitud keelatud ainete suhtes<\/li>\n<\/ul>\n","protected":false},"featured_media":95460,"comment_status":"open","ping_status":"closed","template":"","meta":[],"product_brand":[],"product_cat":[3727,526,2412,531,1201],"product_tag":[3730,2963,11799,1779,11800],"giftcard-category":[],"class_list":{"0":"post-95459","1":"product","2":"type-product","3":"status-publish","4":"has-post-thumbnail","6":"product_cat-applied-nutrition-en","7":"product_cat-creatine-en","8":"product_cat-creatine-monohydrate-en","9":"product_cat-recovery-post-workout-en","10":"product_cat-1201","11":"product_tag-applied-nutrition-en","12":"product_tag-creatine-en","13":"product_tag-creatine-gummies","14":"product_tag-kreatiin-en","15":"product_tag-kreatiini-kummikommid","16":"pa_kogus-80-tablets","17":"pa_maitse-blue-raz-en","18":"pa_maitse-cola-en","19":"pa_toidulisand-branddd-applied-nutrition","20":"pa_tootegruppp-creatine","21":"pa_tootegruppp-kreatiin-monohudraat-en","22":"pa_tootegruppp-recoveryafter-workout","23":"pa_tootegruppp-vegan-en","25":"first","26":"instock","27":"sale","28":"taxable","29":"shipping-taxable","30":"purchasable","31":"product-type-variable"},"yoast_head":"<!-- This site is optimized with the Yoast SEO plugin v27.3 - https:\/\/yoast.com\/product\/yoast-seo-wordpress\/ -->\n<title>Creatine Gummies (20servings) - Kreatiini Kummikommid - Kiire Tarne - Fit360<\/title>\n<meta name=\"description\" content=\"Kreatiini kummikommid toimivad kiiresti, kuna kreatiin imendub organismis efektiivselt ja toetab lihaste energiavarusid (ATP tootmist). See t\u00e4hendab, et...\" \/>\n<meta name=\"robots\" content=\"index, follow, max-snippet:-1, max-image-preview:large, max-video-preview:-1\" \/>\n<link rel=\"canonical\" href=\"https:\/\/fit360.ee\/en\/pood\/product-groups\/creatine-en\/creatine-monohydrate-en\/creatine-gummies-20servings\/\" \/>\n<meta property=\"og:locale\" content=\"en_US\" \/>\n<meta property=\"og:type\" content=\"article\" \/>\n<meta property=\"og:title\" content=\"Creatine Gummies (20servings) - Kreatiini Kummikommid - Kiire Tarne - Fit360\" \/>\n<meta property=\"og:description\" content=\"Kreatiini kummikommid toimivad kiiresti, kuna kreatiin imendub organismis efektiivselt ja toetab lihaste energiavarusid (ATP tootmist). See t\u00e4hendab, et...\" \/>\n<meta property=\"og:url\" content=\"https:\/\/fit360.ee\/en\/pood\/product-groups\/creatine-en\/creatine-monohydrate-en\/creatine-gummies-20servings\/\" \/>\n<meta property=\"og:site_name\" content=\"Fit360\" \/>\n<meta property=\"article:modified_time\" content=\"2026-04-09T12:33:25+00:00\" \/>\n<meta property=\"og:image\" content=\"https:\/\/fit360.ee\/wp-content\/uploads\/2026\/04\/kreatiini-kummikommid-creatine-gummies-applied-nutrition-fit360.ee_.png\" \/>\n\t<meta property=\"og:image:width\" content=\"1200\" \/>\n\t<meta property=\"og:image:height\" content=\"1200\" \/>\n\t<meta property=\"og:image:type\" content=\"image\/png\" \/>\n<meta name=\"twitter:card\" content=\"summary_large_image\" \/>\n<meta name=\"twitter:label1\" content=\"Est. reading time\" \/>\n\t<meta name=\"twitter:data1\" content=\"3 minutes\" \/>\n<script type=\"application\/ld+json\" class=\"yoast-schema-graph\">{\"@context\":\"https:\\\/\\\/schema.org\",\"@graph\":[{\"@type\":\"WebPage\",\"@id\":\"https:\\\/\\\/fit360.ee\\\/en\\\/pood\\\/product-groups\\\/creatine-en\\\/creatine-monohydrate-en\\\/creatine-gummies-20servings\\\/\",\"url\":\"https:\\\/\\\/fit360.ee\\\/en\\\/pood\\\/product-groups\\\/creatine-en\\\/creatine-monohydrate-en\\\/creatine-gummies-20servings\\\/\",\"name\":\"Creatine Gummies (20servings) - Kreatiini Kummikommid - Kiire Tarne - Fit360\",\"isPartOf\":{\"@id\":\"https:\\\/\\\/fit360.ee\\\/en\\\/#website\"},\"primaryImageOfPage\":{\"@id\":\"https:\\\/\\\/fit360.ee\\\/en\\\/pood\\\/product-groups\\\/creatine-en\\\/creatine-monohydrate-en\\\/creatine-gummies-20servings\\\/#primaryimage\"},\"image\":{\"@id\":\"https:\\\/\\\/fit360.ee\\\/en\\\/pood\\\/product-groups\\\/creatine-en\\\/creatine-monohydrate-en\\\/creatine-gummies-20servings\\\/#primaryimage\"},\"thumbnailUrl\":\"https:\\\/\\\/fit360.ee\\\/wp-content\\\/uploads\\\/2026\\\/04\\\/kreatiini-kummikommid-creatine-gummies-applied-nutrition-fit360.ee_.png\",\"datePublished\":\"2026-04-09T11:27:14+00:00\",\"dateModified\":\"2026-04-09T12:33:25+00:00\",\"description\":\"Kreatiini kummikommid toimivad kiiresti, kuna kreatiin imendub organismis efektiivselt ja toetab lihaste energiavarusid (ATP tootmist). See t\u00e4hendab, et...\",\"breadcrumb\":{\"@id\":\"https:\\\/\\\/fit360.ee\\\/en\\\/pood\\\/product-groups\\\/creatine-en\\\/creatine-monohydrate-en\\\/creatine-gummies-20servings\\\/#breadcrumb\"},\"inLanguage\":\"en-US\",\"potentialAction\":[{\"@type\":\"ReadAction\",\"target\":[\"https:\\\/\\\/fit360.ee\\\/en\\\/pood\\\/product-groups\\\/creatine-en\\\/creatine-monohydrate-en\\\/creatine-gummies-20servings\\\/\"]}]},{\"@type\":\"ImageObject\",\"inLanguage\":\"en-US\",\"@id\":\"https:\\\/\\\/fit360.ee\\\/en\\\/pood\\\/product-groups\\\/creatine-en\\\/creatine-monohydrate-en\\\/creatine-gummies-20servings\\\/#primaryimage\",\"url\":\"https:\\\/\\\/fit360.ee\\\/wp-content\\\/uploads\\\/2026\\\/04\\\/kreatiini-kummikommid-creatine-gummies-applied-nutrition-fit360.ee_.png\",\"contentUrl\":\"https:\\\/\\\/fit360.ee\\\/wp-content\\\/uploads\\\/2026\\\/04\\\/kreatiini-kummikommid-creatine-gummies-applied-nutrition-fit360.ee_.png\",\"width\":1200,\"height\":1200,\"caption\":\"kreatiini kummikommid creatine gummies applied nutrition - fit360.ee\"},{\"@type\":\"BreadcrumbList\",\"@id\":\"https:\\\/\\\/fit360.ee\\\/en\\\/pood\\\/product-groups\\\/creatine-en\\\/creatine-monohydrate-en\\\/creatine-gummies-20servings\\\/#breadcrumb\",\"itemListElement\":[{\"@type\":\"ListItem\",\"position\":1,\"name\":\"Home\",\"item\":\"https:\\\/\\\/fit360.ee\\\/en\\\/\"},{\"@type\":\"ListItem\",\"position\":2,\"name\":\"Shop\",\"item\":\"https:\\\/\\\/fit360.ee\\\/en\\\/shop\\\/\"},{\"@type\":\"ListItem\",\"position\":3,\"name\":\"Creatine Gummies (20servings)\"}]},{\"@type\":\"WebSite\",\"@id\":\"https:\\\/\\\/fit360.ee\\\/en\\\/#website\",\"url\":\"https:\\\/\\\/fit360.ee\\\/en\\\/\",\"name\":\"Fit360\",\"description\":\"\",\"publisher\":{\"@id\":\"https:\\\/\\\/fit360.ee\\\/en\\\/#organization\"},\"potentialAction\":[{\"@type\":\"SearchAction\",\"target\":{\"@type\":\"EntryPoint\",\"urlTemplate\":\"https:\\\/\\\/fit360.ee\\\/en\\\/?s={search_term_string}\"},\"query-input\":{\"@type\":\"PropertyValueSpecification\",\"valueRequired\":true,\"valueName\":\"search_term_string\"}}],\"inLanguage\":\"en-US\"},{\"@type\":\"Organization\",\"@id\":\"https:\\\/\\\/fit360.ee\\\/en\\\/#organization\",\"name\":\"Fit360\",\"url\":\"https:\\\/\\\/fit360.ee\\\/en\\\/\",\"logo\":{\"@type\":\"ImageObject\",\"inLanguage\":\"en-US\",\"@id\":\"https:\\\/\\\/fit360.ee\\\/en\\\/#\\\/schema\\\/logo\\\/image\\\/\",\"url\":\"https:\\\/\\\/fit360.ee\\\/wp-content\\\/uploads\\\/2017\\\/01\\\/logo-fit360.png\",\"contentUrl\":\"https:\\\/\\\/fit360.ee\\\/wp-content\\\/uploads\\\/2017\\\/01\\\/logo-fit360.png\",\"width\":180,\"height\":66,\"caption\":\"Fit360\"},\"image\":{\"@id\":\"https:\\\/\\\/fit360.ee\\\/en\\\/#\\\/schema\\\/logo\\\/image\\\/\"}}]}<\/script>\n<!-- \/ Yoast SEO plugin. -->","yoast_head_json":{"title":"Creatine Gummies (20servings) - Kreatiini Kummikommid - Kiire Tarne - Fit360","description":"Kreatiini kummikommid toimivad kiiresti, kuna kreatiin imendub organismis efektiivselt ja toetab lihaste energiavarusid (ATP tootmist). See t\u00e4hendab, et...","robots":{"index":"index","follow":"follow","max-snippet":"max-snippet:-1","max-image-preview":"max-image-preview:large","max-video-preview":"max-video-preview:-1"},"canonical":"https:\/\/fit360.ee\/en\/pood\/product-groups\/creatine-en\/creatine-monohydrate-en\/creatine-gummies-20servings\/","og_locale":"en_US","og_type":"article","og_title":"Creatine Gummies (20servings) - Kreatiini Kummikommid - Kiire Tarne - Fit360","og_description":"Kreatiini kummikommid toimivad kiiresti, kuna kreatiin imendub organismis efektiivselt ja toetab lihaste energiavarusid (ATP tootmist). See t\u00e4hendab, et...","og_url":"https:\/\/fit360.ee\/en\/pood\/product-groups\/creatine-en\/creatine-monohydrate-en\/creatine-gummies-20servings\/","og_site_name":"Fit360","article_modified_time":"2026-04-09T12:33:25+00:00","og_image":[{"width":1200,"height":1200,"url":"https:\/\/fit360.ee\/wp-content\/uploads\/2026\/04\/kreatiini-kummikommid-creatine-gummies-applied-nutrition-fit360.ee_.png","type":"image\/png"}],"twitter_card":"summary_large_image","twitter_misc":{"Est. reading time":"3 minutes"},"schema":{"@context":"https:\/\/schema.org","@graph":[{"@type":"WebPage","@id":"https:\/\/fit360.ee\/en\/pood\/product-groups\/creatine-en\/creatine-monohydrate-en\/creatine-gummies-20servings\/","url":"https:\/\/fit360.ee\/en\/pood\/product-groups\/creatine-en\/creatine-monohydrate-en\/creatine-gummies-20servings\/","name":"Creatine Gummies (20servings) - Kreatiini Kummikommid - Kiire Tarne - Fit360","isPartOf":{"@id":"https:\/\/fit360.ee\/en\/#website"},"primaryImageOfPage":{"@id":"https:\/\/fit360.ee\/en\/pood\/product-groups\/creatine-en\/creatine-monohydrate-en\/creatine-gummies-20servings\/#primaryimage"},"image":{"@id":"https:\/\/fit360.ee\/en\/pood\/product-groups\/creatine-en\/creatine-monohydrate-en\/creatine-gummies-20servings\/#primaryimage"},"thumbnailUrl":"https:\/\/fit360.ee\/wp-content\/uploads\/2026\/04\/kreatiini-kummikommid-creatine-gummies-applied-nutrition-fit360.ee_.png","datePublished":"2026-04-09T11:27:14+00:00","dateModified":"2026-04-09T12:33:25+00:00","description":"Kreatiini kummikommid toimivad kiiresti, kuna kreatiin imendub organismis efektiivselt ja toetab lihaste energiavarusid (ATP tootmist). See t\u00e4hendab, et...","breadcrumb":{"@id":"https:\/\/fit360.ee\/en\/pood\/product-groups\/creatine-en\/creatine-monohydrate-en\/creatine-gummies-20servings\/#breadcrumb"},"inLanguage":"en-US","potentialAction":[{"@type":"ReadAction","target":["https:\/\/fit360.ee\/en\/pood\/product-groups\/creatine-en\/creatine-monohydrate-en\/creatine-gummies-20servings\/"]}]},{"@type":"ImageObject","inLanguage":"en-US","@id":"https:\/\/fit360.ee\/en\/pood\/product-groups\/creatine-en\/creatine-monohydrate-en\/creatine-gummies-20servings\/#primaryimage","url":"https:\/\/fit360.ee\/wp-content\/uploads\/2026\/04\/kreatiini-kummikommid-creatine-gummies-applied-nutrition-fit360.ee_.png","contentUrl":"https:\/\/fit360.ee\/wp-content\/uploads\/2026\/04\/kreatiini-kummikommid-creatine-gummies-applied-nutrition-fit360.ee_.png","width":1200,"height":1200,"caption":"kreatiini kummikommid creatine gummies applied nutrition - fit360.ee"},{"@type":"BreadcrumbList","@id":"https:\/\/fit360.ee\/en\/pood\/product-groups\/creatine-en\/creatine-monohydrate-en\/creatine-gummies-20servings\/#breadcrumb","itemListElement":[{"@type":"ListItem","position":1,"name":"Home","item":"https:\/\/fit360.ee\/en\/"},{"@type":"ListItem","position":2,"name":"Shop","item":"https:\/\/fit360.ee\/en\/shop\/"},{"@type":"ListItem","position":3,"name":"Creatine Gummies (20servings)"}]},{"@type":"WebSite","@id":"https:\/\/fit360.ee\/en\/#website","url":"https:\/\/fit360.ee\/en\/","name":"Fit360","description":"","publisher":{"@id":"https:\/\/fit360.ee\/en\/#organization"},"potentialAction":[{"@type":"SearchAction","target":{"@type":"EntryPoint","urlTemplate":"https:\/\/fit360.ee\/en\/?s={search_term_string}"},"query-input":{"@type":"PropertyValueSpecification","valueRequired":true,"valueName":"search_term_string"}}],"inLanguage":"en-US"},{"@type":"Organization","@id":"https:\/\/fit360.ee\/en\/#organization","name":"Fit360","url":"https:\/\/fit360.ee\/en\/","logo":{"@type":"ImageObject","inLanguage":"en-US","@id":"https:\/\/fit360.ee\/en\/#\/schema\/logo\/image\/","url":"https:\/\/fit360.ee\/wp-content\/uploads\/2017\/01\/logo-fit360.png","contentUrl":"https:\/\/fit360.ee\/wp-content\/uploads\/2017\/01\/logo-fit360.png","width":180,"height":66,"caption":"Fit360"},"image":{"@id":"https:\/\/fit360.ee\/en\/#\/schema\/logo\/image\/"}}]}},"_links":{"self":[{"href":"https:\/\/fit360.ee\/en\/wp-json\/wp\/v2\/product\/95459","targetHints":{"allow":["GET"]}}],"collection":[{"href":"https:\/\/fit360.ee\/en\/wp-json\/wp\/v2\/product"}],"about":[{"href":"https:\/\/fit360.ee\/en\/wp-json\/wp\/v2\/types\/product"}],"replies":[{"embeddable":true,"href":"https:\/\/fit360.ee\/en\/wp-json\/wp\/v2\/comments?post=95459"}],"wp:featuredmedia":[{"embeddable":true,"href":"https:\/\/fit360.ee\/en\/wp-json\/wp\/v2\/media\/95460"}],"wp:attachment":[{"href":"https:\/\/fit360.ee\/en\/wp-json\/wp\/v2\/media?parent=95459"}],"wp:term":[{"taxonomy":"product_brand","embeddable":true,"href":"https:\/\/fit360.ee\/en\/wp-json\/wp\/v2\/product_brand?post=95459"},{"taxonomy":"product_cat","embeddable":true,"href":"https:\/\/fit360.ee\/en\/wp-json\/wp\/v2\/product_cat?post=95459"},{"taxonomy":"product_tag","embeddable":true,"href":"https:\/\/fit360.ee\/en\/wp-json\/wp\/v2\/product_tag?post=95459"},{"taxonomy":"giftcard-category","embeddable":true,"href":"https:\/\/fit360.ee\/en\/wp-json\/wp\/v2\/giftcard-category?post=95459"}],"curies":[{"name":"wp","href":"https:\/\/api.w.org\/{rel}","templated":true}]}}