{"id":95912,"date":"2026-05-03T08:02:42","date_gmt":"2026-05-03T06:02:42","guid":{"rendered":"https:\/\/fit360.ee\/pood\/uncategorized\/puls-relax-ashwagandhab6-60tk\/"},"modified":"2026-05-13T23:47:44","modified_gmt":"2026-05-13T21:47:44","slug":"puls-relax-ashwagandhab6-60tk","status":"publish","type":"product","link":"https:\/\/fit360.ee\/en\/pood\/product-groups\/superfoods-health-foods-en\/ashwagandha-en\/puls-relax-ashwagandhab6-60tk\/","title":{"rendered":"PULS Relax Ashwagandha + B6 gummies (60tk)"},"content":{"rendered":"<h2><strong>Puls Ashwagandha kummikommid<\/strong><\/h2>\n<section class=\"text-token-text-primary w-full focus:outline-none [--shadow-height:45px] has-data-writing-block:pointer-events-none has-data-writing-block:-mt-(--shadow-height) has-data-writing-block:pt-(--shadow-height) [&amp;:has([data-writing-block])&gt;*]:pointer-events-auto [content-visibility:auto] supports-[content-visibility:auto]:[contain-intrinsic-size:auto_100lvh] R6Vx5W_threadScrollVars scroll-mb-[calc(var(--scroll-root-safe-area-inset-bottom,0px)+var(--thread-response-height))] scroll-mt-[calc(var(--header-height)+min(200px,max(70px,20svh)))]\" dir=\"auto\" data-turn-id=\"request-69f338b7-f4bc-8335-a48f-7d19bee0f657-0\" data-testid=\"conversation-turn-6\" data-scroll-anchor=\"false\" data-turn=\"assistant\">\n<div class=\"text-base my-auto mx-auto pb-10 [--thread-content-margin:var(--thread-content-margin-xs,calc(var(--spacing)*4))] @w-sm\/main:[--thread-content-margin:var(--thread-content-margin-sm,calc(var(--spacing)*6))] @w-lg\/main:[--thread-content-margin:var(--thread-content-margin-lg,calc(var(--spacing)*16))] px-(--thread-content-margin)\">\n<div class=\"[--thread-content-max-width:40rem] @w-lg\/main:[--thread-content-max-width:48rem] mx-auto max-w-(--thread-content-max-width) flex-1 group\/turn-messages focus-visible:outline-hidden relative flex w-full min-w-0 flex-col agent-turn\">\n<div class=\"flex max-w-full flex-col gap-4 grow\">\n<div class=\"min-h-8 text-message relative flex w-full flex-col items-end gap-2 text-start break-words whitespace-normal outline-none keyboard-focused:focus-ring [.text-message+&amp;]:mt-1\" dir=\"auto\" tabindex=\"0\" data-message-author-role=\"assistant\" data-message-id=\"49ddb6d7-1182-4fcd-b14a-63feed88a808\" data-turn-start-message=\"true\" data-message-model-slug=\"gpt-5-3\">\n<div class=\"flex w-full flex-col gap-1 empty:hidden\">\n<div class=\"markdown prose dark:prose-invert w-full wrap-break-word light markdown-new-styling\">\n<p data-start=\"0\" data-end=\"381\">Puls Nutrition Relax Ashwagandha + B6 kummikommid on mugav ja maitsev viis toetada igap\u00e4evast vaimset tasakaalu ning v\u00e4hendada stressi. T\u00e4nap\u00e4evases kiires elutempos on j\u00e4rjest olulisem leida lihtsaid lahendusi, mis aitavad hoida n\u00e4rvis\u00fcsteemi tasakaalus \u2013 just siin tulevad appi kvaliteetsed <strong data-start=\"293\" data-end=\"320\">Ashwagandha kummikommid<\/strong>, mis \u00fchendavad funktsionaalsuse ja meeldiva kasutuskogemuse.<\/p>\n<p data-start=\"383\" data-end=\"855\">Ashwagandha (Withania somnifera) on tuntud adaptogeen, mida on kasutatud sajandeid traditsioonilises Ayurveda meditsiinis. Uuemad uuringud ja toidulisandite trendid n\u00e4itavad, et see taim v\u00f5ib aidata organismil paremini toime tulla stressiga, toetada kortisooli taseme tasakaalu ning parandada \u00fcldist enesetunnet. Kombinatsioonis B6-vitamiiniga muutub toode veelgi t\u00f5husamaks, kuna B6 aitab kaasa normaalsele n\u00e4rvis\u00fcsteemi talitlusele ja ps\u00fchholoogilistele funktsioonidele.<\/p>\n<p data-start=\"857\" data-end=\"1180\">Lisaks funktsionaalsusele on oluline ka kasutusmugavus. Erinevalt kapslitest v\u00f5i pulbritest pakuvad <strong data-start=\"957\" data-end=\"984\">Ashwagandha kummikommid<\/strong> lihtsat ja meeldivat alternatiivi \u2013 neid on mugav tarbida nii kodus, t\u00f6\u00f6l kui ka reisil olles. \u00d5unamaitse muudab igap\u00e4evase rutiini nauditavaks, ilma et peaks tegema j\u00e4releandmisi tervise arvelt.<\/p>\n<h4 data-section-id=\"csy526\" data-start=\"1182\" data-end=\"1204\"><strong>Ashwagandha gummies peamised omadused:<\/strong><\/h4>\n<ul data-start=\"1205\" data-end=\"1530\">\n<li data-section-id=\"uuac2w\" data-start=\"1205\" data-end=\"1257\">Sisaldab kvaliteetset ashwagandha juureekstrakti<\/li>\n<li data-section-id=\"1mrykqv\" data-start=\"1258\" data-end=\"1312\">Aitab toetada stressitaluvust ja vaimset tasakaalu<\/li>\n<li data-section-id=\"pi1z0y\" data-start=\"1313\" data-end=\"1361\">V\u00f5ib parandada unekvaliteeti ja l\u00f5\u00f5gastumist<\/li>\n<li data-section-id=\"h2fi48\" data-start=\"1362\" data-end=\"1419\">Rikastatud B6-vitamiiniga, mis toetab energiavahetust<\/li>\n<li data-section-id=\"1f5kuzx\" data-start=\"1420\" data-end=\"1463\">Mugav ja maitsev alternatiiv kapslitele<\/li>\n<li data-section-id=\"2ebh3g\" data-start=\"1464\" data-end=\"1530\">Sobib igap\u00e4evaseks kasutamiseks aktiivse eluviisiga inimestele<\/li>\n<\/ul>\n<p data-start=\"1532\" data-end=\"1795\">Regulaarne kasutamine v\u00f5ib aidata v\u00e4hendada v\u00e4simust ja parandada keskendumisv\u00f5imet, mis on oluline nii t\u00f6\u00f6- kui ka treeningkeskkonnas. Paljud sarnased tooted keskenduvad ainult \u00fchele aspektile, kuid see valem \u00fchendab nii vaimse kui ka f\u00fc\u00fcsilise heaolu toetamise.<\/p>\n<p data-start=\"1797\" data-end=\"2056\">Kui otsid lihtsat viisi, kuidas oma igap\u00e4evast rutiini t\u00e4iustada, on need kummikommid praktiline valik. <strong data-start=\"1901\" data-end=\"1928\">Ashwagandha kummikommid<\/strong> sobivad h\u00e4sti neile, kes soovivad loomulikku tuge stressiga toimetulekuks, s\u00e4ilitades samal ajal hea maitse ja kasutusmugavuse.<\/p>\n<p data-start=\"2058\" data-end=\"2210\" data-is-last-node=\"\" data-is-only-node=\"\">Kokkuv\u00f5ttes on tegemist tasakaalustatud ja kaasaegse toidulisandiga, mis \u00fchendab traditsioonilised taimsed teadmised ja t\u00e4nap\u00e4evase elustiili vajadused.<\/p>\n<div id=\"station-tabs-tabpanel_ht-i0-t22\" class=\"station-tabs-tabpanel is-active\" role=\"region\" aria-labelledby=\"station-tabs-tab_ht-i0-t22\" aria-hidden=\"false\">\n<div class=\"station-tabs-tabcontent\">\n<p><strong><span dir=\"auto\">Koostisosad<\/span><\/strong><span dir=\"auto\">: \u00d5un: <\/span><span dir=\"auto\">gl\u00fckoosisiirup, sahharoos, vesi, ashwagandha ekstrakt (10:1) (ashwagandha juureekstrakt, maltodekstriin), tarretav aine (pektiin) (pektiin, suhkur), \u00f5unamahla kontsentraat, happesuse regulaator (sidrunhape), happesuse regulaator (naatriumtsitraat), looduslik l\u00f5hna- ja maitseaine, pinnat\u00f6\u00f6tlusained (karnaubavaha, taime\u00f5li), musta porgandi mahla kontsentraat, vitamiin B6 (p\u00fcridoksiinvesinikkloriid).<\/span><\/p>\n<p><strong>Kasutamine<\/strong>: <span dir=\"auto\">V\u00f5ta 3 kummikommi p\u00e4evas.<\/span><\/p>\n<p><span dir=\"auto\">\u00c4rge \u00fcletage soovitatavat p\u00e4evast annust.<\/span><\/p>\n<p><strong><span dir=\"auto\">Hoiatused:\u00a0\u00a0<\/span><\/strong><span dir=\"auto\">Toidulisandit ei tohiks kasutada mitmekesise toitumise ja tervisliku eluviisi asendajana. Hoida kuivas ja jahedas kohas, eemal otsesest p\u00e4ikesevalgusest, tihedalt suletud originaalpakendis. Hoida lastele k\u00e4ttesaamatus kohas.<\/span><\/p>\n<p><strong>Suurus<\/strong>: 60 kummikommi<\/p>\n<table>\n<tbody>\n<tr>\n<td><strong><b>Portsjoni kohta<\/b><\/strong><\/td>\n<td><strong><b>3 kummikommi<\/b><\/strong><\/td>\n<\/tr>\n<tr>\n<td>Ashwagandha juure ekstrakt<\/td>\n<td>450 mg<\/td>\n<\/tr>\n<tr>\n<td>Vitamiin B6<\/td>\n<td>4,2 mg<\/td>\n<\/tr>\n<\/tbody>\n<\/table>\n<p>&nbsp;<\/p>\n<p>Vaata ka meie Teisi Ashwagandha Tooteid <strong><a href=\"https:\/\/fit360.ee\/en\/product-category\/product-groups\/superfoods-health-foods-en\/ashwagandha-en\/\"><u>SIIT<\/u><\/a>\u00a0<\/strong>v\u00f5i Toidulisandeid Unele <a href=\"https:\/\/fit360.ee\/en\/product-category\/product-groups\/sleep-enhancers-en\/\"><u><strong>SIIT<\/strong><\/u><\/a>!<\/p>\n<p>Soovid teha suuremat tellimust? Vaata antud toodet meie HULGI lehelt\u00a0<a href=\"https:\/\/toidulisandidhulgi.ee\/tooted\/puls-relax-ashwagandha-b6-gummies-60tk\/\"><strong>SIIT<\/strong><\/a>!<\/p>\n<\/div>\n<\/div>\n<\/div>\n<\/div>\n<\/div>\n<\/div>\n<\/div>\n<\/div>\n<div><\/div>\n<\/section>\n","protected":false},"excerpt":{"rendered":"<ul data-start=\"1205\" data-end=\"1530\">\n<li data-section-id=\"uuac2w\" data-start=\"1205\" data-end=\"1257\">Sisaldab kvaliteetset ashwagandha juureekstrakti<\/li>\n<li data-section-id=\"1mrykqv\" data-start=\"1258\" data-end=\"1312\">Aitab toetada stressitaluvust ja vaimset tasakaalu<\/li>\n<li data-section-id=\"pi1z0y\" data-start=\"1313\" data-end=\"1361\">V\u00f5ib parandada unekvaliteeti ja l\u00f5\u00f5gastumist<\/li>\n<li data-section-id=\"h2fi48\" data-start=\"1362\" data-end=\"1419\">Rikastatud B6-vitamiiniga, mis toetab energiavahetust<\/li>\n<li data-section-id=\"1f5kuzx\" data-start=\"1420\" data-end=\"1463\">Mugav ja maitsev alternatiiv kapslitele<\/li>\n<li data-section-id=\"2ebh3g\" data-start=\"1464\" data-end=\"1530\">Sobib igap\u00e4evaseks kasutamiseks aktiivse eluviisiga inimestele<\/li>\n<\/ul>\n","protected":false},"featured_media":95913,"comment_status":"open","ping_status":"closed","template":"","meta":[],"product_brand":[],"product_cat":[2347,2485,5928,2476,1454,532],"product_tag":[2182,11834,11831,5937,11835],"giftcard-category":[],"class_list":{"0":"post-95912","1":"product","2":"type-product","3":"status-publish","4":"has-post-thumbnail","6":"product_cat-ashwagandha-en","7":"product_cat-brain-support-nootropics-en","8":"product_cat-puls-nutrition-en","9":"product_cat-sleep-enhancers-en","10":"product_cat-superfoods-health-foods-en","11":"product_cat-testosterone-boosters-en","12":"product_tag-ashwagandha-en","13":"product_tag-ashwagandha-gummies","14":"product_tag-ashwagandha-kummikommid","15":"product_tag-puls-nutrition-en","16":"product_tag-puls-nutrition-ashwagandha","17":"pa_kogus-60tk-en","18":"pa_toidulisand-branddd-puls-nutrition","19":"pa_tootegruppp-aju-tegevus-nootropics-en","20":"pa_tootegruppp-ashwagandha-en","21":"pa_tootegruppp-supertoit-tervisetoit-en","22":"pa_tootegruppp-testosterone-enhancers","23":"pa_tootegruppp-uni-en","25":"first","26":"instock","27":"sale","28":"taxable","29":"shipping-taxable","30":"purchasable","31":"product-type-simple"},"yoast_head":"<!-- This site is optimized with the Yoast SEO plugin v27.5 - https:\/\/yoast.com\/product\/yoast-seo-wordpress\/ -->\n<title>PULS Relax Ashwagandha + B6 gummies (60tk) - Parim Hind - Kiire Tarne - Fit360<\/title>\n<meta name=\"description\" content=\"Erinevalt kapslitest v\u00f5i pulbritest pakuvad Ashwagandha kummikommid lihtsat ja meeldivat alternatiivi \u2013 neid on mugav tarbida nii kodus, t\u00f6\u00f6..\" \/>\n<meta name=\"robots\" content=\"index, follow, max-snippet:-1, max-image-preview:large, max-video-preview:-1\" \/>\n<link rel=\"canonical\" href=\"https:\/\/fit360.ee\/en\/pood\/product-groups\/superfoods-health-foods-en\/ashwagandha-en\/puls-relax-ashwagandhab6-60tk\/\" \/>\n<meta property=\"og:locale\" content=\"en_US\" \/>\n<meta property=\"og:type\" content=\"article\" \/>\n<meta property=\"og:title\" content=\"PULS Relax Ashwagandha + B6 gummies (60tk) - Parim Hind - Kiire Tarne - Fit360\" \/>\n<meta property=\"og:description\" content=\"Erinevalt kapslitest v\u00f5i pulbritest pakuvad Ashwagandha kummikommid lihtsat ja meeldivat alternatiivi \u2013 neid on mugav tarbida nii kodus, t\u00f6\u00f6..\" \/>\n<meta property=\"og:url\" content=\"https:\/\/fit360.ee\/en\/pood\/product-groups\/superfoods-health-foods-en\/ashwagandha-en\/puls-relax-ashwagandhab6-60tk\/\" \/>\n<meta property=\"og:site_name\" content=\"Fit360\" \/>\n<meta property=\"article:modified_time\" content=\"2026-05-13T21:47:44+00:00\" \/>\n<meta property=\"og:image\" content=\"https:\/\/fit360.ee\/wp-content\/uploads\/2026\/05\/puls-nutrition-ashwagandha-kummikommid-fit360.ee-1.png\" \/>\n\t<meta property=\"og:image:width\" content=\"625\" \/>\n\t<meta property=\"og:image:height\" content=\"625\" \/>\n\t<meta property=\"og:image:type\" content=\"image\/png\" \/>\n<meta name=\"twitter:card\" content=\"summary_large_image\" \/>\n<meta name=\"twitter:label1\" content=\"Est. reading time\" \/>\n\t<meta name=\"twitter:data1\" content=\"3 minutes\" \/>\n<script type=\"application\/ld+json\" class=\"yoast-schema-graph\">{\"@context\":\"https:\\\/\\\/schema.org\",\"@graph\":[{\"@type\":\"WebPage\",\"@id\":\"https:\\\/\\\/fit360.ee\\\/en\\\/pood\\\/product-groups\\\/superfoods-health-foods-en\\\/ashwagandha-en\\\/puls-relax-ashwagandhab6-60tk\\\/\",\"url\":\"https:\\\/\\\/fit360.ee\\\/en\\\/pood\\\/product-groups\\\/superfoods-health-foods-en\\\/ashwagandha-en\\\/puls-relax-ashwagandhab6-60tk\\\/\",\"name\":\"PULS Relax Ashwagandha + B6 gummies (60tk) - Parim Hind - Kiire Tarne - Fit360\",\"isPartOf\":{\"@id\":\"https:\\\/\\\/fit360.ee\\\/en\\\/#website\"},\"primaryImageOfPage\":{\"@id\":\"https:\\\/\\\/fit360.ee\\\/en\\\/pood\\\/product-groups\\\/superfoods-health-foods-en\\\/ashwagandha-en\\\/puls-relax-ashwagandhab6-60tk\\\/#primaryimage\"},\"image\":{\"@id\":\"https:\\\/\\\/fit360.ee\\\/en\\\/pood\\\/product-groups\\\/superfoods-health-foods-en\\\/ashwagandha-en\\\/puls-relax-ashwagandhab6-60tk\\\/#primaryimage\"},\"thumbnailUrl\":\"https:\\\/\\\/fit360.ee\\\/wp-content\\\/uploads\\\/2026\\\/05\\\/puls-nutrition-ashwagandha-kummikommid-fit360.ee-1.png\",\"datePublished\":\"2026-05-03T06:02:42+00:00\",\"dateModified\":\"2026-05-13T21:47:44+00:00\",\"description\":\"Erinevalt kapslitest v\u00f5i pulbritest pakuvad Ashwagandha kummikommid lihtsat ja meeldivat alternatiivi \u2013 neid on mugav tarbida nii kodus, t\u00f6\u00f6..\",\"breadcrumb\":{\"@id\":\"https:\\\/\\\/fit360.ee\\\/en\\\/pood\\\/product-groups\\\/superfoods-health-foods-en\\\/ashwagandha-en\\\/puls-relax-ashwagandhab6-60tk\\\/#breadcrumb\"},\"inLanguage\":\"en-US\",\"potentialAction\":[{\"@type\":\"ReadAction\",\"target\":[\"https:\\\/\\\/fit360.ee\\\/en\\\/pood\\\/product-groups\\\/superfoods-health-foods-en\\\/ashwagandha-en\\\/puls-relax-ashwagandhab6-60tk\\\/\"]}]},{\"@type\":\"ImageObject\",\"inLanguage\":\"en-US\",\"@id\":\"https:\\\/\\\/fit360.ee\\\/en\\\/pood\\\/product-groups\\\/superfoods-health-foods-en\\\/ashwagandha-en\\\/puls-relax-ashwagandhab6-60tk\\\/#primaryimage\",\"url\":\"https:\\\/\\\/fit360.ee\\\/wp-content\\\/uploads\\\/2026\\\/05\\\/puls-nutrition-ashwagandha-kummikommid-fit360.ee-1.png\",\"contentUrl\":\"https:\\\/\\\/fit360.ee\\\/wp-content\\\/uploads\\\/2026\\\/05\\\/puls-nutrition-ashwagandha-kummikommid-fit360.ee-1.png\",\"width\":625,\"height\":625,\"caption\":\"puls nutrition ashwagandha kummikommid - fit360.ee\"},{\"@type\":\"BreadcrumbList\",\"@id\":\"https:\\\/\\\/fit360.ee\\\/en\\\/pood\\\/product-groups\\\/superfoods-health-foods-en\\\/ashwagandha-en\\\/puls-relax-ashwagandhab6-60tk\\\/#breadcrumb\",\"itemListElement\":[{\"@type\":\"ListItem\",\"position\":1,\"name\":\"Home\",\"item\":\"https:\\\/\\\/fit360.ee\\\/en\\\/\"},{\"@type\":\"ListItem\",\"position\":2,\"name\":\"Shop\",\"item\":\"https:\\\/\\\/fit360.ee\\\/en\\\/shop\\\/\"},{\"@type\":\"ListItem\",\"position\":3,\"name\":\"PULS Relax Ashwagandha + B6 gummies (60tk)\"}]},{\"@type\":\"WebSite\",\"@id\":\"https:\\\/\\\/fit360.ee\\\/en\\\/#website\",\"url\":\"https:\\\/\\\/fit360.ee\\\/en\\\/\",\"name\":\"Fit360\",\"description\":\"\",\"publisher\":{\"@id\":\"https:\\\/\\\/fit360.ee\\\/en\\\/#organization\"},\"potentialAction\":[{\"@type\":\"SearchAction\",\"target\":{\"@type\":\"EntryPoint\",\"urlTemplate\":\"https:\\\/\\\/fit360.ee\\\/en\\\/?s={search_term_string}\"},\"query-input\":{\"@type\":\"PropertyValueSpecification\",\"valueRequired\":true,\"valueName\":\"search_term_string\"}}],\"inLanguage\":\"en-US\"},{\"@type\":\"Organization\",\"@id\":\"https:\\\/\\\/fit360.ee\\\/en\\\/#organization\",\"name\":\"Fit360\",\"url\":\"https:\\\/\\\/fit360.ee\\\/en\\\/\",\"logo\":{\"@type\":\"ImageObject\",\"inLanguage\":\"en-US\",\"@id\":\"https:\\\/\\\/fit360.ee\\\/en\\\/#\\\/schema\\\/logo\\\/image\\\/\",\"url\":\"https:\\\/\\\/fit360.ee\\\/wp-content\\\/uploads\\\/2017\\\/01\\\/logo-fit360.png\",\"contentUrl\":\"https:\\\/\\\/fit360.ee\\\/wp-content\\\/uploads\\\/2017\\\/01\\\/logo-fit360.png\",\"width\":180,\"height\":66,\"caption\":\"Fit360\"},\"image\":{\"@id\":\"https:\\\/\\\/fit360.ee\\\/en\\\/#\\\/schema\\\/logo\\\/image\\\/\"}}]}<\/script>\n<!-- \/ Yoast SEO plugin. -->","yoast_head_json":{"title":"PULS Relax Ashwagandha + B6 gummies (60tk) - Parim Hind - Kiire Tarne - Fit360","description":"Erinevalt kapslitest v\u00f5i pulbritest pakuvad Ashwagandha kummikommid lihtsat ja meeldivat alternatiivi \u2013 neid on mugav tarbida nii kodus, t\u00f6\u00f6..","robots":{"index":"index","follow":"follow","max-snippet":"max-snippet:-1","max-image-preview":"max-image-preview:large","max-video-preview":"max-video-preview:-1"},"canonical":"https:\/\/fit360.ee\/en\/pood\/product-groups\/superfoods-health-foods-en\/ashwagandha-en\/puls-relax-ashwagandhab6-60tk\/","og_locale":"en_US","og_type":"article","og_title":"PULS Relax Ashwagandha + B6 gummies (60tk) - Parim Hind - Kiire Tarne - Fit360","og_description":"Erinevalt kapslitest v\u00f5i pulbritest pakuvad Ashwagandha kummikommid lihtsat ja meeldivat alternatiivi \u2013 neid on mugav tarbida nii kodus, t\u00f6\u00f6..","og_url":"https:\/\/fit360.ee\/en\/pood\/product-groups\/superfoods-health-foods-en\/ashwagandha-en\/puls-relax-ashwagandhab6-60tk\/","og_site_name":"Fit360","article_modified_time":"2026-05-13T21:47:44+00:00","og_image":[{"width":625,"height":625,"url":"https:\/\/fit360.ee\/wp-content\/uploads\/2026\/05\/puls-nutrition-ashwagandha-kummikommid-fit360.ee-1.png","type":"image\/png"}],"twitter_card":"summary_large_image","twitter_misc":{"Est. reading time":"3 minutes"},"schema":{"@context":"https:\/\/schema.org","@graph":[{"@type":"WebPage","@id":"https:\/\/fit360.ee\/en\/pood\/product-groups\/superfoods-health-foods-en\/ashwagandha-en\/puls-relax-ashwagandhab6-60tk\/","url":"https:\/\/fit360.ee\/en\/pood\/product-groups\/superfoods-health-foods-en\/ashwagandha-en\/puls-relax-ashwagandhab6-60tk\/","name":"PULS Relax Ashwagandha + B6 gummies (60tk) - Parim Hind - Kiire Tarne - Fit360","isPartOf":{"@id":"https:\/\/fit360.ee\/en\/#website"},"primaryImageOfPage":{"@id":"https:\/\/fit360.ee\/en\/pood\/product-groups\/superfoods-health-foods-en\/ashwagandha-en\/puls-relax-ashwagandhab6-60tk\/#primaryimage"},"image":{"@id":"https:\/\/fit360.ee\/en\/pood\/product-groups\/superfoods-health-foods-en\/ashwagandha-en\/puls-relax-ashwagandhab6-60tk\/#primaryimage"},"thumbnailUrl":"https:\/\/fit360.ee\/wp-content\/uploads\/2026\/05\/puls-nutrition-ashwagandha-kummikommid-fit360.ee-1.png","datePublished":"2026-05-03T06:02:42+00:00","dateModified":"2026-05-13T21:47:44+00:00","description":"Erinevalt kapslitest v\u00f5i pulbritest pakuvad Ashwagandha kummikommid lihtsat ja meeldivat alternatiivi \u2013 neid on mugav tarbida nii kodus, t\u00f6\u00f6..","breadcrumb":{"@id":"https:\/\/fit360.ee\/en\/pood\/product-groups\/superfoods-health-foods-en\/ashwagandha-en\/puls-relax-ashwagandhab6-60tk\/#breadcrumb"},"inLanguage":"en-US","potentialAction":[{"@type":"ReadAction","target":["https:\/\/fit360.ee\/en\/pood\/product-groups\/superfoods-health-foods-en\/ashwagandha-en\/puls-relax-ashwagandhab6-60tk\/"]}]},{"@type":"ImageObject","inLanguage":"en-US","@id":"https:\/\/fit360.ee\/en\/pood\/product-groups\/superfoods-health-foods-en\/ashwagandha-en\/puls-relax-ashwagandhab6-60tk\/#primaryimage","url":"https:\/\/fit360.ee\/wp-content\/uploads\/2026\/05\/puls-nutrition-ashwagandha-kummikommid-fit360.ee-1.png","contentUrl":"https:\/\/fit360.ee\/wp-content\/uploads\/2026\/05\/puls-nutrition-ashwagandha-kummikommid-fit360.ee-1.png","width":625,"height":625,"caption":"puls nutrition ashwagandha kummikommid - fit360.ee"},{"@type":"BreadcrumbList","@id":"https:\/\/fit360.ee\/en\/pood\/product-groups\/superfoods-health-foods-en\/ashwagandha-en\/puls-relax-ashwagandhab6-60tk\/#breadcrumb","itemListElement":[{"@type":"ListItem","position":1,"name":"Home","item":"https:\/\/fit360.ee\/en\/"},{"@type":"ListItem","position":2,"name":"Shop","item":"https:\/\/fit360.ee\/en\/shop\/"},{"@type":"ListItem","position":3,"name":"PULS Relax Ashwagandha + B6 gummies (60tk)"}]},{"@type":"WebSite","@id":"https:\/\/fit360.ee\/en\/#website","url":"https:\/\/fit360.ee\/en\/","name":"Fit360","description":"","publisher":{"@id":"https:\/\/fit360.ee\/en\/#organization"},"potentialAction":[{"@type":"SearchAction","target":{"@type":"EntryPoint","urlTemplate":"https:\/\/fit360.ee\/en\/?s={search_term_string}"},"query-input":{"@type":"PropertyValueSpecification","valueRequired":true,"valueName":"search_term_string"}}],"inLanguage":"en-US"},{"@type":"Organization","@id":"https:\/\/fit360.ee\/en\/#organization","name":"Fit360","url":"https:\/\/fit360.ee\/en\/","logo":{"@type":"ImageObject","inLanguage":"en-US","@id":"https:\/\/fit360.ee\/en\/#\/schema\/logo\/image\/","url":"https:\/\/fit360.ee\/wp-content\/uploads\/2017\/01\/logo-fit360.png","contentUrl":"https:\/\/fit360.ee\/wp-content\/uploads\/2017\/01\/logo-fit360.png","width":180,"height":66,"caption":"Fit360"},"image":{"@id":"https:\/\/fit360.ee\/en\/#\/schema\/logo\/image\/"}}]}},"_links":{"self":[{"href":"https:\/\/fit360.ee\/en\/wp-json\/wp\/v2\/product\/95912","targetHints":{"allow":["GET"]}}],"collection":[{"href":"https:\/\/fit360.ee\/en\/wp-json\/wp\/v2\/product"}],"about":[{"href":"https:\/\/fit360.ee\/en\/wp-json\/wp\/v2\/types\/product"}],"replies":[{"embeddable":true,"href":"https:\/\/fit360.ee\/en\/wp-json\/wp\/v2\/comments?post=95912"}],"wp:featuredmedia":[{"embeddable":true,"href":"https:\/\/fit360.ee\/en\/wp-json\/wp\/v2\/media\/95913"}],"wp:attachment":[{"href":"https:\/\/fit360.ee\/en\/wp-json\/wp\/v2\/media?parent=95912"}],"wp:term":[{"taxonomy":"product_brand","embeddable":true,"href":"https:\/\/fit360.ee\/en\/wp-json\/wp\/v2\/product_brand?post=95912"},{"taxonomy":"product_cat","embeddable":true,"href":"https:\/\/fit360.ee\/en\/wp-json\/wp\/v2\/product_cat?post=95912"},{"taxonomy":"product_tag","embeddable":true,"href":"https:\/\/fit360.ee\/en\/wp-json\/wp\/v2\/product_tag?post=95912"},{"taxonomy":"giftcard-category","embeddable":true,"href":"https:\/\/fit360.ee\/en\/wp-json\/wp\/v2\/giftcard-category?post=95912"}],"curies":[{"name":"wp","href":"https:\/\/api.w.org\/{rel}","templated":true}]}}