{"id":9657,"date":"2016-07-05T15:04:38","date_gmt":"2016-07-05T13:04:38","guid":{"rendered":"https:\/\/fit360.ee\/shop\/maaratlemata\/womens-gym-belt-2\/"},"modified":"2022-09-09T23:39:46","modified_gmt":"2022-09-09T21:39:46","slug":"womens-gym-belt-2","status":"publish","type":"product","link":"https:\/\/fit360.ee\/en\/pood\/training-equipment-en\/belts-en\/womens-gym-belt-2\/","title":{"rendered":"WOMEN&#8217;S GYM BELT"},"content":{"rendered":"","protected":false},"excerpt":{"rendered":"<ul>\n<li>Kujundatud\u00a0Better Bodiese <em>best-seller<\/em> &#8220;Basic Gym Belt&#8221; j\u00e4rgi.<\/li>\n<li>Anatoomiliselt kujundatud kehal\u00e4hedaseks ja mugavaks.<\/li>\n<li>Suur v\u00f6\u00f6 esiosa, pakkudes k\u00f5hule\u00a0maksimaalselt toetust<\/li>\n<li>Turvaline Velcro lukustuss\u00fcsteem<\/li>\n<li>Suur Better Bodies logo v\u00f6\u00f6 tagaosa peal<\/li>\n<\/ul>\n<p><strong>Women&#8217;s Gym Belt<\/strong>\u00a0on disainitud <em>best-seller\u00a0<\/em>v\u00f6\u00f6 &#8220;Basic Gym Belt&#8221; j\u00e4rgi. Women&#8217;s Gym Belt on anatoomiliselt kujundatud mugavaks ja kehal\u00e4hedaseks, et v\u00f6\u00f6 toetaks maksimaalselt. V\u00f6\u00f6 esiosa on pisut suurem, kui tavaliselt, pakkudes lisa k\u00f5hul\u00e4hedast toetust. V\u00f6\u00f6l on Velcro sulgemise s\u00fcsteem turvaliseks ja ohutuks kandmiseks. <strong>MATERJAL:\u00a0<\/strong>60% neopreen, 40% nailon, vooderdis 100% pol\u00fcester. <strong>V\u00c4RVUS<\/strong>: Must\/Roosa; Must\/Helesinine <strong>SUURUS<\/strong>: XS-L <img decoding=\"async\" src=\"http:\/\/fitshop.fitness.ee\/\/images\/uploads\/image\/toodete%20pildid\/suurused.PNG\" \/> <strong>NB!\u00a0<\/strong>Soovid tellida teistsugust mudelit, suurust v\u00f5i v\u00e4rvi? V\u00f5tame vastu <strong>BETTER BODIES\u00a0<\/strong>ja\u00a0<strong>GASP<\/strong> treeningr\u00f5ivaste ning aksessuaaride tellimusi. Tellimine toimub 2 korda kuus. Soovi korral kirjuta: <strong>info@fit360.ee<\/strong><\/p>\n","protected":false},"featured_media":68361,"comment_status":"open","ping_status":"closed","template":"","meta":[],"product_brand":[],"product_cat":[550],"product_tag":[],"giftcard-category":[],"class_list":{"0":"post-9657","1":"product","2":"type-product","3":"status-publish","4":"has-post-thumbnail","6":"product_cat-belts-en","7":"pa_suurus-l","8":"pa_suurus-m","9":"pa_suurus-s","10":"pa_suurus-xs","12":"first","13":"instock","14":"taxable","15":"shipping-taxable","16":"purchasable","17":"product-type-variable"},"yoast_head":"<!-- This site is optimized with the Yoast SEO plugin v27.3 - https:\/\/yoast.com\/product\/yoast-seo-wordpress\/ -->\n<title>WOMEN&#039;S GYM BELT - Fit360<\/title>\n<meta name=\"robots\" content=\"index, follow, max-snippet:-1, max-image-preview:large, max-video-preview:-1\" \/>\n<link rel=\"canonical\" href=\"https:\/\/fit360.ee\/en\/pood\/training-equipment-en\/belts-en\/womens-gym-belt-2\/\" \/>\n<meta property=\"og:locale\" content=\"en_US\" \/>\n<meta property=\"og:type\" content=\"article\" \/>\n<meta property=\"og:title\" content=\"WOMEN&#039;S GYM BELT - Fit360\" \/>\n<meta property=\"og:description\" content=\"Kujundatud\u00a0Better Bodiese best-seller &quot;Basic Gym Belt&quot; j\u00e4rgi.  Anatoomiliselt kujundatud kehal\u00e4hedaseks ja mugavaks.  Suur v\u00f6\u00f6 esiosa, pakkudes k\u00f5hule\u00a0maksimaalselt toetust  Turvaline Velcro lukustuss\u00fcsteem  Suur Better Bodies logo v\u00f6\u00f6 tagaosa peal  Women&#039;s Gym Belt\u00a0on disainitud best-seller\u00a0v\u00f6\u00f6 &quot;Basic Gym Belt&quot; j\u00e4rgi. Women&#039;s Gym Belt on anatoomiliselt kujundatud mugavaks ja kehal\u00e4hedaseks, et v\u00f6\u00f6 toetaks maksimaalselt. V\u00f6\u00f6 esiosa on pisut suurem, kui tavaliselt, pakkudes lisa k\u00f5hul\u00e4hedast toetust. V\u00f6\u00f6l on Velcro sulgemise s\u00fcsteem turvaliseks ja ohutuks kandmiseks. MATERJAL:\u00a060% neopreen, 40% nailon, vooderdis 100% pol\u00fcester. V\u00c4RVUS: Must\/Roosa; Must\/Helesinine SUURUS: XS-L NB!\u00a0Soovid tellida teistsugust mudelit, suurust v\u00f5i v\u00e4rvi? V\u00f5tame vastu BETTER BODIES\u00a0ja\u00a0GASP treeningr\u00f5ivaste ning aksessuaaride tellimusi. Tellimine toimub 2 korda kuus. Soovi korral kirjuta: info@fit360.ee\" \/>\n<meta property=\"og:url\" content=\"https:\/\/fit360.ee\/en\/pood\/training-equipment-en\/belts-en\/womens-gym-belt-2\/\" \/>\n<meta property=\"og:site_name\" content=\"Fit360\" \/>\n<meta property=\"article:modified_time\" content=\"2022-09-09T21:39:46+00:00\" \/>\n<meta property=\"og:image\" content=\"https:\/\/fit360.ee\/wp-content\/uploads\/2016\/07\/womens-gym-belt-fit360.ee_.jpg\" \/>\n\t<meta property=\"og:image:width\" content=\"1000\" \/>\n\t<meta property=\"og:image:height\" content=\"1000\" \/>\n\t<meta property=\"og:image:type\" content=\"image\/jpeg\" \/>\n<meta name=\"twitter:card\" content=\"summary_large_image\" \/>\n<script type=\"application\/ld+json\" class=\"yoast-schema-graph\">{\"@context\":\"https:\\\/\\\/schema.org\",\"@graph\":[{\"@type\":\"WebPage\",\"@id\":\"https:\\\/\\\/fit360.ee\\\/en\\\/pood\\\/training-equipment-en\\\/belts-en\\\/womens-gym-belt-2\\\/\",\"url\":\"https:\\\/\\\/fit360.ee\\\/en\\\/pood\\\/training-equipment-en\\\/belts-en\\\/womens-gym-belt-2\\\/\",\"name\":\"WOMEN'S GYM BELT - Fit360\",\"isPartOf\":{\"@id\":\"https:\\\/\\\/fit360.ee\\\/en\\\/#website\"},\"primaryImageOfPage\":{\"@id\":\"https:\\\/\\\/fit360.ee\\\/en\\\/pood\\\/training-equipment-en\\\/belts-en\\\/womens-gym-belt-2\\\/#primaryimage\"},\"image\":{\"@id\":\"https:\\\/\\\/fit360.ee\\\/en\\\/pood\\\/training-equipment-en\\\/belts-en\\\/womens-gym-belt-2\\\/#primaryimage\"},\"thumbnailUrl\":\"https:\\\/\\\/fit360.ee\\\/wp-content\\\/uploads\\\/2016\\\/07\\\/womens-gym-belt-fit360.ee_.jpg\",\"datePublished\":\"2016-07-05T13:04:38+00:00\",\"dateModified\":\"2022-09-09T21:39:46+00:00\",\"breadcrumb\":{\"@id\":\"https:\\\/\\\/fit360.ee\\\/en\\\/pood\\\/training-equipment-en\\\/belts-en\\\/womens-gym-belt-2\\\/#breadcrumb\"},\"inLanguage\":\"en-US\",\"potentialAction\":[{\"@type\":\"ReadAction\",\"target\":[\"https:\\\/\\\/fit360.ee\\\/en\\\/pood\\\/training-equipment-en\\\/belts-en\\\/womens-gym-belt-2\\\/\"]}]},{\"@type\":\"ImageObject\",\"inLanguage\":\"en-US\",\"@id\":\"https:\\\/\\\/fit360.ee\\\/en\\\/pood\\\/training-equipment-en\\\/belts-en\\\/womens-gym-belt-2\\\/#primaryimage\",\"url\":\"https:\\\/\\\/fit360.ee\\\/wp-content\\\/uploads\\\/2016\\\/07\\\/womens-gym-belt-fit360.ee_.jpg\",\"contentUrl\":\"https:\\\/\\\/fit360.ee\\\/wp-content\\\/uploads\\\/2016\\\/07\\\/womens-gym-belt-fit360.ee_.jpg\",\"width\":1000,\"height\":1000,\"caption\":\"womens gym belt - fit360.ee\"},{\"@type\":\"BreadcrumbList\",\"@id\":\"https:\\\/\\\/fit360.ee\\\/en\\\/pood\\\/training-equipment-en\\\/belts-en\\\/womens-gym-belt-2\\\/#breadcrumb\",\"itemListElement\":[{\"@type\":\"ListItem\",\"position\":1,\"name\":\"Home\",\"item\":\"https:\\\/\\\/fit360.ee\\\/en\\\/\"},{\"@type\":\"ListItem\",\"position\":2,\"name\":\"Shop\",\"item\":\"https:\\\/\\\/fit360.ee\\\/en\\\/shop\\\/\"},{\"@type\":\"ListItem\",\"position\":3,\"name\":\"WOMEN&#8217;S GYM BELT\"}]},{\"@type\":\"WebSite\",\"@id\":\"https:\\\/\\\/fit360.ee\\\/en\\\/#website\",\"url\":\"https:\\\/\\\/fit360.ee\\\/en\\\/\",\"name\":\"Fit360\",\"description\":\"\",\"publisher\":{\"@id\":\"https:\\\/\\\/fit360.ee\\\/en\\\/#organization\"},\"potentialAction\":[{\"@type\":\"SearchAction\",\"target\":{\"@type\":\"EntryPoint\",\"urlTemplate\":\"https:\\\/\\\/fit360.ee\\\/en\\\/?s={search_term_string}\"},\"query-input\":{\"@type\":\"PropertyValueSpecification\",\"valueRequired\":true,\"valueName\":\"search_term_string\"}}],\"inLanguage\":\"en-US\"},{\"@type\":\"Organization\",\"@id\":\"https:\\\/\\\/fit360.ee\\\/en\\\/#organization\",\"name\":\"Fit360\",\"url\":\"https:\\\/\\\/fit360.ee\\\/en\\\/\",\"logo\":{\"@type\":\"ImageObject\",\"inLanguage\":\"en-US\",\"@id\":\"https:\\\/\\\/fit360.ee\\\/en\\\/#\\\/schema\\\/logo\\\/image\\\/\",\"url\":\"https:\\\/\\\/fit360.ee\\\/wp-content\\\/uploads\\\/2017\\\/01\\\/logo-fit360.png\",\"contentUrl\":\"https:\\\/\\\/fit360.ee\\\/wp-content\\\/uploads\\\/2017\\\/01\\\/logo-fit360.png\",\"width\":180,\"height\":66,\"caption\":\"Fit360\"},\"image\":{\"@id\":\"https:\\\/\\\/fit360.ee\\\/en\\\/#\\\/schema\\\/logo\\\/image\\\/\"}}]}<\/script>\n<!-- \/ Yoast SEO plugin. -->","yoast_head_json":{"title":"WOMEN'S GYM BELT - Fit360","robots":{"index":"index","follow":"follow","max-snippet":"max-snippet:-1","max-image-preview":"max-image-preview:large","max-video-preview":"max-video-preview:-1"},"canonical":"https:\/\/fit360.ee\/en\/pood\/training-equipment-en\/belts-en\/womens-gym-belt-2\/","og_locale":"en_US","og_type":"article","og_title":"WOMEN'S GYM BELT - Fit360","og_description":"Kujundatud\u00a0Better Bodiese best-seller \"Basic Gym Belt\" j\u00e4rgi.  Anatoomiliselt kujundatud kehal\u00e4hedaseks ja mugavaks.  Suur v\u00f6\u00f6 esiosa, pakkudes k\u00f5hule\u00a0maksimaalselt toetust  Turvaline Velcro lukustuss\u00fcsteem  Suur Better Bodies logo v\u00f6\u00f6 tagaosa peal  Women's Gym Belt\u00a0on disainitud best-seller\u00a0v\u00f6\u00f6 \"Basic Gym Belt\" j\u00e4rgi. Women's Gym Belt on anatoomiliselt kujundatud mugavaks ja kehal\u00e4hedaseks, et v\u00f6\u00f6 toetaks maksimaalselt. V\u00f6\u00f6 esiosa on pisut suurem, kui tavaliselt, pakkudes lisa k\u00f5hul\u00e4hedast toetust. V\u00f6\u00f6l on Velcro sulgemise s\u00fcsteem turvaliseks ja ohutuks kandmiseks. MATERJAL:\u00a060% neopreen, 40% nailon, vooderdis 100% pol\u00fcester. V\u00c4RVUS: Must\/Roosa; Must\/Helesinine SUURUS: XS-L NB!\u00a0Soovid tellida teistsugust mudelit, suurust v\u00f5i v\u00e4rvi? V\u00f5tame vastu BETTER BODIES\u00a0ja\u00a0GASP treeningr\u00f5ivaste ning aksessuaaride tellimusi. Tellimine toimub 2 korda kuus. Soovi korral kirjuta: info@fit360.ee","og_url":"https:\/\/fit360.ee\/en\/pood\/training-equipment-en\/belts-en\/womens-gym-belt-2\/","og_site_name":"Fit360","article_modified_time":"2022-09-09T21:39:46+00:00","og_image":[{"width":1000,"height":1000,"url":"https:\/\/fit360.ee\/wp-content\/uploads\/2016\/07\/womens-gym-belt-fit360.ee_.jpg","type":"image\/jpeg"}],"twitter_card":"summary_large_image","schema":{"@context":"https:\/\/schema.org","@graph":[{"@type":"WebPage","@id":"https:\/\/fit360.ee\/en\/pood\/training-equipment-en\/belts-en\/womens-gym-belt-2\/","url":"https:\/\/fit360.ee\/en\/pood\/training-equipment-en\/belts-en\/womens-gym-belt-2\/","name":"WOMEN'S GYM BELT - Fit360","isPartOf":{"@id":"https:\/\/fit360.ee\/en\/#website"},"primaryImageOfPage":{"@id":"https:\/\/fit360.ee\/en\/pood\/training-equipment-en\/belts-en\/womens-gym-belt-2\/#primaryimage"},"image":{"@id":"https:\/\/fit360.ee\/en\/pood\/training-equipment-en\/belts-en\/womens-gym-belt-2\/#primaryimage"},"thumbnailUrl":"https:\/\/fit360.ee\/wp-content\/uploads\/2016\/07\/womens-gym-belt-fit360.ee_.jpg","datePublished":"2016-07-05T13:04:38+00:00","dateModified":"2022-09-09T21:39:46+00:00","breadcrumb":{"@id":"https:\/\/fit360.ee\/en\/pood\/training-equipment-en\/belts-en\/womens-gym-belt-2\/#breadcrumb"},"inLanguage":"en-US","potentialAction":[{"@type":"ReadAction","target":["https:\/\/fit360.ee\/en\/pood\/training-equipment-en\/belts-en\/womens-gym-belt-2\/"]}]},{"@type":"ImageObject","inLanguage":"en-US","@id":"https:\/\/fit360.ee\/en\/pood\/training-equipment-en\/belts-en\/womens-gym-belt-2\/#primaryimage","url":"https:\/\/fit360.ee\/wp-content\/uploads\/2016\/07\/womens-gym-belt-fit360.ee_.jpg","contentUrl":"https:\/\/fit360.ee\/wp-content\/uploads\/2016\/07\/womens-gym-belt-fit360.ee_.jpg","width":1000,"height":1000,"caption":"womens gym belt - fit360.ee"},{"@type":"BreadcrumbList","@id":"https:\/\/fit360.ee\/en\/pood\/training-equipment-en\/belts-en\/womens-gym-belt-2\/#breadcrumb","itemListElement":[{"@type":"ListItem","position":1,"name":"Home","item":"https:\/\/fit360.ee\/en\/"},{"@type":"ListItem","position":2,"name":"Shop","item":"https:\/\/fit360.ee\/en\/shop\/"},{"@type":"ListItem","position":3,"name":"WOMEN&#8217;S GYM BELT"}]},{"@type":"WebSite","@id":"https:\/\/fit360.ee\/en\/#website","url":"https:\/\/fit360.ee\/en\/","name":"Fit360","description":"","publisher":{"@id":"https:\/\/fit360.ee\/en\/#organization"},"potentialAction":[{"@type":"SearchAction","target":{"@type":"EntryPoint","urlTemplate":"https:\/\/fit360.ee\/en\/?s={search_term_string}"},"query-input":{"@type":"PropertyValueSpecification","valueRequired":true,"valueName":"search_term_string"}}],"inLanguage":"en-US"},{"@type":"Organization","@id":"https:\/\/fit360.ee\/en\/#organization","name":"Fit360","url":"https:\/\/fit360.ee\/en\/","logo":{"@type":"ImageObject","inLanguage":"en-US","@id":"https:\/\/fit360.ee\/en\/#\/schema\/logo\/image\/","url":"https:\/\/fit360.ee\/wp-content\/uploads\/2017\/01\/logo-fit360.png","contentUrl":"https:\/\/fit360.ee\/wp-content\/uploads\/2017\/01\/logo-fit360.png","width":180,"height":66,"caption":"Fit360"},"image":{"@id":"https:\/\/fit360.ee\/en\/#\/schema\/logo\/image\/"}}]}},"_links":{"self":[{"href":"https:\/\/fit360.ee\/en\/wp-json\/wp\/v2\/product\/9657","targetHints":{"allow":["GET"]}}],"collection":[{"href":"https:\/\/fit360.ee\/en\/wp-json\/wp\/v2\/product"}],"about":[{"href":"https:\/\/fit360.ee\/en\/wp-json\/wp\/v2\/types\/product"}],"replies":[{"embeddable":true,"href":"https:\/\/fit360.ee\/en\/wp-json\/wp\/v2\/comments?post=9657"}],"wp:featuredmedia":[{"embeddable":true,"href":"https:\/\/fit360.ee\/en\/wp-json\/wp\/v2\/media\/68361"}],"wp:attachment":[{"href":"https:\/\/fit360.ee\/en\/wp-json\/wp\/v2\/media?parent=9657"}],"wp:term":[{"taxonomy":"product_brand","embeddable":true,"href":"https:\/\/fit360.ee\/en\/wp-json\/wp\/v2\/product_brand?post=9657"},{"taxonomy":"product_cat","embeddable":true,"href":"https:\/\/fit360.ee\/en\/wp-json\/wp\/v2\/product_cat?post=9657"},{"taxonomy":"product_tag","embeddable":true,"href":"https:\/\/fit360.ee\/en\/wp-json\/wp\/v2\/product_tag?post=9657"},{"taxonomy":"giftcard-category","embeddable":true,"href":"https:\/\/fit360.ee\/en\/wp-json\/wp\/v2\/giftcard-category?post=9657"}],"curies":[{"name":"wp","href":"https:\/\/api.w.org\/{rel}","templated":true}]}}