{"id":9709,"date":"2016-07-04T22:03:15","date_gmt":"2016-07-04T20:03:15","guid":{"rendered":"https:\/\/fit360.ee\/shop\/maaratlemata\/ekspanderkumm-resistance-loop-band\/"},"modified":"2026-04-11T10:27:02","modified_gmt":"2026-04-11T08:27:02","slug":"resistance-loop-band","status":"publish","type":"product","link":"https:\/\/fit360.ee\/en\/pood\/training-equipment-en\/expander-rubbers-en\/resistance-loop-band\/","title":{"rendered":"Ekspanderkumm Insonder Sports Exercise Resistance Loop Bands (4tk)"},"content":{"rendered":"<h2 class=\"cm__heading\"><strong>Training Bands 4 pcs + bag<\/strong><\/h2>\n<p class=\"cm__text --bold\">Neljast OstroVit treeningkummist koosnev komplekt on toode, mis leiab laias valikus rakendusi erinevate kehalise aktiivsuse vormide puhul.\u00a0Vastupidavad kummid suudavad vastata k\u00f5ige n\u00f5udlikumate klientide ootustele, kes otsustavad neid kasutada j\u00f5utreeninguteks, taastusraviks v\u00f5i soojenduseks.\u00a0Need on suurep\u00e4rane viis vastupidavuse suurendamiseks traditsioonilise treeningu ajal.\u00a0Komplekti kuulub kott.<\/p>\n<div class=\"cm__image --image --loaded\">\n<p><a href=\"https:\/\/fit360.ee\/wp-content\/uploads\/2016\/07\/training-bands-fit360.ee-1-800x312.jpg\"><img loading=\"lazy\" decoding=\"async\" class=\"size-medium wp-image-70632\" src=\"https:\/\/fit360.ee\/wp-content\/uploads\/2016\/07\/training-bands-fit360.ee-1-800x312.jpg\" alt=\"training bands - fit360.ee\" width=\"800\" height=\"312\" srcset=\"https:\/\/fit360.ee\/wp-content\/uploads\/2016\/07\/training-bands-fit360.ee-1-800x312.jpg 800w, https:\/\/fit360.ee\/wp-content\/uploads\/2016\/07\/training-bands-fit360.ee-1-510x199.jpg 510w, https:\/\/fit360.ee\/wp-content\/uploads\/2016\/07\/training-bands-fit360.ee-1-768x300.jpg 768w, https:\/\/fit360.ee\/wp-content\/uploads\/2016\/07\/training-bands-fit360.ee-1.jpg 922w\" sizes=\"auto, (max-width: 800px) 100vw, 800px\" \/><\/a><\/p>\n<h2 class=\"cm__heading\">Komplekt koosneb neljast treeningkummist:<\/h2>\n<ul class=\"cm__list\">\n<li>Heleroheline kumm<\/li>\n<li>Keskmine punane kumm<\/li>\n<li>Raske sinine kumm<\/li>\n<li>X-Heavy must kumm<\/li>\n<\/ul>\n<h2 class=\"cm__heading\">Treeningkummide tehnilised andmed:<\/h2>\n<ul class=\"cm__list\">\n<li>Laius: 5 cm<\/li>\n<li>\u00dcmberm\u00f5\u00f5t: 62 cm<\/li>\n<li>Paksus: 0,5 mm (roheline), 0,7 mm (punane), 0,9 mm (sinine), 1,1 mm (must)<\/li>\n<li>Vastupidavus: 1-5 kg \u200b\u200b(roheline), 5-10 kg (punane), 10-15 kg (sinine), 15-20 kg (must)<\/li>\n<\/ul>\n<p>Vaata ka meie teisi Treeningkumme <a href=\"https:\/\/fit360.ee\/en\/product-category\/training-equipment-en\/expander-rubbers-en\/\"><strong>SIIT<\/strong><\/a>!<\/p>\n<\/div>\n<p>Soovid teha suuremat tellimust? Vaata antud toodet meie HULGI lehelt\u00a0<a href=\"https:\/\/toidulisandidhulgi.ee\/product\/ekspanderkumm-st\u2026e-loop-bands-4tk\/\"><strong>SIIT<\/strong><\/a>!<\/p>\n","protected":false},"excerpt":{"rendered":"<p>Neljast OstroVit treeningkummist koosnev komplekt on toode, mis leiab laias valikus rakendusi erinevate kehalise aktiivsuse vormide puhul.\u00a0Vastupidavad kummid suudavad vastata k\u00f5ige n\u00f5udlikumate klientide ootustele, kes otsustavad neid kasutada j\u00f5utreeninguteks, taastusraviks v\u00f5i soojenduseks.\u00a0Need on suurep\u00e4rane viis vastupidavuse suurendamiseks traditsioonilise treeningu ajal.\u00a0Komplekti kuulub kott.<\/p>\n<p><b>Komplektis on neli kummi (n\u00f5rgemast k\u00f5ige tugevamani):<\/b><\/p>\n<p>Roheline (light), sinine (medium), punane (heavy), must (x-heavy).<\/p>\n","protected":false},"featured_media":70635,"comment_status":"open","ping_status":"closed","template":"","meta":[],"product_brand":[],"product_cat":[539],"product_tag":[1924,4362],"giftcard-category":[],"class_list":{"0":"post-9709","1":"product","2":"type-product","3":"status-publish","4":"has-post-thumbnail","6":"product_cat-expander-rubbers-en","7":"product_tag-ostrovit-en","8":"product_tag-training-band-en","9":"pa_varustus-expanders","11":"first","12":"instock","13":"sale","14":"taxable","15":"shipping-taxable","16":"purchasable","17":"product-type-simple"},"yoast_head":"<!-- This site is optimized with the Yoast SEO plugin v27.3 - https:\/\/yoast.com\/product\/yoast-seo-wordpress\/ -->\n<title>Ekspanderkumm Insonder Sports Exercise Resistance Loop Bands (4tk) - Treeningkumm - Fit360<\/title>\n<meta name=\"description\" content=\"Training Bands Vastupidavad kummid suudavad vastata k\u00f5ige n\u00f5udlikumate klientide ootustele, kes otsustavad neid kasutada j\u00f5utreeninguteks, taastusraviks ...\" \/>\n<meta name=\"robots\" content=\"index, follow, max-snippet:-1, max-image-preview:large, max-video-preview:-1\" \/>\n<link rel=\"canonical\" href=\"https:\/\/fit360.ee\/en\/pood\/training-equipment-en\/expander-rubbers-en\/resistance-loop-band\/\" \/>\n<meta property=\"og:locale\" content=\"en_US\" \/>\n<meta property=\"og:type\" content=\"article\" \/>\n<meta property=\"og:title\" content=\"Ekspanderkumm Insonder Sports Exercise Resistance Loop Bands (4tk) - Treeningkumm - Fit360\" \/>\n<meta property=\"og:description\" content=\"Training Bands Vastupidavad kummid suudavad vastata k\u00f5ige n\u00f5udlikumate klientide ootustele, kes otsustavad neid kasutada j\u00f5utreeninguteks, taastusraviks ...\" \/>\n<meta property=\"og:url\" content=\"https:\/\/fit360.ee\/en\/pood\/training-equipment-en\/expander-rubbers-en\/resistance-loop-band\/\" \/>\n<meta property=\"og:site_name\" content=\"Fit360\" \/>\n<meta property=\"article:modified_time\" content=\"2026-04-11T08:27:02+00:00\" \/>\n<meta property=\"og:image\" content=\"https:\/\/fit360.ee\/wp-content\/uploads\/2016\/07\/training-bands-ostrovit-fit360.ee-1.png\" \/>\n\t<meta property=\"og:image:width\" content=\"450\" \/>\n\t<meta property=\"og:image:height\" content=\"450\" \/>\n\t<meta property=\"og:image:type\" content=\"image\/png\" \/>\n<meta name=\"twitter:card\" content=\"summary_large_image\" \/>\n<meta name=\"twitter:label1\" content=\"Est. reading time\" \/>\n\t<meta name=\"twitter:data1\" content=\"1 minute\" \/>\n<script type=\"application\/ld+json\" class=\"yoast-schema-graph\">{\"@context\":\"https:\\\/\\\/schema.org\",\"@graph\":[{\"@type\":\"WebPage\",\"@id\":\"https:\\\/\\\/fit360.ee\\\/en\\\/pood\\\/training-equipment-en\\\/expander-rubbers-en\\\/resistance-loop-band\\\/\",\"url\":\"https:\\\/\\\/fit360.ee\\\/en\\\/pood\\\/training-equipment-en\\\/expander-rubbers-en\\\/resistance-loop-band\\\/\",\"name\":\"Ekspanderkumm Insonder Sports Exercise Resistance Loop Bands (4tk) - Treeningkumm - Fit360\",\"isPartOf\":{\"@id\":\"https:\\\/\\\/fit360.ee\\\/en\\\/#website\"},\"primaryImageOfPage\":{\"@id\":\"https:\\\/\\\/fit360.ee\\\/en\\\/pood\\\/training-equipment-en\\\/expander-rubbers-en\\\/resistance-loop-band\\\/#primaryimage\"},\"image\":{\"@id\":\"https:\\\/\\\/fit360.ee\\\/en\\\/pood\\\/training-equipment-en\\\/expander-rubbers-en\\\/resistance-loop-band\\\/#primaryimage\"},\"thumbnailUrl\":\"https:\\\/\\\/fit360.ee\\\/wp-content\\\/uploads\\\/2016\\\/07\\\/training-bands-ostrovit-fit360.ee-1.png\",\"datePublished\":\"2016-07-04T20:03:15+00:00\",\"dateModified\":\"2026-04-11T08:27:02+00:00\",\"description\":\"Training Bands Vastupidavad kummid suudavad vastata k\u00f5ige n\u00f5udlikumate klientide ootustele, kes otsustavad neid kasutada j\u00f5utreeninguteks, taastusraviks ...\",\"breadcrumb\":{\"@id\":\"https:\\\/\\\/fit360.ee\\\/en\\\/pood\\\/training-equipment-en\\\/expander-rubbers-en\\\/resistance-loop-band\\\/#breadcrumb\"},\"inLanguage\":\"en-US\",\"potentialAction\":[{\"@type\":\"ReadAction\",\"target\":[\"https:\\\/\\\/fit360.ee\\\/en\\\/pood\\\/training-equipment-en\\\/expander-rubbers-en\\\/resistance-loop-band\\\/\"]}]},{\"@type\":\"ImageObject\",\"inLanguage\":\"en-US\",\"@id\":\"https:\\\/\\\/fit360.ee\\\/en\\\/pood\\\/training-equipment-en\\\/expander-rubbers-en\\\/resistance-loop-band\\\/#primaryimage\",\"url\":\"https:\\\/\\\/fit360.ee\\\/wp-content\\\/uploads\\\/2016\\\/07\\\/training-bands-ostrovit-fit360.ee-1.png\",\"contentUrl\":\"https:\\\/\\\/fit360.ee\\\/wp-content\\\/uploads\\\/2016\\\/07\\\/training-bands-ostrovit-fit360.ee-1.png\",\"width\":450,\"height\":450,\"caption\":\"training bands ostrovit - fit360.ee\"},{\"@type\":\"BreadcrumbList\",\"@id\":\"https:\\\/\\\/fit360.ee\\\/en\\\/pood\\\/training-equipment-en\\\/expander-rubbers-en\\\/resistance-loop-band\\\/#breadcrumb\",\"itemListElement\":[{\"@type\":\"ListItem\",\"position\":1,\"name\":\"Home\",\"item\":\"https:\\\/\\\/fit360.ee\\\/en\\\/\"},{\"@type\":\"ListItem\",\"position\":2,\"name\":\"Shop\",\"item\":\"https:\\\/\\\/fit360.ee\\\/en\\\/shop\\\/\"},{\"@type\":\"ListItem\",\"position\":3,\"name\":\"Ekspanderkumm Insonder Sports Exercise Resistance Loop Bands (4tk)\"}]},{\"@type\":\"WebSite\",\"@id\":\"https:\\\/\\\/fit360.ee\\\/en\\\/#website\",\"url\":\"https:\\\/\\\/fit360.ee\\\/en\\\/\",\"name\":\"Fit360\",\"description\":\"\",\"publisher\":{\"@id\":\"https:\\\/\\\/fit360.ee\\\/en\\\/#organization\"},\"potentialAction\":[{\"@type\":\"SearchAction\",\"target\":{\"@type\":\"EntryPoint\",\"urlTemplate\":\"https:\\\/\\\/fit360.ee\\\/en\\\/?s={search_term_string}\"},\"query-input\":{\"@type\":\"PropertyValueSpecification\",\"valueRequired\":true,\"valueName\":\"search_term_string\"}}],\"inLanguage\":\"en-US\"},{\"@type\":\"Organization\",\"@id\":\"https:\\\/\\\/fit360.ee\\\/en\\\/#organization\",\"name\":\"Fit360\",\"url\":\"https:\\\/\\\/fit360.ee\\\/en\\\/\",\"logo\":{\"@type\":\"ImageObject\",\"inLanguage\":\"en-US\",\"@id\":\"https:\\\/\\\/fit360.ee\\\/en\\\/#\\\/schema\\\/logo\\\/image\\\/\",\"url\":\"https:\\\/\\\/fit360.ee\\\/wp-content\\\/uploads\\\/2017\\\/01\\\/logo-fit360.png\",\"contentUrl\":\"https:\\\/\\\/fit360.ee\\\/wp-content\\\/uploads\\\/2017\\\/01\\\/logo-fit360.png\",\"width\":180,\"height\":66,\"caption\":\"Fit360\"},\"image\":{\"@id\":\"https:\\\/\\\/fit360.ee\\\/en\\\/#\\\/schema\\\/logo\\\/image\\\/\"}}]}<\/script>\n<!-- \/ Yoast SEO plugin. -->","yoast_head_json":{"title":"Ekspanderkumm Insonder Sports Exercise Resistance Loop Bands (4tk) - Treeningkumm - Fit360","description":"Training Bands Vastupidavad kummid suudavad vastata k\u00f5ige n\u00f5udlikumate klientide ootustele, kes otsustavad neid kasutada j\u00f5utreeninguteks, taastusraviks ...","robots":{"index":"index","follow":"follow","max-snippet":"max-snippet:-1","max-image-preview":"max-image-preview:large","max-video-preview":"max-video-preview:-1"},"canonical":"https:\/\/fit360.ee\/en\/pood\/training-equipment-en\/expander-rubbers-en\/resistance-loop-band\/","og_locale":"en_US","og_type":"article","og_title":"Ekspanderkumm Insonder Sports Exercise Resistance Loop Bands (4tk) - Treeningkumm - Fit360","og_description":"Training Bands Vastupidavad kummid suudavad vastata k\u00f5ige n\u00f5udlikumate klientide ootustele, kes otsustavad neid kasutada j\u00f5utreeninguteks, taastusraviks ...","og_url":"https:\/\/fit360.ee\/en\/pood\/training-equipment-en\/expander-rubbers-en\/resistance-loop-band\/","og_site_name":"Fit360","article_modified_time":"2026-04-11T08:27:02+00:00","og_image":[{"width":450,"height":450,"url":"https:\/\/fit360.ee\/wp-content\/uploads\/2016\/07\/training-bands-ostrovit-fit360.ee-1.png","type":"image\/png"}],"twitter_card":"summary_large_image","twitter_misc":{"Est. reading time":"1 minute"},"schema":{"@context":"https:\/\/schema.org","@graph":[{"@type":"WebPage","@id":"https:\/\/fit360.ee\/en\/pood\/training-equipment-en\/expander-rubbers-en\/resistance-loop-band\/","url":"https:\/\/fit360.ee\/en\/pood\/training-equipment-en\/expander-rubbers-en\/resistance-loop-band\/","name":"Ekspanderkumm Insonder Sports Exercise Resistance Loop Bands (4tk) - Treeningkumm - Fit360","isPartOf":{"@id":"https:\/\/fit360.ee\/en\/#website"},"primaryImageOfPage":{"@id":"https:\/\/fit360.ee\/en\/pood\/training-equipment-en\/expander-rubbers-en\/resistance-loop-band\/#primaryimage"},"image":{"@id":"https:\/\/fit360.ee\/en\/pood\/training-equipment-en\/expander-rubbers-en\/resistance-loop-band\/#primaryimage"},"thumbnailUrl":"https:\/\/fit360.ee\/wp-content\/uploads\/2016\/07\/training-bands-ostrovit-fit360.ee-1.png","datePublished":"2016-07-04T20:03:15+00:00","dateModified":"2026-04-11T08:27:02+00:00","description":"Training Bands Vastupidavad kummid suudavad vastata k\u00f5ige n\u00f5udlikumate klientide ootustele, kes otsustavad neid kasutada j\u00f5utreeninguteks, taastusraviks ...","breadcrumb":{"@id":"https:\/\/fit360.ee\/en\/pood\/training-equipment-en\/expander-rubbers-en\/resistance-loop-band\/#breadcrumb"},"inLanguage":"en-US","potentialAction":[{"@type":"ReadAction","target":["https:\/\/fit360.ee\/en\/pood\/training-equipment-en\/expander-rubbers-en\/resistance-loop-band\/"]}]},{"@type":"ImageObject","inLanguage":"en-US","@id":"https:\/\/fit360.ee\/en\/pood\/training-equipment-en\/expander-rubbers-en\/resistance-loop-band\/#primaryimage","url":"https:\/\/fit360.ee\/wp-content\/uploads\/2016\/07\/training-bands-ostrovit-fit360.ee-1.png","contentUrl":"https:\/\/fit360.ee\/wp-content\/uploads\/2016\/07\/training-bands-ostrovit-fit360.ee-1.png","width":450,"height":450,"caption":"training bands ostrovit - fit360.ee"},{"@type":"BreadcrumbList","@id":"https:\/\/fit360.ee\/en\/pood\/training-equipment-en\/expander-rubbers-en\/resistance-loop-band\/#breadcrumb","itemListElement":[{"@type":"ListItem","position":1,"name":"Home","item":"https:\/\/fit360.ee\/en\/"},{"@type":"ListItem","position":2,"name":"Shop","item":"https:\/\/fit360.ee\/en\/shop\/"},{"@type":"ListItem","position":3,"name":"Ekspanderkumm Insonder Sports Exercise Resistance Loop Bands (4tk)"}]},{"@type":"WebSite","@id":"https:\/\/fit360.ee\/en\/#website","url":"https:\/\/fit360.ee\/en\/","name":"Fit360","description":"","publisher":{"@id":"https:\/\/fit360.ee\/en\/#organization"},"potentialAction":[{"@type":"SearchAction","target":{"@type":"EntryPoint","urlTemplate":"https:\/\/fit360.ee\/en\/?s={search_term_string}"},"query-input":{"@type":"PropertyValueSpecification","valueRequired":true,"valueName":"search_term_string"}}],"inLanguage":"en-US"},{"@type":"Organization","@id":"https:\/\/fit360.ee\/en\/#organization","name":"Fit360","url":"https:\/\/fit360.ee\/en\/","logo":{"@type":"ImageObject","inLanguage":"en-US","@id":"https:\/\/fit360.ee\/en\/#\/schema\/logo\/image\/","url":"https:\/\/fit360.ee\/wp-content\/uploads\/2017\/01\/logo-fit360.png","contentUrl":"https:\/\/fit360.ee\/wp-content\/uploads\/2017\/01\/logo-fit360.png","width":180,"height":66,"caption":"Fit360"},"image":{"@id":"https:\/\/fit360.ee\/en\/#\/schema\/logo\/image\/"}}]}},"_links":{"self":[{"href":"https:\/\/fit360.ee\/en\/wp-json\/wp\/v2\/product\/9709","targetHints":{"allow":["GET"]}}],"collection":[{"href":"https:\/\/fit360.ee\/en\/wp-json\/wp\/v2\/product"}],"about":[{"href":"https:\/\/fit360.ee\/en\/wp-json\/wp\/v2\/types\/product"}],"replies":[{"embeddable":true,"href":"https:\/\/fit360.ee\/en\/wp-json\/wp\/v2\/comments?post=9709"}],"wp:featuredmedia":[{"embeddable":true,"href":"https:\/\/fit360.ee\/en\/wp-json\/wp\/v2\/media\/70635"}],"wp:attachment":[{"href":"https:\/\/fit360.ee\/en\/wp-json\/wp\/v2\/media?parent=9709"}],"wp:term":[{"taxonomy":"product_brand","embeddable":true,"href":"https:\/\/fit360.ee\/en\/wp-json\/wp\/v2\/product_brand?post=9709"},{"taxonomy":"product_cat","embeddable":true,"href":"https:\/\/fit360.ee\/en\/wp-json\/wp\/v2\/product_cat?post=9709"},{"taxonomy":"product_tag","embeddable":true,"href":"https:\/\/fit360.ee\/en\/wp-json\/wp\/v2\/product_tag?post=9709"},{"taxonomy":"giftcard-category","embeddable":true,"href":"https:\/\/fit360.ee\/en\/wp-json\/wp\/v2\/giftcard-category?post=9709"}],"curies":[{"name":"wp","href":"https:\/\/api.w.org\/{rel}","templated":true}]}}