{"id":9721,"date":"2016-07-04T19:02:35","date_gmt":"2016-07-04T17:02:35","guid":{"rendered":"https:\/\/fit360.ee\/shop\/maaratlemata\/elbow-sleeves\/"},"modified":"2022-09-17T11:43:27","modified_gmt":"2022-09-17T09:43:27","slug":"elbow-sleeves","status":"publish","type":"product","link":"https:\/\/fit360.ee\/en\/pood\/training-equipment-en\/elbow-sleeves-en\/elbow-sleeves\/","title":{"rendered":"ELBOW SLEEVES"},"content":{"rendered":"","protected":false},"excerpt":{"rendered":"<p><strong>GASP POWER ELBOW SLEEVES<\/strong> kaitsevad ja hoiavad soojas Sinu k\u00fc\u00fcnarnuki liigesed k\u00f5ige raskemate t\u00f5stete ajal. Vastupidavast, kahekihilisest elastsest materjalist k\u00e4ised k\u00e4ivad kergesti peale ja tagavad parema vereringe kui tavalised treeningsidemed. <strong>MATERJAL<\/strong>: 75% pol\u00fcester, 25% elastaan <strong>V\u00c4RVUS<\/strong>: Must\/Oran\u017e <strong>SUURUS<\/strong>: M-XXL <strong>NB!\u00a0<\/strong>Soovid tellida teistsugust mudelit, suurust v\u00f5i v\u00e4rvi? V\u00f5tame vastu <strong>BETTER BODIES\u00a0<\/strong>ja\u00a0<strong>GASP<\/strong> treeningr\u00f5ivaste ning aksessuaaride tellimusi. Tellimine toimub 2 korda kuus. Soovi korral kirjuta: <strong>info@fit360.ee<\/strong><\/p>\n","protected":false},"featured_media":7514,"comment_status":"open","ping_status":"closed","template":"","meta":[],"product_brand":[],"product_cat":[544],"product_tag":[],"giftcard-category":[],"class_list":{"0":"post-9721","1":"product","2":"type-product","3":"status-publish","4":"has-post-thumbnail","6":"product_cat-elbow-sleeves-en","7":"pa_suurus-l","8":"pa_suurus-m","9":"pa_suurus-xl","10":"pa_suurus-xxl","11":"pa_varvus-black-orange","13":"first","14":"instock","15":"taxable","16":"shipping-taxable","17":"purchasable","18":"product-type-variable"},"yoast_head":"<!-- This site is optimized with the Yoast SEO plugin v27.3 - https:\/\/yoast.com\/product\/yoast-seo-wordpress\/ -->\n<title>ELBOW SLEEVES - Fit360<\/title>\n<meta name=\"robots\" content=\"index, follow, max-snippet:-1, max-image-preview:large, max-video-preview:-1\" \/>\n<link rel=\"canonical\" href=\"https:\/\/fit360.ee\/en\/pood\/training-equipment-en\/elbow-sleeves-en\/elbow-sleeves\/\" \/>\n<meta property=\"og:locale\" content=\"en_US\" \/>\n<meta property=\"og:type\" content=\"article\" \/>\n<meta property=\"og:title\" content=\"ELBOW SLEEVES - Fit360\" \/>\n<meta property=\"og:description\" content=\"GASP POWER ELBOW SLEEVES kaitsevad ja hoiavad soojas Sinu k\u00fc\u00fcnarnuki liigesed k\u00f5ige raskemate t\u00f5stete ajal. Vastupidavast, kahekihilisest elastsest materjalist k\u00e4ised k\u00e4ivad kergesti peale ja tagavad parema vereringe kui tavalised treeningsidemed. MATERJAL: 75% pol\u00fcester, 25% elastaan V\u00c4RVUS: Must\/Oran\u017e SUURUS: M-XXL NB!\u00a0Soovid tellida teistsugust mudelit, suurust v\u00f5i v\u00e4rvi? V\u00f5tame vastu BETTER BODIES\u00a0ja\u00a0GASP treeningr\u00f5ivaste ning aksessuaaride tellimusi. Tellimine toimub 2 korda kuus. Soovi korral kirjuta: info@fit360.ee\" \/>\n<meta property=\"og:url\" content=\"https:\/\/fit360.ee\/en\/pood\/training-equipment-en\/elbow-sleeves-en\/elbow-sleeves\/\" \/>\n<meta property=\"og:site_name\" content=\"Fit360\" \/>\n<meta property=\"article:modified_time\" content=\"2022-09-17T09:43:27+00:00\" \/>\n<meta property=\"og:image\" content=\"https:\/\/fit360.ee\/wp-content\/uploads\/2016\/07\/elbow-sleeves.jpg\" \/>\n\t<meta property=\"og:image:width\" content=\"560\" \/>\n\t<meta property=\"og:image:height\" content=\"560\" \/>\n\t<meta property=\"og:image:type\" content=\"image\/jpeg\" \/>\n<meta name=\"twitter:card\" content=\"summary_large_image\" \/>\n<script type=\"application\/ld+json\" class=\"yoast-schema-graph\">{\"@context\":\"https:\\\/\\\/schema.org\",\"@graph\":[{\"@type\":\"WebPage\",\"@id\":\"https:\\\/\\\/fit360.ee\\\/en\\\/pood\\\/training-equipment-en\\\/elbow-sleeves-en\\\/elbow-sleeves\\\/\",\"url\":\"https:\\\/\\\/fit360.ee\\\/en\\\/pood\\\/training-equipment-en\\\/elbow-sleeves-en\\\/elbow-sleeves\\\/\",\"name\":\"ELBOW SLEEVES - Fit360\",\"isPartOf\":{\"@id\":\"https:\\\/\\\/fit360.ee\\\/en\\\/#website\"},\"primaryImageOfPage\":{\"@id\":\"https:\\\/\\\/fit360.ee\\\/en\\\/pood\\\/training-equipment-en\\\/elbow-sleeves-en\\\/elbow-sleeves\\\/#primaryimage\"},\"image\":{\"@id\":\"https:\\\/\\\/fit360.ee\\\/en\\\/pood\\\/training-equipment-en\\\/elbow-sleeves-en\\\/elbow-sleeves\\\/#primaryimage\"},\"thumbnailUrl\":\"https:\\\/\\\/fit360.ee\\\/wp-content\\\/uploads\\\/2016\\\/07\\\/elbow-sleeves.jpg\",\"datePublished\":\"2016-07-04T17:02:35+00:00\",\"dateModified\":\"2022-09-17T09:43:27+00:00\",\"breadcrumb\":{\"@id\":\"https:\\\/\\\/fit360.ee\\\/en\\\/pood\\\/training-equipment-en\\\/elbow-sleeves-en\\\/elbow-sleeves\\\/#breadcrumb\"},\"inLanguage\":\"en-US\",\"potentialAction\":[{\"@type\":\"ReadAction\",\"target\":[\"https:\\\/\\\/fit360.ee\\\/en\\\/pood\\\/training-equipment-en\\\/elbow-sleeves-en\\\/elbow-sleeves\\\/\"]}]},{\"@type\":\"ImageObject\",\"inLanguage\":\"en-US\",\"@id\":\"https:\\\/\\\/fit360.ee\\\/en\\\/pood\\\/training-equipment-en\\\/elbow-sleeves-en\\\/elbow-sleeves\\\/#primaryimage\",\"url\":\"https:\\\/\\\/fit360.ee\\\/wp-content\\\/uploads\\\/2016\\\/07\\\/elbow-sleeves.jpg\",\"contentUrl\":\"https:\\\/\\\/fit360.ee\\\/wp-content\\\/uploads\\\/2016\\\/07\\\/elbow-sleeves.jpg\",\"width\":560,\"height\":560},{\"@type\":\"BreadcrumbList\",\"@id\":\"https:\\\/\\\/fit360.ee\\\/en\\\/pood\\\/training-equipment-en\\\/elbow-sleeves-en\\\/elbow-sleeves\\\/#breadcrumb\",\"itemListElement\":[{\"@type\":\"ListItem\",\"position\":1,\"name\":\"Home\",\"item\":\"https:\\\/\\\/fit360.ee\\\/en\\\/\"},{\"@type\":\"ListItem\",\"position\":2,\"name\":\"Shop\",\"item\":\"https:\\\/\\\/fit360.ee\\\/en\\\/shop\\\/\"},{\"@type\":\"ListItem\",\"position\":3,\"name\":\"ELBOW SLEEVES\"}]},{\"@type\":\"WebSite\",\"@id\":\"https:\\\/\\\/fit360.ee\\\/en\\\/#website\",\"url\":\"https:\\\/\\\/fit360.ee\\\/en\\\/\",\"name\":\"Fit360\",\"description\":\"\",\"publisher\":{\"@id\":\"https:\\\/\\\/fit360.ee\\\/en\\\/#organization\"},\"potentialAction\":[{\"@type\":\"SearchAction\",\"target\":{\"@type\":\"EntryPoint\",\"urlTemplate\":\"https:\\\/\\\/fit360.ee\\\/en\\\/?s={search_term_string}\"},\"query-input\":{\"@type\":\"PropertyValueSpecification\",\"valueRequired\":true,\"valueName\":\"search_term_string\"}}],\"inLanguage\":\"en-US\"},{\"@type\":\"Organization\",\"@id\":\"https:\\\/\\\/fit360.ee\\\/en\\\/#organization\",\"name\":\"Fit360\",\"url\":\"https:\\\/\\\/fit360.ee\\\/en\\\/\",\"logo\":{\"@type\":\"ImageObject\",\"inLanguage\":\"en-US\",\"@id\":\"https:\\\/\\\/fit360.ee\\\/en\\\/#\\\/schema\\\/logo\\\/image\\\/\",\"url\":\"https:\\\/\\\/fit360.ee\\\/wp-content\\\/uploads\\\/2017\\\/01\\\/logo-fit360.png\",\"contentUrl\":\"https:\\\/\\\/fit360.ee\\\/wp-content\\\/uploads\\\/2017\\\/01\\\/logo-fit360.png\",\"width\":180,\"height\":66,\"caption\":\"Fit360\"},\"image\":{\"@id\":\"https:\\\/\\\/fit360.ee\\\/en\\\/#\\\/schema\\\/logo\\\/image\\\/\"}}]}<\/script>\n<!-- \/ Yoast SEO plugin. -->","yoast_head_json":{"title":"ELBOW SLEEVES - Fit360","robots":{"index":"index","follow":"follow","max-snippet":"max-snippet:-1","max-image-preview":"max-image-preview:large","max-video-preview":"max-video-preview:-1"},"canonical":"https:\/\/fit360.ee\/en\/pood\/training-equipment-en\/elbow-sleeves-en\/elbow-sleeves\/","og_locale":"en_US","og_type":"article","og_title":"ELBOW SLEEVES - Fit360","og_description":"GASP POWER ELBOW SLEEVES kaitsevad ja hoiavad soojas Sinu k\u00fc\u00fcnarnuki liigesed k\u00f5ige raskemate t\u00f5stete ajal. Vastupidavast, kahekihilisest elastsest materjalist k\u00e4ised k\u00e4ivad kergesti peale ja tagavad parema vereringe kui tavalised treeningsidemed. MATERJAL: 75% pol\u00fcester, 25% elastaan V\u00c4RVUS: Must\/Oran\u017e SUURUS: M-XXL NB!\u00a0Soovid tellida teistsugust mudelit, suurust v\u00f5i v\u00e4rvi? V\u00f5tame vastu BETTER BODIES\u00a0ja\u00a0GASP treeningr\u00f5ivaste ning aksessuaaride tellimusi. Tellimine toimub 2 korda kuus. Soovi korral kirjuta: info@fit360.ee","og_url":"https:\/\/fit360.ee\/en\/pood\/training-equipment-en\/elbow-sleeves-en\/elbow-sleeves\/","og_site_name":"Fit360","article_modified_time":"2022-09-17T09:43:27+00:00","og_image":[{"width":560,"height":560,"url":"https:\/\/fit360.ee\/wp-content\/uploads\/2016\/07\/elbow-sleeves.jpg","type":"image\/jpeg"}],"twitter_card":"summary_large_image","schema":{"@context":"https:\/\/schema.org","@graph":[{"@type":"WebPage","@id":"https:\/\/fit360.ee\/en\/pood\/training-equipment-en\/elbow-sleeves-en\/elbow-sleeves\/","url":"https:\/\/fit360.ee\/en\/pood\/training-equipment-en\/elbow-sleeves-en\/elbow-sleeves\/","name":"ELBOW SLEEVES - Fit360","isPartOf":{"@id":"https:\/\/fit360.ee\/en\/#website"},"primaryImageOfPage":{"@id":"https:\/\/fit360.ee\/en\/pood\/training-equipment-en\/elbow-sleeves-en\/elbow-sleeves\/#primaryimage"},"image":{"@id":"https:\/\/fit360.ee\/en\/pood\/training-equipment-en\/elbow-sleeves-en\/elbow-sleeves\/#primaryimage"},"thumbnailUrl":"https:\/\/fit360.ee\/wp-content\/uploads\/2016\/07\/elbow-sleeves.jpg","datePublished":"2016-07-04T17:02:35+00:00","dateModified":"2022-09-17T09:43:27+00:00","breadcrumb":{"@id":"https:\/\/fit360.ee\/en\/pood\/training-equipment-en\/elbow-sleeves-en\/elbow-sleeves\/#breadcrumb"},"inLanguage":"en-US","potentialAction":[{"@type":"ReadAction","target":["https:\/\/fit360.ee\/en\/pood\/training-equipment-en\/elbow-sleeves-en\/elbow-sleeves\/"]}]},{"@type":"ImageObject","inLanguage":"en-US","@id":"https:\/\/fit360.ee\/en\/pood\/training-equipment-en\/elbow-sleeves-en\/elbow-sleeves\/#primaryimage","url":"https:\/\/fit360.ee\/wp-content\/uploads\/2016\/07\/elbow-sleeves.jpg","contentUrl":"https:\/\/fit360.ee\/wp-content\/uploads\/2016\/07\/elbow-sleeves.jpg","width":560,"height":560},{"@type":"BreadcrumbList","@id":"https:\/\/fit360.ee\/en\/pood\/training-equipment-en\/elbow-sleeves-en\/elbow-sleeves\/#breadcrumb","itemListElement":[{"@type":"ListItem","position":1,"name":"Home","item":"https:\/\/fit360.ee\/en\/"},{"@type":"ListItem","position":2,"name":"Shop","item":"https:\/\/fit360.ee\/en\/shop\/"},{"@type":"ListItem","position":3,"name":"ELBOW SLEEVES"}]},{"@type":"WebSite","@id":"https:\/\/fit360.ee\/en\/#website","url":"https:\/\/fit360.ee\/en\/","name":"Fit360","description":"","publisher":{"@id":"https:\/\/fit360.ee\/en\/#organization"},"potentialAction":[{"@type":"SearchAction","target":{"@type":"EntryPoint","urlTemplate":"https:\/\/fit360.ee\/en\/?s={search_term_string}"},"query-input":{"@type":"PropertyValueSpecification","valueRequired":true,"valueName":"search_term_string"}}],"inLanguage":"en-US"},{"@type":"Organization","@id":"https:\/\/fit360.ee\/en\/#organization","name":"Fit360","url":"https:\/\/fit360.ee\/en\/","logo":{"@type":"ImageObject","inLanguage":"en-US","@id":"https:\/\/fit360.ee\/en\/#\/schema\/logo\/image\/","url":"https:\/\/fit360.ee\/wp-content\/uploads\/2017\/01\/logo-fit360.png","contentUrl":"https:\/\/fit360.ee\/wp-content\/uploads\/2017\/01\/logo-fit360.png","width":180,"height":66,"caption":"Fit360"},"image":{"@id":"https:\/\/fit360.ee\/en\/#\/schema\/logo\/image\/"}}]}},"_links":{"self":[{"href":"https:\/\/fit360.ee\/en\/wp-json\/wp\/v2\/product\/9721","targetHints":{"allow":["GET"]}}],"collection":[{"href":"https:\/\/fit360.ee\/en\/wp-json\/wp\/v2\/product"}],"about":[{"href":"https:\/\/fit360.ee\/en\/wp-json\/wp\/v2\/types\/product"}],"replies":[{"embeddable":true,"href":"https:\/\/fit360.ee\/en\/wp-json\/wp\/v2\/comments?post=9721"}],"wp:featuredmedia":[{"embeddable":true,"href":"https:\/\/fit360.ee\/en\/wp-json\/wp\/v2\/media\/7514"}],"wp:attachment":[{"href":"https:\/\/fit360.ee\/en\/wp-json\/wp\/v2\/media?parent=9721"}],"wp:term":[{"taxonomy":"product_brand","embeddable":true,"href":"https:\/\/fit360.ee\/en\/wp-json\/wp\/v2\/product_brand?post=9721"},{"taxonomy":"product_cat","embeddable":true,"href":"https:\/\/fit360.ee\/en\/wp-json\/wp\/v2\/product_cat?post=9721"},{"taxonomy":"product_tag","embeddable":true,"href":"https:\/\/fit360.ee\/en\/wp-json\/wp\/v2\/product_tag?post=9721"},{"taxonomy":"giftcard-category","embeddable":true,"href":"https:\/\/fit360.ee\/en\/wp-json\/wp\/v2\/giftcard-category?post=9721"}],"curies":[{"name":"wp","href":"https:\/\/api.w.org\/{rel}","templated":true}]}}