{"id":9726,"date":"2016-07-05T15:16:52","date_gmt":"2016-07-05T13:16:52","guid":{"rendered":"https:\/\/fit360.ee\/shop\/maaratlemata\/knee-wraps\/"},"modified":"2016-07-05T13:16:52","modified_gmt":"2016-07-05T10:16:52","slug":"knee-wraps","status":"publish","type":"product","link":"https:\/\/fit360.ee\/en\/pood\/training-equipment-en\/knee-sleeves-en\/knee-wraps\/","title":{"rendered":"KNEE WRAPS"},"content":{"rendered":"","protected":false},"excerpt":{"rendered":"<p><strong>GASP KNEE WRAPS<\/strong> P\u00f5lvesidemed on eriti tugevad, tagades p\u00f5lvedele suurep\u00e4rase toestuse ja lubades kasutada suuremaid treeningraskuseid. GASP p\u00f5lvesidemed\u00a0 aitavad ennetada vigastusi ja v\u00f5imaldavad efektiivseid jalatreeninguid ka n\u00f5rgemate p\u00f5lvedega inimestele. M\u00f5eldud sportlastele, kes treenivad suurte koormustega. Eriti soovitavad raskete k\u00fckkide ja jalapresside puhul. Aitab toetada p\u00f5lveliigest vigastuste puhul ja ennetada p\u00f5lvevigastusi. <strong>Kuidas siduda korrektselt<\/strong>:Istu toolile v\u00f5i pingile. Alusta side tihedalt rulli keritud.\u00a0Hoides jalga sirgena, hakka sidet kerima \u00fcmber jala, altpool p\u00f5lvi, liikudes \u00fclespoole. Keri seestpoolt v\u00e4ljapoole (vasakul jalal vastup\u00e4eva, paremal jalal p\u00e4rip\u00e4eva- see aitab v\u00e4ltida p\u00f5lvekedra valet asendit). Kinnita sideme alguskoht p\u00f5lve alla, kerides kaks kihti \u00fcksteise peale ja liikudes \u00fclespoole ca poole sideme laiuse jagu(iga uus kiht katab eelmist ca poole laiuse jagu) Kanna side jalale spiraalselt tihedalt ja pingul, liikudes \u00fcle p\u00f5lve. Peatu umbes reie alumisel kolmandikul. T\u00f5mba sideme ots eelmise kihi vahelt l\u00e4bi, et see kinnitada. <strong>SUURUS<\/strong>: \u00dcks suurus <strong>PIKKUS<\/strong>: 2m <strong>MATERJAL<\/strong>: 80% puuvill, 20% elastaan <strong>V\u00c4RVUS<\/strong>: must\/kollane <strong>NB!\u00a0<\/strong>Soovid tellida teistsugust mudelit, suurust v\u00f5i v\u00e4rvi? V\u00f5tame vastu <strong>BETTER BODIES\u00a0<\/strong>ja\u00a0<strong>GASP<\/strong> treeningr\u00f5ivaste ning aksessuaaride tellimusi. Tellimine toimub 2 korda kuus. Soovi korral kirjuta: <strong>info@fit360.ee<\/strong><\/p>\n","protected":false},"featured_media":7971,"comment_status":"open","ping_status":"closed","template":"","meta":[],"product_brand":[],"product_cat":[545],"product_tag":[],"giftcard-category":[],"class_list":{"0":"post-9726","1":"product","2":"type-product","3":"status-publish","4":"has-post-thumbnail","6":"product_cat-knee-sleeves-en","7":"pa_varvus-black-yellow","9":"first","10":"outofstock","11":"taxable","12":"shipping-taxable","13":"purchasable","14":"product-type-variable"},"yoast_head":"<!-- This site is optimized with the Yoast SEO plugin v27.3 - https:\/\/yoast.com\/product\/yoast-seo-wordpress\/ -->\n<title>KNEE WRAPS - Fit360<\/title>\n<meta name=\"robots\" content=\"index, follow, max-snippet:-1, max-image-preview:large, max-video-preview:-1\" \/>\n<link rel=\"canonical\" href=\"https:\/\/fit360.ee\/en\/pood\/training-equipment-en\/knee-sleeves-en\/knee-wraps\/\" \/>\n<meta property=\"og:locale\" content=\"en_US\" \/>\n<meta property=\"og:type\" content=\"article\" \/>\n<meta property=\"og:title\" content=\"KNEE WRAPS - Fit360\" \/>\n<meta property=\"og:description\" content=\"GASP KNEE WRAPS P\u00f5lvesidemed on eriti tugevad, tagades p\u00f5lvedele suurep\u00e4rase toestuse ja lubades kasutada suuremaid treeningraskuseid. GASP p\u00f5lvesidemed\u00a0 aitavad ennetada vigastusi ja v\u00f5imaldavad efektiivseid jalatreeninguid ka n\u00f5rgemate p\u00f5lvedega inimestele. M\u00f5eldud sportlastele, kes treenivad suurte koormustega. Eriti soovitavad raskete k\u00fckkide ja jalapresside puhul. Aitab toetada p\u00f5lveliigest vigastuste puhul ja ennetada p\u00f5lvevigastusi. Kuidas siduda korrektselt:Istu toolile v\u00f5i pingile. Alusta side tihedalt rulli keritud.\u00a0Hoides jalga sirgena, hakka sidet kerima \u00fcmber jala, altpool p\u00f5lvi, liikudes \u00fclespoole. Keri seestpoolt v\u00e4ljapoole (vasakul jalal vastup\u00e4eva, paremal jalal p\u00e4rip\u00e4eva- see aitab v\u00e4ltida p\u00f5lvekedra valet asendit). Kinnita sideme alguskoht p\u00f5lve alla, kerides kaks kihti \u00fcksteise peale ja liikudes \u00fclespoole ca poole sideme laiuse jagu(iga uus kiht katab eelmist ca poole laiuse jagu) Kanna side jalale spiraalselt tihedalt ja pingul, liikudes \u00fcle p\u00f5lve. Peatu umbes reie alumisel kolmandikul. T\u00f5mba sideme ots eelmise kihi vahelt l\u00e4bi, et see kinnitada. SUURUS: \u00dcks suurus PIKKUS: 2m MATERJAL: 80% puuvill, 20% elastaan V\u00c4RVUS: must\/kollane NB!\u00a0Soovid tellida teistsugust mudelit, suurust v\u00f5i v\u00e4rvi? V\u00f5tame vastu BETTER BODIES\u00a0ja\u00a0GASP treeningr\u00f5ivaste ning aksessuaaride tellimusi. Tellimine toimub 2 korda kuus. Soovi korral kirjuta: info@fit360.ee\" \/>\n<meta property=\"og:url\" content=\"https:\/\/fit360.ee\/en\/pood\/training-equipment-en\/knee-sleeves-en\/knee-wraps\/\" \/>\n<meta property=\"og:site_name\" content=\"Fit360\" \/>\n<meta property=\"og:image\" content=\"https:\/\/fit360.ee\/wp-content\/uploads\/2016\/07\/knee-wraps.jpg\" \/>\n\t<meta property=\"og:image:width\" content=\"560\" \/>\n\t<meta property=\"og:image:height\" content=\"560\" \/>\n\t<meta property=\"og:image:type\" content=\"image\/jpeg\" \/>\n<meta name=\"twitter:card\" content=\"summary_large_image\" \/>\n<script type=\"application\/ld+json\" class=\"yoast-schema-graph\">{\"@context\":\"https:\\\/\\\/schema.org\",\"@graph\":[{\"@type\":\"WebPage\",\"@id\":\"https:\\\/\\\/fit360.ee\\\/en\\\/pood\\\/training-equipment-en\\\/knee-sleeves-en\\\/knee-wraps\\\/\",\"url\":\"https:\\\/\\\/fit360.ee\\\/en\\\/pood\\\/training-equipment-en\\\/knee-sleeves-en\\\/knee-wraps\\\/\",\"name\":\"KNEE WRAPS - Fit360\",\"isPartOf\":{\"@id\":\"https:\\\/\\\/fit360.ee\\\/en\\\/#website\"},\"primaryImageOfPage\":{\"@id\":\"https:\\\/\\\/fit360.ee\\\/en\\\/pood\\\/training-equipment-en\\\/knee-sleeves-en\\\/knee-wraps\\\/#primaryimage\"},\"image\":{\"@id\":\"https:\\\/\\\/fit360.ee\\\/en\\\/pood\\\/training-equipment-en\\\/knee-sleeves-en\\\/knee-wraps\\\/#primaryimage\"},\"thumbnailUrl\":\"https:\\\/\\\/fit360.ee\\\/wp-content\\\/uploads\\\/2016\\\/07\\\/knee-wraps.jpg\",\"datePublished\":\"2016-07-05T13:16:52+00:00\",\"breadcrumb\":{\"@id\":\"https:\\\/\\\/fit360.ee\\\/en\\\/pood\\\/training-equipment-en\\\/knee-sleeves-en\\\/knee-wraps\\\/#breadcrumb\"},\"inLanguage\":\"en-US\",\"potentialAction\":[{\"@type\":\"ReadAction\",\"target\":[\"https:\\\/\\\/fit360.ee\\\/en\\\/pood\\\/training-equipment-en\\\/knee-sleeves-en\\\/knee-wraps\\\/\"]}]},{\"@type\":\"ImageObject\",\"inLanguage\":\"en-US\",\"@id\":\"https:\\\/\\\/fit360.ee\\\/en\\\/pood\\\/training-equipment-en\\\/knee-sleeves-en\\\/knee-wraps\\\/#primaryimage\",\"url\":\"https:\\\/\\\/fit360.ee\\\/wp-content\\\/uploads\\\/2016\\\/07\\\/knee-wraps.jpg\",\"contentUrl\":\"https:\\\/\\\/fit360.ee\\\/wp-content\\\/uploads\\\/2016\\\/07\\\/knee-wraps.jpg\",\"width\":560,\"height\":560},{\"@type\":\"BreadcrumbList\",\"@id\":\"https:\\\/\\\/fit360.ee\\\/en\\\/pood\\\/training-equipment-en\\\/knee-sleeves-en\\\/knee-wraps\\\/#breadcrumb\",\"itemListElement\":[{\"@type\":\"ListItem\",\"position\":1,\"name\":\"Home\",\"item\":\"https:\\\/\\\/fit360.ee\\\/en\\\/\"},{\"@type\":\"ListItem\",\"position\":2,\"name\":\"Shop\",\"item\":\"https:\\\/\\\/fit360.ee\\\/en\\\/shop\\\/\"},{\"@type\":\"ListItem\",\"position\":3,\"name\":\"KNEE WRAPS\"}]},{\"@type\":\"WebSite\",\"@id\":\"https:\\\/\\\/fit360.ee\\\/en\\\/#website\",\"url\":\"https:\\\/\\\/fit360.ee\\\/en\\\/\",\"name\":\"Fit360\",\"description\":\"\",\"publisher\":{\"@id\":\"https:\\\/\\\/fit360.ee\\\/en\\\/#organization\"},\"potentialAction\":[{\"@type\":\"SearchAction\",\"target\":{\"@type\":\"EntryPoint\",\"urlTemplate\":\"https:\\\/\\\/fit360.ee\\\/en\\\/?s={search_term_string}\"},\"query-input\":{\"@type\":\"PropertyValueSpecification\",\"valueRequired\":true,\"valueName\":\"search_term_string\"}}],\"inLanguage\":\"en-US\"},{\"@type\":\"Organization\",\"@id\":\"https:\\\/\\\/fit360.ee\\\/en\\\/#organization\",\"name\":\"Fit360\",\"url\":\"https:\\\/\\\/fit360.ee\\\/en\\\/\",\"logo\":{\"@type\":\"ImageObject\",\"inLanguage\":\"en-US\",\"@id\":\"https:\\\/\\\/fit360.ee\\\/en\\\/#\\\/schema\\\/logo\\\/image\\\/\",\"url\":\"https:\\\/\\\/fit360.ee\\\/wp-content\\\/uploads\\\/2017\\\/01\\\/logo-fit360.png\",\"contentUrl\":\"https:\\\/\\\/fit360.ee\\\/wp-content\\\/uploads\\\/2017\\\/01\\\/logo-fit360.png\",\"width\":180,\"height\":66,\"caption\":\"Fit360\"},\"image\":{\"@id\":\"https:\\\/\\\/fit360.ee\\\/en\\\/#\\\/schema\\\/logo\\\/image\\\/\"}}]}<\/script>\n<!-- \/ Yoast SEO plugin. -->","yoast_head_json":{"title":"KNEE WRAPS - Fit360","robots":{"index":"index","follow":"follow","max-snippet":"max-snippet:-1","max-image-preview":"max-image-preview:large","max-video-preview":"max-video-preview:-1"},"canonical":"https:\/\/fit360.ee\/en\/pood\/training-equipment-en\/knee-sleeves-en\/knee-wraps\/","og_locale":"en_US","og_type":"article","og_title":"KNEE WRAPS - Fit360","og_description":"GASP KNEE WRAPS P\u00f5lvesidemed on eriti tugevad, tagades p\u00f5lvedele suurep\u00e4rase toestuse ja lubades kasutada suuremaid treeningraskuseid. GASP p\u00f5lvesidemed\u00a0 aitavad ennetada vigastusi ja v\u00f5imaldavad efektiivseid jalatreeninguid ka n\u00f5rgemate p\u00f5lvedega inimestele. M\u00f5eldud sportlastele, kes treenivad suurte koormustega. Eriti soovitavad raskete k\u00fckkide ja jalapresside puhul. Aitab toetada p\u00f5lveliigest vigastuste puhul ja ennetada p\u00f5lvevigastusi. Kuidas siduda korrektselt:Istu toolile v\u00f5i pingile. Alusta side tihedalt rulli keritud.\u00a0Hoides jalga sirgena, hakka sidet kerima \u00fcmber jala, altpool p\u00f5lvi, liikudes \u00fclespoole. Keri seestpoolt v\u00e4ljapoole (vasakul jalal vastup\u00e4eva, paremal jalal p\u00e4rip\u00e4eva- see aitab v\u00e4ltida p\u00f5lvekedra valet asendit). Kinnita sideme alguskoht p\u00f5lve alla, kerides kaks kihti \u00fcksteise peale ja liikudes \u00fclespoole ca poole sideme laiuse jagu(iga uus kiht katab eelmist ca poole laiuse jagu) Kanna side jalale spiraalselt tihedalt ja pingul, liikudes \u00fcle p\u00f5lve. Peatu umbes reie alumisel kolmandikul. T\u00f5mba sideme ots eelmise kihi vahelt l\u00e4bi, et see kinnitada. SUURUS: \u00dcks suurus PIKKUS: 2m MATERJAL: 80% puuvill, 20% elastaan V\u00c4RVUS: must\/kollane NB!\u00a0Soovid tellida teistsugust mudelit, suurust v\u00f5i v\u00e4rvi? V\u00f5tame vastu BETTER BODIES\u00a0ja\u00a0GASP treeningr\u00f5ivaste ning aksessuaaride tellimusi. Tellimine toimub 2 korda kuus. Soovi korral kirjuta: info@fit360.ee","og_url":"https:\/\/fit360.ee\/en\/pood\/training-equipment-en\/knee-sleeves-en\/knee-wraps\/","og_site_name":"Fit360","og_image":[{"width":560,"height":560,"url":"https:\/\/fit360.ee\/wp-content\/uploads\/2016\/07\/knee-wraps.jpg","type":"image\/jpeg"}],"twitter_card":"summary_large_image","schema":{"@context":"https:\/\/schema.org","@graph":[{"@type":"WebPage","@id":"https:\/\/fit360.ee\/en\/pood\/training-equipment-en\/knee-sleeves-en\/knee-wraps\/","url":"https:\/\/fit360.ee\/en\/pood\/training-equipment-en\/knee-sleeves-en\/knee-wraps\/","name":"KNEE WRAPS - Fit360","isPartOf":{"@id":"https:\/\/fit360.ee\/en\/#website"},"primaryImageOfPage":{"@id":"https:\/\/fit360.ee\/en\/pood\/training-equipment-en\/knee-sleeves-en\/knee-wraps\/#primaryimage"},"image":{"@id":"https:\/\/fit360.ee\/en\/pood\/training-equipment-en\/knee-sleeves-en\/knee-wraps\/#primaryimage"},"thumbnailUrl":"https:\/\/fit360.ee\/wp-content\/uploads\/2016\/07\/knee-wraps.jpg","datePublished":"2016-07-05T13:16:52+00:00","breadcrumb":{"@id":"https:\/\/fit360.ee\/en\/pood\/training-equipment-en\/knee-sleeves-en\/knee-wraps\/#breadcrumb"},"inLanguage":"en-US","potentialAction":[{"@type":"ReadAction","target":["https:\/\/fit360.ee\/en\/pood\/training-equipment-en\/knee-sleeves-en\/knee-wraps\/"]}]},{"@type":"ImageObject","inLanguage":"en-US","@id":"https:\/\/fit360.ee\/en\/pood\/training-equipment-en\/knee-sleeves-en\/knee-wraps\/#primaryimage","url":"https:\/\/fit360.ee\/wp-content\/uploads\/2016\/07\/knee-wraps.jpg","contentUrl":"https:\/\/fit360.ee\/wp-content\/uploads\/2016\/07\/knee-wraps.jpg","width":560,"height":560},{"@type":"BreadcrumbList","@id":"https:\/\/fit360.ee\/en\/pood\/training-equipment-en\/knee-sleeves-en\/knee-wraps\/#breadcrumb","itemListElement":[{"@type":"ListItem","position":1,"name":"Home","item":"https:\/\/fit360.ee\/en\/"},{"@type":"ListItem","position":2,"name":"Shop","item":"https:\/\/fit360.ee\/en\/shop\/"},{"@type":"ListItem","position":3,"name":"KNEE WRAPS"}]},{"@type":"WebSite","@id":"https:\/\/fit360.ee\/en\/#website","url":"https:\/\/fit360.ee\/en\/","name":"Fit360","description":"","publisher":{"@id":"https:\/\/fit360.ee\/en\/#organization"},"potentialAction":[{"@type":"SearchAction","target":{"@type":"EntryPoint","urlTemplate":"https:\/\/fit360.ee\/en\/?s={search_term_string}"},"query-input":{"@type":"PropertyValueSpecification","valueRequired":true,"valueName":"search_term_string"}}],"inLanguage":"en-US"},{"@type":"Organization","@id":"https:\/\/fit360.ee\/en\/#organization","name":"Fit360","url":"https:\/\/fit360.ee\/en\/","logo":{"@type":"ImageObject","inLanguage":"en-US","@id":"https:\/\/fit360.ee\/en\/#\/schema\/logo\/image\/","url":"https:\/\/fit360.ee\/wp-content\/uploads\/2017\/01\/logo-fit360.png","contentUrl":"https:\/\/fit360.ee\/wp-content\/uploads\/2017\/01\/logo-fit360.png","width":180,"height":66,"caption":"Fit360"},"image":{"@id":"https:\/\/fit360.ee\/en\/#\/schema\/logo\/image\/"}}]}},"_links":{"self":[{"href":"https:\/\/fit360.ee\/en\/wp-json\/wp\/v2\/product\/9726","targetHints":{"allow":["GET"]}}],"collection":[{"href":"https:\/\/fit360.ee\/en\/wp-json\/wp\/v2\/product"}],"about":[{"href":"https:\/\/fit360.ee\/en\/wp-json\/wp\/v2\/types\/product"}],"replies":[{"embeddable":true,"href":"https:\/\/fit360.ee\/en\/wp-json\/wp\/v2\/comments?post=9726"}],"wp:featuredmedia":[{"embeddable":true,"href":"https:\/\/fit360.ee\/en\/wp-json\/wp\/v2\/media\/7971"}],"wp:attachment":[{"href":"https:\/\/fit360.ee\/en\/wp-json\/wp\/v2\/media?parent=9726"}],"wp:term":[{"taxonomy":"product_brand","embeddable":true,"href":"https:\/\/fit360.ee\/en\/wp-json\/wp\/v2\/product_brand?post=9726"},{"taxonomy":"product_cat","embeddable":true,"href":"https:\/\/fit360.ee\/en\/wp-json\/wp\/v2\/product_cat?post=9726"},{"taxonomy":"product_tag","embeddable":true,"href":"https:\/\/fit360.ee\/en\/wp-json\/wp\/v2\/product_tag?post=9726"},{"taxonomy":"giftcard-category","embeddable":true,"href":"https:\/\/fit360.ee\/en\/wp-json\/wp\/v2\/giftcard-category?post=9726"}],"curies":[{"name":"wp","href":"https:\/\/api.w.org\/{rel}","templated":true}]}}