{"id":9757,"date":"2016-06-30T13:52:41","date_gmt":"2016-06-30T11:52:41","guid":{"rendered":"https:\/\/fit360.ee\/shop\/maaratlemata\/basic-elastic-wrist-wraps-2\/"},"modified":"2022-09-09T23:52:45","modified_gmt":"2022-09-09T21:52:45","slug":"basic-elastic-wrist-wraps-2","status":"publish","type":"product","link":"https:\/\/fit360.ee\/en\/pood\/training-equipment-en\/wrist-wraps-en\/basic-elastic-wrist-wraps-2\/","title":{"rendered":"Basic Elastic Wrist Wraps"},"content":{"rendered":"","protected":false},"excerpt":{"rendered":"<p><strong>BASIC ELASTIC WRIST WRAPS<\/strong> toetavad randmeid rasketel treeningutel. Elastsed randmesidemed hoiavad randmed fikseerituna ning aitavad \u00e4ra hoida vigastuste teket. Randmesidemetel on p\u00f6idlaaas ning nad kinnituvad tugeva kr\u00f5psuga. <strong>MATERJAL<\/strong>: 80% puuvill, 20% elastaan <strong>PIKKUS<\/strong>: 33 cm <strong>SUURUSED<\/strong>: \u00dcks suurus <strong>V\u00c4RVUS<\/strong>: must\/hall <strong>NB!\u00a0<\/strong>Soovid tellida teistsugust mudelit, suurust v\u00f5i v\u00e4rvi? V\u00f5tame vastu <strong>BETTER BODIES\u00a0<\/strong>ja\u00a0<strong>GASP<\/strong> treeningr\u00f5ivaste ning aksessuaaride tellimusi. Tellimine toimub 2 korda kuus. Soovi korral kirjuta: <strong>info@fit360.ee<\/strong><\/p>\n","protected":false},"featured_media":7494,"comment_status":"open","ping_status":"closed","template":"","meta":[],"product_brand":[],"product_cat":[546],"product_tag":[],"giftcard-category":[],"class_list":{"0":"post-9757","1":"product","2":"type-product","3":"status-publish","4":"has-post-thumbnail","6":"product_cat-wrist-wraps-en","7":"pa_varvus-black","8":"pa_varvus-green","10":"first","11":"instock","12":"taxable","13":"shipping-taxable","14":"purchasable","15":"product-type-variable"},"yoast_head":"<!-- This site is optimized with the Yoast SEO plugin v27.3 - https:\/\/yoast.com\/product\/yoast-seo-wordpress\/ -->\n<title>Basic Elastic Wrist Wraps - Fit360<\/title>\n<meta name=\"robots\" content=\"index, follow, max-snippet:-1, max-image-preview:large, max-video-preview:-1\" \/>\n<link rel=\"canonical\" href=\"https:\/\/fit360.ee\/en\/pood\/training-equipment-en\/wrist-wraps-en\/basic-elastic-wrist-wraps-2\/\" \/>\n<meta property=\"og:locale\" content=\"en_US\" \/>\n<meta property=\"og:type\" content=\"article\" \/>\n<meta property=\"og:title\" content=\"Basic Elastic Wrist Wraps - Fit360\" \/>\n<meta property=\"og:description\" content=\"BASIC ELASTIC WRIST WRAPS toetavad randmeid rasketel treeningutel. Elastsed randmesidemed hoiavad randmed fikseerituna ning aitavad \u00e4ra hoida vigastuste teket. Randmesidemetel on p\u00f6idlaaas ning nad kinnituvad tugeva kr\u00f5psuga. MATERJAL: 80% puuvill, 20% elastaan PIKKUS: 33 cm SUURUSED: \u00dcks suurus V\u00c4RVUS: must\/hall NB!\u00a0Soovid tellida teistsugust mudelit, suurust v\u00f5i v\u00e4rvi? V\u00f5tame vastu BETTER BODIES\u00a0ja\u00a0GASP treeningr\u00f5ivaste ning aksessuaaride tellimusi. Tellimine toimub 2 korda kuus. Soovi korral kirjuta: info@fit360.ee\" \/>\n<meta property=\"og:url\" content=\"https:\/\/fit360.ee\/en\/pood\/training-equipment-en\/wrist-wraps-en\/basic-elastic-wrist-wraps-2\/\" \/>\n<meta property=\"og:site_name\" content=\"Fit360\" \/>\n<meta property=\"article:modified_time\" content=\"2022-09-09T21:52:45+00:00\" \/>\n<meta property=\"og:image\" content=\"https:\/\/fit360.ee\/wp-content\/uploads\/2016\/06\/elastic-wrist-wraps-black.jpg\" \/>\n\t<meta property=\"og:image:width\" content=\"560\" \/>\n\t<meta property=\"og:image:height\" content=\"560\" \/>\n\t<meta property=\"og:image:type\" content=\"image\/jpeg\" \/>\n<meta name=\"twitter:card\" content=\"summary_large_image\" \/>\n<script type=\"application\/ld+json\" class=\"yoast-schema-graph\">{\"@context\":\"https:\\\/\\\/schema.org\",\"@graph\":[{\"@type\":\"WebPage\",\"@id\":\"https:\\\/\\\/fit360.ee\\\/en\\\/pood\\\/training-equipment-en\\\/wrist-wraps-en\\\/basic-elastic-wrist-wraps-2\\\/\",\"url\":\"https:\\\/\\\/fit360.ee\\\/en\\\/pood\\\/training-equipment-en\\\/wrist-wraps-en\\\/basic-elastic-wrist-wraps-2\\\/\",\"name\":\"Basic Elastic Wrist Wraps - Fit360\",\"isPartOf\":{\"@id\":\"https:\\\/\\\/fit360.ee\\\/en\\\/#website\"},\"primaryImageOfPage\":{\"@id\":\"https:\\\/\\\/fit360.ee\\\/en\\\/pood\\\/training-equipment-en\\\/wrist-wraps-en\\\/basic-elastic-wrist-wraps-2\\\/#primaryimage\"},\"image\":{\"@id\":\"https:\\\/\\\/fit360.ee\\\/en\\\/pood\\\/training-equipment-en\\\/wrist-wraps-en\\\/basic-elastic-wrist-wraps-2\\\/#primaryimage\"},\"thumbnailUrl\":\"https:\\\/\\\/fit360.ee\\\/wp-content\\\/uploads\\\/2016\\\/06\\\/elastic-wrist-wraps-black.jpg\",\"datePublished\":\"2016-06-30T11:52:41+00:00\",\"dateModified\":\"2022-09-09T21:52:45+00:00\",\"breadcrumb\":{\"@id\":\"https:\\\/\\\/fit360.ee\\\/en\\\/pood\\\/training-equipment-en\\\/wrist-wraps-en\\\/basic-elastic-wrist-wraps-2\\\/#breadcrumb\"},\"inLanguage\":\"en-US\",\"potentialAction\":[{\"@type\":\"ReadAction\",\"target\":[\"https:\\\/\\\/fit360.ee\\\/en\\\/pood\\\/training-equipment-en\\\/wrist-wraps-en\\\/basic-elastic-wrist-wraps-2\\\/\"]}]},{\"@type\":\"ImageObject\",\"inLanguage\":\"en-US\",\"@id\":\"https:\\\/\\\/fit360.ee\\\/en\\\/pood\\\/training-equipment-en\\\/wrist-wraps-en\\\/basic-elastic-wrist-wraps-2\\\/#primaryimage\",\"url\":\"https:\\\/\\\/fit360.ee\\\/wp-content\\\/uploads\\\/2016\\\/06\\\/elastic-wrist-wraps-black.jpg\",\"contentUrl\":\"https:\\\/\\\/fit360.ee\\\/wp-content\\\/uploads\\\/2016\\\/06\\\/elastic-wrist-wraps-black.jpg\",\"width\":560,\"height\":560},{\"@type\":\"BreadcrumbList\",\"@id\":\"https:\\\/\\\/fit360.ee\\\/en\\\/pood\\\/training-equipment-en\\\/wrist-wraps-en\\\/basic-elastic-wrist-wraps-2\\\/#breadcrumb\",\"itemListElement\":[{\"@type\":\"ListItem\",\"position\":1,\"name\":\"Home\",\"item\":\"https:\\\/\\\/fit360.ee\\\/en\\\/\"},{\"@type\":\"ListItem\",\"position\":2,\"name\":\"Shop\",\"item\":\"https:\\\/\\\/fit360.ee\\\/en\\\/shop\\\/\"},{\"@type\":\"ListItem\",\"position\":3,\"name\":\"Basic Elastic Wrist Wraps\"}]},{\"@type\":\"WebSite\",\"@id\":\"https:\\\/\\\/fit360.ee\\\/en\\\/#website\",\"url\":\"https:\\\/\\\/fit360.ee\\\/en\\\/\",\"name\":\"Fit360\",\"description\":\"\",\"publisher\":{\"@id\":\"https:\\\/\\\/fit360.ee\\\/en\\\/#organization\"},\"potentialAction\":[{\"@type\":\"SearchAction\",\"target\":{\"@type\":\"EntryPoint\",\"urlTemplate\":\"https:\\\/\\\/fit360.ee\\\/en\\\/?s={search_term_string}\"},\"query-input\":{\"@type\":\"PropertyValueSpecification\",\"valueRequired\":true,\"valueName\":\"search_term_string\"}}],\"inLanguage\":\"en-US\"},{\"@type\":\"Organization\",\"@id\":\"https:\\\/\\\/fit360.ee\\\/en\\\/#organization\",\"name\":\"Fit360\",\"url\":\"https:\\\/\\\/fit360.ee\\\/en\\\/\",\"logo\":{\"@type\":\"ImageObject\",\"inLanguage\":\"en-US\",\"@id\":\"https:\\\/\\\/fit360.ee\\\/en\\\/#\\\/schema\\\/logo\\\/image\\\/\",\"url\":\"https:\\\/\\\/fit360.ee\\\/wp-content\\\/uploads\\\/2017\\\/01\\\/logo-fit360.png\",\"contentUrl\":\"https:\\\/\\\/fit360.ee\\\/wp-content\\\/uploads\\\/2017\\\/01\\\/logo-fit360.png\",\"width\":180,\"height\":66,\"caption\":\"Fit360\"},\"image\":{\"@id\":\"https:\\\/\\\/fit360.ee\\\/en\\\/#\\\/schema\\\/logo\\\/image\\\/\"}}]}<\/script>\n<!-- \/ Yoast SEO plugin. -->","yoast_head_json":{"title":"Basic Elastic Wrist Wraps - Fit360","robots":{"index":"index","follow":"follow","max-snippet":"max-snippet:-1","max-image-preview":"max-image-preview:large","max-video-preview":"max-video-preview:-1"},"canonical":"https:\/\/fit360.ee\/en\/pood\/training-equipment-en\/wrist-wraps-en\/basic-elastic-wrist-wraps-2\/","og_locale":"en_US","og_type":"article","og_title":"Basic Elastic Wrist Wraps - Fit360","og_description":"BASIC ELASTIC WRIST WRAPS toetavad randmeid rasketel treeningutel. Elastsed randmesidemed hoiavad randmed fikseerituna ning aitavad \u00e4ra hoida vigastuste teket. Randmesidemetel on p\u00f6idlaaas ning nad kinnituvad tugeva kr\u00f5psuga. MATERJAL: 80% puuvill, 20% elastaan PIKKUS: 33 cm SUURUSED: \u00dcks suurus V\u00c4RVUS: must\/hall NB!\u00a0Soovid tellida teistsugust mudelit, suurust v\u00f5i v\u00e4rvi? V\u00f5tame vastu BETTER BODIES\u00a0ja\u00a0GASP treeningr\u00f5ivaste ning aksessuaaride tellimusi. Tellimine toimub 2 korda kuus. Soovi korral kirjuta: info@fit360.ee","og_url":"https:\/\/fit360.ee\/en\/pood\/training-equipment-en\/wrist-wraps-en\/basic-elastic-wrist-wraps-2\/","og_site_name":"Fit360","article_modified_time":"2022-09-09T21:52:45+00:00","og_image":[{"width":560,"height":560,"url":"https:\/\/fit360.ee\/wp-content\/uploads\/2016\/06\/elastic-wrist-wraps-black.jpg","type":"image\/jpeg"}],"twitter_card":"summary_large_image","schema":{"@context":"https:\/\/schema.org","@graph":[{"@type":"WebPage","@id":"https:\/\/fit360.ee\/en\/pood\/training-equipment-en\/wrist-wraps-en\/basic-elastic-wrist-wraps-2\/","url":"https:\/\/fit360.ee\/en\/pood\/training-equipment-en\/wrist-wraps-en\/basic-elastic-wrist-wraps-2\/","name":"Basic Elastic Wrist Wraps - Fit360","isPartOf":{"@id":"https:\/\/fit360.ee\/en\/#website"},"primaryImageOfPage":{"@id":"https:\/\/fit360.ee\/en\/pood\/training-equipment-en\/wrist-wraps-en\/basic-elastic-wrist-wraps-2\/#primaryimage"},"image":{"@id":"https:\/\/fit360.ee\/en\/pood\/training-equipment-en\/wrist-wraps-en\/basic-elastic-wrist-wraps-2\/#primaryimage"},"thumbnailUrl":"https:\/\/fit360.ee\/wp-content\/uploads\/2016\/06\/elastic-wrist-wraps-black.jpg","datePublished":"2016-06-30T11:52:41+00:00","dateModified":"2022-09-09T21:52:45+00:00","breadcrumb":{"@id":"https:\/\/fit360.ee\/en\/pood\/training-equipment-en\/wrist-wraps-en\/basic-elastic-wrist-wraps-2\/#breadcrumb"},"inLanguage":"en-US","potentialAction":[{"@type":"ReadAction","target":["https:\/\/fit360.ee\/en\/pood\/training-equipment-en\/wrist-wraps-en\/basic-elastic-wrist-wraps-2\/"]}]},{"@type":"ImageObject","inLanguage":"en-US","@id":"https:\/\/fit360.ee\/en\/pood\/training-equipment-en\/wrist-wraps-en\/basic-elastic-wrist-wraps-2\/#primaryimage","url":"https:\/\/fit360.ee\/wp-content\/uploads\/2016\/06\/elastic-wrist-wraps-black.jpg","contentUrl":"https:\/\/fit360.ee\/wp-content\/uploads\/2016\/06\/elastic-wrist-wraps-black.jpg","width":560,"height":560},{"@type":"BreadcrumbList","@id":"https:\/\/fit360.ee\/en\/pood\/training-equipment-en\/wrist-wraps-en\/basic-elastic-wrist-wraps-2\/#breadcrumb","itemListElement":[{"@type":"ListItem","position":1,"name":"Home","item":"https:\/\/fit360.ee\/en\/"},{"@type":"ListItem","position":2,"name":"Shop","item":"https:\/\/fit360.ee\/en\/shop\/"},{"@type":"ListItem","position":3,"name":"Basic Elastic Wrist Wraps"}]},{"@type":"WebSite","@id":"https:\/\/fit360.ee\/en\/#website","url":"https:\/\/fit360.ee\/en\/","name":"Fit360","description":"","publisher":{"@id":"https:\/\/fit360.ee\/en\/#organization"},"potentialAction":[{"@type":"SearchAction","target":{"@type":"EntryPoint","urlTemplate":"https:\/\/fit360.ee\/en\/?s={search_term_string}"},"query-input":{"@type":"PropertyValueSpecification","valueRequired":true,"valueName":"search_term_string"}}],"inLanguage":"en-US"},{"@type":"Organization","@id":"https:\/\/fit360.ee\/en\/#organization","name":"Fit360","url":"https:\/\/fit360.ee\/en\/","logo":{"@type":"ImageObject","inLanguage":"en-US","@id":"https:\/\/fit360.ee\/en\/#\/schema\/logo\/image\/","url":"https:\/\/fit360.ee\/wp-content\/uploads\/2017\/01\/logo-fit360.png","contentUrl":"https:\/\/fit360.ee\/wp-content\/uploads\/2017\/01\/logo-fit360.png","width":180,"height":66,"caption":"Fit360"},"image":{"@id":"https:\/\/fit360.ee\/en\/#\/schema\/logo\/image\/"}}]}},"_links":{"self":[{"href":"https:\/\/fit360.ee\/en\/wp-json\/wp\/v2\/product\/9757","targetHints":{"allow":["GET"]}}],"collection":[{"href":"https:\/\/fit360.ee\/en\/wp-json\/wp\/v2\/product"}],"about":[{"href":"https:\/\/fit360.ee\/en\/wp-json\/wp\/v2\/types\/product"}],"replies":[{"embeddable":true,"href":"https:\/\/fit360.ee\/en\/wp-json\/wp\/v2\/comments?post=9757"}],"wp:featuredmedia":[{"embeddable":true,"href":"https:\/\/fit360.ee\/en\/wp-json\/wp\/v2\/media\/7494"}],"wp:attachment":[{"href":"https:\/\/fit360.ee\/en\/wp-json\/wp\/v2\/media?parent=9757"}],"wp:term":[{"taxonomy":"product_brand","embeddable":true,"href":"https:\/\/fit360.ee\/en\/wp-json\/wp\/v2\/product_brand?post=9757"},{"taxonomy":"product_cat","embeddable":true,"href":"https:\/\/fit360.ee\/en\/wp-json\/wp\/v2\/product_cat?post=9757"},{"taxonomy":"product_tag","embeddable":true,"href":"https:\/\/fit360.ee\/en\/wp-json\/wp\/v2\/product_tag?post=9757"},{"taxonomy":"giftcard-category","embeddable":true,"href":"https:\/\/fit360.ee\/en\/wp-json\/wp\/v2\/giftcard-category?post=9757"}],"curies":[{"name":"wp","href":"https:\/\/api.w.org\/{rel}","templated":true}]}}