{"id":9759,"date":"2016-06-30T13:50:49","date_gmt":"2016-06-30T08:50:49","guid":{"rendered":"https:\/\/fit360.ee\/shop\/maaratlemata\/womens-wrist-wraps-2\/"},"modified":"2022-09-17T06:43:58","modified_gmt":"2022-09-17T04:43:58","slug":"womens-wrist-wraps-2","status":"publish","type":"product","link":"https:\/\/fit360.ee\/en\/pood\/training-equipment-en\/wrist-wraps-en\/womens-wrist-wraps-2\/","title":{"rendered":"WOMENS WRIST WRAPS"},"content":{"rendered":"","protected":false},"excerpt":{"rendered":"<p><strong>WOMENS WRIST WRAP<\/strong> RANDMESIDEMED NAISTELE toetavad randmeid rasketel treeningutel. Elastsed randmesidemed hoiavad randmed fikseerituna ning aitavad \u00e4ra hoida vigastuste teket, ent ei ole nii tugevad kui meestele m\u00f5eldud sidemed. Randmesidemetel on p\u00f6idlaaas ning nad kinnituvad tugeva kr\u00f5psuga. <strong>MATERJAL<\/strong>: 80% puuvill, 20% elastaan <strong>PIKKUS<\/strong>: 33 cm <strong>SUURUS<\/strong>: \u00dcks suurus <strong>V\u00c4RVUS<\/strong>: Sinine\/must;\u00a0Must\/roosa <strong>NB!\u00a0<\/strong>Soovid tellida teistsugust mudelit, suurust v\u00f5i v\u00e4rvi? V\u00f5tame vastu <strong>BETTER BODIES\u00a0<\/strong>ja\u00a0<strong>GASP<\/strong> treeningr\u00f5ivaste ning aksessuaaride tellimusi. Tellimine toimub 2 korda kuus. Soovi korral kirjuta: <strong>info@fit360.ee<\/strong><\/p>\n","protected":false},"featured_media":7492,"comment_status":"open","ping_status":"closed","template":"","meta":[],"product_brand":[],"product_cat":[546],"product_tag":[],"giftcard-category":[],"class_list":{"0":"post-9759","1":"product","2":"type-product","3":"status-publish","4":"has-post-thumbnail","6":"product_cat-wrist-wraps-en","7":"pa_brand-better-bodies-en","8":"pa_varustus-wrist-wraps","9":"pa_varvus-black-blue","10":"pa_varvus-black-pink","12":"first","13":"outofstock","14":"taxable","15":"shipping-taxable","16":"product-type-simple"},"yoast_head":"<!-- This site is optimized with the Yoast SEO plugin v27.3 - https:\/\/yoast.com\/product\/yoast-seo-wordpress\/ -->\n<title>WOMENS WRIST WRAPS - Fit360<\/title>\n<meta name=\"robots\" content=\"index, follow, max-snippet:-1, max-image-preview:large, max-video-preview:-1\" \/>\n<link rel=\"canonical\" href=\"https:\/\/fit360.ee\/en\/pood\/training-equipment-en\/wrist-wraps-en\/womens-wrist-wraps-2\/\" \/>\n<meta property=\"og:locale\" content=\"en_US\" \/>\n<meta property=\"og:type\" content=\"article\" \/>\n<meta property=\"og:title\" content=\"WOMENS WRIST WRAPS - Fit360\" \/>\n<meta property=\"og:description\" content=\"WOMENS WRIST WRAP RANDMESIDEMED NAISTELE toetavad randmeid rasketel treeningutel. Elastsed randmesidemed hoiavad randmed fikseerituna ning aitavad \u00e4ra hoida vigastuste teket, ent ei ole nii tugevad kui meestele m\u00f5eldud sidemed. Randmesidemetel on p\u00f6idlaaas ning nad kinnituvad tugeva kr\u00f5psuga. MATERJAL: 80% puuvill, 20% elastaan PIKKUS: 33 cm SUURUS: \u00dcks suurus V\u00c4RVUS: Sinine\/must;\u00a0Must\/roosa NB!\u00a0Soovid tellida teistsugust mudelit, suurust v\u00f5i v\u00e4rvi? V\u00f5tame vastu BETTER BODIES\u00a0ja\u00a0GASP treeningr\u00f5ivaste ning aksessuaaride tellimusi. Tellimine toimub 2 korda kuus. Soovi korral kirjuta: info@fit360.ee\" \/>\n<meta property=\"og:url\" content=\"https:\/\/fit360.ee\/en\/pood\/training-equipment-en\/wrist-wraps-en\/womens-wrist-wraps-2\/\" \/>\n<meta property=\"og:site_name\" content=\"Fit360\" \/>\n<meta property=\"article:modified_time\" content=\"2022-09-17T04:43:58+00:00\" \/>\n<meta property=\"og:image\" content=\"https:\/\/fit360.ee\/wp-content\/uploads\/2016\/06\/BETTER-BODIES-WOMENS-WRIST-WRAPS.jpg\" \/>\n\t<meta property=\"og:image:width\" content=\"504\" \/>\n\t<meta property=\"og:image:height\" content=\"504\" \/>\n\t<meta property=\"og:image:type\" content=\"image\/jpeg\" \/>\n<meta name=\"twitter:card\" content=\"summary_large_image\" \/>\n<script type=\"application\/ld+json\" class=\"yoast-schema-graph\">{\"@context\":\"https:\\\/\\\/schema.org\",\"@graph\":[{\"@type\":\"WebPage\",\"@id\":\"https:\\\/\\\/fit360.ee\\\/en\\\/pood\\\/training-equipment-en\\\/wrist-wraps-en\\\/womens-wrist-wraps-2\\\/\",\"url\":\"https:\\\/\\\/fit360.ee\\\/en\\\/pood\\\/training-equipment-en\\\/wrist-wraps-en\\\/womens-wrist-wraps-2\\\/\",\"name\":\"WOMENS WRIST WRAPS - Fit360\",\"isPartOf\":{\"@id\":\"https:\\\/\\\/fit360.ee\\\/en\\\/#website\"},\"primaryImageOfPage\":{\"@id\":\"https:\\\/\\\/fit360.ee\\\/en\\\/pood\\\/training-equipment-en\\\/wrist-wraps-en\\\/womens-wrist-wraps-2\\\/#primaryimage\"},\"image\":{\"@id\":\"https:\\\/\\\/fit360.ee\\\/en\\\/pood\\\/training-equipment-en\\\/wrist-wraps-en\\\/womens-wrist-wraps-2\\\/#primaryimage\"},\"thumbnailUrl\":\"https:\\\/\\\/fit360.ee\\\/wp-content\\\/uploads\\\/2016\\\/06\\\/BETTER-BODIES-WOMENS-WRIST-WRAPS.jpg\",\"datePublished\":\"2016-06-30T08:50:49+00:00\",\"dateModified\":\"2022-09-17T04:43:58+00:00\",\"breadcrumb\":{\"@id\":\"https:\\\/\\\/fit360.ee\\\/en\\\/pood\\\/training-equipment-en\\\/wrist-wraps-en\\\/womens-wrist-wraps-2\\\/#breadcrumb\"},\"inLanguage\":\"en-US\",\"potentialAction\":[{\"@type\":\"ReadAction\",\"target\":[\"https:\\\/\\\/fit360.ee\\\/en\\\/pood\\\/training-equipment-en\\\/wrist-wraps-en\\\/womens-wrist-wraps-2\\\/\"]}]},{\"@type\":\"ImageObject\",\"inLanguage\":\"en-US\",\"@id\":\"https:\\\/\\\/fit360.ee\\\/en\\\/pood\\\/training-equipment-en\\\/wrist-wraps-en\\\/womens-wrist-wraps-2\\\/#primaryimage\",\"url\":\"https:\\\/\\\/fit360.ee\\\/wp-content\\\/uploads\\\/2016\\\/06\\\/BETTER-BODIES-WOMENS-WRIST-WRAPS.jpg\",\"contentUrl\":\"https:\\\/\\\/fit360.ee\\\/wp-content\\\/uploads\\\/2016\\\/06\\\/BETTER-BODIES-WOMENS-WRIST-WRAPS.jpg\",\"width\":504,\"height\":504},{\"@type\":\"BreadcrumbList\",\"@id\":\"https:\\\/\\\/fit360.ee\\\/en\\\/pood\\\/training-equipment-en\\\/wrist-wraps-en\\\/womens-wrist-wraps-2\\\/#breadcrumb\",\"itemListElement\":[{\"@type\":\"ListItem\",\"position\":1,\"name\":\"Home\",\"item\":\"https:\\\/\\\/fit360.ee\\\/en\\\/\"},{\"@type\":\"ListItem\",\"position\":2,\"name\":\"Shop\",\"item\":\"https:\\\/\\\/fit360.ee\\\/en\\\/shop\\\/\"},{\"@type\":\"ListItem\",\"position\":3,\"name\":\"WOMENS WRIST WRAPS\"}]},{\"@type\":\"WebSite\",\"@id\":\"https:\\\/\\\/fit360.ee\\\/en\\\/#website\",\"url\":\"https:\\\/\\\/fit360.ee\\\/en\\\/\",\"name\":\"Fit360\",\"description\":\"\",\"publisher\":{\"@id\":\"https:\\\/\\\/fit360.ee\\\/en\\\/#organization\"},\"potentialAction\":[{\"@type\":\"SearchAction\",\"target\":{\"@type\":\"EntryPoint\",\"urlTemplate\":\"https:\\\/\\\/fit360.ee\\\/en\\\/?s={search_term_string}\"},\"query-input\":{\"@type\":\"PropertyValueSpecification\",\"valueRequired\":true,\"valueName\":\"search_term_string\"}}],\"inLanguage\":\"en-US\"},{\"@type\":\"Organization\",\"@id\":\"https:\\\/\\\/fit360.ee\\\/en\\\/#organization\",\"name\":\"Fit360\",\"url\":\"https:\\\/\\\/fit360.ee\\\/en\\\/\",\"logo\":{\"@type\":\"ImageObject\",\"inLanguage\":\"en-US\",\"@id\":\"https:\\\/\\\/fit360.ee\\\/en\\\/#\\\/schema\\\/logo\\\/image\\\/\",\"url\":\"https:\\\/\\\/fit360.ee\\\/wp-content\\\/uploads\\\/2017\\\/01\\\/logo-fit360.png\",\"contentUrl\":\"https:\\\/\\\/fit360.ee\\\/wp-content\\\/uploads\\\/2017\\\/01\\\/logo-fit360.png\",\"width\":180,\"height\":66,\"caption\":\"Fit360\"},\"image\":{\"@id\":\"https:\\\/\\\/fit360.ee\\\/en\\\/#\\\/schema\\\/logo\\\/image\\\/\"}}]}<\/script>\n<!-- \/ Yoast SEO plugin. -->","yoast_head_json":{"title":"WOMENS WRIST WRAPS - Fit360","robots":{"index":"index","follow":"follow","max-snippet":"max-snippet:-1","max-image-preview":"max-image-preview:large","max-video-preview":"max-video-preview:-1"},"canonical":"https:\/\/fit360.ee\/en\/pood\/training-equipment-en\/wrist-wraps-en\/womens-wrist-wraps-2\/","og_locale":"en_US","og_type":"article","og_title":"WOMENS WRIST WRAPS - Fit360","og_description":"WOMENS WRIST WRAP RANDMESIDEMED NAISTELE toetavad randmeid rasketel treeningutel. Elastsed randmesidemed hoiavad randmed fikseerituna ning aitavad \u00e4ra hoida vigastuste teket, ent ei ole nii tugevad kui meestele m\u00f5eldud sidemed. Randmesidemetel on p\u00f6idlaaas ning nad kinnituvad tugeva kr\u00f5psuga. MATERJAL: 80% puuvill, 20% elastaan PIKKUS: 33 cm SUURUS: \u00dcks suurus V\u00c4RVUS: Sinine\/must;\u00a0Must\/roosa NB!\u00a0Soovid tellida teistsugust mudelit, suurust v\u00f5i v\u00e4rvi? V\u00f5tame vastu BETTER BODIES\u00a0ja\u00a0GASP treeningr\u00f5ivaste ning aksessuaaride tellimusi. Tellimine toimub 2 korda kuus. Soovi korral kirjuta: info@fit360.ee","og_url":"https:\/\/fit360.ee\/en\/pood\/training-equipment-en\/wrist-wraps-en\/womens-wrist-wraps-2\/","og_site_name":"Fit360","article_modified_time":"2022-09-17T04:43:58+00:00","og_image":[{"width":504,"height":504,"url":"https:\/\/fit360.ee\/wp-content\/uploads\/2016\/06\/BETTER-BODIES-WOMENS-WRIST-WRAPS.jpg","type":"image\/jpeg"}],"twitter_card":"summary_large_image","schema":{"@context":"https:\/\/schema.org","@graph":[{"@type":"WebPage","@id":"https:\/\/fit360.ee\/en\/pood\/training-equipment-en\/wrist-wraps-en\/womens-wrist-wraps-2\/","url":"https:\/\/fit360.ee\/en\/pood\/training-equipment-en\/wrist-wraps-en\/womens-wrist-wraps-2\/","name":"WOMENS WRIST WRAPS - Fit360","isPartOf":{"@id":"https:\/\/fit360.ee\/en\/#website"},"primaryImageOfPage":{"@id":"https:\/\/fit360.ee\/en\/pood\/training-equipment-en\/wrist-wraps-en\/womens-wrist-wraps-2\/#primaryimage"},"image":{"@id":"https:\/\/fit360.ee\/en\/pood\/training-equipment-en\/wrist-wraps-en\/womens-wrist-wraps-2\/#primaryimage"},"thumbnailUrl":"https:\/\/fit360.ee\/wp-content\/uploads\/2016\/06\/BETTER-BODIES-WOMENS-WRIST-WRAPS.jpg","datePublished":"2016-06-30T08:50:49+00:00","dateModified":"2022-09-17T04:43:58+00:00","breadcrumb":{"@id":"https:\/\/fit360.ee\/en\/pood\/training-equipment-en\/wrist-wraps-en\/womens-wrist-wraps-2\/#breadcrumb"},"inLanguage":"en-US","potentialAction":[{"@type":"ReadAction","target":["https:\/\/fit360.ee\/en\/pood\/training-equipment-en\/wrist-wraps-en\/womens-wrist-wraps-2\/"]}]},{"@type":"ImageObject","inLanguage":"en-US","@id":"https:\/\/fit360.ee\/en\/pood\/training-equipment-en\/wrist-wraps-en\/womens-wrist-wraps-2\/#primaryimage","url":"https:\/\/fit360.ee\/wp-content\/uploads\/2016\/06\/BETTER-BODIES-WOMENS-WRIST-WRAPS.jpg","contentUrl":"https:\/\/fit360.ee\/wp-content\/uploads\/2016\/06\/BETTER-BODIES-WOMENS-WRIST-WRAPS.jpg","width":504,"height":504},{"@type":"BreadcrumbList","@id":"https:\/\/fit360.ee\/en\/pood\/training-equipment-en\/wrist-wraps-en\/womens-wrist-wraps-2\/#breadcrumb","itemListElement":[{"@type":"ListItem","position":1,"name":"Home","item":"https:\/\/fit360.ee\/en\/"},{"@type":"ListItem","position":2,"name":"Shop","item":"https:\/\/fit360.ee\/en\/shop\/"},{"@type":"ListItem","position":3,"name":"WOMENS WRIST WRAPS"}]},{"@type":"WebSite","@id":"https:\/\/fit360.ee\/en\/#website","url":"https:\/\/fit360.ee\/en\/","name":"Fit360","description":"","publisher":{"@id":"https:\/\/fit360.ee\/en\/#organization"},"potentialAction":[{"@type":"SearchAction","target":{"@type":"EntryPoint","urlTemplate":"https:\/\/fit360.ee\/en\/?s={search_term_string}"},"query-input":{"@type":"PropertyValueSpecification","valueRequired":true,"valueName":"search_term_string"}}],"inLanguage":"en-US"},{"@type":"Organization","@id":"https:\/\/fit360.ee\/en\/#organization","name":"Fit360","url":"https:\/\/fit360.ee\/en\/","logo":{"@type":"ImageObject","inLanguage":"en-US","@id":"https:\/\/fit360.ee\/en\/#\/schema\/logo\/image\/","url":"https:\/\/fit360.ee\/wp-content\/uploads\/2017\/01\/logo-fit360.png","contentUrl":"https:\/\/fit360.ee\/wp-content\/uploads\/2017\/01\/logo-fit360.png","width":180,"height":66,"caption":"Fit360"},"image":{"@id":"https:\/\/fit360.ee\/en\/#\/schema\/logo\/image\/"}}]}},"_links":{"self":[{"href":"https:\/\/fit360.ee\/en\/wp-json\/wp\/v2\/product\/9759","targetHints":{"allow":["GET"]}}],"collection":[{"href":"https:\/\/fit360.ee\/en\/wp-json\/wp\/v2\/product"}],"about":[{"href":"https:\/\/fit360.ee\/en\/wp-json\/wp\/v2\/types\/product"}],"replies":[{"embeddable":true,"href":"https:\/\/fit360.ee\/en\/wp-json\/wp\/v2\/comments?post=9759"}],"wp:featuredmedia":[{"embeddable":true,"href":"https:\/\/fit360.ee\/en\/wp-json\/wp\/v2\/media\/7492"}],"wp:attachment":[{"href":"https:\/\/fit360.ee\/en\/wp-json\/wp\/v2\/media?parent=9759"}],"wp:term":[{"taxonomy":"product_brand","embeddable":true,"href":"https:\/\/fit360.ee\/en\/wp-json\/wp\/v2\/product_brand?post=9759"},{"taxonomy":"product_cat","embeddable":true,"href":"https:\/\/fit360.ee\/en\/wp-json\/wp\/v2\/product_cat?post=9759"},{"taxonomy":"product_tag","embeddable":true,"href":"https:\/\/fit360.ee\/en\/wp-json\/wp\/v2\/product_tag?post=9759"},{"taxonomy":"giftcard-category","embeddable":true,"href":"https:\/\/fit360.ee\/en\/wp-json\/wp\/v2\/giftcard-category?post=9759"}],"curies":[{"name":"wp","href":"https:\/\/api.w.org\/{rel}","templated":true}]}}