{"id":9768,"date":"2016-06-30T13:38:07","date_gmt":"2016-06-30T11:38:07","guid":{"rendered":"https:\/\/fit360.ee\/shop\/maaratlemata\/better-bodies-pro-lifting-gloves-2\/"},"modified":"2022-09-17T16:52:31","modified_gmt":"2022-09-17T14:52:31","slug":"better-bodies-pro-lifting-gloves-2","status":"publish","type":"product","link":"https:\/\/fit360.ee\/en\/pood\/training-equipment-en\/gloves-en\/better-bodies-pro-lifting-gloves-2\/","title":{"rendered":"BETTER BODIES PRO LIFTING GLOVES"},"content":{"rendered":"","protected":false},"excerpt":{"rendered":"<p>Uudse disainiga Pro Lifting\u00a0kindad on suurep\u00e4raseks valikuks j\u00f5usaali. Topeltnahk peopesal ning hingav materjal on mugavad ja kaitsevad k\u00e4si samaaegselt. 70% veisenahksed kindad takistavad k\u00e4e libisemise. <strong>MATERJAL: <\/strong>70% veisenahk, 30% pol\u00fcester. <strong>V\u00c4RVUS:\u00a0<\/strong>must; must-punane <strong>SUURUS: \u00a0<\/strong>S-XL <strong>TOIMI NII: M\u00d5\u00d5DA ENDA K\u00c4ELABA \u00dcMBERM\u00d5\u00d5T JUST K\u00d5IGE LAIEMAST KOHAST. NII SAAD SUURUSELE VASTAVA \u00dcMBERM\u00d5\u00d5DU.<\/strong> <strong>KINDASUURUSED:<\/strong> S &#8211; 19-20cm M &#8211; 20-21cm L &#8211; 21-22cm XL &#8211; 22-23cm XXL &#8211; 23-24cm <img decoding=\"async\" src=\"http:\/\/www.fitness.ee\/files\/pictures\/images_news\/5400\/5421_thumb.jpg\" \/> <strong>NB!\u00a0<\/strong>Soovid tellida teistsugust mudelit, suurust v\u00f5i v\u00e4rvi? V\u00f5tame vastu <strong>BETTER BODIES\u00a0<\/strong>ja\u00a0<strong>GASP<\/strong> treeningr\u00f5ivaste ning aksessuaaride tellimusi. Tellimine toimub 2 korda kuus. Soovi korral kirjuta: <strong>info@fit360.ee<\/strong><\/p>\n","protected":false},"featured_media":7487,"comment_status":"open","ping_status":"closed","template":"","meta":[],"product_brand":[],"product_cat":[541],"product_tag":[],"giftcard-category":[],"class_list":{"0":"post-9768","1":"product","2":"type-product","3":"status-publish","4":"has-post-thumbnail","6":"product_cat-gloves-en","7":"pa_suurus-s","8":"pa_varvus-black","10":"first","11":"instock","12":"sale","13":"taxable","14":"shipping-taxable","15":"purchasable","16":"product-type-variable"},"yoast_head":"<!-- This site is optimized with the Yoast SEO plugin v27.3 - https:\/\/yoast.com\/product\/yoast-seo-wordpress\/ -->\n<title>BETTER BODIES PRO LIFTING GLOVES - Fit360<\/title>\n<meta name=\"robots\" content=\"index, follow, max-snippet:-1, max-image-preview:large, max-video-preview:-1\" \/>\n<link rel=\"canonical\" href=\"https:\/\/fit360.ee\/en\/pood\/training-equipment-en\/gloves-en\/better-bodies-pro-lifting-gloves-2\/\" \/>\n<meta property=\"og:locale\" content=\"en_US\" \/>\n<meta property=\"og:type\" content=\"article\" \/>\n<meta property=\"og:title\" content=\"BETTER BODIES PRO LIFTING GLOVES - Fit360\" \/>\n<meta property=\"og:description\" content=\"Uudse disainiga Pro Lifting\u00a0kindad on suurep\u00e4raseks valikuks j\u00f5usaali. Topeltnahk peopesal ning hingav materjal on mugavad ja kaitsevad k\u00e4si samaaegselt. 70% veisenahksed kindad takistavad k\u00e4e libisemise. MATERJAL: 70% veisenahk, 30% pol\u00fcester. V\u00c4RVUS:\u00a0must; must-punane SUURUS: \u00a0S-XL TOIMI NII: M\u00d5\u00d5DA ENDA K\u00c4ELABA \u00dcMBERM\u00d5\u00d5T JUST K\u00d5IGE LAIEMAST KOHAST. NII SAAD SUURUSELE VASTAVA \u00dcMBERM\u00d5\u00d5DU. KINDASUURUSED: S - 19-20cm M - 20-21cm L - 21-22cm XL - 22-23cm XXL - 23-24cm NB!\u00a0Soovid tellida teistsugust mudelit, suurust v\u00f5i v\u00e4rvi? V\u00f5tame vastu BETTER BODIES\u00a0ja\u00a0GASP treeningr\u00f5ivaste ning aksessuaaride tellimusi. Tellimine toimub 2 korda kuus. Soovi korral kirjuta: info@fit360.ee\" \/>\n<meta property=\"og:url\" content=\"https:\/\/fit360.ee\/en\/pood\/training-equipment-en\/gloves-en\/better-bodies-pro-lifting-gloves-2\/\" \/>\n<meta property=\"og:site_name\" content=\"Fit360\" \/>\n<meta property=\"article:modified_time\" content=\"2022-09-17T14:52:31+00:00\" \/>\n<meta property=\"og:image\" content=\"https:\/\/fit360.ee\/wp-content\/uploads\/2016\/06\/BETTER-BODIES-PRO-LIFTING-GLOVES.jpg\" \/>\n\t<meta property=\"og:image:width\" content=\"560\" \/>\n\t<meta property=\"og:image:height\" content=\"560\" \/>\n\t<meta property=\"og:image:type\" content=\"image\/jpeg\" \/>\n<meta name=\"twitter:card\" content=\"summary_large_image\" \/>\n<script type=\"application\/ld+json\" class=\"yoast-schema-graph\">{\"@context\":\"https:\\\/\\\/schema.org\",\"@graph\":[{\"@type\":\"WebPage\",\"@id\":\"https:\\\/\\\/fit360.ee\\\/en\\\/pood\\\/training-equipment-en\\\/gloves-en\\\/better-bodies-pro-lifting-gloves-2\\\/\",\"url\":\"https:\\\/\\\/fit360.ee\\\/en\\\/pood\\\/training-equipment-en\\\/gloves-en\\\/better-bodies-pro-lifting-gloves-2\\\/\",\"name\":\"BETTER BODIES PRO LIFTING GLOVES - Fit360\",\"isPartOf\":{\"@id\":\"https:\\\/\\\/fit360.ee\\\/en\\\/#website\"},\"primaryImageOfPage\":{\"@id\":\"https:\\\/\\\/fit360.ee\\\/en\\\/pood\\\/training-equipment-en\\\/gloves-en\\\/better-bodies-pro-lifting-gloves-2\\\/#primaryimage\"},\"image\":{\"@id\":\"https:\\\/\\\/fit360.ee\\\/en\\\/pood\\\/training-equipment-en\\\/gloves-en\\\/better-bodies-pro-lifting-gloves-2\\\/#primaryimage\"},\"thumbnailUrl\":\"https:\\\/\\\/fit360.ee\\\/wp-content\\\/uploads\\\/2016\\\/06\\\/BETTER-BODIES-PRO-LIFTING-GLOVES.jpg\",\"datePublished\":\"2016-06-30T11:38:07+00:00\",\"dateModified\":\"2022-09-17T14:52:31+00:00\",\"breadcrumb\":{\"@id\":\"https:\\\/\\\/fit360.ee\\\/en\\\/pood\\\/training-equipment-en\\\/gloves-en\\\/better-bodies-pro-lifting-gloves-2\\\/#breadcrumb\"},\"inLanguage\":\"en-US\",\"potentialAction\":[{\"@type\":\"ReadAction\",\"target\":[\"https:\\\/\\\/fit360.ee\\\/en\\\/pood\\\/training-equipment-en\\\/gloves-en\\\/better-bodies-pro-lifting-gloves-2\\\/\"]}]},{\"@type\":\"ImageObject\",\"inLanguage\":\"en-US\",\"@id\":\"https:\\\/\\\/fit360.ee\\\/en\\\/pood\\\/training-equipment-en\\\/gloves-en\\\/better-bodies-pro-lifting-gloves-2\\\/#primaryimage\",\"url\":\"https:\\\/\\\/fit360.ee\\\/wp-content\\\/uploads\\\/2016\\\/06\\\/BETTER-BODIES-PRO-LIFTING-GLOVES.jpg\",\"contentUrl\":\"https:\\\/\\\/fit360.ee\\\/wp-content\\\/uploads\\\/2016\\\/06\\\/BETTER-BODIES-PRO-LIFTING-GLOVES.jpg\",\"width\":560,\"height\":560},{\"@type\":\"BreadcrumbList\",\"@id\":\"https:\\\/\\\/fit360.ee\\\/en\\\/pood\\\/training-equipment-en\\\/gloves-en\\\/better-bodies-pro-lifting-gloves-2\\\/#breadcrumb\",\"itemListElement\":[{\"@type\":\"ListItem\",\"position\":1,\"name\":\"Home\",\"item\":\"https:\\\/\\\/fit360.ee\\\/en\\\/\"},{\"@type\":\"ListItem\",\"position\":2,\"name\":\"Shop\",\"item\":\"https:\\\/\\\/fit360.ee\\\/en\\\/shop\\\/\"},{\"@type\":\"ListItem\",\"position\":3,\"name\":\"BETTER BODIES PRO LIFTING GLOVES\"}]},{\"@type\":\"WebSite\",\"@id\":\"https:\\\/\\\/fit360.ee\\\/en\\\/#website\",\"url\":\"https:\\\/\\\/fit360.ee\\\/en\\\/\",\"name\":\"Fit360\",\"description\":\"\",\"publisher\":{\"@id\":\"https:\\\/\\\/fit360.ee\\\/en\\\/#organization\"},\"potentialAction\":[{\"@type\":\"SearchAction\",\"target\":{\"@type\":\"EntryPoint\",\"urlTemplate\":\"https:\\\/\\\/fit360.ee\\\/en\\\/?s={search_term_string}\"},\"query-input\":{\"@type\":\"PropertyValueSpecification\",\"valueRequired\":true,\"valueName\":\"search_term_string\"}}],\"inLanguage\":\"en-US\"},{\"@type\":\"Organization\",\"@id\":\"https:\\\/\\\/fit360.ee\\\/en\\\/#organization\",\"name\":\"Fit360\",\"url\":\"https:\\\/\\\/fit360.ee\\\/en\\\/\",\"logo\":{\"@type\":\"ImageObject\",\"inLanguage\":\"en-US\",\"@id\":\"https:\\\/\\\/fit360.ee\\\/en\\\/#\\\/schema\\\/logo\\\/image\\\/\",\"url\":\"https:\\\/\\\/fit360.ee\\\/wp-content\\\/uploads\\\/2017\\\/01\\\/logo-fit360.png\",\"contentUrl\":\"https:\\\/\\\/fit360.ee\\\/wp-content\\\/uploads\\\/2017\\\/01\\\/logo-fit360.png\",\"width\":180,\"height\":66,\"caption\":\"Fit360\"},\"image\":{\"@id\":\"https:\\\/\\\/fit360.ee\\\/en\\\/#\\\/schema\\\/logo\\\/image\\\/\"}}]}<\/script>\n<!-- \/ Yoast SEO plugin. -->","yoast_head_json":{"title":"BETTER BODIES PRO LIFTING GLOVES - Fit360","robots":{"index":"index","follow":"follow","max-snippet":"max-snippet:-1","max-image-preview":"max-image-preview:large","max-video-preview":"max-video-preview:-1"},"canonical":"https:\/\/fit360.ee\/en\/pood\/training-equipment-en\/gloves-en\/better-bodies-pro-lifting-gloves-2\/","og_locale":"en_US","og_type":"article","og_title":"BETTER BODIES PRO LIFTING GLOVES - Fit360","og_description":"Uudse disainiga Pro Lifting\u00a0kindad on suurep\u00e4raseks valikuks j\u00f5usaali. Topeltnahk peopesal ning hingav materjal on mugavad ja kaitsevad k\u00e4si samaaegselt. 70% veisenahksed kindad takistavad k\u00e4e libisemise. MATERJAL: 70% veisenahk, 30% pol\u00fcester. V\u00c4RVUS:\u00a0must; must-punane SUURUS: \u00a0S-XL TOIMI NII: M\u00d5\u00d5DA ENDA K\u00c4ELABA \u00dcMBERM\u00d5\u00d5T JUST K\u00d5IGE LAIEMAST KOHAST. NII SAAD SUURUSELE VASTAVA \u00dcMBERM\u00d5\u00d5DU. KINDASUURUSED: S - 19-20cm M - 20-21cm L - 21-22cm XL - 22-23cm XXL - 23-24cm NB!\u00a0Soovid tellida teistsugust mudelit, suurust v\u00f5i v\u00e4rvi? V\u00f5tame vastu BETTER BODIES\u00a0ja\u00a0GASP treeningr\u00f5ivaste ning aksessuaaride tellimusi. Tellimine toimub 2 korda kuus. Soovi korral kirjuta: info@fit360.ee","og_url":"https:\/\/fit360.ee\/en\/pood\/training-equipment-en\/gloves-en\/better-bodies-pro-lifting-gloves-2\/","og_site_name":"Fit360","article_modified_time":"2022-09-17T14:52:31+00:00","og_image":[{"width":560,"height":560,"url":"https:\/\/fit360.ee\/wp-content\/uploads\/2016\/06\/BETTER-BODIES-PRO-LIFTING-GLOVES.jpg","type":"image\/jpeg"}],"twitter_card":"summary_large_image","schema":{"@context":"https:\/\/schema.org","@graph":[{"@type":"WebPage","@id":"https:\/\/fit360.ee\/en\/pood\/training-equipment-en\/gloves-en\/better-bodies-pro-lifting-gloves-2\/","url":"https:\/\/fit360.ee\/en\/pood\/training-equipment-en\/gloves-en\/better-bodies-pro-lifting-gloves-2\/","name":"BETTER BODIES PRO LIFTING GLOVES - Fit360","isPartOf":{"@id":"https:\/\/fit360.ee\/en\/#website"},"primaryImageOfPage":{"@id":"https:\/\/fit360.ee\/en\/pood\/training-equipment-en\/gloves-en\/better-bodies-pro-lifting-gloves-2\/#primaryimage"},"image":{"@id":"https:\/\/fit360.ee\/en\/pood\/training-equipment-en\/gloves-en\/better-bodies-pro-lifting-gloves-2\/#primaryimage"},"thumbnailUrl":"https:\/\/fit360.ee\/wp-content\/uploads\/2016\/06\/BETTER-BODIES-PRO-LIFTING-GLOVES.jpg","datePublished":"2016-06-30T11:38:07+00:00","dateModified":"2022-09-17T14:52:31+00:00","breadcrumb":{"@id":"https:\/\/fit360.ee\/en\/pood\/training-equipment-en\/gloves-en\/better-bodies-pro-lifting-gloves-2\/#breadcrumb"},"inLanguage":"en-US","potentialAction":[{"@type":"ReadAction","target":["https:\/\/fit360.ee\/en\/pood\/training-equipment-en\/gloves-en\/better-bodies-pro-lifting-gloves-2\/"]}]},{"@type":"ImageObject","inLanguage":"en-US","@id":"https:\/\/fit360.ee\/en\/pood\/training-equipment-en\/gloves-en\/better-bodies-pro-lifting-gloves-2\/#primaryimage","url":"https:\/\/fit360.ee\/wp-content\/uploads\/2016\/06\/BETTER-BODIES-PRO-LIFTING-GLOVES.jpg","contentUrl":"https:\/\/fit360.ee\/wp-content\/uploads\/2016\/06\/BETTER-BODIES-PRO-LIFTING-GLOVES.jpg","width":560,"height":560},{"@type":"BreadcrumbList","@id":"https:\/\/fit360.ee\/en\/pood\/training-equipment-en\/gloves-en\/better-bodies-pro-lifting-gloves-2\/#breadcrumb","itemListElement":[{"@type":"ListItem","position":1,"name":"Home","item":"https:\/\/fit360.ee\/en\/"},{"@type":"ListItem","position":2,"name":"Shop","item":"https:\/\/fit360.ee\/en\/shop\/"},{"@type":"ListItem","position":3,"name":"BETTER BODIES PRO LIFTING GLOVES"}]},{"@type":"WebSite","@id":"https:\/\/fit360.ee\/en\/#website","url":"https:\/\/fit360.ee\/en\/","name":"Fit360","description":"","publisher":{"@id":"https:\/\/fit360.ee\/en\/#organization"},"potentialAction":[{"@type":"SearchAction","target":{"@type":"EntryPoint","urlTemplate":"https:\/\/fit360.ee\/en\/?s={search_term_string}"},"query-input":{"@type":"PropertyValueSpecification","valueRequired":true,"valueName":"search_term_string"}}],"inLanguage":"en-US"},{"@type":"Organization","@id":"https:\/\/fit360.ee\/en\/#organization","name":"Fit360","url":"https:\/\/fit360.ee\/en\/","logo":{"@type":"ImageObject","inLanguage":"en-US","@id":"https:\/\/fit360.ee\/en\/#\/schema\/logo\/image\/","url":"https:\/\/fit360.ee\/wp-content\/uploads\/2017\/01\/logo-fit360.png","contentUrl":"https:\/\/fit360.ee\/wp-content\/uploads\/2017\/01\/logo-fit360.png","width":180,"height":66,"caption":"Fit360"},"image":{"@id":"https:\/\/fit360.ee\/en\/#\/schema\/logo\/image\/"}}]}},"_links":{"self":[{"href":"https:\/\/fit360.ee\/en\/wp-json\/wp\/v2\/product\/9768","targetHints":{"allow":["GET"]}}],"collection":[{"href":"https:\/\/fit360.ee\/en\/wp-json\/wp\/v2\/product"}],"about":[{"href":"https:\/\/fit360.ee\/en\/wp-json\/wp\/v2\/types\/product"}],"replies":[{"embeddable":true,"href":"https:\/\/fit360.ee\/en\/wp-json\/wp\/v2\/comments?post=9768"}],"wp:featuredmedia":[{"embeddable":true,"href":"https:\/\/fit360.ee\/en\/wp-json\/wp\/v2\/media\/7487"}],"wp:attachment":[{"href":"https:\/\/fit360.ee\/en\/wp-json\/wp\/v2\/media?parent=9768"}],"wp:term":[{"taxonomy":"product_brand","embeddable":true,"href":"https:\/\/fit360.ee\/en\/wp-json\/wp\/v2\/product_brand?post=9768"},{"taxonomy":"product_cat","embeddable":true,"href":"https:\/\/fit360.ee\/en\/wp-json\/wp\/v2\/product_cat?post=9768"},{"taxonomy":"product_tag","embeddable":true,"href":"https:\/\/fit360.ee\/en\/wp-json\/wp\/v2\/product_tag?post=9768"},{"taxonomy":"giftcard-category","embeddable":true,"href":"https:\/\/fit360.ee\/en\/wp-json\/wp\/v2\/giftcard-category?post=9768"}],"curies":[{"name":"wp","href":"https:\/\/api.w.org\/{rel}","templated":true}]}}