{"id":9781,"date":"2016-06-16T11:34:15","date_gmt":"2016-06-16T09:34:15","guid":{"rendered":"https:\/\/fit360.ee\/shop\/maaratlemata\/womens-training-gloves\/"},"modified":"2022-09-17T08:43:20","modified_gmt":"2022-09-17T06:43:20","slug":"womens-training-gloves","status":"publish","type":"product","link":"https:\/\/fit360.ee\/en\/pood\/training-equipment-en\/gloves-en\/womens-training-gloves\/","title":{"rendered":"WOMENS TRAINING GLOVES"},"content":{"rendered":"","protected":false},"excerpt":{"rendered":"<p><strong>WOMENS TRAINING GLOVES<\/strong> on valmistatud k\u00f5rge kvaliteediga Amara nahast ning kinnaste tagak\u00fcljel ning s\u00f5rmede vahel toestab k\u00e4tt elastne v\u00f5rk. Lisakaitse annab k\u00e4tele kinnaste polsterdatud peopesa.\u00a0 Kinnastel on turvaline Velcro sulgemine ning nad on pesumasinas pestavad. Nende mugavate treeningkinnaste eesm\u00e4rk on takistada haardel libisemast ning hoida peopesa nahk terve ja pehme. <strong>SUURUSED<\/strong>: S-L <strong>V\u00c4RVUS<\/strong>: Must\/Laim; Must\/Oranz <strong>NB!\u00a0<\/strong>Soovid tellida teistsugust mudelit, suurust v\u00f5i v\u00e4rvi? V\u00f5tame vastu <strong>BETTER BODIES\u00a0<\/strong>ja\u00a0<strong>GASP<\/strong> treeningr\u00f5ivaste ning aksessuaaride tellimusi. Tellimine toimub 2 korda kuus. Soovi korral kirjuta: <strong>info@fit360.ee<\/strong><\/p>\n","protected":false},"featured_media":7484,"comment_status":"open","ping_status":"closed","template":"","meta":[],"product_brand":[],"product_cat":[541],"product_tag":[],"giftcard-category":[],"class_list":{"0":"post-9781","1":"product","2":"type-product","3":"status-publish","4":"has-post-thumbnail","6":"product_cat-gloves-en","7":"pa_suurus-l","8":"pa_suurus-m","9":"pa_suurus-s","10":"pa_varvus-black-black","12":"first","13":"instock","14":"sale","15":"taxable","16":"shipping-taxable","17":"purchasable","18":"product-type-variable"},"yoast_head":"<!-- This site is optimized with the Yoast SEO plugin v27.3 - https:\/\/yoast.com\/product\/yoast-seo-wordpress\/ -->\n<title>WOMENS TRAINING GLOVES - Fit360<\/title>\n<meta name=\"robots\" content=\"index, follow, max-snippet:-1, max-image-preview:large, max-video-preview:-1\" \/>\n<link rel=\"canonical\" href=\"https:\/\/fit360.ee\/en\/pood\/training-equipment-en\/gloves-en\/womens-training-gloves\/\" \/>\n<meta property=\"og:locale\" content=\"en_US\" \/>\n<meta property=\"og:type\" content=\"article\" \/>\n<meta property=\"og:title\" content=\"WOMENS TRAINING GLOVES - Fit360\" \/>\n<meta property=\"og:description\" content=\"WOMENS TRAINING GLOVES on valmistatud k\u00f5rge kvaliteediga Amara nahast ning kinnaste tagak\u00fcljel ning s\u00f5rmede vahel toestab k\u00e4tt elastne v\u00f5rk. Lisakaitse annab k\u00e4tele kinnaste polsterdatud peopesa.\u00a0 Kinnastel on turvaline Velcro sulgemine ning nad on pesumasinas pestavad. Nende mugavate treeningkinnaste eesm\u00e4rk on takistada haardel libisemast ning hoida peopesa nahk terve ja pehme. SUURUSED: S-L V\u00c4RVUS: Must\/Laim; Must\/Oranz NB!\u00a0Soovid tellida teistsugust mudelit, suurust v\u00f5i v\u00e4rvi? V\u00f5tame vastu BETTER BODIES\u00a0ja\u00a0GASP treeningr\u00f5ivaste ning aksessuaaride tellimusi. Tellimine toimub 2 korda kuus. Soovi korral kirjuta: info@fit360.ee\" \/>\n<meta property=\"og:url\" content=\"https:\/\/fit360.ee\/en\/pood\/training-equipment-en\/gloves-en\/womens-training-gloves\/\" \/>\n<meta property=\"og:site_name\" content=\"Fit360\" \/>\n<meta property=\"article:modified_time\" content=\"2022-09-17T06:43:20+00:00\" \/>\n<meta property=\"og:image\" content=\"https:\/\/fit360.ee\/wp-content\/uploads\/2016\/06\/womens-training-glove-blacklime.jpg\" \/>\n\t<meta property=\"og:image:width\" content=\"560\" \/>\n\t<meta property=\"og:image:height\" content=\"560\" \/>\n\t<meta property=\"og:image:type\" content=\"image\/jpeg\" \/>\n<meta name=\"twitter:card\" content=\"summary_large_image\" \/>\n<script type=\"application\/ld+json\" class=\"yoast-schema-graph\">{\"@context\":\"https:\\\/\\\/schema.org\",\"@graph\":[{\"@type\":\"WebPage\",\"@id\":\"https:\\\/\\\/fit360.ee\\\/en\\\/pood\\\/training-equipment-en\\\/gloves-en\\\/womens-training-gloves\\\/\",\"url\":\"https:\\\/\\\/fit360.ee\\\/en\\\/pood\\\/training-equipment-en\\\/gloves-en\\\/womens-training-gloves\\\/\",\"name\":\"WOMENS TRAINING GLOVES - Fit360\",\"isPartOf\":{\"@id\":\"https:\\\/\\\/fit360.ee\\\/en\\\/#website\"},\"primaryImageOfPage\":{\"@id\":\"https:\\\/\\\/fit360.ee\\\/en\\\/pood\\\/training-equipment-en\\\/gloves-en\\\/womens-training-gloves\\\/#primaryimage\"},\"image\":{\"@id\":\"https:\\\/\\\/fit360.ee\\\/en\\\/pood\\\/training-equipment-en\\\/gloves-en\\\/womens-training-gloves\\\/#primaryimage\"},\"thumbnailUrl\":\"https:\\\/\\\/fit360.ee\\\/wp-content\\\/uploads\\\/2016\\\/06\\\/womens-training-glove-blacklime.jpg\",\"datePublished\":\"2016-06-16T09:34:15+00:00\",\"dateModified\":\"2022-09-17T06:43:20+00:00\",\"breadcrumb\":{\"@id\":\"https:\\\/\\\/fit360.ee\\\/en\\\/pood\\\/training-equipment-en\\\/gloves-en\\\/womens-training-gloves\\\/#breadcrumb\"},\"inLanguage\":\"en-US\",\"potentialAction\":[{\"@type\":\"ReadAction\",\"target\":[\"https:\\\/\\\/fit360.ee\\\/en\\\/pood\\\/training-equipment-en\\\/gloves-en\\\/womens-training-gloves\\\/\"]}]},{\"@type\":\"ImageObject\",\"inLanguage\":\"en-US\",\"@id\":\"https:\\\/\\\/fit360.ee\\\/en\\\/pood\\\/training-equipment-en\\\/gloves-en\\\/womens-training-gloves\\\/#primaryimage\",\"url\":\"https:\\\/\\\/fit360.ee\\\/wp-content\\\/uploads\\\/2016\\\/06\\\/womens-training-glove-blacklime.jpg\",\"contentUrl\":\"https:\\\/\\\/fit360.ee\\\/wp-content\\\/uploads\\\/2016\\\/06\\\/womens-training-glove-blacklime.jpg\",\"width\":560,\"height\":560},{\"@type\":\"BreadcrumbList\",\"@id\":\"https:\\\/\\\/fit360.ee\\\/en\\\/pood\\\/training-equipment-en\\\/gloves-en\\\/womens-training-gloves\\\/#breadcrumb\",\"itemListElement\":[{\"@type\":\"ListItem\",\"position\":1,\"name\":\"Home\",\"item\":\"https:\\\/\\\/fit360.ee\\\/en\\\/\"},{\"@type\":\"ListItem\",\"position\":2,\"name\":\"Shop\",\"item\":\"https:\\\/\\\/fit360.ee\\\/en\\\/shop\\\/\"},{\"@type\":\"ListItem\",\"position\":3,\"name\":\"WOMENS TRAINING GLOVES\"}]},{\"@type\":\"WebSite\",\"@id\":\"https:\\\/\\\/fit360.ee\\\/en\\\/#website\",\"url\":\"https:\\\/\\\/fit360.ee\\\/en\\\/\",\"name\":\"Fit360\",\"description\":\"\",\"publisher\":{\"@id\":\"https:\\\/\\\/fit360.ee\\\/en\\\/#organization\"},\"potentialAction\":[{\"@type\":\"SearchAction\",\"target\":{\"@type\":\"EntryPoint\",\"urlTemplate\":\"https:\\\/\\\/fit360.ee\\\/en\\\/?s={search_term_string}\"},\"query-input\":{\"@type\":\"PropertyValueSpecification\",\"valueRequired\":true,\"valueName\":\"search_term_string\"}}],\"inLanguage\":\"en-US\"},{\"@type\":\"Organization\",\"@id\":\"https:\\\/\\\/fit360.ee\\\/en\\\/#organization\",\"name\":\"Fit360\",\"url\":\"https:\\\/\\\/fit360.ee\\\/en\\\/\",\"logo\":{\"@type\":\"ImageObject\",\"inLanguage\":\"en-US\",\"@id\":\"https:\\\/\\\/fit360.ee\\\/en\\\/#\\\/schema\\\/logo\\\/image\\\/\",\"url\":\"https:\\\/\\\/fit360.ee\\\/wp-content\\\/uploads\\\/2017\\\/01\\\/logo-fit360.png\",\"contentUrl\":\"https:\\\/\\\/fit360.ee\\\/wp-content\\\/uploads\\\/2017\\\/01\\\/logo-fit360.png\",\"width\":180,\"height\":66,\"caption\":\"Fit360\"},\"image\":{\"@id\":\"https:\\\/\\\/fit360.ee\\\/en\\\/#\\\/schema\\\/logo\\\/image\\\/\"}}]}<\/script>\n<!-- \/ Yoast SEO plugin. -->","yoast_head_json":{"title":"WOMENS TRAINING GLOVES - Fit360","robots":{"index":"index","follow":"follow","max-snippet":"max-snippet:-1","max-image-preview":"max-image-preview:large","max-video-preview":"max-video-preview:-1"},"canonical":"https:\/\/fit360.ee\/en\/pood\/training-equipment-en\/gloves-en\/womens-training-gloves\/","og_locale":"en_US","og_type":"article","og_title":"WOMENS TRAINING GLOVES - Fit360","og_description":"WOMENS TRAINING GLOVES on valmistatud k\u00f5rge kvaliteediga Amara nahast ning kinnaste tagak\u00fcljel ning s\u00f5rmede vahel toestab k\u00e4tt elastne v\u00f5rk. Lisakaitse annab k\u00e4tele kinnaste polsterdatud peopesa.\u00a0 Kinnastel on turvaline Velcro sulgemine ning nad on pesumasinas pestavad. Nende mugavate treeningkinnaste eesm\u00e4rk on takistada haardel libisemast ning hoida peopesa nahk terve ja pehme. SUURUSED: S-L V\u00c4RVUS: Must\/Laim; Must\/Oranz NB!\u00a0Soovid tellida teistsugust mudelit, suurust v\u00f5i v\u00e4rvi? V\u00f5tame vastu BETTER BODIES\u00a0ja\u00a0GASP treeningr\u00f5ivaste ning aksessuaaride tellimusi. Tellimine toimub 2 korda kuus. Soovi korral kirjuta: info@fit360.ee","og_url":"https:\/\/fit360.ee\/en\/pood\/training-equipment-en\/gloves-en\/womens-training-gloves\/","og_site_name":"Fit360","article_modified_time":"2022-09-17T06:43:20+00:00","og_image":[{"width":560,"height":560,"url":"https:\/\/fit360.ee\/wp-content\/uploads\/2016\/06\/womens-training-glove-blacklime.jpg","type":"image\/jpeg"}],"twitter_card":"summary_large_image","schema":{"@context":"https:\/\/schema.org","@graph":[{"@type":"WebPage","@id":"https:\/\/fit360.ee\/en\/pood\/training-equipment-en\/gloves-en\/womens-training-gloves\/","url":"https:\/\/fit360.ee\/en\/pood\/training-equipment-en\/gloves-en\/womens-training-gloves\/","name":"WOMENS TRAINING GLOVES - Fit360","isPartOf":{"@id":"https:\/\/fit360.ee\/en\/#website"},"primaryImageOfPage":{"@id":"https:\/\/fit360.ee\/en\/pood\/training-equipment-en\/gloves-en\/womens-training-gloves\/#primaryimage"},"image":{"@id":"https:\/\/fit360.ee\/en\/pood\/training-equipment-en\/gloves-en\/womens-training-gloves\/#primaryimage"},"thumbnailUrl":"https:\/\/fit360.ee\/wp-content\/uploads\/2016\/06\/womens-training-glove-blacklime.jpg","datePublished":"2016-06-16T09:34:15+00:00","dateModified":"2022-09-17T06:43:20+00:00","breadcrumb":{"@id":"https:\/\/fit360.ee\/en\/pood\/training-equipment-en\/gloves-en\/womens-training-gloves\/#breadcrumb"},"inLanguage":"en-US","potentialAction":[{"@type":"ReadAction","target":["https:\/\/fit360.ee\/en\/pood\/training-equipment-en\/gloves-en\/womens-training-gloves\/"]}]},{"@type":"ImageObject","inLanguage":"en-US","@id":"https:\/\/fit360.ee\/en\/pood\/training-equipment-en\/gloves-en\/womens-training-gloves\/#primaryimage","url":"https:\/\/fit360.ee\/wp-content\/uploads\/2016\/06\/womens-training-glove-blacklime.jpg","contentUrl":"https:\/\/fit360.ee\/wp-content\/uploads\/2016\/06\/womens-training-glove-blacklime.jpg","width":560,"height":560},{"@type":"BreadcrumbList","@id":"https:\/\/fit360.ee\/en\/pood\/training-equipment-en\/gloves-en\/womens-training-gloves\/#breadcrumb","itemListElement":[{"@type":"ListItem","position":1,"name":"Home","item":"https:\/\/fit360.ee\/en\/"},{"@type":"ListItem","position":2,"name":"Shop","item":"https:\/\/fit360.ee\/en\/shop\/"},{"@type":"ListItem","position":3,"name":"WOMENS TRAINING GLOVES"}]},{"@type":"WebSite","@id":"https:\/\/fit360.ee\/en\/#website","url":"https:\/\/fit360.ee\/en\/","name":"Fit360","description":"","publisher":{"@id":"https:\/\/fit360.ee\/en\/#organization"},"potentialAction":[{"@type":"SearchAction","target":{"@type":"EntryPoint","urlTemplate":"https:\/\/fit360.ee\/en\/?s={search_term_string}"},"query-input":{"@type":"PropertyValueSpecification","valueRequired":true,"valueName":"search_term_string"}}],"inLanguage":"en-US"},{"@type":"Organization","@id":"https:\/\/fit360.ee\/en\/#organization","name":"Fit360","url":"https:\/\/fit360.ee\/en\/","logo":{"@type":"ImageObject","inLanguage":"en-US","@id":"https:\/\/fit360.ee\/en\/#\/schema\/logo\/image\/","url":"https:\/\/fit360.ee\/wp-content\/uploads\/2017\/01\/logo-fit360.png","contentUrl":"https:\/\/fit360.ee\/wp-content\/uploads\/2017\/01\/logo-fit360.png","width":180,"height":66,"caption":"Fit360"},"image":{"@id":"https:\/\/fit360.ee\/en\/#\/schema\/logo\/image\/"}}]}},"_links":{"self":[{"href":"https:\/\/fit360.ee\/en\/wp-json\/wp\/v2\/product\/9781","targetHints":{"allow":["GET"]}}],"collection":[{"href":"https:\/\/fit360.ee\/en\/wp-json\/wp\/v2\/product"}],"about":[{"href":"https:\/\/fit360.ee\/en\/wp-json\/wp\/v2\/types\/product"}],"replies":[{"embeddable":true,"href":"https:\/\/fit360.ee\/en\/wp-json\/wp\/v2\/comments?post=9781"}],"wp:featuredmedia":[{"embeddable":true,"href":"https:\/\/fit360.ee\/en\/wp-json\/wp\/v2\/media\/7484"}],"wp:attachment":[{"href":"https:\/\/fit360.ee\/en\/wp-json\/wp\/v2\/media?parent=9781"}],"wp:term":[{"taxonomy":"product_brand","embeddable":true,"href":"https:\/\/fit360.ee\/en\/wp-json\/wp\/v2\/product_brand?post=9781"},{"taxonomy":"product_cat","embeddable":true,"href":"https:\/\/fit360.ee\/en\/wp-json\/wp\/v2\/product_cat?post=9781"},{"taxonomy":"product_tag","embeddable":true,"href":"https:\/\/fit360.ee\/en\/wp-json\/wp\/v2\/product_tag?post=9781"},{"taxonomy":"giftcard-category","embeddable":true,"href":"https:\/\/fit360.ee\/en\/wp-json\/wp\/v2\/giftcard-category?post=9781"}],"curies":[{"name":"wp","href":"https:\/\/api.w.org\/{rel}","templated":true}]}}