{"id":9915,"date":"2016-06-10T12:53:54","date_gmt":"2016-06-10T10:53:54","guid":{"rendered":"https:\/\/fit360.ee\/shop\/maaratlemata\/tribulus-150-caps-2\/"},"modified":"2026-02-17T22:32:05","modified_gmt":"2026-02-17T20:32:05","slug":"tribulus-150-caps-2","status":"publish","type":"product","link":"https:\/\/fit360.ee\/en\/pood\/product-groups\/testosterone-boosters-en\/tribulus-en\/tribulus-150-caps-2\/","title":{"rendered":"Tribulus (150 caps)"},"content":{"rendered":"<p><strong>Ingredients:<\/strong> extract of the fruits of Tribulus terrestris (standardized to 60 % saponins), Gelatine (capsule), Water (capsule), Titanium dioxide (colourant).<\/p>\n<p><strong>Directions for use<\/strong>: take 1 capsule a day during a mea. Do not exceed the maximum of 1 serving (1 capsule ) daily.<\/p>\n<p><strong>Package contents<\/strong>: 150 capsules &#8211; 150 servings<\/p>\n<table style=\"width: 344px; height: 61px;\">\n<tbody>\n<tr>\n<td style=\"width: 169.132px;\"><strong>Active ingredients<\/strong><\/td>\n<td style=\"width: 92.4653px;\"><strong>1 serving (1 capsule):<\/strong><\/td>\n<td style=\"width: 62.4653px;\"><strong>%RDA<\/strong><\/td>\n<\/tr>\n<tr>\n<td style=\"width: 169.132px;\">Extract of the fruits of Tribulus terrestris standardized to 60 % saponins<\/td>\n<td style=\"width: 92.4653px;\">1000 mg<\/td>\n<td style=\"width: 62.4653px;\">**<\/td>\n<\/tr>\n<\/tbody>\n<\/table>\n<p>%RDA \u2013 Recommended Daily Allowance, ** \u2013 RDA not established.<\/p>\n","protected":false},"excerpt":{"rendered":"<p><strong>Tribulus 150 caps:<\/strong><\/p>\n<ul>\n<li>Enhances physical and sexual performance<\/li>\n<li>Improves your endurance during workout<\/li>\n<li>Increases your strength<\/li>\n<li>Standardized to 60% saponins<\/li>\n<li>Strong anabolic formula<\/li>\n<li>Testosterone booster<\/li>\n<\/ul>\n<p><strong>Tribulus<\/strong> by Real Pharm contains an outstanding 1000 mg dose of tribulus terrestris extract enclosed in a special capsule, which additionally increases its absorption by the body.<\/p>\n<p><strong>Tribulus<\/strong> by Real Pharm effectively enhances physical and sexual performance, improves your endurance during workout and increases your strength!<\/p>\n<p><strong>Tribulus<\/strong> by Real Pharm is an ideal product for every man. Even though it is especially recommended for physically active people, including professional and amateur athletes, its potential will be also appreciated by men coping with lowered libido and sexual dysfunctions!<\/p>\n<p>&nbsp;<\/p>\n","protected":false},"featured_media":39519,"comment_status":"open","ping_status":"closed","template":"","meta":[],"product_brand":[],"product_cat":[515,532,2450],"product_tag":[1803,2715,2167,2168],"giftcard-category":[],"class_list":{"0":"post-9915","1":"product","2":"type-product","3":"status-publish","4":"has-post-thumbnail","6":"product_cat-real-pharm","7":"product_cat-testosterone-boosters-en","8":"product_cat-tribulus-en","9":"product_tag-real-pharm-en","10":"product_tag-testosterooni-tostmine-en","11":"product_tag-tribulus-en","12":"product_tag-tribulus-terrestris-en","13":"pa_toidulisand-branddd-real-pharm","14":"pa_tootegruppp-testosterone-enhancers","15":"pa_tootegruppp-tribulus-en","17":"first","18":"outofstock","19":"sale","20":"taxable","21":"shipping-taxable","22":"purchasable","23":"product-type-simple"},"yoast_head":"<!-- This site is optimized with the Yoast SEO plugin v27.3 - https:\/\/yoast.com\/product\/yoast-seo-wordpress\/ -->\n<title>Tribulus (150 caps) - Testosterooni t\u00f5stmine - Tribulus Terrestris - Fit360<\/title>\n<meta name=\"description\" content=\"Tribulus: t\u00f5stab testosteroonitaset, muudab seksuaalselt aktiivsemaks ja parandab seksuaalv\u00f5imekust ning soodustab lihasmassi kasvu.\" \/>\n<meta name=\"robots\" content=\"index, follow, max-snippet:-1, max-image-preview:large, max-video-preview:-1\" \/>\n<link rel=\"canonical\" href=\"https:\/\/fit360.ee\/en\/pood\/product-groups\/testosterone-boosters-en\/tribulus-en\/tribulus-150-caps-2\/\" \/>\n<meta property=\"og:locale\" content=\"en_US\" \/>\n<meta property=\"og:type\" content=\"article\" \/>\n<meta property=\"og:title\" content=\"Tribulus (150 caps) - Testosterooni t\u00f5stmine - Tribulus Terrestris - Fit360\" \/>\n<meta property=\"og:description\" content=\"Tribulus: t\u00f5stab testosteroonitaset, muudab seksuaalselt aktiivsemaks ja parandab seksuaalv\u00f5imekust ning soodustab lihasmassi kasvu.\" \/>\n<meta property=\"og:url\" content=\"https:\/\/fit360.ee\/en\/pood\/product-groups\/testosterone-boosters-en\/tribulus-en\/tribulus-150-caps-2\/\" \/>\n<meta property=\"og:site_name\" content=\"Fit360\" \/>\n<meta property=\"article:modified_time\" content=\"2026-02-17T20:32:05+00:00\" \/>\n<meta property=\"og:image\" content=\"https:\/\/fit360.ee\/wp-content\/uploads\/2016\/06\/real-pharm-tribulus-150-caps.png\" \/>\n\t<meta property=\"og:image:width\" content=\"800\" \/>\n\t<meta property=\"og:image:height\" content=\"800\" \/>\n\t<meta property=\"og:image:type\" content=\"image\/png\" \/>\n<meta name=\"twitter:card\" content=\"summary_large_image\" \/>\n<script type=\"application\/ld+json\" class=\"yoast-schema-graph\">{\"@context\":\"https:\\\/\\\/schema.org\",\"@graph\":[{\"@type\":\"WebPage\",\"@id\":\"https:\\\/\\\/fit360.ee\\\/en\\\/pood\\\/product-groups\\\/testosterone-boosters-en\\\/tribulus-en\\\/tribulus-150-caps-2\\\/\",\"url\":\"https:\\\/\\\/fit360.ee\\\/en\\\/pood\\\/product-groups\\\/testosterone-boosters-en\\\/tribulus-en\\\/tribulus-150-caps-2\\\/\",\"name\":\"Tribulus (150 caps) - Testosterooni t\u00f5stmine - Tribulus Terrestris - Fit360\",\"isPartOf\":{\"@id\":\"https:\\\/\\\/fit360.ee\\\/en\\\/#website\"},\"primaryImageOfPage\":{\"@id\":\"https:\\\/\\\/fit360.ee\\\/en\\\/pood\\\/product-groups\\\/testosterone-boosters-en\\\/tribulus-en\\\/tribulus-150-caps-2\\\/#primaryimage\"},\"image\":{\"@id\":\"https:\\\/\\\/fit360.ee\\\/en\\\/pood\\\/product-groups\\\/testosterone-boosters-en\\\/tribulus-en\\\/tribulus-150-caps-2\\\/#primaryimage\"},\"thumbnailUrl\":\"https:\\\/\\\/fit360.ee\\\/wp-content\\\/uploads\\\/2016\\\/06\\\/real-pharm-tribulus-150-caps.png\",\"datePublished\":\"2016-06-10T10:53:54+00:00\",\"dateModified\":\"2026-02-17T20:32:05+00:00\",\"description\":\"Tribulus: t\u00f5stab testosteroonitaset, muudab seksuaalselt aktiivsemaks ja parandab seksuaalv\u00f5imekust ning soodustab lihasmassi kasvu.\",\"breadcrumb\":{\"@id\":\"https:\\\/\\\/fit360.ee\\\/en\\\/pood\\\/product-groups\\\/testosterone-boosters-en\\\/tribulus-en\\\/tribulus-150-caps-2\\\/#breadcrumb\"},\"inLanguage\":\"en-US\",\"potentialAction\":[{\"@type\":\"ReadAction\",\"target\":[\"https:\\\/\\\/fit360.ee\\\/en\\\/pood\\\/product-groups\\\/testosterone-boosters-en\\\/tribulus-en\\\/tribulus-150-caps-2\\\/\"]}]},{\"@type\":\"ImageObject\",\"inLanguage\":\"en-US\",\"@id\":\"https:\\\/\\\/fit360.ee\\\/en\\\/pood\\\/product-groups\\\/testosterone-boosters-en\\\/tribulus-en\\\/tribulus-150-caps-2\\\/#primaryimage\",\"url\":\"https:\\\/\\\/fit360.ee\\\/wp-content\\\/uploads\\\/2016\\\/06\\\/real-pharm-tribulus-150-caps.png\",\"contentUrl\":\"https:\\\/\\\/fit360.ee\\\/wp-content\\\/uploads\\\/2016\\\/06\\\/real-pharm-tribulus-150-caps.png\",\"width\":800,\"height\":800,\"caption\":\"Tribulus Terrestris testosterooni t\u00f5stmine - fit360.ee\"},{\"@type\":\"BreadcrumbList\",\"@id\":\"https:\\\/\\\/fit360.ee\\\/en\\\/pood\\\/product-groups\\\/testosterone-boosters-en\\\/tribulus-en\\\/tribulus-150-caps-2\\\/#breadcrumb\",\"itemListElement\":[{\"@type\":\"ListItem\",\"position\":1,\"name\":\"Home\",\"item\":\"https:\\\/\\\/fit360.ee\\\/en\\\/\"},{\"@type\":\"ListItem\",\"position\":2,\"name\":\"Shop\",\"item\":\"https:\\\/\\\/fit360.ee\\\/en\\\/shop\\\/\"},{\"@type\":\"ListItem\",\"position\":3,\"name\":\"Tribulus (150 caps)\"}]},{\"@type\":\"WebSite\",\"@id\":\"https:\\\/\\\/fit360.ee\\\/en\\\/#website\",\"url\":\"https:\\\/\\\/fit360.ee\\\/en\\\/\",\"name\":\"Fit360\",\"description\":\"\",\"publisher\":{\"@id\":\"https:\\\/\\\/fit360.ee\\\/en\\\/#organization\"},\"potentialAction\":[{\"@type\":\"SearchAction\",\"target\":{\"@type\":\"EntryPoint\",\"urlTemplate\":\"https:\\\/\\\/fit360.ee\\\/en\\\/?s={search_term_string}\"},\"query-input\":{\"@type\":\"PropertyValueSpecification\",\"valueRequired\":true,\"valueName\":\"search_term_string\"}}],\"inLanguage\":\"en-US\"},{\"@type\":\"Organization\",\"@id\":\"https:\\\/\\\/fit360.ee\\\/en\\\/#organization\",\"name\":\"Fit360\",\"url\":\"https:\\\/\\\/fit360.ee\\\/en\\\/\",\"logo\":{\"@type\":\"ImageObject\",\"inLanguage\":\"en-US\",\"@id\":\"https:\\\/\\\/fit360.ee\\\/en\\\/#\\\/schema\\\/logo\\\/image\\\/\",\"url\":\"https:\\\/\\\/fit360.ee\\\/wp-content\\\/uploads\\\/2017\\\/01\\\/logo-fit360.png\",\"contentUrl\":\"https:\\\/\\\/fit360.ee\\\/wp-content\\\/uploads\\\/2017\\\/01\\\/logo-fit360.png\",\"width\":180,\"height\":66,\"caption\":\"Fit360\"},\"image\":{\"@id\":\"https:\\\/\\\/fit360.ee\\\/en\\\/#\\\/schema\\\/logo\\\/image\\\/\"}}]}<\/script>\n<!-- \/ Yoast SEO plugin. -->","yoast_head_json":{"title":"Tribulus (150 caps) - Testosterooni t\u00f5stmine - Tribulus Terrestris - Fit360","description":"Tribulus: t\u00f5stab testosteroonitaset, muudab seksuaalselt aktiivsemaks ja parandab seksuaalv\u00f5imekust ning soodustab lihasmassi kasvu.","robots":{"index":"index","follow":"follow","max-snippet":"max-snippet:-1","max-image-preview":"max-image-preview:large","max-video-preview":"max-video-preview:-1"},"canonical":"https:\/\/fit360.ee\/en\/pood\/product-groups\/testosterone-boosters-en\/tribulus-en\/tribulus-150-caps-2\/","og_locale":"en_US","og_type":"article","og_title":"Tribulus (150 caps) - Testosterooni t\u00f5stmine - Tribulus Terrestris - Fit360","og_description":"Tribulus: t\u00f5stab testosteroonitaset, muudab seksuaalselt aktiivsemaks ja parandab seksuaalv\u00f5imekust ning soodustab lihasmassi kasvu.","og_url":"https:\/\/fit360.ee\/en\/pood\/product-groups\/testosterone-boosters-en\/tribulus-en\/tribulus-150-caps-2\/","og_site_name":"Fit360","article_modified_time":"2026-02-17T20:32:05+00:00","og_image":[{"width":800,"height":800,"url":"https:\/\/fit360.ee\/wp-content\/uploads\/2016\/06\/real-pharm-tribulus-150-caps.png","type":"image\/png"}],"twitter_card":"summary_large_image","schema":{"@context":"https:\/\/schema.org","@graph":[{"@type":"WebPage","@id":"https:\/\/fit360.ee\/en\/pood\/product-groups\/testosterone-boosters-en\/tribulus-en\/tribulus-150-caps-2\/","url":"https:\/\/fit360.ee\/en\/pood\/product-groups\/testosterone-boosters-en\/tribulus-en\/tribulus-150-caps-2\/","name":"Tribulus (150 caps) - Testosterooni t\u00f5stmine - Tribulus Terrestris - Fit360","isPartOf":{"@id":"https:\/\/fit360.ee\/en\/#website"},"primaryImageOfPage":{"@id":"https:\/\/fit360.ee\/en\/pood\/product-groups\/testosterone-boosters-en\/tribulus-en\/tribulus-150-caps-2\/#primaryimage"},"image":{"@id":"https:\/\/fit360.ee\/en\/pood\/product-groups\/testosterone-boosters-en\/tribulus-en\/tribulus-150-caps-2\/#primaryimage"},"thumbnailUrl":"https:\/\/fit360.ee\/wp-content\/uploads\/2016\/06\/real-pharm-tribulus-150-caps.png","datePublished":"2016-06-10T10:53:54+00:00","dateModified":"2026-02-17T20:32:05+00:00","description":"Tribulus: t\u00f5stab testosteroonitaset, muudab seksuaalselt aktiivsemaks ja parandab seksuaalv\u00f5imekust ning soodustab lihasmassi kasvu.","breadcrumb":{"@id":"https:\/\/fit360.ee\/en\/pood\/product-groups\/testosterone-boosters-en\/tribulus-en\/tribulus-150-caps-2\/#breadcrumb"},"inLanguage":"en-US","potentialAction":[{"@type":"ReadAction","target":["https:\/\/fit360.ee\/en\/pood\/product-groups\/testosterone-boosters-en\/tribulus-en\/tribulus-150-caps-2\/"]}]},{"@type":"ImageObject","inLanguage":"en-US","@id":"https:\/\/fit360.ee\/en\/pood\/product-groups\/testosterone-boosters-en\/tribulus-en\/tribulus-150-caps-2\/#primaryimage","url":"https:\/\/fit360.ee\/wp-content\/uploads\/2016\/06\/real-pharm-tribulus-150-caps.png","contentUrl":"https:\/\/fit360.ee\/wp-content\/uploads\/2016\/06\/real-pharm-tribulus-150-caps.png","width":800,"height":800,"caption":"Tribulus Terrestris testosterooni t\u00f5stmine - fit360.ee"},{"@type":"BreadcrumbList","@id":"https:\/\/fit360.ee\/en\/pood\/product-groups\/testosterone-boosters-en\/tribulus-en\/tribulus-150-caps-2\/#breadcrumb","itemListElement":[{"@type":"ListItem","position":1,"name":"Home","item":"https:\/\/fit360.ee\/en\/"},{"@type":"ListItem","position":2,"name":"Shop","item":"https:\/\/fit360.ee\/en\/shop\/"},{"@type":"ListItem","position":3,"name":"Tribulus (150 caps)"}]},{"@type":"WebSite","@id":"https:\/\/fit360.ee\/en\/#website","url":"https:\/\/fit360.ee\/en\/","name":"Fit360","description":"","publisher":{"@id":"https:\/\/fit360.ee\/en\/#organization"},"potentialAction":[{"@type":"SearchAction","target":{"@type":"EntryPoint","urlTemplate":"https:\/\/fit360.ee\/en\/?s={search_term_string}"},"query-input":{"@type":"PropertyValueSpecification","valueRequired":true,"valueName":"search_term_string"}}],"inLanguage":"en-US"},{"@type":"Organization","@id":"https:\/\/fit360.ee\/en\/#organization","name":"Fit360","url":"https:\/\/fit360.ee\/en\/","logo":{"@type":"ImageObject","inLanguage":"en-US","@id":"https:\/\/fit360.ee\/en\/#\/schema\/logo\/image\/","url":"https:\/\/fit360.ee\/wp-content\/uploads\/2017\/01\/logo-fit360.png","contentUrl":"https:\/\/fit360.ee\/wp-content\/uploads\/2017\/01\/logo-fit360.png","width":180,"height":66,"caption":"Fit360"},"image":{"@id":"https:\/\/fit360.ee\/en\/#\/schema\/logo\/image\/"}}]}},"_links":{"self":[{"href":"https:\/\/fit360.ee\/en\/wp-json\/wp\/v2\/product\/9915","targetHints":{"allow":["GET"]}}],"collection":[{"href":"https:\/\/fit360.ee\/en\/wp-json\/wp\/v2\/product"}],"about":[{"href":"https:\/\/fit360.ee\/en\/wp-json\/wp\/v2\/types\/product"}],"replies":[{"embeddable":true,"href":"https:\/\/fit360.ee\/en\/wp-json\/wp\/v2\/comments?post=9915"}],"wp:featuredmedia":[{"embeddable":true,"href":"https:\/\/fit360.ee\/en\/wp-json\/wp\/v2\/media\/39519"}],"wp:attachment":[{"href":"https:\/\/fit360.ee\/en\/wp-json\/wp\/v2\/media?parent=9915"}],"wp:term":[{"taxonomy":"product_brand","embeddable":true,"href":"https:\/\/fit360.ee\/en\/wp-json\/wp\/v2\/product_brand?post=9915"},{"taxonomy":"product_cat","embeddable":true,"href":"https:\/\/fit360.ee\/en\/wp-json\/wp\/v2\/product_cat?post=9915"},{"taxonomy":"product_tag","embeddable":true,"href":"https:\/\/fit360.ee\/en\/wp-json\/wp\/v2\/product_tag?post=9915"},{"taxonomy":"giftcard-category","embeddable":true,"href":"https:\/\/fit360.ee\/en\/wp-json\/wp\/v2\/giftcard-category?post=9915"}],"curies":[{"name":"wp","href":"https:\/\/api.w.org\/{rel}","templated":true}]}}