{"id":9917,"date":"2016-06-10T12:47:35","date_gmt":"2016-06-10T10:47:35","guid":{"rendered":"https:\/\/fit360.ee\/shop\/maaratlemata\/hmb-300-caps-2\/"},"modified":"2022-09-17T15:16:18","modified_gmt":"2022-09-17T13:16:18","slug":"hmb-300-caps-2","status":"publish","type":"product","link":"https:\/\/fit360.ee\/en\/pood\/product-groups\/amino-acids-bcaa\/hmb-en\/hmb-300-caps-2\/","title":{"rendered":"HMB (300 caps)"},"content":{"rendered":"<p><strong>Ingredients<\/strong>:\u00a0 \u03b2-Hydroxy \u03b2-methylbutyric acid (HMB), Gelatine (capsule), Water (Capsule), Titanium Oxide (Colourant),\u00a0 \u03b2-Hydroxy \u03b2-methylbutyric acid.<\/p>\n<p><strong>Directions for use<\/strong>: Take 1 capsule three times a day. Do not exceed the maximum of 3 capsules daily.<\/p>\n<p><strong>Storage<\/strong>: Store in a cool and dry place, keep away from direct light.<\/p>\n<p><strong>Package contents<\/strong>: 300 capsules &#8211; 100 servings<\/p>\n<table style=\"width: 850px; height: 41px;\">\n<tbody>\n<tr>\n<td style=\"width: 173.576px;\"><strong>Active ingredients<\/strong><\/td>\n<td style=\"width: 164.688px;\"><strong>\u00a01 capsule:<\/strong><\/td>\n<td style=\"width: 173.576px;\"><strong>%RDA<\/strong><\/td>\n<td style=\"width: 198.021px;\"><strong>1 serving (1 capsule):<\/strong><\/td>\n<td style=\"width: 110.243px;\"><strong>%RDA<\/strong><\/td>\n<\/tr>\n<tr>\n<td style=\"width: 173.576px;\">\u00a0HMB<\/td>\n<td style=\"width: 164.688px;\">800 mg<\/td>\n<td style=\"width: 173.576px;\">**<\/td>\n<td style=\"width: 198.021px;\">800 mg<\/td>\n<td style=\"width: 110.243px;\">**<\/td>\n<\/tr>\n<\/tbody>\n<\/table>\n<p><strong>HMB<\/strong> \u2013 \u03b2-Hydroxy \u03b2-methylbutyric acid<br \/>\n%RDA \u2013 Recommended Daily Allowance, ** \u2013 RDA not established.<\/p>\n","protected":false},"excerpt":{"rendered":"<p><strong>HMB<\/strong>:<\/p>\n<ul>\n<li>Quick muscle gain<\/li>\n<li>Faster fat burning<\/li>\n<li>Better strength and endurance during workout<\/li>\n<li>Effective anticatabolic protection<\/li>\n<li>Reduction of fatigue<\/li>\n<\/ul>\n<p><strong>HMB<\/strong> has also a beneficial effect on the immune system and bone tissue, helps to lower cholesterol levels and provides effective protection against muscle breakdown during reduction.<br \/>\nWith <strong>HMB<\/strong> you can enjoy its powerful anabolic and anticatabolic effect, and take advantage of its properties that stimulate natural fat-burning processes. <strong>HMB<\/strong> belongs to the group of supplements which are particularly recommended for people starting their journey with strength training and everyone who take up their daily exercise routine for recreational purposes.<\/p>\n","protected":false},"featured_media":7442,"comment_status":"open","ping_status":"closed","template":"","meta":[],"product_brand":[],"product_cat":[520,530,2579,515,531],"product_tag":[1787,1803],"giftcard-category":[],"class_list":{"0":"post-9917","1":"product","2":"type-product","3":"status-publish","4":"has-post-thumbnail","6":"product_cat-amino-acids-bcaa","7":"product_cat-fat-burners-en","8":"product_cat-hmb-en","9":"product_cat-real-pharm","10":"product_cat-recovery-post-workout-en","11":"product_tag-aminohapped-en","12":"product_tag-real-pharm-en","13":"pa_toidulisand-branddd-real-pharm","14":"pa_tootegruppp-amino-acidsbcaa","15":"pa_tootegruppp-hmb-en","16":"pa_tootegruppp-recoveryafter-workout","17":"pa_tootegruppp-weight-loss","19":"first","20":"outofstock","21":"sale","22":"taxable","23":"shipping-taxable","24":"purchasable","25":"product-type-simple"},"yoast_head":"<!-- This site is optimized with the Yoast SEO plugin v27.3 - https:\/\/yoast.com\/product\/yoast-seo-wordpress\/ -->\n<title>HMB (300 caps) - Aminohapped - Kiire tarne: 1-3 p\u00e4eva - Parim kvaliteet<\/title>\n<meta name=\"description\" content=\"HMB\u00a0p\u00f5hiline funktsioon on intensiivse treeningu, v\u00f5istluse v\u00f5i dieedi ajal lihasmassi s\u00e4ilitada. Samuti aitab HMB lihastel efektiivsemalt taastuda.\" \/>\n<meta name=\"robots\" content=\"index, follow, max-snippet:-1, max-image-preview:large, max-video-preview:-1\" \/>\n<link rel=\"canonical\" href=\"https:\/\/fit360.ee\/en\/pood\/product-groups\/amino-acids-bcaa\/hmb-en\/hmb-300-caps-2\/\" \/>\n<meta property=\"og:locale\" content=\"en_US\" \/>\n<meta property=\"og:type\" content=\"article\" \/>\n<meta property=\"og:title\" content=\"HMB (300 caps) - Aminohapped - Kiire tarne: 1-3 p\u00e4eva - Parim kvaliteet\" \/>\n<meta property=\"og:description\" content=\"HMB\u00a0p\u00f5hiline funktsioon on intensiivse treeningu, v\u00f5istluse v\u00f5i dieedi ajal lihasmassi s\u00e4ilitada. Samuti aitab HMB lihastel efektiivsemalt taastuda.\" \/>\n<meta property=\"og:url\" content=\"https:\/\/fit360.ee\/en\/pood\/product-groups\/amino-acids-bcaa\/hmb-en\/hmb-300-caps-2\/\" \/>\n<meta property=\"og:site_name\" content=\"Fit360\" \/>\n<meta property=\"article:modified_time\" content=\"2022-09-17T13:16:18+00:00\" \/>\n<meta property=\"og:image\" content=\"https:\/\/fit360.ee\/wp-content\/uploads\/2016\/06\/HMB-600x600-min.png\" \/>\n\t<meta property=\"og:image:width\" content=\"600\" \/>\n\t<meta property=\"og:image:height\" content=\"600\" \/>\n\t<meta property=\"og:image:type\" content=\"image\/png\" \/>\n<meta name=\"twitter:card\" content=\"summary_large_image\" \/>\n<script type=\"application\/ld+json\" class=\"yoast-schema-graph\">{\"@context\":\"https:\\\/\\\/schema.org\",\"@graph\":[{\"@type\":\"WebPage\",\"@id\":\"https:\\\/\\\/fit360.ee\\\/en\\\/pood\\\/product-groups\\\/amino-acids-bcaa\\\/hmb-en\\\/hmb-300-caps-2\\\/\",\"url\":\"https:\\\/\\\/fit360.ee\\\/en\\\/pood\\\/product-groups\\\/amino-acids-bcaa\\\/hmb-en\\\/hmb-300-caps-2\\\/\",\"name\":\"HMB (300 caps) - Aminohapped - Kiire tarne: 1-3 p\u00e4eva - Parim kvaliteet\",\"isPartOf\":{\"@id\":\"https:\\\/\\\/fit360.ee\\\/en\\\/#website\"},\"primaryImageOfPage\":{\"@id\":\"https:\\\/\\\/fit360.ee\\\/en\\\/pood\\\/product-groups\\\/amino-acids-bcaa\\\/hmb-en\\\/hmb-300-caps-2\\\/#primaryimage\"},\"image\":{\"@id\":\"https:\\\/\\\/fit360.ee\\\/en\\\/pood\\\/product-groups\\\/amino-acids-bcaa\\\/hmb-en\\\/hmb-300-caps-2\\\/#primaryimage\"},\"thumbnailUrl\":\"https:\\\/\\\/fit360.ee\\\/wp-content\\\/uploads\\\/2016\\\/06\\\/HMB-600x600-min.png\",\"datePublished\":\"2016-06-10T10:47:35+00:00\",\"dateModified\":\"2022-09-17T13:16:18+00:00\",\"description\":\"HMB\u00a0p\u00f5hiline funktsioon on intensiivse treeningu, v\u00f5istluse v\u00f5i dieedi ajal lihasmassi s\u00e4ilitada. Samuti aitab HMB lihastel efektiivsemalt taastuda.\",\"breadcrumb\":{\"@id\":\"https:\\\/\\\/fit360.ee\\\/en\\\/pood\\\/product-groups\\\/amino-acids-bcaa\\\/hmb-en\\\/hmb-300-caps-2\\\/#breadcrumb\"},\"inLanguage\":\"en-US\",\"potentialAction\":[{\"@type\":\"ReadAction\",\"target\":[\"https:\\\/\\\/fit360.ee\\\/en\\\/pood\\\/product-groups\\\/amino-acids-bcaa\\\/hmb-en\\\/hmb-300-caps-2\\\/\"]}]},{\"@type\":\"ImageObject\",\"inLanguage\":\"en-US\",\"@id\":\"https:\\\/\\\/fit360.ee\\\/en\\\/pood\\\/product-groups\\\/amino-acids-bcaa\\\/hmb-en\\\/hmb-300-caps-2\\\/#primaryimage\",\"url\":\"https:\\\/\\\/fit360.ee\\\/wp-content\\\/uploads\\\/2016\\\/06\\\/HMB-600x600-min.png\",\"contentUrl\":\"https:\\\/\\\/fit360.ee\\\/wp-content\\\/uploads\\\/2016\\\/06\\\/HMB-600x600-min.png\",\"width\":600,\"height\":600,\"caption\":\"HMB - fit360.ee\"},{\"@type\":\"BreadcrumbList\",\"@id\":\"https:\\\/\\\/fit360.ee\\\/en\\\/pood\\\/product-groups\\\/amino-acids-bcaa\\\/hmb-en\\\/hmb-300-caps-2\\\/#breadcrumb\",\"itemListElement\":[{\"@type\":\"ListItem\",\"position\":1,\"name\":\"Home\",\"item\":\"https:\\\/\\\/fit360.ee\\\/en\\\/\"},{\"@type\":\"ListItem\",\"position\":2,\"name\":\"Shop\",\"item\":\"https:\\\/\\\/fit360.ee\\\/en\\\/shop\\\/\"},{\"@type\":\"ListItem\",\"position\":3,\"name\":\"HMB (300 caps)\"}]},{\"@type\":\"WebSite\",\"@id\":\"https:\\\/\\\/fit360.ee\\\/en\\\/#website\",\"url\":\"https:\\\/\\\/fit360.ee\\\/en\\\/\",\"name\":\"Fit360\",\"description\":\"\",\"publisher\":{\"@id\":\"https:\\\/\\\/fit360.ee\\\/en\\\/#organization\"},\"potentialAction\":[{\"@type\":\"SearchAction\",\"target\":{\"@type\":\"EntryPoint\",\"urlTemplate\":\"https:\\\/\\\/fit360.ee\\\/en\\\/?s={search_term_string}\"},\"query-input\":{\"@type\":\"PropertyValueSpecification\",\"valueRequired\":true,\"valueName\":\"search_term_string\"}}],\"inLanguage\":\"en-US\"},{\"@type\":\"Organization\",\"@id\":\"https:\\\/\\\/fit360.ee\\\/en\\\/#organization\",\"name\":\"Fit360\",\"url\":\"https:\\\/\\\/fit360.ee\\\/en\\\/\",\"logo\":{\"@type\":\"ImageObject\",\"inLanguage\":\"en-US\",\"@id\":\"https:\\\/\\\/fit360.ee\\\/en\\\/#\\\/schema\\\/logo\\\/image\\\/\",\"url\":\"https:\\\/\\\/fit360.ee\\\/wp-content\\\/uploads\\\/2017\\\/01\\\/logo-fit360.png\",\"contentUrl\":\"https:\\\/\\\/fit360.ee\\\/wp-content\\\/uploads\\\/2017\\\/01\\\/logo-fit360.png\",\"width\":180,\"height\":66,\"caption\":\"Fit360\"},\"image\":{\"@id\":\"https:\\\/\\\/fit360.ee\\\/en\\\/#\\\/schema\\\/logo\\\/image\\\/\"}}]}<\/script>\n<!-- \/ Yoast SEO plugin. -->","yoast_head_json":{"title":"HMB (300 caps) - Aminohapped - Kiire tarne: 1-3 p\u00e4eva - Parim kvaliteet","description":"HMB\u00a0p\u00f5hiline funktsioon on intensiivse treeningu, v\u00f5istluse v\u00f5i dieedi ajal lihasmassi s\u00e4ilitada. Samuti aitab HMB lihastel efektiivsemalt taastuda.","robots":{"index":"index","follow":"follow","max-snippet":"max-snippet:-1","max-image-preview":"max-image-preview:large","max-video-preview":"max-video-preview:-1"},"canonical":"https:\/\/fit360.ee\/en\/pood\/product-groups\/amino-acids-bcaa\/hmb-en\/hmb-300-caps-2\/","og_locale":"en_US","og_type":"article","og_title":"HMB (300 caps) - Aminohapped - Kiire tarne: 1-3 p\u00e4eva - Parim kvaliteet","og_description":"HMB\u00a0p\u00f5hiline funktsioon on intensiivse treeningu, v\u00f5istluse v\u00f5i dieedi ajal lihasmassi s\u00e4ilitada. Samuti aitab HMB lihastel efektiivsemalt taastuda.","og_url":"https:\/\/fit360.ee\/en\/pood\/product-groups\/amino-acids-bcaa\/hmb-en\/hmb-300-caps-2\/","og_site_name":"Fit360","article_modified_time":"2022-09-17T13:16:18+00:00","og_image":[{"width":600,"height":600,"url":"https:\/\/fit360.ee\/wp-content\/uploads\/2016\/06\/HMB-600x600-min.png","type":"image\/png"}],"twitter_card":"summary_large_image","schema":{"@context":"https:\/\/schema.org","@graph":[{"@type":"WebPage","@id":"https:\/\/fit360.ee\/en\/pood\/product-groups\/amino-acids-bcaa\/hmb-en\/hmb-300-caps-2\/","url":"https:\/\/fit360.ee\/en\/pood\/product-groups\/amino-acids-bcaa\/hmb-en\/hmb-300-caps-2\/","name":"HMB (300 caps) - Aminohapped - Kiire tarne: 1-3 p\u00e4eva - Parim kvaliteet","isPartOf":{"@id":"https:\/\/fit360.ee\/en\/#website"},"primaryImageOfPage":{"@id":"https:\/\/fit360.ee\/en\/pood\/product-groups\/amino-acids-bcaa\/hmb-en\/hmb-300-caps-2\/#primaryimage"},"image":{"@id":"https:\/\/fit360.ee\/en\/pood\/product-groups\/amino-acids-bcaa\/hmb-en\/hmb-300-caps-2\/#primaryimage"},"thumbnailUrl":"https:\/\/fit360.ee\/wp-content\/uploads\/2016\/06\/HMB-600x600-min.png","datePublished":"2016-06-10T10:47:35+00:00","dateModified":"2022-09-17T13:16:18+00:00","description":"HMB\u00a0p\u00f5hiline funktsioon on intensiivse treeningu, v\u00f5istluse v\u00f5i dieedi ajal lihasmassi s\u00e4ilitada. Samuti aitab HMB lihastel efektiivsemalt taastuda.","breadcrumb":{"@id":"https:\/\/fit360.ee\/en\/pood\/product-groups\/amino-acids-bcaa\/hmb-en\/hmb-300-caps-2\/#breadcrumb"},"inLanguage":"en-US","potentialAction":[{"@type":"ReadAction","target":["https:\/\/fit360.ee\/en\/pood\/product-groups\/amino-acids-bcaa\/hmb-en\/hmb-300-caps-2\/"]}]},{"@type":"ImageObject","inLanguage":"en-US","@id":"https:\/\/fit360.ee\/en\/pood\/product-groups\/amino-acids-bcaa\/hmb-en\/hmb-300-caps-2\/#primaryimage","url":"https:\/\/fit360.ee\/wp-content\/uploads\/2016\/06\/HMB-600x600-min.png","contentUrl":"https:\/\/fit360.ee\/wp-content\/uploads\/2016\/06\/HMB-600x600-min.png","width":600,"height":600,"caption":"HMB - fit360.ee"},{"@type":"BreadcrumbList","@id":"https:\/\/fit360.ee\/en\/pood\/product-groups\/amino-acids-bcaa\/hmb-en\/hmb-300-caps-2\/#breadcrumb","itemListElement":[{"@type":"ListItem","position":1,"name":"Home","item":"https:\/\/fit360.ee\/en\/"},{"@type":"ListItem","position":2,"name":"Shop","item":"https:\/\/fit360.ee\/en\/shop\/"},{"@type":"ListItem","position":3,"name":"HMB (300 caps)"}]},{"@type":"WebSite","@id":"https:\/\/fit360.ee\/en\/#website","url":"https:\/\/fit360.ee\/en\/","name":"Fit360","description":"","publisher":{"@id":"https:\/\/fit360.ee\/en\/#organization"},"potentialAction":[{"@type":"SearchAction","target":{"@type":"EntryPoint","urlTemplate":"https:\/\/fit360.ee\/en\/?s={search_term_string}"},"query-input":{"@type":"PropertyValueSpecification","valueRequired":true,"valueName":"search_term_string"}}],"inLanguage":"en-US"},{"@type":"Organization","@id":"https:\/\/fit360.ee\/en\/#organization","name":"Fit360","url":"https:\/\/fit360.ee\/en\/","logo":{"@type":"ImageObject","inLanguage":"en-US","@id":"https:\/\/fit360.ee\/en\/#\/schema\/logo\/image\/","url":"https:\/\/fit360.ee\/wp-content\/uploads\/2017\/01\/logo-fit360.png","contentUrl":"https:\/\/fit360.ee\/wp-content\/uploads\/2017\/01\/logo-fit360.png","width":180,"height":66,"caption":"Fit360"},"image":{"@id":"https:\/\/fit360.ee\/en\/#\/schema\/logo\/image\/"}}]}},"_links":{"self":[{"href":"https:\/\/fit360.ee\/en\/wp-json\/wp\/v2\/product\/9917","targetHints":{"allow":["GET"]}}],"collection":[{"href":"https:\/\/fit360.ee\/en\/wp-json\/wp\/v2\/product"}],"about":[{"href":"https:\/\/fit360.ee\/en\/wp-json\/wp\/v2\/types\/product"}],"replies":[{"embeddable":true,"href":"https:\/\/fit360.ee\/en\/wp-json\/wp\/v2\/comments?post=9917"}],"wp:featuredmedia":[{"embeddable":true,"href":"https:\/\/fit360.ee\/en\/wp-json\/wp\/v2\/media\/7442"}],"wp:attachment":[{"href":"https:\/\/fit360.ee\/en\/wp-json\/wp\/v2\/media?parent=9917"}],"wp:term":[{"taxonomy":"product_brand","embeddable":true,"href":"https:\/\/fit360.ee\/en\/wp-json\/wp\/v2\/product_brand?post=9917"},{"taxonomy":"product_cat","embeddable":true,"href":"https:\/\/fit360.ee\/en\/wp-json\/wp\/v2\/product_cat?post=9917"},{"taxonomy":"product_tag","embeddable":true,"href":"https:\/\/fit360.ee\/en\/wp-json\/wp\/v2\/product_tag?post=9917"},{"taxonomy":"giftcard-category","embeddable":true,"href":"https:\/\/fit360.ee\/en\/wp-json\/wp\/v2\/giftcard-category?post=9917"}],"curies":[{"name":"wp","href":"https:\/\/api.w.org\/{rel}","templated":true}]}}