{"id":9934,"date":"2016-06-09T16:38:21","date_gmt":"2016-06-09T14:38:21","guid":{"rendered":"https:\/\/fit360.ee\/shop\/maaratlemata\/aakg-300g-2\/"},"modified":"2026-02-17T22:32:06","modified_gmt":"2026-02-17T20:32:06","slug":"aakg-300g-2","status":"publish","type":"product","link":"https:\/\/fit360.ee\/en\/pood\/product-groups\/amino-acids-bcaa\/l-arginine-en\/aakg-300g-2\/","title":{"rendered":"AAKG (300g)"},"content":{"rendered":"<p><strong>Ingredients<\/strong>: L-Arginine Alpha Ketoglutarate (AAKG), Aroma, Sucralose (sweetner), colourings. Contains sweetner<\/p>\n<p><strong>Directions for use<\/strong>:\u00a0<span id=\"result_box\" lang=\"en\">Mix 1 portion of the product (3 g) with 200 ml of water or juice and drink once a day. The recommended daily dose should not be exceeded.<\/span><\/p>\n<p><strong>Package contents:<\/strong> 300g &#8211; 100 servings.<\/p>\n<p><strong>Storage:<\/strong> Store in a cool dry place, keep away from direct light.<\/p>\n<table style=\"height: 42px;\" width=\"447\">\n<tbody>\n<tr>\n<td style=\"width: 180.243px;\"><strong>Active ingredients<\/strong><\/td>\n<td style=\"width: 159.132px;\"><strong>1 serving(3g)<\/strong><\/td>\n<td style=\"width: 88.0208px;\"><strong>%RDA<\/strong><\/td>\n<\/tr>\n<tr>\n<td style=\"width: 180.243px;\">L-Arginine Alpha Ketoglutarate<\/td>\n<td style=\"width: 159.132px;\">2,86 g<\/td>\n<td style=\"width: 88.0208px;\">**<\/td>\n<\/tr>\n<\/tbody>\n<\/table>\n<p>RDA \u2013 Recommended Daily Allowance, ** \u2013 RDA not established.<\/p>\n","protected":false},"excerpt":{"rendered":"<p><strong>AAKG:<\/strong><\/p>\n<ul>\n<li>Increase the secretion of the nitrogen oxide (NO)<\/li>\n<li>Improve the effects of the mass muscle training<\/li>\n<li>Achieve the perfect muscle pump<\/li>\n<li>Deliver to muscles much bigger amount of nutrition components<\/li>\n<li>Get the greater strength and training endurance<\/li>\n<li>Speed up the regeneration after training<\/li>\n<\/ul>\n<p><strong>AAKG Real Pharm<\/strong> is the best way for increasing the blood inflow to muscles and maintenance at the appropriate level the secretion of compounds which are crucial for the increase in the mass muscle. Our product does not contain any additives \u2013 this is clear \u03b1 \u2013 ketoglutaran arginine, which will help You achieve each training aim!<\/p>\n<p><strong>AAKG Real Pharm<\/strong> is the best quality powdered \u03b1 \u2013 ketoglutaran L-arginine and you can prepare with it a nutritious and delicious drink. Thanks to the optimal dose of L-arginine you will feel the fast and strong muscle pump effect and improve your training efficiency!<\/p>\n","protected":false},"featured_media":85260,"comment_status":"open","ping_status":"closed","template":"","meta":[],"product_brand":[],"product_cat":[520,2311,533,515,531],"product_tag":[1800,1787,1802,1803],"giftcard-category":[],"class_list":{"0":"post-9934","1":"product","2":"type-product","3":"status-publish","4":"has-post-thumbnail","6":"product_cat-amino-acids-bcaa","7":"product_cat-l-arginine-en","8":"product_cat-pre-workout-en","9":"product_cat-real-pharm","10":"product_cat-recovery-post-workout-en","11":"product_tag-aakg-en","12":"product_tag-aminohapped-en","13":"product_tag-l-arginiin-en","14":"product_tag-real-pharm-en","15":"pa_maitse-blueberry","16":"pa_maitse-grape","17":"pa_maitse-kiwi-cactus","18":"pa_maitse-lemon","19":"pa_maitse-orange","20":"pa_maitse-strawberry","22":"first","23":"instock","24":"sale","25":"taxable","26":"shipping-taxable","27":"purchasable","28":"product-type-variable"},"yoast_head":"<!-- This site is optimized with the Yoast SEO plugin v27.3 - https:\/\/yoast.com\/product\/yoast-seo-wordpress\/ -->\n<title>AAKG (300g) - Aminohape - Arginiin - Kiire tarne: 1-3 p\u00e4eva<\/title>\n<meta name=\"description\" content=\"L-Arginiin soodustab treeningul veresoonte laienemist, t\u00f5stes l\u00e4mmastikoksiidi tootmist aktiivsetes lihastes, parandades sellega j\u00f5uv\u00f5imeid.\" \/>\n<meta name=\"robots\" content=\"index, follow, max-snippet:-1, max-image-preview:large, max-video-preview:-1\" \/>\n<link rel=\"canonical\" href=\"https:\/\/fit360.ee\/en\/pood\/product-groups\/amino-acids-bcaa\/l-arginine-en\/aakg-300g-2\/\" \/>\n<meta property=\"og:locale\" content=\"en_US\" \/>\n<meta property=\"og:type\" content=\"article\" \/>\n<meta property=\"og:title\" content=\"AAKG (300g) - Aminohape - Arginiin - Kiire tarne: 1-3 p\u00e4eva\" \/>\n<meta property=\"og:description\" content=\"L-Arginiin soodustab treeningul veresoonte laienemist, t\u00f5stes l\u00e4mmastikoksiidi tootmist aktiivsetes lihastes, parandades sellega j\u00f5uv\u00f5imeid.\" \/>\n<meta property=\"og:url\" content=\"https:\/\/fit360.ee\/en\/pood\/product-groups\/amino-acids-bcaa\/l-arginine-en\/aakg-300g-2\/\" \/>\n<meta property=\"og:site_name\" content=\"Fit360\" \/>\n<meta property=\"article:modified_time\" content=\"2026-02-17T20:32:06+00:00\" \/>\n<meta property=\"og:image\" content=\"https:\/\/fit360.ee\/wp-content\/uploads\/2016\/06\/l-arginiin-aakg-arginine-fit360.ee-1.png\" \/>\n\t<meta property=\"og:image:width\" content=\"600\" \/>\n\t<meta property=\"og:image:height\" content=\"600\" \/>\n\t<meta property=\"og:image:type\" content=\"image\/png\" \/>\n<meta name=\"twitter:card\" content=\"summary_large_image\" \/>\n<script type=\"application\/ld+json\" class=\"yoast-schema-graph\">{\"@context\":\"https:\\\/\\\/schema.org\",\"@graph\":[{\"@type\":\"WebPage\",\"@id\":\"https:\\\/\\\/fit360.ee\\\/en\\\/pood\\\/product-groups\\\/amino-acids-bcaa\\\/l-arginine-en\\\/aakg-300g-2\\\/\",\"url\":\"https:\\\/\\\/fit360.ee\\\/en\\\/pood\\\/product-groups\\\/amino-acids-bcaa\\\/l-arginine-en\\\/aakg-300g-2\\\/\",\"name\":\"AAKG (300g) - Aminohape - Arginiin - Kiire tarne: 1-3 p\u00e4eva\",\"isPartOf\":{\"@id\":\"https:\\\/\\\/fit360.ee\\\/en\\\/#website\"},\"primaryImageOfPage\":{\"@id\":\"https:\\\/\\\/fit360.ee\\\/en\\\/pood\\\/product-groups\\\/amino-acids-bcaa\\\/l-arginine-en\\\/aakg-300g-2\\\/#primaryimage\"},\"image\":{\"@id\":\"https:\\\/\\\/fit360.ee\\\/en\\\/pood\\\/product-groups\\\/amino-acids-bcaa\\\/l-arginine-en\\\/aakg-300g-2\\\/#primaryimage\"},\"thumbnailUrl\":\"https:\\\/\\\/fit360.ee\\\/wp-content\\\/uploads\\\/2016\\\/06\\\/l-arginiin-aakg-arginine-fit360.ee-1.png\",\"datePublished\":\"2016-06-09T14:38:21+00:00\",\"dateModified\":\"2026-02-17T20:32:06+00:00\",\"description\":\"L-Arginiin soodustab treeningul veresoonte laienemist, t\u00f5stes l\u00e4mmastikoksiidi tootmist aktiivsetes lihastes, parandades sellega j\u00f5uv\u00f5imeid.\",\"breadcrumb\":{\"@id\":\"https:\\\/\\\/fit360.ee\\\/en\\\/pood\\\/product-groups\\\/amino-acids-bcaa\\\/l-arginine-en\\\/aakg-300g-2\\\/#breadcrumb\"},\"inLanguage\":\"en-US\",\"potentialAction\":[{\"@type\":\"ReadAction\",\"target\":[\"https:\\\/\\\/fit360.ee\\\/en\\\/pood\\\/product-groups\\\/amino-acids-bcaa\\\/l-arginine-en\\\/aakg-300g-2\\\/\"]}]},{\"@type\":\"ImageObject\",\"inLanguage\":\"en-US\",\"@id\":\"https:\\\/\\\/fit360.ee\\\/en\\\/pood\\\/product-groups\\\/amino-acids-bcaa\\\/l-arginine-en\\\/aakg-300g-2\\\/#primaryimage\",\"url\":\"https:\\\/\\\/fit360.ee\\\/wp-content\\\/uploads\\\/2016\\\/06\\\/l-arginiin-aakg-arginine-fit360.ee-1.png\",\"contentUrl\":\"https:\\\/\\\/fit360.ee\\\/wp-content\\\/uploads\\\/2016\\\/06\\\/l-arginiin-aakg-arginine-fit360.ee-1.png\",\"width\":600,\"height\":600,\"caption\":\"l-arginiin aakg arginine - fit360.ee\"},{\"@type\":\"BreadcrumbList\",\"@id\":\"https:\\\/\\\/fit360.ee\\\/en\\\/pood\\\/product-groups\\\/amino-acids-bcaa\\\/l-arginine-en\\\/aakg-300g-2\\\/#breadcrumb\",\"itemListElement\":[{\"@type\":\"ListItem\",\"position\":1,\"name\":\"Home\",\"item\":\"https:\\\/\\\/fit360.ee\\\/en\\\/\"},{\"@type\":\"ListItem\",\"position\":2,\"name\":\"Shop\",\"item\":\"https:\\\/\\\/fit360.ee\\\/en\\\/shop\\\/\"},{\"@type\":\"ListItem\",\"position\":3,\"name\":\"AAKG (300g)\"}]},{\"@type\":\"WebSite\",\"@id\":\"https:\\\/\\\/fit360.ee\\\/en\\\/#website\",\"url\":\"https:\\\/\\\/fit360.ee\\\/en\\\/\",\"name\":\"Fit360\",\"description\":\"\",\"publisher\":{\"@id\":\"https:\\\/\\\/fit360.ee\\\/en\\\/#organization\"},\"potentialAction\":[{\"@type\":\"SearchAction\",\"target\":{\"@type\":\"EntryPoint\",\"urlTemplate\":\"https:\\\/\\\/fit360.ee\\\/en\\\/?s={search_term_string}\"},\"query-input\":{\"@type\":\"PropertyValueSpecification\",\"valueRequired\":true,\"valueName\":\"search_term_string\"}}],\"inLanguage\":\"en-US\"},{\"@type\":\"Organization\",\"@id\":\"https:\\\/\\\/fit360.ee\\\/en\\\/#organization\",\"name\":\"Fit360\",\"url\":\"https:\\\/\\\/fit360.ee\\\/en\\\/\",\"logo\":{\"@type\":\"ImageObject\",\"inLanguage\":\"en-US\",\"@id\":\"https:\\\/\\\/fit360.ee\\\/en\\\/#\\\/schema\\\/logo\\\/image\\\/\",\"url\":\"https:\\\/\\\/fit360.ee\\\/wp-content\\\/uploads\\\/2017\\\/01\\\/logo-fit360.png\",\"contentUrl\":\"https:\\\/\\\/fit360.ee\\\/wp-content\\\/uploads\\\/2017\\\/01\\\/logo-fit360.png\",\"width\":180,\"height\":66,\"caption\":\"Fit360\"},\"image\":{\"@id\":\"https:\\\/\\\/fit360.ee\\\/en\\\/#\\\/schema\\\/logo\\\/image\\\/\"}}]}<\/script>\n<!-- \/ Yoast SEO plugin. -->","yoast_head_json":{"title":"AAKG (300g) - Aminohape - Arginiin - Kiire tarne: 1-3 p\u00e4eva","description":"L-Arginiin soodustab treeningul veresoonte laienemist, t\u00f5stes l\u00e4mmastikoksiidi tootmist aktiivsetes lihastes, parandades sellega j\u00f5uv\u00f5imeid.","robots":{"index":"index","follow":"follow","max-snippet":"max-snippet:-1","max-image-preview":"max-image-preview:large","max-video-preview":"max-video-preview:-1"},"canonical":"https:\/\/fit360.ee\/en\/pood\/product-groups\/amino-acids-bcaa\/l-arginine-en\/aakg-300g-2\/","og_locale":"en_US","og_type":"article","og_title":"AAKG (300g) - Aminohape - Arginiin - Kiire tarne: 1-3 p\u00e4eva","og_description":"L-Arginiin soodustab treeningul veresoonte laienemist, t\u00f5stes l\u00e4mmastikoksiidi tootmist aktiivsetes lihastes, parandades sellega j\u00f5uv\u00f5imeid.","og_url":"https:\/\/fit360.ee\/en\/pood\/product-groups\/amino-acids-bcaa\/l-arginine-en\/aakg-300g-2\/","og_site_name":"Fit360","article_modified_time":"2026-02-17T20:32:06+00:00","og_image":[{"width":600,"height":600,"url":"https:\/\/fit360.ee\/wp-content\/uploads\/2016\/06\/l-arginiin-aakg-arginine-fit360.ee-1.png","type":"image\/png"}],"twitter_card":"summary_large_image","schema":{"@context":"https:\/\/schema.org","@graph":[{"@type":"WebPage","@id":"https:\/\/fit360.ee\/en\/pood\/product-groups\/amino-acids-bcaa\/l-arginine-en\/aakg-300g-2\/","url":"https:\/\/fit360.ee\/en\/pood\/product-groups\/amino-acids-bcaa\/l-arginine-en\/aakg-300g-2\/","name":"AAKG (300g) - Aminohape - Arginiin - Kiire tarne: 1-3 p\u00e4eva","isPartOf":{"@id":"https:\/\/fit360.ee\/en\/#website"},"primaryImageOfPage":{"@id":"https:\/\/fit360.ee\/en\/pood\/product-groups\/amino-acids-bcaa\/l-arginine-en\/aakg-300g-2\/#primaryimage"},"image":{"@id":"https:\/\/fit360.ee\/en\/pood\/product-groups\/amino-acids-bcaa\/l-arginine-en\/aakg-300g-2\/#primaryimage"},"thumbnailUrl":"https:\/\/fit360.ee\/wp-content\/uploads\/2016\/06\/l-arginiin-aakg-arginine-fit360.ee-1.png","datePublished":"2016-06-09T14:38:21+00:00","dateModified":"2026-02-17T20:32:06+00:00","description":"L-Arginiin soodustab treeningul veresoonte laienemist, t\u00f5stes l\u00e4mmastikoksiidi tootmist aktiivsetes lihastes, parandades sellega j\u00f5uv\u00f5imeid.","breadcrumb":{"@id":"https:\/\/fit360.ee\/en\/pood\/product-groups\/amino-acids-bcaa\/l-arginine-en\/aakg-300g-2\/#breadcrumb"},"inLanguage":"en-US","potentialAction":[{"@type":"ReadAction","target":["https:\/\/fit360.ee\/en\/pood\/product-groups\/amino-acids-bcaa\/l-arginine-en\/aakg-300g-2\/"]}]},{"@type":"ImageObject","inLanguage":"en-US","@id":"https:\/\/fit360.ee\/en\/pood\/product-groups\/amino-acids-bcaa\/l-arginine-en\/aakg-300g-2\/#primaryimage","url":"https:\/\/fit360.ee\/wp-content\/uploads\/2016\/06\/l-arginiin-aakg-arginine-fit360.ee-1.png","contentUrl":"https:\/\/fit360.ee\/wp-content\/uploads\/2016\/06\/l-arginiin-aakg-arginine-fit360.ee-1.png","width":600,"height":600,"caption":"l-arginiin aakg arginine - fit360.ee"},{"@type":"BreadcrumbList","@id":"https:\/\/fit360.ee\/en\/pood\/product-groups\/amino-acids-bcaa\/l-arginine-en\/aakg-300g-2\/#breadcrumb","itemListElement":[{"@type":"ListItem","position":1,"name":"Home","item":"https:\/\/fit360.ee\/en\/"},{"@type":"ListItem","position":2,"name":"Shop","item":"https:\/\/fit360.ee\/en\/shop\/"},{"@type":"ListItem","position":3,"name":"AAKG (300g)"}]},{"@type":"WebSite","@id":"https:\/\/fit360.ee\/en\/#website","url":"https:\/\/fit360.ee\/en\/","name":"Fit360","description":"","publisher":{"@id":"https:\/\/fit360.ee\/en\/#organization"},"potentialAction":[{"@type":"SearchAction","target":{"@type":"EntryPoint","urlTemplate":"https:\/\/fit360.ee\/en\/?s={search_term_string}"},"query-input":{"@type":"PropertyValueSpecification","valueRequired":true,"valueName":"search_term_string"}}],"inLanguage":"en-US"},{"@type":"Organization","@id":"https:\/\/fit360.ee\/en\/#organization","name":"Fit360","url":"https:\/\/fit360.ee\/en\/","logo":{"@type":"ImageObject","inLanguage":"en-US","@id":"https:\/\/fit360.ee\/en\/#\/schema\/logo\/image\/","url":"https:\/\/fit360.ee\/wp-content\/uploads\/2017\/01\/logo-fit360.png","contentUrl":"https:\/\/fit360.ee\/wp-content\/uploads\/2017\/01\/logo-fit360.png","width":180,"height":66,"caption":"Fit360"},"image":{"@id":"https:\/\/fit360.ee\/en\/#\/schema\/logo\/image\/"}}]}},"_links":{"self":[{"href":"https:\/\/fit360.ee\/en\/wp-json\/wp\/v2\/product\/9934","targetHints":{"allow":["GET"]}}],"collection":[{"href":"https:\/\/fit360.ee\/en\/wp-json\/wp\/v2\/product"}],"about":[{"href":"https:\/\/fit360.ee\/en\/wp-json\/wp\/v2\/types\/product"}],"replies":[{"embeddable":true,"href":"https:\/\/fit360.ee\/en\/wp-json\/wp\/v2\/comments?post=9934"}],"wp:featuredmedia":[{"embeddable":true,"href":"https:\/\/fit360.ee\/en\/wp-json\/wp\/v2\/media\/85260"}],"wp:attachment":[{"href":"https:\/\/fit360.ee\/en\/wp-json\/wp\/v2\/media?parent=9934"}],"wp:term":[{"taxonomy":"product_brand","embeddable":true,"href":"https:\/\/fit360.ee\/en\/wp-json\/wp\/v2\/product_brand?post=9934"},{"taxonomy":"product_cat","embeddable":true,"href":"https:\/\/fit360.ee\/en\/wp-json\/wp\/v2\/product_cat?post=9934"},{"taxonomy":"product_tag","embeddable":true,"href":"https:\/\/fit360.ee\/en\/wp-json\/wp\/v2\/product_tag?post=9934"},{"taxonomy":"giftcard-category","embeddable":true,"href":"https:\/\/fit360.ee\/en\/wp-json\/wp\/v2\/giftcard-category?post=9934"}],"curies":[{"name":"wp","href":"https:\/\/api.w.org\/{rel}","templated":true}]}}