{"id":9943,"date":"2016-06-10T12:04:17","date_gmt":"2016-06-10T10:04:17","guid":{"rendered":"https:\/\/fit360.ee\/shop\/maaratlemata\/zinc-90-tbl\/"},"modified":"2025-10-06T18:46:03","modified_gmt":"2025-10-06T16:46:03","slug":"zinc-90-tbl","status":"publish","type":"product","link":"https:\/\/fit360.ee\/en\/pood\/product-groups\/vitamins-and-minerals-en\/zinc-en\/zinc-90-tbl\/","title":{"rendered":"Zinc (90 tbl)"},"content":{"rendered":"<p><strong>Ingredients<\/strong>: bulking agent \u2013 microcrystalline cellulose, maltodextrin, zinc lactate, anti-caking agent \u2013 magnesium salts of stearic acids, anti-caking agent \u2013 silicon dioxide.<\/p>\n<p><strong>How to use:<\/strong> Consume 1 tablet once a day. Do not exceed the maximum amount of 1 tablet per day. The product is intended for adults and healthy persons. The product should not be used by pregnant women and nursing mothers.<\/p>\n<p><strong>Package contents<\/strong>: 90 tablets &#8211; 90 servings<\/p>\n<table>\n<tbody>\n<tr>\n<td><strong>Active ingredients<\/strong><\/td>\n<td><strong>1\u00a0tablet<\/strong><\/td>\n<td><strong>RDA%<\/strong><\/td>\n<\/tr>\n<tr>\n<td>zinc lactate of which<\/p>\n<p>zinc<\/td>\n<td>56 mg<\/p>\n<p>15 mg<\/td>\n<td>*150%<\/td>\n<\/tr>\n<\/tbody>\n<\/table>\n","protected":false},"excerpt":{"rendered":"<p><strong>Zinc 90 tbl:<\/strong><\/p>\n<ul>\n<li>Has a positive effect on fertility and reproduction<\/li>\n<li>Takes part in metabolism of proteins, fats and carbohydrates<\/li>\n<li>Participates in maintaining normal serum concentrations of testosterone<\/li>\n<li>Participates in the synthesis of DNA and cell division<\/li>\n<li>Positively affects the functioning of the immune system<\/li>\n<\/ul>\n<p><strong>Zinc<\/strong> plays a crucial role not only in the diet of athletes, but all of us. It is especially important for women, as it prevents hair loss and breakage of nails.<\/p>\n<p>Apart from all the aspects described above, zinc deficiency might cause lack of appetite, skin diseases, or even loss of taste and smell.<\/p>\n<p>You should also take care to include this underestimated element in your supplementation, your body will certainly benefit greatly!<\/p>\n","protected":false},"featured_media":63841,"comment_status":"open","ping_status":"closed","template":"","meta":[],"product_brand":[],"product_cat":[5320,515,532,536,2275],"product_tag":[1803,2143,2145],"giftcard-category":[],"class_list":{"0":"post-9943","1":"product","2":"type-product","3":"status-publish","4":"has-post-thumbnail","6":"product_cat-for-immunity-en","7":"product_cat-real-pharm","8":"product_cat-testosterone-boosters-en","9":"product_cat-vitamins-and-minerals-en","10":"product_cat-zinc-en","11":"product_tag-real-pharm-en","12":"product_tag-tsink-en","13":"product_tag-zinc-en","14":"pa_toidulisand-branddd-real-pharm","15":"pa_tootegruppp-immuunsusteem-en","16":"pa_tootegruppp-testosterone-enhancers","17":"pa_tootegruppp-tsink-en","18":"pa_tootegruppp-vitamins-and-minerals","20":"first","21":"instock","22":"sale","23":"taxable","24":"shipping-taxable","25":"purchasable","26":"product-type-simple"},"yoast_head":"<!-- This site is optimized with the Yoast SEO plugin v27.3 - https:\/\/yoast.com\/product\/yoast-seo-wordpress\/ -->\n<title>Tsink (90tbl) - Zinc - Tsingi tabletid - Kiire tarne - Suurep\u00e4rane hind - Fit360<\/title>\n<meta name=\"description\" content=\"Tsink - Positiivne m\u00f5ju immuuns\u00fcsteemile. Aitab s\u00e4ilitada ja parandada testosteroonitaset. Samuti osaleb tsink toitainete metabolismis.\" \/>\n<meta name=\"robots\" content=\"index, follow, max-snippet:-1, max-image-preview:large, max-video-preview:-1\" \/>\n<link rel=\"canonical\" href=\"https:\/\/fit360.ee\/en\/pood\/product-groups\/vitamins-and-minerals-en\/zinc-en\/zinc-90-tbl\/\" \/>\n<meta property=\"og:locale\" content=\"en_US\" \/>\n<meta property=\"og:type\" content=\"article\" \/>\n<meta property=\"og:title\" content=\"Tsink (90tbl) - Zinc - Tsingi tabletid - Kiire tarne - Suurep\u00e4rane hind - Fit360\" \/>\n<meta property=\"og:description\" content=\"Tsink - Positiivne m\u00f5ju immuuns\u00fcsteemile. Aitab s\u00e4ilitada ja parandada testosteroonitaset. Samuti osaleb tsink toitainete metabolismis.\" \/>\n<meta property=\"og:url\" content=\"https:\/\/fit360.ee\/en\/pood\/product-groups\/vitamins-and-minerals-en\/zinc-en\/zinc-90-tbl\/\" \/>\n<meta property=\"og:site_name\" content=\"Fit360\" \/>\n<meta property=\"article:modified_time\" content=\"2025-10-06T16:46:03+00:00\" \/>\n<meta property=\"og:image\" content=\"https:\/\/fit360.ee\/wp-content\/uploads\/2016\/06\/Tsink-Zinc-Tsingi-tabletid-fit360.ee-2.png\" \/>\n\t<meta property=\"og:image:width\" content=\"600\" \/>\n\t<meta property=\"og:image:height\" content=\"600\" \/>\n\t<meta property=\"og:image:type\" content=\"image\/png\" \/>\n<meta name=\"twitter:card\" content=\"summary_large_image\" \/>\n<script type=\"application\/ld+json\" class=\"yoast-schema-graph\">{\"@context\":\"https:\\\/\\\/schema.org\",\"@graph\":[{\"@type\":\"WebPage\",\"@id\":\"https:\\\/\\\/fit360.ee\\\/en\\\/pood\\\/product-groups\\\/vitamins-and-minerals-en\\\/zinc-en\\\/zinc-90-tbl\\\/\",\"url\":\"https:\\\/\\\/fit360.ee\\\/en\\\/pood\\\/product-groups\\\/vitamins-and-minerals-en\\\/zinc-en\\\/zinc-90-tbl\\\/\",\"name\":\"Tsink (90tbl) - Zinc - Tsingi tabletid - Kiire tarne - Suurep\u00e4rane hind - Fit360\",\"isPartOf\":{\"@id\":\"https:\\\/\\\/fit360.ee\\\/en\\\/#website\"},\"primaryImageOfPage\":{\"@id\":\"https:\\\/\\\/fit360.ee\\\/en\\\/pood\\\/product-groups\\\/vitamins-and-minerals-en\\\/zinc-en\\\/zinc-90-tbl\\\/#primaryimage\"},\"image\":{\"@id\":\"https:\\\/\\\/fit360.ee\\\/en\\\/pood\\\/product-groups\\\/vitamins-and-minerals-en\\\/zinc-en\\\/zinc-90-tbl\\\/#primaryimage\"},\"thumbnailUrl\":\"https:\\\/\\\/fit360.ee\\\/wp-content\\\/uploads\\\/2016\\\/06\\\/Tsink-Zinc-Tsingi-tabletid-fit360.ee-2.png\",\"datePublished\":\"2016-06-10T10:04:17+00:00\",\"dateModified\":\"2025-10-06T16:46:03+00:00\",\"description\":\"Tsink - Positiivne m\u00f5ju immuuns\u00fcsteemile. Aitab s\u00e4ilitada ja parandada testosteroonitaset. Samuti osaleb tsink toitainete metabolismis.\",\"breadcrumb\":{\"@id\":\"https:\\\/\\\/fit360.ee\\\/en\\\/pood\\\/product-groups\\\/vitamins-and-minerals-en\\\/zinc-en\\\/zinc-90-tbl\\\/#breadcrumb\"},\"inLanguage\":\"en-US\",\"potentialAction\":[{\"@type\":\"ReadAction\",\"target\":[\"https:\\\/\\\/fit360.ee\\\/en\\\/pood\\\/product-groups\\\/vitamins-and-minerals-en\\\/zinc-en\\\/zinc-90-tbl\\\/\"]}]},{\"@type\":\"ImageObject\",\"inLanguage\":\"en-US\",\"@id\":\"https:\\\/\\\/fit360.ee\\\/en\\\/pood\\\/product-groups\\\/vitamins-and-minerals-en\\\/zinc-en\\\/zinc-90-tbl\\\/#primaryimage\",\"url\":\"https:\\\/\\\/fit360.ee\\\/wp-content\\\/uploads\\\/2016\\\/06\\\/Tsink-Zinc-Tsingi-tabletid-fit360.ee-2.png\",\"contentUrl\":\"https:\\\/\\\/fit360.ee\\\/wp-content\\\/uploads\\\/2016\\\/06\\\/Tsink-Zinc-Tsingi-tabletid-fit360.ee-2.png\",\"width\":600,\"height\":600,\"caption\":\"Tsink Zinc Tsingi tabletid - fit360.ee\"},{\"@type\":\"BreadcrumbList\",\"@id\":\"https:\\\/\\\/fit360.ee\\\/en\\\/pood\\\/product-groups\\\/vitamins-and-minerals-en\\\/zinc-en\\\/zinc-90-tbl\\\/#breadcrumb\",\"itemListElement\":[{\"@type\":\"ListItem\",\"position\":1,\"name\":\"Home\",\"item\":\"https:\\\/\\\/fit360.ee\\\/en\\\/\"},{\"@type\":\"ListItem\",\"position\":2,\"name\":\"Shop\",\"item\":\"https:\\\/\\\/fit360.ee\\\/en\\\/shop\\\/\"},{\"@type\":\"ListItem\",\"position\":3,\"name\":\"Zinc (90 tbl)\"}]},{\"@type\":\"WebSite\",\"@id\":\"https:\\\/\\\/fit360.ee\\\/en\\\/#website\",\"url\":\"https:\\\/\\\/fit360.ee\\\/en\\\/\",\"name\":\"Fit360\",\"description\":\"\",\"publisher\":{\"@id\":\"https:\\\/\\\/fit360.ee\\\/en\\\/#organization\"},\"potentialAction\":[{\"@type\":\"SearchAction\",\"target\":{\"@type\":\"EntryPoint\",\"urlTemplate\":\"https:\\\/\\\/fit360.ee\\\/en\\\/?s={search_term_string}\"},\"query-input\":{\"@type\":\"PropertyValueSpecification\",\"valueRequired\":true,\"valueName\":\"search_term_string\"}}],\"inLanguage\":\"en-US\"},{\"@type\":\"Organization\",\"@id\":\"https:\\\/\\\/fit360.ee\\\/en\\\/#organization\",\"name\":\"Fit360\",\"url\":\"https:\\\/\\\/fit360.ee\\\/en\\\/\",\"logo\":{\"@type\":\"ImageObject\",\"inLanguage\":\"en-US\",\"@id\":\"https:\\\/\\\/fit360.ee\\\/en\\\/#\\\/schema\\\/logo\\\/image\\\/\",\"url\":\"https:\\\/\\\/fit360.ee\\\/wp-content\\\/uploads\\\/2017\\\/01\\\/logo-fit360.png\",\"contentUrl\":\"https:\\\/\\\/fit360.ee\\\/wp-content\\\/uploads\\\/2017\\\/01\\\/logo-fit360.png\",\"width\":180,\"height\":66,\"caption\":\"Fit360\"},\"image\":{\"@id\":\"https:\\\/\\\/fit360.ee\\\/en\\\/#\\\/schema\\\/logo\\\/image\\\/\"}}]}<\/script>\n<!-- \/ Yoast SEO plugin. -->","yoast_head_json":{"title":"Tsink (90tbl) - Zinc - Tsingi tabletid - Kiire tarne - Suurep\u00e4rane hind - Fit360","description":"Tsink - Positiivne m\u00f5ju immuuns\u00fcsteemile. Aitab s\u00e4ilitada ja parandada testosteroonitaset. Samuti osaleb tsink toitainete metabolismis.","robots":{"index":"index","follow":"follow","max-snippet":"max-snippet:-1","max-image-preview":"max-image-preview:large","max-video-preview":"max-video-preview:-1"},"canonical":"https:\/\/fit360.ee\/en\/pood\/product-groups\/vitamins-and-minerals-en\/zinc-en\/zinc-90-tbl\/","og_locale":"en_US","og_type":"article","og_title":"Tsink (90tbl) - Zinc - Tsingi tabletid - Kiire tarne - Suurep\u00e4rane hind - Fit360","og_description":"Tsink - Positiivne m\u00f5ju immuuns\u00fcsteemile. Aitab s\u00e4ilitada ja parandada testosteroonitaset. Samuti osaleb tsink toitainete metabolismis.","og_url":"https:\/\/fit360.ee\/en\/pood\/product-groups\/vitamins-and-minerals-en\/zinc-en\/zinc-90-tbl\/","og_site_name":"Fit360","article_modified_time":"2025-10-06T16:46:03+00:00","og_image":[{"width":600,"height":600,"url":"https:\/\/fit360.ee\/wp-content\/uploads\/2016\/06\/Tsink-Zinc-Tsingi-tabletid-fit360.ee-2.png","type":"image\/png"}],"twitter_card":"summary_large_image","schema":{"@context":"https:\/\/schema.org","@graph":[{"@type":"WebPage","@id":"https:\/\/fit360.ee\/en\/pood\/product-groups\/vitamins-and-minerals-en\/zinc-en\/zinc-90-tbl\/","url":"https:\/\/fit360.ee\/en\/pood\/product-groups\/vitamins-and-minerals-en\/zinc-en\/zinc-90-tbl\/","name":"Tsink (90tbl) - Zinc - Tsingi tabletid - Kiire tarne - Suurep\u00e4rane hind - Fit360","isPartOf":{"@id":"https:\/\/fit360.ee\/en\/#website"},"primaryImageOfPage":{"@id":"https:\/\/fit360.ee\/en\/pood\/product-groups\/vitamins-and-minerals-en\/zinc-en\/zinc-90-tbl\/#primaryimage"},"image":{"@id":"https:\/\/fit360.ee\/en\/pood\/product-groups\/vitamins-and-minerals-en\/zinc-en\/zinc-90-tbl\/#primaryimage"},"thumbnailUrl":"https:\/\/fit360.ee\/wp-content\/uploads\/2016\/06\/Tsink-Zinc-Tsingi-tabletid-fit360.ee-2.png","datePublished":"2016-06-10T10:04:17+00:00","dateModified":"2025-10-06T16:46:03+00:00","description":"Tsink - Positiivne m\u00f5ju immuuns\u00fcsteemile. Aitab s\u00e4ilitada ja parandada testosteroonitaset. Samuti osaleb tsink toitainete metabolismis.","breadcrumb":{"@id":"https:\/\/fit360.ee\/en\/pood\/product-groups\/vitamins-and-minerals-en\/zinc-en\/zinc-90-tbl\/#breadcrumb"},"inLanguage":"en-US","potentialAction":[{"@type":"ReadAction","target":["https:\/\/fit360.ee\/en\/pood\/product-groups\/vitamins-and-minerals-en\/zinc-en\/zinc-90-tbl\/"]}]},{"@type":"ImageObject","inLanguage":"en-US","@id":"https:\/\/fit360.ee\/en\/pood\/product-groups\/vitamins-and-minerals-en\/zinc-en\/zinc-90-tbl\/#primaryimage","url":"https:\/\/fit360.ee\/wp-content\/uploads\/2016\/06\/Tsink-Zinc-Tsingi-tabletid-fit360.ee-2.png","contentUrl":"https:\/\/fit360.ee\/wp-content\/uploads\/2016\/06\/Tsink-Zinc-Tsingi-tabletid-fit360.ee-2.png","width":600,"height":600,"caption":"Tsink Zinc Tsingi tabletid - fit360.ee"},{"@type":"BreadcrumbList","@id":"https:\/\/fit360.ee\/en\/pood\/product-groups\/vitamins-and-minerals-en\/zinc-en\/zinc-90-tbl\/#breadcrumb","itemListElement":[{"@type":"ListItem","position":1,"name":"Home","item":"https:\/\/fit360.ee\/en\/"},{"@type":"ListItem","position":2,"name":"Shop","item":"https:\/\/fit360.ee\/en\/shop\/"},{"@type":"ListItem","position":3,"name":"Zinc (90 tbl)"}]},{"@type":"WebSite","@id":"https:\/\/fit360.ee\/en\/#website","url":"https:\/\/fit360.ee\/en\/","name":"Fit360","description":"","publisher":{"@id":"https:\/\/fit360.ee\/en\/#organization"},"potentialAction":[{"@type":"SearchAction","target":{"@type":"EntryPoint","urlTemplate":"https:\/\/fit360.ee\/en\/?s={search_term_string}"},"query-input":{"@type":"PropertyValueSpecification","valueRequired":true,"valueName":"search_term_string"}}],"inLanguage":"en-US"},{"@type":"Organization","@id":"https:\/\/fit360.ee\/en\/#organization","name":"Fit360","url":"https:\/\/fit360.ee\/en\/","logo":{"@type":"ImageObject","inLanguage":"en-US","@id":"https:\/\/fit360.ee\/en\/#\/schema\/logo\/image\/","url":"https:\/\/fit360.ee\/wp-content\/uploads\/2017\/01\/logo-fit360.png","contentUrl":"https:\/\/fit360.ee\/wp-content\/uploads\/2017\/01\/logo-fit360.png","width":180,"height":66,"caption":"Fit360"},"image":{"@id":"https:\/\/fit360.ee\/en\/#\/schema\/logo\/image\/"}}]}},"_links":{"self":[{"href":"https:\/\/fit360.ee\/en\/wp-json\/wp\/v2\/product\/9943","targetHints":{"allow":["GET"]}}],"collection":[{"href":"https:\/\/fit360.ee\/en\/wp-json\/wp\/v2\/product"}],"about":[{"href":"https:\/\/fit360.ee\/en\/wp-json\/wp\/v2\/types\/product"}],"replies":[{"embeddable":true,"href":"https:\/\/fit360.ee\/en\/wp-json\/wp\/v2\/comments?post=9943"}],"wp:featuredmedia":[{"embeddable":true,"href":"https:\/\/fit360.ee\/en\/wp-json\/wp\/v2\/media\/63841"}],"wp:attachment":[{"href":"https:\/\/fit360.ee\/en\/wp-json\/wp\/v2\/media?parent=9943"}],"wp:term":[{"taxonomy":"product_brand","embeddable":true,"href":"https:\/\/fit360.ee\/en\/wp-json\/wp\/v2\/product_brand?post=9943"},{"taxonomy":"product_cat","embeddable":true,"href":"https:\/\/fit360.ee\/en\/wp-json\/wp\/v2\/product_cat?post=9943"},{"taxonomy":"product_tag","embeddable":true,"href":"https:\/\/fit360.ee\/en\/wp-json\/wp\/v2\/product_tag?post=9943"},{"taxonomy":"giftcard-category","embeddable":true,"href":"https:\/\/fit360.ee\/en\/wp-json\/wp\/v2\/giftcard-category?post=9943"}],"curies":[{"name":"wp","href":"https:\/\/api.w.org\/{rel}","templated":true}]}}