{"id":9959,"date":"2016-06-09T15:58:59","date_gmt":"2016-06-09T13:58:59","guid":{"rendered":"https:\/\/fit360.ee\/shop\/maaratlemata\/glutamine-500g-2\/"},"modified":"2024-07-24T13:56:29","modified_gmt":"2024-07-24T11:56:29","slug":"glutamine-500g-2","status":"publish","type":"product","link":"https:\/\/fit360.ee\/en\/pood\/product-groups\/amino-acids-bcaa\/l-glutamine-en\/glutamine-500g-2\/","title":{"rendered":"Glutamine (500g)"},"content":{"rendered":"<p><strong>Ingredients<\/strong>: L-Glutamine, Aroma, Citric acid (acidity regulator), Sucralose (sweetener), colourings for respective flavours: grapefruit \u2013 E122, orange \u2013 E110, cherry \u2013 E124, pineapple \u2013 E104, lemon \u2013 E104. (E122, E110, E124, E104 \u2013 may have an adverse effect on activity and attention in children). Contains sweeteners.\u00a0.<\/p>\n<p><strong>How to use:<\/strong> Dissolve 5,5 g of product (1 serving) in 200 ml of water or juice, take twice a day. Do not exceed the maximum of 2 servings daily. Dietary supplements should not replace a varied, balanced diet.<\/p>\n<p><strong>NB!<\/strong> Keep out of children\u2019s reach. Not suitable for pregnant women and breastfeeding mothers.<\/p>\n<p><strong>Package contents<\/strong>: 500g &#8211; 90 servings<\/p>\n<table style=\"height: 30px;\" width=\"688\">\n<tbody>\n<tr>\n<td style=\"width: 148.021px;\"><strong>Active Ingredients<\/strong><\/td>\n<td style=\"width: 179.132px;\"><strong>1 serving\u00a0(5,4g)<\/strong><\/td>\n<td style=\"width: 65.7986px;\"><strong>% RDA<\/strong><\/td>\n<td style=\"width: 182.465px;\"><strong>2 servings\u00a0(10,8 g)<\/strong><\/td>\n<td style=\"width: 82.4653px;\"><strong>% RDA<\/strong><\/td>\n<\/tr>\n<tr>\n<td style=\"width: 148.021px;\">L-glutamine<\/td>\n<td style=\"width: 179.132px;\">5 g<\/td>\n<td style=\"width: 65.7986px;\">**<\/td>\n<td style=\"width: 182.465px;\">10 g<\/td>\n<td style=\"width: 82.4653px;\">**<\/td>\n<\/tr>\n<\/tbody>\n<\/table>\n<p>% RDA \u2013 <em>Recommended Daily Allowance<\/em>, ** \u2013 <em>RDA not established<\/em>.<\/p>\n","protected":false},"excerpt":{"rendered":"<p><strong>Glutamine<\/strong> plays a role in a variety of biochemical functions:<\/p>\n<ul>\n<li>Protein synthesis, as any other of the 20 proteinogenic amino acids<\/li>\n<li>Lipid synthesis, especially by cancer\u00a0cells.<\/li>\n<li>Regulation of acid-base balance in the kidney by producing\u00a0ammonium<\/li>\n<li>Cellular energy, as a source, next to glucose<\/li>\n<li>Nitrogen\u00a0donation for many anabolic processes, including the synthesis of purines<\/li>\n<li>Carbon donation, as a source, refilling the citric acid cycle<\/li>\n<li>Nontoxic transporter of ammonia in the blood circulation<\/li>\n<li>Precursor to the neurotransmitter glutamate<\/li>\n<\/ul>\n<p><strong>Glutamine<\/strong> is one of the key amino acids for every athlete, physically active person and everyone who treats sport as a form of relax. If you want to obtain exceptionally powerful anticatabolic protection, increase endurance or gain significantly more energy, choose the top quality supplement <strong>Glutamine by Real Pharm<\/strong>, which will enable you to speed up the effects of daily exercise and support your body before and after workout sessions.<\/p>\n<p><strong>Glutamine<\/strong> is the only amino acid to have two atoms of nitrogen instead of one, which makes it a valuable precursor and transmitter at the same time. Glutamine will enable you to gain a strong anabolic boost, obtain effective anticatabolic protection and increase your endurance so that you can increase the length and intensity of your work out sessions!<\/p>\n","protected":false},"featured_media":37818,"comment_status":"open","ping_status":"closed","template":"","meta":[],"product_brand":[],"product_cat":[520,2307,515,531],"product_tag":[1787,1820,1821,1803],"giftcard-category":[],"class_list":{"0":"post-9959","1":"product","2":"type-product","3":"status-publish","4":"has-post-thumbnail","6":"product_cat-amino-acids-bcaa","7":"product_cat-l-glutamine-en","8":"product_cat-real-pharm","9":"product_cat-recovery-post-workout-en","10":"product_tag-aminohapped-en","11":"product_tag-glutamiin-en","12":"product_tag-glutamine-en","13":"product_tag-real-pharm-en","14":"pa_maitse-cherry","15":"pa_maitse-lemon","16":"pa_maitse-mango-maracuja-en","17":"pa_maitse-orange","18":"pa_maitse-pineapple","19":"pa_maitse-tasteless","21":"first","22":"outofstock","23":"sale","24":"taxable","25":"shipping-taxable","26":"purchasable","27":"product-type-variable"},"yoast_head":"<!-- This site is optimized with the Yoast SEO plugin v27.3 - https:\/\/yoast.com\/product\/yoast-seo-wordpress\/ -->\n<title>Glutamine (500g) - Aminohapped - Parandab t\u00f6\u00f6v\u00f5imet - Tarne: 1-3 p\u00e4eva<\/title>\n<meta name=\"description\" content=\"Glutamine on toode just neile, kes soovivad parandada kehalist t\u00f6\u00f6v\u00f5imet k\u00f5rge intensiivsusega treeningutel ja ka paremini f\u00fc\u00fcsilisest tegevusest taastuda.\" \/>\n<meta name=\"robots\" content=\"index, follow, max-snippet:-1, max-image-preview:large, max-video-preview:-1\" \/>\n<link rel=\"canonical\" href=\"https:\/\/fit360.ee\/en\/pood\/product-groups\/amino-acids-bcaa\/l-glutamine-en\/glutamine-500g-2\/\" \/>\n<meta property=\"og:locale\" content=\"en_US\" \/>\n<meta property=\"og:type\" content=\"article\" \/>\n<meta property=\"og:title\" content=\"Glutamine (500g) - Aminohapped - Parandab t\u00f6\u00f6v\u00f5imet - Tarne: 1-3 p\u00e4eva\" \/>\n<meta property=\"og:description\" content=\"Glutamine on toode just neile, kes soovivad parandada kehalist t\u00f6\u00f6v\u00f5imet k\u00f5rge intensiivsusega treeningutel ja ka paremini f\u00fc\u00fcsilisest tegevusest taastuda.\" \/>\n<meta property=\"og:url\" content=\"https:\/\/fit360.ee\/en\/pood\/product-groups\/amino-acids-bcaa\/l-glutamine-en\/glutamine-500g-2\/\" \/>\n<meta property=\"og:site_name\" content=\"Fit360\" \/>\n<meta property=\"article:modified_time\" content=\"2024-07-24T11:56:29+00:00\" \/>\n<meta property=\"og:image\" content=\"https:\/\/fit360.ee\/wp-content\/uploads\/2016\/06\/GLUTAMINE_PROSZEK_ORANGE-600x600-1.png\" \/>\n\t<meta property=\"og:image:width\" content=\"600\" \/>\n\t<meta property=\"og:image:height\" content=\"600\" \/>\n\t<meta property=\"og:image:type\" content=\"image\/png\" \/>\n<meta name=\"twitter:card\" content=\"summary_large_image\" \/>\n<meta name=\"twitter:label1\" content=\"Est. reading time\" \/>\n\t<meta name=\"twitter:data1\" content=\"1 minute\" \/>\n<script type=\"application\/ld+json\" class=\"yoast-schema-graph\">{\"@context\":\"https:\\\/\\\/schema.org\",\"@graph\":[{\"@type\":\"WebPage\",\"@id\":\"https:\\\/\\\/fit360.ee\\\/en\\\/pood\\\/product-groups\\\/amino-acids-bcaa\\\/l-glutamine-en\\\/glutamine-500g-2\\\/\",\"url\":\"https:\\\/\\\/fit360.ee\\\/en\\\/pood\\\/product-groups\\\/amino-acids-bcaa\\\/l-glutamine-en\\\/glutamine-500g-2\\\/\",\"name\":\"Glutamine (500g) - Aminohapped - Parandab t\u00f6\u00f6v\u00f5imet - Tarne: 1-3 p\u00e4eva\",\"isPartOf\":{\"@id\":\"https:\\\/\\\/fit360.ee\\\/en\\\/#website\"},\"primaryImageOfPage\":{\"@id\":\"https:\\\/\\\/fit360.ee\\\/en\\\/pood\\\/product-groups\\\/amino-acids-bcaa\\\/l-glutamine-en\\\/glutamine-500g-2\\\/#primaryimage\"},\"image\":{\"@id\":\"https:\\\/\\\/fit360.ee\\\/en\\\/pood\\\/product-groups\\\/amino-acids-bcaa\\\/l-glutamine-en\\\/glutamine-500g-2\\\/#primaryimage\"},\"thumbnailUrl\":\"https:\\\/\\\/fit360.ee\\\/wp-content\\\/uploads\\\/2016\\\/06\\\/GLUTAMINE_PROSZEK_ORANGE-600x600-1.png\",\"datePublished\":\"2016-06-09T13:58:59+00:00\",\"dateModified\":\"2024-07-24T11:56:29+00:00\",\"description\":\"Glutamine on toode just neile, kes soovivad parandada kehalist t\u00f6\u00f6v\u00f5imet k\u00f5rge intensiivsusega treeningutel ja ka paremini f\u00fc\u00fcsilisest tegevusest taastuda.\",\"breadcrumb\":{\"@id\":\"https:\\\/\\\/fit360.ee\\\/en\\\/pood\\\/product-groups\\\/amino-acids-bcaa\\\/l-glutamine-en\\\/glutamine-500g-2\\\/#breadcrumb\"},\"inLanguage\":\"en-US\",\"potentialAction\":[{\"@type\":\"ReadAction\",\"target\":[\"https:\\\/\\\/fit360.ee\\\/en\\\/pood\\\/product-groups\\\/amino-acids-bcaa\\\/l-glutamine-en\\\/glutamine-500g-2\\\/\"]}]},{\"@type\":\"ImageObject\",\"inLanguage\":\"en-US\",\"@id\":\"https:\\\/\\\/fit360.ee\\\/en\\\/pood\\\/product-groups\\\/amino-acids-bcaa\\\/l-glutamine-en\\\/glutamine-500g-2\\\/#primaryimage\",\"url\":\"https:\\\/\\\/fit360.ee\\\/wp-content\\\/uploads\\\/2016\\\/06\\\/GLUTAMINE_PROSZEK_ORANGE-600x600-1.png\",\"contentUrl\":\"https:\\\/\\\/fit360.ee\\\/wp-content\\\/uploads\\\/2016\\\/06\\\/GLUTAMINE_PROSZEK_ORANGE-600x600-1.png\",\"width\":600,\"height\":600,\"caption\":\"Glutamine - glutamiin - fit360.ee\"},{\"@type\":\"BreadcrumbList\",\"@id\":\"https:\\\/\\\/fit360.ee\\\/en\\\/pood\\\/product-groups\\\/amino-acids-bcaa\\\/l-glutamine-en\\\/glutamine-500g-2\\\/#breadcrumb\",\"itemListElement\":[{\"@type\":\"ListItem\",\"position\":1,\"name\":\"Home\",\"item\":\"https:\\\/\\\/fit360.ee\\\/en\\\/\"},{\"@type\":\"ListItem\",\"position\":2,\"name\":\"Shop\",\"item\":\"https:\\\/\\\/fit360.ee\\\/en\\\/shop\\\/\"},{\"@type\":\"ListItem\",\"position\":3,\"name\":\"Glutamine (500g)\"}]},{\"@type\":\"WebSite\",\"@id\":\"https:\\\/\\\/fit360.ee\\\/en\\\/#website\",\"url\":\"https:\\\/\\\/fit360.ee\\\/en\\\/\",\"name\":\"Fit360\",\"description\":\"\",\"publisher\":{\"@id\":\"https:\\\/\\\/fit360.ee\\\/en\\\/#organization\"},\"potentialAction\":[{\"@type\":\"SearchAction\",\"target\":{\"@type\":\"EntryPoint\",\"urlTemplate\":\"https:\\\/\\\/fit360.ee\\\/en\\\/?s={search_term_string}\"},\"query-input\":{\"@type\":\"PropertyValueSpecification\",\"valueRequired\":true,\"valueName\":\"search_term_string\"}}],\"inLanguage\":\"en-US\"},{\"@type\":\"Organization\",\"@id\":\"https:\\\/\\\/fit360.ee\\\/en\\\/#organization\",\"name\":\"Fit360\",\"url\":\"https:\\\/\\\/fit360.ee\\\/en\\\/\",\"logo\":{\"@type\":\"ImageObject\",\"inLanguage\":\"en-US\",\"@id\":\"https:\\\/\\\/fit360.ee\\\/en\\\/#\\\/schema\\\/logo\\\/image\\\/\",\"url\":\"https:\\\/\\\/fit360.ee\\\/wp-content\\\/uploads\\\/2017\\\/01\\\/logo-fit360.png\",\"contentUrl\":\"https:\\\/\\\/fit360.ee\\\/wp-content\\\/uploads\\\/2017\\\/01\\\/logo-fit360.png\",\"width\":180,\"height\":66,\"caption\":\"Fit360\"},\"image\":{\"@id\":\"https:\\\/\\\/fit360.ee\\\/en\\\/#\\\/schema\\\/logo\\\/image\\\/\"}}]}<\/script>\n<!-- \/ Yoast SEO plugin. -->","yoast_head_json":{"title":"Glutamine (500g) - Aminohapped - Parandab t\u00f6\u00f6v\u00f5imet - Tarne: 1-3 p\u00e4eva","description":"Glutamine on toode just neile, kes soovivad parandada kehalist t\u00f6\u00f6v\u00f5imet k\u00f5rge intensiivsusega treeningutel ja ka paremini f\u00fc\u00fcsilisest tegevusest taastuda.","robots":{"index":"index","follow":"follow","max-snippet":"max-snippet:-1","max-image-preview":"max-image-preview:large","max-video-preview":"max-video-preview:-1"},"canonical":"https:\/\/fit360.ee\/en\/pood\/product-groups\/amino-acids-bcaa\/l-glutamine-en\/glutamine-500g-2\/","og_locale":"en_US","og_type":"article","og_title":"Glutamine (500g) - Aminohapped - Parandab t\u00f6\u00f6v\u00f5imet - Tarne: 1-3 p\u00e4eva","og_description":"Glutamine on toode just neile, kes soovivad parandada kehalist t\u00f6\u00f6v\u00f5imet k\u00f5rge intensiivsusega treeningutel ja ka paremini f\u00fc\u00fcsilisest tegevusest taastuda.","og_url":"https:\/\/fit360.ee\/en\/pood\/product-groups\/amino-acids-bcaa\/l-glutamine-en\/glutamine-500g-2\/","og_site_name":"Fit360","article_modified_time":"2024-07-24T11:56:29+00:00","og_image":[{"width":600,"height":600,"url":"https:\/\/fit360.ee\/wp-content\/uploads\/2016\/06\/GLUTAMINE_PROSZEK_ORANGE-600x600-1.png","type":"image\/png"}],"twitter_card":"summary_large_image","twitter_misc":{"Est. reading time":"1 minute"},"schema":{"@context":"https:\/\/schema.org","@graph":[{"@type":"WebPage","@id":"https:\/\/fit360.ee\/en\/pood\/product-groups\/amino-acids-bcaa\/l-glutamine-en\/glutamine-500g-2\/","url":"https:\/\/fit360.ee\/en\/pood\/product-groups\/amino-acids-bcaa\/l-glutamine-en\/glutamine-500g-2\/","name":"Glutamine (500g) - Aminohapped - Parandab t\u00f6\u00f6v\u00f5imet - Tarne: 1-3 p\u00e4eva","isPartOf":{"@id":"https:\/\/fit360.ee\/en\/#website"},"primaryImageOfPage":{"@id":"https:\/\/fit360.ee\/en\/pood\/product-groups\/amino-acids-bcaa\/l-glutamine-en\/glutamine-500g-2\/#primaryimage"},"image":{"@id":"https:\/\/fit360.ee\/en\/pood\/product-groups\/amino-acids-bcaa\/l-glutamine-en\/glutamine-500g-2\/#primaryimage"},"thumbnailUrl":"https:\/\/fit360.ee\/wp-content\/uploads\/2016\/06\/GLUTAMINE_PROSZEK_ORANGE-600x600-1.png","datePublished":"2016-06-09T13:58:59+00:00","dateModified":"2024-07-24T11:56:29+00:00","description":"Glutamine on toode just neile, kes soovivad parandada kehalist t\u00f6\u00f6v\u00f5imet k\u00f5rge intensiivsusega treeningutel ja ka paremini f\u00fc\u00fcsilisest tegevusest taastuda.","breadcrumb":{"@id":"https:\/\/fit360.ee\/en\/pood\/product-groups\/amino-acids-bcaa\/l-glutamine-en\/glutamine-500g-2\/#breadcrumb"},"inLanguage":"en-US","potentialAction":[{"@type":"ReadAction","target":["https:\/\/fit360.ee\/en\/pood\/product-groups\/amino-acids-bcaa\/l-glutamine-en\/glutamine-500g-2\/"]}]},{"@type":"ImageObject","inLanguage":"en-US","@id":"https:\/\/fit360.ee\/en\/pood\/product-groups\/amino-acids-bcaa\/l-glutamine-en\/glutamine-500g-2\/#primaryimage","url":"https:\/\/fit360.ee\/wp-content\/uploads\/2016\/06\/GLUTAMINE_PROSZEK_ORANGE-600x600-1.png","contentUrl":"https:\/\/fit360.ee\/wp-content\/uploads\/2016\/06\/GLUTAMINE_PROSZEK_ORANGE-600x600-1.png","width":600,"height":600,"caption":"Glutamine - glutamiin - fit360.ee"},{"@type":"BreadcrumbList","@id":"https:\/\/fit360.ee\/en\/pood\/product-groups\/amino-acids-bcaa\/l-glutamine-en\/glutamine-500g-2\/#breadcrumb","itemListElement":[{"@type":"ListItem","position":1,"name":"Home","item":"https:\/\/fit360.ee\/en\/"},{"@type":"ListItem","position":2,"name":"Shop","item":"https:\/\/fit360.ee\/en\/shop\/"},{"@type":"ListItem","position":3,"name":"Glutamine (500g)"}]},{"@type":"WebSite","@id":"https:\/\/fit360.ee\/en\/#website","url":"https:\/\/fit360.ee\/en\/","name":"Fit360","description":"","publisher":{"@id":"https:\/\/fit360.ee\/en\/#organization"},"potentialAction":[{"@type":"SearchAction","target":{"@type":"EntryPoint","urlTemplate":"https:\/\/fit360.ee\/en\/?s={search_term_string}"},"query-input":{"@type":"PropertyValueSpecification","valueRequired":true,"valueName":"search_term_string"}}],"inLanguage":"en-US"},{"@type":"Organization","@id":"https:\/\/fit360.ee\/en\/#organization","name":"Fit360","url":"https:\/\/fit360.ee\/en\/","logo":{"@type":"ImageObject","inLanguage":"en-US","@id":"https:\/\/fit360.ee\/en\/#\/schema\/logo\/image\/","url":"https:\/\/fit360.ee\/wp-content\/uploads\/2017\/01\/logo-fit360.png","contentUrl":"https:\/\/fit360.ee\/wp-content\/uploads\/2017\/01\/logo-fit360.png","width":180,"height":66,"caption":"Fit360"},"image":{"@id":"https:\/\/fit360.ee\/en\/#\/schema\/logo\/image\/"}}]}},"_links":{"self":[{"href":"https:\/\/fit360.ee\/en\/wp-json\/wp\/v2\/product\/9959","targetHints":{"allow":["GET"]}}],"collection":[{"href":"https:\/\/fit360.ee\/en\/wp-json\/wp\/v2\/product"}],"about":[{"href":"https:\/\/fit360.ee\/en\/wp-json\/wp\/v2\/types\/product"}],"replies":[{"embeddable":true,"href":"https:\/\/fit360.ee\/en\/wp-json\/wp\/v2\/comments?post=9959"}],"wp:featuredmedia":[{"embeddable":true,"href":"https:\/\/fit360.ee\/en\/wp-json\/wp\/v2\/media\/37818"}],"wp:attachment":[{"href":"https:\/\/fit360.ee\/en\/wp-json\/wp\/v2\/media?parent=9959"}],"wp:term":[{"taxonomy":"product_brand","embeddable":true,"href":"https:\/\/fit360.ee\/en\/wp-json\/wp\/v2\/product_brand?post=9959"},{"taxonomy":"product_cat","embeddable":true,"href":"https:\/\/fit360.ee\/en\/wp-json\/wp\/v2\/product_cat?post=9959"},{"taxonomy":"product_tag","embeddable":true,"href":"https:\/\/fit360.ee\/en\/wp-json\/wp\/v2\/product_tag?post=9959"},{"taxonomy":"giftcard-category","embeddable":true,"href":"https:\/\/fit360.ee\/en\/wp-json\/wp\/v2\/giftcard-category?post=9959"}],"curies":[{"name":"wp","href":"https:\/\/api.w.org\/{rel}","templated":true}]}}