{"id":9965,"date":"2016-06-09T15:51:20","date_gmt":"2016-06-09T13:51:20","guid":{"rendered":"https:\/\/fit360.ee\/shop\/maaratlemata\/beta-alanine-300g\/"},"modified":"2025-12-11T20:08:20","modified_gmt":"2025-12-11T18:08:20","slug":"beta-alanine-300g","status":"publish","type":"product","link":"https:\/\/fit360.ee\/en\/pood\/product-groups\/amino-acids-bcaa\/beta-alanine-en\/beta-alanine-300g\/","title":{"rendered":"Beta Alanine (300g)"},"content":{"rendered":"<p><strong>Ingredients<\/strong>: beta-alanine, citric acid (acidity regulator), flavor, sucralose (sweetener), coloring for flavors: grapefruit &#8211; E122, orange &#8211; E110, cherry &#8211; E124, pineapple &#8211; E104, lemon &#8211; E104. (E122, E110, E124, E104 &#8211; may have an adverse effect on activity and attention in children).<\/p>\n<p><strong>How to use<\/strong>:\u00a0A portion of 3\u00a0g of the product mixed with 200 ml of water or juice once a day. Do not exceed the maximum 1 portion of the product to be consumed daily.<\/p>\n<p><strong>Package contents<\/strong>: 300g &#8211; 100 servings<\/p>\n<table style=\"height: 77px;\" width=\"455\">\n<tbody>\n<tr>\n<td style=\"width: 200.243px;\"><strong>Active ingredients<\/strong><\/td>\n<td style=\"width: 131.354px;\"><strong>1 serving (3 g)<\/strong><\/td>\n<td style=\"width: 103.576px;\"><strong>%RDA<\/strong><\/td>\n<\/tr>\n<tr>\n<td style=\"width: 200.243px;\">beta alanine<\/td>\n<td style=\"width: 131.354px;\">2,74\u00a0g<\/td>\n<td style=\"width: 103.576px;\">**<\/td>\n<\/tr>\n<\/tbody>\n<\/table>\n<p>&nbsp;<\/p>\n","protected":false},"excerpt":{"rendered":"<p><b>BETA-ALANINE:<\/b><\/p>\n<ul>\n<li>Improve strength and endurance during each training<\/li>\n<li>Increases muscle strength, recovery and endurance<\/li>\n<li>Gain additional anti-catabolic protection<\/li>\n<\/ul>\n<p><strong>Beta Alanine<\/strong> Real Pharm 300g contains the purest quality beta alanine. The product\u2019s main goal is to prevent premature fatigue and help to build lean muscle mass. It also helps to build up endurance, increase workout efficiency and accelerate regeneration.<\/p>\n<p><strong>Beta Alanine<\/strong> Real Pharm 300g converted in your body into carnosine, which is responsible for all the processes described above. Carnosine itself causes a rapid muscle mass gain, and prevents muscle sores (by blocking lactic acid production).<br \/>\nCarnosine is present in high concentrations in skeletal muscles, and its concentration is highest in the strong, fast-twitch type II muscle fibers. Due to this fact, it delays the decrease in pH, increasing the length and efficiency of trainings.<\/p>\n","protected":false},"featured_media":63850,"comment_status":"open","ping_status":"closed","template":"","meta":[],"product_brand":[],"product_cat":[520,2303,533,515],"product_tag":[1787,1788,1789,1803],"giftcard-category":[],"class_list":{"0":"post-9965","1":"product","2":"type-product","3":"status-publish","4":"has-post-thumbnail","6":"product_cat-amino-acids-bcaa","7":"product_cat-beta-alanine-en","8":"product_cat-pre-workout-en","9":"product_cat-real-pharm","10":"product_tag-aminohapped-en","11":"product_tag-beeta-alaniin-en","12":"product_tag-beta-alanine-en","13":"product_tag-real-pharm-en","14":"pa_maitse-cherry","15":"pa_maitse-grape","16":"pa_maitse-lemon","17":"pa_maitse-mango-maracuja-en","18":"pa_maitse-orange","19":"pa_maitse-strawberry-watermelon","21":"first","22":"instock","23":"sale","24":"taxable","25":"shipping-taxable","26":"purchasable","27":"product-type-variable"},"yoast_head":"<!-- This site is optimized with the Yoast SEO plugin v27.3 - https:\/\/yoast.com\/product\/yoast-seo-wordpress\/ -->\n<title>Beta Alanine (300g) - Aminohapped - Beeta-Alaniin - Kiire tarne: 1-3 p\u00e4eva<\/title>\n<meta name=\"description\" content=\"Beta Alanine sisaldab puhtaima kvaliteediga beeta alaniini.\u00a0Toote peamine eesm\u00e4rk on hoida \u00e4ra enneaegset v\u00e4simust ja abistada lihasmassi ehitamisel.\" \/>\n<meta name=\"robots\" content=\"index, follow, max-snippet:-1, max-image-preview:large, max-video-preview:-1\" \/>\n<link rel=\"canonical\" href=\"https:\/\/fit360.ee\/en\/pood\/product-groups\/amino-acids-bcaa\/beta-alanine-en\/beta-alanine-300g\/\" \/>\n<meta property=\"og:locale\" content=\"en_US\" \/>\n<meta property=\"og:type\" content=\"article\" \/>\n<meta property=\"og:title\" content=\"Beta Alanine (300g) - Aminohapped - Beeta-Alaniin - Kiire tarne: 1-3 p\u00e4eva\" \/>\n<meta property=\"og:description\" content=\"Beta Alanine sisaldab puhtaima kvaliteediga beeta alaniini.\u00a0Toote peamine eesm\u00e4rk on hoida \u00e4ra enneaegset v\u00e4simust ja abistada lihasmassi ehitamisel.\" \/>\n<meta property=\"og:url\" content=\"https:\/\/fit360.ee\/en\/pood\/product-groups\/amino-acids-bcaa\/beta-alanine-en\/beta-alanine-300g\/\" \/>\n<meta property=\"og:site_name\" content=\"Fit360\" \/>\n<meta property=\"article:modified_time\" content=\"2025-12-11T18:08:20+00:00\" \/>\n<meta property=\"og:image\" content=\"https:\/\/fit360.ee\/wp-content\/uploads\/2016\/06\/beta-alanine-fit360.ee_.png\" \/>\n\t<meta property=\"og:image:width\" content=\"600\" \/>\n\t<meta property=\"og:image:height\" content=\"600\" \/>\n\t<meta property=\"og:image:type\" content=\"image\/png\" \/>\n<meta name=\"twitter:card\" content=\"summary_large_image\" \/>\n<script type=\"application\/ld+json\" class=\"yoast-schema-graph\">{\"@context\":\"https:\\\/\\\/schema.org\",\"@graph\":[{\"@type\":\"WebPage\",\"@id\":\"https:\\\/\\\/fit360.ee\\\/en\\\/pood\\\/product-groups\\\/amino-acids-bcaa\\\/beta-alanine-en\\\/beta-alanine-300g\\\/\",\"url\":\"https:\\\/\\\/fit360.ee\\\/en\\\/pood\\\/product-groups\\\/amino-acids-bcaa\\\/beta-alanine-en\\\/beta-alanine-300g\\\/\",\"name\":\"Beta Alanine (300g) - Aminohapped - Beeta-Alaniin - Kiire tarne: 1-3 p\u00e4eva\",\"isPartOf\":{\"@id\":\"https:\\\/\\\/fit360.ee\\\/en\\\/#website\"},\"primaryImageOfPage\":{\"@id\":\"https:\\\/\\\/fit360.ee\\\/en\\\/pood\\\/product-groups\\\/amino-acids-bcaa\\\/beta-alanine-en\\\/beta-alanine-300g\\\/#primaryimage\"},\"image\":{\"@id\":\"https:\\\/\\\/fit360.ee\\\/en\\\/pood\\\/product-groups\\\/amino-acids-bcaa\\\/beta-alanine-en\\\/beta-alanine-300g\\\/#primaryimage\"},\"thumbnailUrl\":\"https:\\\/\\\/fit360.ee\\\/wp-content\\\/uploads\\\/2016\\\/06\\\/beta-alanine-fit360.ee_.png\",\"datePublished\":\"2016-06-09T13:51:20+00:00\",\"dateModified\":\"2025-12-11T18:08:20+00:00\",\"description\":\"Beta Alanine sisaldab puhtaima kvaliteediga beeta alaniini.\u00a0Toote peamine eesm\u00e4rk on hoida \u00e4ra enneaegset v\u00e4simust ja abistada lihasmassi ehitamisel.\",\"breadcrumb\":{\"@id\":\"https:\\\/\\\/fit360.ee\\\/en\\\/pood\\\/product-groups\\\/amino-acids-bcaa\\\/beta-alanine-en\\\/beta-alanine-300g\\\/#breadcrumb\"},\"inLanguage\":\"en-US\",\"potentialAction\":[{\"@type\":\"ReadAction\",\"target\":[\"https:\\\/\\\/fit360.ee\\\/en\\\/pood\\\/product-groups\\\/amino-acids-bcaa\\\/beta-alanine-en\\\/beta-alanine-300g\\\/\"]}]},{\"@type\":\"ImageObject\",\"inLanguage\":\"en-US\",\"@id\":\"https:\\\/\\\/fit360.ee\\\/en\\\/pood\\\/product-groups\\\/amino-acids-bcaa\\\/beta-alanine-en\\\/beta-alanine-300g\\\/#primaryimage\",\"url\":\"https:\\\/\\\/fit360.ee\\\/wp-content\\\/uploads\\\/2016\\\/06\\\/beta-alanine-fit360.ee_.png\",\"contentUrl\":\"https:\\\/\\\/fit360.ee\\\/wp-content\\\/uploads\\\/2016\\\/06\\\/beta-alanine-fit360.ee_.png\",\"width\":600,\"height\":600,\"caption\":\"beta alanine - fit360.ee\"},{\"@type\":\"BreadcrumbList\",\"@id\":\"https:\\\/\\\/fit360.ee\\\/en\\\/pood\\\/product-groups\\\/amino-acids-bcaa\\\/beta-alanine-en\\\/beta-alanine-300g\\\/#breadcrumb\",\"itemListElement\":[{\"@type\":\"ListItem\",\"position\":1,\"name\":\"Home\",\"item\":\"https:\\\/\\\/fit360.ee\\\/en\\\/\"},{\"@type\":\"ListItem\",\"position\":2,\"name\":\"Shop\",\"item\":\"https:\\\/\\\/fit360.ee\\\/en\\\/shop\\\/\"},{\"@type\":\"ListItem\",\"position\":3,\"name\":\"Beta Alanine (300g)\"}]},{\"@type\":\"WebSite\",\"@id\":\"https:\\\/\\\/fit360.ee\\\/en\\\/#website\",\"url\":\"https:\\\/\\\/fit360.ee\\\/en\\\/\",\"name\":\"Fit360\",\"description\":\"\",\"publisher\":{\"@id\":\"https:\\\/\\\/fit360.ee\\\/en\\\/#organization\"},\"potentialAction\":[{\"@type\":\"SearchAction\",\"target\":{\"@type\":\"EntryPoint\",\"urlTemplate\":\"https:\\\/\\\/fit360.ee\\\/en\\\/?s={search_term_string}\"},\"query-input\":{\"@type\":\"PropertyValueSpecification\",\"valueRequired\":true,\"valueName\":\"search_term_string\"}}],\"inLanguage\":\"en-US\"},{\"@type\":\"Organization\",\"@id\":\"https:\\\/\\\/fit360.ee\\\/en\\\/#organization\",\"name\":\"Fit360\",\"url\":\"https:\\\/\\\/fit360.ee\\\/en\\\/\",\"logo\":{\"@type\":\"ImageObject\",\"inLanguage\":\"en-US\",\"@id\":\"https:\\\/\\\/fit360.ee\\\/en\\\/#\\\/schema\\\/logo\\\/image\\\/\",\"url\":\"https:\\\/\\\/fit360.ee\\\/wp-content\\\/uploads\\\/2017\\\/01\\\/logo-fit360.png\",\"contentUrl\":\"https:\\\/\\\/fit360.ee\\\/wp-content\\\/uploads\\\/2017\\\/01\\\/logo-fit360.png\",\"width\":180,\"height\":66,\"caption\":\"Fit360\"},\"image\":{\"@id\":\"https:\\\/\\\/fit360.ee\\\/en\\\/#\\\/schema\\\/logo\\\/image\\\/\"}}]}<\/script>\n<!-- \/ Yoast SEO plugin. -->","yoast_head_json":{"title":"Beta Alanine (300g) - Aminohapped - Beeta-Alaniin - Kiire tarne: 1-3 p\u00e4eva","description":"Beta Alanine sisaldab puhtaima kvaliteediga beeta alaniini.\u00a0Toote peamine eesm\u00e4rk on hoida \u00e4ra enneaegset v\u00e4simust ja abistada lihasmassi ehitamisel.","robots":{"index":"index","follow":"follow","max-snippet":"max-snippet:-1","max-image-preview":"max-image-preview:large","max-video-preview":"max-video-preview:-1"},"canonical":"https:\/\/fit360.ee\/en\/pood\/product-groups\/amino-acids-bcaa\/beta-alanine-en\/beta-alanine-300g\/","og_locale":"en_US","og_type":"article","og_title":"Beta Alanine (300g) - Aminohapped - Beeta-Alaniin - Kiire tarne: 1-3 p\u00e4eva","og_description":"Beta Alanine sisaldab puhtaima kvaliteediga beeta alaniini.\u00a0Toote peamine eesm\u00e4rk on hoida \u00e4ra enneaegset v\u00e4simust ja abistada lihasmassi ehitamisel.","og_url":"https:\/\/fit360.ee\/en\/pood\/product-groups\/amino-acids-bcaa\/beta-alanine-en\/beta-alanine-300g\/","og_site_name":"Fit360","article_modified_time":"2025-12-11T18:08:20+00:00","og_image":[{"width":600,"height":600,"url":"https:\/\/fit360.ee\/wp-content\/uploads\/2016\/06\/beta-alanine-fit360.ee_.png","type":"image\/png"}],"twitter_card":"summary_large_image","schema":{"@context":"https:\/\/schema.org","@graph":[{"@type":"WebPage","@id":"https:\/\/fit360.ee\/en\/pood\/product-groups\/amino-acids-bcaa\/beta-alanine-en\/beta-alanine-300g\/","url":"https:\/\/fit360.ee\/en\/pood\/product-groups\/amino-acids-bcaa\/beta-alanine-en\/beta-alanine-300g\/","name":"Beta Alanine (300g) - Aminohapped - Beeta-Alaniin - Kiire tarne: 1-3 p\u00e4eva","isPartOf":{"@id":"https:\/\/fit360.ee\/en\/#website"},"primaryImageOfPage":{"@id":"https:\/\/fit360.ee\/en\/pood\/product-groups\/amino-acids-bcaa\/beta-alanine-en\/beta-alanine-300g\/#primaryimage"},"image":{"@id":"https:\/\/fit360.ee\/en\/pood\/product-groups\/amino-acids-bcaa\/beta-alanine-en\/beta-alanine-300g\/#primaryimage"},"thumbnailUrl":"https:\/\/fit360.ee\/wp-content\/uploads\/2016\/06\/beta-alanine-fit360.ee_.png","datePublished":"2016-06-09T13:51:20+00:00","dateModified":"2025-12-11T18:08:20+00:00","description":"Beta Alanine sisaldab puhtaima kvaliteediga beeta alaniini.\u00a0Toote peamine eesm\u00e4rk on hoida \u00e4ra enneaegset v\u00e4simust ja abistada lihasmassi ehitamisel.","breadcrumb":{"@id":"https:\/\/fit360.ee\/en\/pood\/product-groups\/amino-acids-bcaa\/beta-alanine-en\/beta-alanine-300g\/#breadcrumb"},"inLanguage":"en-US","potentialAction":[{"@type":"ReadAction","target":["https:\/\/fit360.ee\/en\/pood\/product-groups\/amino-acids-bcaa\/beta-alanine-en\/beta-alanine-300g\/"]}]},{"@type":"ImageObject","inLanguage":"en-US","@id":"https:\/\/fit360.ee\/en\/pood\/product-groups\/amino-acids-bcaa\/beta-alanine-en\/beta-alanine-300g\/#primaryimage","url":"https:\/\/fit360.ee\/wp-content\/uploads\/2016\/06\/beta-alanine-fit360.ee_.png","contentUrl":"https:\/\/fit360.ee\/wp-content\/uploads\/2016\/06\/beta-alanine-fit360.ee_.png","width":600,"height":600,"caption":"beta alanine - fit360.ee"},{"@type":"BreadcrumbList","@id":"https:\/\/fit360.ee\/en\/pood\/product-groups\/amino-acids-bcaa\/beta-alanine-en\/beta-alanine-300g\/#breadcrumb","itemListElement":[{"@type":"ListItem","position":1,"name":"Home","item":"https:\/\/fit360.ee\/en\/"},{"@type":"ListItem","position":2,"name":"Shop","item":"https:\/\/fit360.ee\/en\/shop\/"},{"@type":"ListItem","position":3,"name":"Beta Alanine (300g)"}]},{"@type":"WebSite","@id":"https:\/\/fit360.ee\/en\/#website","url":"https:\/\/fit360.ee\/en\/","name":"Fit360","description":"","publisher":{"@id":"https:\/\/fit360.ee\/en\/#organization"},"potentialAction":[{"@type":"SearchAction","target":{"@type":"EntryPoint","urlTemplate":"https:\/\/fit360.ee\/en\/?s={search_term_string}"},"query-input":{"@type":"PropertyValueSpecification","valueRequired":true,"valueName":"search_term_string"}}],"inLanguage":"en-US"},{"@type":"Organization","@id":"https:\/\/fit360.ee\/en\/#organization","name":"Fit360","url":"https:\/\/fit360.ee\/en\/","logo":{"@type":"ImageObject","inLanguage":"en-US","@id":"https:\/\/fit360.ee\/en\/#\/schema\/logo\/image\/","url":"https:\/\/fit360.ee\/wp-content\/uploads\/2017\/01\/logo-fit360.png","contentUrl":"https:\/\/fit360.ee\/wp-content\/uploads\/2017\/01\/logo-fit360.png","width":180,"height":66,"caption":"Fit360"},"image":{"@id":"https:\/\/fit360.ee\/en\/#\/schema\/logo\/image\/"}}]}},"_links":{"self":[{"href":"https:\/\/fit360.ee\/en\/wp-json\/wp\/v2\/product\/9965","targetHints":{"allow":["GET"]}}],"collection":[{"href":"https:\/\/fit360.ee\/en\/wp-json\/wp\/v2\/product"}],"about":[{"href":"https:\/\/fit360.ee\/en\/wp-json\/wp\/v2\/types\/product"}],"replies":[{"embeddable":true,"href":"https:\/\/fit360.ee\/en\/wp-json\/wp\/v2\/comments?post=9965"}],"wp:featuredmedia":[{"embeddable":true,"href":"https:\/\/fit360.ee\/en\/wp-json\/wp\/v2\/media\/63850"}],"wp:attachment":[{"href":"https:\/\/fit360.ee\/en\/wp-json\/wp\/v2\/media?parent=9965"}],"wp:term":[{"taxonomy":"product_brand","embeddable":true,"href":"https:\/\/fit360.ee\/en\/wp-json\/wp\/v2\/product_brand?post=9965"},{"taxonomy":"product_cat","embeddable":true,"href":"https:\/\/fit360.ee\/en\/wp-json\/wp\/v2\/product_cat?post=9965"},{"taxonomy":"product_tag","embeddable":true,"href":"https:\/\/fit360.ee\/en\/wp-json\/wp\/v2\/product_tag?post=9965"},{"taxonomy":"giftcard-category","embeddable":true,"href":"https:\/\/fit360.ee\/en\/wp-json\/wp\/v2\/giftcard-category?post=9965"}],"curies":[{"name":"wp","href":"https:\/\/api.w.org\/{rel}","templated":true}]}}