{"id":9978,"date":"2016-06-09T15:38:03","date_gmt":"2016-06-09T13:38:03","guid":{"rendered":"https:\/\/fit360.ee\/shop\/maaratlemata\/aakg-150-caps\/"},"modified":"2022-09-17T05:43:57","modified_gmt":"2022-09-17T03:43:57","slug":"aakg-150-caps","status":"publish","type":"product","link":"https:\/\/fit360.ee\/en\/pood\/product-groups\/amino-acids-bcaa\/l-arginine-en\/aakg-150-caps\/","title":{"rendered":"AAKG (150 caps)"},"content":{"rendered":"<p><strong>Ingredients:<\/strong> L-Arginine Alpha Ketoglutarate (AAKG), Gelatine (capsule), Water (capsule), Titanium dioxide (colourant).<\/p>\n<p><strong>Directions for use:<\/strong> take 1 serving \u2013 4\u00a0tablets a day. Do not exceed the maximum of 1 serving daily.<\/p>\n<p><strong>Storage:<\/strong> Store in a cool dry place, keep away from direct light<\/p>\n<p><strong>Package contents:<\/strong> 150 tablets &#8211;\u00a037 servings<\/p>\n<table style=\"height: 131px;\" width=\"496\">\n<tbody>\n<tr>\n<td style=\"width: 138.021px;\"><strong>Active ingredients<\/strong><\/td>\n<td style=\"width: 76.9097px;\"><strong>\u00a01 tablet<\/strong><\/td>\n<td style=\"width: 73.5764px;\"><strong>%RDA<\/strong><\/td>\n<td style=\"width: 102.465px;\"><strong>1 serving<\/strong><br \/>\n<strong>(4 tablets)<\/strong><\/td>\n<td style=\"width: 74.6875px;\"><strong>%RDA<\/strong><\/td>\n<\/tr>\n<tr>\n<td style=\"width: 138.021px;\">alfa-ketoglutarate of L-arginine<\/td>\n<td style=\"width: 76.9097px;\">1250 mg<\/td>\n<td style=\"width: 73.5764px;\">**<\/td>\n<td style=\"width: 102.465px;\">5000 mg<\/td>\n<td style=\"width: 74.6875px;\">**<\/td>\n<\/tr>\n<\/tbody>\n<\/table>\n<p>%RDA \u2013 Recommended Daily Allowance, ** \u2013 RDA not established.<\/p>\n","protected":false},"excerpt":{"rendered":"<p><strong>AAKG caps:<\/strong><\/p>\n<ul>\n<li>Increase the secretion of the nitrogen oxide (NO)<\/li>\n<li>Improve the effects of the mass muscle training<\/li>\n<li>Achieve the perfect muscle pump<\/li>\n<li>Deliver to muscles much bigger amount of nutrition components<\/li>\n<li>Get the greater strength and training endurance<\/li>\n<li>Speed up the regeneration after training<\/li>\n<\/ul>\n<p><strong>AAKG Real Pharm<\/strong> is the best way for increasing the blood inflow to muscles and maintenance at the appropriate level the secretion of compounds which are crucial for the increase in the mass muscle. Our product does not contain any additives \u2013 this is clear \u03b1 \u2013 ketoglutaran arginine, which will help You achieve each training aim!<\/p>\n<p><strong>AAKG Real Pharm<\/strong> is the best quality powdered \u03b1 \u2013 ketoglutaran L-arginine and you can prepare with it a nutritious and delicious drink. Thanks to the optimal dose of L-arginine you will feel the fast and strong muscle pump effect and improve your training efficiency!<\/p>\n","protected":false},"featured_media":28752,"comment_status":"open","ping_status":"closed","template":"","meta":[],"product_brand":[],"product_cat":[520,2311,533,515],"product_tag":[],"giftcard-category":[],"class_list":{"0":"post-9978","1":"product","2":"type-product","3":"status-publish","4":"has-post-thumbnail","6":"product_cat-amino-acids-bcaa","7":"product_cat-l-arginine-en","8":"product_cat-pre-workout-en","9":"product_cat-real-pharm","10":"pa_toidulisand-branddd-real-pharm","11":"pa_tootegruppp-amino-acidsbcaa","12":"pa_tootegruppp-l-arginiin-en","14":"first","15":"instock","16":"sale","17":"taxable","18":"shipping-taxable","19":"purchasable","20":"product-type-simple"},"yoast_head":"<!-- This site is optimized with the Yoast SEO plugin v27.3 - https:\/\/yoast.com\/product\/yoast-seo-wordpress\/ -->\n<title>AAKG (150 caps) - Arginiin - L-Arginiin - Aminohape - Kiire tarne: 1-3 p\u00e4eva<\/title>\n<meta name=\"description\" content=\"AAKG soodustab treeningul veresoonte laienemist, t\u00f5stes l\u00e4mmastikoksiidi tootmist aktiivsetes lihastes, parandades sellega j\u00f5uv\u00f5imeid ja lihaste taastumist.\" \/>\n<meta name=\"robots\" content=\"index, follow, max-snippet:-1, max-image-preview:large, max-video-preview:-1\" \/>\n<link rel=\"canonical\" href=\"https:\/\/fit360.ee\/en\/pood\/product-groups\/amino-acids-bcaa\/l-arginine-en\/aakg-150-caps\/\" \/>\n<meta property=\"og:locale\" content=\"en_US\" \/>\n<meta property=\"og:type\" content=\"article\" \/>\n<meta property=\"og:title\" content=\"AAKG (150 caps) - Arginiin - L-Arginiin - Aminohape - Kiire tarne: 1-3 p\u00e4eva\" \/>\n<meta property=\"og:description\" content=\"AAKG soodustab treeningul veresoonte laienemist, t\u00f5stes l\u00e4mmastikoksiidi tootmist aktiivsetes lihastes, parandades sellega j\u00f5uv\u00f5imeid ja lihaste taastumist.\" \/>\n<meta property=\"og:url\" content=\"https:\/\/fit360.ee\/en\/pood\/product-groups\/amino-acids-bcaa\/l-arginine-en\/aakg-150-caps\/\" \/>\n<meta property=\"og:site_name\" content=\"Fit360\" \/>\n<meta property=\"article:modified_time\" content=\"2022-09-17T03:43:57+00:00\" \/>\n<meta property=\"og:image\" content=\"https:\/\/fit360.ee\/wp-content\/uploads\/2016\/06\/real-pharm-aakg-1250mg-150-tabs.jpg\" \/>\n\t<meta property=\"og:image:width\" content=\"800\" \/>\n\t<meta property=\"og:image:height\" content=\"800\" \/>\n\t<meta property=\"og:image:type\" content=\"image\/jpeg\" \/>\n<meta name=\"twitter:card\" content=\"summary_large_image\" \/>\n<script type=\"application\/ld+json\" class=\"yoast-schema-graph\">{\"@context\":\"https:\\\/\\\/schema.org\",\"@graph\":[{\"@type\":\"WebPage\",\"@id\":\"https:\\\/\\\/fit360.ee\\\/en\\\/pood\\\/product-groups\\\/amino-acids-bcaa\\\/l-arginine-en\\\/aakg-150-caps\\\/\",\"url\":\"https:\\\/\\\/fit360.ee\\\/en\\\/pood\\\/product-groups\\\/amino-acids-bcaa\\\/l-arginine-en\\\/aakg-150-caps\\\/\",\"name\":\"AAKG (150 caps) - Arginiin - L-Arginiin - Aminohape - Kiire tarne: 1-3 p\u00e4eva\",\"isPartOf\":{\"@id\":\"https:\\\/\\\/fit360.ee\\\/en\\\/#website\"},\"primaryImageOfPage\":{\"@id\":\"https:\\\/\\\/fit360.ee\\\/en\\\/pood\\\/product-groups\\\/amino-acids-bcaa\\\/l-arginine-en\\\/aakg-150-caps\\\/#primaryimage\"},\"image\":{\"@id\":\"https:\\\/\\\/fit360.ee\\\/en\\\/pood\\\/product-groups\\\/amino-acids-bcaa\\\/l-arginine-en\\\/aakg-150-caps\\\/#primaryimage\"},\"thumbnailUrl\":\"https:\\\/\\\/fit360.ee\\\/wp-content\\\/uploads\\\/2016\\\/06\\\/real-pharm-aakg-1250mg-150-tabs.jpg\",\"datePublished\":\"2016-06-09T13:38:03+00:00\",\"dateModified\":\"2022-09-17T03:43:57+00:00\",\"description\":\"AAKG soodustab treeningul veresoonte laienemist, t\u00f5stes l\u00e4mmastikoksiidi tootmist aktiivsetes lihastes, parandades sellega j\u00f5uv\u00f5imeid ja lihaste taastumist.\",\"breadcrumb\":{\"@id\":\"https:\\\/\\\/fit360.ee\\\/en\\\/pood\\\/product-groups\\\/amino-acids-bcaa\\\/l-arginine-en\\\/aakg-150-caps\\\/#breadcrumb\"},\"inLanguage\":\"en-US\",\"potentialAction\":[{\"@type\":\"ReadAction\",\"target\":[\"https:\\\/\\\/fit360.ee\\\/en\\\/pood\\\/product-groups\\\/amino-acids-bcaa\\\/l-arginine-en\\\/aakg-150-caps\\\/\"]}]},{\"@type\":\"ImageObject\",\"inLanguage\":\"en-US\",\"@id\":\"https:\\\/\\\/fit360.ee\\\/en\\\/pood\\\/product-groups\\\/amino-acids-bcaa\\\/l-arginine-en\\\/aakg-150-caps\\\/#primaryimage\",\"url\":\"https:\\\/\\\/fit360.ee\\\/wp-content\\\/uploads\\\/2016\\\/06\\\/real-pharm-aakg-1250mg-150-tabs.jpg\",\"contentUrl\":\"https:\\\/\\\/fit360.ee\\\/wp-content\\\/uploads\\\/2016\\\/06\\\/real-pharm-aakg-1250mg-150-tabs.jpg\",\"width\":800,\"height\":800,\"caption\":\"aakg Arginiini tabletid - fit360.ee\"},{\"@type\":\"BreadcrumbList\",\"@id\":\"https:\\\/\\\/fit360.ee\\\/en\\\/pood\\\/product-groups\\\/amino-acids-bcaa\\\/l-arginine-en\\\/aakg-150-caps\\\/#breadcrumb\",\"itemListElement\":[{\"@type\":\"ListItem\",\"position\":1,\"name\":\"Home\",\"item\":\"https:\\\/\\\/fit360.ee\\\/en\\\/\"},{\"@type\":\"ListItem\",\"position\":2,\"name\":\"Shop\",\"item\":\"https:\\\/\\\/fit360.ee\\\/en\\\/shop\\\/\"},{\"@type\":\"ListItem\",\"position\":3,\"name\":\"AAKG (150 caps)\"}]},{\"@type\":\"WebSite\",\"@id\":\"https:\\\/\\\/fit360.ee\\\/en\\\/#website\",\"url\":\"https:\\\/\\\/fit360.ee\\\/en\\\/\",\"name\":\"Fit360\",\"description\":\"\",\"publisher\":{\"@id\":\"https:\\\/\\\/fit360.ee\\\/en\\\/#organization\"},\"potentialAction\":[{\"@type\":\"SearchAction\",\"target\":{\"@type\":\"EntryPoint\",\"urlTemplate\":\"https:\\\/\\\/fit360.ee\\\/en\\\/?s={search_term_string}\"},\"query-input\":{\"@type\":\"PropertyValueSpecification\",\"valueRequired\":true,\"valueName\":\"search_term_string\"}}],\"inLanguage\":\"en-US\"},{\"@type\":\"Organization\",\"@id\":\"https:\\\/\\\/fit360.ee\\\/en\\\/#organization\",\"name\":\"Fit360\",\"url\":\"https:\\\/\\\/fit360.ee\\\/en\\\/\",\"logo\":{\"@type\":\"ImageObject\",\"inLanguage\":\"en-US\",\"@id\":\"https:\\\/\\\/fit360.ee\\\/en\\\/#\\\/schema\\\/logo\\\/image\\\/\",\"url\":\"https:\\\/\\\/fit360.ee\\\/wp-content\\\/uploads\\\/2017\\\/01\\\/logo-fit360.png\",\"contentUrl\":\"https:\\\/\\\/fit360.ee\\\/wp-content\\\/uploads\\\/2017\\\/01\\\/logo-fit360.png\",\"width\":180,\"height\":66,\"caption\":\"Fit360\"},\"image\":{\"@id\":\"https:\\\/\\\/fit360.ee\\\/en\\\/#\\\/schema\\\/logo\\\/image\\\/\"}}]}<\/script>\n<!-- \/ Yoast SEO plugin. -->","yoast_head_json":{"title":"AAKG (150 caps) - Arginiin - L-Arginiin - Aminohape - Kiire tarne: 1-3 p\u00e4eva","description":"AAKG soodustab treeningul veresoonte laienemist, t\u00f5stes l\u00e4mmastikoksiidi tootmist aktiivsetes lihastes, parandades sellega j\u00f5uv\u00f5imeid ja lihaste taastumist.","robots":{"index":"index","follow":"follow","max-snippet":"max-snippet:-1","max-image-preview":"max-image-preview:large","max-video-preview":"max-video-preview:-1"},"canonical":"https:\/\/fit360.ee\/en\/pood\/product-groups\/amino-acids-bcaa\/l-arginine-en\/aakg-150-caps\/","og_locale":"en_US","og_type":"article","og_title":"AAKG (150 caps) - Arginiin - L-Arginiin - Aminohape - Kiire tarne: 1-3 p\u00e4eva","og_description":"AAKG soodustab treeningul veresoonte laienemist, t\u00f5stes l\u00e4mmastikoksiidi tootmist aktiivsetes lihastes, parandades sellega j\u00f5uv\u00f5imeid ja lihaste taastumist.","og_url":"https:\/\/fit360.ee\/en\/pood\/product-groups\/amino-acids-bcaa\/l-arginine-en\/aakg-150-caps\/","og_site_name":"Fit360","article_modified_time":"2022-09-17T03:43:57+00:00","og_image":[{"width":800,"height":800,"url":"https:\/\/fit360.ee\/wp-content\/uploads\/2016\/06\/real-pharm-aakg-1250mg-150-tabs.jpg","type":"image\/jpeg"}],"twitter_card":"summary_large_image","schema":{"@context":"https:\/\/schema.org","@graph":[{"@type":"WebPage","@id":"https:\/\/fit360.ee\/en\/pood\/product-groups\/amino-acids-bcaa\/l-arginine-en\/aakg-150-caps\/","url":"https:\/\/fit360.ee\/en\/pood\/product-groups\/amino-acids-bcaa\/l-arginine-en\/aakg-150-caps\/","name":"AAKG (150 caps) - Arginiin - L-Arginiin - Aminohape - Kiire tarne: 1-3 p\u00e4eva","isPartOf":{"@id":"https:\/\/fit360.ee\/en\/#website"},"primaryImageOfPage":{"@id":"https:\/\/fit360.ee\/en\/pood\/product-groups\/amino-acids-bcaa\/l-arginine-en\/aakg-150-caps\/#primaryimage"},"image":{"@id":"https:\/\/fit360.ee\/en\/pood\/product-groups\/amino-acids-bcaa\/l-arginine-en\/aakg-150-caps\/#primaryimage"},"thumbnailUrl":"https:\/\/fit360.ee\/wp-content\/uploads\/2016\/06\/real-pharm-aakg-1250mg-150-tabs.jpg","datePublished":"2016-06-09T13:38:03+00:00","dateModified":"2022-09-17T03:43:57+00:00","description":"AAKG soodustab treeningul veresoonte laienemist, t\u00f5stes l\u00e4mmastikoksiidi tootmist aktiivsetes lihastes, parandades sellega j\u00f5uv\u00f5imeid ja lihaste taastumist.","breadcrumb":{"@id":"https:\/\/fit360.ee\/en\/pood\/product-groups\/amino-acids-bcaa\/l-arginine-en\/aakg-150-caps\/#breadcrumb"},"inLanguage":"en-US","potentialAction":[{"@type":"ReadAction","target":["https:\/\/fit360.ee\/en\/pood\/product-groups\/amino-acids-bcaa\/l-arginine-en\/aakg-150-caps\/"]}]},{"@type":"ImageObject","inLanguage":"en-US","@id":"https:\/\/fit360.ee\/en\/pood\/product-groups\/amino-acids-bcaa\/l-arginine-en\/aakg-150-caps\/#primaryimage","url":"https:\/\/fit360.ee\/wp-content\/uploads\/2016\/06\/real-pharm-aakg-1250mg-150-tabs.jpg","contentUrl":"https:\/\/fit360.ee\/wp-content\/uploads\/2016\/06\/real-pharm-aakg-1250mg-150-tabs.jpg","width":800,"height":800,"caption":"aakg Arginiini tabletid - fit360.ee"},{"@type":"BreadcrumbList","@id":"https:\/\/fit360.ee\/en\/pood\/product-groups\/amino-acids-bcaa\/l-arginine-en\/aakg-150-caps\/#breadcrumb","itemListElement":[{"@type":"ListItem","position":1,"name":"Home","item":"https:\/\/fit360.ee\/en\/"},{"@type":"ListItem","position":2,"name":"Shop","item":"https:\/\/fit360.ee\/en\/shop\/"},{"@type":"ListItem","position":3,"name":"AAKG (150 caps)"}]},{"@type":"WebSite","@id":"https:\/\/fit360.ee\/en\/#website","url":"https:\/\/fit360.ee\/en\/","name":"Fit360","description":"","publisher":{"@id":"https:\/\/fit360.ee\/en\/#organization"},"potentialAction":[{"@type":"SearchAction","target":{"@type":"EntryPoint","urlTemplate":"https:\/\/fit360.ee\/en\/?s={search_term_string}"},"query-input":{"@type":"PropertyValueSpecification","valueRequired":true,"valueName":"search_term_string"}}],"inLanguage":"en-US"},{"@type":"Organization","@id":"https:\/\/fit360.ee\/en\/#organization","name":"Fit360","url":"https:\/\/fit360.ee\/en\/","logo":{"@type":"ImageObject","inLanguage":"en-US","@id":"https:\/\/fit360.ee\/en\/#\/schema\/logo\/image\/","url":"https:\/\/fit360.ee\/wp-content\/uploads\/2017\/01\/logo-fit360.png","contentUrl":"https:\/\/fit360.ee\/wp-content\/uploads\/2017\/01\/logo-fit360.png","width":180,"height":66,"caption":"Fit360"},"image":{"@id":"https:\/\/fit360.ee\/en\/#\/schema\/logo\/image\/"}}]}},"_links":{"self":[{"href":"https:\/\/fit360.ee\/en\/wp-json\/wp\/v2\/product\/9978","targetHints":{"allow":["GET"]}}],"collection":[{"href":"https:\/\/fit360.ee\/en\/wp-json\/wp\/v2\/product"}],"about":[{"href":"https:\/\/fit360.ee\/en\/wp-json\/wp\/v2\/types\/product"}],"replies":[{"embeddable":true,"href":"https:\/\/fit360.ee\/en\/wp-json\/wp\/v2\/comments?post=9978"}],"wp:featuredmedia":[{"embeddable":true,"href":"https:\/\/fit360.ee\/en\/wp-json\/wp\/v2\/media\/28752"}],"wp:attachment":[{"href":"https:\/\/fit360.ee\/en\/wp-json\/wp\/v2\/media?parent=9978"}],"wp:term":[{"taxonomy":"product_brand","embeddable":true,"href":"https:\/\/fit360.ee\/en\/wp-json\/wp\/v2\/product_brand?post=9978"},{"taxonomy":"product_cat","embeddable":true,"href":"https:\/\/fit360.ee\/en\/wp-json\/wp\/v2\/product_cat?post=9978"},{"taxonomy":"product_tag","embeddable":true,"href":"https:\/\/fit360.ee\/en\/wp-json\/wp\/v2\/product_tag?post=9978"},{"taxonomy":"giftcard-category","embeddable":true,"href":"https:\/\/fit360.ee\/en\/wp-json\/wp\/v2\/giftcard-category?post=9978"}],"curies":[{"name":"wp","href":"https:\/\/api.w.org\/{rel}","templated":true}]}}